{"id":20889,"date":"2024-09-16T12:31:46","date_gmt":"2024-09-16T10:31:46","guid":{"rendered":"http:\/\/gvshalph.pro-linuxpl.com\/ironskyprodukty\/produkt\/pakiet-aktualizacyjny-dji-terra-pro-na-1-rok-1-urzadzenie\/"},"modified":"2026-03-05T15:49:19","modified_gmt":"2026-03-05T14:49:19","slug":"pakiet-aktualizacyjny-dji-terra-pro-na-1-rok-1-urzadzenie","status":"publish","type":"product","link":"https:\/\/ironsky.pl\/sklep\/produkt\/pakiet-aktualizacyjny-dji-terra-pro-na-1-rok-1-urzadzenie\/","title":{"rendered":"Pakiet aktualizacyjny DJI Terra Pro na 1 rok (1 urz\u0105dzenie)"},"content":{"rendered":"<h3>Pakiet aktualizacyjny DJI Terra Pro na 1 rok (DJI Terra Pro do\u017cywotnia &#8211; 1 urz\u0105dzenie online)<\/h3>\n<p>Uzyskaj mo\u017cliwo\u015b\u0107 aktualizacji oprogramowania DJI Terra przez dodatkowy rok na jednym urz\u0105dzeniu zapewniaj\u0105c sobie pe\u0142ny rok aktualizacji od daty pierwszej aktywacji oprogramowania DJI Terra Pro na licencji do\u017cywotniej Online.<\/p>\n<h3>Nale\u017cy pami\u0119ta\u0107 o nast\u0119puj\u0105cych zasadach i ograniczeniach<\/h3>\n<ul>\n<li>je\u017celi u\u017cytkownik po zako\u0144czeniu czasu trwania rocznego pakietu aktualizacji w dalszym ci\u0105gu chce otrzymywa\u0107 aktualizacj\u0119 to b\u0119dzie si\u0119 to wi\u0105za\u0142o z konieczno\u015bci\u0105 wykupienia pakietu aktualizacyjnego na kolejny rok.<\/li>\n<li>ka\u017cdy rok przerwy w aktualizacjach, a nast\u0119pnie powr\u00f3t do pakietu aktualizacyjnego wi\u0105\u017ce si\u0119 z uiszczeniem rocznej op\u0142aty za ka\u017cdy rok zw\u0142oki. Przyk\u0142adowo je\u015bli u\u017cytkownik zdecyduje si\u0119 na aktywacj\u0119 pakietu aktualizuj\u0105cego 2 lata po wyga\u015bni\u0119ciu pierwszego pakietu, to b\u0119dzie si\u0119 to wi\u0105za\u0142o z zakupem dw\u00f3ch pakiet\u00f3w aktualizacyjnych (jeden za rok przerwy, i drugi za rok bie\u017c\u0105cy)<\/li>\n<li>u\u017cytkownik jest uprawniony do pobierania dowolnej wersji oprogramowania wydanej w trakcie trwania okresu pakietu aktualizacyjnego.<\/li>\n<li>data pierwszego powi\u0105zania oprogramowania Terra z urz\u0105dzeniem u\u017cytkownika pozostaje niezmieniona, nawet w przypadku od\u0142\u0105czenia i ponownego powi\u0105zania licencji.<\/li>\n<li>je\u015bli u\u017cytkownik pobierze p\u0142atne funkcje oprogramowanie w okresie trwania pakietu aktualizacyjnego i w kolejnym roku nie wykupi kolejnego pakietu aktualizacyjnego, wszelkie funkcje wersji p\u0142atnej zostan\u0105 wy\u0142\u0105czone, ale u\u017cytkownik w dalszym ci\u0105gu mo\u017ce korzysta\u0107 z wszelkich dost\u0119pnych funkcji dost\u0119pnych w ramach licencji oprogramowania DJI Terra Pro.<\/li>\n<\/ul>\n<p>\u00a0<\/p>\n","protected":false},"excerpt":{"rendered":"<p>Pakiet aktualizacyjny DJI Terra Pro na 1 rok (DJI Terra Pro do\u017cywotnia &#8211; 1 urz\u0105dzenie online) Uzyskaj mo\u017cliwo\u015b\u0107 aktualizacji oprogramowania<\/p>\n","protected":false},"featured_media":20890,"comment_status":"closed","ping_status":"open","template":"","meta":{"_acf_changed":false},"product_brand":[],"product_cat":[5682,1088,1101],"product_tag":[],"class_list":{"0":"post-20889","1":"product","2":"type-product","3":"status-publish","4":"has-post-thumbnail","6":"product_cat-dji-terra","7":"product_cat-drony","8":"product_cat-oprogramowanie-do-dronow","9":"pa_gross-weight-1706","10":"pa_net-weight-1373","12":"first","13":"outofstock","14":"taxable","15":"shipping-taxable","16":"purchasable","17":"product-type-simple"},"acf":[],"yoast_head":"<!-- This site is optimized with the Yoast SEO plugin v27.2 - https:\/\/yoast.com\/product\/yoast-seo-wordpress\/ -->\n<title>Pakiet aktualizacyjny DJI Terra Pro na 1 rok (1 urz\u0105dzenie) - IRONSKY.PL Sklep z Dronami<\/title>\n<meta name=\"description\" content=\"Pakiet aktualizacyjny DJI Terra Pro na 1 rok (1 urz\u0105dzenie) - \u2705 sklep z dronami i fachowym doradztwem. \u2705 Tutaj kupisz produkty DJI, Yuneec, Parrot, Syma i wiele innych, a tak\u017ce kursy i licencje na operatora drona.\" \/>\n<meta name=\"robots\" content=\"index, follow, max-snippet:-1, max-image-preview:large, max-video-preview:-1\" \/>\n<link rel=\"canonical\" href=\"https:\/\/ironsky.pl\/sklep\/produkt\/pakiet-aktualizacyjny-dji-terra-pro-na-1-rok-1-urzadzenie\/\" \/>\n<meta property=\"og:locale\" content=\"pl_PL\" \/>\n<meta property=\"og:type\" content=\"article\" \/>\n<meta property=\"og:title\" content=\"Pakiet aktualizacyjny DJI Terra Pro na 1 rok (1 urz\u0105dzenie) - IRONSKY.PL Sklep z Dronami\" \/>\n<meta property=\"og:description\" content=\"Pakiet aktualizacyjny DJI Terra Pro na 1 rok (1 urz\u0105dzenie) - \u2705 sklep z dronami i fachowym doradztwem. \u2705 Tutaj kupisz produkty DJI, Yuneec, Parrot, Syma i wiele innych, a tak\u017ce kursy i licencje na operatora drona.\" \/>\n<meta property=\"og:url\" content=\"https:\/\/ironsky.pl\/sklep\/produkt\/pakiet-aktualizacyjny-dji-terra-pro-na-1-rok-1-urzadzenie\/\" \/>\n<meta property=\"og:site_name\" content=\"IRONSKY.PL Sklep z Dronami\" \/>\n<meta property=\"article:modified_time\" content=\"2026-03-05T14:49:19+00:00\" \/>\n<meta property=\"og:image\" content=\"https:\/\/ironsky.pl\/sklep\/wp-content\/uploads\/2024\/09\/37517_1.jpg\" \/>\n\t<meta property=\"og:image:width\" content=\"800\" \/>\n\t<meta property=\"og:image:height\" content=\"800\" \/>\n\t<meta property=\"og:image:type\" content=\"image\/jpeg\" \/>\n<meta name=\"twitter:card\" content=\"summary_large_image\" \/>\n<meta name=\"twitter:label1\" content=\"Szacowany czas czytania\" \/>\n\t<meta name=\"twitter:data1\" content=\"1 minuta\" \/>\n<script type=\"application\/ld+json\" class=\"yoast-schema-graph\">{\"@context\":\"https:\/\/schema.org\",\"@graph\":[{\"@type\":\"WebPage\",\"@id\":\"https:\/\/ironsky.pl\/sklep\/produkt\/pakiet-aktualizacyjny-dji-terra-pro-na-1-rok-1-urzadzenie\/\",\"url\":\"https:\/\/ironsky.pl\/sklep\/produkt\/pakiet-aktualizacyjny-dji-terra-pro-na-1-rok-1-urzadzenie\/\",\"name\":\"Pakiet aktualizacyjny DJI Terra Pro na 1 rok (1 urz\u0105dzenie) - IRONSKY.PL Sklep z Dronami\",\"isPartOf\":{\"@id\":\"https:\/\/ironsky.pl\/sklep\/#website\"},\"primaryImageOfPage\":{\"@id\":\"https:\/\/ironsky.pl\/sklep\/produkt\/pakiet-aktualizacyjny-dji-terra-pro-na-1-rok-1-urzadzenie\/#primaryimage\"},\"image\":{\"@id\":\"https:\/\/ironsky.pl\/sklep\/produkt\/pakiet-aktualizacyjny-dji-terra-pro-na-1-rok-1-urzadzenie\/#primaryimage\"},\"thumbnailUrl\":\"https:\/\/ironsky.pl\/sklep\/wp-content\/uploads\/2024\/09\/37517_1.jpg\",\"datePublished\":\"2024-09-16T10:31:46+00:00\",\"dateModified\":\"2026-03-05T14:49:19+00:00\",\"description\":\"Pakiet aktualizacyjny DJI Terra Pro na 1 rok (1 urz\u0105dzenie) - \u2705 sklep z dronami i fachowym doradztwem. \u2705 Tutaj kupisz produkty DJI, Yuneec, Parrot, Syma i wiele innych, a tak\u017ce kursy i licencje na operatora drona.\",\"breadcrumb\":{\"@id\":\"https:\/\/ironsky.pl\/sklep\/produkt\/pakiet-aktualizacyjny-dji-terra-pro-na-1-rok-1-urzadzenie\/#breadcrumb\"},\"inLanguage\":\"pl-PL\",\"potentialAction\":[{\"@type\":\"ReadAction\",\"target\":[\"https:\/\/ironsky.pl\/sklep\/produkt\/pakiet-aktualizacyjny-dji-terra-pro-na-1-rok-1-urzadzenie\/\"]}]},{\"@type\":\"ImageObject\",\"inLanguage\":\"pl-PL\",\"@id\":\"https:\/\/ironsky.pl\/sklep\/produkt\/pakiet-aktualizacyjny-dji-terra-pro-na-1-rok-1-urzadzenie\/#primaryimage\",\"url\":\"https:\/\/ironsky.pl\/sklep\/wp-content\/uploads\/2024\/09\/37517_1.jpg\",\"contentUrl\":\"https:\/\/ironsky.pl\/sklep\/wp-content\/uploads\/2024\/09\/37517_1.jpg\",\"width\":800,\"height\":800},{\"@type\":\"BreadcrumbList\",\"@id\":\"https:\/\/ironsky.pl\/sklep\/produkt\/pakiet-aktualizacyjny-dji-terra-pro-na-1-rok-1-urzadzenie\/#breadcrumb\",\"itemListElement\":[{\"@type\":\"ListItem\",\"position\":1,\"name\":\"Strona g\u0142\u00f3wna\",\"item\":\"https:\/\/ironsky.pl\/sklep\/\"},{\"@type\":\"ListItem\",\"position\":2,\"name\":\"Wszystkie produkty\",\"item\":\"https:\/\/ironsky.pl\/sklep\/produkty\/\"},{\"@type\":\"ListItem\",\"position\":3,\"name\":\"Pakiet aktualizacyjny DJI Terra Pro na 1 rok (1 urz\u0105dzenie)\"}]},{\"@type\":\"WebSite\",\"@id\":\"https:\/\/ironsky.pl\/sklep\/#website\",\"url\":\"https:\/\/ironsky.pl\/sklep\/\",\"name\":\"IRONSKY.PL Sklep z Dronami\",\"description\":\"IRONSKY.PL Sklep z Dronami\",\"potentialAction\":[{\"@type\":\"SearchAction\",\"target\":{\"@type\":\"EntryPoint\",\"urlTemplate\":\"https:\/\/ironsky.pl\/sklep\/?s={search_term_string}\"},\"query-input\":{\"@type\":\"PropertyValueSpecification\",\"valueRequired\":true,\"valueName\":\"search_term_string\"}}],\"inLanguage\":\"pl-PL\"}]}<\/script>\n<!-- \/ Yoast SEO plugin. -->","yoast_head_json":{"title":"Pakiet aktualizacyjny DJI Terra Pro na 1 rok (1 urz\u0105dzenie) - IRONSKY.PL Sklep z Dronami","description":"Pakiet aktualizacyjny DJI Terra Pro na 1 rok (1 urz\u0105dzenie) - \u2705 sklep z dronami i fachowym doradztwem. \u2705 Tutaj kupisz produkty DJI, Yuneec, Parrot, Syma i wiele innych, a tak\u017ce kursy i licencje na operatora drona.","robots":{"index":"index","follow":"follow","max-snippet":"max-snippet:-1","max-image-preview":"max-image-preview:large","max-video-preview":"max-video-preview:-1"},"canonical":"https:\/\/ironsky.pl\/sklep\/produkt\/pakiet-aktualizacyjny-dji-terra-pro-na-1-rok-1-urzadzenie\/","og_locale":"pl_PL","og_type":"article","og_title":"Pakiet aktualizacyjny DJI Terra Pro na 1 rok (1 urz\u0105dzenie) - IRONSKY.PL Sklep z Dronami","og_description":"Pakiet aktualizacyjny DJI Terra Pro na 1 rok (1 urz\u0105dzenie) - \u2705 sklep z dronami i fachowym doradztwem. \u2705 Tutaj kupisz produkty DJI, Yuneec, Parrot, Syma i wiele innych, a tak\u017ce kursy i licencje na operatora drona.","og_url":"https:\/\/ironsky.pl\/sklep\/produkt\/pakiet-aktualizacyjny-dji-terra-pro-na-1-rok-1-urzadzenie\/","og_site_name":"IRONSKY.PL Sklep z Dronami","article_modified_time":"2026-03-05T14:49:19+00:00","og_image":[{"width":800,"height":800,"url":"https:\/\/ironsky.pl\/sklep\/wp-content\/uploads\/2024\/09\/37517_1.jpg","type":"image\/jpeg"}],"twitter_card":"summary_large_image","twitter_misc":{"Szacowany czas czytania":"1 minuta"},"schema":{"@context":"https:\/\/schema.org","@graph":[{"@type":"WebPage","@id":"https:\/\/ironsky.pl\/sklep\/produkt\/pakiet-aktualizacyjny-dji-terra-pro-na-1-rok-1-urzadzenie\/","url":"https:\/\/ironsky.pl\/sklep\/produkt\/pakiet-aktualizacyjny-dji-terra-pro-na-1-rok-1-urzadzenie\/","name":"Pakiet aktualizacyjny DJI Terra Pro na 1 rok (1 urz\u0105dzenie) - IRONSKY.PL Sklep z Dronami","isPartOf":{"@id":"https:\/\/ironsky.pl\/sklep\/#website"},"primaryImageOfPage":{"@id":"https:\/\/ironsky.pl\/sklep\/produkt\/pakiet-aktualizacyjny-dji-terra-pro-na-1-rok-1-urzadzenie\/#primaryimage"},"image":{"@id":"https:\/\/ironsky.pl\/sklep\/produkt\/pakiet-aktualizacyjny-dji-terra-pro-na-1-rok-1-urzadzenie\/#primaryimage"},"thumbnailUrl":"https:\/\/ironsky.pl\/sklep\/wp-content\/uploads\/2024\/09\/37517_1.jpg","datePublished":"2024-09-16T10:31:46+00:00","dateModified":"2026-03-05T14:49:19+00:00","description":"Pakiet aktualizacyjny DJI Terra Pro na 1 rok (1 urz\u0105dzenie) - \u2705 sklep z dronami i fachowym doradztwem. \u2705 Tutaj kupisz produkty DJI, Yuneec, Parrot, Syma i wiele innych, a tak\u017ce kursy i licencje na operatora drona.","breadcrumb":{"@id":"https:\/\/ironsky.pl\/sklep\/produkt\/pakiet-aktualizacyjny-dji-terra-pro-na-1-rok-1-urzadzenie\/#breadcrumb"},"inLanguage":"pl-PL","potentialAction":[{"@type":"ReadAction","target":["https:\/\/ironsky.pl\/sklep\/produkt\/pakiet-aktualizacyjny-dji-terra-pro-na-1-rok-1-urzadzenie\/"]}]},{"@type":"ImageObject","inLanguage":"pl-PL","@id":"https:\/\/ironsky.pl\/sklep\/produkt\/pakiet-aktualizacyjny-dji-terra-pro-na-1-rok-1-urzadzenie\/#primaryimage","url":"https:\/\/ironsky.pl\/sklep\/wp-content\/uploads\/2024\/09\/37517_1.jpg","contentUrl":"https:\/\/ironsky.pl\/sklep\/wp-content\/uploads\/2024\/09\/37517_1.jpg","width":800,"height":800},{"@type":"BreadcrumbList","@id":"https:\/\/ironsky.pl\/sklep\/produkt\/pakiet-aktualizacyjny-dji-terra-pro-na-1-rok-1-urzadzenie\/#breadcrumb","itemListElement":[{"@type":"ListItem","position":1,"name":"Strona g\u0142\u00f3wna","item":"https:\/\/ironsky.pl\/sklep\/"},{"@type":"ListItem","position":2,"name":"Wszystkie produkty","item":"https:\/\/ironsky.pl\/sklep\/produkty\/"},{"@type":"ListItem","position":3,"name":"Pakiet aktualizacyjny DJI Terra Pro na 1 rok (1 urz\u0105dzenie)"}]},{"@type":"WebSite","@id":"https:\/\/ironsky.pl\/sklep\/#website","url":"https:\/\/ironsky.pl\/sklep\/","name":"IRONSKY.PL Sklep z Dronami","description":"IRONSKY.PL Sklep z Dronami","potentialAction":[{"@type":"SearchAction","target":{"@type":"EntryPoint","urlTemplate":"https:\/\/ironsky.pl\/sklep\/?s={search_term_string}"},"query-input":{"@type":"PropertyValueSpecification","valueRequired":true,"valueName":"search_term_string"}}],"inLanguage":"pl-PL"}]}},"_links":{"self":[{"href":"https:\/\/ironsky.pl\/sklep\/wp-json\/wp\/v2\/product\/20889","targetHints":{"allow":["GET"]}}],"collection":[{"href":"https:\/\/ironsky.pl\/sklep\/wp-json\/wp\/v2\/product"}],"about":[{"href":"https:\/\/ironsky.pl\/sklep\/wp-json\/wp\/v2\/types\/product"}],"replies":[{"embeddable":true,"href":"https:\/\/ironsky.pl\/sklep\/wp-json\/wp\/v2\/comments?post=20889"}],"wp:featuredmedia":[{"embeddable":true,"href":"https:\/\/ironsky.pl\/sklep\/wp-json\/wp\/v2\/media\/20890"}],"wp:attachment":[{"href":"https:\/\/ironsky.pl\/sklep\/wp-json\/wp\/v2\/media?parent=20889"}],"wp:term":[{"taxonomy":"product_brand","embeddable":true,"href":"https:\/\/ironsky.pl\/sklep\/wp-json\/wp\/v2\/product_brand?post=20889"},{"taxonomy":"product_cat","embeddable":true,"href":"https:\/\/ironsky.pl\/sklep\/wp-json\/wp\/v2\/product_cat?post=20889"},{"taxonomy":"product_tag","embeddable":true,"href":"https:\/\/ironsky.pl\/sklep\/wp-json\/wp\/v2\/product_tag?post=20889"}],"curies":[{"name":"wp","href":"https:\/\/api.w.org\/{rel}","templated":true}]}}