{"id":20782,"date":"2024-09-16T12:30:19","date_gmt":"2024-09-16T10:30:19","guid":{"rendered":"http:\/\/gvshalph.pro-linuxpl.com\/ironskyprodukty\/produkt\/drone-harmony-starter-1-rok\/"},"modified":"2026-03-05T15:49:15","modified_gmt":"2026-03-05T14:49:15","slug":"drone-harmony-starter-1-rok","status":"publish","type":"product","link":"https:\/\/ironsky.pl\/sklep\/produkt\/drone-harmony-starter-1-rok\/","title":{"rendered":"Drone Harmony &#8211; Starter 1 rok"},"content":{"rendered":"<p><img decoding=\"async\" src=\"https:\/\/b2b.innpro.pl\/data\/include\/cms\/enterprise\/drone-harmony\/DH-mapping-and-inspection.png?v=1701782148177\" border=\"0\" alt=\"\" width=\"100%\" height=\"NaN\" \/><\/p>\n<h3>Mapowanie i inspekcja<\/h3>\n<p>Z \u0142atwo\u015bci\u0105 mapuj kopalnie, kamienio\u0142omy, lasy i inne z\u0142o\u017cone tereny, korzystaj\u0105c z najbardziej zaawansowanych funkcji mapowania terenu na rynku. Gwarantuje doskona\u0142e wyniki mapowania nawet w najbardziej z\u0142o\u017conych topografiach, wykorzystuj\u0105c niestandardowe dane terenu do automatyzacji planowania i wykonywania lot\u00f3w.<\/p>\n<p><img decoding=\"async\" src=\"https:\/\/b2b.innpro.pl\/data\/include\/cms\/enterprise\/drone-harmony\/DH-data-acquisition.png?v=1701782148180\" border=\"0\" alt=\"\" width=\"100%\" height=\"NaN\" \/><\/p>\n<h3>Rozwi\u0105zanie do pozyskiwania danych dla inspekcji i mapowania<\/h3>\n<p>Oprogramowanie Drone Harmony do mapowania i inspekcji to kompleksowe rozwi\u0105zanie do pozyskiwania danych na potrzeby komercyjnego mapowania i inspekcji, przeznaczone dla profesjonalist\u00f3w i przedsi\u0119biorstw, kt\u00f3re chc\u0105 zmaksymalizowa\u0107 produktywno\u015b\u0107 swoich proces\u00f3w wykonywania pracy dronami. Drone Harmony oferuje w pe\u0142ni zintegrowane aplikacje internetowe i mobilne 3D, kt\u00f3re obejmuj\u0105 ka\u017cdy aspekt pozyskiwania danych, od planowania lotu po automatyzacj\u0119 lotu i przegl\u0105d danych.<\/p>\n<p><img decoding=\"async\" src=\"https:\/\/b2b.innpro.pl\/data\/include\/cms\/enterprise\/drone-harmony\/DH-complex-missions.png?v=1701782148180\" border=\"0\" alt=\"\" width=\"100%\" height=\"NaN\" \/><\/p>\n<h3>\u0141atwe planowanie z\u0142o\u017conych misji<\/h3>\n<p>Uzyskaj dost\u0119p do najpot\u0119\u017cniejszego oprogramowania do przechwytywania danych 3D z dowolnej przegl\u0105darki internetowej lub urz\u0105dzenia mobilnego, obs\u0142uguj\u0105cego wszystkie typowe przypadki mapowania i inspekcji: Geodezja, Mapowanie 2D, Mapowanie 3D, G\u00f3rnictwo, Budownictwo, Inspekcja Przemys\u0142owa, Inspekcja Solarna, Ropa i Gaz i inne. Korzystaj z najbogatszego zestawu funkcji zautomatyzowanych narz\u0119dzi w po\u0142\u0105czeniu z elastyczno\u015bci\u0105 wprowadzania dowolnych zmian w misjach lotniczych w 2D i 3D. Umo\u017cliwia p\u0142ynn\u0105 wsp\u00f3\u0142prac\u0119 mi\u0119dzy planistami, zespo\u0142ami terenowymi i in\u017cynierami danych.<\/p>\n<p><img decoding=\"async\" src=\"https:\/\/b2b.innpro.pl\/data\/include\/cms\/enterprise\/drone-harmony\/DH-fly-and-gather.png?v=1701782148178\" border=\"0\" alt=\"\" width=\"100%\" height=\"NaN\" \/><\/p>\n<h3>Lataj i zbieraj dane z pewno\u015bci\u0105 siebie<\/h3>\n<p>Zapewnij ka\u017cdemu operatorowi terenowemu mo\u017cliwo\u015b\u0107 zostania pilotem drona dzi\u0119ki bezpiecznym, zautomatyzowanym lotom dronem. Zmniejsz krzyw\u0105 uczenia si\u0119 do minimum i zyskaj akceptacj\u0119 dla swojego programu dron\u00f3w od za\u0142\u00f3g terenowych, udowadniaj\u0105c im prost\u0105 w u\u017cyciu, bezpieczn\u0105 i intuicyjn\u0105 aplikacj\u0119 do lot\u00f3w.<\/p>\n<p><img decoding=\"async\" src=\"https:\/\/b2b.innpro.pl\/data\/include\/cms\/enterprise\/drone-harmony\/DH-review-flights.png?v=1701782148177\" border=\"0\" alt=\"\" width=\"100%\" height=\"NaN\" \/><\/p>\n<h3>Przegl\u0105d lot\u00f3w i przechwyconych danych<\/h3>\n<p>Dost\u0119p do wszystkich dziennik\u00f3w lotu i plik\u00f3w metadanych obrazu po locie w aplikacji internetowej w celu uporz\u0105dkowania i podgl\u0105du przechwyconych danych. Nak\u0142adaj dane obrazu na interfejs Drone Harmony, aby uzyska\u0107 wst\u0119pny wgl\u0105d w stan zasobu i odpowiednio zaplanowa\u0107 dodatkowe przechwytywanie. Automatycznie synchronizuj dzienniki lot\u00f3w z dostawc\u0105 oprogramowania do zapewniania zgodno\u015bci.\u00a0<\/p>\n<p><img decoding=\"async\" src=\"https:\/\/b2b.innpro.pl\/data\/include\/cms\/enterprise\/drone-harmony\/DH-faster-visual-inspections.png?v=1701782148179\" border=\"0\" alt=\"\" width=\"100%\" height=\"NaN\" \/><\/p>\n<h3>Szybsze inspekcje wizualne zasob\u00f3w przemys\u0142owych<\/h3>\n<p>Oparty na scenach 3D schemat pracy Drone Harmony zapewnia najlepszy zestaw narz\u0119dzi do automatyzacji opartych na dronach inspekcji zasob\u00f3w przemys\u0142owych, takich jak budynki, silosy, hangary, d\u017awigi itp. Inspekcje oparte na dronach stanowi\u0105 bezpieczniejsz\u0105 i dok\u0142adniejsz\u0105 alternatyw\u0119 dla tradycyjnych r\u0119cznych metod kontroli wizualnej.<\/p>\n<p><img decoding=\"async\" src=\"https:\/\/b2b.innpro.pl\/data\/include\/cms\/enterprise\/drone-harmony\/DH-enhancing-inspections.png?v=1701782148179\" border=\"0\" alt=\"\" width=\"100%\" height=\"NaN\" \/><\/p>\n<h3>Drone Harmony do inspekcji linii energetycznych<\/h3>\n<p>Drone Harmony Power Scanner to platforma oprogramowania do akwizycji danych, dedykowana do przechwytywania danych ze s\u0142up\u00f3w energetycznych i linii energetycznych na du\u017c\u0105 skal\u0119. Zapewnia w pe\u0142ni zintegrowany zestaw narz\u0119dzi dla planist\u00f3w i operator\u00f3w terenowych do planowania, koordynowania i wykonywania bezpiecznych lot\u00f3w dron\u00f3w, w celu gromadzenia danych wok\u00f3\u0142 infrastruktury energetycznej. Przede wszystkim zosta\u0142a zaprojektowana z my\u015bl\u0105 o analizie danych, zapewniaj\u0105c niezr\u00f3wnane mo\u017cliwo\u015bci dostosowywania i integracji.<\/p>\n<p><img decoding=\"async\" src=\"https:\/\/b2b.innpro.pl\/data\/include\/cms\/enterprise\/drone-harmony\/1118942d5451778611f523abd2f38830.png?v=1701782598212\" border=\"0\" alt=\"\" width=\"100%\" height=\"NaN\" \/><\/p>\n<h3>Usprawnienie inspekcji zak\u0142ad\u00f3w energetycznych<\/h3>\n<p>Power Scanner to narz\u0119dzie do akwizycji danych zaprojektowane w celu osi\u0105gni\u0119cia znormalizowanego i wydajnego gromadzenia danych. Oferuje scentralizowan\u0105 kontrol\u0119 nad zarz\u0105dzaniem wzorcami lotu, rozdzielczo\u015bci\u0105 danych i metodami przechwytywania, zapewniaj\u0105c jednolite gromadzenie danych przez wszystkie za\u0142ogi terenowe. Power Scanner usprawnia pozyskiwanie danych, eliminuj\u0105c niesp\u00f3jno\u015bci i rozbie\u017cno\u015bci w zebranych informacjach. Funkcja automatycznego odniesienia \u0142\u0105czy dane z zasobami fizycznymi, u\u0142atwiaj\u0105c ich organizacj\u0119 i analiz\u0119, zapobiegaj\u0105c dezorganizacji danych i zwi\u0119kszaj\u0105c og\u00f3ln\u0105 wydajno\u015b\u0107 cyfrowych proces\u00f3w inspekcji.<\/p>\n<p><img decoding=\"async\" src=\"https:\/\/b2b.innpro.pl\/data\/include\/cms\/enterprise\/drone-harmony\/DH-efficent-and-customizable.png?v=1701782598209\" border=\"0\" alt=\"\" width=\"100%\" height=\"NaN\" \/><\/p>\n<h3>Wydajne i konfigurowalne planowanie misji<\/h3>\n<p>Planuj loty z pewno\u015bci\u0105 siebie w wizualnym interfejsie Full-3D, kt\u00f3ry poprowadzi Ci\u0119 przez ka\u017cdy etap procesu. Power Scanner generuje gotowe do lotu misje zoptymalizowane pod k\u0105tem okre\u015blonych typ\u00f3w linii energetycznych, maszt\u00f3w i wie\u017c transmisyjnych.<\/p>\n<p><img decoding=\"async\" src=\"https:\/\/b2b.innpro.pl\/data\/include\/cms\/enterprise\/drone-harmony\/DH-from-app-to-launch.png?v=1701782598208\" border=\"0\" alt=\"\" width=\"100%\" height=\"NaN\" \/><\/p>\n<h3>Od uruchomienia aplikacji do startu drona w 2 minuty<\/h3>\n<p>Aplikacja mobilna Power Scanner zosta\u0142a zaprojektowana z my\u015bl\u0105 o maksymalizacji bezpiecze\u0144stwa i wydajno\u015bci w ka\u017cdym scenariuszu. Prosta, trzystopniowa organizacja pracy jest tak \u0142atwa, jak wybranie zasob\u00f3w do sprawdzenia na mapie (s\u0142upy, linie), wybranie typu inspekcji i dotkni\u0119cie przycisku Uruchom. Jednocze\u015bnie, dla tych z\u0142o\u017conych przypadk\u00f3w, w kt\u00f3rych standardowy schemat pracy nie wystarcza, Power Scanner zapewnia ca\u0142\u0105 elastyczno\u015b\u0107 potrzebn\u0105 do wprowadzenia wszelkich wymaganych korekt w terenie: \u0142adowanie projekt\u00f3w, dodawanie przeszk\u00f3d, dostosowywanie parametr\u00f3w lotu, dostosowywanie wymaga\u0144 dotycz\u0105cych jako\u015bci.<\/p>\n<p><img decoding=\"async\" src=\"https:\/\/b2b.innpro.pl\/data\/include\/cms\/enterprise\/drone-harmony\/DH-achieving-unprecedented.png?v=1701782598212\" border=\"0\" alt=\"\" width=\"100%\" height=\"NaN\" \/><\/p>\n<h3>Niespotykana dot\u0105d szczeg\u00f3\u0142owo\u015b\u0107 obraz\u00f3w<\/h3>\n<p>Aplikacja lotu Power Scanner kalibruje si\u0119 automatycznie, aby osi\u0105gn\u0105\u0107 maksymaln\u0105 dok\u0142adno\u015b\u0107 lotu, co skutkuje ostrzejszymi i bardziej szczeg\u00f3\u0142owymi danymi obrazu ni\u017c jakiekolwiek inne oprogramowanie do inspekcji dronami. Power Scanner przejmuje pe\u0142n\u0105 kontrol\u0119 nad dronem i \u0142adunkiem, zapewniaj\u0105c idealne pozycjonowanie, k\u0105t kamery, centrowanie, ostro\u015b\u0107, migawk\u0119 i \u015bwiat\u0142o dla ka\u017cdego obrazu.<\/p>\n<p><img decoding=\"async\" src=\"https:\/\/b2b.innpro.pl\/data\/include\/cms\/enterprise\/drone-harmony\/DH-preffered-hardware.png?v=1701782598207\" border=\"0\" alt=\"\" width=\"100%\" height=\"NaN\" \/><\/p>\n<h3>Korzystaj z preferowanego sprz\u0119tu i oprogramowania<\/h3>\n<p>Drone Harmony obs\u0142uguje wszystkie profesjonalne drony DJI i niestandardowe \u0142adunki, w tym wysoce zaawansowany Phase One P3. Co wi\u0119cej, zosta\u0142 zaprojektowany do p\u0142ynnej integracji z inteligentnymi kontrolerami DJI i jest dost\u0119pny na wielu platformach. Pozwala to u\u017cytkownikom na dost\u0119p do jego zaawansowanych funkcji bez wzgl\u0119du na preferowane urz\u0105dzenie. Ale to nie wszystko &#8211; nasze oprogramowanie integruje si\u0119 r\u00f3wnie\u017c p\u0142ynnie z wiod\u0105cymi rozwi\u0105zaniami programowymi do wykrywania b\u0142\u0119d\u00f3w, fotogrametrii, adnotacji i raportowania. Wykorzystaj w pe\u0142ni wszystkie zaawansowane funkcje oferowane przez Drone Harmony, jednocze\u015bnie wykorzystuj\u0105c moc innych wiod\u0105cych w bran\u017cy rozwi\u0105za\u0144.<\/p>\n","protected":false},"excerpt":{"rendered":"<p>Mapowanie i inspekcja Z \u0142atwo\u015bci\u0105 mapuj kopalnie, kamienio\u0142omy, lasy i inne z\u0142o\u017cone tereny, korzystaj\u0105c z najbardziej zaawansowanych funkcji mapowania terenu<\/p>\n","protected":false},"featured_media":20783,"comment_status":"closed","ping_status":"open","template":"","meta":{"_acf_changed":false},"product_brand":[],"product_cat":[5683,1088,1101],"product_tag":[],"class_list":{"0":"post-20782","1":"product","2":"type-product","3":"status-publish","4":"has-post-thumbnail","6":"product_cat-drone-harmony","7":"product_cat-drony","8":"product_cat-oprogramowanie-do-dronow","10":"first","11":"outofstock","12":"taxable","13":"shipping-taxable","14":"product-type-simple"},"acf":[],"yoast_head":"<!-- This site is optimized with the Yoast SEO plugin v27.2 - https:\/\/yoast.com\/product\/yoast-seo-wordpress\/ -->\n<title>Drone Harmony - Starter 1 rok - IRONSKY.PL Sklep z Dronami<\/title>\n<meta name=\"description\" content=\"Drone Harmony - Starter 1 rok - \u2705 sklep z dronami i fachowym doradztwem. \u2705 Tutaj kupisz produkty DJI, Yuneec, Parrot, Syma i wiele innych, a tak\u017ce kursy i licencje na operatora drona.\" \/>\n<meta name=\"robots\" content=\"index, follow, max-snippet:-1, max-image-preview:large, max-video-preview:-1\" \/>\n<link rel=\"canonical\" href=\"https:\/\/ironsky.pl\/sklep\/produkt\/drone-harmony-starter-1-rok\/\" \/>\n<meta property=\"og:locale\" content=\"pl_PL\" \/>\n<meta property=\"og:type\" content=\"article\" \/>\n<meta property=\"og:title\" content=\"Drone Harmony - Starter 1 rok - IRONSKY.PL Sklep z Dronami\" \/>\n<meta property=\"og:description\" content=\"Drone Harmony - Starter 1 rok - \u2705 sklep z dronami i fachowym doradztwem. \u2705 Tutaj kupisz produkty DJI, Yuneec, Parrot, Syma i wiele innych, a tak\u017ce kursy i licencje na operatora drona.\" \/>\n<meta property=\"og:url\" content=\"https:\/\/ironsky.pl\/sklep\/produkt\/drone-harmony-starter-1-rok\/\" \/>\n<meta property=\"og:site_name\" content=\"IRONSKY.PL Sklep z Dronami\" \/>\n<meta property=\"article:modified_time\" content=\"2026-03-05T14:49:15+00:00\" \/>\n<meta property=\"og:image\" content=\"https:\/\/ironsky.pl\/sklep\/wp-content\/uploads\/2024\/09\/36473_1.jpg\" \/>\n\t<meta property=\"og:image:width\" content=\"800\" \/>\n\t<meta property=\"og:image:height\" content=\"800\" \/>\n\t<meta property=\"og:image:type\" content=\"image\/jpeg\" \/>\n<meta name=\"twitter:card\" content=\"summary_large_image\" \/>\n<meta name=\"twitter:label1\" content=\"Szacowany czas czytania\" \/>\n\t<meta name=\"twitter:data1\" content=\"5 minut\" \/>\n<script type=\"application\/ld+json\" class=\"yoast-schema-graph\">{\"@context\":\"https:\/\/schema.org\",\"@graph\":[{\"@type\":\"WebPage\",\"@id\":\"https:\/\/ironsky.pl\/sklep\/produkt\/drone-harmony-starter-1-rok\/\",\"url\":\"https:\/\/ironsky.pl\/sklep\/produkt\/drone-harmony-starter-1-rok\/\",\"name\":\"Drone Harmony - Starter 1 rok - IRONSKY.PL Sklep z Dronami\",\"isPartOf\":{\"@id\":\"https:\/\/ironsky.pl\/sklep\/#website\"},\"primaryImageOfPage\":{\"@id\":\"https:\/\/ironsky.pl\/sklep\/produkt\/drone-harmony-starter-1-rok\/#primaryimage\"},\"image\":{\"@id\":\"https:\/\/ironsky.pl\/sklep\/produkt\/drone-harmony-starter-1-rok\/#primaryimage\"},\"thumbnailUrl\":\"https:\/\/ironsky.pl\/sklep\/wp-content\/uploads\/2024\/09\/36473_1.jpg\",\"datePublished\":\"2024-09-16T10:30:19+00:00\",\"dateModified\":\"2026-03-05T14:49:15+00:00\",\"description\":\"Drone Harmony - Starter 1 rok - \u2705 sklep z dronami i fachowym doradztwem. \u2705 Tutaj kupisz produkty DJI, Yuneec, Parrot, Syma i wiele innych, a tak\u017ce kursy i licencje na operatora drona.\",\"breadcrumb\":{\"@id\":\"https:\/\/ironsky.pl\/sklep\/produkt\/drone-harmony-starter-1-rok\/#breadcrumb\"},\"inLanguage\":\"pl-PL\",\"potentialAction\":[{\"@type\":\"ReadAction\",\"target\":[\"https:\/\/ironsky.pl\/sklep\/produkt\/drone-harmony-starter-1-rok\/\"]}]},{\"@type\":\"ImageObject\",\"inLanguage\":\"pl-PL\",\"@id\":\"https:\/\/ironsky.pl\/sklep\/produkt\/drone-harmony-starter-1-rok\/#primaryimage\",\"url\":\"https:\/\/ironsky.pl\/sklep\/wp-content\/uploads\/2024\/09\/36473_1.jpg\",\"contentUrl\":\"https:\/\/ironsky.pl\/sklep\/wp-content\/uploads\/2024\/09\/36473_1.jpg\",\"width\":800,\"height\":800},{\"@type\":\"BreadcrumbList\",\"@id\":\"https:\/\/ironsky.pl\/sklep\/produkt\/drone-harmony-starter-1-rok\/#breadcrumb\",\"itemListElement\":[{\"@type\":\"ListItem\",\"position\":1,\"name\":\"Strona g\u0142\u00f3wna\",\"item\":\"https:\/\/ironsky.pl\/sklep\/\"},{\"@type\":\"ListItem\",\"position\":2,\"name\":\"Wszystkie produkty\",\"item\":\"https:\/\/ironsky.pl\/sklep\/sklep\/\"},{\"@type\":\"ListItem\",\"position\":3,\"name\":\"Drone Harmony &#8211; Starter 1 rok\"}]},{\"@type\":\"WebSite\",\"@id\":\"https:\/\/ironsky.pl\/sklep\/#website\",\"url\":\"https:\/\/ironsky.pl\/sklep\/\",\"name\":\"IRONSKY.PL Sklep z Dronami\",\"description\":\"IRONSKY.PL Sklep z Dronami\",\"potentialAction\":[{\"@type\":\"SearchAction\",\"target\":{\"@type\":\"EntryPoint\",\"urlTemplate\":\"https:\/\/ironsky.pl\/sklep\/?s={search_term_string}\"},\"query-input\":{\"@type\":\"PropertyValueSpecification\",\"valueRequired\":true,\"valueName\":\"search_term_string\"}}],\"inLanguage\":\"pl-PL\"}]}<\/script>\n<!-- \/ Yoast SEO plugin. -->","yoast_head_json":{"title":"Drone Harmony - Starter 1 rok - IRONSKY.PL Sklep z Dronami","description":"Drone Harmony - Starter 1 rok - \u2705 sklep z dronami i fachowym doradztwem. \u2705 Tutaj kupisz produkty DJI, Yuneec, Parrot, Syma i wiele innych, a tak\u017ce kursy i licencje na operatora drona.","robots":{"index":"index","follow":"follow","max-snippet":"max-snippet:-1","max-image-preview":"max-image-preview:large","max-video-preview":"max-video-preview:-1"},"canonical":"https:\/\/ironsky.pl\/sklep\/produkt\/drone-harmony-starter-1-rok\/","og_locale":"pl_PL","og_type":"article","og_title":"Drone Harmony - Starter 1 rok - IRONSKY.PL Sklep z Dronami","og_description":"Drone Harmony - Starter 1 rok - \u2705 sklep z dronami i fachowym doradztwem. \u2705 Tutaj kupisz produkty DJI, Yuneec, Parrot, Syma i wiele innych, a tak\u017ce kursy i licencje na operatora drona.","og_url":"https:\/\/ironsky.pl\/sklep\/produkt\/drone-harmony-starter-1-rok\/","og_site_name":"IRONSKY.PL Sklep z Dronami","article_modified_time":"2026-03-05T14:49:15+00:00","og_image":[{"width":800,"height":800,"url":"https:\/\/ironsky.pl\/sklep\/wp-content\/uploads\/2024\/09\/36473_1.jpg","type":"image\/jpeg"}],"twitter_card":"summary_large_image","twitter_misc":{"Szacowany czas czytania":"5 minut"},"schema":{"@context":"https:\/\/schema.org","@graph":[{"@type":"WebPage","@id":"https:\/\/ironsky.pl\/sklep\/produkt\/drone-harmony-starter-1-rok\/","url":"https:\/\/ironsky.pl\/sklep\/produkt\/drone-harmony-starter-1-rok\/","name":"Drone Harmony - Starter 1 rok - IRONSKY.PL Sklep z Dronami","isPartOf":{"@id":"https:\/\/ironsky.pl\/sklep\/#website"},"primaryImageOfPage":{"@id":"https:\/\/ironsky.pl\/sklep\/produkt\/drone-harmony-starter-1-rok\/#primaryimage"},"image":{"@id":"https:\/\/ironsky.pl\/sklep\/produkt\/drone-harmony-starter-1-rok\/#primaryimage"},"thumbnailUrl":"https:\/\/ironsky.pl\/sklep\/wp-content\/uploads\/2024\/09\/36473_1.jpg","datePublished":"2024-09-16T10:30:19+00:00","dateModified":"2026-03-05T14:49:15+00:00","description":"Drone Harmony - Starter 1 rok - \u2705 sklep z dronami i fachowym doradztwem. \u2705 Tutaj kupisz produkty DJI, Yuneec, Parrot, Syma i wiele innych, a tak\u017ce kursy i licencje na operatora drona.","breadcrumb":{"@id":"https:\/\/ironsky.pl\/sklep\/produkt\/drone-harmony-starter-1-rok\/#breadcrumb"},"inLanguage":"pl-PL","potentialAction":[{"@type":"ReadAction","target":["https:\/\/ironsky.pl\/sklep\/produkt\/drone-harmony-starter-1-rok\/"]}]},{"@type":"ImageObject","inLanguage":"pl-PL","@id":"https:\/\/ironsky.pl\/sklep\/produkt\/drone-harmony-starter-1-rok\/#primaryimage","url":"https:\/\/ironsky.pl\/sklep\/wp-content\/uploads\/2024\/09\/36473_1.jpg","contentUrl":"https:\/\/ironsky.pl\/sklep\/wp-content\/uploads\/2024\/09\/36473_1.jpg","width":800,"height":800},{"@type":"BreadcrumbList","@id":"https:\/\/ironsky.pl\/sklep\/produkt\/drone-harmony-starter-1-rok\/#breadcrumb","itemListElement":[{"@type":"ListItem","position":1,"name":"Strona g\u0142\u00f3wna","item":"https:\/\/ironsky.pl\/sklep\/"},{"@type":"ListItem","position":2,"name":"Wszystkie produkty","item":"https:\/\/ironsky.pl\/sklep\/sklep\/"},{"@type":"ListItem","position":3,"name":"Drone Harmony &#8211; Starter 1 rok"}]},{"@type":"WebSite","@id":"https:\/\/ironsky.pl\/sklep\/#website","url":"https:\/\/ironsky.pl\/sklep\/","name":"IRONSKY.PL Sklep z Dronami","description":"IRONSKY.PL Sklep z Dronami","potentialAction":[{"@type":"SearchAction","target":{"@type":"EntryPoint","urlTemplate":"https:\/\/ironsky.pl\/sklep\/?s={search_term_string}"},"query-input":{"@type":"PropertyValueSpecification","valueRequired":true,"valueName":"search_term_string"}}],"inLanguage":"pl-PL"}]}},"_links":{"self":[{"href":"https:\/\/ironsky.pl\/sklep\/wp-json\/wp\/v2\/product\/20782","targetHints":{"allow":["GET"]}}],"collection":[{"href":"https:\/\/ironsky.pl\/sklep\/wp-json\/wp\/v2\/product"}],"about":[{"href":"https:\/\/ironsky.pl\/sklep\/wp-json\/wp\/v2\/types\/product"}],"replies":[{"embeddable":true,"href":"https:\/\/ironsky.pl\/sklep\/wp-json\/wp\/v2\/comments?post=20782"}],"wp:featuredmedia":[{"embeddable":true,"href":"https:\/\/ironsky.pl\/sklep\/wp-json\/wp\/v2\/media\/20783"}],"wp:attachment":[{"href":"https:\/\/ironsky.pl\/sklep\/wp-json\/wp\/v2\/media?parent=20782"}],"wp:term":[{"taxonomy":"product_brand","embeddable":true,"href":"https:\/\/ironsky.pl\/sklep\/wp-json\/wp\/v2\/product_brand?post=20782"},{"taxonomy":"product_cat","embeddable":true,"href":"https:\/\/ironsky.pl\/sklep\/wp-json\/wp\/v2\/product_cat?post=20782"},{"taxonomy":"product_tag","embeddable":true,"href":"https:\/\/ironsky.pl\/sklep\/wp-json\/wp\/v2\/product_tag?post=20782"}],"curies":[{"name":"wp","href":"https:\/\/api.w.org\/{rel}","templated":true}]}}