{"id":20744,"date":"2024-09-16T12:29:41","date_gmt":"2024-09-16T10:29:41","guid":{"rendered":"http:\/\/gvshalph.pro-linuxpl.com\/ironskyprodukty\/produkt\/pix4dsurvey-licencja-3-letnia\/"},"modified":"2026-03-05T15:49:14","modified_gmt":"2026-03-05T14:49:14","slug":"pix4dsurvey-licencja-3-letnia","status":"publish","type":"product","link":"https:\/\/ironsky.pl\/sklep\/produkt\/pix4dsurvey-licencja-3-letnia\/","title":{"rendered":"Pix4Dsurvey &#8211; licencja 3 letnia"},"content":{"rendered":"<p><img decoding=\"async\" src=\"https:\/\/rcpro.pl\/data\/include\/cms\/enterprise\/Pix4d\/React\/Pix4Dreact-baner0.jpg\" border=\"0\" width=\"100%\" width=\"100%\" height=\"NaN\" \/><\/p>\n<h3>Pix4survey<\/h3>\n<p>Zaawansowane oprogramowanie pozwalaj\u0105ce na wyodr\u0119bnienie kluczowych element\u00f3w z danymi fotogrametrycznymi. Oprogramowanie pozwala na zmierzenie obj\u0119to\u015bci dowolnego obiektu.<\/p>\n<p><img decoding=\"async\" src=\"https:\/\/rcpro.pl\/data\/include\/cms\/enterprise\/Pix4d\/React\/Pix4Dreact-capture.png\" border=\"0\" width=\"100%\" \/><\/p>\n<p>Uchwy\u0107<\/p>\n<p>Lataj swoim dronem, aby uchwyci\u0107 chmury punkt\u00f3w.<\/p>\n<p><img decoding=\"async\" src=\"https:\/\/rcpro.pl\/data\/include\/cms\/enterprise\/Pix4d\/React\/Pix4Dreact-process.png\" border=\"0\" width=\"100%\" \/><\/p>\n<p>Importuj<\/p>\n<p>Przesy\u0142aj dane bezproblemowo z innego\u00a0oprogramowania do PIX4Dsurvey. Pracuj zar\u00f3wno na danych obrazowych jaki i danych pozyskanych z chmur punkt\u00f3w LIDAR.<\/p>\n<p><img decoding=\"async\" src=\"https:\/\/rcpro.pl\/data\/include\/cms\/enterprise\/Pix4d\/React\/Pix4Dreact-examine.png\" border=\"0\" width=\"100%\" \/><\/p>\n<p>Wektoryzacja<\/p>\n<p>Generuj numer TIN\u00a0 w celu modelowania gruntu i tw\u00f3rz pliki gotowe dla prac in\u017cynierskich.<\/p>\n<p><img decoding=\"async\" src=\"https:\/\/rcpro.pl\/data\/include\/cms\/enterprise\/Pix4d\/React\/Pix4Dreact-share.png?v=1616500828125\" border=\"0\" width=\"100%\" \/><\/p>\n<p>Modeluj<\/p>\n<p>U\u017cywaj Smart Grid oraz TIN oraz klasyfikacji terenu, \u017ceby uzyska\u0107 dok\u0142adne i praktyczne informacje.<\/p>\n<p><img decoding=\"async\" src=\"https:\/\/rcpro.pl\/data\/include\/cms\/enterprise\/Pix4d\/React\/Pix4Dreact-respond.png?v=1616500828126\" border=\"0\" width=\"100%\" \/><\/p>\n<p>Integruj<\/p>\n<p>Bezproblemowo\u00a0otwieraj dane w oprogramowania CAD I GIS z zachowanymi ustawieniami.<\/p>\n<p><img decoding=\"async\" src=\"https:\/\/rcpro.pl\/data\/include\/cms\/enterprise\/Pix4d\/React\/Pix4Dreact-reagowanie-w-sytuacjach-kryzysowych.jpg?v=1616502552175\" border=\"0\" width=\"100%\" width=\"100%\" \/><\/p>\n<h3>Od chmury punkt\u00f3w do TIN w u\u0142amku sekundy<\/h3>\n<p>Zautomatyzuj tworzenie elewacji punktowych oraz pozw\u00f3l na znacz\u0105ce uproszczenie liczby chmury punk\u00f3w. Za pomoc\u0105 jednego klikni\u0119cia jeste\u015b w stanie stworzy\u0107 siatk\u0119 punkt\u00f3w do, kt\u00f3rej mo\u017cesz u\u017cy\u0107 za pomoc\u0105 TIN. Wyodr\u0119bnij te same punkty, kt\u00f3rych u\u017cy\u0142by\u015b w terenie przy pomocy Smart Grid, aby dowiedzie\u0107 si\u0119 o klasie terenu, zmian wysoko\u015bci w lokalizacji . Co dalej?\u00a0 Zestaw punkt\u00f3w i linii \u0142amanych mo\u017cesz wykorzysta\u0107 do utworzenia DTM w formacie LandXML, kt\u00f3ry odzwierciedla dok\u0142adne punktu, kt\u00f3re wyznaczy\u0142e\u015b do u\u017cycia. Po tych\u00a0 czynno\u015bciach mo\u017cesz rozpocz\u0105\u0107 prac\u0119 w systemie CAD lub GIS.<\/p>\n<h3>PIX4Dsurvey &#8211; Licencja &#8211; 3 lata<\/h3>\n<p><span>Pozwala na korzystanie z funkcjonalno\u015bci programu na wielu urz\u0105dzeniach, lecz korzystania tylko z na jednym w danym momencie przez 3 lata.<\/span><\/p>\n","protected":false},"excerpt":{"rendered":"<p>Pix4survey Zaawansowane oprogramowanie pozwalaj\u0105ce na wyodr\u0119bnienie kluczowych element\u00f3w z danymi fotogrametrycznymi. Oprogramowanie pozwala na zmierzenie obj\u0119to\u015bci dowolnego obiektu. Uchwy\u0107 Lataj<\/p>\n","protected":false},"featured_media":20745,"comment_status":"closed","ping_status":"open","template":"","meta":{"_acf_changed":false},"product_brand":[],"product_cat":[1088,1101,5684],"product_tag":[],"class_list":{"0":"post-20744","1":"product","2":"type-product","3":"status-publish","4":"has-post-thumbnail","6":"product_cat-drony","7":"product_cat-oprogramowanie-do-dronow","8":"product_cat-pix4d","9":"pa_gross-weight-1706","10":"pa_net-weight-1373","12":"first","13":"outofstock","14":"taxable","15":"shipping-taxable","16":"product-type-simple"},"acf":[],"yoast_head":"<!-- This site is optimized with the Yoast SEO plugin v27.2 - https:\/\/yoast.com\/product\/yoast-seo-wordpress\/ -->\n<title>Pix4Dsurvey - licencja 3 letnia - IRONSKY.PL Sklep z Dronami<\/title>\n<meta name=\"description\" content=\"Pix4Dsurvey - licencja 3 letnia - \u2705 sklep z dronami i fachowym doradztwem. \u2705 Tutaj kupisz produkty DJI, Yuneec, Parrot, Syma i wiele innych, a tak\u017ce kursy i licencje na operatora drona.\" \/>\n<meta name=\"robots\" content=\"index, follow, max-snippet:-1, max-image-preview:large, max-video-preview:-1\" \/>\n<link rel=\"canonical\" href=\"https:\/\/ironsky.pl\/sklep\/produkt\/pix4dsurvey-licencja-3-letnia\/\" \/>\n<meta property=\"og:locale\" content=\"pl_PL\" \/>\n<meta property=\"og:type\" content=\"article\" \/>\n<meta property=\"og:title\" content=\"Pix4Dsurvey - licencja 3 letnia - IRONSKY.PL Sklep z Dronami\" \/>\n<meta property=\"og:description\" content=\"Pix4Dsurvey - licencja 3 letnia - \u2705 sklep z dronami i fachowym doradztwem. \u2705 Tutaj kupisz produkty DJI, Yuneec, Parrot, Syma i wiele innych, a tak\u017ce kursy i licencje na operatora drona.\" \/>\n<meta property=\"og:url\" content=\"https:\/\/ironsky.pl\/sklep\/produkt\/pix4dsurvey-licencja-3-letnia\/\" \/>\n<meta property=\"og:site_name\" content=\"IRONSKY.PL Sklep z Dronami\" \/>\n<meta property=\"article:modified_time\" content=\"2026-03-05T14:49:14+00:00\" \/>\n<meta property=\"og:image\" content=\"https:\/\/ironsky.pl\/sklep\/wp-content\/uploads\/2024\/09\/36240_1.jpg\" \/>\n\t<meta property=\"og:image:width\" content=\"800\" \/>\n\t<meta property=\"og:image:height\" content=\"800\" \/>\n\t<meta property=\"og:image:type\" content=\"image\/jpeg\" \/>\n<meta name=\"twitter:card\" content=\"summary_large_image\" \/>\n<meta name=\"twitter:label1\" content=\"Szacowany czas czytania\" \/>\n\t<meta name=\"twitter:data1\" content=\"1 minuta\" \/>\n<script type=\"application\/ld+json\" class=\"yoast-schema-graph\">{\"@context\":\"https:\/\/schema.org\",\"@graph\":[{\"@type\":\"WebPage\",\"@id\":\"https:\/\/ironsky.pl\/sklep\/produkt\/pix4dsurvey-licencja-3-letnia\/\",\"url\":\"https:\/\/ironsky.pl\/sklep\/produkt\/pix4dsurvey-licencja-3-letnia\/\",\"name\":\"Pix4Dsurvey - licencja 3 letnia - IRONSKY.PL Sklep z Dronami\",\"isPartOf\":{\"@id\":\"https:\/\/ironsky.pl\/sklep\/#website\"},\"primaryImageOfPage\":{\"@id\":\"https:\/\/ironsky.pl\/sklep\/produkt\/pix4dsurvey-licencja-3-letnia\/#primaryimage\"},\"image\":{\"@id\":\"https:\/\/ironsky.pl\/sklep\/produkt\/pix4dsurvey-licencja-3-letnia\/#primaryimage\"},\"thumbnailUrl\":\"https:\/\/ironsky.pl\/sklep\/wp-content\/uploads\/2024\/09\/36240_1.jpg\",\"datePublished\":\"2024-09-16T10:29:41+00:00\",\"dateModified\":\"2026-03-05T14:49:14+00:00\",\"description\":\"Pix4Dsurvey - licencja 3 letnia - \u2705 sklep z dronami i fachowym doradztwem. \u2705 Tutaj kupisz produkty DJI, Yuneec, Parrot, Syma i wiele innych, a tak\u017ce kursy i licencje na operatora drona.\",\"breadcrumb\":{\"@id\":\"https:\/\/ironsky.pl\/sklep\/produkt\/pix4dsurvey-licencja-3-letnia\/#breadcrumb\"},\"inLanguage\":\"pl-PL\",\"potentialAction\":[{\"@type\":\"ReadAction\",\"target\":[\"https:\/\/ironsky.pl\/sklep\/produkt\/pix4dsurvey-licencja-3-letnia\/\"]}]},{\"@type\":\"ImageObject\",\"inLanguage\":\"pl-PL\",\"@id\":\"https:\/\/ironsky.pl\/sklep\/produkt\/pix4dsurvey-licencja-3-letnia\/#primaryimage\",\"url\":\"https:\/\/ironsky.pl\/sklep\/wp-content\/uploads\/2024\/09\/36240_1.jpg\",\"contentUrl\":\"https:\/\/ironsky.pl\/sklep\/wp-content\/uploads\/2024\/09\/36240_1.jpg\",\"width\":800,\"height\":800},{\"@type\":\"BreadcrumbList\",\"@id\":\"https:\/\/ironsky.pl\/sklep\/produkt\/pix4dsurvey-licencja-3-letnia\/#breadcrumb\",\"itemListElement\":[{\"@type\":\"ListItem\",\"position\":1,\"name\":\"Strona g\u0142\u00f3wna\",\"item\":\"https:\/\/ironsky.pl\/sklep\/\"},{\"@type\":\"ListItem\",\"position\":2,\"name\":\"Wszystkie produkty\",\"item\":\"https:\/\/ironsky.pl\/sklep\/produkty\/\"},{\"@type\":\"ListItem\",\"position\":3,\"name\":\"Pix4Dsurvey &#8211; licencja 3 letnia\"}]},{\"@type\":\"WebSite\",\"@id\":\"https:\/\/ironsky.pl\/sklep\/#website\",\"url\":\"https:\/\/ironsky.pl\/sklep\/\",\"name\":\"IRONSKY.PL Sklep z Dronami\",\"description\":\"IRONSKY.PL Sklep z Dronami\",\"potentialAction\":[{\"@type\":\"SearchAction\",\"target\":{\"@type\":\"EntryPoint\",\"urlTemplate\":\"https:\/\/ironsky.pl\/sklep\/?s={search_term_string}\"},\"query-input\":{\"@type\":\"PropertyValueSpecification\",\"valueRequired\":true,\"valueName\":\"search_term_string\"}}],\"inLanguage\":\"pl-PL\"}]}<\/script>\n<!-- \/ Yoast SEO plugin. -->","yoast_head_json":{"title":"Pix4Dsurvey - licencja 3 letnia - IRONSKY.PL Sklep z Dronami","description":"Pix4Dsurvey - licencja 3 letnia - \u2705 sklep z dronami i fachowym doradztwem. \u2705 Tutaj kupisz produkty DJI, Yuneec, Parrot, Syma i wiele innych, a tak\u017ce kursy i licencje na operatora drona.","robots":{"index":"index","follow":"follow","max-snippet":"max-snippet:-1","max-image-preview":"max-image-preview:large","max-video-preview":"max-video-preview:-1"},"canonical":"https:\/\/ironsky.pl\/sklep\/produkt\/pix4dsurvey-licencja-3-letnia\/","og_locale":"pl_PL","og_type":"article","og_title":"Pix4Dsurvey - licencja 3 letnia - IRONSKY.PL Sklep z Dronami","og_description":"Pix4Dsurvey - licencja 3 letnia - \u2705 sklep z dronami i fachowym doradztwem. \u2705 Tutaj kupisz produkty DJI, Yuneec, Parrot, Syma i wiele innych, a tak\u017ce kursy i licencje na operatora drona.","og_url":"https:\/\/ironsky.pl\/sklep\/produkt\/pix4dsurvey-licencja-3-letnia\/","og_site_name":"IRONSKY.PL Sklep z Dronami","article_modified_time":"2026-03-05T14:49:14+00:00","og_image":[{"width":800,"height":800,"url":"https:\/\/ironsky.pl\/sklep\/wp-content\/uploads\/2024\/09\/36240_1.jpg","type":"image\/jpeg"}],"twitter_card":"summary_large_image","twitter_misc":{"Szacowany czas czytania":"1 minuta"},"schema":{"@context":"https:\/\/schema.org","@graph":[{"@type":"WebPage","@id":"https:\/\/ironsky.pl\/sklep\/produkt\/pix4dsurvey-licencja-3-letnia\/","url":"https:\/\/ironsky.pl\/sklep\/produkt\/pix4dsurvey-licencja-3-letnia\/","name":"Pix4Dsurvey - licencja 3 letnia - IRONSKY.PL Sklep z Dronami","isPartOf":{"@id":"https:\/\/ironsky.pl\/sklep\/#website"},"primaryImageOfPage":{"@id":"https:\/\/ironsky.pl\/sklep\/produkt\/pix4dsurvey-licencja-3-letnia\/#primaryimage"},"image":{"@id":"https:\/\/ironsky.pl\/sklep\/produkt\/pix4dsurvey-licencja-3-letnia\/#primaryimage"},"thumbnailUrl":"https:\/\/ironsky.pl\/sklep\/wp-content\/uploads\/2024\/09\/36240_1.jpg","datePublished":"2024-09-16T10:29:41+00:00","dateModified":"2026-03-05T14:49:14+00:00","description":"Pix4Dsurvey - licencja 3 letnia - \u2705 sklep z dronami i fachowym doradztwem. \u2705 Tutaj kupisz produkty DJI, Yuneec, Parrot, Syma i wiele innych, a tak\u017ce kursy i licencje na operatora drona.","breadcrumb":{"@id":"https:\/\/ironsky.pl\/sklep\/produkt\/pix4dsurvey-licencja-3-letnia\/#breadcrumb"},"inLanguage":"pl-PL","potentialAction":[{"@type":"ReadAction","target":["https:\/\/ironsky.pl\/sklep\/produkt\/pix4dsurvey-licencja-3-letnia\/"]}]},{"@type":"ImageObject","inLanguage":"pl-PL","@id":"https:\/\/ironsky.pl\/sklep\/produkt\/pix4dsurvey-licencja-3-letnia\/#primaryimage","url":"https:\/\/ironsky.pl\/sklep\/wp-content\/uploads\/2024\/09\/36240_1.jpg","contentUrl":"https:\/\/ironsky.pl\/sklep\/wp-content\/uploads\/2024\/09\/36240_1.jpg","width":800,"height":800},{"@type":"BreadcrumbList","@id":"https:\/\/ironsky.pl\/sklep\/produkt\/pix4dsurvey-licencja-3-letnia\/#breadcrumb","itemListElement":[{"@type":"ListItem","position":1,"name":"Strona g\u0142\u00f3wna","item":"https:\/\/ironsky.pl\/sklep\/"},{"@type":"ListItem","position":2,"name":"Wszystkie produkty","item":"https:\/\/ironsky.pl\/sklep\/produkty\/"},{"@type":"ListItem","position":3,"name":"Pix4Dsurvey &#8211; licencja 3 letnia"}]},{"@type":"WebSite","@id":"https:\/\/ironsky.pl\/sklep\/#website","url":"https:\/\/ironsky.pl\/sklep\/","name":"IRONSKY.PL Sklep z Dronami","description":"IRONSKY.PL Sklep z Dronami","potentialAction":[{"@type":"SearchAction","target":{"@type":"EntryPoint","urlTemplate":"https:\/\/ironsky.pl\/sklep\/?s={search_term_string}"},"query-input":{"@type":"PropertyValueSpecification","valueRequired":true,"valueName":"search_term_string"}}],"inLanguage":"pl-PL"}]}},"_links":{"self":[{"href":"https:\/\/ironsky.pl\/sklep\/wp-json\/wp\/v2\/product\/20744","targetHints":{"allow":["GET"]}}],"collection":[{"href":"https:\/\/ironsky.pl\/sklep\/wp-json\/wp\/v2\/product"}],"about":[{"href":"https:\/\/ironsky.pl\/sklep\/wp-json\/wp\/v2\/types\/product"}],"replies":[{"embeddable":true,"href":"https:\/\/ironsky.pl\/sklep\/wp-json\/wp\/v2\/comments?post=20744"}],"wp:featuredmedia":[{"embeddable":true,"href":"https:\/\/ironsky.pl\/sklep\/wp-json\/wp\/v2\/media\/20745"}],"wp:attachment":[{"href":"https:\/\/ironsky.pl\/sklep\/wp-json\/wp\/v2\/media?parent=20744"}],"wp:term":[{"taxonomy":"product_brand","embeddable":true,"href":"https:\/\/ironsky.pl\/sklep\/wp-json\/wp\/v2\/product_brand?post=20744"},{"taxonomy":"product_cat","embeddable":true,"href":"https:\/\/ironsky.pl\/sklep\/wp-json\/wp\/v2\/product_cat?post=20744"},{"taxonomy":"product_tag","embeddable":true,"href":"https:\/\/ironsky.pl\/sklep\/wp-json\/wp\/v2\/product_tag?post=20744"}],"curies":[{"name":"wp","href":"https:\/\/api.w.org\/{rel}","templated":true}]}}