{"id":20736,"date":"2024-09-16T12:29:41","date_gmt":"2024-09-16T10:29:41","guid":{"rendered":"http:\/\/gvshalph.pro-linuxpl.com\/ironskyprodukty\/produkt\/pix4dcloud-roczna-licencja\/"},"modified":"2026-03-05T15:49:14","modified_gmt":"2026-03-05T14:49:14","slug":"pix4dcloud-roczna-licencja","status":"publish","type":"product","link":"https:\/\/ironsky.pl\/sklep\/produkt\/pix4dcloud-roczna-licencja\/","title":{"rendered":"Pix4Dcloud &#8211; roczna licencja"},"content":{"rendered":"<p><img decoding=\"async\" src=\"https:\/\/rcpro.pl\/data\/include\/cms\/enterprise\/Pix4d\/React\/Pix4Dreact-baner0.jpg\" border=\"0\" width=\"100%\" height=\"NaN\" \/><\/p>\n<h3>Pix4cloud<\/h3>\n<p>Platforma online do mapowania naziemnego oraz przy pomocy drona, \u015bledzenia post\u0119p\u00f3w i dokumentowania ukszta\u0142towania terenu.<\/p>\n<p><img decoding=\"async\" src=\"https:\/\/rcpro.pl\/data\/include\/cms\/enterprise\/Pix4d\/React\/Pix4Dreact-capture.png\" border=\"0\" alt=\"\" width=\"100%\" \/><\/p>\n<p>\/&gt;<\/p>\n<p>Uchwy\u0107<\/p>\n<p>Zbieraj dane naziemne za pomoc\u0105 PIX4Dcatch i viDoc RTK rover uzyskaj pomiary z centymetrow\u0105 dok\u0142adno\u015bci\u0105 bezwzgl\u0119dn\u0105.Przechwytywanie danych z drona za pomoc\u0105 aplikacji PIX4Dcapture Pro.<\/p>\n<p><img decoding=\"async\" src=\"https:\/\/rcpro.pl\/data\/include\/cms\/enterprise\/Pix4d\/React\/Pix4Dreact-process.png\" border=\"0\" alt=\"\" width=\"100%\" \/><\/p>\n<p>\/&gt;<\/p>\n<p>Przetwarzaj<\/p>\n<p>Automatycznie przetwarzaj obrazy w chmurze za pomoc\u0105 algorytm\u00f3w fotogrametrycznych. Generuj dok\u0142adne i georeferencyjne ortomozaiki, siatki 3D, chmury punkt\u00f3w i modele wysoko\u015bciowe.<\/p>\n<p><img decoding=\"async\" src=\"https:\/\/rcpro.pl\/data\/include\/cms\/enterprise\/Pix4d\/React\/Pix4Dreact-examine.png\" border=\"0\" alt=\"\" width=\"100%\" \/><\/p>\n<p>\/&gt;<\/p>\n<p>Analizuj<\/p>\n<p>Wizualizuj, monitoruj i dokumentuj post\u0119py na budowie za pomoc\u0105 intuicyjnego interfejsu, osi czasu oraz wbudowanych narz\u0119dzi pomiarowych dost\u0119pnych online z dowolnego urz\u0105dzenia lub lokalizacji.<\/p>\n<p><img decoding=\"async\" src=\"https:\/\/rcpro.pl\/data\/include\/cms\/enterprise\/Pix4d\/React\/Pix4Dreact-share.png?v=1616500828125\" border=\"0\" width=\"100%\" \/><\/p>\n<p>Udost\u0119pniaj<\/p>\n<p>Za pomoc\u0105 adresu URL mo\u017cna udost\u0119pnia\u0107 wyniki swojemu zespo\u0142owi lub klientom, aby maksymalnie usprawni\u0107 przep\u0142yw pracy<\/p>\n<p><img decoding=\"async\" src=\"https:\/\/rcpro.pl\/data\/include\/cms\/enterprise\/Pix4d\/React\/Pix4Dreact-respond.png?v=1616500828126\" border=\"0\" width=\"100%\" \/><\/p>\n<p>Integruj<\/p>\n<p>Importuj dane na platform\u0119 Trimble Connect i\/lub pobieraj wszystkie dane wyj\u015bciowe i eksportuj je do oprogramowania CAD I BIM.<\/p>\n<p>\u00a0<\/p>\n<p><img decoding=\"async\" src=\"https:\/\/rcpro.pl\/data\/include\/cms\/enterprise\/Pix4d\/React\/Pix4Dreact-reagowanie-w-sytuacjach-kryzysowych.jpg?v=1616502552175\" border=\"0\" width=\"100%\" \/>\u00a0<\/p>\n<h3>Profesjonalna fotogrametria w chmurze<\/h3>\n<p>\u0141atwy w obs\u0142udze &#8211; rozpocznij nowy projekt w kilka minut. PIX4D to \u0142atwa platforma, kt\u00f3ra nie wymaga wcze\u015bniejszego szkolenia<\/p>\n<p>Prosta komunikacja &#8211; udost\u0119pniaj status projektu zespo\u0142owi oraz klientom za pomoc\u0105 jednego klikni\u0119cia.<\/p>\n<p>Aktualna dokumentacja &#8211; prowadzenie sta\u0142ego i aktualnego rejestru projektu oraz sprawne rozwi\u0105zywanie problem\u00f3w.<\/p>\n<h3>PIX4Dcloud Advanced<\/h3>\n<ul>\n<li>Wszystkie opcje PIX4Dcloud plus:<\/li>\n<li>\u015aledzenie i dokumentowanie post\u0119p\u00f3w na budowie dzi\u0119ki wizualnej osi czasu<\/li>\n<li>Wi\u0119ksza dok\u0142adno\u015b\u0107 dzi\u0119ki AutoGCP<\/li>\n<li>Por\u00f3wnywanie obj\u0119to\u015bci w czasie<\/li>\n<li>Nak\u0142adanie plan\u00f3w projektowych i map<\/li>\n<li>Por\u00f3wnanie dw\u00f3ch map graficznych, aby zobaczy\u0107 co si\u0119 zmieni\u0142o<\/li>\n<\/ul>\n<p><img decoding=\"async\" src=\"\/data\/include\/cms\/enterprise\/Pix4d\/cloud\/pix4d-cloud-1.png\" border=\"0\" alt=\"\" width=\"100%\" \/><\/p>\n<h3>Planowanie lot\u00f3w w chmurze<\/h3>\n<p>Dobrze zaplanowany lot pozwala zaoszcz\u0119dzi\u0107 czas w terenie oraz zwi\u0119kszy\u0107 jako\u015bci i wyniki pracy. Mo\u017cesz spokojnie zaplanowa\u0107 lot w zaciszu swojego biura i pobra\u0107 mapy satelitarne lub widoki ulic,, aby pracowa\u0107 w terenie, gdzie dost\u0119p do sieci jest ograniczony. Przejmij kontrol\u0119 nad swoimi danymi 0 planuj misje, pobieraj je i lataj z PIX4Dcapture Pro.<\/p>\n<h3>PIX4Dsurvey &#8211; Licencja roczna (1 urz\u0105dzenie)<\/h3>\n<p><span>Pozwala na korzystanie z funkcjonalno\u015bci programu na wielu urz\u0105dzeniach, lecz korzystania tylko z na jednym w danym momencie przez nieograniczony okres czasu.<\/span><\/p>\n","protected":false},"excerpt":{"rendered":"<p>Pix4cloud Platforma online do mapowania naziemnego oraz przy pomocy drona, \u015bledzenia post\u0119p\u00f3w i dokumentowania ukszta\u0142towania terenu. \/&gt; Uchwy\u0107 Zbieraj dane<\/p>\n","protected":false},"featured_media":20737,"comment_status":"closed","ping_status":"open","template":"","meta":{"_acf_changed":false},"product_brand":[],"product_cat":[1088,1101,5684],"product_tag":[],"class_list":{"0":"post-20736","1":"product","2":"type-product","3":"status-publish","4":"has-post-thumbnail","6":"product_cat-drony","7":"product_cat-oprogramowanie-do-dronow","8":"product_cat-pix4d","9":"pa_gross-weight-1706","10":"pa_net-weight-1373","12":"first","13":"outofstock","14":"taxable","15":"shipping-taxable","16":"product-type-simple"},"acf":[],"yoast_head":"<!-- This site is optimized with the Yoast SEO plugin v27.2 - https:\/\/yoast.com\/product\/yoast-seo-wordpress\/ -->\n<title>Pix4Dcloud - roczna licencja - IRONSKY.PL Sklep z Dronami<\/title>\n<meta name=\"description\" content=\"Pix4Dcloud - roczna licencja - \u2705 sklep z dronami i fachowym doradztwem. \u2705 Tutaj kupisz produkty DJI, Yuneec, Parrot, Syma i wiele innych, a tak\u017ce kursy i licencje na operatora drona.\" \/>\n<meta name=\"robots\" content=\"index, follow, max-snippet:-1, max-image-preview:large, max-video-preview:-1\" \/>\n<link rel=\"canonical\" href=\"https:\/\/ironsky.pl\/sklep\/produkt\/pix4dcloud-roczna-licencja\/\" \/>\n<meta property=\"og:locale\" content=\"pl_PL\" \/>\n<meta property=\"og:type\" content=\"article\" \/>\n<meta property=\"og:title\" content=\"Pix4Dcloud - roczna licencja - IRONSKY.PL Sklep z Dronami\" \/>\n<meta property=\"og:description\" content=\"Pix4Dcloud - roczna licencja - \u2705 sklep z dronami i fachowym doradztwem. \u2705 Tutaj kupisz produkty DJI, Yuneec, Parrot, Syma i wiele innych, a tak\u017ce kursy i licencje na operatora drona.\" \/>\n<meta property=\"og:url\" content=\"https:\/\/ironsky.pl\/sklep\/produkt\/pix4dcloud-roczna-licencja\/\" \/>\n<meta property=\"og:site_name\" content=\"IRONSKY.PL Sklep z Dronami\" \/>\n<meta property=\"article:modified_time\" content=\"2026-03-05T14:49:14+00:00\" \/>\n<meta property=\"og:image\" content=\"https:\/\/ironsky.pl\/sklep\/wp-content\/uploads\/2024\/09\/36236_1.jpg\" \/>\n\t<meta property=\"og:image:width\" content=\"800\" \/>\n\t<meta property=\"og:image:height\" content=\"800\" \/>\n\t<meta property=\"og:image:type\" content=\"image\/jpeg\" \/>\n<meta name=\"twitter:card\" content=\"summary_large_image\" \/>\n<meta name=\"twitter:label1\" content=\"Szacowany czas czytania\" \/>\n\t<meta name=\"twitter:data1\" content=\"2 minuty\" \/>\n<script type=\"application\/ld+json\" class=\"yoast-schema-graph\">{\"@context\":\"https:\/\/schema.org\",\"@graph\":[{\"@type\":\"WebPage\",\"@id\":\"https:\/\/ironsky.pl\/sklep\/produkt\/pix4dcloud-roczna-licencja\/\",\"url\":\"https:\/\/ironsky.pl\/sklep\/produkt\/pix4dcloud-roczna-licencja\/\",\"name\":\"Pix4Dcloud - roczna licencja - IRONSKY.PL Sklep z Dronami\",\"isPartOf\":{\"@id\":\"https:\/\/ironsky.pl\/sklep\/#website\"},\"primaryImageOfPage\":{\"@id\":\"https:\/\/ironsky.pl\/sklep\/produkt\/pix4dcloud-roczna-licencja\/#primaryimage\"},\"image\":{\"@id\":\"https:\/\/ironsky.pl\/sklep\/produkt\/pix4dcloud-roczna-licencja\/#primaryimage\"},\"thumbnailUrl\":\"https:\/\/ironsky.pl\/sklep\/wp-content\/uploads\/2024\/09\/36236_1.jpg\",\"datePublished\":\"2024-09-16T10:29:41+00:00\",\"dateModified\":\"2026-03-05T14:49:14+00:00\",\"description\":\"Pix4Dcloud - roczna licencja - \u2705 sklep z dronami i fachowym doradztwem. \u2705 Tutaj kupisz produkty DJI, Yuneec, Parrot, Syma i wiele innych, a tak\u017ce kursy i licencje na operatora drona.\",\"breadcrumb\":{\"@id\":\"https:\/\/ironsky.pl\/sklep\/produkt\/pix4dcloud-roczna-licencja\/#breadcrumb\"},\"inLanguage\":\"pl-PL\",\"potentialAction\":[{\"@type\":\"ReadAction\",\"target\":[\"https:\/\/ironsky.pl\/sklep\/produkt\/pix4dcloud-roczna-licencja\/\"]}]},{\"@type\":\"ImageObject\",\"inLanguage\":\"pl-PL\",\"@id\":\"https:\/\/ironsky.pl\/sklep\/produkt\/pix4dcloud-roczna-licencja\/#primaryimage\",\"url\":\"https:\/\/ironsky.pl\/sklep\/wp-content\/uploads\/2024\/09\/36236_1.jpg\",\"contentUrl\":\"https:\/\/ironsky.pl\/sklep\/wp-content\/uploads\/2024\/09\/36236_1.jpg\",\"width\":800,\"height\":800},{\"@type\":\"BreadcrumbList\",\"@id\":\"https:\/\/ironsky.pl\/sklep\/produkt\/pix4dcloud-roczna-licencja\/#breadcrumb\",\"itemListElement\":[{\"@type\":\"ListItem\",\"position\":1,\"name\":\"Strona g\u0142\u00f3wna\",\"item\":\"https:\/\/ironsky.pl\/sklep\/\"},{\"@type\":\"ListItem\",\"position\":2,\"name\":\"Wszystkie produkty\",\"item\":\"https:\/\/ironsky.pl\/sklep\/produkty\/\"},{\"@type\":\"ListItem\",\"position\":3,\"name\":\"Pix4Dcloud &#8211; roczna licencja\"}]},{\"@type\":\"WebSite\",\"@id\":\"https:\/\/ironsky.pl\/sklep\/#website\",\"url\":\"https:\/\/ironsky.pl\/sklep\/\",\"name\":\"IRONSKY.PL Sklep z Dronami\",\"description\":\"IRONSKY.PL Sklep z Dronami\",\"potentialAction\":[{\"@type\":\"SearchAction\",\"target\":{\"@type\":\"EntryPoint\",\"urlTemplate\":\"https:\/\/ironsky.pl\/sklep\/?s={search_term_string}\"},\"query-input\":{\"@type\":\"PropertyValueSpecification\",\"valueRequired\":true,\"valueName\":\"search_term_string\"}}],\"inLanguage\":\"pl-PL\"}]}<\/script>\n<!-- \/ Yoast SEO plugin. -->","yoast_head_json":{"title":"Pix4Dcloud - roczna licencja - IRONSKY.PL Sklep z Dronami","description":"Pix4Dcloud - roczna licencja - \u2705 sklep z dronami i fachowym doradztwem. \u2705 Tutaj kupisz produkty DJI, Yuneec, Parrot, Syma i wiele innych, a tak\u017ce kursy i licencje na operatora drona.","robots":{"index":"index","follow":"follow","max-snippet":"max-snippet:-1","max-image-preview":"max-image-preview:large","max-video-preview":"max-video-preview:-1"},"canonical":"https:\/\/ironsky.pl\/sklep\/produkt\/pix4dcloud-roczna-licencja\/","og_locale":"pl_PL","og_type":"article","og_title":"Pix4Dcloud - roczna licencja - IRONSKY.PL Sklep z Dronami","og_description":"Pix4Dcloud - roczna licencja - \u2705 sklep z dronami i fachowym doradztwem. \u2705 Tutaj kupisz produkty DJI, Yuneec, Parrot, Syma i wiele innych, a tak\u017ce kursy i licencje na operatora drona.","og_url":"https:\/\/ironsky.pl\/sklep\/produkt\/pix4dcloud-roczna-licencja\/","og_site_name":"IRONSKY.PL Sklep z Dronami","article_modified_time":"2026-03-05T14:49:14+00:00","og_image":[{"width":800,"height":800,"url":"https:\/\/ironsky.pl\/sklep\/wp-content\/uploads\/2024\/09\/36236_1.jpg","type":"image\/jpeg"}],"twitter_card":"summary_large_image","twitter_misc":{"Szacowany czas czytania":"2 minuty"},"schema":{"@context":"https:\/\/schema.org","@graph":[{"@type":"WebPage","@id":"https:\/\/ironsky.pl\/sklep\/produkt\/pix4dcloud-roczna-licencja\/","url":"https:\/\/ironsky.pl\/sklep\/produkt\/pix4dcloud-roczna-licencja\/","name":"Pix4Dcloud - roczna licencja - IRONSKY.PL Sklep z Dronami","isPartOf":{"@id":"https:\/\/ironsky.pl\/sklep\/#website"},"primaryImageOfPage":{"@id":"https:\/\/ironsky.pl\/sklep\/produkt\/pix4dcloud-roczna-licencja\/#primaryimage"},"image":{"@id":"https:\/\/ironsky.pl\/sklep\/produkt\/pix4dcloud-roczna-licencja\/#primaryimage"},"thumbnailUrl":"https:\/\/ironsky.pl\/sklep\/wp-content\/uploads\/2024\/09\/36236_1.jpg","datePublished":"2024-09-16T10:29:41+00:00","dateModified":"2026-03-05T14:49:14+00:00","description":"Pix4Dcloud - roczna licencja - \u2705 sklep z dronami i fachowym doradztwem. \u2705 Tutaj kupisz produkty DJI, Yuneec, Parrot, Syma i wiele innych, a tak\u017ce kursy i licencje na operatora drona.","breadcrumb":{"@id":"https:\/\/ironsky.pl\/sklep\/produkt\/pix4dcloud-roczna-licencja\/#breadcrumb"},"inLanguage":"pl-PL","potentialAction":[{"@type":"ReadAction","target":["https:\/\/ironsky.pl\/sklep\/produkt\/pix4dcloud-roczna-licencja\/"]}]},{"@type":"ImageObject","inLanguage":"pl-PL","@id":"https:\/\/ironsky.pl\/sklep\/produkt\/pix4dcloud-roczna-licencja\/#primaryimage","url":"https:\/\/ironsky.pl\/sklep\/wp-content\/uploads\/2024\/09\/36236_1.jpg","contentUrl":"https:\/\/ironsky.pl\/sklep\/wp-content\/uploads\/2024\/09\/36236_1.jpg","width":800,"height":800},{"@type":"BreadcrumbList","@id":"https:\/\/ironsky.pl\/sklep\/produkt\/pix4dcloud-roczna-licencja\/#breadcrumb","itemListElement":[{"@type":"ListItem","position":1,"name":"Strona g\u0142\u00f3wna","item":"https:\/\/ironsky.pl\/sklep\/"},{"@type":"ListItem","position":2,"name":"Wszystkie produkty","item":"https:\/\/ironsky.pl\/sklep\/produkty\/"},{"@type":"ListItem","position":3,"name":"Pix4Dcloud &#8211; roczna licencja"}]},{"@type":"WebSite","@id":"https:\/\/ironsky.pl\/sklep\/#website","url":"https:\/\/ironsky.pl\/sklep\/","name":"IRONSKY.PL Sklep z Dronami","description":"IRONSKY.PL Sklep z Dronami","potentialAction":[{"@type":"SearchAction","target":{"@type":"EntryPoint","urlTemplate":"https:\/\/ironsky.pl\/sklep\/?s={search_term_string}"},"query-input":{"@type":"PropertyValueSpecification","valueRequired":true,"valueName":"search_term_string"}}],"inLanguage":"pl-PL"}]}},"_links":{"self":[{"href":"https:\/\/ironsky.pl\/sklep\/wp-json\/wp\/v2\/product\/20736","targetHints":{"allow":["GET"]}}],"collection":[{"href":"https:\/\/ironsky.pl\/sklep\/wp-json\/wp\/v2\/product"}],"about":[{"href":"https:\/\/ironsky.pl\/sklep\/wp-json\/wp\/v2\/types\/product"}],"replies":[{"embeddable":true,"href":"https:\/\/ironsky.pl\/sklep\/wp-json\/wp\/v2\/comments?post=20736"}],"wp:featuredmedia":[{"embeddable":true,"href":"https:\/\/ironsky.pl\/sklep\/wp-json\/wp\/v2\/media\/20737"}],"wp:attachment":[{"href":"https:\/\/ironsky.pl\/sklep\/wp-json\/wp\/v2\/media?parent=20736"}],"wp:term":[{"taxonomy":"product_brand","embeddable":true,"href":"https:\/\/ironsky.pl\/sklep\/wp-json\/wp\/v2\/product_brand?post=20736"},{"taxonomy":"product_cat","embeddable":true,"href":"https:\/\/ironsky.pl\/sklep\/wp-json\/wp\/v2\/product_cat?post=20736"},{"taxonomy":"product_tag","embeddable":true,"href":"https:\/\/ironsky.pl\/sklep\/wp-json\/wp\/v2\/product_tag?post=20736"}],"curies":[{"name":"wp","href":"https:\/\/api.w.org\/{rel}","templated":true}]}}