{"id":20710,"date":"2024-09-16T12:28:48","date_gmt":"2024-09-16T10:28:48","guid":{"rendered":"http:\/\/gvshalph.pro-linuxpl.com\/ironskyprodukty\/produkt\/zestaw-4-filtrow-freewell-bright-day-dla-dji-mavic-3-pro-cine\/"},"modified":"2026-03-05T15:49:12","modified_gmt":"2026-03-05T14:49:12","slug":"zestaw-4-filtrow-freewell-bright-day-dla-dji-mavic-3-pro-cine","status":"publish","type":"product","link":"https:\/\/ironsky.pl\/sklep\/produkt\/zestaw-4-filtrow-freewell-bright-day-dla-dji-mavic-3-pro-cine\/","title":{"rendered":"Zestaw 4 filtr\u00f3w Freewell Bright Day dla DJI Mavic 3 Pro\/Cine"},"content":{"rendered":"<h3>Zestaw 4 filtr\u00f3w Freewell Bright Day dla DJI Mavic 3 Pro\/Cine<\/h3>\n<p>Zestaw 4 filtr\u00f3w Freewell Bright Day to klucz do uzyskania doskona\u0142ych efekt\u00f3w w jasne, s\u0142oneczne dni. S\u0105 idealnie dopasowane do drona DJI Mavic 3 Pro oraz DJI Mavic 3 Pro Cine, a ich monta\u017c jest wyj\u0105tkowo prosty. Nie wyp\u0142ywaj\u0105 r\u00f3wnie\u017c negatywnie na stabilno\u015b\u0107 gimbala. Wszystkie filtry zosta\u0142y umieszczone w praktycznym etui, kt\u00f3re nie tylko chroni, ale tak\u017ce u\u0142atwi Ci przenoszenie oraz przechowywanie.<\/p>\n<p><img decoding=\"async\" src=\"https:\/\/b2b.innpro.pl\/data\/include\/cms\/Freewell\/FW-M3P-BRG\/1.jpg\" alt=\"Freewell\/FW-M3P-BRG\/1\"><\/p>\n<h3>Profesjonalne uj\u0119cia w ka\u017cdych warunkach<\/h3>\n<p>W zestawie znajdziesz 4 r\u00f3\u017cne filtry ND\/PL \u2013 ND8\/PL, ND16\/PL, ND32\/PL oraz ND64\/PL. Ka\u017cdy z nich to po\u0142\u0105czenie filtru ND (zmniejszaj\u0105cego ilo\u015b\u0107 \u015bwiat\u0142a) i filtru PL (polaryzacyjnego), co daje Ci precyzyjn\u0105 kontrol\u0119 nad ekspozycj\u0105 i redukcj\u0105 niepo\u017c\u0105danych odbi\u0107 na powierzchniach wodnych i szklanych. Dzi\u0119ki nim uzyskasz fantastyczne efekty niezale\u017cnie od tego, czy jeste\u015b na pla\u017cy w pe\u0142nym s\u0142o\u0144cu czy w g\u00f3rach w blasku \u015bniegu.<\/p>\n<p><img decoding=\"async\" src=\"https:\/\/b2b.innpro.pl\/data\/include\/cms\/Freewell\/FW-M3P-BRG\/2.jpg\" alt=\"Freewell\/FW-M3P-BRG\/2\"><\/p>\n<h3>Najwy\u017csza jako\u015b\u0107 wykonania<\/h3>\n<p>Do wykonania filtr\u00f3w wykorzystano wysokiej jako\u015bci niemieckie szk\u0142o optyczne. Cechuj\u0105 si\u0119 ono neutralno\u015bci\u0105 koloru oraz wyj\u0105tkow\u0105 odporno\u015bci\u0105 na zarysowania. Filtry zosta\u0142y r\u00f3wnie\u017c pokryte specjaln\u0105 pow\u0142ok\u0105, kt\u00f3ra zapewnia skuteczn\u0105 ochron\u0119 przed wod\u0105, kurz\u0119 i olejem. Dzi\u0119ki temu mo\u017cesz mie\u0107 pewno\u015b\u0107, \u017ce filtry pozostan\u0105 w nienaruszonym stanie, bez wzgl\u0119du na warunki, w jakich pracujesz.<\/p>\n<p><img decoding=\"async\" src=\"https:\/\/b2b.innpro.pl\/data\/include\/cms\/Freewell\/FW-M3P-BRG\/7.jpg\" alt=\"Freewell\/FW-M3P-BRG\/7\"><\/p>\n<h3>W zestawie<\/h3>\n<ul>\n<li>filtr ND8\/PL<\/li>\n<li>filtr ND16\/PL<\/li>\n<li>filtr ND32\/PL<\/li>\n<li>filtr ND64\/PL <\/li>\n<li>etui ochronne<\/li>\n<\/ul>\n<div class=\"table-wrapper\">\n<table>\n<tbody>\n<tr>\n<th>Producent<\/th>\n<td>Freewell<\/td>\n<\/tr>\n<tr>\n<th>Model<\/th>\n<td>FW-M3P-BRG<\/td>\n<\/tr>\n<tr>\n<th>Kompatybilno\u015b\u0107<\/th>\n<td>DJI Mavic 3 Pro \/ Cine<\/td>\n<\/tr>\n<\/tbody>\n<\/table>\n<\/div>\n","protected":false},"excerpt":{"rendered":"<p>Zestaw 4 filtr\u00f3w Freewell Bright Day dla DJI Mavic 3 Pro\/Cine Zestaw 4 filtr\u00f3w Freewell Bright Day to klucz do<\/p>\n","protected":false},"featured_media":20711,"comment_status":"closed","ping_status":"open","template":"","meta":{"_acf_changed":false},"product_brand":[],"product_cat":[5593,1090,1091,1088],"product_tag":[],"class_list":{"0":"post-20710","1":"product","2":"type-product","3":"status-publish","4":"has-post-thumbnail","6":"product_cat-mavic-3","7":"product_cat-akcesoria","8":"product_cat-dji","9":"product_cat-drony","10":"pa_box-height-1847","11":"pa_box-length-2802","12":"pa_box-width-1673","13":"pa_gross-weight-1454","14":"pa_kompatybilnosc-filtry","15":"pa_model-mini-4-pro","16":"pa_net-weight-1609","18":"first","19":"outofstock","20":"taxable","21":"shipping-taxable","22":"purchasable","23":"product-type-simple"},"acf":[],"yoast_head":"<!-- This site is optimized with the Yoast SEO plugin v27.2 - https:\/\/yoast.com\/product\/yoast-seo-wordpress\/ -->\n<title>Zestaw 4 filtr\u00f3w Freewell Bright Day dla DJI Mavic 3 Pro\/Cine - IRONSKY.PL Sklep z Dronami<\/title>\n<meta name=\"description\" content=\"Zestaw 4 filtr\u00f3w Freewell Bright Day dla DJI Mavic 3 Pro\/Cine - \u2705 sklep z dronami i fachowym doradztwem. \u2705 Tutaj kupisz produkty DJI, Yuneec, Parrot, Syma i wiele innych, a tak\u017ce kursy i licencje na operatora drona.\" \/>\n<meta name=\"robots\" content=\"index, follow, max-snippet:-1, max-image-preview:large, max-video-preview:-1\" \/>\n<link rel=\"canonical\" href=\"https:\/\/ironsky.pl\/sklep\/produkt\/zestaw-4-filtrow-freewell-bright-day-dla-dji-mavic-3-pro-cine\/\" \/>\n<meta property=\"og:locale\" content=\"pl_PL\" \/>\n<meta property=\"og:type\" content=\"article\" \/>\n<meta property=\"og:title\" content=\"Zestaw 4 filtr\u00f3w Freewell Bright Day dla DJI Mavic 3 Pro\/Cine - IRONSKY.PL Sklep z Dronami\" \/>\n<meta property=\"og:description\" content=\"Zestaw 4 filtr\u00f3w Freewell Bright Day dla DJI Mavic 3 Pro\/Cine - \u2705 sklep z dronami i fachowym doradztwem. \u2705 Tutaj kupisz produkty DJI, Yuneec, Parrot, Syma i wiele innych, a tak\u017ce kursy i licencje na operatora drona.\" \/>\n<meta property=\"og:url\" content=\"https:\/\/ironsky.pl\/sklep\/produkt\/zestaw-4-filtrow-freewell-bright-day-dla-dji-mavic-3-pro-cine\/\" \/>\n<meta property=\"og:site_name\" content=\"IRONSKY.PL Sklep z Dronami\" \/>\n<meta property=\"article:modified_time\" content=\"2026-03-05T14:49:12+00:00\" \/>\n<meta property=\"og:image\" content=\"https:\/\/ironsky.pl\/sklep\/wp-content\/uploads\/2024\/09\/36016_1.jpg\" \/>\n\t<meta property=\"og:image:width\" content=\"800\" \/>\n\t<meta property=\"og:image:height\" content=\"800\" \/>\n\t<meta property=\"og:image:type\" content=\"image\/jpeg\" \/>\n<meta name=\"twitter:card\" content=\"summary_large_image\" \/>\n<meta name=\"twitter:label1\" content=\"Szacowany czas czytania\" \/>\n\t<meta name=\"twitter:data1\" content=\"1 minuta\" \/>\n<script type=\"application\/ld+json\" class=\"yoast-schema-graph\">{\"@context\":\"https:\/\/schema.org\",\"@graph\":[{\"@type\":\"WebPage\",\"@id\":\"https:\/\/ironsky.pl\/sklep\/produkt\/zestaw-4-filtrow-freewell-bright-day-dla-dji-mavic-3-pro-cine\/\",\"url\":\"https:\/\/ironsky.pl\/sklep\/produkt\/zestaw-4-filtrow-freewell-bright-day-dla-dji-mavic-3-pro-cine\/\",\"name\":\"Zestaw 4 filtr\u00f3w Freewell Bright Day dla DJI Mavic 3 Pro\/Cine - IRONSKY.PL Sklep z Dronami\",\"isPartOf\":{\"@id\":\"https:\/\/ironsky.pl\/sklep\/#website\"},\"primaryImageOfPage\":{\"@id\":\"https:\/\/ironsky.pl\/sklep\/produkt\/zestaw-4-filtrow-freewell-bright-day-dla-dji-mavic-3-pro-cine\/#primaryimage\"},\"image\":{\"@id\":\"https:\/\/ironsky.pl\/sklep\/produkt\/zestaw-4-filtrow-freewell-bright-day-dla-dji-mavic-3-pro-cine\/#primaryimage\"},\"thumbnailUrl\":\"https:\/\/ironsky.pl\/sklep\/wp-content\/uploads\/2024\/09\/36016_1.jpg\",\"datePublished\":\"2024-09-16T10:28:48+00:00\",\"dateModified\":\"2026-03-05T14:49:12+00:00\",\"description\":\"Zestaw 4 filtr\u00f3w Freewell Bright Day dla DJI Mavic 3 Pro\/Cine - \u2705 sklep z dronami i fachowym doradztwem. \u2705 Tutaj kupisz produkty DJI, Yuneec, Parrot, Syma i wiele innych, a tak\u017ce kursy i licencje na operatora drona.\",\"breadcrumb\":{\"@id\":\"https:\/\/ironsky.pl\/sklep\/produkt\/zestaw-4-filtrow-freewell-bright-day-dla-dji-mavic-3-pro-cine\/#breadcrumb\"},\"inLanguage\":\"pl-PL\",\"potentialAction\":[{\"@type\":\"ReadAction\",\"target\":[\"https:\/\/ironsky.pl\/sklep\/produkt\/zestaw-4-filtrow-freewell-bright-day-dla-dji-mavic-3-pro-cine\/\"]}]},{\"@type\":\"ImageObject\",\"inLanguage\":\"pl-PL\",\"@id\":\"https:\/\/ironsky.pl\/sklep\/produkt\/zestaw-4-filtrow-freewell-bright-day-dla-dji-mavic-3-pro-cine\/#primaryimage\",\"url\":\"https:\/\/ironsky.pl\/sklep\/wp-content\/uploads\/2024\/09\/36016_1.jpg\",\"contentUrl\":\"https:\/\/ironsky.pl\/sklep\/wp-content\/uploads\/2024\/09\/36016_1.jpg\",\"width\":800,\"height\":800},{\"@type\":\"BreadcrumbList\",\"@id\":\"https:\/\/ironsky.pl\/sklep\/produkt\/zestaw-4-filtrow-freewell-bright-day-dla-dji-mavic-3-pro-cine\/#breadcrumb\",\"itemListElement\":[{\"@type\":\"ListItem\",\"position\":1,\"name\":\"Strona g\u0142\u00f3wna\",\"item\":\"https:\/\/ironsky.pl\/sklep\/\"},{\"@type\":\"ListItem\",\"position\":2,\"name\":\"Wszystkie produkty\",\"item\":\"https:\/\/ironsky.pl\/sklep\/produkty\/\"},{\"@type\":\"ListItem\",\"position\":3,\"name\":\"Zestaw 4 filtr\u00f3w Freewell Bright Day dla DJI Mavic 3 Pro\/Cine\"}]},{\"@type\":\"WebSite\",\"@id\":\"https:\/\/ironsky.pl\/sklep\/#website\",\"url\":\"https:\/\/ironsky.pl\/sklep\/\",\"name\":\"IRONSKY.PL Sklep z Dronami\",\"description\":\"IRONSKY.PL Sklep z Dronami\",\"potentialAction\":[{\"@type\":\"SearchAction\",\"target\":{\"@type\":\"EntryPoint\",\"urlTemplate\":\"https:\/\/ironsky.pl\/sklep\/?s={search_term_string}\"},\"query-input\":{\"@type\":\"PropertyValueSpecification\",\"valueRequired\":true,\"valueName\":\"search_term_string\"}}],\"inLanguage\":\"pl-PL\"}]}<\/script>\n<!-- \/ Yoast SEO plugin. -->","yoast_head_json":{"title":"Zestaw 4 filtr\u00f3w Freewell Bright Day dla DJI Mavic 3 Pro\/Cine - IRONSKY.PL Sklep z Dronami","description":"Zestaw 4 filtr\u00f3w Freewell Bright Day dla DJI Mavic 3 Pro\/Cine - \u2705 sklep z dronami i fachowym doradztwem. \u2705 Tutaj kupisz produkty DJI, Yuneec, Parrot, Syma i wiele innych, a tak\u017ce kursy i licencje na operatora drona.","robots":{"index":"index","follow":"follow","max-snippet":"max-snippet:-1","max-image-preview":"max-image-preview:large","max-video-preview":"max-video-preview:-1"},"canonical":"https:\/\/ironsky.pl\/sklep\/produkt\/zestaw-4-filtrow-freewell-bright-day-dla-dji-mavic-3-pro-cine\/","og_locale":"pl_PL","og_type":"article","og_title":"Zestaw 4 filtr\u00f3w Freewell Bright Day dla DJI Mavic 3 Pro\/Cine - IRONSKY.PL Sklep z Dronami","og_description":"Zestaw 4 filtr\u00f3w Freewell Bright Day dla DJI Mavic 3 Pro\/Cine - \u2705 sklep z dronami i fachowym doradztwem. \u2705 Tutaj kupisz produkty DJI, Yuneec, Parrot, Syma i wiele innych, a tak\u017ce kursy i licencje na operatora drona.","og_url":"https:\/\/ironsky.pl\/sklep\/produkt\/zestaw-4-filtrow-freewell-bright-day-dla-dji-mavic-3-pro-cine\/","og_site_name":"IRONSKY.PL Sklep z Dronami","article_modified_time":"2026-03-05T14:49:12+00:00","og_image":[{"width":800,"height":800,"url":"https:\/\/ironsky.pl\/sklep\/wp-content\/uploads\/2024\/09\/36016_1.jpg","type":"image\/jpeg"}],"twitter_card":"summary_large_image","twitter_misc":{"Szacowany czas czytania":"1 minuta"},"schema":{"@context":"https:\/\/schema.org","@graph":[{"@type":"WebPage","@id":"https:\/\/ironsky.pl\/sklep\/produkt\/zestaw-4-filtrow-freewell-bright-day-dla-dji-mavic-3-pro-cine\/","url":"https:\/\/ironsky.pl\/sklep\/produkt\/zestaw-4-filtrow-freewell-bright-day-dla-dji-mavic-3-pro-cine\/","name":"Zestaw 4 filtr\u00f3w Freewell Bright Day dla DJI Mavic 3 Pro\/Cine - IRONSKY.PL Sklep z Dronami","isPartOf":{"@id":"https:\/\/ironsky.pl\/sklep\/#website"},"primaryImageOfPage":{"@id":"https:\/\/ironsky.pl\/sklep\/produkt\/zestaw-4-filtrow-freewell-bright-day-dla-dji-mavic-3-pro-cine\/#primaryimage"},"image":{"@id":"https:\/\/ironsky.pl\/sklep\/produkt\/zestaw-4-filtrow-freewell-bright-day-dla-dji-mavic-3-pro-cine\/#primaryimage"},"thumbnailUrl":"https:\/\/ironsky.pl\/sklep\/wp-content\/uploads\/2024\/09\/36016_1.jpg","datePublished":"2024-09-16T10:28:48+00:00","dateModified":"2026-03-05T14:49:12+00:00","description":"Zestaw 4 filtr\u00f3w Freewell Bright Day dla DJI Mavic 3 Pro\/Cine - \u2705 sklep z dronami i fachowym doradztwem. \u2705 Tutaj kupisz produkty DJI, Yuneec, Parrot, Syma i wiele innych, a tak\u017ce kursy i licencje na operatora drona.","breadcrumb":{"@id":"https:\/\/ironsky.pl\/sklep\/produkt\/zestaw-4-filtrow-freewell-bright-day-dla-dji-mavic-3-pro-cine\/#breadcrumb"},"inLanguage":"pl-PL","potentialAction":[{"@type":"ReadAction","target":["https:\/\/ironsky.pl\/sklep\/produkt\/zestaw-4-filtrow-freewell-bright-day-dla-dji-mavic-3-pro-cine\/"]}]},{"@type":"ImageObject","inLanguage":"pl-PL","@id":"https:\/\/ironsky.pl\/sklep\/produkt\/zestaw-4-filtrow-freewell-bright-day-dla-dji-mavic-3-pro-cine\/#primaryimage","url":"https:\/\/ironsky.pl\/sklep\/wp-content\/uploads\/2024\/09\/36016_1.jpg","contentUrl":"https:\/\/ironsky.pl\/sklep\/wp-content\/uploads\/2024\/09\/36016_1.jpg","width":800,"height":800},{"@type":"BreadcrumbList","@id":"https:\/\/ironsky.pl\/sklep\/produkt\/zestaw-4-filtrow-freewell-bright-day-dla-dji-mavic-3-pro-cine\/#breadcrumb","itemListElement":[{"@type":"ListItem","position":1,"name":"Strona g\u0142\u00f3wna","item":"https:\/\/ironsky.pl\/sklep\/"},{"@type":"ListItem","position":2,"name":"Wszystkie produkty","item":"https:\/\/ironsky.pl\/sklep\/produkty\/"},{"@type":"ListItem","position":3,"name":"Zestaw 4 filtr\u00f3w Freewell Bright Day dla DJI Mavic 3 Pro\/Cine"}]},{"@type":"WebSite","@id":"https:\/\/ironsky.pl\/sklep\/#website","url":"https:\/\/ironsky.pl\/sklep\/","name":"IRONSKY.PL Sklep z Dronami","description":"IRONSKY.PL Sklep z Dronami","potentialAction":[{"@type":"SearchAction","target":{"@type":"EntryPoint","urlTemplate":"https:\/\/ironsky.pl\/sklep\/?s={search_term_string}"},"query-input":{"@type":"PropertyValueSpecification","valueRequired":true,"valueName":"search_term_string"}}],"inLanguage":"pl-PL"}]}},"_links":{"self":[{"href":"https:\/\/ironsky.pl\/sklep\/wp-json\/wp\/v2\/product\/20710","targetHints":{"allow":["GET"]}}],"collection":[{"href":"https:\/\/ironsky.pl\/sklep\/wp-json\/wp\/v2\/product"}],"about":[{"href":"https:\/\/ironsky.pl\/sklep\/wp-json\/wp\/v2\/types\/product"}],"replies":[{"embeddable":true,"href":"https:\/\/ironsky.pl\/sklep\/wp-json\/wp\/v2\/comments?post=20710"}],"wp:featuredmedia":[{"embeddable":true,"href":"https:\/\/ironsky.pl\/sklep\/wp-json\/wp\/v2\/media\/20711"}],"wp:attachment":[{"href":"https:\/\/ironsky.pl\/sklep\/wp-json\/wp\/v2\/media?parent=20710"}],"wp:term":[{"taxonomy":"product_brand","embeddable":true,"href":"https:\/\/ironsky.pl\/sklep\/wp-json\/wp\/v2\/product_brand?post=20710"},{"taxonomy":"product_cat","embeddable":true,"href":"https:\/\/ironsky.pl\/sklep\/wp-json\/wp\/v2\/product_cat?post=20710"},{"taxonomy":"product_tag","embeddable":true,"href":"https:\/\/ironsky.pl\/sklep\/wp-json\/wp\/v2\/product_tag?post=20710"}],"curies":[{"name":"wp","href":"https:\/\/api.w.org\/{rel}","templated":true}]}}