{"id":20700,"date":"2024-09-16T12:28:48","date_gmt":"2024-09-16T10:28:48","guid":{"rendered":"http:\/\/gvshalph.pro-linuxpl.com\/ironskyprodukty\/produkt\/walizka-bw-typu-3000-do-dji-air-3-brazowo-zielony\/"},"modified":"2026-03-05T15:49:12","modified_gmt":"2026-03-05T14:49:12","slug":"walizka-bw-typu-3000-do-dji-air-3-brazowo-zielony","status":"publish","type":"product","link":"https:\/\/ironsky.pl\/sklep\/produkt\/walizka-bw-typu-3000-do-dji-air-3-brazowo-zielony\/","title":{"rendered":"Walizka B&#038;W typu 3000 do DJI Air 3 (br\u0105zowo-zielony)"},"content":{"rendered":"<h3>Walizka B&#038;W typu 3000 do DJI Air 3 (br\u0105zowo-zielona)<\/h3>\n<p>Walizka B&#038;W typu 3000 zosta\u0142a stworzona z my\u015bl\u0105 o zapewnieniu bezpiecze\u0144stwa dronowi DJI Air 3 i jego akcesoriom. Produkt wykonano z wytrzyma\u0142ego materia\u0142u PP, dzi\u0119ki czemu zapewnia on niezawodn\u0105 ochron\u0119 przed uszkodzeniami mechanicznymi. Liczne certyfikaty potwierdzaj\u0105 wysok\u0105 jako\u015b\u0107 wykonania. Akcesorium wyr\u00f3\u017cnia si\u0119 tak\u017ce wodoodporno\u015bci\u0105 na poziomie IP67 i jest przystosowane do podr\u00f3\u017cy samolotem. Innowacyjne zatrzaski pozwalaj\u0105 na wygodny dost\u0119p do jego zawarto\u015bci, a dwa otwory na k\u0142\u00f3dki (\u00d8 7.0 mm) eliminuj\u0105 ryzyko dost\u0119pu os\u00f3b nieuprawnionych.<\/p>\n<p><img decoding=\"async\" src=\"https:\/\/b2b.innpro.pl\/data\/include\/cms\/BW\/3000-BG-Air3\/6.jpg\" alt=\"BW\/3000-BG-Air3\/6\"><\/p>\n<h3>Kompleksowa ochrona Twojego drona<\/h3>\n<p>Zadbaj o bezpiecze\u0144stwo swojego drona. Walizka B&#038;W pozwala na wygodne przechowywanie i transport drona. Mo\u017cesz mie\u0107 pewno\u015b\u0107, \u017ce Tw\u00f3j DJI Air 3 dotrze do celu w nienaruszonym stanie \u2013 niezale\u017cnie od warunk\u00f3w. Akcesorium chroni urz\u0105dzenie przed \u015bniegiem, gradem, deszczem, a nawet ekstremalnymi temperaturami w zakresie od -30\u00b0C do +80\u00b0C. Jest te\u017c odporne na uderzenia i wstrz\u0105sy, dzi\u0119ki czemu Tw\u00f3j dron nie zostanie uszkodzony w wyniku ewentualnego upadku. Trwa\u0142o\u015b\u0107 produktu potwierdzaj\u0105 takie certyfikaty jak MIL-STD-810, STANAG 4280, DEF STAN 81-41 oraz ATA 300.<\/p>\n<p><img decoding=\"async\" src=\"https:\/\/b2b.innpro.pl\/data\/include\/cms\/BW\/3000-BG-Air3\/4.jpg\" alt=\"BW\/3000-BG-Air3\/4\"><\/p>\n<h3>Niezb\u0119dnik podczas podr\u00f3\u017cy<\/h3>\n<p>Je\u015bli planujesz podr\u00f3\u017c samolotem i chcesz uwieczni\u0107 zapieraj\u0105ce dech w piersiach widoki krajobrazu z powietrza za pomoc\u0105 DJI Air 3, koniecznie zabierz ze sob\u0105 walizk\u0119 B&#038;W. Dzi\u0119ki precyzyjnie dopasowanej wk\u0142adce piankowej dron jest optymalnie zabezpieczony przed wszelkimi wstrz\u0105sami w trakcie podr\u00f3\u017cy. Automatyczny zaw\u00f3r kompensacji ci\u015bnienia pozwala na wygodny transport lotniczy. We wn\u0119trzu walizki znajduje si\u0119 kiesze\u0144 na dokumenty, a praktyczna etykieta na nazwisko umo\u017cliwia identyfikacj\u0119. Waga produktu nie przekracza 2.1 kg, a jego wymiary wynosz\u0105 365 x 295 x 170 mm. Gumowana r\u0105czka u\u0142atwia przenoszenie.<\/p>\n<p><img decoding=\"async\" src=\"https:\/\/b2b.innpro.pl\/data\/include\/cms\/BW\/3000-BG-Air3\/5.jpg\" alt=\"BW\/3000-BG-Air3\/5\"><\/p>\n<h3>Imponuj\u0105ca pojemno\u015b\u0107<\/h3>\n<p>Pojemno\u015b\u0107 walizki wynosi a\u017c 11.7 l. Dzi\u0119ki temu mo\u017cesz swobodnie umie\u015bci\u0107 w niej nie tylko DJI Air 3, ale tak\u017ce niezb\u0119dn\u0105 aparatur\u0119, w tym zestaw filtr\u00f3w ND czy te\u017c obiektyw szerokok\u0105tny. Specjalna wk\u0142adka piankowa pozwala r\u00f3wnie\u017c na przew\u00f3z a\u017c 4 dodatkowych akumulator\u00f3w (w tym jeden musi by\u0107 umieszczony w dronie). Produkt jest tak\u017ce kompatybilny z DJI RC-N2 i DJI RC2.<\/p>\n<p><img decoding=\"async\" src=\"https:\/\/b2b.innpro.pl\/data\/include\/cms\/BW\/3000-BG-Air3\/7.jpg\" alt=\"BW\/3000-BG-Air3\/7\"><\/p>\n<div class=\"table-wrapper\">\n<table>\n<tbody>\n<tr>\n<th>Producent<\/th>\n<td>B&#038;W<\/td>\n<\/tr>\n<tr>\n<th>Model<\/th>\n<td>3000\/BG\/Air3<\/td>\n<\/tr>\n<tr>\n<th>Przeznaczenie<\/th>\n<td>DJI Air 3<\/td>\n<\/tr>\n<tr>\n<th>Pojemno\u015b\u0107<\/th>\n<td>11.7 l<\/td>\n<\/tr>\n<tr>\n<th>Wymiary<\/th>\n<td>365 x 295 x 170 mm<\/td>\n<\/tr>\n<tr>\n<th>Waga<\/th>\n<td>2.1 kg<\/td>\n<\/tr>\n<tr>\n<th>Kolor<\/th>\n<td>br\u0105zowo-zielony<\/td>\n<\/tr>\n<\/tbody>\n<\/table>\n<\/div>\n","protected":false},"excerpt":{"rendered":"<p>Walizka B&#038;W typu 3000 do DJI Air 3 (br\u0105zowo-zielona) Walizka B&#038;W typu 3000 zosta\u0142a stworzona z my\u015bl\u0105 o zapewnieniu bezpiecze\u0144stwa<\/p>\n","protected":false},"featured_media":20701,"comment_status":"closed","ping_status":"open","template":"","meta":{"_acf_changed":false},"product_brand":[],"product_cat":[5591,1090,1091,1088,1098],"product_tag":[],"class_list":{"0":"post-20700","1":"product","2":"type-product","3":"status-publish","4":"has-post-thumbnail","6":"product_cat-air-3","7":"product_cat-akcesoria","8":"product_cat-dji","9":"product_cat-drony","10":"product_cat-torby-i-walizki-na-drony","11":"pa_box-height-2176","12":"pa_box-length-3850","13":"pa_box-width-1963","14":"pa_gross-weight-2631","15":"pa_hs-code-1768","16":"pa_kompatybilnosc-etui-i-pokrowce","17":"pa_net-weight-2100","18":"pa_seria-air-dji-air-3","20":"first","21":"outofstock","22":"taxable","23":"shipping-taxable","24":"purchasable","25":"product-type-simple"},"acf":[],"yoast_head":"<!-- This site is optimized with the Yoast SEO plugin v27.2 - https:\/\/yoast.com\/product\/yoast-seo-wordpress\/ -->\n<title>Walizka B&amp;W typu 3000 do DJI Air 3 (br\u0105zowo-zielony) - IRONSKY.PL Sklep z Dronami<\/title>\n<meta name=\"description\" content=\"Walizka B&amp;W typu 3000 do DJI Air 3 (br\u0105zowo-zielony) - \u2705 sklep z dronami i fachowym doradztwem. \u2705 Tutaj kupisz produkty DJI, Yuneec, Parrot, Syma i wiele innych, a tak\u017ce kursy i licencje na operatora drona.\" \/>\n<meta name=\"robots\" content=\"index, follow, max-snippet:-1, max-image-preview:large, max-video-preview:-1\" \/>\n<link rel=\"canonical\" href=\"https:\/\/ironsky.pl\/sklep\/produkt\/walizka-bw-typu-3000-do-dji-air-3-brazowo-zielony\/\" \/>\n<meta property=\"og:locale\" content=\"pl_PL\" \/>\n<meta property=\"og:type\" content=\"article\" \/>\n<meta property=\"og:title\" content=\"Walizka B&amp;W typu 3000 do DJI Air 3 (br\u0105zowo-zielony) - IRONSKY.PL Sklep z Dronami\" \/>\n<meta property=\"og:description\" content=\"Walizka B&amp;W typu 3000 do DJI Air 3 (br\u0105zowo-zielony) - \u2705 sklep z dronami i fachowym doradztwem. \u2705 Tutaj kupisz produkty DJI, Yuneec, Parrot, Syma i wiele innych, a tak\u017ce kursy i licencje na operatora drona.\" \/>\n<meta property=\"og:url\" content=\"https:\/\/ironsky.pl\/sklep\/produkt\/walizka-bw-typu-3000-do-dji-air-3-brazowo-zielony\/\" \/>\n<meta property=\"og:site_name\" content=\"IRONSKY.PL Sklep z Dronami\" \/>\n<meta property=\"article:modified_time\" content=\"2026-03-05T14:49:12+00:00\" \/>\n<meta property=\"og:image\" content=\"https:\/\/ironsky.pl\/sklep\/wp-content\/uploads\/2024\/09\/35945_1.jpg\" \/>\n\t<meta property=\"og:image:width\" content=\"800\" \/>\n\t<meta property=\"og:image:height\" content=\"800\" \/>\n\t<meta property=\"og:image:type\" content=\"image\/jpeg\" \/>\n<meta name=\"twitter:card\" content=\"summary_large_image\" \/>\n<meta name=\"twitter:label1\" content=\"Szacowany czas czytania\" \/>\n\t<meta name=\"twitter:data1\" content=\"2 minuty\" \/>\n<script type=\"application\/ld+json\" class=\"yoast-schema-graph\">{\"@context\":\"https:\/\/schema.org\",\"@graph\":[{\"@type\":\"WebPage\",\"@id\":\"https:\/\/ironsky.pl\/sklep\/produkt\/walizka-bw-typu-3000-do-dji-air-3-brazowo-zielony\/\",\"url\":\"https:\/\/ironsky.pl\/sklep\/produkt\/walizka-bw-typu-3000-do-dji-air-3-brazowo-zielony\/\",\"name\":\"Walizka B&W typu 3000 do DJI Air 3 (br\u0105zowo-zielony) - IRONSKY.PL Sklep z Dronami\",\"isPartOf\":{\"@id\":\"https:\/\/ironsky.pl\/sklep\/#website\"},\"primaryImageOfPage\":{\"@id\":\"https:\/\/ironsky.pl\/sklep\/produkt\/walizka-bw-typu-3000-do-dji-air-3-brazowo-zielony\/#primaryimage\"},\"image\":{\"@id\":\"https:\/\/ironsky.pl\/sklep\/produkt\/walizka-bw-typu-3000-do-dji-air-3-brazowo-zielony\/#primaryimage\"},\"thumbnailUrl\":\"https:\/\/ironsky.pl\/sklep\/wp-content\/uploads\/2024\/09\/35945_1.jpg\",\"datePublished\":\"2024-09-16T10:28:48+00:00\",\"dateModified\":\"2026-03-05T14:49:12+00:00\",\"description\":\"Walizka B&W typu 3000 do DJI Air 3 (br\u0105zowo-zielony) - \u2705 sklep z dronami i fachowym doradztwem. \u2705 Tutaj kupisz produkty DJI, Yuneec, Parrot, Syma i wiele innych, a tak\u017ce kursy i licencje na operatora drona.\",\"breadcrumb\":{\"@id\":\"https:\/\/ironsky.pl\/sklep\/produkt\/walizka-bw-typu-3000-do-dji-air-3-brazowo-zielony\/#breadcrumb\"},\"inLanguage\":\"pl-PL\",\"potentialAction\":[{\"@type\":\"ReadAction\",\"target\":[\"https:\/\/ironsky.pl\/sklep\/produkt\/walizka-bw-typu-3000-do-dji-air-3-brazowo-zielony\/\"]}]},{\"@type\":\"ImageObject\",\"inLanguage\":\"pl-PL\",\"@id\":\"https:\/\/ironsky.pl\/sklep\/produkt\/walizka-bw-typu-3000-do-dji-air-3-brazowo-zielony\/#primaryimage\",\"url\":\"https:\/\/ironsky.pl\/sklep\/wp-content\/uploads\/2024\/09\/35945_1.jpg\",\"contentUrl\":\"https:\/\/ironsky.pl\/sklep\/wp-content\/uploads\/2024\/09\/35945_1.jpg\",\"width\":800,\"height\":800},{\"@type\":\"BreadcrumbList\",\"@id\":\"https:\/\/ironsky.pl\/sklep\/produkt\/walizka-bw-typu-3000-do-dji-air-3-brazowo-zielony\/#breadcrumb\",\"itemListElement\":[{\"@type\":\"ListItem\",\"position\":1,\"name\":\"Strona g\u0142\u00f3wna\",\"item\":\"https:\/\/ironsky.pl\/sklep\/\"},{\"@type\":\"ListItem\",\"position\":2,\"name\":\"Wszystkie produkty\",\"item\":\"https:\/\/ironsky.pl\/sklep\/produkty\/\"},{\"@type\":\"ListItem\",\"position\":3,\"name\":\"Walizka B&#038;W typu 3000 do DJI Air 3 (br\u0105zowo-zielony)\"}]},{\"@type\":\"WebSite\",\"@id\":\"https:\/\/ironsky.pl\/sklep\/#website\",\"url\":\"https:\/\/ironsky.pl\/sklep\/\",\"name\":\"IRONSKY.PL Sklep z Dronami\",\"description\":\"IRONSKY.PL Sklep z Dronami\",\"potentialAction\":[{\"@type\":\"SearchAction\",\"target\":{\"@type\":\"EntryPoint\",\"urlTemplate\":\"https:\/\/ironsky.pl\/sklep\/?s={search_term_string}\"},\"query-input\":{\"@type\":\"PropertyValueSpecification\",\"valueRequired\":true,\"valueName\":\"search_term_string\"}}],\"inLanguage\":\"pl-PL\"}]}<\/script>\n<!-- \/ Yoast SEO plugin. -->","yoast_head_json":{"title":"Walizka B&W typu 3000 do DJI Air 3 (br\u0105zowo-zielony) - IRONSKY.PL Sklep z Dronami","description":"Walizka B&W typu 3000 do DJI Air 3 (br\u0105zowo-zielony) - \u2705 sklep z dronami i fachowym doradztwem. \u2705 Tutaj kupisz produkty DJI, Yuneec, Parrot, Syma i wiele innych, a tak\u017ce kursy i licencje na operatora drona.","robots":{"index":"index","follow":"follow","max-snippet":"max-snippet:-1","max-image-preview":"max-image-preview:large","max-video-preview":"max-video-preview:-1"},"canonical":"https:\/\/ironsky.pl\/sklep\/produkt\/walizka-bw-typu-3000-do-dji-air-3-brazowo-zielony\/","og_locale":"pl_PL","og_type":"article","og_title":"Walizka B&W typu 3000 do DJI Air 3 (br\u0105zowo-zielony) - IRONSKY.PL Sklep z Dronami","og_description":"Walizka B&W typu 3000 do DJI Air 3 (br\u0105zowo-zielony) - \u2705 sklep z dronami i fachowym doradztwem. \u2705 Tutaj kupisz produkty DJI, Yuneec, Parrot, Syma i wiele innych, a tak\u017ce kursy i licencje na operatora drona.","og_url":"https:\/\/ironsky.pl\/sklep\/produkt\/walizka-bw-typu-3000-do-dji-air-3-brazowo-zielony\/","og_site_name":"IRONSKY.PL Sklep z Dronami","article_modified_time":"2026-03-05T14:49:12+00:00","og_image":[{"width":800,"height":800,"url":"https:\/\/ironsky.pl\/sklep\/wp-content\/uploads\/2024\/09\/35945_1.jpg","type":"image\/jpeg"}],"twitter_card":"summary_large_image","twitter_misc":{"Szacowany czas czytania":"2 minuty"},"schema":{"@context":"https:\/\/schema.org","@graph":[{"@type":"WebPage","@id":"https:\/\/ironsky.pl\/sklep\/produkt\/walizka-bw-typu-3000-do-dji-air-3-brazowo-zielony\/","url":"https:\/\/ironsky.pl\/sklep\/produkt\/walizka-bw-typu-3000-do-dji-air-3-brazowo-zielony\/","name":"Walizka B&W typu 3000 do DJI Air 3 (br\u0105zowo-zielony) - IRONSKY.PL Sklep z Dronami","isPartOf":{"@id":"https:\/\/ironsky.pl\/sklep\/#website"},"primaryImageOfPage":{"@id":"https:\/\/ironsky.pl\/sklep\/produkt\/walizka-bw-typu-3000-do-dji-air-3-brazowo-zielony\/#primaryimage"},"image":{"@id":"https:\/\/ironsky.pl\/sklep\/produkt\/walizka-bw-typu-3000-do-dji-air-3-brazowo-zielony\/#primaryimage"},"thumbnailUrl":"https:\/\/ironsky.pl\/sklep\/wp-content\/uploads\/2024\/09\/35945_1.jpg","datePublished":"2024-09-16T10:28:48+00:00","dateModified":"2026-03-05T14:49:12+00:00","description":"Walizka B&W typu 3000 do DJI Air 3 (br\u0105zowo-zielony) - \u2705 sklep z dronami i fachowym doradztwem. \u2705 Tutaj kupisz produkty DJI, Yuneec, Parrot, Syma i wiele innych, a tak\u017ce kursy i licencje na operatora drona.","breadcrumb":{"@id":"https:\/\/ironsky.pl\/sklep\/produkt\/walizka-bw-typu-3000-do-dji-air-3-brazowo-zielony\/#breadcrumb"},"inLanguage":"pl-PL","potentialAction":[{"@type":"ReadAction","target":["https:\/\/ironsky.pl\/sklep\/produkt\/walizka-bw-typu-3000-do-dji-air-3-brazowo-zielony\/"]}]},{"@type":"ImageObject","inLanguage":"pl-PL","@id":"https:\/\/ironsky.pl\/sklep\/produkt\/walizka-bw-typu-3000-do-dji-air-3-brazowo-zielony\/#primaryimage","url":"https:\/\/ironsky.pl\/sklep\/wp-content\/uploads\/2024\/09\/35945_1.jpg","contentUrl":"https:\/\/ironsky.pl\/sklep\/wp-content\/uploads\/2024\/09\/35945_1.jpg","width":800,"height":800},{"@type":"BreadcrumbList","@id":"https:\/\/ironsky.pl\/sklep\/produkt\/walizka-bw-typu-3000-do-dji-air-3-brazowo-zielony\/#breadcrumb","itemListElement":[{"@type":"ListItem","position":1,"name":"Strona g\u0142\u00f3wna","item":"https:\/\/ironsky.pl\/sklep\/"},{"@type":"ListItem","position":2,"name":"Wszystkie produkty","item":"https:\/\/ironsky.pl\/sklep\/produkty\/"},{"@type":"ListItem","position":3,"name":"Walizka B&#038;W typu 3000 do DJI Air 3 (br\u0105zowo-zielony)"}]},{"@type":"WebSite","@id":"https:\/\/ironsky.pl\/sklep\/#website","url":"https:\/\/ironsky.pl\/sklep\/","name":"IRONSKY.PL Sklep z Dronami","description":"IRONSKY.PL Sklep z Dronami","potentialAction":[{"@type":"SearchAction","target":{"@type":"EntryPoint","urlTemplate":"https:\/\/ironsky.pl\/sklep\/?s={search_term_string}"},"query-input":{"@type":"PropertyValueSpecification","valueRequired":true,"valueName":"search_term_string"}}],"inLanguage":"pl-PL"}]}},"_links":{"self":[{"href":"https:\/\/ironsky.pl\/sklep\/wp-json\/wp\/v2\/product\/20700","targetHints":{"allow":["GET"]}}],"collection":[{"href":"https:\/\/ironsky.pl\/sklep\/wp-json\/wp\/v2\/product"}],"about":[{"href":"https:\/\/ironsky.pl\/sklep\/wp-json\/wp\/v2\/types\/product"}],"replies":[{"embeddable":true,"href":"https:\/\/ironsky.pl\/sklep\/wp-json\/wp\/v2\/comments?post=20700"}],"wp:featuredmedia":[{"embeddable":true,"href":"https:\/\/ironsky.pl\/sklep\/wp-json\/wp\/v2\/media\/20701"}],"wp:attachment":[{"href":"https:\/\/ironsky.pl\/sklep\/wp-json\/wp\/v2\/media?parent=20700"}],"wp:term":[{"taxonomy":"product_brand","embeddable":true,"href":"https:\/\/ironsky.pl\/sklep\/wp-json\/wp\/v2\/product_brand?post=20700"},{"taxonomy":"product_cat","embeddable":true,"href":"https:\/\/ironsky.pl\/sklep\/wp-json\/wp\/v2\/product_cat?post=20700"},{"taxonomy":"product_tag","embeddable":true,"href":"https:\/\/ironsky.pl\/sklep\/wp-json\/wp\/v2\/product_tag?post=20700"}],"curies":[{"name":"wp","href":"https:\/\/api.w.org\/{rel}","templated":true}]}}