{"id":20646,"date":"2024-09-16T12:27:53","date_gmt":"2024-09-16T10:27:53","guid":{"rendered":"http:\/\/gvshalph.pro-linuxpl.com\/ironskyprodukty\/produkt\/zestaw-2-regulowanych-filtrow-freewell-dji-osmo-pocket-3-nd-1-5-stop-6-9-stop\/"},"modified":"2026-03-05T15:49:09","modified_gmt":"2026-03-05T14:49:09","slug":"zestaw-2-regulowanych-filtrow-freewell-dji-osmo-pocket-3-nd-1-5-stop-6-9-stop","status":"publish","type":"product","link":"https:\/\/ironsky.pl\/sklep\/produkt\/zestaw-2-regulowanych-filtrow-freewell-dji-osmo-pocket-3-nd-1-5-stop-6-9-stop\/","title":{"rendered":"Zestaw 2 regulowanych filtr\u00f3w Freewell DJI Osmo Pocket 3 ND 1-5 Stop, 6-9 Stop"},"content":{"rendered":"<h3>Freewell DJI Osmo Pocket 3 VND 1-5 Stop, 6-9 Stop<\/h3>\n<p>Zestaw zawiera 2 filtry VND 1-5 stopni oraz VND 6-9 stopni. Zosta\u0142y zaprojektowane dla kamer kieszonkowych DJI Osmo Pocket 3 i umo\u017cliwiaj\u0105 u\u017cycie szerszych ustawie\u0144 przys\u0142ony dla uzyskania p\u0142ytszej g\u0142\u0119bi ostro\u015bci lub rozmycia ruchu. Aby zmieni\u0107 efekt polaryzacji, wystarczy przekr\u0119ci\u0107 pier\u015bcie\u0144 filtra. Wyr\u00f3\u017cniaj\u0105 si\u0119 tak\u017ce odporno\u015bci\u0105 na kurz, zarysowania i t\u0142uste plamy. Co wi\u0119cej, s\u0105 niezwykle lekkie, a magnetyczna konstrukcja zapewnia szybki i prosty monta\u017c. <\/p>\n<p><img decoding=\"async\" src=\"https:\/\/b2b.innpro.pl\/data\/include\/cms\/Freewell\/FW-OP3-VND\/1.jpg\" alt=\"Freewell\/FW-OP3-VND\/1\"><\/p>\n<h3>Ochronna pow\u0142oka<\/h3>\n<p>Wykonane z najwy\u017cszej jako\u015bci materia\u0142\u00f3w filtry maj\u0105 specjaln\u0105, ochronn\u0105 pow\u0142ok\u0119, kt\u00f3ra nie wp\u0142ywa na optyk\u0119 kolorystyczn\u0105 tworzonych materia\u0142\u00f3w. Filtry s\u0105 wi\u0119c odporne na py\u0142 i zarysowania, a tak\u017ce odciski palc\u00f3w i powstawanie t\u0142ustych plam, wi\u0119c utrzymanie ich w czysto\u015bci nie stanowi \u017cadnego problemu. Jednocze\u015bnie zapewniaj\u0105 najlepsz\u0105 jako\u015b\u0107 obrazu i pozwalaj\u0105 zachowa\u0107 neutraln\u0105 kolorystyk\u0119 obrazu. Twoje zdj\u0119cia b\u0119d\u0105 zachwycaj\u0105ce!<\/p>\n<p><img decoding=\"async\" src=\"https:\/\/b2b.innpro.pl\/data\/include\/cms\/Freewell\/FW-OP3-VND\/6.jpg\" alt=\"Freewell\/FW-OP3-VND\/6\"><\/p>\n<h3>W zestawie<\/h3>\n<ul>\n<li>filtry VND 1-5 Stop i 6-9 Stop<\/li>\n<li>etui ochronne<\/li>\n<li>\u015bciereczka do czyszczenia<\/li>\n<\/ul>\n<div class=\"table-wrapper\">\n<table>\n<tbody>\n<tr>\n<th>Producent<\/th>\n<td>Freewell<\/td>\n<\/tr>\n<tr>\n<th>Model<\/th>\n<td>FW-OP3-VND<\/td>\n<\/tr>\n<tr>\n<th>Pasuje do<\/th>\n<td>DJI Osmo Pocket 3<\/td>\n<\/tr>\n<\/tbody>\n<\/table>\n<\/div>\n","protected":false},"excerpt":{"rendered":"<p>Freewell DJI Osmo Pocket 3 VND 1-5 Stop, 6-9 Stop Zestaw zawiera 2 filtry VND 1-5 stopni oraz VND 6-9<\/p>\n","protected":false},"featured_media":20647,"comment_status":"closed","ping_status":"open","template":"","meta":{"_acf_changed":false},"product_brand":[],"product_cat":[1130,1090,1091,1165],"product_tag":[],"class_list":{"0":"post-20646","1":"product","2":"type-product","3":"status-publish","4":"has-post-thumbnail","6":"product_cat-akcesoria-foto","7":"product_cat-akcesoria","8":"product_cat-dji","9":"product_cat-do-gmbali","10":"pa_box-height-1837","11":"pa_box-length-4570","12":"pa_box-width-2756","13":"pa_gross-weight-4578","14":"pa_net-weight-1444","16":"first","17":"outofstock","18":"taxable","19":"shipping-taxable","20":"purchasable","21":"product-type-simple"},"acf":[],"yoast_head":"<!-- This site is optimized with the Yoast SEO plugin v27.2 - https:\/\/yoast.com\/product\/yoast-seo-wordpress\/ -->\n<title>Zestaw 2 regulowanych filtr\u00f3w Freewell DJI Osmo Pocket 3 ND 1-5 Stop, 6-9 Stop - IRONSKY.PL Sklep z Dronami<\/title>\n<meta name=\"description\" content=\"Zestaw 2 regulowanych filtr\u00f3w Freewell DJI Osmo Pocket 3 ND 1-5 Stop, 6-9 Stop - \u2705 sklep z dronami i fachowym doradztwem. \u2705 Tutaj kupisz produkty DJI, Yuneec, Parrot, Syma i wiele innych, a tak\u017ce kursy i licencje na operatora drona.\" \/>\n<meta name=\"robots\" content=\"index, follow, max-snippet:-1, max-image-preview:large, max-video-preview:-1\" \/>\n<link rel=\"canonical\" href=\"https:\/\/ironsky.pl\/sklep\/produkt\/zestaw-2-regulowanych-filtrow-freewell-dji-osmo-pocket-3-nd-1-5-stop-6-9-stop\/\" \/>\n<meta property=\"og:locale\" content=\"pl_PL\" \/>\n<meta property=\"og:type\" content=\"article\" \/>\n<meta property=\"og:title\" content=\"Zestaw 2 regulowanych filtr\u00f3w Freewell DJI Osmo Pocket 3 ND 1-5 Stop, 6-9 Stop - IRONSKY.PL Sklep z Dronami\" \/>\n<meta property=\"og:description\" content=\"Zestaw 2 regulowanych filtr\u00f3w Freewell DJI Osmo Pocket 3 ND 1-5 Stop, 6-9 Stop - \u2705 sklep z dronami i fachowym doradztwem. \u2705 Tutaj kupisz produkty DJI, Yuneec, Parrot, Syma i wiele innych, a tak\u017ce kursy i licencje na operatora drona.\" \/>\n<meta property=\"og:url\" content=\"https:\/\/ironsky.pl\/sklep\/produkt\/zestaw-2-regulowanych-filtrow-freewell-dji-osmo-pocket-3-nd-1-5-stop-6-9-stop\/\" \/>\n<meta property=\"og:site_name\" content=\"IRONSKY.PL Sklep z Dronami\" \/>\n<meta property=\"article:modified_time\" content=\"2026-03-05T14:49:09+00:00\" \/>\n<meta property=\"og:image\" content=\"https:\/\/ironsky.pl\/sklep\/wp-content\/uploads\/2024\/09\/35807_1.jpg\" \/>\n\t<meta property=\"og:image:width\" content=\"800\" \/>\n\t<meta property=\"og:image:height\" content=\"800\" \/>\n\t<meta property=\"og:image:type\" content=\"image\/jpeg\" \/>\n<meta name=\"twitter:card\" content=\"summary_large_image\" \/>\n<meta name=\"twitter:label1\" content=\"Szacowany czas czytania\" \/>\n\t<meta name=\"twitter:data1\" content=\"1 minuta\" \/>\n<script type=\"application\/ld+json\" class=\"yoast-schema-graph\">{\"@context\":\"https:\/\/schema.org\",\"@graph\":[{\"@type\":\"WebPage\",\"@id\":\"https:\/\/ironsky.pl\/sklep\/produkt\/zestaw-2-regulowanych-filtrow-freewell-dji-osmo-pocket-3-nd-1-5-stop-6-9-stop\/\",\"url\":\"https:\/\/ironsky.pl\/sklep\/produkt\/zestaw-2-regulowanych-filtrow-freewell-dji-osmo-pocket-3-nd-1-5-stop-6-9-stop\/\",\"name\":\"Zestaw 2 regulowanych filtr\u00f3w Freewell DJI Osmo Pocket 3 ND 1-5 Stop, 6-9 Stop - IRONSKY.PL Sklep z Dronami\",\"isPartOf\":{\"@id\":\"https:\/\/ironsky.pl\/sklep\/#website\"},\"primaryImageOfPage\":{\"@id\":\"https:\/\/ironsky.pl\/sklep\/produkt\/zestaw-2-regulowanych-filtrow-freewell-dji-osmo-pocket-3-nd-1-5-stop-6-9-stop\/#primaryimage\"},\"image\":{\"@id\":\"https:\/\/ironsky.pl\/sklep\/produkt\/zestaw-2-regulowanych-filtrow-freewell-dji-osmo-pocket-3-nd-1-5-stop-6-9-stop\/#primaryimage\"},\"thumbnailUrl\":\"https:\/\/ironsky.pl\/sklep\/wp-content\/uploads\/2024\/09\/35807_1.jpg\",\"datePublished\":\"2024-09-16T10:27:53+00:00\",\"dateModified\":\"2026-03-05T14:49:09+00:00\",\"description\":\"Zestaw 2 regulowanych filtr\u00f3w Freewell DJI Osmo Pocket 3 ND 1-5 Stop, 6-9 Stop - \u2705 sklep z dronami i fachowym doradztwem. \u2705 Tutaj kupisz produkty DJI, Yuneec, Parrot, Syma i wiele innych, a tak\u017ce kursy i licencje na operatora drona.\",\"breadcrumb\":{\"@id\":\"https:\/\/ironsky.pl\/sklep\/produkt\/zestaw-2-regulowanych-filtrow-freewell-dji-osmo-pocket-3-nd-1-5-stop-6-9-stop\/#breadcrumb\"},\"inLanguage\":\"pl-PL\",\"potentialAction\":[{\"@type\":\"ReadAction\",\"target\":[\"https:\/\/ironsky.pl\/sklep\/produkt\/zestaw-2-regulowanych-filtrow-freewell-dji-osmo-pocket-3-nd-1-5-stop-6-9-stop\/\"]}]},{\"@type\":\"ImageObject\",\"inLanguage\":\"pl-PL\",\"@id\":\"https:\/\/ironsky.pl\/sklep\/produkt\/zestaw-2-regulowanych-filtrow-freewell-dji-osmo-pocket-3-nd-1-5-stop-6-9-stop\/#primaryimage\",\"url\":\"https:\/\/ironsky.pl\/sklep\/wp-content\/uploads\/2024\/09\/35807_1.jpg\",\"contentUrl\":\"https:\/\/ironsky.pl\/sklep\/wp-content\/uploads\/2024\/09\/35807_1.jpg\",\"width\":800,\"height\":800},{\"@type\":\"BreadcrumbList\",\"@id\":\"https:\/\/ironsky.pl\/sklep\/produkt\/zestaw-2-regulowanych-filtrow-freewell-dji-osmo-pocket-3-nd-1-5-stop-6-9-stop\/#breadcrumb\",\"itemListElement\":[{\"@type\":\"ListItem\",\"position\":1,\"name\":\"Strona g\u0142\u00f3wna\",\"item\":\"https:\/\/ironsky.pl\/sklep\/\"},{\"@type\":\"ListItem\",\"position\":2,\"name\":\"Wszystkie produkty\",\"item\":\"https:\/\/ironsky.pl\/sklep\/produkty\/\"},{\"@type\":\"ListItem\",\"position\":3,\"name\":\"Zestaw 2 regulowanych filtr\u00f3w Freewell DJI Osmo Pocket 3 ND 1-5 Stop, 6-9 Stop\"}]},{\"@type\":\"WebSite\",\"@id\":\"https:\/\/ironsky.pl\/sklep\/#website\",\"url\":\"https:\/\/ironsky.pl\/sklep\/\",\"name\":\"IRONSKY.PL Sklep z Dronami\",\"description\":\"IRONSKY.PL Sklep z Dronami\",\"potentialAction\":[{\"@type\":\"SearchAction\",\"target\":{\"@type\":\"EntryPoint\",\"urlTemplate\":\"https:\/\/ironsky.pl\/sklep\/?s={search_term_string}\"},\"query-input\":{\"@type\":\"PropertyValueSpecification\",\"valueRequired\":true,\"valueName\":\"search_term_string\"}}],\"inLanguage\":\"pl-PL\"}]}<\/script>\n<!-- \/ Yoast SEO plugin. -->","yoast_head_json":{"title":"Zestaw 2 regulowanych filtr\u00f3w Freewell DJI Osmo Pocket 3 ND 1-5 Stop, 6-9 Stop - IRONSKY.PL Sklep z Dronami","description":"Zestaw 2 regulowanych filtr\u00f3w Freewell DJI Osmo Pocket 3 ND 1-5 Stop, 6-9 Stop - \u2705 sklep z dronami i fachowym doradztwem. \u2705 Tutaj kupisz produkty DJI, Yuneec, Parrot, Syma i wiele innych, a tak\u017ce kursy i licencje na operatora drona.","robots":{"index":"index","follow":"follow","max-snippet":"max-snippet:-1","max-image-preview":"max-image-preview:large","max-video-preview":"max-video-preview:-1"},"canonical":"https:\/\/ironsky.pl\/sklep\/produkt\/zestaw-2-regulowanych-filtrow-freewell-dji-osmo-pocket-3-nd-1-5-stop-6-9-stop\/","og_locale":"pl_PL","og_type":"article","og_title":"Zestaw 2 regulowanych filtr\u00f3w Freewell DJI Osmo Pocket 3 ND 1-5 Stop, 6-9 Stop - IRONSKY.PL Sklep z Dronami","og_description":"Zestaw 2 regulowanych filtr\u00f3w Freewell DJI Osmo Pocket 3 ND 1-5 Stop, 6-9 Stop - \u2705 sklep z dronami i fachowym doradztwem. \u2705 Tutaj kupisz produkty DJI, Yuneec, Parrot, Syma i wiele innych, a tak\u017ce kursy i licencje na operatora drona.","og_url":"https:\/\/ironsky.pl\/sklep\/produkt\/zestaw-2-regulowanych-filtrow-freewell-dji-osmo-pocket-3-nd-1-5-stop-6-9-stop\/","og_site_name":"IRONSKY.PL Sklep z Dronami","article_modified_time":"2026-03-05T14:49:09+00:00","og_image":[{"width":800,"height":800,"url":"https:\/\/ironsky.pl\/sklep\/wp-content\/uploads\/2024\/09\/35807_1.jpg","type":"image\/jpeg"}],"twitter_card":"summary_large_image","twitter_misc":{"Szacowany czas czytania":"1 minuta"},"schema":{"@context":"https:\/\/schema.org","@graph":[{"@type":"WebPage","@id":"https:\/\/ironsky.pl\/sklep\/produkt\/zestaw-2-regulowanych-filtrow-freewell-dji-osmo-pocket-3-nd-1-5-stop-6-9-stop\/","url":"https:\/\/ironsky.pl\/sklep\/produkt\/zestaw-2-regulowanych-filtrow-freewell-dji-osmo-pocket-3-nd-1-5-stop-6-9-stop\/","name":"Zestaw 2 regulowanych filtr\u00f3w Freewell DJI Osmo Pocket 3 ND 1-5 Stop, 6-9 Stop - IRONSKY.PL Sklep z Dronami","isPartOf":{"@id":"https:\/\/ironsky.pl\/sklep\/#website"},"primaryImageOfPage":{"@id":"https:\/\/ironsky.pl\/sklep\/produkt\/zestaw-2-regulowanych-filtrow-freewell-dji-osmo-pocket-3-nd-1-5-stop-6-9-stop\/#primaryimage"},"image":{"@id":"https:\/\/ironsky.pl\/sklep\/produkt\/zestaw-2-regulowanych-filtrow-freewell-dji-osmo-pocket-3-nd-1-5-stop-6-9-stop\/#primaryimage"},"thumbnailUrl":"https:\/\/ironsky.pl\/sklep\/wp-content\/uploads\/2024\/09\/35807_1.jpg","datePublished":"2024-09-16T10:27:53+00:00","dateModified":"2026-03-05T14:49:09+00:00","description":"Zestaw 2 regulowanych filtr\u00f3w Freewell DJI Osmo Pocket 3 ND 1-5 Stop, 6-9 Stop - \u2705 sklep z dronami i fachowym doradztwem. \u2705 Tutaj kupisz produkty DJI, Yuneec, Parrot, Syma i wiele innych, a tak\u017ce kursy i licencje na operatora drona.","breadcrumb":{"@id":"https:\/\/ironsky.pl\/sklep\/produkt\/zestaw-2-regulowanych-filtrow-freewell-dji-osmo-pocket-3-nd-1-5-stop-6-9-stop\/#breadcrumb"},"inLanguage":"pl-PL","potentialAction":[{"@type":"ReadAction","target":["https:\/\/ironsky.pl\/sklep\/produkt\/zestaw-2-regulowanych-filtrow-freewell-dji-osmo-pocket-3-nd-1-5-stop-6-9-stop\/"]}]},{"@type":"ImageObject","inLanguage":"pl-PL","@id":"https:\/\/ironsky.pl\/sklep\/produkt\/zestaw-2-regulowanych-filtrow-freewell-dji-osmo-pocket-3-nd-1-5-stop-6-9-stop\/#primaryimage","url":"https:\/\/ironsky.pl\/sklep\/wp-content\/uploads\/2024\/09\/35807_1.jpg","contentUrl":"https:\/\/ironsky.pl\/sklep\/wp-content\/uploads\/2024\/09\/35807_1.jpg","width":800,"height":800},{"@type":"BreadcrumbList","@id":"https:\/\/ironsky.pl\/sklep\/produkt\/zestaw-2-regulowanych-filtrow-freewell-dji-osmo-pocket-3-nd-1-5-stop-6-9-stop\/#breadcrumb","itemListElement":[{"@type":"ListItem","position":1,"name":"Strona g\u0142\u00f3wna","item":"https:\/\/ironsky.pl\/sklep\/"},{"@type":"ListItem","position":2,"name":"Wszystkie produkty","item":"https:\/\/ironsky.pl\/sklep\/produkty\/"},{"@type":"ListItem","position":3,"name":"Zestaw 2 regulowanych filtr\u00f3w Freewell DJI Osmo Pocket 3 ND 1-5 Stop, 6-9 Stop"}]},{"@type":"WebSite","@id":"https:\/\/ironsky.pl\/sklep\/#website","url":"https:\/\/ironsky.pl\/sklep\/","name":"IRONSKY.PL Sklep z Dronami","description":"IRONSKY.PL Sklep z Dronami","potentialAction":[{"@type":"SearchAction","target":{"@type":"EntryPoint","urlTemplate":"https:\/\/ironsky.pl\/sklep\/?s={search_term_string}"},"query-input":{"@type":"PropertyValueSpecification","valueRequired":true,"valueName":"search_term_string"}}],"inLanguage":"pl-PL"}]}},"_links":{"self":[{"href":"https:\/\/ironsky.pl\/sklep\/wp-json\/wp\/v2\/product\/20646","targetHints":{"allow":["GET"]}}],"collection":[{"href":"https:\/\/ironsky.pl\/sklep\/wp-json\/wp\/v2\/product"}],"about":[{"href":"https:\/\/ironsky.pl\/sklep\/wp-json\/wp\/v2\/types\/product"}],"replies":[{"embeddable":true,"href":"https:\/\/ironsky.pl\/sklep\/wp-json\/wp\/v2\/comments?post=20646"}],"wp:featuredmedia":[{"embeddable":true,"href":"https:\/\/ironsky.pl\/sklep\/wp-json\/wp\/v2\/media\/20647"}],"wp:attachment":[{"href":"https:\/\/ironsky.pl\/sklep\/wp-json\/wp\/v2\/media?parent=20646"}],"wp:term":[{"taxonomy":"product_brand","embeddable":true,"href":"https:\/\/ironsky.pl\/sklep\/wp-json\/wp\/v2\/product_brand?post=20646"},{"taxonomy":"product_cat","embeddable":true,"href":"https:\/\/ironsky.pl\/sklep\/wp-json\/wp\/v2\/product_cat?post=20646"},{"taxonomy":"product_tag","embeddable":true,"href":"https:\/\/ironsky.pl\/sklep\/wp-json\/wp\/v2\/product_tag?post=20646"}],"curies":[{"name":"wp","href":"https:\/\/api.w.org\/{rel}","templated":true}]}}