{"id":20611,"date":"2024-09-16T12:27:53","date_gmt":"2024-09-16T10:27:53","guid":{"rendered":"http:\/\/gvshalph.pro-linuxpl.com\/ironskyprodukty\/produkt\/filtr-1-4-snow-mist-freewell-do-drona-dji-mini-4-pro\/"},"modified":"2026-03-05T15:49:08","modified_gmt":"2026-03-05T14:49:08","slug":"filtr-1-4-snow-mist-freewell-do-drona-dji-mini-4-pro","status":"publish","type":"product","link":"https:\/\/ironsky.pl\/sklep\/produkt\/filtr-1-4-snow-mist-freewell-do-drona-dji-mini-4-pro\/","title":{"rendered":"Filtr 1\/4 Snow Mist Freewell do drona DJI Mini 4 Pro"},"content":{"rendered":"<h3>Filtr 1\/4 Snow Mist Freewell do drona DJI Mini 4 Pro<\/h3>\n<p>Filtr Freewell 1\/4 Snow Mist do drona DJI Mini 4 Pro to niezb\u0119dne narz\u0119dzie dla ka\u017cdego mi\u0142o\u015bnika fotografii i filmowania z powietrza. Pomo\u017ce Ci on osi\u0105gn\u0105\u0107 p\u0142ynne przej\u015bcia i niezwyk\u0142e subtelne efekty \u015bwietlne, eliminuj\u0105c nadmierny odblask i ostre cienie, jednocze\u015bnie delikatnie rozpraszaj\u0105c \u015bwiat\u0142o. Jest r\u00f3wnie\u017c idealny do poprawy ton\u00f3w sk\u00f3ry, redukowania zniekszta\u0142ce\u0144 detali w portretach i utrzymania r\u00f3wnowagi ekspozycji w trudnych warunkach o\u015bwietleniowych. Dzi\u0119ki niemu Twoje zdj\u0119cia i filmy z drona b\u0119d\u0105 prezentowa\u0107 si\u0119 jeszcze lepiej.<\/p>\n<p><img decoding=\"async\" src=\"https:\/\/b2b.innpro.pl\/data\/include\/cms\/Freewell\/FW-MN4-SMIST\/2.jpg\" border=\"0\" alt=\"Freewell\/FW-MN4-SMIST\/2\" \/><\/p>\n<h3>Najwy\u017csza jako\u015b\u0107 wykonania<\/h3>\n<p>Do wykonania filtr\u00f3w wykorzystano wysokiej jako\u015bci niemieckie szk\u0142o optyczne. Cechuj\u0105 si\u0119 ono neutralno\u015bci\u0105 koloru oraz wyj\u0105tkow\u0105 odporno\u015bci\u0105 na zarysowania. Filtry zosta\u0142y r\u00f3wnie\u017c pokryte specjaln\u0105 pow\u0142ok\u0105, kt\u00f3ra zapewnia skuteczn\u0105 ochron\u0119 przed wod\u0105, kurz\u0119 i olejem. Dzi\u0119ki temu mo\u017cesz mie\u0107 pewno\u015b\u0107, \u017ce filtry pozostan\u0105 w nienaruszonym stanie, bez wzgl\u0119du na warunki, w jakich pracujesz.<\/p>\n<p><img decoding=\"async\" src=\"https:\/\/b2b.innpro.pl\/data\/include\/cms\/Freewell\/FW-MN4-SMIST\/5.jpg\" border=\"0\" alt=\"Freewell\/FW-MN4-SMIST\/5\" \/><\/p>\n<h3>W zestawie<\/h3>\n<ul>\n<li>filtr 1\/4 Snow Mist<\/li>\n<li>\u015bciereczka do czyszczenia<\/li>\n<li>etui ochronne<\/li>\n<\/ul>\n<div class=\"table-wrapper\">\n<table>\n<tbody>\n<tr>\n<th>Producent<\/th>\n<td>Freewell<\/td>\n<\/tr>\n<tr>\n<th>Model<\/th>\n<td>FW-MN4-SMIST<\/td>\n<\/tr>\n<tr>\n<th>Kompatybilno\u015b\u0107<\/th>\n<td>DJI Mini 4 Pro<\/td>\n<\/tr>\n<\/tbody>\n<\/table>\n<\/div>\n","protected":false},"excerpt":{"rendered":"<p>Filtr 1\/4 Snow Mist Freewell do drona DJI Mini 4 Pro Filtr Freewell 1\/4 Snow Mist do drona DJI Mini<\/p>\n","protected":false},"featured_media":20612,"comment_status":"closed","ping_status":"open","template":"","meta":{"_acf_changed":false},"product_brand":[],"product_cat":[5601,1090,1091,1088],"product_tag":[],"class_list":{"0":"post-20611","1":"product","2":"type-product","3":"status-publish","4":"has-post-thumbnail","6":"product_cat-mini-4-pro","7":"product_cat-akcesoria","8":"product_cat-dji","9":"product_cat-drony","10":"pa_box-height-4569","11":"pa_box-length-4570","12":"pa_box-width-2756","13":"pa_gross-weight-3530","14":"pa_kompatybilnosc-filtry","15":"pa_net-weight-1373","16":"pa_seria-mini-dji-mini-4-pro","18":"first","19":"outofstock","20":"taxable","21":"shipping-taxable","22":"purchasable","23":"product-type-simple"},"acf":[],"yoast_head":"<!-- This site is optimized with the Yoast SEO plugin v27.2 - https:\/\/yoast.com\/product\/yoast-seo-wordpress\/ -->\n<title>Filtr 1\/4 Snow Mist Freewell do drona DJI Mini 4 Pro - IRONSKY.PL Sklep z Dronami<\/title>\n<meta name=\"description\" content=\"Filtr 1\/4 Snow Mist Freewell do drona DJI Mini 4 Pro - \u2705 sklep z dronami i fachowym doradztwem. \u2705 Tutaj kupisz produkty DJI, Yuneec, Parrot, Syma i wiele innych, a tak\u017ce kursy i licencje na operatora drona.\" \/>\n<meta name=\"robots\" content=\"index, follow, max-snippet:-1, max-image-preview:large, max-video-preview:-1\" \/>\n<link rel=\"canonical\" href=\"https:\/\/ironsky.pl\/sklep\/produkt\/filtr-1-4-snow-mist-freewell-do-drona-dji-mini-4-pro\/\" \/>\n<meta property=\"og:locale\" content=\"pl_PL\" \/>\n<meta property=\"og:type\" content=\"article\" \/>\n<meta property=\"og:title\" content=\"Filtr 1\/4 Snow Mist Freewell do drona DJI Mini 4 Pro - IRONSKY.PL Sklep z Dronami\" \/>\n<meta property=\"og:description\" content=\"Filtr 1\/4 Snow Mist Freewell do drona DJI Mini 4 Pro - \u2705 sklep z dronami i fachowym doradztwem. \u2705 Tutaj kupisz produkty DJI, Yuneec, Parrot, Syma i wiele innych, a tak\u017ce kursy i licencje na operatora drona.\" \/>\n<meta property=\"og:url\" content=\"https:\/\/ironsky.pl\/sklep\/produkt\/filtr-1-4-snow-mist-freewell-do-drona-dji-mini-4-pro\/\" \/>\n<meta property=\"og:site_name\" content=\"IRONSKY.PL Sklep z Dronami\" \/>\n<meta property=\"article:modified_time\" content=\"2026-03-05T14:49:08+00:00\" \/>\n<meta property=\"og:image\" content=\"https:\/\/ironsky.pl\/sklep\/wp-content\/uploads\/2024\/09\/35797_1.jpg\" \/>\n\t<meta property=\"og:image:width\" content=\"800\" \/>\n\t<meta property=\"og:image:height\" content=\"800\" \/>\n\t<meta property=\"og:image:type\" content=\"image\/jpeg\" \/>\n<meta name=\"twitter:card\" content=\"summary_large_image\" \/>\n<meta name=\"twitter:label1\" content=\"Szacowany czas czytania\" \/>\n\t<meta name=\"twitter:data1\" content=\"1 minuta\" \/>\n<script type=\"application\/ld+json\" class=\"yoast-schema-graph\">{\"@context\":\"https:\/\/schema.org\",\"@graph\":[{\"@type\":\"WebPage\",\"@id\":\"https:\/\/ironsky.pl\/sklep\/produkt\/filtr-1-4-snow-mist-freewell-do-drona-dji-mini-4-pro\/\",\"url\":\"https:\/\/ironsky.pl\/sklep\/produkt\/filtr-1-4-snow-mist-freewell-do-drona-dji-mini-4-pro\/\",\"name\":\"Filtr 1\/4 Snow Mist Freewell do drona DJI Mini 4 Pro - IRONSKY.PL Sklep z Dronami\",\"isPartOf\":{\"@id\":\"https:\/\/ironsky.pl\/sklep\/#website\"},\"primaryImageOfPage\":{\"@id\":\"https:\/\/ironsky.pl\/sklep\/produkt\/filtr-1-4-snow-mist-freewell-do-drona-dji-mini-4-pro\/#primaryimage\"},\"image\":{\"@id\":\"https:\/\/ironsky.pl\/sklep\/produkt\/filtr-1-4-snow-mist-freewell-do-drona-dji-mini-4-pro\/#primaryimage\"},\"thumbnailUrl\":\"https:\/\/ironsky.pl\/sklep\/wp-content\/uploads\/2024\/09\/35797_1.jpg\",\"datePublished\":\"2024-09-16T10:27:53+00:00\",\"dateModified\":\"2026-03-05T14:49:08+00:00\",\"description\":\"Filtr 1\/4 Snow Mist Freewell do drona DJI Mini 4 Pro - \u2705 sklep z dronami i fachowym doradztwem. \u2705 Tutaj kupisz produkty DJI, Yuneec, Parrot, Syma i wiele innych, a tak\u017ce kursy i licencje na operatora drona.\",\"breadcrumb\":{\"@id\":\"https:\/\/ironsky.pl\/sklep\/produkt\/filtr-1-4-snow-mist-freewell-do-drona-dji-mini-4-pro\/#breadcrumb\"},\"inLanguage\":\"pl-PL\",\"potentialAction\":[{\"@type\":\"ReadAction\",\"target\":[\"https:\/\/ironsky.pl\/sklep\/produkt\/filtr-1-4-snow-mist-freewell-do-drona-dji-mini-4-pro\/\"]}]},{\"@type\":\"ImageObject\",\"inLanguage\":\"pl-PL\",\"@id\":\"https:\/\/ironsky.pl\/sklep\/produkt\/filtr-1-4-snow-mist-freewell-do-drona-dji-mini-4-pro\/#primaryimage\",\"url\":\"https:\/\/ironsky.pl\/sklep\/wp-content\/uploads\/2024\/09\/35797_1.jpg\",\"contentUrl\":\"https:\/\/ironsky.pl\/sklep\/wp-content\/uploads\/2024\/09\/35797_1.jpg\",\"width\":800,\"height\":800},{\"@type\":\"BreadcrumbList\",\"@id\":\"https:\/\/ironsky.pl\/sklep\/produkt\/filtr-1-4-snow-mist-freewell-do-drona-dji-mini-4-pro\/#breadcrumb\",\"itemListElement\":[{\"@type\":\"ListItem\",\"position\":1,\"name\":\"Strona g\u0142\u00f3wna\",\"item\":\"https:\/\/ironsky.pl\/sklep\/\"},{\"@type\":\"ListItem\",\"position\":2,\"name\":\"Wszystkie produkty\",\"item\":\"https:\/\/ironsky.pl\/sklep\/produkty\/\"},{\"@type\":\"ListItem\",\"position\":3,\"name\":\"Filtr 1\/4 Snow Mist Freewell do drona DJI Mini 4 Pro\"}]},{\"@type\":\"WebSite\",\"@id\":\"https:\/\/ironsky.pl\/sklep\/#website\",\"url\":\"https:\/\/ironsky.pl\/sklep\/\",\"name\":\"IRONSKY.PL Sklep z Dronami\",\"description\":\"IRONSKY.PL Sklep z Dronami\",\"potentialAction\":[{\"@type\":\"SearchAction\",\"target\":{\"@type\":\"EntryPoint\",\"urlTemplate\":\"https:\/\/ironsky.pl\/sklep\/?s={search_term_string}\"},\"query-input\":{\"@type\":\"PropertyValueSpecification\",\"valueRequired\":true,\"valueName\":\"search_term_string\"}}],\"inLanguage\":\"pl-PL\"}]}<\/script>\n<!-- \/ Yoast SEO plugin. -->","yoast_head_json":{"title":"Filtr 1\/4 Snow Mist Freewell do drona DJI Mini 4 Pro - IRONSKY.PL Sklep z Dronami","description":"Filtr 1\/4 Snow Mist Freewell do drona DJI Mini 4 Pro - \u2705 sklep z dronami i fachowym doradztwem. \u2705 Tutaj kupisz produkty DJI, Yuneec, Parrot, Syma i wiele innych, a tak\u017ce kursy i licencje na operatora drona.","robots":{"index":"index","follow":"follow","max-snippet":"max-snippet:-1","max-image-preview":"max-image-preview:large","max-video-preview":"max-video-preview:-1"},"canonical":"https:\/\/ironsky.pl\/sklep\/produkt\/filtr-1-4-snow-mist-freewell-do-drona-dji-mini-4-pro\/","og_locale":"pl_PL","og_type":"article","og_title":"Filtr 1\/4 Snow Mist Freewell do drona DJI Mini 4 Pro - IRONSKY.PL Sklep z Dronami","og_description":"Filtr 1\/4 Snow Mist Freewell do drona DJI Mini 4 Pro - \u2705 sklep z dronami i fachowym doradztwem. \u2705 Tutaj kupisz produkty DJI, Yuneec, Parrot, Syma i wiele innych, a tak\u017ce kursy i licencje na operatora drona.","og_url":"https:\/\/ironsky.pl\/sklep\/produkt\/filtr-1-4-snow-mist-freewell-do-drona-dji-mini-4-pro\/","og_site_name":"IRONSKY.PL Sklep z Dronami","article_modified_time":"2026-03-05T14:49:08+00:00","og_image":[{"width":800,"height":800,"url":"https:\/\/ironsky.pl\/sklep\/wp-content\/uploads\/2024\/09\/35797_1.jpg","type":"image\/jpeg"}],"twitter_card":"summary_large_image","twitter_misc":{"Szacowany czas czytania":"1 minuta"},"schema":{"@context":"https:\/\/schema.org","@graph":[{"@type":"WebPage","@id":"https:\/\/ironsky.pl\/sklep\/produkt\/filtr-1-4-snow-mist-freewell-do-drona-dji-mini-4-pro\/","url":"https:\/\/ironsky.pl\/sklep\/produkt\/filtr-1-4-snow-mist-freewell-do-drona-dji-mini-4-pro\/","name":"Filtr 1\/4 Snow Mist Freewell do drona DJI Mini 4 Pro - IRONSKY.PL Sklep z Dronami","isPartOf":{"@id":"https:\/\/ironsky.pl\/sklep\/#website"},"primaryImageOfPage":{"@id":"https:\/\/ironsky.pl\/sklep\/produkt\/filtr-1-4-snow-mist-freewell-do-drona-dji-mini-4-pro\/#primaryimage"},"image":{"@id":"https:\/\/ironsky.pl\/sklep\/produkt\/filtr-1-4-snow-mist-freewell-do-drona-dji-mini-4-pro\/#primaryimage"},"thumbnailUrl":"https:\/\/ironsky.pl\/sklep\/wp-content\/uploads\/2024\/09\/35797_1.jpg","datePublished":"2024-09-16T10:27:53+00:00","dateModified":"2026-03-05T14:49:08+00:00","description":"Filtr 1\/4 Snow Mist Freewell do drona DJI Mini 4 Pro - \u2705 sklep z dronami i fachowym doradztwem. \u2705 Tutaj kupisz produkty DJI, Yuneec, Parrot, Syma i wiele innych, a tak\u017ce kursy i licencje na operatora drona.","breadcrumb":{"@id":"https:\/\/ironsky.pl\/sklep\/produkt\/filtr-1-4-snow-mist-freewell-do-drona-dji-mini-4-pro\/#breadcrumb"},"inLanguage":"pl-PL","potentialAction":[{"@type":"ReadAction","target":["https:\/\/ironsky.pl\/sklep\/produkt\/filtr-1-4-snow-mist-freewell-do-drona-dji-mini-4-pro\/"]}]},{"@type":"ImageObject","inLanguage":"pl-PL","@id":"https:\/\/ironsky.pl\/sklep\/produkt\/filtr-1-4-snow-mist-freewell-do-drona-dji-mini-4-pro\/#primaryimage","url":"https:\/\/ironsky.pl\/sklep\/wp-content\/uploads\/2024\/09\/35797_1.jpg","contentUrl":"https:\/\/ironsky.pl\/sklep\/wp-content\/uploads\/2024\/09\/35797_1.jpg","width":800,"height":800},{"@type":"BreadcrumbList","@id":"https:\/\/ironsky.pl\/sklep\/produkt\/filtr-1-4-snow-mist-freewell-do-drona-dji-mini-4-pro\/#breadcrumb","itemListElement":[{"@type":"ListItem","position":1,"name":"Strona g\u0142\u00f3wna","item":"https:\/\/ironsky.pl\/sklep\/"},{"@type":"ListItem","position":2,"name":"Wszystkie produkty","item":"https:\/\/ironsky.pl\/sklep\/produkty\/"},{"@type":"ListItem","position":3,"name":"Filtr 1\/4 Snow Mist Freewell do drona DJI Mini 4 Pro"}]},{"@type":"WebSite","@id":"https:\/\/ironsky.pl\/sklep\/#website","url":"https:\/\/ironsky.pl\/sklep\/","name":"IRONSKY.PL Sklep z Dronami","description":"IRONSKY.PL Sklep z Dronami","potentialAction":[{"@type":"SearchAction","target":{"@type":"EntryPoint","urlTemplate":"https:\/\/ironsky.pl\/sklep\/?s={search_term_string}"},"query-input":{"@type":"PropertyValueSpecification","valueRequired":true,"valueName":"search_term_string"}}],"inLanguage":"pl-PL"}]}},"_links":{"self":[{"href":"https:\/\/ironsky.pl\/sklep\/wp-json\/wp\/v2\/product\/20611","targetHints":{"allow":["GET"]}}],"collection":[{"href":"https:\/\/ironsky.pl\/sklep\/wp-json\/wp\/v2\/product"}],"about":[{"href":"https:\/\/ironsky.pl\/sklep\/wp-json\/wp\/v2\/types\/product"}],"replies":[{"embeddable":true,"href":"https:\/\/ironsky.pl\/sklep\/wp-json\/wp\/v2\/comments?post=20611"}],"wp:featuredmedia":[{"embeddable":true,"href":"https:\/\/ironsky.pl\/sklep\/wp-json\/wp\/v2\/media\/20612"}],"wp:attachment":[{"href":"https:\/\/ironsky.pl\/sklep\/wp-json\/wp\/v2\/media?parent=20611"}],"wp:term":[{"taxonomy":"product_brand","embeddable":true,"href":"https:\/\/ironsky.pl\/sklep\/wp-json\/wp\/v2\/product_brand?post=20611"},{"taxonomy":"product_cat","embeddable":true,"href":"https:\/\/ironsky.pl\/sklep\/wp-json\/wp\/v2\/product_cat?post=20611"},{"taxonomy":"product_tag","embeddable":true,"href":"https:\/\/ironsky.pl\/sklep\/wp-json\/wp\/v2\/product_tag?post=20611"}],"curies":[{"name":"wp","href":"https:\/\/api.w.org\/{rel}","templated":true}]}}