{"id":20602,"date":"2024-09-16T12:27:53","date_gmt":"2024-09-16T10:27:53","guid":{"rendered":"http:\/\/gvshalph.pro-linuxpl.com\/ironskyprodukty\/produkt\/oslona-smigiel-sunnylife-do-dji-mini-4-pro-n4p-kc712\/"},"modified":"2026-05-14T06:55:18","modified_gmt":"2026-05-14T04:55:18","slug":"oslona-smigiel-sunnylife-do-dji-mini-4-pro-n4p-kc712","status":"publish","type":"product","link":"https:\/\/ironsky.pl\/sklep\/produkt\/oslona-smigiel-sunnylife-do-dji-mini-4-pro-n4p-kc712\/","title":{"rendered":"Os\u0142ona \u015bmigie\u0142 Sunnylife do DJI Mini 4 Pro (N4P-KC712)"},"content":{"rendered":"<h3>Os\u0142ona \u015bmigie\u0142 Sunnylife N4P-KC712 dla DJI Mini 4 Pro<\/h3>\n<\/p>\n<p>Sunnylife N4P-KC712 to os\u0142ona na skrzyd\u0142a drona DJI Mini 4 Pro. Jedna cz\u0119\u015b\u0107 zestawu to dwie po\u0142\u0105czone ze sob\u0105 os\u0142ony na dwa skrzyd\u0142a, kt\u00f3re ochraniaj\u0105 je z wielu stron i powalaj\u0105 zredukowa\u0107 wp\u0142yw kolizji i wstrz\u0105s\u00f3w na urz\u0105dzenie oraz chroni\u0105 ludzi i zwierz\u0119ta.\u00a0<\/p>\n<\/p>\n<p>\n<img decoding=\"async\" src=\"https:\/\/assets.innpro.pl\/1862\/2010\/1.jpg\" border=\"0\" \/>\n<\/p>\n<h3>Spos\u00f3b mocowania <\/h3>\n<\/p>\n<p>Jedna os\u0142ona mocowana jest na dw\u00f3ch ramionach drona, nie przes\u0142aniaj\u0105c \u015bwiate\u0142. Zabezpieczana jest poprzez zapi\u0119cie klamry. Instalacja jest bardzo prosta i szybka, a same os\u0142ony niezwykle lekkie, nie obci\u0105\u017caj\u0105c przesadnie drona.\u00a0<\/p>\n<\/p>\n<p>\n<img decoding=\"async\" src=\"https:\/\/assets.innpro.pl\/1862\/2010\/7.jpg\" border=\"0\" \/>\n<\/p>\n<h3>Zwarto\u015b\u0107 zestawu <\/h3>\n<p>Os\u0142ona na dwa skrzyd\u0142a x 2 <\/p>\n<div class=\"table-wrapper\">\n<p>\u00a0<\/p>\n<h3>Specyfikacja<\/h3>\n<table>\n<tbody>\n<tr>\n<th>Marka <\/th>\n<td>Sunnylife <\/td>\n<\/tr>\n<tr>\n<th>Model <\/th>\n<td>N4P-KC712 <\/td>\n<\/tr>\n<tr>\n<th>Kompatybilno\u015b\u0107<\/th>\n<td>DJI Mini 4 Pro <\/td>\n<\/tr>\n<tr>\n<th>Materia\u0142 <\/th>\n<td>Plastik <\/td>\n<\/tr>\n<tr>\n<th>Waga <\/th>\n<td>46g <\/td>\n<\/tr>\n<tr>\n<th><\/th>\n<td><\/td>\n<\/tr>\n<\/tbody>\n<\/table>\n<\/div>\n","protected":false},"excerpt":{"rendered":"<p>Os\u0142ona \u015bmigie\u0142 Sunnylife N4P-KC712 dla DJI Mini 4 Pro Sunnylife N4P-KC712 to os\u0142ona na skrzyd\u0142a drona DJI Mini 4 Pro.<\/p>\n","protected":false},"featured_media":20603,"comment_status":"closed","ping_status":"open","template":"","meta":{"_acf_changed":false},"product_brand":[],"product_cat":[5601,1090,1091,6093,1089,1088],"product_tag":[],"class_list":{"0":"post-20602","1":"product","2":"type-product","3":"status-publish","4":"has-post-thumbnail","6":"product_cat-mini-4-pro","7":"product_cat-akcesoria","8":"product_cat-dji","9":"product_cat-baterie-do-dronow","10":"product_cat-czesci-zamienne-do-dronow","11":"product_cat-drony","12":"pa_box-height-3355","13":"pa_box-length-3496","14":"pa_box-width-2106","15":"pa_gross-weight-2976","16":"pa_hs-code-1775","17":"pa_net-weight-3495","18":"pa_seria-mini-dji-mini-4-pro","20":"first","21":"instock","22":"taxable","23":"shipping-taxable","24":"purchasable","25":"product-type-simple"},"acf":[],"yoast_head":"<!-- This site is optimized with the Yoast SEO plugin v27.2 - https:\/\/yoast.com\/product\/yoast-seo-wordpress\/ -->\n<title>Os\u0142ona \u015bmigie\u0142 Sunnylife do DJI Mini 4 Pro (N4P-KC712) - IRONSKY.PL Sklep z Dronami<\/title>\n<meta name=\"description\" content=\"Os\u0142ona \u015bmigie\u0142 Sunnylife do DJI Mini 4 Pro (N4P-KC712) - \u2705 sklep z dronami i fachowym doradztwem. \u2705 Tutaj kupisz produkty DJI, Yuneec, Parrot, Syma i wiele innych, a tak\u017ce kursy i licencje na operatora drona.\" \/>\n<meta name=\"robots\" content=\"index, follow, max-snippet:-1, max-image-preview:large, max-video-preview:-1\" \/>\n<link rel=\"canonical\" href=\"https:\/\/ironsky.pl\/sklep\/produkt\/oslona-smigiel-sunnylife-do-dji-mini-4-pro-n4p-kc712\/\" \/>\n<meta property=\"og:locale\" content=\"pl_PL\" \/>\n<meta property=\"og:type\" content=\"article\" \/>\n<meta property=\"og:title\" content=\"Os\u0142ona \u015bmigie\u0142 Sunnylife do DJI Mini 4 Pro (N4P-KC712) - IRONSKY.PL Sklep z Dronami\" \/>\n<meta property=\"og:description\" content=\"Os\u0142ona \u015bmigie\u0142 Sunnylife do DJI Mini 4 Pro (N4P-KC712) - \u2705 sklep z dronami i fachowym doradztwem. \u2705 Tutaj kupisz produkty DJI, Yuneec, Parrot, Syma i wiele innych, a tak\u017ce kursy i licencje na operatora drona.\" \/>\n<meta property=\"og:url\" content=\"https:\/\/ironsky.pl\/sklep\/produkt\/oslona-smigiel-sunnylife-do-dji-mini-4-pro-n4p-kc712\/\" \/>\n<meta property=\"og:site_name\" content=\"IRONSKY.PL Sklep z Dronami\" \/>\n<meta property=\"article:modified_time\" content=\"2026-05-14T04:55:18+00:00\" \/>\n<meta property=\"og:image\" content=\"https:\/\/ironsky.pl\/sklep\/wp-content\/uploads\/2024\/09\/35741_1.jpg\" \/>\n\t<meta property=\"og:image:width\" content=\"800\" \/>\n\t<meta property=\"og:image:height\" content=\"800\" \/>\n\t<meta property=\"og:image:type\" content=\"image\/jpeg\" \/>\n<meta name=\"twitter:card\" content=\"summary_large_image\" \/>\n<meta name=\"twitter:label1\" content=\"Szacowany czas czytania\" \/>\n\t<meta name=\"twitter:data1\" content=\"1 minuta\" \/>\n<script type=\"application\/ld+json\" class=\"yoast-schema-graph\">{\"@context\":\"https:\/\/schema.org\",\"@graph\":[{\"@type\":\"WebPage\",\"@id\":\"https:\/\/ironsky.pl\/sklep\/produkt\/oslona-smigiel-sunnylife-do-dji-mini-4-pro-n4p-kc712\/\",\"url\":\"https:\/\/ironsky.pl\/sklep\/produkt\/oslona-smigiel-sunnylife-do-dji-mini-4-pro-n4p-kc712\/\",\"name\":\"Os\u0142ona \u015bmigie\u0142 Sunnylife do DJI Mini 4 Pro (N4P-KC712) - IRONSKY.PL Sklep z Dronami\",\"isPartOf\":{\"@id\":\"https:\/\/ironsky.pl\/sklep\/#website\"},\"primaryImageOfPage\":{\"@id\":\"https:\/\/ironsky.pl\/sklep\/produkt\/oslona-smigiel-sunnylife-do-dji-mini-4-pro-n4p-kc712\/#primaryimage\"},\"image\":{\"@id\":\"https:\/\/ironsky.pl\/sklep\/produkt\/oslona-smigiel-sunnylife-do-dji-mini-4-pro-n4p-kc712\/#primaryimage\"},\"thumbnailUrl\":\"https:\/\/ironsky.pl\/sklep\/wp-content\/uploads\/2024\/09\/35741_1.jpg\",\"datePublished\":\"2024-09-16T10:27:53+00:00\",\"dateModified\":\"2026-05-14T04:55:18+00:00\",\"description\":\"Os\u0142ona \u015bmigie\u0142 Sunnylife do DJI Mini 4 Pro (N4P-KC712) - \u2705 sklep z dronami i fachowym doradztwem. \u2705 Tutaj kupisz produkty DJI, Yuneec, Parrot, Syma i wiele innych, a tak\u017ce kursy i licencje na operatora drona.\",\"breadcrumb\":{\"@id\":\"https:\/\/ironsky.pl\/sklep\/produkt\/oslona-smigiel-sunnylife-do-dji-mini-4-pro-n4p-kc712\/#breadcrumb\"},\"inLanguage\":\"pl-PL\",\"potentialAction\":[{\"@type\":\"ReadAction\",\"target\":[\"https:\/\/ironsky.pl\/sklep\/produkt\/oslona-smigiel-sunnylife-do-dji-mini-4-pro-n4p-kc712\/\"]}]},{\"@type\":\"ImageObject\",\"inLanguage\":\"pl-PL\",\"@id\":\"https:\/\/ironsky.pl\/sklep\/produkt\/oslona-smigiel-sunnylife-do-dji-mini-4-pro-n4p-kc712\/#primaryimage\",\"url\":\"https:\/\/ironsky.pl\/sklep\/wp-content\/uploads\/2024\/09\/35741_1.jpg\",\"contentUrl\":\"https:\/\/ironsky.pl\/sklep\/wp-content\/uploads\/2024\/09\/35741_1.jpg\",\"width\":800,\"height\":800},{\"@type\":\"BreadcrumbList\",\"@id\":\"https:\/\/ironsky.pl\/sklep\/produkt\/oslona-smigiel-sunnylife-do-dji-mini-4-pro-n4p-kc712\/#breadcrumb\",\"itemListElement\":[{\"@type\":\"ListItem\",\"position\":1,\"name\":\"Strona g\u0142\u00f3wna\",\"item\":\"https:\/\/ironsky.pl\/sklep\/\"},{\"@type\":\"ListItem\",\"position\":2,\"name\":\"Wszystkie produkty\",\"item\":\"https:\/\/ironsky.pl\/sklep\/produkty\/\"},{\"@type\":\"ListItem\",\"position\":3,\"name\":\"Os\u0142ona \u015bmigie\u0142 Sunnylife do DJI Mini 4 Pro (N4P-KC712)\"}]},{\"@type\":\"WebSite\",\"@id\":\"https:\/\/ironsky.pl\/sklep\/#website\",\"url\":\"https:\/\/ironsky.pl\/sklep\/\",\"name\":\"IRONSKY.PL Sklep z Dronami\",\"description\":\"IRONSKY.PL Sklep z Dronami\",\"potentialAction\":[{\"@type\":\"SearchAction\",\"target\":{\"@type\":\"EntryPoint\",\"urlTemplate\":\"https:\/\/ironsky.pl\/sklep\/?s={search_term_string}\"},\"query-input\":{\"@type\":\"PropertyValueSpecification\",\"valueRequired\":true,\"valueName\":\"search_term_string\"}}],\"inLanguage\":\"pl-PL\"}]}<\/script>\n<!-- \/ Yoast SEO plugin. -->","yoast_head_json":{"title":"Os\u0142ona \u015bmigie\u0142 Sunnylife do DJI Mini 4 Pro (N4P-KC712) - IRONSKY.PL Sklep z Dronami","description":"Os\u0142ona \u015bmigie\u0142 Sunnylife do DJI Mini 4 Pro (N4P-KC712) - \u2705 sklep z dronami i fachowym doradztwem. \u2705 Tutaj kupisz produkty DJI, Yuneec, Parrot, Syma i wiele innych, a tak\u017ce kursy i licencje na operatora drona.","robots":{"index":"index","follow":"follow","max-snippet":"max-snippet:-1","max-image-preview":"max-image-preview:large","max-video-preview":"max-video-preview:-1"},"canonical":"https:\/\/ironsky.pl\/sklep\/produkt\/oslona-smigiel-sunnylife-do-dji-mini-4-pro-n4p-kc712\/","og_locale":"pl_PL","og_type":"article","og_title":"Os\u0142ona \u015bmigie\u0142 Sunnylife do DJI Mini 4 Pro (N4P-KC712) - IRONSKY.PL Sklep z Dronami","og_description":"Os\u0142ona \u015bmigie\u0142 Sunnylife do DJI Mini 4 Pro (N4P-KC712) - \u2705 sklep z dronami i fachowym doradztwem. \u2705 Tutaj kupisz produkty DJI, Yuneec, Parrot, Syma i wiele innych, a tak\u017ce kursy i licencje na operatora drona.","og_url":"https:\/\/ironsky.pl\/sklep\/produkt\/oslona-smigiel-sunnylife-do-dji-mini-4-pro-n4p-kc712\/","og_site_name":"IRONSKY.PL Sklep z Dronami","article_modified_time":"2026-05-14T04:55:18+00:00","og_image":[{"width":800,"height":800,"url":"https:\/\/ironsky.pl\/sklep\/wp-content\/uploads\/2024\/09\/35741_1.jpg","type":"image\/jpeg"}],"twitter_card":"summary_large_image","twitter_misc":{"Szacowany czas czytania":"1 minuta"},"schema":{"@context":"https:\/\/schema.org","@graph":[{"@type":"WebPage","@id":"https:\/\/ironsky.pl\/sklep\/produkt\/oslona-smigiel-sunnylife-do-dji-mini-4-pro-n4p-kc712\/","url":"https:\/\/ironsky.pl\/sklep\/produkt\/oslona-smigiel-sunnylife-do-dji-mini-4-pro-n4p-kc712\/","name":"Os\u0142ona \u015bmigie\u0142 Sunnylife do DJI Mini 4 Pro (N4P-KC712) - IRONSKY.PL Sklep z Dronami","isPartOf":{"@id":"https:\/\/ironsky.pl\/sklep\/#website"},"primaryImageOfPage":{"@id":"https:\/\/ironsky.pl\/sklep\/produkt\/oslona-smigiel-sunnylife-do-dji-mini-4-pro-n4p-kc712\/#primaryimage"},"image":{"@id":"https:\/\/ironsky.pl\/sklep\/produkt\/oslona-smigiel-sunnylife-do-dji-mini-4-pro-n4p-kc712\/#primaryimage"},"thumbnailUrl":"https:\/\/ironsky.pl\/sklep\/wp-content\/uploads\/2024\/09\/35741_1.jpg","datePublished":"2024-09-16T10:27:53+00:00","dateModified":"2026-05-14T04:55:18+00:00","description":"Os\u0142ona \u015bmigie\u0142 Sunnylife do DJI Mini 4 Pro (N4P-KC712) - \u2705 sklep z dronami i fachowym doradztwem. \u2705 Tutaj kupisz produkty DJI, Yuneec, Parrot, Syma i wiele innych, a tak\u017ce kursy i licencje na operatora drona.","breadcrumb":{"@id":"https:\/\/ironsky.pl\/sklep\/produkt\/oslona-smigiel-sunnylife-do-dji-mini-4-pro-n4p-kc712\/#breadcrumb"},"inLanguage":"pl-PL","potentialAction":[{"@type":"ReadAction","target":["https:\/\/ironsky.pl\/sklep\/produkt\/oslona-smigiel-sunnylife-do-dji-mini-4-pro-n4p-kc712\/"]}]},{"@type":"ImageObject","inLanguage":"pl-PL","@id":"https:\/\/ironsky.pl\/sklep\/produkt\/oslona-smigiel-sunnylife-do-dji-mini-4-pro-n4p-kc712\/#primaryimage","url":"https:\/\/ironsky.pl\/sklep\/wp-content\/uploads\/2024\/09\/35741_1.jpg","contentUrl":"https:\/\/ironsky.pl\/sklep\/wp-content\/uploads\/2024\/09\/35741_1.jpg","width":800,"height":800},{"@type":"BreadcrumbList","@id":"https:\/\/ironsky.pl\/sklep\/produkt\/oslona-smigiel-sunnylife-do-dji-mini-4-pro-n4p-kc712\/#breadcrumb","itemListElement":[{"@type":"ListItem","position":1,"name":"Strona g\u0142\u00f3wna","item":"https:\/\/ironsky.pl\/sklep\/"},{"@type":"ListItem","position":2,"name":"Wszystkie produkty","item":"https:\/\/ironsky.pl\/sklep\/produkty\/"},{"@type":"ListItem","position":3,"name":"Os\u0142ona \u015bmigie\u0142 Sunnylife do DJI Mini 4 Pro (N4P-KC712)"}]},{"@type":"WebSite","@id":"https:\/\/ironsky.pl\/sklep\/#website","url":"https:\/\/ironsky.pl\/sklep\/","name":"IRONSKY.PL Sklep z Dronami","description":"IRONSKY.PL Sklep z Dronami","potentialAction":[{"@type":"SearchAction","target":{"@type":"EntryPoint","urlTemplate":"https:\/\/ironsky.pl\/sklep\/?s={search_term_string}"},"query-input":{"@type":"PropertyValueSpecification","valueRequired":true,"valueName":"search_term_string"}}],"inLanguage":"pl-PL"}]}},"_links":{"self":[{"href":"https:\/\/ironsky.pl\/sklep\/wp-json\/wp\/v2\/product\/20602","targetHints":{"allow":["GET"]}}],"collection":[{"href":"https:\/\/ironsky.pl\/sklep\/wp-json\/wp\/v2\/product"}],"about":[{"href":"https:\/\/ironsky.pl\/sklep\/wp-json\/wp\/v2\/types\/product"}],"replies":[{"embeddable":true,"href":"https:\/\/ironsky.pl\/sklep\/wp-json\/wp\/v2\/comments?post=20602"}],"wp:featuredmedia":[{"embeddable":true,"href":"https:\/\/ironsky.pl\/sklep\/wp-json\/wp\/v2\/media\/20603"}],"wp:attachment":[{"href":"https:\/\/ironsky.pl\/sklep\/wp-json\/wp\/v2\/media?parent=20602"}],"wp:term":[{"taxonomy":"product_brand","embeddable":true,"href":"https:\/\/ironsky.pl\/sklep\/wp-json\/wp\/v2\/product_brand?post=20602"},{"taxonomy":"product_cat","embeddable":true,"href":"https:\/\/ironsky.pl\/sklep\/wp-json\/wp\/v2\/product_cat?post=20602"},{"taxonomy":"product_tag","embeddable":true,"href":"https:\/\/ironsky.pl\/sklep\/wp-json\/wp\/v2\/product_tag?post=20602"}],"curies":[{"name":"wp","href":"https:\/\/api.w.org\/{rel}","templated":true}]}}