{"id":20592,"date":"2024-09-16T12:27:16","date_gmt":"2024-09-16T10:27:16","guid":{"rendered":"http:\/\/gvshalph.pro-linuxpl.com\/ironskyprodukty\/produkt\/podwyzszenie-podwozia-sunnylife-do-dji-air-3-pomaranczowy-a3-lg664-c\/"},"modified":"2026-03-05T15:49:07","modified_gmt":"2026-03-05T14:49:07","slug":"podwyzszenie-podwozia-sunnylife-do-dji-air-3-pomaranczowy-a3-lg664-c","status":"publish","type":"product","link":"https:\/\/ironsky.pl\/sklep\/produkt\/podwyzszenie-podwozia-sunnylife-do-dji-air-3-pomaranczowy-a3-lg664-c\/","title":{"rendered":"Podwy\u017cszenie podwozia Sunnylife do DJI Air 3 &#8211; Pomara\u0144czowy (A3-LG664-C)"},"content":{"rendered":"<h3>Podwy\u017cszenie podwozia Sunnylife do DJI Air 3 (pomara\u0144czowe, A3-LG664-C)<\/h3>\n<p>Podwy\u017cszenie podwozia Sunnylife to kluczowy dodatek dla DJI Air 3, kt\u00f3re efektywnie zwi\u0119ksza odst\u0119p od pod\u0142o\u017ca o 36 mm, zapewniaj\u0105c ochron\u0119 czujnik\u00f3w i podzespo\u0142\u00f3w drona. Jego sk\u0142adana konstrukcja w stylu &#8222;Cool Spider&#8221; nie tylko wzbogaca urz\u0105dzenie o walory wizualne, ale tak\u017ce zapewnia integralno\u015b\u0107 system\u00f3w nawigacyjnych i sensorycznych. Akcesorium umo\u017cliwia stabilne l\u0105dowania na ka\u017cdym typie terenu.<\/p>\n<p><img decoding=\"async\" src=\"https:\/\/b2b.innpro.pl\/data\/include\/cms\/Sunnylife\/A3-LG664-C\/4.jpg\" border=\"0\" alt=\"Sunnylife\/A3-LG664-C\/4\" \/><\/p>\n<h3>Efektywne podniesienie o 36 mm<\/h3>\n<p>Zwi\u0119kszona o 36 mm odleg\u0142o\u015b\u0107 mi\u0119dzy dronem a ziemi\u0105 gwarantuje, \u017ce zar\u00f3wno urz\u0105dzenie, jak i jego czujniki pozostan\u0105 w idealnym stanie. Starty i l\u0105dowania b\u0119d\u0105 bezproblemowe \u2013 ju\u017c nie musisz obawia\u0107 si\u0119 uszkodze\u0144 spowodowanych nier\u00f3wno\u015bciami terenu.<\/p>\n<p><img decoding=\"async\" src=\"https:\/\/b2b.innpro.pl\/data\/include\/cms\/Sunnylife\/A3-LG664-C\/2.jpg\" border=\"0\" alt=\"Sunnylife\/A3-LG664-C\/2\" \/><\/p>\n<h3>Sk\u0142adana konstrukcja<\/h3>\n<p>Sk\u0142adana konstrukcja podwozia z precyzyjnym mechanizmem zapadkowym zwi\u0119ksza wygod\u0119 u\u017cytkowania. Sk\u0142adanie i rozk\u0142adanie akcesorium odbywa si\u0119 szybko i bezproblemowo, co znacznie u\u0142atwia transport i przechowywanie drona. Dodatkowym atutem jest lekko\u015b\u0107 (26 g).<\/p>\n<p><img decoding=\"async\" src=\"https:\/\/b2b.innpro.pl\/data\/include\/cms\/Sunnylife\/A3-LG664-C\/3.jpg\" border=\"0\" alt=\"Sunnylife\/A3-LG664-C\/3\" \/><\/p>\n<h3>Bezproblemowy monta\u017c<\/h3>\n<p>Podwy\u017cszenie podwozia zosta\u0142o zaprojektowane tak, aby instalacja by\u0142a \u0142atwa i nie kolidowa\u0142a z systemem wizyjnym, czujnikami oraz o\u015bwietleniem drona. Dzi\u0119ki temu Twoje urz\u0105dzenie pozostaje w pe\u0142ni funkcjonalne, a Ty mo\u017cesz cieszy\u0107 si\u0119 spokojnym lotem.<\/p>\n<p><img decoding=\"async\" src=\"https:\/\/b2b.innpro.pl\/data\/include\/cms\/Sunnylife\/A3-LG664-C\/1.jpg\" border=\"0\" alt=\"Sunnylife\/A3-LG664-C\/1\" \/><\/p>\n<h3>Wyj\u0105tkowy design<\/h3>\n<p>Podkre\u015bl wyj\u0105tkowo\u015b\u0107 swojego DJI Air 3. Podwy\u017cszenie podwozia Sunnylife wyr\u00f3\u017cnia si\u0119 oryginalnym i przyci\u0105gaj\u0105cym wzrok designem, kt\u00f3ry uczyni Twojego drona bardziej rozpoznawalnym podczas lotu.<\/p>\n<p><img decoding=\"async\" src=\"https:\/\/b2b.innpro.pl\/data\/include\/cms\/Sunnylife\/A3-LG664-C\/5.jpg\" border=\"0\" alt=\"Sunnylife\/A3-LG664-C\/5\" \/><\/p>\n<div class=\"table-wrapper\">\n<table>\n<tbody>\n<tr>\n<th>Producent<\/th>\n<td>Sunnylife<\/td>\n<\/tr>\n<tr>\n<th>Model<\/th>\n<td>A3-LG664-C<\/td>\n<\/tr>\n<tr>\n<th>Kompatybilno\u015b\u0107<\/th>\n<td>DJI Air 3<\/td>\n<\/tr>\n<tr>\n<th>Materia\u0142<\/th>\n<td>plastik<\/td>\n<\/tr>\n<tr>\n<th>Waga<\/th>\n<td>26 g<\/td>\n<\/tr>\n<tr>\n<th>Kolor<\/th>\n<td>pomara\u0144czowy<\/td>\n<\/tr>\n<\/tbody>\n<\/table>\n<\/div>\n","protected":false},"excerpt":{"rendered":"<p>Podwy\u017cszenie podwozia Sunnylife do DJI Air 3 (pomara\u0144czowe, A3-LG664-C) Podwy\u017cszenie podwozia Sunnylife to kluczowy dodatek dla DJI Air 3, kt\u00f3re<\/p>\n","protected":false},"featured_media":20593,"comment_status":"closed","ping_status":"open","template":"","meta":{"_acf_changed":false},"product_brand":[],"product_cat":[5591,1090,1091,1088],"product_tag":[],"class_list":{"0":"post-20592","1":"product","2":"type-product","3":"status-publish","4":"has-post-thumbnail","6":"product_cat-air-3","7":"product_cat-akcesoria","8":"product_cat-dji","9":"product_cat-drony","10":"pa_box-height-1771","11":"pa_box-length-2506","12":"pa_box-width-2403","13":"pa_gross-weight-4012","14":"pa_hs-code-1775","15":"pa_net-weight-1506","16":"pa_seria-air-dji-air-3","18":"first","19":"instock","20":"taxable","21":"shipping-taxable","22":"purchasable","23":"product-type-simple"},"acf":[],"yoast_head":"<!-- This site is optimized with the Yoast SEO plugin v27.2 - https:\/\/yoast.com\/product\/yoast-seo-wordpress\/ -->\n<title>Podwy\u017cszenie podwozia Sunnylife do DJI Air 3 - Pomara\u0144czowy (A3-LG664-C) - IRONSKY.PL Sklep z Dronami<\/title>\n<meta name=\"description\" content=\"Podwy\u017cszenie podwozia Sunnylife do DJI Air 3 - Pomara\u0144czowy (A3-LG664-C) - \u2705 sklep z dronami i fachowym doradztwem. \u2705 Tutaj kupisz produkty DJI, Yuneec, Parrot, Syma i wiele innych, a tak\u017ce kursy i licencje na operatora drona.\" \/>\n<meta name=\"robots\" content=\"index, follow, max-snippet:-1, max-image-preview:large, max-video-preview:-1\" \/>\n<link rel=\"canonical\" href=\"https:\/\/ironsky.pl\/sklep\/produkt\/podwyzszenie-podwozia-sunnylife-do-dji-air-3-pomaranczowy-a3-lg664-c\/\" \/>\n<meta property=\"og:locale\" content=\"pl_PL\" \/>\n<meta property=\"og:type\" content=\"article\" \/>\n<meta property=\"og:title\" content=\"Podwy\u017cszenie podwozia Sunnylife do DJI Air 3 - Pomara\u0144czowy (A3-LG664-C) - IRONSKY.PL Sklep z Dronami\" \/>\n<meta property=\"og:description\" content=\"Podwy\u017cszenie podwozia Sunnylife do DJI Air 3 - Pomara\u0144czowy (A3-LG664-C) - \u2705 sklep z dronami i fachowym doradztwem. \u2705 Tutaj kupisz produkty DJI, Yuneec, Parrot, Syma i wiele innych, a tak\u017ce kursy i licencje na operatora drona.\" \/>\n<meta property=\"og:url\" content=\"https:\/\/ironsky.pl\/sklep\/produkt\/podwyzszenie-podwozia-sunnylife-do-dji-air-3-pomaranczowy-a3-lg664-c\/\" \/>\n<meta property=\"og:site_name\" content=\"IRONSKY.PL Sklep z Dronami\" \/>\n<meta property=\"article:modified_time\" content=\"2026-03-05T14:49:07+00:00\" \/>\n<meta property=\"og:image\" content=\"https:\/\/ironsky.pl\/sklep\/wp-content\/uploads\/2024\/09\/35662_1.jpg\" \/>\n\t<meta property=\"og:image:width\" content=\"800\" \/>\n\t<meta property=\"og:image:height\" content=\"800\" \/>\n\t<meta property=\"og:image:type\" content=\"image\/jpeg\" \/>\n<meta name=\"twitter:card\" content=\"summary_large_image\" \/>\n<meta name=\"twitter:label1\" content=\"Szacowany czas czytania\" \/>\n\t<meta name=\"twitter:data1\" content=\"1 minuta\" \/>\n<script type=\"application\/ld+json\" class=\"yoast-schema-graph\">{\"@context\":\"https:\/\/schema.org\",\"@graph\":[{\"@type\":\"WebPage\",\"@id\":\"https:\/\/ironsky.pl\/sklep\/produkt\/podwyzszenie-podwozia-sunnylife-do-dji-air-3-pomaranczowy-a3-lg664-c\/\",\"url\":\"https:\/\/ironsky.pl\/sklep\/produkt\/podwyzszenie-podwozia-sunnylife-do-dji-air-3-pomaranczowy-a3-lg664-c\/\",\"name\":\"Podwy\u017cszenie podwozia Sunnylife do DJI Air 3 - Pomara\u0144czowy (A3-LG664-C) - IRONSKY.PL Sklep z Dronami\",\"isPartOf\":{\"@id\":\"https:\/\/ironsky.pl\/sklep\/#website\"},\"primaryImageOfPage\":{\"@id\":\"https:\/\/ironsky.pl\/sklep\/produkt\/podwyzszenie-podwozia-sunnylife-do-dji-air-3-pomaranczowy-a3-lg664-c\/#primaryimage\"},\"image\":{\"@id\":\"https:\/\/ironsky.pl\/sklep\/produkt\/podwyzszenie-podwozia-sunnylife-do-dji-air-3-pomaranczowy-a3-lg664-c\/#primaryimage\"},\"thumbnailUrl\":\"https:\/\/ironsky.pl\/sklep\/wp-content\/uploads\/2024\/09\/35662_1.jpg\",\"datePublished\":\"2024-09-16T10:27:16+00:00\",\"dateModified\":\"2026-03-05T14:49:07+00:00\",\"description\":\"Podwy\u017cszenie podwozia Sunnylife do DJI Air 3 - Pomara\u0144czowy (A3-LG664-C) - \u2705 sklep z dronami i fachowym doradztwem. \u2705 Tutaj kupisz produkty DJI, Yuneec, Parrot, Syma i wiele innych, a tak\u017ce kursy i licencje na operatora drona.\",\"breadcrumb\":{\"@id\":\"https:\/\/ironsky.pl\/sklep\/produkt\/podwyzszenie-podwozia-sunnylife-do-dji-air-3-pomaranczowy-a3-lg664-c\/#breadcrumb\"},\"inLanguage\":\"pl-PL\",\"potentialAction\":[{\"@type\":\"ReadAction\",\"target\":[\"https:\/\/ironsky.pl\/sklep\/produkt\/podwyzszenie-podwozia-sunnylife-do-dji-air-3-pomaranczowy-a3-lg664-c\/\"]}]},{\"@type\":\"ImageObject\",\"inLanguage\":\"pl-PL\",\"@id\":\"https:\/\/ironsky.pl\/sklep\/produkt\/podwyzszenie-podwozia-sunnylife-do-dji-air-3-pomaranczowy-a3-lg664-c\/#primaryimage\",\"url\":\"https:\/\/ironsky.pl\/sklep\/wp-content\/uploads\/2024\/09\/35662_1.jpg\",\"contentUrl\":\"https:\/\/ironsky.pl\/sklep\/wp-content\/uploads\/2024\/09\/35662_1.jpg\",\"width\":800,\"height\":800},{\"@type\":\"BreadcrumbList\",\"@id\":\"https:\/\/ironsky.pl\/sklep\/produkt\/podwyzszenie-podwozia-sunnylife-do-dji-air-3-pomaranczowy-a3-lg664-c\/#breadcrumb\",\"itemListElement\":[{\"@type\":\"ListItem\",\"position\":1,\"name\":\"Strona g\u0142\u00f3wna\",\"item\":\"https:\/\/ironsky.pl\/sklep\/\"},{\"@type\":\"ListItem\",\"position\":2,\"name\":\"Wszystkie produkty\",\"item\":\"https:\/\/ironsky.pl\/sklep\/produkty\/\"},{\"@type\":\"ListItem\",\"position\":3,\"name\":\"Podwy\u017cszenie podwozia Sunnylife do DJI Air 3 &#8211; Pomara\u0144czowy (A3-LG664-C)\"}]},{\"@type\":\"WebSite\",\"@id\":\"https:\/\/ironsky.pl\/sklep\/#website\",\"url\":\"https:\/\/ironsky.pl\/sklep\/\",\"name\":\"IRONSKY.PL Sklep z Dronami\",\"description\":\"IRONSKY.PL Sklep z Dronami\",\"potentialAction\":[{\"@type\":\"SearchAction\",\"target\":{\"@type\":\"EntryPoint\",\"urlTemplate\":\"https:\/\/ironsky.pl\/sklep\/?s={search_term_string}\"},\"query-input\":{\"@type\":\"PropertyValueSpecification\",\"valueRequired\":true,\"valueName\":\"search_term_string\"}}],\"inLanguage\":\"pl-PL\"}]}<\/script>\n<!-- \/ Yoast SEO plugin. -->","yoast_head_json":{"title":"Podwy\u017cszenie podwozia Sunnylife do DJI Air 3 - Pomara\u0144czowy (A3-LG664-C) - IRONSKY.PL Sklep z Dronami","description":"Podwy\u017cszenie podwozia Sunnylife do DJI Air 3 - Pomara\u0144czowy (A3-LG664-C) - \u2705 sklep z dronami i fachowym doradztwem. \u2705 Tutaj kupisz produkty DJI, Yuneec, Parrot, Syma i wiele innych, a tak\u017ce kursy i licencje na operatora drona.","robots":{"index":"index","follow":"follow","max-snippet":"max-snippet:-1","max-image-preview":"max-image-preview:large","max-video-preview":"max-video-preview:-1"},"canonical":"https:\/\/ironsky.pl\/sklep\/produkt\/podwyzszenie-podwozia-sunnylife-do-dji-air-3-pomaranczowy-a3-lg664-c\/","og_locale":"pl_PL","og_type":"article","og_title":"Podwy\u017cszenie podwozia Sunnylife do DJI Air 3 - Pomara\u0144czowy (A3-LG664-C) - IRONSKY.PL Sklep z Dronami","og_description":"Podwy\u017cszenie podwozia Sunnylife do DJI Air 3 - Pomara\u0144czowy (A3-LG664-C) - \u2705 sklep z dronami i fachowym doradztwem. \u2705 Tutaj kupisz produkty DJI, Yuneec, Parrot, Syma i wiele innych, a tak\u017ce kursy i licencje na operatora drona.","og_url":"https:\/\/ironsky.pl\/sklep\/produkt\/podwyzszenie-podwozia-sunnylife-do-dji-air-3-pomaranczowy-a3-lg664-c\/","og_site_name":"IRONSKY.PL Sklep z Dronami","article_modified_time":"2026-03-05T14:49:07+00:00","og_image":[{"width":800,"height":800,"url":"https:\/\/ironsky.pl\/sklep\/wp-content\/uploads\/2024\/09\/35662_1.jpg","type":"image\/jpeg"}],"twitter_card":"summary_large_image","twitter_misc":{"Szacowany czas czytania":"1 minuta"},"schema":{"@context":"https:\/\/schema.org","@graph":[{"@type":"WebPage","@id":"https:\/\/ironsky.pl\/sklep\/produkt\/podwyzszenie-podwozia-sunnylife-do-dji-air-3-pomaranczowy-a3-lg664-c\/","url":"https:\/\/ironsky.pl\/sklep\/produkt\/podwyzszenie-podwozia-sunnylife-do-dji-air-3-pomaranczowy-a3-lg664-c\/","name":"Podwy\u017cszenie podwozia Sunnylife do DJI Air 3 - Pomara\u0144czowy (A3-LG664-C) - IRONSKY.PL Sklep z Dronami","isPartOf":{"@id":"https:\/\/ironsky.pl\/sklep\/#website"},"primaryImageOfPage":{"@id":"https:\/\/ironsky.pl\/sklep\/produkt\/podwyzszenie-podwozia-sunnylife-do-dji-air-3-pomaranczowy-a3-lg664-c\/#primaryimage"},"image":{"@id":"https:\/\/ironsky.pl\/sklep\/produkt\/podwyzszenie-podwozia-sunnylife-do-dji-air-3-pomaranczowy-a3-lg664-c\/#primaryimage"},"thumbnailUrl":"https:\/\/ironsky.pl\/sklep\/wp-content\/uploads\/2024\/09\/35662_1.jpg","datePublished":"2024-09-16T10:27:16+00:00","dateModified":"2026-03-05T14:49:07+00:00","description":"Podwy\u017cszenie podwozia Sunnylife do DJI Air 3 - Pomara\u0144czowy (A3-LG664-C) - \u2705 sklep z dronami i fachowym doradztwem. \u2705 Tutaj kupisz produkty DJI, Yuneec, Parrot, Syma i wiele innych, a tak\u017ce kursy i licencje na operatora drona.","breadcrumb":{"@id":"https:\/\/ironsky.pl\/sklep\/produkt\/podwyzszenie-podwozia-sunnylife-do-dji-air-3-pomaranczowy-a3-lg664-c\/#breadcrumb"},"inLanguage":"pl-PL","potentialAction":[{"@type":"ReadAction","target":["https:\/\/ironsky.pl\/sklep\/produkt\/podwyzszenie-podwozia-sunnylife-do-dji-air-3-pomaranczowy-a3-lg664-c\/"]}]},{"@type":"ImageObject","inLanguage":"pl-PL","@id":"https:\/\/ironsky.pl\/sklep\/produkt\/podwyzszenie-podwozia-sunnylife-do-dji-air-3-pomaranczowy-a3-lg664-c\/#primaryimage","url":"https:\/\/ironsky.pl\/sklep\/wp-content\/uploads\/2024\/09\/35662_1.jpg","contentUrl":"https:\/\/ironsky.pl\/sklep\/wp-content\/uploads\/2024\/09\/35662_1.jpg","width":800,"height":800},{"@type":"BreadcrumbList","@id":"https:\/\/ironsky.pl\/sklep\/produkt\/podwyzszenie-podwozia-sunnylife-do-dji-air-3-pomaranczowy-a3-lg664-c\/#breadcrumb","itemListElement":[{"@type":"ListItem","position":1,"name":"Strona g\u0142\u00f3wna","item":"https:\/\/ironsky.pl\/sklep\/"},{"@type":"ListItem","position":2,"name":"Wszystkie produkty","item":"https:\/\/ironsky.pl\/sklep\/produkty\/"},{"@type":"ListItem","position":3,"name":"Podwy\u017cszenie podwozia Sunnylife do DJI Air 3 &#8211; Pomara\u0144czowy (A3-LG664-C)"}]},{"@type":"WebSite","@id":"https:\/\/ironsky.pl\/sklep\/#website","url":"https:\/\/ironsky.pl\/sklep\/","name":"IRONSKY.PL Sklep z Dronami","description":"IRONSKY.PL Sklep z Dronami","potentialAction":[{"@type":"SearchAction","target":{"@type":"EntryPoint","urlTemplate":"https:\/\/ironsky.pl\/sklep\/?s={search_term_string}"},"query-input":{"@type":"PropertyValueSpecification","valueRequired":true,"valueName":"search_term_string"}}],"inLanguage":"pl-PL"}]}},"_links":{"self":[{"href":"https:\/\/ironsky.pl\/sklep\/wp-json\/wp\/v2\/product\/20592","targetHints":{"allow":["GET"]}}],"collection":[{"href":"https:\/\/ironsky.pl\/sklep\/wp-json\/wp\/v2\/product"}],"about":[{"href":"https:\/\/ironsky.pl\/sklep\/wp-json\/wp\/v2\/types\/product"}],"replies":[{"embeddable":true,"href":"https:\/\/ironsky.pl\/sklep\/wp-json\/wp\/v2\/comments?post=20592"}],"wp:featuredmedia":[{"embeddable":true,"href":"https:\/\/ironsky.pl\/sklep\/wp-json\/wp\/v2\/media\/20593"}],"wp:attachment":[{"href":"https:\/\/ironsky.pl\/sklep\/wp-json\/wp\/v2\/media?parent=20592"}],"wp:term":[{"taxonomy":"product_brand","embeddable":true,"href":"https:\/\/ironsky.pl\/sklep\/wp-json\/wp\/v2\/product_brand?post=20592"},{"taxonomy":"product_cat","embeddable":true,"href":"https:\/\/ironsky.pl\/sklep\/wp-json\/wp\/v2\/product_cat?post=20592"},{"taxonomy":"product_tag","embeddable":true,"href":"https:\/\/ironsky.pl\/sklep\/wp-json\/wp\/v2\/product_tag?post=20592"}],"curies":[{"name":"wp","href":"https:\/\/api.w.org\/{rel}","templated":true}]}}