{"id":20588,"date":"2024-09-16T12:27:16","date_gmt":"2024-09-16T10:27:16","guid":{"rendered":"http:\/\/gvshalph.pro-linuxpl.com\/ironskyprodukty\/produkt\/blokada-smigiel-sunnylife-do-dji-air-3-pomaranczowy-a3-sj663-c\/"},"modified":"2026-03-05T15:49:07","modified_gmt":"2026-03-05T14:49:07","slug":"blokada-smigiel-sunnylife-do-dji-air-3-pomaranczowy-a3-sj663-c","status":"publish","type":"product","link":"https:\/\/ironsky.pl\/sklep\/produkt\/blokada-smigiel-sunnylife-do-dji-air-3-pomaranczowy-a3-sj663-c\/","title":{"rendered":"Blokada \u015bmigie\u0142 Sunnylife do DJI Air 3 &#8211; Pomara\u0144czowy (A3-SJ663-C)"},"content":{"rendered":"<h3>Blokada \u015bmigie\u0142 Sunnylife do DJI Air 3 (pomara\u0144czowa, A3-SJ663-C)<\/h3>\n<p>Zabezpiecz swojego DJI Air 3 z niezawodn\u0105 blokad\u0105 \u015bmigie\u0142 Sunnylife. Innowacyjna, sk\u0142adana konstrukcja akcesorium idealnie wsp\u00f3\u0142gra z budow\u0105 drona, gwarantuj\u0105c, \u017ce \u015bmig\u0142a zostan\u0105 zamocowane w odpowiedniej pozycji bez wywierania dodatkowego nacisku. Produkt nie tylko chroni palce przed skaleczeniami podczas sterowania dronem, ale zabezpiecza tak\u017ce sp\u00f3d urz\u0105dzenia i jego system wizyjny. Jest przy tym odporny na wstrz\u0105sy i kurz, a silikonowy materia\u0142 pozwoli\u0142 wyeliminowa\u0107 ryzyko zarysowania delikatnych cz\u0119\u015bci Air 3. Monta\u017c akcesorium nie sprawi Ci trudno\u015bci. Co wi\u0119cej, blokad\u0119 mo\u017cesz bezpiecznie przechowywa\u0107 wraz z dronem w dedykowanych torbach Sunnylife, w tym B658, B659, B660 oraz w futera\u0142ach bezpiecze\u0144stwa AQX-10\/AQX-11, aby cieszy\u0107 si\u0119 kompleksow\u0105 ochron\u0105 podczas transportu. <\/p>\n<p><img decoding=\"async\" src=\"https:\/\/b2b.innpro.pl\/data\/include\/cms\/Sunnylife\/A3-SJ663-C\/3.jpg\" alt=\"Sunnylife\/A3-SJ663-C\/1\"><\/p>\n<div class=\"table-wrapper\">\n<table>\n<tbody>\n<tr>\n<th>Producent<\/th>\n<td>Sunnylife<\/td>\n<\/tr>\n<tr>\n<th>Model<\/th>\n<td>A3-SJ663-C<\/td>\n<\/tr>\n<tr>\n<th>Kompatybilno\u015b\u0107<\/th>\n<td>DJI Air 3<\/td>\n<\/tr>\n<tr>\n<th>Materia\u0142<\/th>\n<td>plastik + silikon<\/td>\n<\/tr>\n<tr>\n<th>Waga netto<\/th>\n<td>34 g<\/td>\n<\/tr>\n<tr>\n<th>Kolor<\/th>\n<td>pomara\u0144czowy<\/td>\n<\/tr>\n<\/tbody>\n<\/table>\n<\/div>\n","protected":false},"excerpt":{"rendered":"<p>Blokada \u015bmigie\u0142 Sunnylife do DJI Air 3 (pomara\u0144czowa, A3-SJ663-C) Zabezpiecz swojego DJI Air 3 z niezawodn\u0105 blokad\u0105 \u015bmigie\u0142 Sunnylife. Innowacyjna,<\/p>\n","protected":false},"featured_media":20589,"comment_status":"closed","ping_status":"open","template":"","meta":{"_acf_changed":false},"product_brand":[],"product_cat":[5591,1090,1091,6093,1089,1088],"product_tag":[],"class_list":{"0":"post-20588","1":"product","2":"type-product","3":"status-publish","4":"has-post-thumbnail","6":"product_cat-air-3","7":"product_cat-akcesoria","8":"product_cat-dji","9":"product_cat-baterie-do-dronow","10":"product_cat-czesci-zamienne-do-dronow","11":"product_cat-drony","12":"pa_box-height-2588","13":"pa_box-length-3168","14":"pa_box-width-1980","15":"pa_gross-weight-2069","16":"pa_hs-code-1775","17":"pa_kolejna-dostawa-23-10-2024","18":"pa_net-weight-3220","19":"pa_seria-air-dji-air-3","21":"first","22":"outofstock","23":"taxable","24":"shipping-taxable","25":"purchasable","26":"product-type-simple"},"acf":[],"yoast_head":"<!-- This site is optimized with the Yoast SEO plugin v27.2 - https:\/\/yoast.com\/product\/yoast-seo-wordpress\/ -->\n<title>Blokada \u015bmigie\u0142 Sunnylife do DJI Air 3 - Pomara\u0144czowy (A3-SJ663-C) - IRONSKY.PL Sklep z Dronami<\/title>\n<meta name=\"description\" content=\"Blokada \u015bmigie\u0142 Sunnylife do DJI Air 3 - Pomara\u0144czowy (A3-SJ663-C) - \u2705 sklep z dronami i fachowym doradztwem. \u2705 Tutaj kupisz produkty DJI, Yuneec, Parrot, Syma i wiele innych, a tak\u017ce kursy i licencje na operatora drona.\" \/>\n<meta name=\"robots\" content=\"index, follow, max-snippet:-1, max-image-preview:large, max-video-preview:-1\" \/>\n<link rel=\"canonical\" href=\"https:\/\/ironsky.pl\/sklep\/produkt\/blokada-smigiel-sunnylife-do-dji-air-3-pomaranczowy-a3-sj663-c\/\" \/>\n<meta property=\"og:locale\" content=\"pl_PL\" \/>\n<meta property=\"og:type\" content=\"article\" \/>\n<meta property=\"og:title\" content=\"Blokada \u015bmigie\u0142 Sunnylife do DJI Air 3 - Pomara\u0144czowy (A3-SJ663-C) - IRONSKY.PL Sklep z Dronami\" \/>\n<meta property=\"og:description\" content=\"Blokada \u015bmigie\u0142 Sunnylife do DJI Air 3 - Pomara\u0144czowy (A3-SJ663-C) - \u2705 sklep z dronami i fachowym doradztwem. \u2705 Tutaj kupisz produkty DJI, Yuneec, Parrot, Syma i wiele innych, a tak\u017ce kursy i licencje na operatora drona.\" \/>\n<meta property=\"og:url\" content=\"https:\/\/ironsky.pl\/sklep\/produkt\/blokada-smigiel-sunnylife-do-dji-air-3-pomaranczowy-a3-sj663-c\/\" \/>\n<meta property=\"og:site_name\" content=\"IRONSKY.PL Sklep z Dronami\" \/>\n<meta property=\"article:modified_time\" content=\"2026-03-05T14:49:07+00:00\" \/>\n<meta property=\"og:image\" content=\"https:\/\/ironsky.pl\/sklep\/wp-content\/uploads\/2024\/09\/35657_1.jpg\" \/>\n\t<meta property=\"og:image:width\" content=\"800\" \/>\n\t<meta property=\"og:image:height\" content=\"800\" \/>\n\t<meta property=\"og:image:type\" content=\"image\/jpeg\" \/>\n<meta name=\"twitter:card\" content=\"summary_large_image\" \/>\n<meta name=\"twitter:label1\" content=\"Szacowany czas czytania\" \/>\n\t<meta name=\"twitter:data1\" content=\"1 minuta\" \/>\n<script type=\"application\/ld+json\" class=\"yoast-schema-graph\">{\"@context\":\"https:\/\/schema.org\",\"@graph\":[{\"@type\":\"WebPage\",\"@id\":\"https:\/\/ironsky.pl\/sklep\/produkt\/blokada-smigiel-sunnylife-do-dji-air-3-pomaranczowy-a3-sj663-c\/\",\"url\":\"https:\/\/ironsky.pl\/sklep\/produkt\/blokada-smigiel-sunnylife-do-dji-air-3-pomaranczowy-a3-sj663-c\/\",\"name\":\"Blokada \u015bmigie\u0142 Sunnylife do DJI Air 3 - Pomara\u0144czowy (A3-SJ663-C) - IRONSKY.PL Sklep z Dronami\",\"isPartOf\":{\"@id\":\"https:\/\/ironsky.pl\/sklep\/#website\"},\"primaryImageOfPage\":{\"@id\":\"https:\/\/ironsky.pl\/sklep\/produkt\/blokada-smigiel-sunnylife-do-dji-air-3-pomaranczowy-a3-sj663-c\/#primaryimage\"},\"image\":{\"@id\":\"https:\/\/ironsky.pl\/sklep\/produkt\/blokada-smigiel-sunnylife-do-dji-air-3-pomaranczowy-a3-sj663-c\/#primaryimage\"},\"thumbnailUrl\":\"https:\/\/ironsky.pl\/sklep\/wp-content\/uploads\/2024\/09\/35657_1.jpg\",\"datePublished\":\"2024-09-16T10:27:16+00:00\",\"dateModified\":\"2026-03-05T14:49:07+00:00\",\"description\":\"Blokada \u015bmigie\u0142 Sunnylife do DJI Air 3 - Pomara\u0144czowy (A3-SJ663-C) - \u2705 sklep z dronami i fachowym doradztwem. \u2705 Tutaj kupisz produkty DJI, Yuneec, Parrot, Syma i wiele innych, a tak\u017ce kursy i licencje na operatora drona.\",\"breadcrumb\":{\"@id\":\"https:\/\/ironsky.pl\/sklep\/produkt\/blokada-smigiel-sunnylife-do-dji-air-3-pomaranczowy-a3-sj663-c\/#breadcrumb\"},\"inLanguage\":\"pl-PL\",\"potentialAction\":[{\"@type\":\"ReadAction\",\"target\":[\"https:\/\/ironsky.pl\/sklep\/produkt\/blokada-smigiel-sunnylife-do-dji-air-3-pomaranczowy-a3-sj663-c\/\"]}]},{\"@type\":\"ImageObject\",\"inLanguage\":\"pl-PL\",\"@id\":\"https:\/\/ironsky.pl\/sklep\/produkt\/blokada-smigiel-sunnylife-do-dji-air-3-pomaranczowy-a3-sj663-c\/#primaryimage\",\"url\":\"https:\/\/ironsky.pl\/sklep\/wp-content\/uploads\/2024\/09\/35657_1.jpg\",\"contentUrl\":\"https:\/\/ironsky.pl\/sklep\/wp-content\/uploads\/2024\/09\/35657_1.jpg\",\"width\":800,\"height\":800},{\"@type\":\"BreadcrumbList\",\"@id\":\"https:\/\/ironsky.pl\/sklep\/produkt\/blokada-smigiel-sunnylife-do-dji-air-3-pomaranczowy-a3-sj663-c\/#breadcrumb\",\"itemListElement\":[{\"@type\":\"ListItem\",\"position\":1,\"name\":\"Strona g\u0142\u00f3wna\",\"item\":\"https:\/\/ironsky.pl\/sklep\/\"},{\"@type\":\"ListItem\",\"position\":2,\"name\":\"Wszystkie produkty\",\"item\":\"https:\/\/ironsky.pl\/sklep\/produkty\/\"},{\"@type\":\"ListItem\",\"position\":3,\"name\":\"Blokada \u015bmigie\u0142 Sunnylife do DJI Air 3 &#8211; Pomara\u0144czowy (A3-SJ663-C)\"}]},{\"@type\":\"WebSite\",\"@id\":\"https:\/\/ironsky.pl\/sklep\/#website\",\"url\":\"https:\/\/ironsky.pl\/sklep\/\",\"name\":\"IRONSKY.PL Sklep z Dronami\",\"description\":\"IRONSKY.PL Sklep z Dronami\",\"potentialAction\":[{\"@type\":\"SearchAction\",\"target\":{\"@type\":\"EntryPoint\",\"urlTemplate\":\"https:\/\/ironsky.pl\/sklep\/?s={search_term_string}\"},\"query-input\":{\"@type\":\"PropertyValueSpecification\",\"valueRequired\":true,\"valueName\":\"search_term_string\"}}],\"inLanguage\":\"pl-PL\"}]}<\/script>\n<!-- \/ Yoast SEO plugin. -->","yoast_head_json":{"title":"Blokada \u015bmigie\u0142 Sunnylife do DJI Air 3 - Pomara\u0144czowy (A3-SJ663-C) - IRONSKY.PL Sklep z Dronami","description":"Blokada \u015bmigie\u0142 Sunnylife do DJI Air 3 - Pomara\u0144czowy (A3-SJ663-C) - \u2705 sklep z dronami i fachowym doradztwem. \u2705 Tutaj kupisz produkty DJI, Yuneec, Parrot, Syma i wiele innych, a tak\u017ce kursy i licencje na operatora drona.","robots":{"index":"index","follow":"follow","max-snippet":"max-snippet:-1","max-image-preview":"max-image-preview:large","max-video-preview":"max-video-preview:-1"},"canonical":"https:\/\/ironsky.pl\/sklep\/produkt\/blokada-smigiel-sunnylife-do-dji-air-3-pomaranczowy-a3-sj663-c\/","og_locale":"pl_PL","og_type":"article","og_title":"Blokada \u015bmigie\u0142 Sunnylife do DJI Air 3 - Pomara\u0144czowy (A3-SJ663-C) - IRONSKY.PL Sklep z Dronami","og_description":"Blokada \u015bmigie\u0142 Sunnylife do DJI Air 3 - Pomara\u0144czowy (A3-SJ663-C) - \u2705 sklep z dronami i fachowym doradztwem. \u2705 Tutaj kupisz produkty DJI, Yuneec, Parrot, Syma i wiele innych, a tak\u017ce kursy i licencje na operatora drona.","og_url":"https:\/\/ironsky.pl\/sklep\/produkt\/blokada-smigiel-sunnylife-do-dji-air-3-pomaranczowy-a3-sj663-c\/","og_site_name":"IRONSKY.PL Sklep z Dronami","article_modified_time":"2026-03-05T14:49:07+00:00","og_image":[{"width":800,"height":800,"url":"https:\/\/ironsky.pl\/sklep\/wp-content\/uploads\/2024\/09\/35657_1.jpg","type":"image\/jpeg"}],"twitter_card":"summary_large_image","twitter_misc":{"Szacowany czas czytania":"1 minuta"},"schema":{"@context":"https:\/\/schema.org","@graph":[{"@type":"WebPage","@id":"https:\/\/ironsky.pl\/sklep\/produkt\/blokada-smigiel-sunnylife-do-dji-air-3-pomaranczowy-a3-sj663-c\/","url":"https:\/\/ironsky.pl\/sklep\/produkt\/blokada-smigiel-sunnylife-do-dji-air-3-pomaranczowy-a3-sj663-c\/","name":"Blokada \u015bmigie\u0142 Sunnylife do DJI Air 3 - Pomara\u0144czowy (A3-SJ663-C) - IRONSKY.PL Sklep z Dronami","isPartOf":{"@id":"https:\/\/ironsky.pl\/sklep\/#website"},"primaryImageOfPage":{"@id":"https:\/\/ironsky.pl\/sklep\/produkt\/blokada-smigiel-sunnylife-do-dji-air-3-pomaranczowy-a3-sj663-c\/#primaryimage"},"image":{"@id":"https:\/\/ironsky.pl\/sklep\/produkt\/blokada-smigiel-sunnylife-do-dji-air-3-pomaranczowy-a3-sj663-c\/#primaryimage"},"thumbnailUrl":"https:\/\/ironsky.pl\/sklep\/wp-content\/uploads\/2024\/09\/35657_1.jpg","datePublished":"2024-09-16T10:27:16+00:00","dateModified":"2026-03-05T14:49:07+00:00","description":"Blokada \u015bmigie\u0142 Sunnylife do DJI Air 3 - Pomara\u0144czowy (A3-SJ663-C) - \u2705 sklep z dronami i fachowym doradztwem. \u2705 Tutaj kupisz produkty DJI, Yuneec, Parrot, Syma i wiele innych, a tak\u017ce kursy i licencje na operatora drona.","breadcrumb":{"@id":"https:\/\/ironsky.pl\/sklep\/produkt\/blokada-smigiel-sunnylife-do-dji-air-3-pomaranczowy-a3-sj663-c\/#breadcrumb"},"inLanguage":"pl-PL","potentialAction":[{"@type":"ReadAction","target":["https:\/\/ironsky.pl\/sklep\/produkt\/blokada-smigiel-sunnylife-do-dji-air-3-pomaranczowy-a3-sj663-c\/"]}]},{"@type":"ImageObject","inLanguage":"pl-PL","@id":"https:\/\/ironsky.pl\/sklep\/produkt\/blokada-smigiel-sunnylife-do-dji-air-3-pomaranczowy-a3-sj663-c\/#primaryimage","url":"https:\/\/ironsky.pl\/sklep\/wp-content\/uploads\/2024\/09\/35657_1.jpg","contentUrl":"https:\/\/ironsky.pl\/sklep\/wp-content\/uploads\/2024\/09\/35657_1.jpg","width":800,"height":800},{"@type":"BreadcrumbList","@id":"https:\/\/ironsky.pl\/sklep\/produkt\/blokada-smigiel-sunnylife-do-dji-air-3-pomaranczowy-a3-sj663-c\/#breadcrumb","itemListElement":[{"@type":"ListItem","position":1,"name":"Strona g\u0142\u00f3wna","item":"https:\/\/ironsky.pl\/sklep\/"},{"@type":"ListItem","position":2,"name":"Wszystkie produkty","item":"https:\/\/ironsky.pl\/sklep\/produkty\/"},{"@type":"ListItem","position":3,"name":"Blokada \u015bmigie\u0142 Sunnylife do DJI Air 3 &#8211; Pomara\u0144czowy (A3-SJ663-C)"}]},{"@type":"WebSite","@id":"https:\/\/ironsky.pl\/sklep\/#website","url":"https:\/\/ironsky.pl\/sklep\/","name":"IRONSKY.PL Sklep z Dronami","description":"IRONSKY.PL Sklep z Dronami","potentialAction":[{"@type":"SearchAction","target":{"@type":"EntryPoint","urlTemplate":"https:\/\/ironsky.pl\/sklep\/?s={search_term_string}"},"query-input":{"@type":"PropertyValueSpecification","valueRequired":true,"valueName":"search_term_string"}}],"inLanguage":"pl-PL"}]}},"_links":{"self":[{"href":"https:\/\/ironsky.pl\/sklep\/wp-json\/wp\/v2\/product\/20588","targetHints":{"allow":["GET"]}}],"collection":[{"href":"https:\/\/ironsky.pl\/sklep\/wp-json\/wp\/v2\/product"}],"about":[{"href":"https:\/\/ironsky.pl\/sklep\/wp-json\/wp\/v2\/types\/product"}],"replies":[{"embeddable":true,"href":"https:\/\/ironsky.pl\/sklep\/wp-json\/wp\/v2\/comments?post=20588"}],"wp:featuredmedia":[{"embeddable":true,"href":"https:\/\/ironsky.pl\/sklep\/wp-json\/wp\/v2\/media\/20589"}],"wp:attachment":[{"href":"https:\/\/ironsky.pl\/sklep\/wp-json\/wp\/v2\/media?parent=20588"}],"wp:term":[{"taxonomy":"product_brand","embeddable":true,"href":"https:\/\/ironsky.pl\/sklep\/wp-json\/wp\/v2\/product_brand?post=20588"},{"taxonomy":"product_cat","embeddable":true,"href":"https:\/\/ironsky.pl\/sklep\/wp-json\/wp\/v2\/product_cat?post=20588"},{"taxonomy":"product_tag","embeddable":true,"href":"https:\/\/ironsky.pl\/sklep\/wp-json\/wp\/v2\/product_tag?post=20588"}],"curies":[{"name":"wp","href":"https:\/\/api.w.org\/{rel}","templated":true}]}}