{"id":20523,"date":"2024-09-16T12:25:47","date_gmt":"2024-09-16T10:25:47","guid":{"rendered":"http:\/\/gvshalph.pro-linuxpl.com\/ironskyprodukty\/produkt\/walizka-sunnylife-do-drona-dji-mini-4-pro\/"},"modified":"2026-03-05T15:49:04","modified_gmt":"2026-03-05T14:49:04","slug":"walizka-sunnylife-do-drona-dji-mini-4-pro","status":"publish","type":"product","link":"https:\/\/ironsky.pl\/sklep\/produkt\/walizka-sunnylife-do-drona-dji-mini-4-pro\/","title":{"rendered":"Walizka Sunnylife do drona DJI MINI 4 Pro"},"content":{"rendered":"<h3>Walizka Sunnylife do drona DJI MINI 4 Pro\u00a0 \u00a0\u00a0<\/h3>\n<p>\u00a0<\/p>\n<p>Etui Sunnylife do drona MINI 4 Pro to niezawodne i funkcjonalne rozwi\u0105zanie dla wszystkich u\u017cytkownik\u00f3w dron\u00f3w. Bezpieczne przechowywanie, odporno\u015b\u0107 na warunki atmosferyczne i wytrzyma\u0142o\u015b\u0107 to cechy, kt\u00f3re uczyni\u0105 Twoje przygody z dronem jeszcze bardziej ekscytuj\u0105cymi. Nie ryzykuj i zabezpiecz sw\u00f3j sprz\u0119t &#8211; etui Sunnylife do drona MINI 4 Pro to odpowied\u017a na Twoje potrzeby.<\/p>\n<p>\u00a0<\/p>\n<p><img decoding=\"async\" src=\"https:\/\/assets.innpro.pl\/1837\/1987\/1.jpg\" border=\"0\" \/><\/p>\n<h3>Niezawodna ochrona na wszystkie strony<\/h3>\n<p>\u00a0<\/p>\n<p>Wy\u0142o\u017cona piank\u0105 o odpowiednich wyci\u0119ciach, walizka pomie\u015bci a\u017c 6 akumulator\u00f3w drona, samego drona z nak\u0142adk\u0105 zabezpieczaj\u0105c\u0105 gimbala, a tak\u017ce kontroler w specjalnym kapturze. Pod kontrolerem znajduje si\u0119 tak\u017ce miejsce na mniejsze akcesoria, jak kable i nie tylko, co pozwoli zachowa\u0107 porz\u0105dek.<\/p>\n<p>\u00a0<\/p>\n<p><img decoding=\"async\" src=\"https:\/\/assets.innpro.pl\/1837\/1987\/5.jpg\" border=\"0\" \/><\/p>\n<h3>Odporno\u015b\u0107 na kapry\u015bn\u0105 pogod\u0119<\/h3>\n<p>\u00a0<\/p>\n<p>Walizka jest odporna na przecieki i wycieki wody, co czyni j\u0105 doskona\u0142ym wyborem na niepewn\u0105 pogod\u0119. Dzi\u0119ki temu, mo\u017cesz by\u0107 pewien, \u017ce Tw\u00f3j sprz\u0119t pozostanie suchy i bezpieczny.<\/p>\n<p>\u00a0<\/p>\n<p><img decoding=\"async\" src=\"https:\/\/assets.innpro.pl\/1837\/1987\/6.jpg\" border=\"0\" \/><\/p>\n<h3>Pojemno\u015b\u0107 i wytrzyma\u0142o\u015b\u0107<\/h3>\n<p>\u00a0<\/p>\n<p>Jednym z kluczowych atut\u00f3w tego etui jest jego ogromna pojemno\u015b\u0107. Z \u0142atwo\u015bci\u0105 pomie\u015bci wszystkie najwa\u017cniejsze akcesoria, niezale\u017cnie od tego, czy podr\u00f3\u017cujesz na d\u0142ugie wyprawy czy kr\u00f3tkie wypady. Ponadto, etui jest odporne na wysokie temperatury, co sprawia, \u017ce jest gotowe na ka\u017cde wyzwanie.<\/p>\n<p>\u00a0<\/p>\n<p><img decoding=\"async\" src=\"https:\/\/assets.innpro.pl\/1837\/1987\/7.jpg\" border=\"0\" \/><\/p>\n<h3>Bezpiecze\u0144stwo na pierwszym planie<\/h3>\n<p>\u00a0<\/p>\n<p>Podw\u00f3jny system zamk\u00f3w zapewnia, \u017ce etui nie otworzy si\u0119 przypadkowo. Mo\u017cesz by\u0107 spokojny o to, \u017ce Tw\u00f3j dron i akcesoria s\u0105 bezpieczne, nawet w trudnych warunkach. Dodatkowo, zaw\u00f3r bezpiecze\u0144stwa przeciwdzia\u0142a zassaniu si\u0119 walizki do \u015brodka lub jej gwa\u0142townemu otworzeniu si\u0119 z powodu zmiany temperatury.<\/p>\n<p>\u00a0<\/p>\n<p><img decoding=\"async\" src=\"https:\/\/assets.innpro.pl\/1837\/1987\/3.jpg\" border=\"0\" \/><\/p>\n<h3>Komfort<\/h3>\n<p>\u00a0<\/p>\n<p>R\u0105czka etui jest nie tylko wygodna, ale r\u00f3wnie\u017c mi\u0142a w dotyku i antypo\u015blizgowa, zapewniaj\u0105c komfort podczas przenoszenia. Mi\u0119kka g\u0105bka o du\u017cej g\u0119sto\u015bci chroni akcesoria przed zarysowaniami i wp\u0142ywem upadku czy uderzenia. Zawiasy walizki wykonane z nierdzewnego materia\u0142u s\u0105 wytrzyma\u0142e i odporne na zu\u017cycie, gwarantuj\u0105c d\u0142ug\u0105 \u017cywotno\u015b\u0107 produktu.<\/p>\n<p>\u00a0<\/p>\n<p><img decoding=\"async\" src=\"https:\/\/assets.innpro.pl\/1837\/1987\/8.jpg\" border=\"0\" \/><\/p>\n<div class=\"table-wrapper\">\n<p>\u00a0<\/p>\n<h3>\u00a0<\/h3>\n<table>\n<tbody>\n<tr>\n<th>Marka<\/th>\n<td>Sunnylife<\/td>\n<\/tr>\n<tr>\n<th>Model<\/th>\n<td>AQX-12<\/td>\n<\/tr>\n<tr>\n<th>Kolor<\/th>\n<td>Czarny<\/td>\n<\/tr>\n<tr>\n<th>Kompatybilno\u015b\u0107<\/th>\n<td>Mini 4 Pro<\/td>\n<\/tr>\n<tr>\n<th>Waga<\/th>\n<td>1.53kg<\/td>\n<\/tr>\n<tr>\n<th>Wymiary<\/th>\n<td>35.4 x 29.4 x 13.7cm<\/td>\n<\/tr>\n<tr>\n<th>Wodoszczelno\u015b\u0107<\/th>\n<td>Tak<\/td>\n<\/tr>\n<\/tbody>\n<\/table>\n<\/div>\n","protected":false},"excerpt":{"rendered":"<p>Walizka Sunnylife do drona DJI MINI 4 Pro\u00a0 \u00a0\u00a0 \u00a0 Etui Sunnylife do drona MINI 4 Pro to niezawodne i<\/p>\n","protected":false},"featured_media":20524,"comment_status":"closed","ping_status":"open","template":"","meta":{"_acf_changed":false},"product_brand":[],"product_cat":[5601,1090,1091,1088,1098],"product_tag":[],"class_list":{"0":"post-20523","1":"product","2":"type-product","3":"status-publish","4":"has-post-thumbnail","6":"product_cat-mini-4-pro","7":"product_cat-akcesoria","8":"product_cat-dji","9":"product_cat-drony","10":"product_cat-torby-i-walizki-na-drony","11":"pa_box-height-1535","12":"pa_box-length-3095","13":"pa_box-width-4454","14":"pa_gross-weight-3818","15":"pa_hs-code-1768","16":"pa_kolejna-dostawa-23-10-2024","17":"pa_net-weight-3269","18":"pa_seria-mini-dji-mini-4-pro","20":"first","21":"instock","22":"taxable","23":"shipping-taxable","24":"purchasable","25":"product-type-simple"},"acf":[],"yoast_head":"<!-- This site is optimized with the Yoast SEO plugin v27.2 - https:\/\/yoast.com\/product\/yoast-seo-wordpress\/ -->\n<title>Walizka Sunnylife do drona DJI MINI 4 Pro - IRONSKY.PL Sklep z Dronami<\/title>\n<meta name=\"description\" content=\"Walizka Sunnylife do drona DJI MINI 4 Pro - \u2705 sklep z dronami i fachowym doradztwem. \u2705 Tutaj kupisz produkty DJI, Yuneec, Parrot, Syma i wiele innych, a tak\u017ce kursy i licencje na operatora drona.\" \/>\n<meta name=\"robots\" content=\"index, follow, max-snippet:-1, max-image-preview:large, max-video-preview:-1\" \/>\n<link rel=\"canonical\" href=\"https:\/\/ironsky.pl\/sklep\/produkt\/walizka-sunnylife-do-drona-dji-mini-4-pro\/\" \/>\n<meta property=\"og:locale\" content=\"pl_PL\" \/>\n<meta property=\"og:type\" content=\"article\" \/>\n<meta property=\"og:title\" content=\"Walizka Sunnylife do drona DJI MINI 4 Pro - IRONSKY.PL Sklep z Dronami\" \/>\n<meta property=\"og:description\" content=\"Walizka Sunnylife do drona DJI MINI 4 Pro - \u2705 sklep z dronami i fachowym doradztwem. \u2705 Tutaj kupisz produkty DJI, Yuneec, Parrot, Syma i wiele innych, a tak\u017ce kursy i licencje na operatora drona.\" \/>\n<meta property=\"og:url\" content=\"https:\/\/ironsky.pl\/sklep\/produkt\/walizka-sunnylife-do-drona-dji-mini-4-pro\/\" \/>\n<meta property=\"og:site_name\" content=\"IRONSKY.PL Sklep z Dronami\" \/>\n<meta property=\"article:modified_time\" content=\"2026-03-05T14:49:04+00:00\" \/>\n<meta property=\"og:image\" content=\"https:\/\/ironsky.pl\/sklep\/wp-content\/uploads\/2024\/09\/35459_1.jpg\" \/>\n\t<meta property=\"og:image:width\" content=\"800\" \/>\n\t<meta property=\"og:image:height\" content=\"800\" \/>\n\t<meta property=\"og:image:type\" content=\"image\/jpeg\" \/>\n<meta name=\"twitter:card\" content=\"summary_large_image\" \/>\n<meta name=\"twitter:label1\" content=\"Szacowany czas czytania\" \/>\n\t<meta name=\"twitter:data1\" content=\"2 minuty\" \/>\n<script type=\"application\/ld+json\" class=\"yoast-schema-graph\">{\"@context\":\"https:\/\/schema.org\",\"@graph\":[{\"@type\":\"WebPage\",\"@id\":\"https:\/\/ironsky.pl\/sklep\/produkt\/walizka-sunnylife-do-drona-dji-mini-4-pro\/\",\"url\":\"https:\/\/ironsky.pl\/sklep\/produkt\/walizka-sunnylife-do-drona-dji-mini-4-pro\/\",\"name\":\"Walizka Sunnylife do drona DJI MINI 4 Pro - IRONSKY.PL Sklep z Dronami\",\"isPartOf\":{\"@id\":\"https:\/\/ironsky.pl\/sklep\/#website\"},\"primaryImageOfPage\":{\"@id\":\"https:\/\/ironsky.pl\/sklep\/produkt\/walizka-sunnylife-do-drona-dji-mini-4-pro\/#primaryimage\"},\"image\":{\"@id\":\"https:\/\/ironsky.pl\/sklep\/produkt\/walizka-sunnylife-do-drona-dji-mini-4-pro\/#primaryimage\"},\"thumbnailUrl\":\"https:\/\/ironsky.pl\/sklep\/wp-content\/uploads\/2024\/09\/35459_1.jpg\",\"datePublished\":\"2024-09-16T10:25:47+00:00\",\"dateModified\":\"2026-03-05T14:49:04+00:00\",\"description\":\"Walizka Sunnylife do drona DJI MINI 4 Pro - \u2705 sklep z dronami i fachowym doradztwem. \u2705 Tutaj kupisz produkty DJI, Yuneec, Parrot, Syma i wiele innych, a tak\u017ce kursy i licencje na operatora drona.\",\"breadcrumb\":{\"@id\":\"https:\/\/ironsky.pl\/sklep\/produkt\/walizka-sunnylife-do-drona-dji-mini-4-pro\/#breadcrumb\"},\"inLanguage\":\"pl-PL\",\"potentialAction\":[{\"@type\":\"ReadAction\",\"target\":[\"https:\/\/ironsky.pl\/sklep\/produkt\/walizka-sunnylife-do-drona-dji-mini-4-pro\/\"]}]},{\"@type\":\"ImageObject\",\"inLanguage\":\"pl-PL\",\"@id\":\"https:\/\/ironsky.pl\/sklep\/produkt\/walizka-sunnylife-do-drona-dji-mini-4-pro\/#primaryimage\",\"url\":\"https:\/\/ironsky.pl\/sklep\/wp-content\/uploads\/2024\/09\/35459_1.jpg\",\"contentUrl\":\"https:\/\/ironsky.pl\/sklep\/wp-content\/uploads\/2024\/09\/35459_1.jpg\",\"width\":800,\"height\":800},{\"@type\":\"BreadcrumbList\",\"@id\":\"https:\/\/ironsky.pl\/sklep\/produkt\/walizka-sunnylife-do-drona-dji-mini-4-pro\/#breadcrumb\",\"itemListElement\":[{\"@type\":\"ListItem\",\"position\":1,\"name\":\"Strona g\u0142\u00f3wna\",\"item\":\"https:\/\/ironsky.pl\/sklep\/\"},{\"@type\":\"ListItem\",\"position\":2,\"name\":\"Wszystkie produkty\",\"item\":\"https:\/\/ironsky.pl\/sklep\/produkty\/\"},{\"@type\":\"ListItem\",\"position\":3,\"name\":\"Walizka Sunnylife do drona DJI MINI 4 Pro\"}]},{\"@type\":\"WebSite\",\"@id\":\"https:\/\/ironsky.pl\/sklep\/#website\",\"url\":\"https:\/\/ironsky.pl\/sklep\/\",\"name\":\"IRONSKY.PL Sklep z Dronami\",\"description\":\"IRONSKY.PL Sklep z Dronami\",\"potentialAction\":[{\"@type\":\"SearchAction\",\"target\":{\"@type\":\"EntryPoint\",\"urlTemplate\":\"https:\/\/ironsky.pl\/sklep\/?s={search_term_string}\"},\"query-input\":{\"@type\":\"PropertyValueSpecification\",\"valueRequired\":true,\"valueName\":\"search_term_string\"}}],\"inLanguage\":\"pl-PL\"}]}<\/script>\n<!-- \/ Yoast SEO plugin. -->","yoast_head_json":{"title":"Walizka Sunnylife do drona DJI MINI 4 Pro - IRONSKY.PL Sklep z Dronami","description":"Walizka Sunnylife do drona DJI MINI 4 Pro - \u2705 sklep z dronami i fachowym doradztwem. \u2705 Tutaj kupisz produkty DJI, Yuneec, Parrot, Syma i wiele innych, a tak\u017ce kursy i licencje na operatora drona.","robots":{"index":"index","follow":"follow","max-snippet":"max-snippet:-1","max-image-preview":"max-image-preview:large","max-video-preview":"max-video-preview:-1"},"canonical":"https:\/\/ironsky.pl\/sklep\/produkt\/walizka-sunnylife-do-drona-dji-mini-4-pro\/","og_locale":"pl_PL","og_type":"article","og_title":"Walizka Sunnylife do drona DJI MINI 4 Pro - IRONSKY.PL Sklep z Dronami","og_description":"Walizka Sunnylife do drona DJI MINI 4 Pro - \u2705 sklep z dronami i fachowym doradztwem. \u2705 Tutaj kupisz produkty DJI, Yuneec, Parrot, Syma i wiele innych, a tak\u017ce kursy i licencje na operatora drona.","og_url":"https:\/\/ironsky.pl\/sklep\/produkt\/walizka-sunnylife-do-drona-dji-mini-4-pro\/","og_site_name":"IRONSKY.PL Sklep z Dronami","article_modified_time":"2026-03-05T14:49:04+00:00","og_image":[{"width":800,"height":800,"url":"https:\/\/ironsky.pl\/sklep\/wp-content\/uploads\/2024\/09\/35459_1.jpg","type":"image\/jpeg"}],"twitter_card":"summary_large_image","twitter_misc":{"Szacowany czas czytania":"2 minuty"},"schema":{"@context":"https:\/\/schema.org","@graph":[{"@type":"WebPage","@id":"https:\/\/ironsky.pl\/sklep\/produkt\/walizka-sunnylife-do-drona-dji-mini-4-pro\/","url":"https:\/\/ironsky.pl\/sklep\/produkt\/walizka-sunnylife-do-drona-dji-mini-4-pro\/","name":"Walizka Sunnylife do drona DJI MINI 4 Pro - IRONSKY.PL Sklep z Dronami","isPartOf":{"@id":"https:\/\/ironsky.pl\/sklep\/#website"},"primaryImageOfPage":{"@id":"https:\/\/ironsky.pl\/sklep\/produkt\/walizka-sunnylife-do-drona-dji-mini-4-pro\/#primaryimage"},"image":{"@id":"https:\/\/ironsky.pl\/sklep\/produkt\/walizka-sunnylife-do-drona-dji-mini-4-pro\/#primaryimage"},"thumbnailUrl":"https:\/\/ironsky.pl\/sklep\/wp-content\/uploads\/2024\/09\/35459_1.jpg","datePublished":"2024-09-16T10:25:47+00:00","dateModified":"2026-03-05T14:49:04+00:00","description":"Walizka Sunnylife do drona DJI MINI 4 Pro - \u2705 sklep z dronami i fachowym doradztwem. \u2705 Tutaj kupisz produkty DJI, Yuneec, Parrot, Syma i wiele innych, a tak\u017ce kursy i licencje na operatora drona.","breadcrumb":{"@id":"https:\/\/ironsky.pl\/sklep\/produkt\/walizka-sunnylife-do-drona-dji-mini-4-pro\/#breadcrumb"},"inLanguage":"pl-PL","potentialAction":[{"@type":"ReadAction","target":["https:\/\/ironsky.pl\/sklep\/produkt\/walizka-sunnylife-do-drona-dji-mini-4-pro\/"]}]},{"@type":"ImageObject","inLanguage":"pl-PL","@id":"https:\/\/ironsky.pl\/sklep\/produkt\/walizka-sunnylife-do-drona-dji-mini-4-pro\/#primaryimage","url":"https:\/\/ironsky.pl\/sklep\/wp-content\/uploads\/2024\/09\/35459_1.jpg","contentUrl":"https:\/\/ironsky.pl\/sklep\/wp-content\/uploads\/2024\/09\/35459_1.jpg","width":800,"height":800},{"@type":"BreadcrumbList","@id":"https:\/\/ironsky.pl\/sklep\/produkt\/walizka-sunnylife-do-drona-dji-mini-4-pro\/#breadcrumb","itemListElement":[{"@type":"ListItem","position":1,"name":"Strona g\u0142\u00f3wna","item":"https:\/\/ironsky.pl\/sklep\/"},{"@type":"ListItem","position":2,"name":"Wszystkie produkty","item":"https:\/\/ironsky.pl\/sklep\/produkty\/"},{"@type":"ListItem","position":3,"name":"Walizka Sunnylife do drona DJI MINI 4 Pro"}]},{"@type":"WebSite","@id":"https:\/\/ironsky.pl\/sklep\/#website","url":"https:\/\/ironsky.pl\/sklep\/","name":"IRONSKY.PL Sklep z Dronami","description":"IRONSKY.PL Sklep z Dronami","potentialAction":[{"@type":"SearchAction","target":{"@type":"EntryPoint","urlTemplate":"https:\/\/ironsky.pl\/sklep\/?s={search_term_string}"},"query-input":{"@type":"PropertyValueSpecification","valueRequired":true,"valueName":"search_term_string"}}],"inLanguage":"pl-PL"}]}},"_links":{"self":[{"href":"https:\/\/ironsky.pl\/sklep\/wp-json\/wp\/v2\/product\/20523","targetHints":{"allow":["GET"]}}],"collection":[{"href":"https:\/\/ironsky.pl\/sklep\/wp-json\/wp\/v2\/product"}],"about":[{"href":"https:\/\/ironsky.pl\/sklep\/wp-json\/wp\/v2\/types\/product"}],"replies":[{"embeddable":true,"href":"https:\/\/ironsky.pl\/sklep\/wp-json\/wp\/v2\/comments?post=20523"}],"wp:featuredmedia":[{"embeddable":true,"href":"https:\/\/ironsky.pl\/sklep\/wp-json\/wp\/v2\/media\/20524"}],"wp:attachment":[{"href":"https:\/\/ironsky.pl\/sklep\/wp-json\/wp\/v2\/media?parent=20523"}],"wp:term":[{"taxonomy":"product_brand","embeddable":true,"href":"https:\/\/ironsky.pl\/sklep\/wp-json\/wp\/v2\/product_brand?post=20523"},{"taxonomy":"product_cat","embeddable":true,"href":"https:\/\/ironsky.pl\/sklep\/wp-json\/wp\/v2\/product_cat?post=20523"},{"taxonomy":"product_tag","embeddable":true,"href":"https:\/\/ironsky.pl\/sklep\/wp-json\/wp\/v2\/product_tag?post=20523"}],"curies":[{"name":"wp","href":"https:\/\/api.w.org\/{rel}","templated":true}]}}