{"id":20353,"date":"2024-09-16T12:23:36","date_gmt":"2024-09-16T10:23:36","guid":{"rendered":"http:\/\/gvshalph.pro-linuxpl.com\/ironskyprodukty\/produkt\/zestaw-3-filtrow-polarpro-nd-pl-do-dji-mavic-3-pro\/"},"modified":"2026-03-05T15:48:56","modified_gmt":"2026-03-05T14:48:56","slug":"zestaw-3-filtrow-polarpro-nd-pl-do-dji-mavic-3-pro","status":"publish","type":"product","link":"https:\/\/ironsky.pl\/sklep\/produkt\/zestaw-3-filtrow-polarpro-nd-pl-do-dji-mavic-3-pro\/","title":{"rendered":"Zestaw 3 filtr\u00f3w PolarPro ND\/PL do DJI Mavic 3 Pro"},"content":{"rendered":"<h3>Zestaw 3 filtr\u00f3w PolarPro\u00a0ND\/PL do DJI Mavic 3 Pro<\/h3>\n<p>Tw\u00f3rz jeszcze pi\u0119kniejsze uj\u0119cia z lotu ptaka. Zestaw Shutter zawiera 3 filtry ND (ND8, ND16 i ND32) przeznaczone dla drona DJI Mavic 3 Pro. Dzi\u0119ki nim mo\u017cesz skr\u00f3ci\u0107 czas otwarcia migawki i nagrywa\u0107 fantastycznej jako\u015bci filmy niemal w ka\u017cdych warunkach o\u015bwietleniowych. Do wykonania akcesori\u00f3w zastosowano wysokiej klasy szk\u0142o CinemaSeries oraz lekkie, a zarazem wytrzyma\u0142e aluminium. Wszystkie filtry znajduj\u0105 si\u0119 w pude\u0142ku z magnetycznym zamkni\u0119ciem.<\/p>\n<p><img decoding=\"async\" src=\"https:\/\/b2b.innpro.pl\/data\/include\/cms\/02PolarPro\/M3PRO-VIVID\/1.jpg\" border=\"0\" alt=\"02PolarPro\/M3PRO-VIVID\/1\" \/><\/p>\n<h3>Tw\u00f3rz zapieraj\u0105ce dech w piersiach uj\u0119cia<\/h3>\n<p>Wchodz\u0105ce w sk\u0142ad zestawu filtry ND pozwol\u0105 Ci zredukowa\u0107 czas otwarcia migawki, dzi\u0119ki czemu doskonale sprawdz\u0105 si\u0119 nawet w wyj\u0105tkowo wymagaj\u0105cych warunkach o\u015bwietleniowych. W efekcie mo\u017cesz cieszy\u0107 si\u0119 pi\u0119knym, wyrazistym obrazem i \u017cyw\u0105 kolorystyk\u0105! Filtr ND8 (3 stopnie) idealnie nadaje si\u0119 do nagrywania w czasie niebieskiej lub z\u0142otej godziny. Filtr ND16 (4 stopnie) sprawdzi si\u0119 rano i wieczorem. Filtr ND32 (5 stopni) b\u0119dzie odpowiednim wyborem podczas pracy w \u015brodku dnia, gdy na dworze jest najja\u015bniej.<\/p>\n<p><img decoding=\"async\" src=\"https:\/\/b2b.innpro.pl\/data\/include\/cms\/02PolarPro\/M3PRO-VIVID\/2.jpg\" border=\"0\" alt=\"02PolarPro\/M3PRO-VIVID\/2\" \/><\/p>\n<h3>Najwy\u017csza jako\u015b\u0107 wykonania<\/h3>\n<p>Ramki filtr\u00f3w powsta\u0142y z trwa\u0142ego, a zarazem wyj\u0105tkowo lekkiego aluminium lotniczego. Dzi\u0119ki temu nie obci\u0105\u017caj\u0105 one drona i nie wp\u0142ywaj\u0105 negatywnie na jego czas lotu. Co wi\u0119cej, do wykonania akcesori\u00f3w zastosowano wysokiej jako\u015bci szk\u0142o CinemaSeries, kt\u00f3re gwarantuje fantastyczn\u0105 przejrzysto\u015b\u0107 i wyr\u00f3\u017cnia si\u0119 niskim wsp\u00f3\u0142czynnikiem za\u0142amania \u015bwiat\u0142a. Wszystkie filtry umieszczono w praktycznym pude\u0142ku z magnetycznym zamkni\u0119ciem, co znacznie u\u0142atwia ich przechowywanie i transport.<\/p>\n<p><img decoding=\"async\" src=\"https:\/\/b2b.innpro.pl\/data\/include\/cms\/02PolarPro\/M3PRO-VIVID\/3.jpg\" border=\"0\" alt=\"02PolarPro\/M3PRO-VIVID\/3\" \/><\/p>\n<h3>W zestawie<\/h3>\n<ul>\n<li>filtr ND8\/PL<\/li>\n<li>filtr ND16\/PL<\/li>\n<li>filtr ND32\/PL<\/li>\n<li>etui do przechowywania<\/li>\n<\/ul>\n<div class=\"table-wrapper\">\n<table>\n<tbody>\n<tr>\n<th>Producent<\/th>\n<td>PolarPro<\/td>\n<\/tr>\n<tr>\n<th>Model<\/th>\n<td>M3PRO-VIVID<\/td>\n<\/tr>\n<tr>\n<th>Kompatybilno\u015b\u0107<\/th>\n<td>DJI Mavic 3 Pro<\/td>\n<\/tr>\n<\/tbody>\n<\/table>\n<\/div>\n","protected":false},"excerpt":{"rendered":"<p>Zestaw 3 filtr\u00f3w PolarPro\u00a0ND\/PL do DJI Mavic 3 Pro Tw\u00f3rz jeszcze pi\u0119kniejsze uj\u0119cia z lotu ptaka. Zestaw Shutter zawiera 3<\/p>\n","protected":false},"featured_media":20354,"comment_status":"closed","ping_status":"open","template":"","meta":{"_acf_changed":false},"product_brand":[],"product_cat":[5593,1090,1091,1088],"product_tag":[],"class_list":{"0":"post-20353","1":"product","2":"type-product","3":"status-publish","4":"has-post-thumbnail","6":"product_cat-mavic-3","7":"product_cat-akcesoria","8":"product_cat-dji","9":"product_cat-drony","10":"pa_box-height-4444","11":"pa_box-length-4445","12":"pa_box-width-4443","13":"pa_gross-weight-1505","14":"pa_hs-code-1741","15":"pa_kompatybilnosc-filtry","16":"pa_model-mini","17":"pa_net-weight-1533","18":"pa_seria-mavic-dji-mavic-3-pro","20":"first","21":"outofstock","22":"taxable","23":"shipping-taxable","24":"purchasable","25":"product-type-simple"},"acf":[],"yoast_head":"<!-- This site is optimized with the Yoast SEO plugin v27.2 - https:\/\/yoast.com\/product\/yoast-seo-wordpress\/ -->\n<title>Zestaw 3 filtr\u00f3w PolarPro ND\/PL do DJI Mavic 3 Pro - IRONSKY.PL Sklep z Dronami<\/title>\n<meta name=\"description\" content=\"Zestaw 3 filtr\u00f3w PolarPro ND\/PL do DJI Mavic 3 Pro - \u2705 sklep z dronami i fachowym doradztwem. \u2705 Tutaj kupisz produkty DJI, Yuneec, Parrot, Syma i wiele innych, a tak\u017ce kursy i licencje na operatora drona.\" \/>\n<meta name=\"robots\" content=\"index, follow, max-snippet:-1, max-image-preview:large, max-video-preview:-1\" \/>\n<link rel=\"canonical\" href=\"https:\/\/ironsky.pl\/sklep\/produkt\/zestaw-3-filtrow-polarpro-nd-pl-do-dji-mavic-3-pro\/\" \/>\n<meta property=\"og:locale\" content=\"pl_PL\" \/>\n<meta property=\"og:type\" content=\"article\" \/>\n<meta property=\"og:title\" content=\"Zestaw 3 filtr\u00f3w PolarPro ND\/PL do DJI Mavic 3 Pro - IRONSKY.PL Sklep z Dronami\" \/>\n<meta property=\"og:description\" content=\"Zestaw 3 filtr\u00f3w PolarPro ND\/PL do DJI Mavic 3 Pro - \u2705 sklep z dronami i fachowym doradztwem. \u2705 Tutaj kupisz produkty DJI, Yuneec, Parrot, Syma i wiele innych, a tak\u017ce kursy i licencje na operatora drona.\" \/>\n<meta property=\"og:url\" content=\"https:\/\/ironsky.pl\/sklep\/produkt\/zestaw-3-filtrow-polarpro-nd-pl-do-dji-mavic-3-pro\/\" \/>\n<meta property=\"og:site_name\" content=\"IRONSKY.PL Sklep z Dronami\" \/>\n<meta property=\"article:modified_time\" content=\"2026-03-05T14:48:56+00:00\" \/>\n<meta property=\"og:image\" content=\"https:\/\/ironsky.pl\/sklep\/wp-content\/uploads\/2024\/09\/34338_4.jpg\" \/>\n\t<meta property=\"og:image:width\" content=\"800\" \/>\n\t<meta property=\"og:image:height\" content=\"800\" \/>\n\t<meta property=\"og:image:type\" content=\"image\/jpeg\" \/>\n<meta name=\"twitter:card\" content=\"summary_large_image\" \/>\n<meta name=\"twitter:label1\" content=\"Szacowany czas czytania\" \/>\n\t<meta name=\"twitter:data1\" content=\"1 minuta\" \/>\n<script type=\"application\/ld+json\" class=\"yoast-schema-graph\">{\"@context\":\"https:\/\/schema.org\",\"@graph\":[{\"@type\":\"WebPage\",\"@id\":\"https:\/\/ironsky.pl\/sklep\/produkt\/zestaw-3-filtrow-polarpro-nd-pl-do-dji-mavic-3-pro\/\",\"url\":\"https:\/\/ironsky.pl\/sklep\/produkt\/zestaw-3-filtrow-polarpro-nd-pl-do-dji-mavic-3-pro\/\",\"name\":\"Zestaw 3 filtr\u00f3w PolarPro ND\/PL do DJI Mavic 3 Pro - IRONSKY.PL Sklep z Dronami\",\"isPartOf\":{\"@id\":\"https:\/\/ironsky.pl\/sklep\/#website\"},\"primaryImageOfPage\":{\"@id\":\"https:\/\/ironsky.pl\/sklep\/produkt\/zestaw-3-filtrow-polarpro-nd-pl-do-dji-mavic-3-pro\/#primaryimage\"},\"image\":{\"@id\":\"https:\/\/ironsky.pl\/sklep\/produkt\/zestaw-3-filtrow-polarpro-nd-pl-do-dji-mavic-3-pro\/#primaryimage\"},\"thumbnailUrl\":\"https:\/\/ironsky.pl\/sklep\/wp-content\/uploads\/2024\/09\/34338_4.jpg\",\"datePublished\":\"2024-09-16T10:23:36+00:00\",\"dateModified\":\"2026-03-05T14:48:56+00:00\",\"description\":\"Zestaw 3 filtr\u00f3w PolarPro ND\/PL do DJI Mavic 3 Pro - \u2705 sklep z dronami i fachowym doradztwem. \u2705 Tutaj kupisz produkty DJI, Yuneec, Parrot, Syma i wiele innych, a tak\u017ce kursy i licencje na operatora drona.\",\"breadcrumb\":{\"@id\":\"https:\/\/ironsky.pl\/sklep\/produkt\/zestaw-3-filtrow-polarpro-nd-pl-do-dji-mavic-3-pro\/#breadcrumb\"},\"inLanguage\":\"pl-PL\",\"potentialAction\":[{\"@type\":\"ReadAction\",\"target\":[\"https:\/\/ironsky.pl\/sklep\/produkt\/zestaw-3-filtrow-polarpro-nd-pl-do-dji-mavic-3-pro\/\"]}]},{\"@type\":\"ImageObject\",\"inLanguage\":\"pl-PL\",\"@id\":\"https:\/\/ironsky.pl\/sklep\/produkt\/zestaw-3-filtrow-polarpro-nd-pl-do-dji-mavic-3-pro\/#primaryimage\",\"url\":\"https:\/\/ironsky.pl\/sklep\/wp-content\/uploads\/2024\/09\/34338_4.jpg\",\"contentUrl\":\"https:\/\/ironsky.pl\/sklep\/wp-content\/uploads\/2024\/09\/34338_4.jpg\",\"width\":800,\"height\":800},{\"@type\":\"BreadcrumbList\",\"@id\":\"https:\/\/ironsky.pl\/sklep\/produkt\/zestaw-3-filtrow-polarpro-nd-pl-do-dji-mavic-3-pro\/#breadcrumb\",\"itemListElement\":[{\"@type\":\"ListItem\",\"position\":1,\"name\":\"Strona g\u0142\u00f3wna\",\"item\":\"https:\/\/ironsky.pl\/sklep\/\"},{\"@type\":\"ListItem\",\"position\":2,\"name\":\"Wszystkie produkty\",\"item\":\"https:\/\/ironsky.pl\/sklep\/produkty\/\"},{\"@type\":\"ListItem\",\"position\":3,\"name\":\"Zestaw 3 filtr\u00f3w PolarPro ND\/PL do DJI Mavic 3 Pro\"}]},{\"@type\":\"WebSite\",\"@id\":\"https:\/\/ironsky.pl\/sklep\/#website\",\"url\":\"https:\/\/ironsky.pl\/sklep\/\",\"name\":\"IRONSKY.PL Sklep z Dronami\",\"description\":\"IRONSKY.PL Sklep z Dronami\",\"potentialAction\":[{\"@type\":\"SearchAction\",\"target\":{\"@type\":\"EntryPoint\",\"urlTemplate\":\"https:\/\/ironsky.pl\/sklep\/?s={search_term_string}\"},\"query-input\":{\"@type\":\"PropertyValueSpecification\",\"valueRequired\":true,\"valueName\":\"search_term_string\"}}],\"inLanguage\":\"pl-PL\"}]}<\/script>\n<!-- \/ Yoast SEO plugin. -->","yoast_head_json":{"title":"Zestaw 3 filtr\u00f3w PolarPro ND\/PL do DJI Mavic 3 Pro - IRONSKY.PL Sklep z Dronami","description":"Zestaw 3 filtr\u00f3w PolarPro ND\/PL do DJI Mavic 3 Pro - \u2705 sklep z dronami i fachowym doradztwem. \u2705 Tutaj kupisz produkty DJI, Yuneec, Parrot, Syma i wiele innych, a tak\u017ce kursy i licencje na operatora drona.","robots":{"index":"index","follow":"follow","max-snippet":"max-snippet:-1","max-image-preview":"max-image-preview:large","max-video-preview":"max-video-preview:-1"},"canonical":"https:\/\/ironsky.pl\/sklep\/produkt\/zestaw-3-filtrow-polarpro-nd-pl-do-dji-mavic-3-pro\/","og_locale":"pl_PL","og_type":"article","og_title":"Zestaw 3 filtr\u00f3w PolarPro ND\/PL do DJI Mavic 3 Pro - IRONSKY.PL Sklep z Dronami","og_description":"Zestaw 3 filtr\u00f3w PolarPro ND\/PL do DJI Mavic 3 Pro - \u2705 sklep z dronami i fachowym doradztwem. \u2705 Tutaj kupisz produkty DJI, Yuneec, Parrot, Syma i wiele innych, a tak\u017ce kursy i licencje na operatora drona.","og_url":"https:\/\/ironsky.pl\/sklep\/produkt\/zestaw-3-filtrow-polarpro-nd-pl-do-dji-mavic-3-pro\/","og_site_name":"IRONSKY.PL Sklep z Dronami","article_modified_time":"2026-03-05T14:48:56+00:00","og_image":[{"width":800,"height":800,"url":"https:\/\/ironsky.pl\/sklep\/wp-content\/uploads\/2024\/09\/34338_4.jpg","type":"image\/jpeg"}],"twitter_card":"summary_large_image","twitter_misc":{"Szacowany czas czytania":"1 minuta"},"schema":{"@context":"https:\/\/schema.org","@graph":[{"@type":"WebPage","@id":"https:\/\/ironsky.pl\/sklep\/produkt\/zestaw-3-filtrow-polarpro-nd-pl-do-dji-mavic-3-pro\/","url":"https:\/\/ironsky.pl\/sklep\/produkt\/zestaw-3-filtrow-polarpro-nd-pl-do-dji-mavic-3-pro\/","name":"Zestaw 3 filtr\u00f3w PolarPro ND\/PL do DJI Mavic 3 Pro - IRONSKY.PL Sklep z Dronami","isPartOf":{"@id":"https:\/\/ironsky.pl\/sklep\/#website"},"primaryImageOfPage":{"@id":"https:\/\/ironsky.pl\/sklep\/produkt\/zestaw-3-filtrow-polarpro-nd-pl-do-dji-mavic-3-pro\/#primaryimage"},"image":{"@id":"https:\/\/ironsky.pl\/sklep\/produkt\/zestaw-3-filtrow-polarpro-nd-pl-do-dji-mavic-3-pro\/#primaryimage"},"thumbnailUrl":"https:\/\/ironsky.pl\/sklep\/wp-content\/uploads\/2024\/09\/34338_4.jpg","datePublished":"2024-09-16T10:23:36+00:00","dateModified":"2026-03-05T14:48:56+00:00","description":"Zestaw 3 filtr\u00f3w PolarPro ND\/PL do DJI Mavic 3 Pro - \u2705 sklep z dronami i fachowym doradztwem. \u2705 Tutaj kupisz produkty DJI, Yuneec, Parrot, Syma i wiele innych, a tak\u017ce kursy i licencje na operatora drona.","breadcrumb":{"@id":"https:\/\/ironsky.pl\/sklep\/produkt\/zestaw-3-filtrow-polarpro-nd-pl-do-dji-mavic-3-pro\/#breadcrumb"},"inLanguage":"pl-PL","potentialAction":[{"@type":"ReadAction","target":["https:\/\/ironsky.pl\/sklep\/produkt\/zestaw-3-filtrow-polarpro-nd-pl-do-dji-mavic-3-pro\/"]}]},{"@type":"ImageObject","inLanguage":"pl-PL","@id":"https:\/\/ironsky.pl\/sklep\/produkt\/zestaw-3-filtrow-polarpro-nd-pl-do-dji-mavic-3-pro\/#primaryimage","url":"https:\/\/ironsky.pl\/sklep\/wp-content\/uploads\/2024\/09\/34338_4.jpg","contentUrl":"https:\/\/ironsky.pl\/sklep\/wp-content\/uploads\/2024\/09\/34338_4.jpg","width":800,"height":800},{"@type":"BreadcrumbList","@id":"https:\/\/ironsky.pl\/sklep\/produkt\/zestaw-3-filtrow-polarpro-nd-pl-do-dji-mavic-3-pro\/#breadcrumb","itemListElement":[{"@type":"ListItem","position":1,"name":"Strona g\u0142\u00f3wna","item":"https:\/\/ironsky.pl\/sklep\/"},{"@type":"ListItem","position":2,"name":"Wszystkie produkty","item":"https:\/\/ironsky.pl\/sklep\/produkty\/"},{"@type":"ListItem","position":3,"name":"Zestaw 3 filtr\u00f3w PolarPro ND\/PL do DJI Mavic 3 Pro"}]},{"@type":"WebSite","@id":"https:\/\/ironsky.pl\/sklep\/#website","url":"https:\/\/ironsky.pl\/sklep\/","name":"IRONSKY.PL Sklep z Dronami","description":"IRONSKY.PL Sklep z Dronami","potentialAction":[{"@type":"SearchAction","target":{"@type":"EntryPoint","urlTemplate":"https:\/\/ironsky.pl\/sklep\/?s={search_term_string}"},"query-input":{"@type":"PropertyValueSpecification","valueRequired":true,"valueName":"search_term_string"}}],"inLanguage":"pl-PL"}]}},"_links":{"self":[{"href":"https:\/\/ironsky.pl\/sklep\/wp-json\/wp\/v2\/product\/20353","targetHints":{"allow":["GET"]}}],"collection":[{"href":"https:\/\/ironsky.pl\/sklep\/wp-json\/wp\/v2\/product"}],"about":[{"href":"https:\/\/ironsky.pl\/sklep\/wp-json\/wp\/v2\/types\/product"}],"replies":[{"embeddable":true,"href":"https:\/\/ironsky.pl\/sklep\/wp-json\/wp\/v2\/comments?post=20353"}],"wp:featuredmedia":[{"embeddable":true,"href":"https:\/\/ironsky.pl\/sklep\/wp-json\/wp\/v2\/media\/20354"}],"wp:attachment":[{"href":"https:\/\/ironsky.pl\/sklep\/wp-json\/wp\/v2\/media?parent=20353"}],"wp:term":[{"taxonomy":"product_brand","embeddable":true,"href":"https:\/\/ironsky.pl\/sklep\/wp-json\/wp\/v2\/product_brand?post=20353"},{"taxonomy":"product_cat","embeddable":true,"href":"https:\/\/ironsky.pl\/sklep\/wp-json\/wp\/v2\/product_cat?post=20353"},{"taxonomy":"product_tag","embeddable":true,"href":"https:\/\/ironsky.pl\/sklep\/wp-json\/wp\/v2\/product_tag?post=20353"}],"curies":[{"name":"wp","href":"https:\/\/api.w.org\/{rel}","templated":true}]}}