{"id":20351,"date":"2024-09-16T12:23:36","date_gmt":"2024-09-16T10:23:36","guid":{"rendered":"http:\/\/gvshalph.pro-linuxpl.com\/ironskyprodukty\/produkt\/dji-maintenance-basic-dla-mavic-3-enterprise\/"},"modified":"2026-04-04T23:14:02","modified_gmt":"2026-04-04T21:14:02","slug":"dji-maintenance-basic-dla-mavic-3-enterprise","status":"publish","type":"product","link":"https:\/\/ironsky.pl\/sklep\/produkt\/dji-maintenance-basic-dla-mavic-3-enterprise\/","title":{"rendered":"DJI Maintenance Basic dla Mavic 3 Enterprise"},"content":{"rendered":"<h3>DJI Maintenance\u00a0<\/h3>\n<p>DJI Enterprise zapewnia do\u017cywotni program konserwacji Twojego drona, dzi\u0119ki czemu mo\u017cesz lata\u0107 bez obaw wiedz\u0105c, \u017ce Tw\u00f3j sprz\u0119t jest zawsze sprawny.\u00a0<\/p>\n<p><img decoding=\"async\" src=\"\/data\/include\/cms\/enterprise\/DJI-Maintenance\/dji-maintenance-1-1.png\" border=\"0\" width=\"1708\" height=\"639\" \/><\/p>\n<h3>Zaprojektowany dla dron\u00f3w DJI Enterprise<\/h3>\n<p>Aby spe\u0142ni\u0107 oczekiwania naszego cyklu serwisowego, przygotowali\u015bmy trzy r\u00f3\u017cne zakresy us\u0142ug. Pomimo tego, \u017ce zaspokoj\u0105 one potrzeby wi\u0119kszo\u015bci klient\u00f3w, to je\u015bli Twoje wymagania s\u0105 inne lub podczas kontroli wykryty zostanie powa\u017cny problem, nasz zesp\u00f3\u0142 serwisowy pomo\u017ce Ci zapewni\u0107 bardziej spersonalizowan\u0105 us\u0142ug\u0119.<\/p>\n<p><img decoding=\"async\" src=\"\/data\/include\/cms\/enterprise\/DJI-Maintenance\/dji-maintenance-2.png\" border=\"0\" alt=\"\" width=\"1418\" height=\"680\" \/><\/p>\n<p><span style=\"font-size: 10pt;\">Uwagi:<\/span><br \/><span style=\"font-size: 10pt;\">Okres u\u017cytkowania, kt\u00f3ry powoduje konieczno\u015b\u0107 przeprowadzenia przegl\u0105du technicznego, to miesi\u0105ce mi\u0119dzy ostatnim serwisem lub ca\u0142kowity czas lotu, w zale\u017cno\u015bci od tego, co nast\u0105pi wcze\u015bniej.<\/span><br \/><span style=\"font-size: 10pt;\">Cykl obs\u0142ugi technicznej jest kontynuowany po pi\u0105tej kontroli, ko\u0144cz\u0105c si\u0119 tylko wtedy, gdy u\u017cytkownik wycofa\u0142 konkretnego drona z eksploatacji.\u00a0<\/span><\/p>\n<h3>Zalecenia dotycz\u0105ce us\u0142ug serwisowych\u200b<\/h3>\n<p>Dostosowany zakres czynno\u015bci konserwacyjnych, pocz\u0105wszy od prostego sprawdzenia stanu, poprzez wymian\u0119 cz\u0119\u015bci \u0142atwo ulegaj\u0105cych uszkodzeniu, a sko\u0144czywszy na wymianie silnik\u00f3w.\u00a0<\/p>\n","protected":false},"excerpt":{"rendered":"<p>DJI Maintenance\u00a0 DJI Enterprise zapewnia do\u017cywotni program konserwacji Twojego drona, dzi\u0119ki czemu mo\u017cesz lata\u0107 bez obaw wiedz\u0105c, \u017ce Tw\u00f3j sprz\u0119t<\/p>\n","protected":false},"featured_media":20352,"comment_status":"closed","ping_status":"open","template":"","meta":{"_acf_changed":false},"product_brand":[],"product_cat":[1107],"product_tag":[],"class_list":{"0":"post-20351","1":"product","2":"type-product","3":"status-publish","4":"has-post-thumbnail","6":"product_cat-serwis-dji-maintenance","8":"first","9":"outofstock","10":"taxable","11":"shipping-taxable","12":"purchasable","13":"product-type-simple"},"acf":[],"yoast_head":"<!-- This site is optimized with the Yoast SEO plugin v27.2 - https:\/\/yoast.com\/product\/yoast-seo-wordpress\/ -->\n<title>DJI Maintenance Basic dla Mavic 3 Enterprise - IRONSKY.PL Sklep z Dronami<\/title>\n<meta name=\"description\" content=\"DJI Maintenance Basic dla Mavic 3 Enterprise - \u2705 sklep z dronami i fachowym doradztwem. \u2705 Tutaj kupisz produkty DJI, Yuneec, Parrot, Syma i wiele innych, a tak\u017ce kursy i licencje na operatora drona.\" \/>\n<meta name=\"robots\" content=\"index, follow, max-snippet:-1, max-image-preview:large, max-video-preview:-1\" \/>\n<link rel=\"canonical\" href=\"https:\/\/ironsky.pl\/sklep\/produkt\/dji-maintenance-basic-dla-mavic-3-enterprise\/\" \/>\n<meta property=\"og:locale\" content=\"pl_PL\" \/>\n<meta property=\"og:type\" content=\"article\" \/>\n<meta property=\"og:title\" content=\"DJI Maintenance Basic dla Mavic 3 Enterprise - IRONSKY.PL Sklep z Dronami\" \/>\n<meta property=\"og:description\" content=\"DJI Maintenance Basic dla Mavic 3 Enterprise - \u2705 sklep z dronami i fachowym doradztwem. \u2705 Tutaj kupisz produkty DJI, Yuneec, Parrot, Syma i wiele innych, a tak\u017ce kursy i licencje na operatora drona.\" \/>\n<meta property=\"og:url\" content=\"https:\/\/ironsky.pl\/sklep\/produkt\/dji-maintenance-basic-dla-mavic-3-enterprise\/\" \/>\n<meta property=\"og:site_name\" content=\"IRONSKY.PL Sklep z Dronami\" \/>\n<meta property=\"article:modified_time\" content=\"2026-04-04T21:14:02+00:00\" \/>\n<meta property=\"og:image\" content=\"https:\/\/ironsky.pl\/sklep\/wp-content\/uploads\/2024\/09\/34324_1.jpg\" \/>\n\t<meta property=\"og:image:width\" content=\"800\" \/>\n\t<meta property=\"og:image:height\" content=\"600\" \/>\n\t<meta property=\"og:image:type\" content=\"image\/jpeg\" \/>\n<meta name=\"twitter:card\" content=\"summary_large_image\" \/>\n<meta name=\"twitter:label1\" content=\"Szacowany czas czytania\" \/>\n\t<meta name=\"twitter:data1\" content=\"1 minuta\" \/>\n<script type=\"application\/ld+json\" class=\"yoast-schema-graph\">{\"@context\":\"https:\/\/schema.org\",\"@graph\":[{\"@type\":\"WebPage\",\"@id\":\"https:\/\/ironsky.pl\/sklep\/produkt\/dji-maintenance-basic-dla-mavic-3-enterprise\/\",\"url\":\"https:\/\/ironsky.pl\/sklep\/produkt\/dji-maintenance-basic-dla-mavic-3-enterprise\/\",\"name\":\"DJI Maintenance Basic dla Mavic 3 Enterprise - IRONSKY.PL Sklep z Dronami\",\"isPartOf\":{\"@id\":\"https:\/\/ironsky.pl\/sklep\/#website\"},\"primaryImageOfPage\":{\"@id\":\"https:\/\/ironsky.pl\/sklep\/produkt\/dji-maintenance-basic-dla-mavic-3-enterprise\/#primaryimage\"},\"image\":{\"@id\":\"https:\/\/ironsky.pl\/sklep\/produkt\/dji-maintenance-basic-dla-mavic-3-enterprise\/#primaryimage\"},\"thumbnailUrl\":\"https:\/\/ironsky.pl\/sklep\/wp-content\/uploads\/2024\/09\/34324_1.jpg\",\"datePublished\":\"2024-09-16T10:23:36+00:00\",\"dateModified\":\"2026-04-04T21:14:02+00:00\",\"description\":\"DJI Maintenance Basic dla Mavic 3 Enterprise - \u2705 sklep z dronami i fachowym doradztwem. \u2705 Tutaj kupisz produkty DJI, Yuneec, Parrot, Syma i wiele innych, a tak\u017ce kursy i licencje na operatora drona.\",\"breadcrumb\":{\"@id\":\"https:\/\/ironsky.pl\/sklep\/produkt\/dji-maintenance-basic-dla-mavic-3-enterprise\/#breadcrumb\"},\"inLanguage\":\"pl-PL\",\"potentialAction\":[{\"@type\":\"ReadAction\",\"target\":[\"https:\/\/ironsky.pl\/sklep\/produkt\/dji-maintenance-basic-dla-mavic-3-enterprise\/\"]}]},{\"@type\":\"ImageObject\",\"inLanguage\":\"pl-PL\",\"@id\":\"https:\/\/ironsky.pl\/sklep\/produkt\/dji-maintenance-basic-dla-mavic-3-enterprise\/#primaryimage\",\"url\":\"https:\/\/ironsky.pl\/sklep\/wp-content\/uploads\/2024\/09\/34324_1.jpg\",\"contentUrl\":\"https:\/\/ironsky.pl\/sklep\/wp-content\/uploads\/2024\/09\/34324_1.jpg\",\"width\":800,\"height\":600},{\"@type\":\"BreadcrumbList\",\"@id\":\"https:\/\/ironsky.pl\/sklep\/produkt\/dji-maintenance-basic-dla-mavic-3-enterprise\/#breadcrumb\",\"itemListElement\":[{\"@type\":\"ListItem\",\"position\":1,\"name\":\"Strona g\u0142\u00f3wna\",\"item\":\"https:\/\/ironsky.pl\/sklep\/\"},{\"@type\":\"ListItem\",\"position\":2,\"name\":\"Wszystkie produkty\",\"item\":\"https:\/\/ironsky.pl\/sklep\/sklep\/\"},{\"@type\":\"ListItem\",\"position\":3,\"name\":\"DJI Maintenance Basic dla Mavic 3 Enterprise\"}]},{\"@type\":\"WebSite\",\"@id\":\"https:\/\/ironsky.pl\/sklep\/#website\",\"url\":\"https:\/\/ironsky.pl\/sklep\/\",\"name\":\"IRONSKY.PL Sklep z Dronami\",\"description\":\"IRONSKY.PL Sklep z Dronami\",\"potentialAction\":[{\"@type\":\"SearchAction\",\"target\":{\"@type\":\"EntryPoint\",\"urlTemplate\":\"https:\/\/ironsky.pl\/sklep\/?s={search_term_string}\"},\"query-input\":{\"@type\":\"PropertyValueSpecification\",\"valueRequired\":true,\"valueName\":\"search_term_string\"}}],\"inLanguage\":\"pl-PL\"}]}<\/script>\n<!-- \/ Yoast SEO plugin. -->","yoast_head_json":{"title":"DJI Maintenance Basic dla Mavic 3 Enterprise - IRONSKY.PL Sklep z Dronami","description":"DJI Maintenance Basic dla Mavic 3 Enterprise - \u2705 sklep z dronami i fachowym doradztwem. \u2705 Tutaj kupisz produkty DJI, Yuneec, Parrot, Syma i wiele innych, a tak\u017ce kursy i licencje na operatora drona.","robots":{"index":"index","follow":"follow","max-snippet":"max-snippet:-1","max-image-preview":"max-image-preview:large","max-video-preview":"max-video-preview:-1"},"canonical":"https:\/\/ironsky.pl\/sklep\/produkt\/dji-maintenance-basic-dla-mavic-3-enterprise\/","og_locale":"pl_PL","og_type":"article","og_title":"DJI Maintenance Basic dla Mavic 3 Enterprise - IRONSKY.PL Sklep z Dronami","og_description":"DJI Maintenance Basic dla Mavic 3 Enterprise - \u2705 sklep z dronami i fachowym doradztwem. \u2705 Tutaj kupisz produkty DJI, Yuneec, Parrot, Syma i wiele innych, a tak\u017ce kursy i licencje na operatora drona.","og_url":"https:\/\/ironsky.pl\/sklep\/produkt\/dji-maintenance-basic-dla-mavic-3-enterprise\/","og_site_name":"IRONSKY.PL Sklep z Dronami","article_modified_time":"2026-04-04T21:14:02+00:00","og_image":[{"width":800,"height":600,"url":"https:\/\/ironsky.pl\/sklep\/wp-content\/uploads\/2024\/09\/34324_1.jpg","type":"image\/jpeg"}],"twitter_card":"summary_large_image","twitter_misc":{"Szacowany czas czytania":"1 minuta"},"schema":{"@context":"https:\/\/schema.org","@graph":[{"@type":"WebPage","@id":"https:\/\/ironsky.pl\/sklep\/produkt\/dji-maintenance-basic-dla-mavic-3-enterprise\/","url":"https:\/\/ironsky.pl\/sklep\/produkt\/dji-maintenance-basic-dla-mavic-3-enterprise\/","name":"DJI Maintenance Basic dla Mavic 3 Enterprise - IRONSKY.PL Sklep z Dronami","isPartOf":{"@id":"https:\/\/ironsky.pl\/sklep\/#website"},"primaryImageOfPage":{"@id":"https:\/\/ironsky.pl\/sklep\/produkt\/dji-maintenance-basic-dla-mavic-3-enterprise\/#primaryimage"},"image":{"@id":"https:\/\/ironsky.pl\/sklep\/produkt\/dji-maintenance-basic-dla-mavic-3-enterprise\/#primaryimage"},"thumbnailUrl":"https:\/\/ironsky.pl\/sklep\/wp-content\/uploads\/2024\/09\/34324_1.jpg","datePublished":"2024-09-16T10:23:36+00:00","dateModified":"2026-04-04T21:14:02+00:00","description":"DJI Maintenance Basic dla Mavic 3 Enterprise - \u2705 sklep z dronami i fachowym doradztwem. \u2705 Tutaj kupisz produkty DJI, Yuneec, Parrot, Syma i wiele innych, a tak\u017ce kursy i licencje na operatora drona.","breadcrumb":{"@id":"https:\/\/ironsky.pl\/sklep\/produkt\/dji-maintenance-basic-dla-mavic-3-enterprise\/#breadcrumb"},"inLanguage":"pl-PL","potentialAction":[{"@type":"ReadAction","target":["https:\/\/ironsky.pl\/sklep\/produkt\/dji-maintenance-basic-dla-mavic-3-enterprise\/"]}]},{"@type":"ImageObject","inLanguage":"pl-PL","@id":"https:\/\/ironsky.pl\/sklep\/produkt\/dji-maintenance-basic-dla-mavic-3-enterprise\/#primaryimage","url":"https:\/\/ironsky.pl\/sklep\/wp-content\/uploads\/2024\/09\/34324_1.jpg","contentUrl":"https:\/\/ironsky.pl\/sklep\/wp-content\/uploads\/2024\/09\/34324_1.jpg","width":800,"height":600},{"@type":"BreadcrumbList","@id":"https:\/\/ironsky.pl\/sklep\/produkt\/dji-maintenance-basic-dla-mavic-3-enterprise\/#breadcrumb","itemListElement":[{"@type":"ListItem","position":1,"name":"Strona g\u0142\u00f3wna","item":"https:\/\/ironsky.pl\/sklep\/"},{"@type":"ListItem","position":2,"name":"Wszystkie produkty","item":"https:\/\/ironsky.pl\/sklep\/sklep\/"},{"@type":"ListItem","position":3,"name":"DJI Maintenance Basic dla Mavic 3 Enterprise"}]},{"@type":"WebSite","@id":"https:\/\/ironsky.pl\/sklep\/#website","url":"https:\/\/ironsky.pl\/sklep\/","name":"IRONSKY.PL Sklep z Dronami","description":"IRONSKY.PL Sklep z Dronami","potentialAction":[{"@type":"SearchAction","target":{"@type":"EntryPoint","urlTemplate":"https:\/\/ironsky.pl\/sklep\/?s={search_term_string}"},"query-input":{"@type":"PropertyValueSpecification","valueRequired":true,"valueName":"search_term_string"}}],"inLanguage":"pl-PL"}]}},"_links":{"self":[{"href":"https:\/\/ironsky.pl\/sklep\/wp-json\/wp\/v2\/product\/20351","targetHints":{"allow":["GET"]}}],"collection":[{"href":"https:\/\/ironsky.pl\/sklep\/wp-json\/wp\/v2\/product"}],"about":[{"href":"https:\/\/ironsky.pl\/sklep\/wp-json\/wp\/v2\/types\/product"}],"replies":[{"embeddable":true,"href":"https:\/\/ironsky.pl\/sklep\/wp-json\/wp\/v2\/comments?post=20351"}],"wp:featuredmedia":[{"embeddable":true,"href":"https:\/\/ironsky.pl\/sklep\/wp-json\/wp\/v2\/media\/20352"}],"wp:attachment":[{"href":"https:\/\/ironsky.pl\/sklep\/wp-json\/wp\/v2\/media?parent=20351"}],"wp:term":[{"taxonomy":"product_brand","embeddable":true,"href":"https:\/\/ironsky.pl\/sklep\/wp-json\/wp\/v2\/product_brand?post=20351"},{"taxonomy":"product_cat","embeddable":true,"href":"https:\/\/ironsky.pl\/sklep\/wp-json\/wp\/v2\/product_cat?post=20351"},{"taxonomy":"product_tag","embeddable":true,"href":"https:\/\/ironsky.pl\/sklep\/wp-json\/wp\/v2\/product_tag?post=20351"}],"curies":[{"name":"wp","href":"https:\/\/api.w.org\/{rel}","templated":true}]}}