{"id":20335,"date":"2024-09-16T12:23:36","date_gmt":"2024-09-16T10:23:36","guid":{"rendered":"http:\/\/gvshalph.pro-linuxpl.com\/ironskyprodukty\/produkt\/filtr-vnd-3-6-do-mavic-3-pro-polarpro\/"},"modified":"2026-03-05T15:48:56","modified_gmt":"2026-03-05T14:48:56","slug":"filtr-vnd-3-6-do-mavic-3-pro-polarpro","status":"publish","type":"product","link":"https:\/\/ironsky.pl\/sklep\/produkt\/filtr-vnd-3-6-do-mavic-3-pro-polarpro\/","title":{"rendered":"Filtr VND 3\/6 do Mavic 3 Pro PolarPro"},"content":{"rendered":"<h3>Filtr VND 3\/6 do Mavic 3 Pro PolarPro<\/h3>\n<p>Przygotuj swoje najlepsze uj\u0119cie z lotu ptaka. Filtr VND 3\/6 przeznaczony dla drona DJI Mavic 3 Pro umo\u017cliwia precyzyjn\u0105 kontrol\u0119 \u015bwiat\u0142a wpadaj\u0105cego do obiektywu. Dzi\u0119ki temu doskonale sprawdzi si\u0119 w wi\u0119kszo\u015bci warunk\u00f3w o\u015bwietleniowych! Do wykonania akcesorium zastosowano wysokiej klasy szk\u0142o CinemaSeries oraz lekkie, a zarazem wytrzyma\u0142e aluminium. Skracaj czas otwarcia migawki, korzystaj\u0105c z grawerowanych laserowo wska\u017anik\u00f3w stopni (3-6) \u2013 ju\u017c nie musisz za ka\u017cdym razem wymienia\u0107 filtra!<\/p>\n<p><img decoding=\"async\" src=\"https:\/\/b2b.innpro.pl\/data\/include\/cms\/02PolarPro\/M3PRO-VND\/1.jpg\" alt=\"02PolarPro\/M3PRO-VND\/1\"><\/p>\n<h3>Tw\u00f3rz jeszcze wspanialsze uj\u0119cia<\/h3>\n<p>Za pomoc\u0105 filtra VND 3\/6 od PolarPro mo\u017cesz dowolnie skraca\u0107 czas otwarcia migawki w zale\u017cno\u015bci od potrzeb i warunk\u00f3w o\u015bwietleniowych. Ju\u017c nie musisz nosi\u0107 przy sobie kilku filtr\u00f3w \u2013 z PolarPro wystarczy tylko jeden. Mo\u017cliwo\u015b\u0107 zmiany stopnia w zakresie 3-6 sprawia, \u017ce akcesorium jest wyj\u0105tkowo uniwersalne.<\/p>\n<p><img decoding=\"async\" src=\"https:\/\/b2b.innpro.pl\/data\/include\/cms\/02PolarPro\/M3PRO-VND\/2.jpg\" alt=\"02PolarPro\/M3PRO-VND\/2\"><\/p>\n<h3>Najwy\u017csza jako\u015b\u0107 wykonania<\/h3>\n<p>Ramka filtra powsta\u0142a z trwa\u0142ego, a zarazem wyj\u0105tkowo lekkiego aluminium lotniczego. Dzi\u0119ki temu produkt nie obci\u0105\u017ca drona i nie wp\u0142ywa negatywnie na jego lot. Co wi\u0119cej, do wykonania akcesorium zastosowano wysokiej jako\u015bci szk\u0142o CinemaSeries, kt\u00f3re gwarantuje fantastyczn\u0105 przejrzysto\u015b\u0107 i wyr\u00f3\u017cnia si\u0119 niskim wsp\u00f3\u0142czynnikiem za\u0142amania \u015bwiat\u0142a. Filtr umieszczono w praktycznym etui, co znacznie u\u0142atwia jego przechowywanie i transport.<\/p>\n<p><img decoding=\"async\" src=\"https:\/\/b2b.innpro.pl\/data\/include\/cms\/02PolarPro\/M3PRO-VND\/3.jpg\" alt=\"02PolarPro\/M3PRO-VND\/3\"><\/p>\n<h3>W zestawie<\/h3>\n<ul>\n<li>Filtr VND 3\/6<\/li>\n<li>Etui<\/li>\n<\/ul>\n<div class=\"table-wrapper\">\n<table>\n<tbody>\n<tr>\n<th>Producent\t<\/th>\n<td>PolarPro<\/td>\n<\/tr>\n<tr>\n<th>Model\t<\/th>\n<td>M3PRO-VND<\/td>\n<\/tr>\n<tr>\n<th>Rodzaj filtra\t<\/th>\n<td>VND<\/td>\n<\/tr>\n<tr>\n<th>Stopnie\t<\/th>\n<td>3-6<\/td>\n<\/tr>\n<tr>\n<th>Materia\u0142\t<\/th>\n<td>Aluminium lotnicze + szk\u0142o CinemaSeries<\/td>\n<\/tr>\n<tr>\n<th>Kompatybilno\u015b\u0107\t<\/th>\n<td>DJI Mavic 3 Pro<\/td>\n<\/tr>\n<\/tbody>\n<\/table>\n<\/div>\n","protected":false},"excerpt":{"rendered":"<p>Filtr VND 3\/6 do Mavic 3 Pro PolarPro Przygotuj swoje najlepsze uj\u0119cie z lotu ptaka. Filtr VND 3\/6 przeznaczony dla<\/p>\n","protected":false},"featured_media":20336,"comment_status":"closed","ping_status":"open","template":"","meta":{"_acf_changed":false},"product_brand":[],"product_cat":[5593,1090,1091,1088],"product_tag":[],"class_list":{"0":"post-20335","1":"product","2":"type-product","3":"status-publish","4":"has-post-thumbnail","6":"product_cat-mavic-3","7":"product_cat-akcesoria","8":"product_cat-dji","9":"product_cat-drony","10":"pa_box-height-4398","11":"pa_box-length-4399","12":"pa_box-width-4397","13":"pa_gross-weight-2560","14":"pa_hs-code-1741","15":"pa_net-weight-1407","17":"first","18":"outofstock","19":"taxable","20":"shipping-taxable","21":"purchasable","22":"product-type-simple"},"acf":[],"yoast_head":"<!-- This site is optimized with the Yoast SEO plugin v27.2 - https:\/\/yoast.com\/product\/yoast-seo-wordpress\/ -->\n<title>Filtr VND 3\/6 do Mavic 3 Pro PolarPro - IRONSKY.PL Sklep z Dronami<\/title>\n<meta name=\"description\" content=\"Filtr VND 3\/6 do Mavic 3 Pro PolarPro - \u2705 sklep z dronami i fachowym doradztwem. \u2705 Tutaj kupisz produkty DJI, Yuneec, Parrot, Syma i wiele innych, a tak\u017ce kursy i licencje na operatora drona.\" \/>\n<meta name=\"robots\" content=\"index, follow, max-snippet:-1, max-image-preview:large, max-video-preview:-1\" \/>\n<link rel=\"canonical\" href=\"https:\/\/ironsky.pl\/sklep\/produkt\/filtr-vnd-3-6-do-mavic-3-pro-polarpro\/\" \/>\n<meta property=\"og:locale\" content=\"pl_PL\" \/>\n<meta property=\"og:type\" content=\"article\" \/>\n<meta property=\"og:title\" content=\"Filtr VND 3\/6 do Mavic 3 Pro PolarPro - IRONSKY.PL Sklep z Dronami\" \/>\n<meta property=\"og:description\" content=\"Filtr VND 3\/6 do Mavic 3 Pro PolarPro - \u2705 sklep z dronami i fachowym doradztwem. \u2705 Tutaj kupisz produkty DJI, Yuneec, Parrot, Syma i wiele innych, a tak\u017ce kursy i licencje na operatora drona.\" \/>\n<meta property=\"og:url\" content=\"https:\/\/ironsky.pl\/sklep\/produkt\/filtr-vnd-3-6-do-mavic-3-pro-polarpro\/\" \/>\n<meta property=\"og:site_name\" content=\"IRONSKY.PL Sklep z Dronami\" \/>\n<meta property=\"article:modified_time\" content=\"2026-03-05T14:48:56+00:00\" \/>\n<meta property=\"og:image\" content=\"https:\/\/ironsky.pl\/sklep\/wp-content\/uploads\/2024\/09\/33522_4.jpg\" \/>\n\t<meta property=\"og:image:width\" content=\"800\" \/>\n\t<meta property=\"og:image:height\" content=\"800\" \/>\n\t<meta property=\"og:image:type\" content=\"image\/jpeg\" \/>\n<meta name=\"twitter:card\" content=\"summary_large_image\" \/>\n<meta name=\"twitter:label1\" content=\"Szacowany czas czytania\" \/>\n\t<meta name=\"twitter:data1\" content=\"1 minuta\" \/>\n<script type=\"application\/ld+json\" class=\"yoast-schema-graph\">{\"@context\":\"https:\/\/schema.org\",\"@graph\":[{\"@type\":\"WebPage\",\"@id\":\"https:\/\/ironsky.pl\/sklep\/produkt\/filtr-vnd-3-6-do-mavic-3-pro-polarpro\/\",\"url\":\"https:\/\/ironsky.pl\/sklep\/produkt\/filtr-vnd-3-6-do-mavic-3-pro-polarpro\/\",\"name\":\"Filtr VND 3\/6 do Mavic 3 Pro PolarPro - IRONSKY.PL Sklep z Dronami\",\"isPartOf\":{\"@id\":\"https:\/\/ironsky.pl\/sklep\/#website\"},\"primaryImageOfPage\":{\"@id\":\"https:\/\/ironsky.pl\/sklep\/produkt\/filtr-vnd-3-6-do-mavic-3-pro-polarpro\/#primaryimage\"},\"image\":{\"@id\":\"https:\/\/ironsky.pl\/sklep\/produkt\/filtr-vnd-3-6-do-mavic-3-pro-polarpro\/#primaryimage\"},\"thumbnailUrl\":\"https:\/\/ironsky.pl\/sklep\/wp-content\/uploads\/2024\/09\/33522_4.jpg\",\"datePublished\":\"2024-09-16T10:23:36+00:00\",\"dateModified\":\"2026-03-05T14:48:56+00:00\",\"description\":\"Filtr VND 3\/6 do Mavic 3 Pro PolarPro - \u2705 sklep z dronami i fachowym doradztwem. \u2705 Tutaj kupisz produkty DJI, Yuneec, Parrot, Syma i wiele innych, a tak\u017ce kursy i licencje na operatora drona.\",\"breadcrumb\":{\"@id\":\"https:\/\/ironsky.pl\/sklep\/produkt\/filtr-vnd-3-6-do-mavic-3-pro-polarpro\/#breadcrumb\"},\"inLanguage\":\"pl-PL\",\"potentialAction\":[{\"@type\":\"ReadAction\",\"target\":[\"https:\/\/ironsky.pl\/sklep\/produkt\/filtr-vnd-3-6-do-mavic-3-pro-polarpro\/\"]}]},{\"@type\":\"ImageObject\",\"inLanguage\":\"pl-PL\",\"@id\":\"https:\/\/ironsky.pl\/sklep\/produkt\/filtr-vnd-3-6-do-mavic-3-pro-polarpro\/#primaryimage\",\"url\":\"https:\/\/ironsky.pl\/sklep\/wp-content\/uploads\/2024\/09\/33522_4.jpg\",\"contentUrl\":\"https:\/\/ironsky.pl\/sklep\/wp-content\/uploads\/2024\/09\/33522_4.jpg\",\"width\":800,\"height\":800},{\"@type\":\"BreadcrumbList\",\"@id\":\"https:\/\/ironsky.pl\/sklep\/produkt\/filtr-vnd-3-6-do-mavic-3-pro-polarpro\/#breadcrumb\",\"itemListElement\":[{\"@type\":\"ListItem\",\"position\":1,\"name\":\"Strona g\u0142\u00f3wna\",\"item\":\"https:\/\/ironsky.pl\/sklep\/\"},{\"@type\":\"ListItem\",\"position\":2,\"name\":\"Wszystkie produkty\",\"item\":\"https:\/\/ironsky.pl\/sklep\/produkty\/\"},{\"@type\":\"ListItem\",\"position\":3,\"name\":\"Filtr VND 3\/6 do Mavic 3 Pro PolarPro\"}]},{\"@type\":\"WebSite\",\"@id\":\"https:\/\/ironsky.pl\/sklep\/#website\",\"url\":\"https:\/\/ironsky.pl\/sklep\/\",\"name\":\"IRONSKY.PL Sklep z Dronami\",\"description\":\"IRONSKY.PL Sklep z Dronami\",\"potentialAction\":[{\"@type\":\"SearchAction\",\"target\":{\"@type\":\"EntryPoint\",\"urlTemplate\":\"https:\/\/ironsky.pl\/sklep\/?s={search_term_string}\"},\"query-input\":{\"@type\":\"PropertyValueSpecification\",\"valueRequired\":true,\"valueName\":\"search_term_string\"}}],\"inLanguage\":\"pl-PL\"}]}<\/script>\n<!-- \/ Yoast SEO plugin. -->","yoast_head_json":{"title":"Filtr VND 3\/6 do Mavic 3 Pro PolarPro - IRONSKY.PL Sklep z Dronami","description":"Filtr VND 3\/6 do Mavic 3 Pro PolarPro - \u2705 sklep z dronami i fachowym doradztwem. \u2705 Tutaj kupisz produkty DJI, Yuneec, Parrot, Syma i wiele innych, a tak\u017ce kursy i licencje na operatora drona.","robots":{"index":"index","follow":"follow","max-snippet":"max-snippet:-1","max-image-preview":"max-image-preview:large","max-video-preview":"max-video-preview:-1"},"canonical":"https:\/\/ironsky.pl\/sklep\/produkt\/filtr-vnd-3-6-do-mavic-3-pro-polarpro\/","og_locale":"pl_PL","og_type":"article","og_title":"Filtr VND 3\/6 do Mavic 3 Pro PolarPro - IRONSKY.PL Sklep z Dronami","og_description":"Filtr VND 3\/6 do Mavic 3 Pro PolarPro - \u2705 sklep z dronami i fachowym doradztwem. \u2705 Tutaj kupisz produkty DJI, Yuneec, Parrot, Syma i wiele innych, a tak\u017ce kursy i licencje na operatora drona.","og_url":"https:\/\/ironsky.pl\/sklep\/produkt\/filtr-vnd-3-6-do-mavic-3-pro-polarpro\/","og_site_name":"IRONSKY.PL Sklep z Dronami","article_modified_time":"2026-03-05T14:48:56+00:00","og_image":[{"width":800,"height":800,"url":"https:\/\/ironsky.pl\/sklep\/wp-content\/uploads\/2024\/09\/33522_4.jpg","type":"image\/jpeg"}],"twitter_card":"summary_large_image","twitter_misc":{"Szacowany czas czytania":"1 minuta"},"schema":{"@context":"https:\/\/schema.org","@graph":[{"@type":"WebPage","@id":"https:\/\/ironsky.pl\/sklep\/produkt\/filtr-vnd-3-6-do-mavic-3-pro-polarpro\/","url":"https:\/\/ironsky.pl\/sklep\/produkt\/filtr-vnd-3-6-do-mavic-3-pro-polarpro\/","name":"Filtr VND 3\/6 do Mavic 3 Pro PolarPro - IRONSKY.PL Sklep z Dronami","isPartOf":{"@id":"https:\/\/ironsky.pl\/sklep\/#website"},"primaryImageOfPage":{"@id":"https:\/\/ironsky.pl\/sklep\/produkt\/filtr-vnd-3-6-do-mavic-3-pro-polarpro\/#primaryimage"},"image":{"@id":"https:\/\/ironsky.pl\/sklep\/produkt\/filtr-vnd-3-6-do-mavic-3-pro-polarpro\/#primaryimage"},"thumbnailUrl":"https:\/\/ironsky.pl\/sklep\/wp-content\/uploads\/2024\/09\/33522_4.jpg","datePublished":"2024-09-16T10:23:36+00:00","dateModified":"2026-03-05T14:48:56+00:00","description":"Filtr VND 3\/6 do Mavic 3 Pro PolarPro - \u2705 sklep z dronami i fachowym doradztwem. \u2705 Tutaj kupisz produkty DJI, Yuneec, Parrot, Syma i wiele innych, a tak\u017ce kursy i licencje na operatora drona.","breadcrumb":{"@id":"https:\/\/ironsky.pl\/sklep\/produkt\/filtr-vnd-3-6-do-mavic-3-pro-polarpro\/#breadcrumb"},"inLanguage":"pl-PL","potentialAction":[{"@type":"ReadAction","target":["https:\/\/ironsky.pl\/sklep\/produkt\/filtr-vnd-3-6-do-mavic-3-pro-polarpro\/"]}]},{"@type":"ImageObject","inLanguage":"pl-PL","@id":"https:\/\/ironsky.pl\/sklep\/produkt\/filtr-vnd-3-6-do-mavic-3-pro-polarpro\/#primaryimage","url":"https:\/\/ironsky.pl\/sklep\/wp-content\/uploads\/2024\/09\/33522_4.jpg","contentUrl":"https:\/\/ironsky.pl\/sklep\/wp-content\/uploads\/2024\/09\/33522_4.jpg","width":800,"height":800},{"@type":"BreadcrumbList","@id":"https:\/\/ironsky.pl\/sklep\/produkt\/filtr-vnd-3-6-do-mavic-3-pro-polarpro\/#breadcrumb","itemListElement":[{"@type":"ListItem","position":1,"name":"Strona g\u0142\u00f3wna","item":"https:\/\/ironsky.pl\/sklep\/"},{"@type":"ListItem","position":2,"name":"Wszystkie produkty","item":"https:\/\/ironsky.pl\/sklep\/produkty\/"},{"@type":"ListItem","position":3,"name":"Filtr VND 3\/6 do Mavic 3 Pro PolarPro"}]},{"@type":"WebSite","@id":"https:\/\/ironsky.pl\/sklep\/#website","url":"https:\/\/ironsky.pl\/sklep\/","name":"IRONSKY.PL Sklep z Dronami","description":"IRONSKY.PL Sklep z Dronami","potentialAction":[{"@type":"SearchAction","target":{"@type":"EntryPoint","urlTemplate":"https:\/\/ironsky.pl\/sklep\/?s={search_term_string}"},"query-input":{"@type":"PropertyValueSpecification","valueRequired":true,"valueName":"search_term_string"}}],"inLanguage":"pl-PL"}]}},"_links":{"self":[{"href":"https:\/\/ironsky.pl\/sklep\/wp-json\/wp\/v2\/product\/20335","targetHints":{"allow":["GET"]}}],"collection":[{"href":"https:\/\/ironsky.pl\/sklep\/wp-json\/wp\/v2\/product"}],"about":[{"href":"https:\/\/ironsky.pl\/sklep\/wp-json\/wp\/v2\/types\/product"}],"replies":[{"embeddable":true,"href":"https:\/\/ironsky.pl\/sklep\/wp-json\/wp\/v2\/comments?post=20335"}],"wp:featuredmedia":[{"embeddable":true,"href":"https:\/\/ironsky.pl\/sklep\/wp-json\/wp\/v2\/media\/20336"}],"wp:attachment":[{"href":"https:\/\/ironsky.pl\/sklep\/wp-json\/wp\/v2\/media?parent=20335"}],"wp:term":[{"taxonomy":"product_brand","embeddable":true,"href":"https:\/\/ironsky.pl\/sklep\/wp-json\/wp\/v2\/product_brand?post=20335"},{"taxonomy":"product_cat","embeddable":true,"href":"https:\/\/ironsky.pl\/sklep\/wp-json\/wp\/v2\/product_cat?post=20335"},{"taxonomy":"product_tag","embeddable":true,"href":"https:\/\/ironsky.pl\/sklep\/wp-json\/wp\/v2\/product_tag?post=20335"}],"curies":[{"name":"wp","href":"https:\/\/api.w.org\/{rel}","templated":true}]}}