{"id":20212,"date":"2024-09-16T12:21:27","date_gmt":"2024-09-16T10:21:27","guid":{"rendered":"http:\/\/gvshalph.pro-linuxpl.com\/ironskyprodukty\/produkt\/filtr-nd2000-freewell-do-dji-mavic-3-pro\/"},"modified":"2026-03-05T15:48:51","modified_gmt":"2026-03-05T14:48:51","slug":"filtr-nd2000-freewell-do-dji-mavic-3-pro","status":"publish","type":"product","link":"https:\/\/ironsky.pl\/sklep\/produkt\/filtr-nd2000-freewell-do-dji-mavic-3-pro\/","title":{"rendered":"Filtr ND2000 Freewell do DJI Mavic 3 Pro"},"content":{"rendered":"<h3>Filtr ND2000 Freewell do DJI Mavic 3 Pro<\/h3>\n<p>Filtr ND2000 marki Freewell pomaga zmniejszy\u0107 ilo\u015b\u0107 \u015bwiat\u0142a docieraj\u0105cego do czujnika kamery, umo\u017cliwiaj\u0105c zachowanie oryginalnych kolor\u00f3w i detali. Zaprojektowano go z my\u015bl\u0105 o zapewnieniu wyj\u0105tkowej wydajno\u015bci podczas fotografowania w d\u0142ugiej ekspozycji, co otwiera drzwi do kreatywnych eksperyment\u00f3w. Niezale\u017cnie od tego, czy jeste\u015b profesjonalnym fotografem, czy entuzjast\u0105, filtr ND2000 pomo\u017ce Ci osi\u0105gn\u0105\u0107 \u015bwietne rezultaty. Co wi\u0119cej, wykonany zosta\u0142 z niemieckiego szk\u0142a optycznego, dzi\u0119ki czemu jest odporny na wod\u0119, olej i kurz.<\/p>\n<p><img decoding=\"async\" src=\"https:\/\/b2b.innpro.pl\/data\/include\/cms\/Freewell\/FW-M3P-ND2000\/6.jpg\" alt=\"Freewell\/ FW-M3P-ND2000\/1\"><\/p>\n<h3>Efektywne dzia\u0142anie<\/h3>\n<p>Filtr ND2000 marki Freewell zapewnia skuteczn\u0105 redukcj\u0119 odblask\u00f3w, dzi\u0119ki czemu z \u0142atwo\u015bci\u0105 wykonasz uj\u0119cia, kt\u00f3re cechowa\u0107 si\u0119 b\u0119d\u0105 realistyczn\u0105 kolorystyk\u0105 i doskona\u0142ym kontrastem. Produkt pomaga tak\u017ce kontrolowa\u0107 ustawienia ekspozycji aparatu podczas robienia zdj\u0119\u0107 lub nagrywania w plenerze.<\/p>\n<p><img decoding=\"async\" src=\"https:\/\/b2b.innpro.pl\/data\/include\/cms\/Freewell\/FW-M3P-ND2000\/5.jpg\" alt=\"Freewell\/ FW-M3P-ND2000\/2\"><\/p>\n<h3>Przemy\u015blana konstrukcja<\/h3>\n<p>Konstrukcja filtru ND2000 zosta\u0142a dopracowana w najdrobniejszych szczeg\u00f3\u0142ach. Do jego produkcji wykorzystano niemieckie szk\u0142o optyczne. Produkt jest odporny na zarysowania, a dzi\u0119ki specjalnej pow\u0142oce jest wodoodporny, py\u0142oszczelny i odporny na olej. Dodatkowo dzi\u0119ki opracowanej przez Freewell technologii Gimbal Safe mo\u017cesz mie\u0107 pewno\u015b\u0107, \u017ce produkt nie b\u0119dzie wywiera\u0142 negatywnego wp\u0142ywu na dzia\u0142anie drona.<\/p>\n<p><img decoding=\"async\" src=\"https:\/\/b2b.innpro.pl\/data\/include\/cms\/Freewell\/FW-M3P-ND2000\/8.jpg\" alt=\"Freewell\/ FW-M3P-ND2000\/3\"><\/p>\n<div class=\"table-wrapper\">\n<table>\n<tbody>\n<tr>\n<th>Producent<\/th>\n<td>Freewell<\/td>\n<\/tr>\n<tr>\n<th>Model<\/th>\n<td>FW-M3P-ND2000<\/td>\n<\/tr>\n<tr>\n<th>Typ filtra<\/th>\n<td>ND2000<\/td>\n<\/tr>\n<tr>\n<th>Materia\u0142<\/th>\n<td>niemieckie szk\u0142o optyczne<\/td>\n<\/tr>\n<tr>\n<th>Kompatybilno\u015b\u0107<\/th>\n<td>DJI Mavic 3 Pro<\/td>\n<\/tr>\n<\/tbody>\n<\/table>\n<\/div>\n","protected":false},"excerpt":{"rendered":"<p>Filtr ND2000 Freewell do DJI Mavic 3 Pro Filtr ND2000 marki Freewell pomaga zmniejszy\u0107 ilo\u015b\u0107 \u015bwiat\u0142a docieraj\u0105cego do czujnika kamery,<\/p>\n","protected":false},"featured_media":20213,"comment_status":"closed","ping_status":"open","template":"","meta":{"_acf_changed":false},"product_brand":[],"product_cat":[5593,1090,1091,1088],"product_tag":[],"class_list":{"0":"post-20212","1":"product","2":"type-product","3":"status-publish","4":"has-post-thumbnail","6":"product_cat-mavic-3","7":"product_cat-akcesoria","8":"product_cat-dji","9":"product_cat-drony","10":"pa_box-height-3826","11":"pa_box-length-3765","12":"pa_box-width-3041","13":"pa_gross-weight-2571","14":"pa_net-weight-1654","16":"first","17":"outofstock","18":"taxable","19":"shipping-taxable","20":"purchasable","21":"product-type-simple"},"acf":[],"yoast_head":"<!-- This site is optimized with the Yoast SEO plugin v27.2 - https:\/\/yoast.com\/product\/yoast-seo-wordpress\/ -->\n<title>Filtr ND2000 Freewell do DJI Mavic 3 Pro - IRONSKY.PL Sklep z Dronami<\/title>\n<meta name=\"description\" content=\"Filtr ND2000 Freewell do DJI Mavic 3 Pro - \u2705 sklep z dronami i fachowym doradztwem. \u2705 Tutaj kupisz produkty DJI, Yuneec, Parrot, Syma i wiele innych, a tak\u017ce kursy i licencje na operatora drona.\" \/>\n<meta name=\"robots\" content=\"index, follow, max-snippet:-1, max-image-preview:large, max-video-preview:-1\" \/>\n<link rel=\"canonical\" href=\"https:\/\/ironsky.pl\/sklep\/produkt\/filtr-nd2000-freewell-do-dji-mavic-3-pro\/\" \/>\n<meta property=\"og:locale\" content=\"pl_PL\" \/>\n<meta property=\"og:type\" content=\"article\" \/>\n<meta property=\"og:title\" content=\"Filtr ND2000 Freewell do DJI Mavic 3 Pro - IRONSKY.PL Sklep z Dronami\" \/>\n<meta property=\"og:description\" content=\"Filtr ND2000 Freewell do DJI Mavic 3 Pro - \u2705 sklep z dronami i fachowym doradztwem. \u2705 Tutaj kupisz produkty DJI, Yuneec, Parrot, Syma i wiele innych, a tak\u017ce kursy i licencje na operatora drona.\" \/>\n<meta property=\"og:url\" content=\"https:\/\/ironsky.pl\/sklep\/produkt\/filtr-nd2000-freewell-do-dji-mavic-3-pro\/\" \/>\n<meta property=\"og:site_name\" content=\"IRONSKY.PL Sklep z Dronami\" \/>\n<meta property=\"article:modified_time\" content=\"2026-03-05T14:48:51+00:00\" \/>\n<meta property=\"og:image\" content=\"https:\/\/ironsky.pl\/sklep\/wp-content\/uploads\/2024\/09\/32574_1.jpg\" \/>\n\t<meta property=\"og:image:width\" content=\"800\" \/>\n\t<meta property=\"og:image:height\" content=\"800\" \/>\n\t<meta property=\"og:image:type\" content=\"image\/jpeg\" \/>\n<meta name=\"twitter:card\" content=\"summary_large_image\" \/>\n<meta name=\"twitter:label1\" content=\"Szacowany czas czytania\" \/>\n\t<meta name=\"twitter:data1\" content=\"1 minuta\" \/>\n<script type=\"application\/ld+json\" class=\"yoast-schema-graph\">{\"@context\":\"https:\/\/schema.org\",\"@graph\":[{\"@type\":\"WebPage\",\"@id\":\"https:\/\/ironsky.pl\/sklep\/produkt\/filtr-nd2000-freewell-do-dji-mavic-3-pro\/\",\"url\":\"https:\/\/ironsky.pl\/sklep\/produkt\/filtr-nd2000-freewell-do-dji-mavic-3-pro\/\",\"name\":\"Filtr ND2000 Freewell do DJI Mavic 3 Pro - IRONSKY.PL Sklep z Dronami\",\"isPartOf\":{\"@id\":\"https:\/\/ironsky.pl\/sklep\/#website\"},\"primaryImageOfPage\":{\"@id\":\"https:\/\/ironsky.pl\/sklep\/produkt\/filtr-nd2000-freewell-do-dji-mavic-3-pro\/#primaryimage\"},\"image\":{\"@id\":\"https:\/\/ironsky.pl\/sklep\/produkt\/filtr-nd2000-freewell-do-dji-mavic-3-pro\/#primaryimage\"},\"thumbnailUrl\":\"https:\/\/ironsky.pl\/sklep\/wp-content\/uploads\/2024\/09\/32574_1.jpg\",\"datePublished\":\"2024-09-16T10:21:27+00:00\",\"dateModified\":\"2026-03-05T14:48:51+00:00\",\"description\":\"Filtr ND2000 Freewell do DJI Mavic 3 Pro - \u2705 sklep z dronami i fachowym doradztwem. \u2705 Tutaj kupisz produkty DJI, Yuneec, Parrot, Syma i wiele innych, a tak\u017ce kursy i licencje na operatora drona.\",\"breadcrumb\":{\"@id\":\"https:\/\/ironsky.pl\/sklep\/produkt\/filtr-nd2000-freewell-do-dji-mavic-3-pro\/#breadcrumb\"},\"inLanguage\":\"pl-PL\",\"potentialAction\":[{\"@type\":\"ReadAction\",\"target\":[\"https:\/\/ironsky.pl\/sklep\/produkt\/filtr-nd2000-freewell-do-dji-mavic-3-pro\/\"]}]},{\"@type\":\"ImageObject\",\"inLanguage\":\"pl-PL\",\"@id\":\"https:\/\/ironsky.pl\/sklep\/produkt\/filtr-nd2000-freewell-do-dji-mavic-3-pro\/#primaryimage\",\"url\":\"https:\/\/ironsky.pl\/sklep\/wp-content\/uploads\/2024\/09\/32574_1.jpg\",\"contentUrl\":\"https:\/\/ironsky.pl\/sklep\/wp-content\/uploads\/2024\/09\/32574_1.jpg\",\"width\":800,\"height\":800},{\"@type\":\"BreadcrumbList\",\"@id\":\"https:\/\/ironsky.pl\/sklep\/produkt\/filtr-nd2000-freewell-do-dji-mavic-3-pro\/#breadcrumb\",\"itemListElement\":[{\"@type\":\"ListItem\",\"position\":1,\"name\":\"Strona g\u0142\u00f3wna\",\"item\":\"https:\/\/ironsky.pl\/sklep\/\"},{\"@type\":\"ListItem\",\"position\":2,\"name\":\"Wszystkie produkty\",\"item\":\"https:\/\/ironsky.pl\/sklep\/produkty\/\"},{\"@type\":\"ListItem\",\"position\":3,\"name\":\"Filtr ND2000 Freewell do DJI Mavic 3 Pro\"}]},{\"@type\":\"WebSite\",\"@id\":\"https:\/\/ironsky.pl\/sklep\/#website\",\"url\":\"https:\/\/ironsky.pl\/sklep\/\",\"name\":\"IRONSKY.PL Sklep z Dronami\",\"description\":\"IRONSKY.PL Sklep z Dronami\",\"potentialAction\":[{\"@type\":\"SearchAction\",\"target\":{\"@type\":\"EntryPoint\",\"urlTemplate\":\"https:\/\/ironsky.pl\/sklep\/?s={search_term_string}\"},\"query-input\":{\"@type\":\"PropertyValueSpecification\",\"valueRequired\":true,\"valueName\":\"search_term_string\"}}],\"inLanguage\":\"pl-PL\"}]}<\/script>\n<!-- \/ Yoast SEO plugin. -->","yoast_head_json":{"title":"Filtr ND2000 Freewell do DJI Mavic 3 Pro - IRONSKY.PL Sklep z Dronami","description":"Filtr ND2000 Freewell do DJI Mavic 3 Pro - \u2705 sklep z dronami i fachowym doradztwem. \u2705 Tutaj kupisz produkty DJI, Yuneec, Parrot, Syma i wiele innych, a tak\u017ce kursy i licencje na operatora drona.","robots":{"index":"index","follow":"follow","max-snippet":"max-snippet:-1","max-image-preview":"max-image-preview:large","max-video-preview":"max-video-preview:-1"},"canonical":"https:\/\/ironsky.pl\/sklep\/produkt\/filtr-nd2000-freewell-do-dji-mavic-3-pro\/","og_locale":"pl_PL","og_type":"article","og_title":"Filtr ND2000 Freewell do DJI Mavic 3 Pro - IRONSKY.PL Sklep z Dronami","og_description":"Filtr ND2000 Freewell do DJI Mavic 3 Pro - \u2705 sklep z dronami i fachowym doradztwem. \u2705 Tutaj kupisz produkty DJI, Yuneec, Parrot, Syma i wiele innych, a tak\u017ce kursy i licencje na operatora drona.","og_url":"https:\/\/ironsky.pl\/sklep\/produkt\/filtr-nd2000-freewell-do-dji-mavic-3-pro\/","og_site_name":"IRONSKY.PL Sklep z Dronami","article_modified_time":"2026-03-05T14:48:51+00:00","og_image":[{"width":800,"height":800,"url":"https:\/\/ironsky.pl\/sklep\/wp-content\/uploads\/2024\/09\/32574_1.jpg","type":"image\/jpeg"}],"twitter_card":"summary_large_image","twitter_misc":{"Szacowany czas czytania":"1 minuta"},"schema":{"@context":"https:\/\/schema.org","@graph":[{"@type":"WebPage","@id":"https:\/\/ironsky.pl\/sklep\/produkt\/filtr-nd2000-freewell-do-dji-mavic-3-pro\/","url":"https:\/\/ironsky.pl\/sklep\/produkt\/filtr-nd2000-freewell-do-dji-mavic-3-pro\/","name":"Filtr ND2000 Freewell do DJI Mavic 3 Pro - IRONSKY.PL Sklep z Dronami","isPartOf":{"@id":"https:\/\/ironsky.pl\/sklep\/#website"},"primaryImageOfPage":{"@id":"https:\/\/ironsky.pl\/sklep\/produkt\/filtr-nd2000-freewell-do-dji-mavic-3-pro\/#primaryimage"},"image":{"@id":"https:\/\/ironsky.pl\/sklep\/produkt\/filtr-nd2000-freewell-do-dji-mavic-3-pro\/#primaryimage"},"thumbnailUrl":"https:\/\/ironsky.pl\/sklep\/wp-content\/uploads\/2024\/09\/32574_1.jpg","datePublished":"2024-09-16T10:21:27+00:00","dateModified":"2026-03-05T14:48:51+00:00","description":"Filtr ND2000 Freewell do DJI Mavic 3 Pro - \u2705 sklep z dronami i fachowym doradztwem. \u2705 Tutaj kupisz produkty DJI, Yuneec, Parrot, Syma i wiele innych, a tak\u017ce kursy i licencje na operatora drona.","breadcrumb":{"@id":"https:\/\/ironsky.pl\/sklep\/produkt\/filtr-nd2000-freewell-do-dji-mavic-3-pro\/#breadcrumb"},"inLanguage":"pl-PL","potentialAction":[{"@type":"ReadAction","target":["https:\/\/ironsky.pl\/sklep\/produkt\/filtr-nd2000-freewell-do-dji-mavic-3-pro\/"]}]},{"@type":"ImageObject","inLanguage":"pl-PL","@id":"https:\/\/ironsky.pl\/sklep\/produkt\/filtr-nd2000-freewell-do-dji-mavic-3-pro\/#primaryimage","url":"https:\/\/ironsky.pl\/sklep\/wp-content\/uploads\/2024\/09\/32574_1.jpg","contentUrl":"https:\/\/ironsky.pl\/sklep\/wp-content\/uploads\/2024\/09\/32574_1.jpg","width":800,"height":800},{"@type":"BreadcrumbList","@id":"https:\/\/ironsky.pl\/sklep\/produkt\/filtr-nd2000-freewell-do-dji-mavic-3-pro\/#breadcrumb","itemListElement":[{"@type":"ListItem","position":1,"name":"Strona g\u0142\u00f3wna","item":"https:\/\/ironsky.pl\/sklep\/"},{"@type":"ListItem","position":2,"name":"Wszystkie produkty","item":"https:\/\/ironsky.pl\/sklep\/produkty\/"},{"@type":"ListItem","position":3,"name":"Filtr ND2000 Freewell do DJI Mavic 3 Pro"}]},{"@type":"WebSite","@id":"https:\/\/ironsky.pl\/sklep\/#website","url":"https:\/\/ironsky.pl\/sklep\/","name":"IRONSKY.PL Sklep z Dronami","description":"IRONSKY.PL Sklep z Dronami","potentialAction":[{"@type":"SearchAction","target":{"@type":"EntryPoint","urlTemplate":"https:\/\/ironsky.pl\/sklep\/?s={search_term_string}"},"query-input":{"@type":"PropertyValueSpecification","valueRequired":true,"valueName":"search_term_string"}}],"inLanguage":"pl-PL"}]}},"_links":{"self":[{"href":"https:\/\/ironsky.pl\/sklep\/wp-json\/wp\/v2\/product\/20212","targetHints":{"allow":["GET"]}}],"collection":[{"href":"https:\/\/ironsky.pl\/sklep\/wp-json\/wp\/v2\/product"}],"about":[{"href":"https:\/\/ironsky.pl\/sklep\/wp-json\/wp\/v2\/types\/product"}],"replies":[{"embeddable":true,"href":"https:\/\/ironsky.pl\/sklep\/wp-json\/wp\/v2\/comments?post=20212"}],"wp:featuredmedia":[{"embeddable":true,"href":"https:\/\/ironsky.pl\/sklep\/wp-json\/wp\/v2\/media\/20213"}],"wp:attachment":[{"href":"https:\/\/ironsky.pl\/sklep\/wp-json\/wp\/v2\/media?parent=20212"}],"wp:term":[{"taxonomy":"product_brand","embeddable":true,"href":"https:\/\/ironsky.pl\/sklep\/wp-json\/wp\/v2\/product_brand?post=20212"},{"taxonomy":"product_cat","embeddable":true,"href":"https:\/\/ironsky.pl\/sklep\/wp-json\/wp\/v2\/product_cat?post=20212"},{"taxonomy":"product_tag","embeddable":true,"href":"https:\/\/ironsky.pl\/sklep\/wp-json\/wp\/v2\/product_tag?post=20212"}],"curies":[{"name":"wp","href":"https:\/\/api.w.org\/{rel}","templated":true}]}}