{"id":20186,"date":"2024-09-16T12:21:27","date_gmt":"2024-09-16T10:21:27","guid":{"rendered":"http:\/\/gvshalph.pro-linuxpl.com\/ironskyprodukty\/produkt\/aluminiowe-drazki-sterowania-sunnylife-do-kontrolera-dji-fpv-rc-pro-czerwone-fv-yg9306\/"},"modified":"2026-03-05T15:48:49","modified_gmt":"2026-03-05T14:48:49","slug":"aluminiowe-drazki-sterowania-sunnylife-do-kontrolera-dji-fpv-rc-pro-czerwone-fv-yg9306","status":"publish","type":"product","link":"https:\/\/ironsky.pl\/sklep\/produkt\/aluminiowe-drazki-sterowania-sunnylife-do-kontrolera-dji-fpv-rc-pro-czerwone-fv-yg9306\/","title":{"rendered":"Aluminiowe dr\u0105\u017cki sterowania Sunnylife do kontrolera DJI FPV\/ RC Pro (czerwone) FV-YG9306"},"content":{"rendered":"<h3>Aluminiowe czerwone dr\u0105\u017cki sterowania Sunnylife do kontrolera DJI FPV \/ RC Pro \/ FPV Remote Controller 3 ( FV-YG9306)<\/h3>\n<p>Aluminiowe dr\u0105\u017cki sterowania Sunnylife do DJI FPV \/ RC Pro \/ FPV Remote Controller 3 umo\u017cliwiaj\u0105 p\u0142ynn\u0105 prac\u0119 i precyzyjn\u0105 kontrol\u0119, gwarantuj\u0105c Ci niepowtarzalne uj\u0119cia i fantastyczne kadry. Zosta\u0142y doskonale dopasowane do kontrolera, dzi\u0119ki czemu mo\u017cesz bez trudu przechowywa\u0107 je w specjalnym otworze urz\u0105dzenia. Zestaw zawiera dwa dr\u0105\u017cki w kolorze czerwonym.<\/p>\n<p><img decoding=\"async\" src=\"https:\/\/assets.innpro.pl\/5893\/6922\/2.jpg\" border=\"0\" alt=\"\"><\/p>\n<div class=\"table-wrapper\">\n<p>&nbsp;<\/p>\n<h3><\/h3>\n<table>\n<tbody>\n<tr>\n<th>Producent <\/th>\n<td>Sunnylife<\/td>\n<\/tr>\n<tr>\n<th>Model <\/th>\n<td>FV-YG9306-RED<\/td>\n<\/tr>\n<tr>\n<th>Kompatybilno\u015b\u0107 <\/th>\n<td>DJI FPV \/ RC Pro \/ FPV Remote Controller 3<\/td>\n<\/tr>\n<tr>\n<th>Materia\u0142<\/th>\n<td>stop aluminium<\/td>\n<\/tr>\n<tr>\n<th>Waga <\/th>\n<td>3 g (jedna para)<\/td>\n<\/tr>\n<tr>\n<th>Kolor <\/th>\n<td>czerwony<\/td>\n<\/tr>\n<\/tbody>\n<\/table>\n<\/div>\n","protected":false},"excerpt":{"rendered":"<p>Aluminiowe czerwone dr\u0105\u017cki sterowania Sunnylife do kontrolera DJI FPV \/ RC Pro \/ FPV Remote Controller 3 ( FV-YG9306) Aluminiowe<\/p>\n","protected":false},"featured_media":20187,"comment_status":"closed","ping_status":"open","template":"","meta":{"_acf_changed":false},"product_brand":[],"product_cat":[5578,1090,1091,1088,5586],"product_tag":[],"class_list":{"0":"post-20186","1":"product","2":"type-product","3":"status-publish","4":"has-post-thumbnail","6":"product_cat-fpv-akcesoria","7":"product_cat-akcesoria","8":"product_cat-dji","9":"product_cat-drony","10":"product_cat-kontrolery","11":"pa_box-height-1446","12":"pa_box-length-1630","13":"pa_box-width-1579","14":"pa_gross-weight-1377","15":"pa_hs-code-1799","16":"pa_kolejna-dostawa-18-09-2024","17":"pa_net-weight-3302","19":"first","20":"outofstock","21":"taxable","22":"shipping-taxable","23":"purchasable","24":"product-type-simple"},"acf":[],"yoast_head":"<!-- This site is optimized with the Yoast SEO plugin v27.2 - https:\/\/yoast.com\/product\/yoast-seo-wordpress\/ -->\n<title>Aluminiowe dr\u0105\u017cki sterowania Sunnylife do kontrolera DJI FPV\/ RC Pro (czerwone) FV-YG9306 - IRONSKY.PL Sklep z Dronami<\/title>\n<meta name=\"description\" content=\"Aluminiowe dr\u0105\u017cki sterowania Sunnylife do kontrolera DJI FPV\/ RC Pro (czerwone) FV-YG9306 - \u2705 sklep z dronami i fachowym doradztwem. \u2705 Tutaj kupisz produkty DJI, Yuneec, Parrot, Syma i wiele innych, a tak\u017ce kursy i licencje na operatora drona.\" \/>\n<meta name=\"robots\" content=\"index, follow, max-snippet:-1, max-image-preview:large, max-video-preview:-1\" \/>\n<link rel=\"canonical\" href=\"https:\/\/ironsky.pl\/sklep\/produkt\/aluminiowe-drazki-sterowania-sunnylife-do-kontrolera-dji-fpv-rc-pro-czerwone-fv-yg9306\/\" \/>\n<meta property=\"og:locale\" content=\"pl_PL\" \/>\n<meta property=\"og:type\" content=\"article\" \/>\n<meta property=\"og:title\" content=\"Aluminiowe dr\u0105\u017cki sterowania Sunnylife do kontrolera DJI FPV\/ RC Pro (czerwone) FV-YG9306 - IRONSKY.PL Sklep z Dronami\" \/>\n<meta property=\"og:description\" content=\"Aluminiowe dr\u0105\u017cki sterowania Sunnylife do kontrolera DJI FPV\/ RC Pro (czerwone) FV-YG9306 - \u2705 sklep z dronami i fachowym doradztwem. \u2705 Tutaj kupisz produkty DJI, Yuneec, Parrot, Syma i wiele innych, a tak\u017ce kursy i licencje na operatora drona.\" \/>\n<meta property=\"og:url\" content=\"https:\/\/ironsky.pl\/sklep\/produkt\/aluminiowe-drazki-sterowania-sunnylife-do-kontrolera-dji-fpv-rc-pro-czerwone-fv-yg9306\/\" \/>\n<meta property=\"og:site_name\" content=\"IRONSKY.PL Sklep z Dronami\" \/>\n<meta property=\"article:modified_time\" content=\"2026-03-05T14:48:49+00:00\" \/>\n<meta property=\"og:image\" content=\"https:\/\/ironsky.pl\/sklep\/wp-content\/uploads\/2024\/09\/32533_1.jpg\" \/>\n\t<meta property=\"og:image:width\" content=\"800\" \/>\n\t<meta property=\"og:image:height\" content=\"800\" \/>\n\t<meta property=\"og:image:type\" content=\"image\/jpeg\" \/>\n<meta name=\"twitter:card\" content=\"summary_large_image\" \/>\n<script type=\"application\/ld+json\" class=\"yoast-schema-graph\">{\"@context\":\"https:\/\/schema.org\",\"@graph\":[{\"@type\":\"WebPage\",\"@id\":\"https:\/\/ironsky.pl\/sklep\/produkt\/aluminiowe-drazki-sterowania-sunnylife-do-kontrolera-dji-fpv-rc-pro-czerwone-fv-yg9306\/\",\"url\":\"https:\/\/ironsky.pl\/sklep\/produkt\/aluminiowe-drazki-sterowania-sunnylife-do-kontrolera-dji-fpv-rc-pro-czerwone-fv-yg9306\/\",\"name\":\"Aluminiowe dr\u0105\u017cki sterowania Sunnylife do kontrolera DJI FPV\/ RC Pro (czerwone) FV-YG9306 - IRONSKY.PL Sklep z Dronami\",\"isPartOf\":{\"@id\":\"https:\/\/ironsky.pl\/sklep\/#website\"},\"primaryImageOfPage\":{\"@id\":\"https:\/\/ironsky.pl\/sklep\/produkt\/aluminiowe-drazki-sterowania-sunnylife-do-kontrolera-dji-fpv-rc-pro-czerwone-fv-yg9306\/#primaryimage\"},\"image\":{\"@id\":\"https:\/\/ironsky.pl\/sklep\/produkt\/aluminiowe-drazki-sterowania-sunnylife-do-kontrolera-dji-fpv-rc-pro-czerwone-fv-yg9306\/#primaryimage\"},\"thumbnailUrl\":\"https:\/\/ironsky.pl\/sklep\/wp-content\/uploads\/2024\/09\/32533_1.jpg\",\"datePublished\":\"2024-09-16T10:21:27+00:00\",\"dateModified\":\"2026-03-05T14:48:49+00:00\",\"description\":\"Aluminiowe dr\u0105\u017cki sterowania Sunnylife do kontrolera DJI FPV\/ RC Pro (czerwone) FV-YG9306 - \u2705 sklep z dronami i fachowym doradztwem. \u2705 Tutaj kupisz produkty DJI, Yuneec, Parrot, Syma i wiele innych, a tak\u017ce kursy i licencje na operatora drona.\",\"breadcrumb\":{\"@id\":\"https:\/\/ironsky.pl\/sklep\/produkt\/aluminiowe-drazki-sterowania-sunnylife-do-kontrolera-dji-fpv-rc-pro-czerwone-fv-yg9306\/#breadcrumb\"},\"inLanguage\":\"pl-PL\",\"potentialAction\":[{\"@type\":\"ReadAction\",\"target\":[\"https:\/\/ironsky.pl\/sklep\/produkt\/aluminiowe-drazki-sterowania-sunnylife-do-kontrolera-dji-fpv-rc-pro-czerwone-fv-yg9306\/\"]}]},{\"@type\":\"ImageObject\",\"inLanguage\":\"pl-PL\",\"@id\":\"https:\/\/ironsky.pl\/sklep\/produkt\/aluminiowe-drazki-sterowania-sunnylife-do-kontrolera-dji-fpv-rc-pro-czerwone-fv-yg9306\/#primaryimage\",\"url\":\"https:\/\/ironsky.pl\/sklep\/wp-content\/uploads\/2024\/09\/32533_1.jpg\",\"contentUrl\":\"https:\/\/ironsky.pl\/sklep\/wp-content\/uploads\/2024\/09\/32533_1.jpg\",\"width\":800,\"height\":800},{\"@type\":\"BreadcrumbList\",\"@id\":\"https:\/\/ironsky.pl\/sklep\/produkt\/aluminiowe-drazki-sterowania-sunnylife-do-kontrolera-dji-fpv-rc-pro-czerwone-fv-yg9306\/#breadcrumb\",\"itemListElement\":[{\"@type\":\"ListItem\",\"position\":1,\"name\":\"Strona g\u0142\u00f3wna\",\"item\":\"https:\/\/ironsky.pl\/sklep\/\"},{\"@type\":\"ListItem\",\"position\":2,\"name\":\"Wszystkie produkty\",\"item\":\"https:\/\/ironsky.pl\/sklep\/produkty\/\"},{\"@type\":\"ListItem\",\"position\":3,\"name\":\"Aluminiowe dr\u0105\u017cki sterowania Sunnylife do kontrolera DJI FPV\/ RC Pro (czerwone) FV-YG9306\"}]},{\"@type\":\"WebSite\",\"@id\":\"https:\/\/ironsky.pl\/sklep\/#website\",\"url\":\"https:\/\/ironsky.pl\/sklep\/\",\"name\":\"IRONSKY.PL Sklep z Dronami\",\"description\":\"IRONSKY.PL Sklep z Dronami\",\"potentialAction\":[{\"@type\":\"SearchAction\",\"target\":{\"@type\":\"EntryPoint\",\"urlTemplate\":\"https:\/\/ironsky.pl\/sklep\/?s={search_term_string}\"},\"query-input\":{\"@type\":\"PropertyValueSpecification\",\"valueRequired\":true,\"valueName\":\"search_term_string\"}}],\"inLanguage\":\"pl-PL\"}]}<\/script>\n<!-- \/ Yoast SEO plugin. -->","yoast_head_json":{"title":"Aluminiowe dr\u0105\u017cki sterowania Sunnylife do kontrolera DJI FPV\/ RC Pro (czerwone) FV-YG9306 - IRONSKY.PL Sklep z Dronami","description":"Aluminiowe dr\u0105\u017cki sterowania Sunnylife do kontrolera DJI FPV\/ RC Pro (czerwone) FV-YG9306 - \u2705 sklep z dronami i fachowym doradztwem. \u2705 Tutaj kupisz produkty DJI, Yuneec, Parrot, Syma i wiele innych, a tak\u017ce kursy i licencje na operatora drona.","robots":{"index":"index","follow":"follow","max-snippet":"max-snippet:-1","max-image-preview":"max-image-preview:large","max-video-preview":"max-video-preview:-1"},"canonical":"https:\/\/ironsky.pl\/sklep\/produkt\/aluminiowe-drazki-sterowania-sunnylife-do-kontrolera-dji-fpv-rc-pro-czerwone-fv-yg9306\/","og_locale":"pl_PL","og_type":"article","og_title":"Aluminiowe dr\u0105\u017cki sterowania Sunnylife do kontrolera DJI FPV\/ RC Pro (czerwone) FV-YG9306 - IRONSKY.PL Sklep z Dronami","og_description":"Aluminiowe dr\u0105\u017cki sterowania Sunnylife do kontrolera DJI FPV\/ RC Pro (czerwone) FV-YG9306 - \u2705 sklep z dronami i fachowym doradztwem. \u2705 Tutaj kupisz produkty DJI, Yuneec, Parrot, Syma i wiele innych, a tak\u017ce kursy i licencje na operatora drona.","og_url":"https:\/\/ironsky.pl\/sklep\/produkt\/aluminiowe-drazki-sterowania-sunnylife-do-kontrolera-dji-fpv-rc-pro-czerwone-fv-yg9306\/","og_site_name":"IRONSKY.PL Sklep z Dronami","article_modified_time":"2026-03-05T14:48:49+00:00","og_image":[{"width":800,"height":800,"url":"https:\/\/ironsky.pl\/sklep\/wp-content\/uploads\/2024\/09\/32533_1.jpg","type":"image\/jpeg"}],"twitter_card":"summary_large_image","schema":{"@context":"https:\/\/schema.org","@graph":[{"@type":"WebPage","@id":"https:\/\/ironsky.pl\/sklep\/produkt\/aluminiowe-drazki-sterowania-sunnylife-do-kontrolera-dji-fpv-rc-pro-czerwone-fv-yg9306\/","url":"https:\/\/ironsky.pl\/sklep\/produkt\/aluminiowe-drazki-sterowania-sunnylife-do-kontrolera-dji-fpv-rc-pro-czerwone-fv-yg9306\/","name":"Aluminiowe dr\u0105\u017cki sterowania Sunnylife do kontrolera DJI FPV\/ RC Pro (czerwone) FV-YG9306 - IRONSKY.PL Sklep z Dronami","isPartOf":{"@id":"https:\/\/ironsky.pl\/sklep\/#website"},"primaryImageOfPage":{"@id":"https:\/\/ironsky.pl\/sklep\/produkt\/aluminiowe-drazki-sterowania-sunnylife-do-kontrolera-dji-fpv-rc-pro-czerwone-fv-yg9306\/#primaryimage"},"image":{"@id":"https:\/\/ironsky.pl\/sklep\/produkt\/aluminiowe-drazki-sterowania-sunnylife-do-kontrolera-dji-fpv-rc-pro-czerwone-fv-yg9306\/#primaryimage"},"thumbnailUrl":"https:\/\/ironsky.pl\/sklep\/wp-content\/uploads\/2024\/09\/32533_1.jpg","datePublished":"2024-09-16T10:21:27+00:00","dateModified":"2026-03-05T14:48:49+00:00","description":"Aluminiowe dr\u0105\u017cki sterowania Sunnylife do kontrolera DJI FPV\/ RC Pro (czerwone) FV-YG9306 - \u2705 sklep z dronami i fachowym doradztwem. \u2705 Tutaj kupisz produkty DJI, Yuneec, Parrot, Syma i wiele innych, a tak\u017ce kursy i licencje na operatora drona.","breadcrumb":{"@id":"https:\/\/ironsky.pl\/sklep\/produkt\/aluminiowe-drazki-sterowania-sunnylife-do-kontrolera-dji-fpv-rc-pro-czerwone-fv-yg9306\/#breadcrumb"},"inLanguage":"pl-PL","potentialAction":[{"@type":"ReadAction","target":["https:\/\/ironsky.pl\/sklep\/produkt\/aluminiowe-drazki-sterowania-sunnylife-do-kontrolera-dji-fpv-rc-pro-czerwone-fv-yg9306\/"]}]},{"@type":"ImageObject","inLanguage":"pl-PL","@id":"https:\/\/ironsky.pl\/sklep\/produkt\/aluminiowe-drazki-sterowania-sunnylife-do-kontrolera-dji-fpv-rc-pro-czerwone-fv-yg9306\/#primaryimage","url":"https:\/\/ironsky.pl\/sklep\/wp-content\/uploads\/2024\/09\/32533_1.jpg","contentUrl":"https:\/\/ironsky.pl\/sklep\/wp-content\/uploads\/2024\/09\/32533_1.jpg","width":800,"height":800},{"@type":"BreadcrumbList","@id":"https:\/\/ironsky.pl\/sklep\/produkt\/aluminiowe-drazki-sterowania-sunnylife-do-kontrolera-dji-fpv-rc-pro-czerwone-fv-yg9306\/#breadcrumb","itemListElement":[{"@type":"ListItem","position":1,"name":"Strona g\u0142\u00f3wna","item":"https:\/\/ironsky.pl\/sklep\/"},{"@type":"ListItem","position":2,"name":"Wszystkie produkty","item":"https:\/\/ironsky.pl\/sklep\/produkty\/"},{"@type":"ListItem","position":3,"name":"Aluminiowe dr\u0105\u017cki sterowania Sunnylife do kontrolera DJI FPV\/ RC Pro (czerwone) FV-YG9306"}]},{"@type":"WebSite","@id":"https:\/\/ironsky.pl\/sklep\/#website","url":"https:\/\/ironsky.pl\/sklep\/","name":"IRONSKY.PL Sklep z Dronami","description":"IRONSKY.PL Sklep z Dronami","potentialAction":[{"@type":"SearchAction","target":{"@type":"EntryPoint","urlTemplate":"https:\/\/ironsky.pl\/sklep\/?s={search_term_string}"},"query-input":{"@type":"PropertyValueSpecification","valueRequired":true,"valueName":"search_term_string"}}],"inLanguage":"pl-PL"}]}},"_links":{"self":[{"href":"https:\/\/ironsky.pl\/sklep\/wp-json\/wp\/v2\/product\/20186","targetHints":{"allow":["GET"]}}],"collection":[{"href":"https:\/\/ironsky.pl\/sklep\/wp-json\/wp\/v2\/product"}],"about":[{"href":"https:\/\/ironsky.pl\/sklep\/wp-json\/wp\/v2\/types\/product"}],"replies":[{"embeddable":true,"href":"https:\/\/ironsky.pl\/sklep\/wp-json\/wp\/v2\/comments?post=20186"}],"wp:featuredmedia":[{"embeddable":true,"href":"https:\/\/ironsky.pl\/sklep\/wp-json\/wp\/v2\/media\/20187"}],"wp:attachment":[{"href":"https:\/\/ironsky.pl\/sklep\/wp-json\/wp\/v2\/media?parent=20186"}],"wp:term":[{"taxonomy":"product_brand","embeddable":true,"href":"https:\/\/ironsky.pl\/sklep\/wp-json\/wp\/v2\/product_brand?post=20186"},{"taxonomy":"product_cat","embeddable":true,"href":"https:\/\/ironsky.pl\/sklep\/wp-json\/wp\/v2\/product_cat?post=20186"},{"taxonomy":"product_tag","embeddable":true,"href":"https:\/\/ironsky.pl\/sklep\/wp-json\/wp\/v2\/product_tag?post=20186"}],"curies":[{"name":"wp","href":"https:\/\/api.w.org\/{rel}","templated":true}]}}