{"id":20171,"date":"2024-09-16T12:20:18","date_gmt":"2024-09-16T10:20:18","guid":{"rendered":"http:\/\/gvshalph.pro-linuxpl.com\/ironskyprodukty\/produkt\/oslona-smigiel-sunnylife-z-wlokna-weglowego-do-dji-avata-at-kc572\/"},"modified":"2026-03-10T16:22:24","modified_gmt":"2026-03-10T15:22:24","slug":"oslona-smigiel-sunnylife-z-wlokna-weglowego-do-dji-avata-at-kc572","status":"publish","type":"product","link":"https:\/\/ironsky.pl\/sklep\/produkt\/oslona-smigiel-sunnylife-z-wlokna-weglowego-do-dji-avata-at-kc572\/","title":{"rendered":"Os\u0142ona \u015bmigie\u0142 Sunnylife z w\u0142\u00f3kna w\u0119glowego do DJI Avata (AT-KC572)"},"content":{"rendered":"<h3>Os\u0142ona \u015bmigie\u0142 z w\u0142\u00f3kna w\u0119glowego Sunnylife do DJI Avata (AT-KC572)<\/h3>\n<p>Latasz dronem? Je\u015bli tak, z pewno\u015bci\u0105 nie raz podj\u0105\u0142e\u015b ryzyko po to, by stworzy\u0107 zapieraj\u0105cy dech w piersiach materia\u0142. Na takie okazje powsta\u0142a os\u0142ona \u015bmigie\u0142 Sunnylife. Produkt wykonano z w\u0142\u00f3kna w\u0119glowego i pianki EVA, dzi\u0119ki czemu jest wyj\u0105tkowo lekki i zapewnia pe\u0142nowymiarow\u0105 ochron\u0119 \u015bmigie\u0142 Twojego DJI Avata. Os\u0142ona gwarantuje bezpiecze\u0144stwo \u015bmig\u0142a w razie kolizji, a dzi\u0119ki niej mo\u017cesz pozwoli\u0107 sobie na wi\u0119cej! Zapomnij o ograniczeniach i uwolnij kreatywno\u015b\u0107!<\/p>\n<p><img decoding=\"async\" src=\"https:\/\/b2b.innpro.pl\/data\/include\/cms\/Sunnylife\/AT-KC572\/2.jpg\" alt=\"Sunnylife\/AT-KC572\/2\"><\/p>\n<h3>Moc w\u0142\u00f3kna w\u0119glowego<\/h3>\n<p>Niska waga (22 g) jest kluczowa \u2014 os\u0142ona nie b\u0119dzie zaburza\u0142a dynamiki lotu drona, a mimo to zapewni niezawodn\u0105 ochron\u0119. Materia\u0142 wyr\u00f3\u017cnia si\u0119 wyj\u0105tkow\u0105 trwa\u0142o\u015bci\u0105, jest w stanie znie\u015b\u0107 wi\u0119kszo\u015b\u0107 upadk\u00f3w, uderze\u0144 i obci\u0105\u017ce\u0144. Os\u0142ona skutecznie absorbuje wstrz\u0105sy, nie odkszta\u0142ca si\u0119 i nie p\u0119ka. Co wi\u0119cej, cechuje j\u0105 du\u017ca odporno\u015b\u0107 na wysokie temperatury.<\/p>\n<p><img decoding=\"async\" src=\"https:\/\/b2b.innpro.pl\/data\/include\/cms\/Sunnylife\/AT-KC572\/3.jpg\" alt=\"Sunnylife\/AT-KC572\/3\"><\/p>\n<h3>Precyzyjne dopasowanie do Twojego drona<\/h3>\n<p>Os\u0142ona zosta\u0142a zaprojektowana specjalnie dla dron\u00f3w DJI z serii Avata, dlatego gwarantuje idealne dopasowanie do \u015bmigie\u0142. Nie b\u0119dzie wp\u0142ywa\u0107 na lot drona i b\u0119dzie widoczna na tworzonych materia\u0142ach. Po zako\u0144czonym locie nie musisz zdejmowa\u0107 os\u0142ony \u2014 drona bez problemu przechowasz razem z ni\u0105 np. w dedykowanej walizce.<\/p>\n<p><img decoding=\"async\" src=\"https:\/\/b2b.innpro.pl\/data\/include\/cms\/Sunnylife\/AT-KC572\/5.jpg\" alt=\"Sunnylife\/AT-KC572\/5\"><\/p>\n<h3>Podw\u00f3jna ochrona<\/h3>\n<p>Aby zapewni\u0107 kompletn\u0105 ochron\u0119, do os\u0142ony do\u0142\u0105czono dodatkowe paski z pianki EVA. Mo\u017cesz wykorzysta\u0107 je razem z os\u0142on\u0105 z w\u0142\u00f3kna w\u0119glowego lub osobno. Pianka zapewnia dodatkow\u0105 ochron\u0119 przed kolizj\u0105. Z Sunnylife mo\u017cesz czu\u0107 si\u0119 bezpiecznie w czasie swoich podniebnych podr\u00f3\u017cy!<\/p>\n<p><img decoding=\"async\" src=\"https:\/\/b2b.innpro.pl\/data\/include\/cms\/Sunnylife\/AT-KC572\/6.jpg\" alt=\"Sunnylife\/AT-KC572\/6\"><\/p>\n<h3>W zestawie<\/h3>\n<ul>\n<li>Os\u0142ona<\/li>\n<li>Paski z pianki EVA x 12<\/li>\n<li>Zestaw \u015brub<\/li>\n<li>Inbus<\/li>\n<\/ul>\n<div class=\"table-wrapper\">\n<table>\n<tbody>\n<tr>\n<th>Producent<\/th>\n<td>Sunnylife<\/td>\n<\/tr>\n<tr>\n<th>Model<\/th>\n<td>AT-KC572<\/td>\n<\/tr>\n<tr>\n<th>Kompatybilno\u015b\u0107<\/th>\n<td>DJI Avata<\/td>\n<\/tr>\n<tr>\n<th>Materia\u0142<\/th>\n<td>W\u0142\u00f3kno w\u0119glowe + EVA<\/td>\n<\/tr>\n<tr>\n<th>Waga<\/th>\n<td>22 g<\/td>\n<\/tr>\n<\/tbody>\n<\/table>\n<\/div>\n","protected":false},"excerpt":{"rendered":"<p>Os\u0142ona \u015bmigie\u0142 z w\u0142\u00f3kna w\u0119glowego Sunnylife do DJI Avata (AT-KC572) Latasz dronem? Je\u015bli tak, z pewno\u015bci\u0105 nie raz podj\u0105\u0142e\u015b ryzyko<\/p>\n","protected":false},"featured_media":20172,"comment_status":"closed","ping_status":"open","template":"","meta":{"_acf_changed":false},"product_brand":[],"product_cat":[5574,1090,1091,1088],"product_tag":[],"class_list":{"0":"post-20171","1":"product","2":"type-product","3":"status-publish","4":"has-post-thumbnail","6":"product_cat-avata-1","7":"product_cat-akcesoria","8":"product_cat-dji","9":"product_cat-drony","10":"pa_box-height-1446","11":"pa_box-length-2687","12":"pa_box-width-1770","13":"pa_gross-weight-4049","14":"pa_hs-code-1775","15":"pa_net-weight-2852","16":"pa_seria-fpv-dji-avata","18":"first","19":"outofstock","20":"taxable","21":"shipping-taxable","22":"purchasable","23":"product-type-simple"},"acf":[],"yoast_head":"<!-- This site is optimized with the Yoast SEO plugin v27.2 - https:\/\/yoast.com\/product\/yoast-seo-wordpress\/ -->\n<title>Os\u0142ona \u015bmigie\u0142 Sunnylife z w\u0142\u00f3kna w\u0119glowego do DJI Avata (AT-KC572) - IRONSKY.PL Sklep z Dronami<\/title>\n<meta name=\"description\" content=\"Os\u0142ona \u015bmigie\u0142 Sunnylife z w\u0142\u00f3kna w\u0119glowego do DJI Avata (AT-KC572) - \u2705 sklep z dronami i fachowym doradztwem. \u2705 Tutaj kupisz produkty DJI, Yuneec, Parrot, Syma i wiele innych, a tak\u017ce kursy i licencje na operatora drona.\" \/>\n<meta name=\"robots\" content=\"index, follow, max-snippet:-1, max-image-preview:large, max-video-preview:-1\" \/>\n<link rel=\"canonical\" href=\"https:\/\/ironsky.pl\/sklep\/produkt\/oslona-smigiel-sunnylife-z-wlokna-weglowego-do-dji-avata-at-kc572\/\" \/>\n<meta property=\"og:locale\" content=\"pl_PL\" \/>\n<meta property=\"og:type\" content=\"article\" \/>\n<meta property=\"og:title\" content=\"Os\u0142ona \u015bmigie\u0142 Sunnylife z w\u0142\u00f3kna w\u0119glowego do DJI Avata (AT-KC572) - IRONSKY.PL Sklep z Dronami\" \/>\n<meta property=\"og:description\" content=\"Os\u0142ona \u015bmigie\u0142 Sunnylife z w\u0142\u00f3kna w\u0119glowego do DJI Avata (AT-KC572) - \u2705 sklep z dronami i fachowym doradztwem. \u2705 Tutaj kupisz produkty DJI, Yuneec, Parrot, Syma i wiele innych, a tak\u017ce kursy i licencje na operatora drona.\" \/>\n<meta property=\"og:url\" content=\"https:\/\/ironsky.pl\/sklep\/produkt\/oslona-smigiel-sunnylife-z-wlokna-weglowego-do-dji-avata-at-kc572\/\" \/>\n<meta property=\"og:site_name\" content=\"IRONSKY.PL Sklep z Dronami\" \/>\n<meta property=\"article:modified_time\" content=\"2026-03-10T15:22:24+00:00\" \/>\n<meta property=\"og:image\" content=\"https:\/\/ironsky.pl\/sklep\/wp-content\/uploads\/2024\/09\/32522_1.jpg\" \/>\n\t<meta property=\"og:image:width\" content=\"800\" \/>\n\t<meta property=\"og:image:height\" content=\"800\" \/>\n\t<meta property=\"og:image:type\" content=\"image\/jpeg\" \/>\n<meta name=\"twitter:card\" content=\"summary_large_image\" \/>\n<meta name=\"twitter:label1\" content=\"Szacowany czas czytania\" \/>\n\t<meta name=\"twitter:data1\" content=\"2 minuty\" \/>\n<script type=\"application\/ld+json\" class=\"yoast-schema-graph\">{\"@context\":\"https:\/\/schema.org\",\"@graph\":[{\"@type\":\"WebPage\",\"@id\":\"https:\/\/ironsky.pl\/sklep\/produkt\/oslona-smigiel-sunnylife-z-wlokna-weglowego-do-dji-avata-at-kc572\/\",\"url\":\"https:\/\/ironsky.pl\/sklep\/produkt\/oslona-smigiel-sunnylife-z-wlokna-weglowego-do-dji-avata-at-kc572\/\",\"name\":\"Os\u0142ona \u015bmigie\u0142 Sunnylife z w\u0142\u00f3kna w\u0119glowego do DJI Avata (AT-KC572) - IRONSKY.PL Sklep z Dronami\",\"isPartOf\":{\"@id\":\"https:\/\/ironsky.pl\/sklep\/#website\"},\"primaryImageOfPage\":{\"@id\":\"https:\/\/ironsky.pl\/sklep\/produkt\/oslona-smigiel-sunnylife-z-wlokna-weglowego-do-dji-avata-at-kc572\/#primaryimage\"},\"image\":{\"@id\":\"https:\/\/ironsky.pl\/sklep\/produkt\/oslona-smigiel-sunnylife-z-wlokna-weglowego-do-dji-avata-at-kc572\/#primaryimage\"},\"thumbnailUrl\":\"https:\/\/ironsky.pl\/sklep\/wp-content\/uploads\/2024\/09\/32522_1.jpg\",\"datePublished\":\"2024-09-16T10:20:18+00:00\",\"dateModified\":\"2026-03-10T15:22:24+00:00\",\"description\":\"Os\u0142ona \u015bmigie\u0142 Sunnylife z w\u0142\u00f3kna w\u0119glowego do DJI Avata (AT-KC572) - \u2705 sklep z dronami i fachowym doradztwem. \u2705 Tutaj kupisz produkty DJI, Yuneec, Parrot, Syma i wiele innych, a tak\u017ce kursy i licencje na operatora drona.\",\"breadcrumb\":{\"@id\":\"https:\/\/ironsky.pl\/sklep\/produkt\/oslona-smigiel-sunnylife-z-wlokna-weglowego-do-dji-avata-at-kc572\/#breadcrumb\"},\"inLanguage\":\"pl-PL\",\"potentialAction\":[{\"@type\":\"ReadAction\",\"target\":[\"https:\/\/ironsky.pl\/sklep\/produkt\/oslona-smigiel-sunnylife-z-wlokna-weglowego-do-dji-avata-at-kc572\/\"]}]},{\"@type\":\"ImageObject\",\"inLanguage\":\"pl-PL\",\"@id\":\"https:\/\/ironsky.pl\/sklep\/produkt\/oslona-smigiel-sunnylife-z-wlokna-weglowego-do-dji-avata-at-kc572\/#primaryimage\",\"url\":\"https:\/\/ironsky.pl\/sklep\/wp-content\/uploads\/2024\/09\/32522_1.jpg\",\"contentUrl\":\"https:\/\/ironsky.pl\/sklep\/wp-content\/uploads\/2024\/09\/32522_1.jpg\",\"width\":800,\"height\":800},{\"@type\":\"BreadcrumbList\",\"@id\":\"https:\/\/ironsky.pl\/sklep\/produkt\/oslona-smigiel-sunnylife-z-wlokna-weglowego-do-dji-avata-at-kc572\/#breadcrumb\",\"itemListElement\":[{\"@type\":\"ListItem\",\"position\":1,\"name\":\"Strona g\u0142\u00f3wna\",\"item\":\"https:\/\/ironsky.pl\/sklep\/\"},{\"@type\":\"ListItem\",\"position\":2,\"name\":\"Wszystkie produkty\",\"item\":\"https:\/\/ironsky.pl\/sklep\/produkty\/\"},{\"@type\":\"ListItem\",\"position\":3,\"name\":\"Os\u0142ona \u015bmigie\u0142 Sunnylife z w\u0142\u00f3kna w\u0119glowego do DJI Avata (AT-KC572)\"}]},{\"@type\":\"WebSite\",\"@id\":\"https:\/\/ironsky.pl\/sklep\/#website\",\"url\":\"https:\/\/ironsky.pl\/sklep\/\",\"name\":\"IRONSKY.PL Sklep z Dronami\",\"description\":\"IRONSKY.PL Sklep z Dronami\",\"potentialAction\":[{\"@type\":\"SearchAction\",\"target\":{\"@type\":\"EntryPoint\",\"urlTemplate\":\"https:\/\/ironsky.pl\/sklep\/?s={search_term_string}\"},\"query-input\":{\"@type\":\"PropertyValueSpecification\",\"valueRequired\":true,\"valueName\":\"search_term_string\"}}],\"inLanguage\":\"pl-PL\"}]}<\/script>\n<!-- \/ Yoast SEO plugin. -->","yoast_head_json":{"title":"Os\u0142ona \u015bmigie\u0142 Sunnylife z w\u0142\u00f3kna w\u0119glowego do DJI Avata (AT-KC572) - IRONSKY.PL Sklep z Dronami","description":"Os\u0142ona \u015bmigie\u0142 Sunnylife z w\u0142\u00f3kna w\u0119glowego do DJI Avata (AT-KC572) - \u2705 sklep z dronami i fachowym doradztwem. \u2705 Tutaj kupisz produkty DJI, Yuneec, Parrot, Syma i wiele innych, a tak\u017ce kursy i licencje na operatora drona.","robots":{"index":"index","follow":"follow","max-snippet":"max-snippet:-1","max-image-preview":"max-image-preview:large","max-video-preview":"max-video-preview:-1"},"canonical":"https:\/\/ironsky.pl\/sklep\/produkt\/oslona-smigiel-sunnylife-z-wlokna-weglowego-do-dji-avata-at-kc572\/","og_locale":"pl_PL","og_type":"article","og_title":"Os\u0142ona \u015bmigie\u0142 Sunnylife z w\u0142\u00f3kna w\u0119glowego do DJI Avata (AT-KC572) - IRONSKY.PL Sklep z Dronami","og_description":"Os\u0142ona \u015bmigie\u0142 Sunnylife z w\u0142\u00f3kna w\u0119glowego do DJI Avata (AT-KC572) - \u2705 sklep z dronami i fachowym doradztwem. \u2705 Tutaj kupisz produkty DJI, Yuneec, Parrot, Syma i wiele innych, a tak\u017ce kursy i licencje na operatora drona.","og_url":"https:\/\/ironsky.pl\/sklep\/produkt\/oslona-smigiel-sunnylife-z-wlokna-weglowego-do-dji-avata-at-kc572\/","og_site_name":"IRONSKY.PL Sklep z Dronami","article_modified_time":"2026-03-10T15:22:24+00:00","og_image":[{"width":800,"height":800,"url":"https:\/\/ironsky.pl\/sklep\/wp-content\/uploads\/2024\/09\/32522_1.jpg","type":"image\/jpeg"}],"twitter_card":"summary_large_image","twitter_misc":{"Szacowany czas czytania":"2 minuty"},"schema":{"@context":"https:\/\/schema.org","@graph":[{"@type":"WebPage","@id":"https:\/\/ironsky.pl\/sklep\/produkt\/oslona-smigiel-sunnylife-z-wlokna-weglowego-do-dji-avata-at-kc572\/","url":"https:\/\/ironsky.pl\/sklep\/produkt\/oslona-smigiel-sunnylife-z-wlokna-weglowego-do-dji-avata-at-kc572\/","name":"Os\u0142ona \u015bmigie\u0142 Sunnylife z w\u0142\u00f3kna w\u0119glowego do DJI Avata (AT-KC572) - IRONSKY.PL Sklep z Dronami","isPartOf":{"@id":"https:\/\/ironsky.pl\/sklep\/#website"},"primaryImageOfPage":{"@id":"https:\/\/ironsky.pl\/sklep\/produkt\/oslona-smigiel-sunnylife-z-wlokna-weglowego-do-dji-avata-at-kc572\/#primaryimage"},"image":{"@id":"https:\/\/ironsky.pl\/sklep\/produkt\/oslona-smigiel-sunnylife-z-wlokna-weglowego-do-dji-avata-at-kc572\/#primaryimage"},"thumbnailUrl":"https:\/\/ironsky.pl\/sklep\/wp-content\/uploads\/2024\/09\/32522_1.jpg","datePublished":"2024-09-16T10:20:18+00:00","dateModified":"2026-03-10T15:22:24+00:00","description":"Os\u0142ona \u015bmigie\u0142 Sunnylife z w\u0142\u00f3kna w\u0119glowego do DJI Avata (AT-KC572) - \u2705 sklep z dronami i fachowym doradztwem. \u2705 Tutaj kupisz produkty DJI, Yuneec, Parrot, Syma i wiele innych, a tak\u017ce kursy i licencje na operatora drona.","breadcrumb":{"@id":"https:\/\/ironsky.pl\/sklep\/produkt\/oslona-smigiel-sunnylife-z-wlokna-weglowego-do-dji-avata-at-kc572\/#breadcrumb"},"inLanguage":"pl-PL","potentialAction":[{"@type":"ReadAction","target":["https:\/\/ironsky.pl\/sklep\/produkt\/oslona-smigiel-sunnylife-z-wlokna-weglowego-do-dji-avata-at-kc572\/"]}]},{"@type":"ImageObject","inLanguage":"pl-PL","@id":"https:\/\/ironsky.pl\/sklep\/produkt\/oslona-smigiel-sunnylife-z-wlokna-weglowego-do-dji-avata-at-kc572\/#primaryimage","url":"https:\/\/ironsky.pl\/sklep\/wp-content\/uploads\/2024\/09\/32522_1.jpg","contentUrl":"https:\/\/ironsky.pl\/sklep\/wp-content\/uploads\/2024\/09\/32522_1.jpg","width":800,"height":800},{"@type":"BreadcrumbList","@id":"https:\/\/ironsky.pl\/sklep\/produkt\/oslona-smigiel-sunnylife-z-wlokna-weglowego-do-dji-avata-at-kc572\/#breadcrumb","itemListElement":[{"@type":"ListItem","position":1,"name":"Strona g\u0142\u00f3wna","item":"https:\/\/ironsky.pl\/sklep\/"},{"@type":"ListItem","position":2,"name":"Wszystkie produkty","item":"https:\/\/ironsky.pl\/sklep\/produkty\/"},{"@type":"ListItem","position":3,"name":"Os\u0142ona \u015bmigie\u0142 Sunnylife z w\u0142\u00f3kna w\u0119glowego do DJI Avata (AT-KC572)"}]},{"@type":"WebSite","@id":"https:\/\/ironsky.pl\/sklep\/#website","url":"https:\/\/ironsky.pl\/sklep\/","name":"IRONSKY.PL Sklep z Dronami","description":"IRONSKY.PL Sklep z Dronami","potentialAction":[{"@type":"SearchAction","target":{"@type":"EntryPoint","urlTemplate":"https:\/\/ironsky.pl\/sklep\/?s={search_term_string}"},"query-input":{"@type":"PropertyValueSpecification","valueRequired":true,"valueName":"search_term_string"}}],"inLanguage":"pl-PL"}]}},"_links":{"self":[{"href":"https:\/\/ironsky.pl\/sklep\/wp-json\/wp\/v2\/product\/20171","targetHints":{"allow":["GET"]}}],"collection":[{"href":"https:\/\/ironsky.pl\/sklep\/wp-json\/wp\/v2\/product"}],"about":[{"href":"https:\/\/ironsky.pl\/sklep\/wp-json\/wp\/v2\/types\/product"}],"replies":[{"embeddable":true,"href":"https:\/\/ironsky.pl\/sklep\/wp-json\/wp\/v2\/comments?post=20171"}],"wp:featuredmedia":[{"embeddable":true,"href":"https:\/\/ironsky.pl\/sklep\/wp-json\/wp\/v2\/media\/20172"}],"wp:attachment":[{"href":"https:\/\/ironsky.pl\/sklep\/wp-json\/wp\/v2\/media?parent=20171"}],"wp:term":[{"taxonomy":"product_brand","embeddable":true,"href":"https:\/\/ironsky.pl\/sklep\/wp-json\/wp\/v2\/product_brand?post=20171"},{"taxonomy":"product_cat","embeddable":true,"href":"https:\/\/ironsky.pl\/sklep\/wp-json\/wp\/v2\/product_cat?post=20171"},{"taxonomy":"product_tag","embeddable":true,"href":"https:\/\/ironsky.pl\/sklep\/wp-json\/wp\/v2\/product_tag?post=20171"}],"curies":[{"name":"wp","href":"https:\/\/api.w.org\/{rel}","templated":true}]}}