{"id":20123,"date":"2024-09-16T12:20:18","date_gmt":"2024-09-16T10:20:18","guid":{"rendered":"http:\/\/gvshalph.pro-linuxpl.com\/ironskyprodukty\/produkt\/dji-goggles-integra-motion-combo\/"},"modified":"2026-03-05T15:48:47","modified_gmt":"2026-03-05T14:48:47","slug":"dji-goggles-integra-motion-combo","status":"publish","type":"product","link":"https:\/\/ironsky.pl\/sklep\/produkt\/dji-goggles-integra-motion-combo\/","title":{"rendered":"DJI Goggles Integra Motion Combo"},"content":{"rendered":"<h3>DJI Goggles Integra Motion Combo<\/h3>\n<p>Spe\u0142nij swoje marzenia o lataniu, unie\u015b si\u0119 do chmur i poczuj dreszcz emocji. DJI Goggles Integra zapewni\u0105 Ci ciekawsze do\u015bwiadczenie lotu i niesamowit\u0105 immersj\u0119. Po prostu po\u0142\u0105cz je z dronem DJI Avata i do\u0142\u0105czonym do zestawu kontrolerem DJI RC Motion 2 \u2013 tak niewiele dzieli Ci\u0119 od niezapomnianych wra\u017ce\u0144! Lekka konstrukcja gogli gwarantuje komfort u\u017cytkowania, technologia DJI O3+ oferuje p\u0142ynn\u0105 transmisj\u0119 wideo i niskie op\u00f3\u017anienie, a wbudowane ekrany micro OLED pozwalaj\u0105 cieszy\u0107 si\u0119 wysok\u0105 jako\u015bci\u0105 obrazu.<\/p>\n<p><img decoding=\"async\" src=\"https:\/\/b2b.innpro.pl\/data\/include\/cms\/12DJI\/DJI-Goggles-Integra-Motion-Combo\/8.jpg\" border=\"0\" alt=\"12DJI\/DJI-Goggles-Integra-Motion-Combo\/8\" \/><\/p>\n<h3>W trosce o Twoj\u0105 wygod\u0119<\/h3>\n<p>Tym, co wyr\u00f3\u017cnia DJI Goggles Integra, jest zintegrowana konstrukcja \u2013 opaska i akumulator zosta\u0142y po\u0142\u0105czone w jedno. Uwolnij si\u0119 od kabli i ciesz si\u0119 komfortem! Mo\u017cesz te\u017c swobodnie zak\u0142ada\u0107 i zdejmowa\u0107 gogle. Opaska z wbudowanym akumulatorem jest zaskakuj\u0105co lekka i \u015bwietnie wywa\u017cona, a co za tym idzie wygodna w noszeniu. DJI Goggles Integra s\u0105 r\u00f3wnie\u017c bardzo proste w transporcie \u2013 wa\u017c\u0105 zaledwie 410 g i zosta\u0142y wyposa\u017cone w sk\u0142adane anteny.<\/p>\n<p><img decoding=\"async\" src=\"https:\/\/b2b.innpro.pl\/data\/include\/cms\/12DJI\/DJI-Goggles-Integra-Motion-Combo\/1.jpg\" border=\"0\" alt=\"12DJI\/DJI-Goggles-Integra-Motion-Combo\/1\" \/><\/p>\n<h3>Czas pracy do 2 godzin<\/h3>\n<p>Po\u017cegnaj ograniczenia i lataj tak d\u0142ugo, jak chcesz. Czas pracy gogli si\u0119ga 2 godzin \u2013 to wystarczaj\u0105co du\u017co, aby odby\u0107 nawet kilka podniebnych podr\u00f3\u017cy! To jednak nie wszystko \u2013 mo\u017cesz bez przeszk\u00f3d korzysta\u0107 z DJI Goggles Integra r\u00f3wnie\u017c podczas \u0142adowania. Dzi\u0119ki temu nie musisz si\u0119 martwi\u0107, \u017ce odm\u00f3wi\u0105 Ci pos\u0142usze\u0144stwa w najmniej odpowiednim momencie!<\/p>\n<p><img decoding=\"async\" src=\"https:\/\/b2b.innpro.pl\/data\/include\/cms\/12DJI\/DJI-Goggles-Integra-Motion-Combo\/5.jpg\" border=\"0\" alt=\"12DJI\/DJI-Goggles-Integra-Motion-Combo\/5\" \/><\/p>\n<h3>Ekrany micro OLED<\/h3>\n<p>Ciesz si\u0119 doskonale odwzorowan\u0105 kolorystyk\u0105 i bogactwem szczeg\u00f3\u0142\u00f3w. Wbudowane ekrany HD micro OLED gogli zapewniaj\u0105 \u015bwietn\u0105 jako\u015b\u0107 obrazu nawet w jasnych obszarach i cieniach! Wyr\u00f3\u017cnia je tak\u017ce wysoka cz\u0119stotliwo\u015b\u0107 od\u015bwie\u017cania (do 100 Hz), co przek\u0142ada si\u0119 na jeszcze p\u0142ynniejszy lot. DJI Goggles Integra mog\u0105 te\u017c chroni\u0107 Twoje oczy przed szkodliwym \u015bwiat\u0142em niebieskim, co potwierdza certyfikat T\u00dcV Rheinland.<\/p>\n<p><img decoding=\"async\" src=\"https:\/\/b2b.innpro.pl\/data\/include\/cms\/12DJI\/DJI-Goggles-Integra-Motion-Combo\/6.jpg\" border=\"0\" alt=\"12DJI\/DJI-Goggles-Integra-Motion-Combo\/6\" \/><\/p>\n<h3>Niezawodna transmisja wideo \u2013 niskie op\u00f3\u017anienie<\/h3>\n<p>Zapomnij o problemach z transmisj\u0105. DJI Goggles Integra obs\u0142uguj\u0105 technologi\u0119 DJI O3+, kt\u00f3ra zapewnia p\u0142ynny, stabilny przesy\u0142 i niskie op\u00f3\u017anienie na poziomie zaledwie oko\u0142o 30 ms. Gogle mog\u0105 te\u017c automatycznie prze\u0142\u0105cza\u0107 si\u0119 mi\u0119dzy pasmami 2,4 GHz i 5,8 GHz. Dzi\u0119ki temu pozwalaj\u0105 cieszy\u0107 si\u0119 lepsz\u0105 jako\u015bci\u0105 sygna\u0142u i wi\u0119ksz\u0105 odporno\u015bci\u0105 na zak\u0142\u00f3cenia.<\/p>\n<p><img decoding=\"async\" src=\"https:\/\/b2b.innpro.pl\/data\/include\/cms\/12DJI\/DJI-Goggles-Integra-Motion-Combo\/3.jpg\" border=\"0\" alt=\"12DJI\/DJI-Goggles-Integra-Motion-Combo\/3\" \/><\/p>\n<h3>Odkryj zalety technologii SyncSmooth<\/h3>\n<p>Gogle obs\u0142uguj\u0105 tak\u017ce now\u0105 technologi\u0119 SyncSmooth, kt\u00f3ra odpowiada za niezawodny przesy\u0142 wideo i umo\u017cliwia tworzenie spektakularnych uj\u0119\u0107 nawet podczas wyj\u0105tkowo szybkich lot\u00f3w. Na uwag\u0119 zas\u0142uguje r\u00f3wnie\u017c zoptymalizowany efekt wyr\u00f3wnania ramki wy\u015bwietlacza z ramk\u0105 transmisji, kt\u00f3ry pozwoli\u0142 mi\u0119dzy innymi jeszcze bardziej zmniejszy\u0107 op\u00f3\u017anienie. Co wi\u0119cej, DJI Goggles Integra skutecznie redukuj\u0105 zm\u0119czenie oczu i minimalizuj\u0105 ryzyko zawrot\u00f3w g\u0142owy.<\/p>\n<p><img decoding=\"async\" src=\"https:\/\/b2b.innpro.pl\/data\/include\/cms\/12DJI\/DJI-Goggles-Integra-Motion-Combo\/7.jpg\" border=\"0\" alt=\"12DJI\/DJI-Goggles-Integra-Motion-Combo\/7\" \/><\/p>\n<h3>Eksploruj przestworza z przyjaci\u00f3\u0142mi<\/h3>\n<p>Samotne podr\u00f3\u017ce w przestworzach to za ma\u0142o? Zabierz ze sob\u0105 swoich przyjaci\u00f3\u0142! Po prostu po\u0142\u0105cz DJI Goggles Integra z aplikacj\u0105 DJI Fly, aby w czasie rzeczywistym wy\u015bwietla\u0107 obraz na goglach i smartfonie jednocze\u015bnie. Istnieje r\u00f3wnie\u017c mo\u017cliwo\u015b\u0107 udost\u0119pnienia podgl\u0105du wybranym znajomym. Teraz mo\u017cecie wsp\u00f3lnie eksplorowa\u0107 niebo i do\u015bwiadcza\u0107 niezapomnianych emocji!<\/p>\n<p><img decoding=\"async\" src=\"https:\/\/b2b.innpro.pl\/data\/include\/cms\/12DJI\/DJI-Goggles-Integra-Motion-Combo\/9.jpg\" border=\"0\" alt=\"12DJI\/DJI-Goggles-Integra-Motion-Combo\/9\" \/><\/p>\n<h3>Kontroler DJI RC Motion 2 w zestawie<\/h3>\n<p>Jeszcze ciekawsze do\u015bwiadczenie kontroli? Sterowanie dronem za pomoc\u0105 ruch\u00f3w r\u0119ki? Z wchodz\u0105cym w sk\u0142ad zestawu kontrolerem DJI RC Motion 2 wszystko to jest mo\u017cliwe! Urz\u0105dzenie pozwoli Ci swobodnie startowa\u0107, l\u0105dowa\u0107, przyspiesza\u0107, skr\u0119ca\u0107 i nie tylko. Ulepszony joystick zapewnia niezr\u00f3wnan\u0105 precyzj\u0119, a nowy spust oferuje specjaln\u0105 funkcj\u0119 cofania, kt\u00f3ra u\u0142atwi Ci loty w ciasnych przestrzeniach. Ponadto pokr\u0119t\u0142o FN umo\u017cliwia wygodn\u0105 regulacj\u0119 parametr\u00f3w kamery.<\/p>\n<p><img decoding=\"async\" src=\"https:\/\/b2b.innpro.pl\/data\/include\/cms\/12DJI\/DJI-Goggles-Integra-Motion-Combo\/2.jpg\" border=\"0\" alt=\"12DJI\/DJI-Goggles-Integra-Motion-Combo\/2\" \/><\/p>\n<h3>W zestawie<\/h3>\n<ul>\n<li>DJI Goggles Integra x1<\/li>\n<li>Kabel USB-C OTG x1<\/li>\n<li>Oprawki do DJI Goggles Integra (para) x2<\/li>\n<li>Soczewki korekcyjne do DJI Goggles Integra (para) x11<\/li>\n<li>Opaska na g\u0142ow\u0119 do DJI Goggles Integra x1<\/li>\n<li>\u015aciereczka do czyszczenia x1<\/li>\n<li>DJI RC Motion 2 x1<\/li>\n<li>Smycz x1<\/li>\n<\/ul>\n<div class=\"table-wrapper\">\n<p>\u00a0<\/p>\n<h3>DJI Goggles Integra<\/h3>\n<table>\n<tbody>\n<tr>\n<th>Model<\/th>\n<td>RCDS13<\/td>\n<\/tr>\n<tr>\n<th>Waga<\/th>\n<td>Ok. 410 g (wliczaj\u0105c akumulator)<\/td>\n<\/tr>\n<tr>\n<th>Wymiary (D x S x W)<\/th>\n<td>Anteny z\u0142o\u017cone: 170 x 104 x 74,44 mm;<br \/>Anteny roz\u0142o\u017cone: 205 x 104 x 104 mm;<\/td>\n<\/tr>\n<tr>\n<th>Rozmiar ekranu (jeden ekran)<\/th>\n<td>0,49\u2033<\/td>\n<\/tr>\n<tr>\n<th>Rozdzielczo\u015b\u0107 (jeden ekran)<\/th>\n<td>1920&#215;1080<\/td>\n<\/tr>\n<tr>\n<th>Cz\u0119stotliwo\u015b\u0107 od\u015bwie\u017cania<\/th>\n<td>Do 100 Hz<\/td>\n<\/tr>\n<tr>\n<th>Zakres IPD (rozstaw \u017arenic)<\/th>\n<td>56-72 mm<\/td>\n<\/tr>\n<tr>\n<th>Pole widzenia FOV (jeden ekran)<\/th>\n<td>44\u00b0<\/td>\n<\/tr>\n<tr>\n<th>Format nagrywania wideo<\/th>\n<td>MOV<\/td>\n<\/tr>\n<tr>\n<th>Obs\u0142ugiwane formaty odtwarzania wideo<\/th>\n<td>MP4, MOV (kodeki wideo: H.264, H.265; kodeki audio: AAC, PCM)<\/td>\n<\/tr>\n<tr>\n<th>Temperatura pracy<\/th>\n<td>Od -10\u00b0C do 40\u00b0C (od 14\u00b0F do 104\u00b0F)<\/td>\n<\/tr>\n<tr>\n<th>Zasilanie<\/th>\n<td>Wbudowany akumulator<\/td>\n<\/tr>\n<tr>\n<th>Obs\u0142ugiwane karty SD<\/th>\n<td>microSD (do 512 GB)<\/td>\n<\/tr>\n<tr>\n<th>Zalecane karty microSD<\/th>\n<td>SanDisk Extreme U3 V30 A1 32GB microSDXC, SanDisk Extreme Pro U3 V30 A1 32GB microSDXC, Lexar 1066x U3 V30 A2 64GB microSDXC, Lexar 1066x U3 V30 A2 128GB microSDXC, Lexar 1066x U3 V30 A2 256GB microSDXC, Lexar 1066x U3 V30 A2 512GB microSDXC, Kingston Canvas Go! Plus U3 V30 A2 64GB microSDXC, Kingston Canvas Go! Plus U3 V30 A2 128GB microSDXC, Kingston Canvas React Plus U3 V90 A1 64GB microSDXC, Kingston Canvas React Plus U3 V90 A1 128GB microSDXC, Kingston Canvas React Plus U3 V90 A1 256GB microSDXC, Samsung EVO Plus U3 V30 A2 512GB microSDXC<\/td>\n<\/tr>\n<tr>\n<th>Transmisja wideo<\/th>\n<td>W przypadku korzystania z r\u00f3\u017cnych dron\u00f3w gogle b\u0119d\u0105 automatycznie dostosowywa\u0107 odpowiednie oprogramowanie do specyfikacji transmisji wideo konkretnego urz\u0105dzenia.<\/p>\n<p>DJI Avata: O3+;<\/td>\n<\/tr>\n<tr>\n<th>Cz\u0119stotliwo\u015b\u0107 robocza<\/th>\n<td>2,4000-2,4835 GHz;<br \/>5,725-5,850 GHz;<\/p>\n<p>*Pasmo 5,8 GHz jest obecnie zakazane w niekt\u00f3rych regionach. Szczeg\u00f3\u0142owe informacje znale\u017a\u0107 mo\u017cna w lokalnych przepisach.<\/td>\n<\/tr>\n<tr>\n<th>Moc transmitera (EIRP)<\/th>\n<td>2,4000-2,4835 GHz: &lt; 30 dBm (FCC), &lt; 20 dBm (CE \/ SRRC \/ MIC \/ KC);<br \/>5,725-5,850 GHz: &lt; 30 dBm (FCC), &lt; 23 dBm (SRRC), 14 dBm (CE \/ KC);<\/td>\n<\/tr>\n<tr>\n<th>Op\u00f3\u017anienie transmisji<\/th>\n<td><span>1080p\/100FPS: ok. 30 ms;<br \/>1080p\/60FPS: ok. 40 ms;<\/p>\n<p>*Zmierzono w otwartym \u015brodowisku zewn\u0119trznym bez zak\u0142\u00f3ce\u0144. Rzeczywiste dane mog\u0105 si\u0119 r\u00f3\u017cni\u0107 w zale\u017cno\u015bci od modelu drona.<\/span><\/td>\n<\/tr>\n<tr>\n<th>Maks. zasi\u0119g transmisji<\/th>\n<td>W przypadku korzystania z r\u00f3\u017cnych dron\u00f3w gogle b\u0119d\u0105 automatycznie dostosowywa\u0107 odpowiednie oprogramowanie do specyfikacji transmisji wideo konkretnego urz\u0105dzenia.<\/p>\n<p>DJI Avata: 12 km (FCC), 6 km (CE \/ SRRC \/ MIC);<br \/>DJI O3 Air Unit: 10 km (FCC), 2 km (CE), 6 km (SRRC);<\/p>\n<p>*Zmierzono w otwartym \u015brodowisku zewn\u0119trznym bez zak\u0142\u00f3ce\u0144. Rzeczywiste dane mog\u0105 si\u0119 r\u00f3\u017cni\u0107 w zale\u017cno\u015bci od \u015brodowiska pracy.<\/td>\n<\/tr>\n<tr>\n<th>Maks. bitrate wideo<\/th>\n<td>50 Mbps<\/p>\n<p>*Zmierzono w otwartym \u015brodowisku bez zak\u0142\u00f3ce\u0144. Rzeczywiste dane mog\u0105 si\u0119 r\u00f3\u017cni\u0107 w zale\u017cno\u015bci od \u015brodowiska pracy.<\/td>\n<\/tr>\n<tr>\n<th>Waga<\/th>\n<td>Ok. 185 g (wliczaj\u0105c opask\u0119 na g\u0142ow\u0119)<\/td>\n<\/tr>\n<tr>\n<th>Wymiary (D x S x W)<\/th>\n<td>120 x 48,8 x 71 mm<\/td>\n<\/tr>\n<tr>\n<th>Pojemno\u015b\u0107 akumulatora<\/th>\n<td>2450 mAh<\/td>\n<\/tr>\n<tr>\n<th>Napi\u0119cie akumulatora<\/th>\n<td>5,6-8,4 V<\/td>\n<\/tr>\n<tr>\n<th>Typ akumulatora<\/th>\n<td>Li-ion<\/td>\n<\/tr>\n<tr>\n<th>Sk\u0142ad chemiczny akumulatora<\/th>\n<td>LiNiMnCoO2<\/td>\n<\/tr>\n<tr>\n<th>Energia (akumulator)<\/th>\n<td>17,64 Wh<\/td>\n<\/tr>\n<tr>\n<th>Temperatura \u0142adowania<\/th>\n<td>Od 5\u00b0C do 45\u00b0C (od 41\u00b0F do 113\u00b0F)<\/td>\n<\/tr>\n<tr>\n<th>Maks. moc \u0142adowania<\/th>\n<td>15 W (\u0142adowanie przy wy\u0142\u0105czonym zasilaniu)<\/td>\n<\/tr>\n<tr>\n<th>Czas pracy<\/th>\n<td>Ok. 2 h<\/p>\n<p>*Zmierzono przy temperaturze otoczenia 25\u00b0C (77\u00b0F), jasno\u015bci ekranu ustawionej na 4, po po\u0142\u0105czeniu z dronem DJI Avata, z trybem transmisji wideo ustawionym na 1080p\/100FPS, wy\u0142\u0105czonym \u015bledzeniem ruch\u00f3w g\u0142owy i ca\u0142kowicie na\u0142adowanym akumulatorem gogli (bez zasilania zewn\u0119trznych urz\u0105dze\u0144 takich jak smartfony).<\/td>\n<\/tr>\n<\/tbody>\n<\/table>\n<p>\u00a0<\/p>\n<h3>DJI RC Motion 2<\/h3>\n<table>\n<tbody>\n<tr>\n<th>Model<\/th>\n<td>RM220<\/td>\n<\/tr>\n<tr>\n<th>Waga<\/th>\n<td>Ok. 170 g<\/td>\n<\/tr>\n<tr>\n<th>Cz\u0119stotliwo\u015b\u0107 robocza<\/th>\n<td>2,4000-2,4835 GHz; 5,725-5,850 GHz;<\/p>\n<p>*Pasmo 5,8 GHz jest obecnie zakazane w niekt\u00f3rych pa\u0144stwach i regionach. Szczeg\u00f3\u0142owe informacje znale\u017a\u0107 mo\u017cna w lokalnych przepisach.<\/td>\n<\/tr>\n<tr>\n<th>Moc transmistera (EIRP)<\/th>\n<td>2,400-2,4835 GHz: &lt; 30 dBm (FCC), &lt; 20 dBm (CE \/ SRRC \/ MIC);<br \/>5,725-5,850 GHz: &lt; 30 dBm (FCC), &lt; 23 dBm (SRRC), &lt; 14 dBm (CE);<\/td>\n<\/tr>\n<tr>\n<th>Maks. zasi\u0119g transmisji (bez przeszk\u00f3d, bez zak\u0142\u00f3ce\u0144)<\/th>\n<td>10 km (FCC); 6 km (CE \/ SRRC \/ MIC);<\/p>\n<p>*W przypadku korzystania z r\u00f3\u017cnych dron\u00f3w kontroler automatycznie wybierze odpowiednie oprogramowanie, aby dopasowa\u0107 specyfikacj\u0119 transmisji wideo do konkretnego urz\u0105dzenia. Zmierzono w otwartym \u015brodowisku zewn\u0119trznym bez zak\u0142\u00f3ce\u0144. Rzeczywiste dane mog\u0105 si\u0119 r\u00f3\u017cni\u0107 w zale\u017cno\u015bci od \u015brodowiska pracy.<\/td>\n<\/tr>\n<tr>\n<th>Temperatura pracy<\/th>\n<td>Od -10\u00b0C do 40\u00b0C (od 14\u00b0F do 104\u00b0F)<\/td>\n<\/tr>\n<tr>\n<th>Czas pracy<\/th>\n<td>Ok. 5 h<\/p>\n<p>*Zmierzono przy temperaturze otoczenia 25\u00b0C (77\u00b0F), po po\u0142\u0105czeniu z dronem DJI Avata i w stanie stacjonarnym.<\/td>\n<\/tr>\n<\/tbody>\n<\/table>\n<\/div>\n","protected":false},"excerpt":{"rendered":"<p>DJI Goggles Integra Motion Combo Spe\u0142nij swoje marzenia o lataniu, unie\u015b si\u0119 do chmur i poczuj dreszcz emocji. DJI Goggles<\/p>\n","protected":false},"featured_media":20124,"comment_status":"closed","ping_status":"open","template":"","meta":{"_acf_changed":false},"product_brand":[],"product_cat":[5574,1090,1091,1088,5579,1178],"product_tag":[],"class_list":{"0":"post-20123","1":"product","2":"type-product","3":"status-publish","4":"has-post-thumbnail","6":"product_cat-avata-1","7":"product_cat-akcesoria","8":"product_cat-dji","9":"product_cat-drony","10":"product_cat-gogle","11":"product_cat-nadajniki","12":"pa_box-height-1440","13":"pa_box-length-4171","14":"pa_box-width-4170","15":"pa_gross-weight-4172","16":"pa_hs-code-3119","17":"pa_kompatybilnosc-kontrolery","18":"pa_model-fpv","19":"pa_net-weight-2464","21":"first","22":"outofstock","23":"taxable","24":"shipping-taxable","25":"product-type-simple"},"acf":[],"yoast_head":"<!-- This site is optimized with the Yoast SEO plugin v27.2 - https:\/\/yoast.com\/product\/yoast-seo-wordpress\/ -->\n<title>DJI Goggles Integra Motion Combo - IRONSKY.PL Sklep z Dronami<\/title>\n<meta name=\"description\" content=\"DJI Goggles Integra Motion Combo - \u2705 sklep z dronami i fachowym doradztwem. \u2705 Tutaj kupisz produkty DJI, Yuneec, Parrot, Syma i wiele innych, a tak\u017ce kursy i licencje na operatora drona.\" \/>\n<meta name=\"robots\" content=\"index, follow, max-snippet:-1, max-image-preview:large, max-video-preview:-1\" \/>\n<link rel=\"canonical\" href=\"https:\/\/ironsky.pl\/sklep\/produkt\/dji-goggles-integra-motion-combo\/\" \/>\n<meta property=\"og:locale\" content=\"pl_PL\" \/>\n<meta property=\"og:type\" content=\"article\" \/>\n<meta property=\"og:title\" content=\"DJI Goggles Integra Motion Combo - IRONSKY.PL Sklep z Dronami\" \/>\n<meta property=\"og:description\" content=\"DJI Goggles Integra Motion Combo - \u2705 sklep z dronami i fachowym doradztwem. \u2705 Tutaj kupisz produkty DJI, Yuneec, Parrot, Syma i wiele innych, a tak\u017ce kursy i licencje na operatora drona.\" \/>\n<meta property=\"og:url\" content=\"https:\/\/ironsky.pl\/sklep\/produkt\/dji-goggles-integra-motion-combo\/\" \/>\n<meta property=\"og:site_name\" content=\"IRONSKY.PL Sklep z Dronami\" \/>\n<meta property=\"article:modified_time\" content=\"2026-03-05T14:48:47+00:00\" \/>\n<meta property=\"og:image\" content=\"https:\/\/ironsky.pl\/sklep\/wp-content\/uploads\/2024\/09\/31861_5.jpg\" \/>\n\t<meta property=\"og:image:width\" content=\"800\" \/>\n\t<meta property=\"og:image:height\" content=\"800\" \/>\n\t<meta property=\"og:image:type\" content=\"image\/jpeg\" \/>\n<meta name=\"twitter:card\" content=\"summary_large_image\" \/>\n<meta name=\"twitter:label1\" content=\"Szacowany czas czytania\" \/>\n\t<meta name=\"twitter:data1\" content=\"7 minut\" \/>\n<script type=\"application\/ld+json\" class=\"yoast-schema-graph\">{\"@context\":\"https:\/\/schema.org\",\"@graph\":[{\"@type\":\"WebPage\",\"@id\":\"https:\/\/ironsky.pl\/sklep\/produkt\/dji-goggles-integra-motion-combo\/\",\"url\":\"https:\/\/ironsky.pl\/sklep\/produkt\/dji-goggles-integra-motion-combo\/\",\"name\":\"DJI Goggles Integra Motion Combo - IRONSKY.PL Sklep z Dronami\",\"isPartOf\":{\"@id\":\"https:\/\/ironsky.pl\/sklep\/#website\"},\"primaryImageOfPage\":{\"@id\":\"https:\/\/ironsky.pl\/sklep\/produkt\/dji-goggles-integra-motion-combo\/#primaryimage\"},\"image\":{\"@id\":\"https:\/\/ironsky.pl\/sklep\/produkt\/dji-goggles-integra-motion-combo\/#primaryimage\"},\"thumbnailUrl\":\"https:\/\/ironsky.pl\/sklep\/wp-content\/uploads\/2024\/09\/31861_5.jpg\",\"datePublished\":\"2024-09-16T10:20:18+00:00\",\"dateModified\":\"2026-03-05T14:48:47+00:00\",\"description\":\"DJI Goggles Integra Motion Combo - \u2705 sklep z dronami i fachowym doradztwem. \u2705 Tutaj kupisz produkty DJI, Yuneec, Parrot, Syma i wiele innych, a tak\u017ce kursy i licencje na operatora drona.\",\"breadcrumb\":{\"@id\":\"https:\/\/ironsky.pl\/sklep\/produkt\/dji-goggles-integra-motion-combo\/#breadcrumb\"},\"inLanguage\":\"pl-PL\",\"potentialAction\":[{\"@type\":\"ReadAction\",\"target\":[\"https:\/\/ironsky.pl\/sklep\/produkt\/dji-goggles-integra-motion-combo\/\"]}]},{\"@type\":\"ImageObject\",\"inLanguage\":\"pl-PL\",\"@id\":\"https:\/\/ironsky.pl\/sklep\/produkt\/dji-goggles-integra-motion-combo\/#primaryimage\",\"url\":\"https:\/\/ironsky.pl\/sklep\/wp-content\/uploads\/2024\/09\/31861_5.jpg\",\"contentUrl\":\"https:\/\/ironsky.pl\/sklep\/wp-content\/uploads\/2024\/09\/31861_5.jpg\",\"width\":800,\"height\":800},{\"@type\":\"BreadcrumbList\",\"@id\":\"https:\/\/ironsky.pl\/sklep\/produkt\/dji-goggles-integra-motion-combo\/#breadcrumb\",\"itemListElement\":[{\"@type\":\"ListItem\",\"position\":1,\"name\":\"Strona g\u0142\u00f3wna\",\"item\":\"https:\/\/ironsky.pl\/sklep\/\"},{\"@type\":\"ListItem\",\"position\":2,\"name\":\"Wszystkie produkty\",\"item\":\"https:\/\/ironsky.pl\/sklep\/produkty\/\"},{\"@type\":\"ListItem\",\"position\":3,\"name\":\"DJI Goggles Integra Motion Combo\"}]},{\"@type\":\"WebSite\",\"@id\":\"https:\/\/ironsky.pl\/sklep\/#website\",\"url\":\"https:\/\/ironsky.pl\/sklep\/\",\"name\":\"IRONSKY.PL Sklep z Dronami\",\"description\":\"IRONSKY.PL Sklep z Dronami\",\"potentialAction\":[{\"@type\":\"SearchAction\",\"target\":{\"@type\":\"EntryPoint\",\"urlTemplate\":\"https:\/\/ironsky.pl\/sklep\/?s={search_term_string}\"},\"query-input\":{\"@type\":\"PropertyValueSpecification\",\"valueRequired\":true,\"valueName\":\"search_term_string\"}}],\"inLanguage\":\"pl-PL\"}]}<\/script>\n<!-- \/ Yoast SEO plugin. -->","yoast_head_json":{"title":"DJI Goggles Integra Motion Combo - IRONSKY.PL Sklep z Dronami","description":"DJI Goggles Integra Motion Combo - \u2705 sklep z dronami i fachowym doradztwem. \u2705 Tutaj kupisz produkty DJI, Yuneec, Parrot, Syma i wiele innych, a tak\u017ce kursy i licencje na operatora drona.","robots":{"index":"index","follow":"follow","max-snippet":"max-snippet:-1","max-image-preview":"max-image-preview:large","max-video-preview":"max-video-preview:-1"},"canonical":"https:\/\/ironsky.pl\/sklep\/produkt\/dji-goggles-integra-motion-combo\/","og_locale":"pl_PL","og_type":"article","og_title":"DJI Goggles Integra Motion Combo - IRONSKY.PL Sklep z Dronami","og_description":"DJI Goggles Integra Motion Combo - \u2705 sklep z dronami i fachowym doradztwem. \u2705 Tutaj kupisz produkty DJI, Yuneec, Parrot, Syma i wiele innych, a tak\u017ce kursy i licencje na operatora drona.","og_url":"https:\/\/ironsky.pl\/sklep\/produkt\/dji-goggles-integra-motion-combo\/","og_site_name":"IRONSKY.PL Sklep z Dronami","article_modified_time":"2026-03-05T14:48:47+00:00","og_image":[{"width":800,"height":800,"url":"https:\/\/ironsky.pl\/sklep\/wp-content\/uploads\/2024\/09\/31861_5.jpg","type":"image\/jpeg"}],"twitter_card":"summary_large_image","twitter_misc":{"Szacowany czas czytania":"7 minut"},"schema":{"@context":"https:\/\/schema.org","@graph":[{"@type":"WebPage","@id":"https:\/\/ironsky.pl\/sklep\/produkt\/dji-goggles-integra-motion-combo\/","url":"https:\/\/ironsky.pl\/sklep\/produkt\/dji-goggles-integra-motion-combo\/","name":"DJI Goggles Integra Motion Combo - IRONSKY.PL Sklep z Dronami","isPartOf":{"@id":"https:\/\/ironsky.pl\/sklep\/#website"},"primaryImageOfPage":{"@id":"https:\/\/ironsky.pl\/sklep\/produkt\/dji-goggles-integra-motion-combo\/#primaryimage"},"image":{"@id":"https:\/\/ironsky.pl\/sklep\/produkt\/dji-goggles-integra-motion-combo\/#primaryimage"},"thumbnailUrl":"https:\/\/ironsky.pl\/sklep\/wp-content\/uploads\/2024\/09\/31861_5.jpg","datePublished":"2024-09-16T10:20:18+00:00","dateModified":"2026-03-05T14:48:47+00:00","description":"DJI Goggles Integra Motion Combo - \u2705 sklep z dronami i fachowym doradztwem. \u2705 Tutaj kupisz produkty DJI, Yuneec, Parrot, Syma i wiele innych, a tak\u017ce kursy i licencje na operatora drona.","breadcrumb":{"@id":"https:\/\/ironsky.pl\/sklep\/produkt\/dji-goggles-integra-motion-combo\/#breadcrumb"},"inLanguage":"pl-PL","potentialAction":[{"@type":"ReadAction","target":["https:\/\/ironsky.pl\/sklep\/produkt\/dji-goggles-integra-motion-combo\/"]}]},{"@type":"ImageObject","inLanguage":"pl-PL","@id":"https:\/\/ironsky.pl\/sklep\/produkt\/dji-goggles-integra-motion-combo\/#primaryimage","url":"https:\/\/ironsky.pl\/sklep\/wp-content\/uploads\/2024\/09\/31861_5.jpg","contentUrl":"https:\/\/ironsky.pl\/sklep\/wp-content\/uploads\/2024\/09\/31861_5.jpg","width":800,"height":800},{"@type":"BreadcrumbList","@id":"https:\/\/ironsky.pl\/sklep\/produkt\/dji-goggles-integra-motion-combo\/#breadcrumb","itemListElement":[{"@type":"ListItem","position":1,"name":"Strona g\u0142\u00f3wna","item":"https:\/\/ironsky.pl\/sklep\/"},{"@type":"ListItem","position":2,"name":"Wszystkie produkty","item":"https:\/\/ironsky.pl\/sklep\/produkty\/"},{"@type":"ListItem","position":3,"name":"DJI Goggles Integra Motion Combo"}]},{"@type":"WebSite","@id":"https:\/\/ironsky.pl\/sklep\/#website","url":"https:\/\/ironsky.pl\/sklep\/","name":"IRONSKY.PL Sklep z Dronami","description":"IRONSKY.PL Sklep z Dronami","potentialAction":[{"@type":"SearchAction","target":{"@type":"EntryPoint","urlTemplate":"https:\/\/ironsky.pl\/sklep\/?s={search_term_string}"},"query-input":{"@type":"PropertyValueSpecification","valueRequired":true,"valueName":"search_term_string"}}],"inLanguage":"pl-PL"}]}},"_links":{"self":[{"href":"https:\/\/ironsky.pl\/sklep\/wp-json\/wp\/v2\/product\/20123","targetHints":{"allow":["GET"]}}],"collection":[{"href":"https:\/\/ironsky.pl\/sklep\/wp-json\/wp\/v2\/product"}],"about":[{"href":"https:\/\/ironsky.pl\/sklep\/wp-json\/wp\/v2\/types\/product"}],"replies":[{"embeddable":true,"href":"https:\/\/ironsky.pl\/sklep\/wp-json\/wp\/v2\/comments?post=20123"}],"wp:featuredmedia":[{"embeddable":true,"href":"https:\/\/ironsky.pl\/sklep\/wp-json\/wp\/v2\/media\/20124"}],"wp:attachment":[{"href":"https:\/\/ironsky.pl\/sklep\/wp-json\/wp\/v2\/media?parent=20123"}],"wp:term":[{"taxonomy":"product_brand","embeddable":true,"href":"https:\/\/ironsky.pl\/sklep\/wp-json\/wp\/v2\/product_brand?post=20123"},{"taxonomy":"product_cat","embeddable":true,"href":"https:\/\/ironsky.pl\/sklep\/wp-json\/wp\/v2\/product_cat?post=20123"},{"taxonomy":"product_tag","embeddable":true,"href":"https:\/\/ironsky.pl\/sklep\/wp-json\/wp\/v2\/product_tag?post=20123"}],"curies":[{"name":"wp","href":"https:\/\/api.w.org\/{rel}","templated":true}]}}