{"id":20054,"date":"2024-09-16T12:18:42","date_gmt":"2024-09-16T10:18:42","guid":{"rendered":"http:\/\/gvshalph.pro-linuxpl.com\/ironskyprodukty\/produkt\/hub-ladowania-akumulatorow-tb51-dji-inspire-3\/"},"modified":"2026-05-03T08:54:54","modified_gmt":"2026-05-03T06:54:54","slug":"hub-ladowania-akumulatorow-tb51-dji-inspire-3","status":"publish","type":"product","link":"https:\/\/ironsky.pl\/sklep\/produkt\/hub-ladowania-akumulatorow-tb51-dji-inspire-3\/","title":{"rendered":"Hub \u0142adowania akumulator\u00f3w TB51 DJI Inspire 3"},"content":{"rendered":"<h3>Hub \u0142adowania akumulator\u00f3w\u00a0TB51 DJI Inspire 3<\/h3>\n<p>Zintegrowany, sk\u0142adany hub, kt\u00f3ry w optymalny spos\u00f3b \u0142\u0105czy w sobie wysok\u0105 wydajno\u015b\u0107 i pojemno\u015b\u0107. Umo\u017cliwia przechowywanie nawet 8 akumulator\u00f3w i szybko je \u0142aduje. Co to oznacza w praktyce? W trybie Fast urz\u0105dzenie mo\u017ce na\u0142adowa\u0107 2 akumulatory do 90% w oko\u0142o 35 minut, a 8 akumulator\u00f3w do 100% w oko\u0142o 160 minut. Nie musisz zbyt d\u0142ugo czeka\u0107! Co wi\u0119cej, dodatkowy port USB-C 65 W pozwala \u0142adowa\u0107 aparatur\u0119 steruj\u0105c\u0105 DJI RC Plus.<\/p>\n<p><img decoding=\"async\" src=\"https:\/\/b2b.innpro.pl\/data\/include\/cms\/12DJI\/Hub-ladowania-akumulatorow-DJI-Inspire-3-TB51\/1.jpg\" border=\"0\" alt=\"12DJI\/Hub-ladowania-akumulatorow-DJI-Inspire-3-TB51\/1\" \/><\/p>\n<h3>W zestawie<\/h3>\n<ul>\n<li>Hub do \u0142adowania akumulator\u00f3w TB51<\/li>\n<\/ul>\n<div class=\"table-wrapper\">\n<table>\n<tbody>\n<tr>\n<th>Producent<\/th>\n<td>DJI<\/td>\n<\/tr>\n<tr>\n<th>Nazwa<\/th>\n<td>DJI TB51 Intelligent Charging Hub<\/td>\n<\/tr>\n<tr>\n<th>Model<\/th>\n<td>CP.IN.00000036.01<\/td>\n<\/tr>\n<tr>\n<th>Kompatybilno\u015b\u0107<\/th>\n<td>Akumulatory TB51 do DJI Inspire 3<\/td>\n<\/tr>\n<tr>\n<th>Maks. liczba \u0142adowanych \/ przechowywanych akumulator\u00f3w<\/th>\n<td>8<\/td>\n<\/tr>\n<\/tbody>\n<\/table>\n<\/div>\n","protected":false},"excerpt":{"rendered":"<p>Hub \u0142adowania akumulator\u00f3w\u00a0TB51 DJI Inspire 3 Zintegrowany, sk\u0142adany hub, kt\u00f3ry w optymalny spos\u00f3b \u0142\u0105czy w sobie wysok\u0105 wydajno\u015b\u0107 i pojemno\u015b\u0107.<\/p>\n","protected":false},"featured_media":20055,"comment_status":"closed","ping_status":"open","template":"","meta":{"_acf_changed":false},"product_brand":[],"product_cat":[5581,1090,1091,6093,1089,1088],"product_tag":[],"class_list":{"0":"post-20054","1":"product","2":"type-product","3":"status-publish","4":"has-post-thumbnail","6":"product_cat-inspire-3","7":"product_cat-akcesoria","8":"product_cat-dji","9":"product_cat-baterie-do-dronow","10":"product_cat-czesci-zamienne-do-dronow","11":"product_cat-drony","12":"pa_box-height-4128","13":"pa_box-length-4129","14":"pa_box-width-1673","15":"pa_gross-weight-1358","16":"pa_hs-code-1335","17":"pa_kompatybilnosc-kable-i-ladowarki","18":"pa_net-weight-4127","19":"pa_producent-dji","21":"first","22":"instock","23":"taxable","24":"shipping-taxable","25":"purchasable","26":"product-type-simple"},"acf":[],"yoast_head":"<!-- This site is optimized with the Yoast SEO plugin v27.2 - https:\/\/yoast.com\/product\/yoast-seo-wordpress\/ -->\n<title>Hub \u0142adowania akumulator\u00f3w TB51 DJI Inspire 3 - IRONSKY.PL Sklep z Dronami<\/title>\n<meta name=\"description\" content=\"Hub \u0142adowania akumulator\u00f3w TB51 DJI Inspire 3 - \u2705 sklep z dronami i fachowym doradztwem. \u2705 Tutaj kupisz produkty DJI, Yuneec, Parrot, Syma i wiele innych, a tak\u017ce kursy i licencje na operatora drona.\" \/>\n<meta name=\"robots\" content=\"index, follow, max-snippet:-1, max-image-preview:large, max-video-preview:-1\" \/>\n<link rel=\"canonical\" href=\"https:\/\/ironsky.pl\/sklep\/produkt\/hub-ladowania-akumulatorow-tb51-dji-inspire-3\/\" \/>\n<meta property=\"og:locale\" content=\"pl_PL\" \/>\n<meta property=\"og:type\" content=\"article\" \/>\n<meta property=\"og:title\" content=\"Hub \u0142adowania akumulator\u00f3w TB51 DJI Inspire 3 - IRONSKY.PL Sklep z Dronami\" \/>\n<meta property=\"og:description\" content=\"Hub \u0142adowania akumulator\u00f3w TB51 DJI Inspire 3 - \u2705 sklep z dronami i fachowym doradztwem. \u2705 Tutaj kupisz produkty DJI, Yuneec, Parrot, Syma i wiele innych, a tak\u017ce kursy i licencje na operatora drona.\" \/>\n<meta property=\"og:url\" content=\"https:\/\/ironsky.pl\/sklep\/produkt\/hub-ladowania-akumulatorow-tb51-dji-inspire-3\/\" \/>\n<meta property=\"og:site_name\" content=\"IRONSKY.PL Sklep z Dronami\" \/>\n<meta property=\"article:modified_time\" content=\"2026-05-03T06:54:54+00:00\" \/>\n<meta property=\"og:image\" content=\"https:\/\/ironsky.pl\/sklep\/wp-content\/uploads\/2024\/09\/31487_1.jpg\" \/>\n\t<meta property=\"og:image:width\" content=\"800\" \/>\n\t<meta property=\"og:image:height\" content=\"800\" \/>\n\t<meta property=\"og:image:type\" content=\"image\/jpeg\" \/>\n<meta name=\"twitter:card\" content=\"summary_large_image\" \/>\n<meta name=\"twitter:label1\" content=\"Szacowany czas czytania\" \/>\n\t<meta name=\"twitter:data1\" content=\"1 minuta\" \/>\n<script type=\"application\/ld+json\" class=\"yoast-schema-graph\">{\"@context\":\"https:\/\/schema.org\",\"@graph\":[{\"@type\":\"WebPage\",\"@id\":\"https:\/\/ironsky.pl\/sklep\/produkt\/hub-ladowania-akumulatorow-tb51-dji-inspire-3\/\",\"url\":\"https:\/\/ironsky.pl\/sklep\/produkt\/hub-ladowania-akumulatorow-tb51-dji-inspire-3\/\",\"name\":\"Hub \u0142adowania akumulator\u00f3w TB51 DJI Inspire 3 - IRONSKY.PL Sklep z Dronami\",\"isPartOf\":{\"@id\":\"https:\/\/ironsky.pl\/sklep\/#website\"},\"primaryImageOfPage\":{\"@id\":\"https:\/\/ironsky.pl\/sklep\/produkt\/hub-ladowania-akumulatorow-tb51-dji-inspire-3\/#primaryimage\"},\"image\":{\"@id\":\"https:\/\/ironsky.pl\/sklep\/produkt\/hub-ladowania-akumulatorow-tb51-dji-inspire-3\/#primaryimage\"},\"thumbnailUrl\":\"https:\/\/ironsky.pl\/sklep\/wp-content\/uploads\/2024\/09\/31487_1.jpg\",\"datePublished\":\"2024-09-16T10:18:42+00:00\",\"dateModified\":\"2026-05-03T06:54:54+00:00\",\"description\":\"Hub \u0142adowania akumulator\u00f3w TB51 DJI Inspire 3 - \u2705 sklep z dronami i fachowym doradztwem. \u2705 Tutaj kupisz produkty DJI, Yuneec, Parrot, Syma i wiele innych, a tak\u017ce kursy i licencje na operatora drona.\",\"breadcrumb\":{\"@id\":\"https:\/\/ironsky.pl\/sklep\/produkt\/hub-ladowania-akumulatorow-tb51-dji-inspire-3\/#breadcrumb\"},\"inLanguage\":\"pl-PL\",\"potentialAction\":[{\"@type\":\"ReadAction\",\"target\":[\"https:\/\/ironsky.pl\/sklep\/produkt\/hub-ladowania-akumulatorow-tb51-dji-inspire-3\/\"]}]},{\"@type\":\"ImageObject\",\"inLanguage\":\"pl-PL\",\"@id\":\"https:\/\/ironsky.pl\/sklep\/produkt\/hub-ladowania-akumulatorow-tb51-dji-inspire-3\/#primaryimage\",\"url\":\"https:\/\/ironsky.pl\/sklep\/wp-content\/uploads\/2024\/09\/31487_1.jpg\",\"contentUrl\":\"https:\/\/ironsky.pl\/sklep\/wp-content\/uploads\/2024\/09\/31487_1.jpg\",\"width\":800,\"height\":800},{\"@type\":\"BreadcrumbList\",\"@id\":\"https:\/\/ironsky.pl\/sklep\/produkt\/hub-ladowania-akumulatorow-tb51-dji-inspire-3\/#breadcrumb\",\"itemListElement\":[{\"@type\":\"ListItem\",\"position\":1,\"name\":\"Strona g\u0142\u00f3wna\",\"item\":\"https:\/\/ironsky.pl\/sklep\/\"},{\"@type\":\"ListItem\",\"position\":2,\"name\":\"Wszystkie produkty\",\"item\":\"https:\/\/ironsky.pl\/sklep\/produkty\/\"},{\"@type\":\"ListItem\",\"position\":3,\"name\":\"Hub \u0142adowania akumulator\u00f3w TB51 DJI Inspire 3\"}]},{\"@type\":\"WebSite\",\"@id\":\"https:\/\/ironsky.pl\/sklep\/#website\",\"url\":\"https:\/\/ironsky.pl\/sklep\/\",\"name\":\"IRONSKY.PL Sklep z Dronami\",\"description\":\"IRONSKY.PL Sklep z Dronami\",\"potentialAction\":[{\"@type\":\"SearchAction\",\"target\":{\"@type\":\"EntryPoint\",\"urlTemplate\":\"https:\/\/ironsky.pl\/sklep\/?s={search_term_string}\"},\"query-input\":{\"@type\":\"PropertyValueSpecification\",\"valueRequired\":true,\"valueName\":\"search_term_string\"}}],\"inLanguage\":\"pl-PL\"}]}<\/script>\n<!-- \/ Yoast SEO plugin. -->","yoast_head_json":{"title":"Hub \u0142adowania akumulator\u00f3w TB51 DJI Inspire 3 - IRONSKY.PL Sklep z Dronami","description":"Hub \u0142adowania akumulator\u00f3w TB51 DJI Inspire 3 - \u2705 sklep z dronami i fachowym doradztwem. \u2705 Tutaj kupisz produkty DJI, Yuneec, Parrot, Syma i wiele innych, a tak\u017ce kursy i licencje na operatora drona.","robots":{"index":"index","follow":"follow","max-snippet":"max-snippet:-1","max-image-preview":"max-image-preview:large","max-video-preview":"max-video-preview:-1"},"canonical":"https:\/\/ironsky.pl\/sklep\/produkt\/hub-ladowania-akumulatorow-tb51-dji-inspire-3\/","og_locale":"pl_PL","og_type":"article","og_title":"Hub \u0142adowania akumulator\u00f3w TB51 DJI Inspire 3 - IRONSKY.PL Sklep z Dronami","og_description":"Hub \u0142adowania akumulator\u00f3w TB51 DJI Inspire 3 - \u2705 sklep z dronami i fachowym doradztwem. \u2705 Tutaj kupisz produkty DJI, Yuneec, Parrot, Syma i wiele innych, a tak\u017ce kursy i licencje na operatora drona.","og_url":"https:\/\/ironsky.pl\/sklep\/produkt\/hub-ladowania-akumulatorow-tb51-dji-inspire-3\/","og_site_name":"IRONSKY.PL Sklep z Dronami","article_modified_time":"2026-05-03T06:54:54+00:00","og_image":[{"width":800,"height":800,"url":"https:\/\/ironsky.pl\/sklep\/wp-content\/uploads\/2024\/09\/31487_1.jpg","type":"image\/jpeg"}],"twitter_card":"summary_large_image","twitter_misc":{"Szacowany czas czytania":"1 minuta"},"schema":{"@context":"https:\/\/schema.org","@graph":[{"@type":"WebPage","@id":"https:\/\/ironsky.pl\/sklep\/produkt\/hub-ladowania-akumulatorow-tb51-dji-inspire-3\/","url":"https:\/\/ironsky.pl\/sklep\/produkt\/hub-ladowania-akumulatorow-tb51-dji-inspire-3\/","name":"Hub \u0142adowania akumulator\u00f3w TB51 DJI Inspire 3 - IRONSKY.PL Sklep z Dronami","isPartOf":{"@id":"https:\/\/ironsky.pl\/sklep\/#website"},"primaryImageOfPage":{"@id":"https:\/\/ironsky.pl\/sklep\/produkt\/hub-ladowania-akumulatorow-tb51-dji-inspire-3\/#primaryimage"},"image":{"@id":"https:\/\/ironsky.pl\/sklep\/produkt\/hub-ladowania-akumulatorow-tb51-dji-inspire-3\/#primaryimage"},"thumbnailUrl":"https:\/\/ironsky.pl\/sklep\/wp-content\/uploads\/2024\/09\/31487_1.jpg","datePublished":"2024-09-16T10:18:42+00:00","dateModified":"2026-05-03T06:54:54+00:00","description":"Hub \u0142adowania akumulator\u00f3w TB51 DJI Inspire 3 - \u2705 sklep z dronami i fachowym doradztwem. \u2705 Tutaj kupisz produkty DJI, Yuneec, Parrot, Syma i wiele innych, a tak\u017ce kursy i licencje na operatora drona.","breadcrumb":{"@id":"https:\/\/ironsky.pl\/sklep\/produkt\/hub-ladowania-akumulatorow-tb51-dji-inspire-3\/#breadcrumb"},"inLanguage":"pl-PL","potentialAction":[{"@type":"ReadAction","target":["https:\/\/ironsky.pl\/sklep\/produkt\/hub-ladowania-akumulatorow-tb51-dji-inspire-3\/"]}]},{"@type":"ImageObject","inLanguage":"pl-PL","@id":"https:\/\/ironsky.pl\/sklep\/produkt\/hub-ladowania-akumulatorow-tb51-dji-inspire-3\/#primaryimage","url":"https:\/\/ironsky.pl\/sklep\/wp-content\/uploads\/2024\/09\/31487_1.jpg","contentUrl":"https:\/\/ironsky.pl\/sklep\/wp-content\/uploads\/2024\/09\/31487_1.jpg","width":800,"height":800},{"@type":"BreadcrumbList","@id":"https:\/\/ironsky.pl\/sklep\/produkt\/hub-ladowania-akumulatorow-tb51-dji-inspire-3\/#breadcrumb","itemListElement":[{"@type":"ListItem","position":1,"name":"Strona g\u0142\u00f3wna","item":"https:\/\/ironsky.pl\/sklep\/"},{"@type":"ListItem","position":2,"name":"Wszystkie produkty","item":"https:\/\/ironsky.pl\/sklep\/produkty\/"},{"@type":"ListItem","position":3,"name":"Hub \u0142adowania akumulator\u00f3w TB51 DJI Inspire 3"}]},{"@type":"WebSite","@id":"https:\/\/ironsky.pl\/sklep\/#website","url":"https:\/\/ironsky.pl\/sklep\/","name":"IRONSKY.PL Sklep z Dronami","description":"IRONSKY.PL Sklep z Dronami","potentialAction":[{"@type":"SearchAction","target":{"@type":"EntryPoint","urlTemplate":"https:\/\/ironsky.pl\/sklep\/?s={search_term_string}"},"query-input":{"@type":"PropertyValueSpecification","valueRequired":true,"valueName":"search_term_string"}}],"inLanguage":"pl-PL"}]}},"_links":{"self":[{"href":"https:\/\/ironsky.pl\/sklep\/wp-json\/wp\/v2\/product\/20054","targetHints":{"allow":["GET"]}}],"collection":[{"href":"https:\/\/ironsky.pl\/sklep\/wp-json\/wp\/v2\/product"}],"about":[{"href":"https:\/\/ironsky.pl\/sklep\/wp-json\/wp\/v2\/types\/product"}],"replies":[{"embeddable":true,"href":"https:\/\/ironsky.pl\/sklep\/wp-json\/wp\/v2\/comments?post=20054"}],"wp:featuredmedia":[{"embeddable":true,"href":"https:\/\/ironsky.pl\/sklep\/wp-json\/wp\/v2\/media\/20055"}],"wp:attachment":[{"href":"https:\/\/ironsky.pl\/sklep\/wp-json\/wp\/v2\/media?parent=20054"}],"wp:term":[{"taxonomy":"product_brand","embeddable":true,"href":"https:\/\/ironsky.pl\/sklep\/wp-json\/wp\/v2\/product_brand?post=20054"},{"taxonomy":"product_cat","embeddable":true,"href":"https:\/\/ironsky.pl\/sklep\/wp-json\/wp\/v2\/product_cat?post=20054"},{"taxonomy":"product_tag","embeddable":true,"href":"https:\/\/ironsky.pl\/sklep\/wp-json\/wp\/v2\/product_tag?post=20054"}],"curies":[{"name":"wp","href":"https:\/\/api.w.org\/{rel}","templated":true}]}}