{"id":20048,"date":"2024-09-16T12:18:42","date_gmt":"2024-09-16T10:18:42","guid":{"rendered":"http:\/\/gvshalph.pro-linuxpl.com\/ironskyprodukty\/produkt\/bateria-akumulator-dji-inspire-3-tb51\/"},"modified":"2026-05-02T10:54:54","modified_gmt":"2026-05-02T08:54:54","slug":"bateria-akumulator-dji-inspire-3-tb51","status":"publish","type":"product","link":"https:\/\/ironsky.pl\/sklep\/produkt\/bateria-akumulator-dji-inspire-3-tb51\/","title":{"rendered":"Bateria akumulator DJI Inspire 3 TB51"},"content":{"rendered":"<h3>Bateria akumulator DJI Inspire 3 TB51<\/h3>\n<p>Akumulator dedykowany dronom DJI Inspire 3. Zosta\u0142 wyposa\u017cony w energooszcz\u0119dne ogniwa i korzysta z zaawansowanego systemu BMS, a jego pojemno\u015b\u0107 wynosi 4280 mAh. Dzi\u0119ki temu mo\u017ce zapewni\u0107 d\u0142ugi czas pracy i wyr\u00f3\u017cnia si\u0119 imponuj\u0105c\u0105 \u017cywotno\u015bci\u0105! Co wi\u0119cej, funkcja automatycznego ogrzewania sprawia, \u017ce akumulator \u015bwietnie sprawdza si\u0119 r\u00f3wnie\u017c przy niskich temperaturach.<\/p>\n<p><img decoding=\"async\" src=\"https:\/\/b2b.innpro.pl\/data\/include\/cms\/12DJI\/Bateria-akumulator-DJI-Inspire-3-TB51\/1.jpg\" alt=\"12DJI\/Bateria-akumulator-DJI-Inspire-3-TB51\/1\"><\/p>\n<h3>W zestawie<\/h3>\n<ul>\n<li>Akumulator TB51<\/li>\n<li>Naklejka<\/li>\n<\/ul>\n<div class=\"table-wrapper\">\n<table>\n<tbody>\n<tr>\n<th>Producent<\/th>\n<td>DJI<\/td>\n<\/tr>\n<tr>\n<th>Nazwa<\/th>\n<td>DJI TB51 Intelligent Battery<\/td>\n<\/tr>\n<tr>\n<th>Model<\/th>\n<td>CP.IN.00000047.01<\/td>\n<\/tr>\n<tr>\n<th>Pojemno\u015b\u0107<\/th>\n<td>4280 mAh<\/td>\n<\/tr>\n<tr>\n<th>Napi\u0119cie nominalne<\/th>\n<td>23,1 V<\/td>\n<\/tr>\n<tr>\n<th>Energia<\/th>\n<td>98,8 Wh<\/td>\n<\/tr>\n<tr>\n<th>Waga<\/th>\n<td>Ok. 470 g<\/td>\n<\/tr>\n<tr>\n<th>Temperatura pracy<\/th>\n<td>Od -20\u00b0C do 40\u00b0C<\/td>\n<\/tr>\n<tr>\n<th>Kompatybilno\u015b\u0107<\/th>\n<td>DJI Inspire 3<\/td>\n<\/tr>\n<\/tbody>\n<\/table>\n<\/div>\n","protected":false},"excerpt":{"rendered":"<p>Bateria akumulator DJI Inspire 3 TB51 Akumulator dedykowany dronom DJI Inspire 3. Zosta\u0142 wyposa\u017cony w energooszcz\u0119dne ogniwa i korzysta z<\/p>\n","protected":false},"featured_media":20049,"comment_status":"closed","ping_status":"open","template":"","meta":{"_acf_changed":false},"product_brand":[],"product_cat":[5581,1090,1091,6093,1089,1088],"product_tag":[],"class_list":{"0":"post-20048","1":"product","2":"type-product","3":"status-publish","4":"has-post-thumbnail","6":"product_cat-inspire-3","7":"product_cat-akcesoria","8":"product_cat-dji","9":"product_cat-baterie-do-dronow","10":"product_cat-czesci-zamienne-do-dronow","11":"product_cat-drony","12":"pa_box-height-1363","13":"pa_box-length-1787","14":"pa_box-width-1528","15":"pa_gross-weight-2107","16":"pa_hs-code-1427","17":"pa_kompatybilnosc-akumulatory","18":"pa_model-inspire","19":"pa_net-weight-3928","20":"pa_producent-dji","22":"first","23":"instock","24":"taxable","25":"shipping-taxable","26":"purchasable","27":"product-type-simple"},"acf":[],"yoast_head":"<!-- This site is optimized with the Yoast SEO plugin v27.2 - https:\/\/yoast.com\/product\/yoast-seo-wordpress\/ -->\n<title>Bateria akumulator DJI Inspire 3 TB51 - IRONSKY.PL Sklep z Dronami<\/title>\n<meta name=\"description\" content=\"Bateria akumulator DJI Inspire 3 TB51 - \u2705 sklep z dronami i fachowym doradztwem. \u2705 Tutaj kupisz produkty DJI, Yuneec, Parrot, Syma i wiele innych, a tak\u017ce kursy i licencje na operatora drona.\" \/>\n<meta name=\"robots\" content=\"index, follow, max-snippet:-1, max-image-preview:large, max-video-preview:-1\" \/>\n<link rel=\"canonical\" href=\"https:\/\/ironsky.pl\/sklep\/produkt\/bateria-akumulator-dji-inspire-3-tb51\/\" \/>\n<meta property=\"og:locale\" content=\"pl_PL\" \/>\n<meta property=\"og:type\" content=\"article\" \/>\n<meta property=\"og:title\" content=\"Bateria akumulator DJI Inspire 3 TB51 - IRONSKY.PL Sklep z Dronami\" \/>\n<meta property=\"og:description\" content=\"Bateria akumulator DJI Inspire 3 TB51 - \u2705 sklep z dronami i fachowym doradztwem. \u2705 Tutaj kupisz produkty DJI, Yuneec, Parrot, Syma i wiele innych, a tak\u017ce kursy i licencje na operatora drona.\" \/>\n<meta property=\"og:url\" content=\"https:\/\/ironsky.pl\/sklep\/produkt\/bateria-akumulator-dji-inspire-3-tb51\/\" \/>\n<meta property=\"og:site_name\" content=\"IRONSKY.PL Sklep z Dronami\" \/>\n<meta property=\"article:modified_time\" content=\"2026-05-02T08:54:54+00:00\" \/>\n<meta property=\"og:image\" content=\"https:\/\/ironsky.pl\/sklep\/wp-content\/uploads\/2024\/09\/31485_1.jpg\" \/>\n\t<meta property=\"og:image:width\" content=\"800\" \/>\n\t<meta property=\"og:image:height\" content=\"800\" \/>\n\t<meta property=\"og:image:type\" content=\"image\/jpeg\" \/>\n<meta name=\"twitter:card\" content=\"summary_large_image\" \/>\n<script type=\"application\/ld+json\" class=\"yoast-schema-graph\">{\"@context\":\"https:\/\/schema.org\",\"@graph\":[{\"@type\":\"WebPage\",\"@id\":\"https:\/\/ironsky.pl\/sklep\/produkt\/bateria-akumulator-dji-inspire-3-tb51\/\",\"url\":\"https:\/\/ironsky.pl\/sklep\/produkt\/bateria-akumulator-dji-inspire-3-tb51\/\",\"name\":\"Bateria akumulator DJI Inspire 3 TB51 - IRONSKY.PL Sklep z Dronami\",\"isPartOf\":{\"@id\":\"https:\/\/ironsky.pl\/sklep\/#website\"},\"primaryImageOfPage\":{\"@id\":\"https:\/\/ironsky.pl\/sklep\/produkt\/bateria-akumulator-dji-inspire-3-tb51\/#primaryimage\"},\"image\":{\"@id\":\"https:\/\/ironsky.pl\/sklep\/produkt\/bateria-akumulator-dji-inspire-3-tb51\/#primaryimage\"},\"thumbnailUrl\":\"https:\/\/ironsky.pl\/sklep\/wp-content\/uploads\/2024\/09\/31485_1.jpg\",\"datePublished\":\"2024-09-16T10:18:42+00:00\",\"dateModified\":\"2026-05-02T08:54:54+00:00\",\"description\":\"Bateria akumulator DJI Inspire 3 TB51 - \u2705 sklep z dronami i fachowym doradztwem. \u2705 Tutaj kupisz produkty DJI, Yuneec, Parrot, Syma i wiele innych, a tak\u017ce kursy i licencje na operatora drona.\",\"breadcrumb\":{\"@id\":\"https:\/\/ironsky.pl\/sklep\/produkt\/bateria-akumulator-dji-inspire-3-tb51\/#breadcrumb\"},\"inLanguage\":\"pl-PL\",\"potentialAction\":[{\"@type\":\"ReadAction\",\"target\":[\"https:\/\/ironsky.pl\/sklep\/produkt\/bateria-akumulator-dji-inspire-3-tb51\/\"]}]},{\"@type\":\"ImageObject\",\"inLanguage\":\"pl-PL\",\"@id\":\"https:\/\/ironsky.pl\/sklep\/produkt\/bateria-akumulator-dji-inspire-3-tb51\/#primaryimage\",\"url\":\"https:\/\/ironsky.pl\/sklep\/wp-content\/uploads\/2024\/09\/31485_1.jpg\",\"contentUrl\":\"https:\/\/ironsky.pl\/sklep\/wp-content\/uploads\/2024\/09\/31485_1.jpg\",\"width\":800,\"height\":800},{\"@type\":\"BreadcrumbList\",\"@id\":\"https:\/\/ironsky.pl\/sklep\/produkt\/bateria-akumulator-dji-inspire-3-tb51\/#breadcrumb\",\"itemListElement\":[{\"@type\":\"ListItem\",\"position\":1,\"name\":\"Strona g\u0142\u00f3wna\",\"item\":\"https:\/\/ironsky.pl\/sklep\/\"},{\"@type\":\"ListItem\",\"position\":2,\"name\":\"Wszystkie produkty\",\"item\":\"https:\/\/ironsky.pl\/sklep\/produkty\/\"},{\"@type\":\"ListItem\",\"position\":3,\"name\":\"Bateria akumulator DJI Inspire 3 TB51\"}]},{\"@type\":\"WebSite\",\"@id\":\"https:\/\/ironsky.pl\/sklep\/#website\",\"url\":\"https:\/\/ironsky.pl\/sklep\/\",\"name\":\"IRONSKY.PL Sklep z Dronami\",\"description\":\"IRONSKY.PL Sklep z Dronami\",\"potentialAction\":[{\"@type\":\"SearchAction\",\"target\":{\"@type\":\"EntryPoint\",\"urlTemplate\":\"https:\/\/ironsky.pl\/sklep\/?s={search_term_string}\"},\"query-input\":{\"@type\":\"PropertyValueSpecification\",\"valueRequired\":true,\"valueName\":\"search_term_string\"}}],\"inLanguage\":\"pl-PL\"}]}<\/script>\n<!-- \/ Yoast SEO plugin. -->","yoast_head_json":{"title":"Bateria akumulator DJI Inspire 3 TB51 - IRONSKY.PL Sklep z Dronami","description":"Bateria akumulator DJI Inspire 3 TB51 - \u2705 sklep z dronami i fachowym doradztwem. \u2705 Tutaj kupisz produkty DJI, Yuneec, Parrot, Syma i wiele innych, a tak\u017ce kursy i licencje na operatora drona.","robots":{"index":"index","follow":"follow","max-snippet":"max-snippet:-1","max-image-preview":"max-image-preview:large","max-video-preview":"max-video-preview:-1"},"canonical":"https:\/\/ironsky.pl\/sklep\/produkt\/bateria-akumulator-dji-inspire-3-tb51\/","og_locale":"pl_PL","og_type":"article","og_title":"Bateria akumulator DJI Inspire 3 TB51 - IRONSKY.PL Sklep z Dronami","og_description":"Bateria akumulator DJI Inspire 3 TB51 - \u2705 sklep z dronami i fachowym doradztwem. \u2705 Tutaj kupisz produkty DJI, Yuneec, Parrot, Syma i wiele innych, a tak\u017ce kursy i licencje na operatora drona.","og_url":"https:\/\/ironsky.pl\/sklep\/produkt\/bateria-akumulator-dji-inspire-3-tb51\/","og_site_name":"IRONSKY.PL Sklep z Dronami","article_modified_time":"2026-05-02T08:54:54+00:00","og_image":[{"width":800,"height":800,"url":"https:\/\/ironsky.pl\/sklep\/wp-content\/uploads\/2024\/09\/31485_1.jpg","type":"image\/jpeg"}],"twitter_card":"summary_large_image","schema":{"@context":"https:\/\/schema.org","@graph":[{"@type":"WebPage","@id":"https:\/\/ironsky.pl\/sklep\/produkt\/bateria-akumulator-dji-inspire-3-tb51\/","url":"https:\/\/ironsky.pl\/sklep\/produkt\/bateria-akumulator-dji-inspire-3-tb51\/","name":"Bateria akumulator DJI Inspire 3 TB51 - IRONSKY.PL Sklep z Dronami","isPartOf":{"@id":"https:\/\/ironsky.pl\/sklep\/#website"},"primaryImageOfPage":{"@id":"https:\/\/ironsky.pl\/sklep\/produkt\/bateria-akumulator-dji-inspire-3-tb51\/#primaryimage"},"image":{"@id":"https:\/\/ironsky.pl\/sklep\/produkt\/bateria-akumulator-dji-inspire-3-tb51\/#primaryimage"},"thumbnailUrl":"https:\/\/ironsky.pl\/sklep\/wp-content\/uploads\/2024\/09\/31485_1.jpg","datePublished":"2024-09-16T10:18:42+00:00","dateModified":"2026-05-02T08:54:54+00:00","description":"Bateria akumulator DJI Inspire 3 TB51 - \u2705 sklep z dronami i fachowym doradztwem. \u2705 Tutaj kupisz produkty DJI, Yuneec, Parrot, Syma i wiele innych, a tak\u017ce kursy i licencje na operatora drona.","breadcrumb":{"@id":"https:\/\/ironsky.pl\/sklep\/produkt\/bateria-akumulator-dji-inspire-3-tb51\/#breadcrumb"},"inLanguage":"pl-PL","potentialAction":[{"@type":"ReadAction","target":["https:\/\/ironsky.pl\/sklep\/produkt\/bateria-akumulator-dji-inspire-3-tb51\/"]}]},{"@type":"ImageObject","inLanguage":"pl-PL","@id":"https:\/\/ironsky.pl\/sklep\/produkt\/bateria-akumulator-dji-inspire-3-tb51\/#primaryimage","url":"https:\/\/ironsky.pl\/sklep\/wp-content\/uploads\/2024\/09\/31485_1.jpg","contentUrl":"https:\/\/ironsky.pl\/sklep\/wp-content\/uploads\/2024\/09\/31485_1.jpg","width":800,"height":800},{"@type":"BreadcrumbList","@id":"https:\/\/ironsky.pl\/sklep\/produkt\/bateria-akumulator-dji-inspire-3-tb51\/#breadcrumb","itemListElement":[{"@type":"ListItem","position":1,"name":"Strona g\u0142\u00f3wna","item":"https:\/\/ironsky.pl\/sklep\/"},{"@type":"ListItem","position":2,"name":"Wszystkie produkty","item":"https:\/\/ironsky.pl\/sklep\/produkty\/"},{"@type":"ListItem","position":3,"name":"Bateria akumulator DJI Inspire 3 TB51"}]},{"@type":"WebSite","@id":"https:\/\/ironsky.pl\/sklep\/#website","url":"https:\/\/ironsky.pl\/sklep\/","name":"IRONSKY.PL Sklep z Dronami","description":"IRONSKY.PL Sklep z Dronami","potentialAction":[{"@type":"SearchAction","target":{"@type":"EntryPoint","urlTemplate":"https:\/\/ironsky.pl\/sklep\/?s={search_term_string}"},"query-input":{"@type":"PropertyValueSpecification","valueRequired":true,"valueName":"search_term_string"}}],"inLanguage":"pl-PL"}]}},"_links":{"self":[{"href":"https:\/\/ironsky.pl\/sklep\/wp-json\/wp\/v2\/product\/20048","targetHints":{"allow":["GET"]}}],"collection":[{"href":"https:\/\/ironsky.pl\/sklep\/wp-json\/wp\/v2\/product"}],"about":[{"href":"https:\/\/ironsky.pl\/sklep\/wp-json\/wp\/v2\/types\/product"}],"replies":[{"embeddable":true,"href":"https:\/\/ironsky.pl\/sklep\/wp-json\/wp\/v2\/comments?post=20048"}],"wp:featuredmedia":[{"embeddable":true,"href":"https:\/\/ironsky.pl\/sklep\/wp-json\/wp\/v2\/media\/20049"}],"wp:attachment":[{"href":"https:\/\/ironsky.pl\/sklep\/wp-json\/wp\/v2\/media?parent=20048"}],"wp:term":[{"taxonomy":"product_brand","embeddable":true,"href":"https:\/\/ironsky.pl\/sklep\/wp-json\/wp\/v2\/product_brand?post=20048"},{"taxonomy":"product_cat","embeddable":true,"href":"https:\/\/ironsky.pl\/sklep\/wp-json\/wp\/v2\/product_cat?post=20048"},{"taxonomy":"product_tag","embeddable":true,"href":"https:\/\/ironsky.pl\/sklep\/wp-json\/wp\/v2\/product_tag?post=20048"}],"curies":[{"name":"wp","href":"https:\/\/api.w.org\/{rel}","templated":true}]}}