{"id":19919,"date":"2024-09-16T12:17:05","date_gmt":"2024-09-16T10:17:05","guid":{"rendered":"http:\/\/gvshalph.pro-linuxpl.com\/ironskyprodukty\/produkt\/filtr-nd-anamorficzny-freewell-z-obiektywem-szerokokatnym-do-dji-mini-3-pro\/"},"modified":"2026-03-05T15:48:37","modified_gmt":"2026-03-05T14:48:37","slug":"filtr-nd-anamorficzny-freewell-z-obiektywem-szerokokatnym-do-dji-mini-3-pro","status":"publish","type":"product","link":"https:\/\/ironsky.pl\/sklep\/produkt\/filtr-nd-anamorficzny-freewell-z-obiektywem-szerokokatnym-do-dji-mini-3-pro\/","title":{"rendered":"Filtr ND anamorficzny Freewell z obiektywem szerokok\u0105tnym do DJI Mini 3 Pro"},"content":{"rendered":"<h3>Filtr ND anamorficzny Freewell z obiektywem szerokok\u0105tnym do DJI Mini 3 Pro<\/h3>\n<p>Filtr ND anamorficzny Freewell z obiektywem szerokok\u0105tnym to niezwykle funkcjonalny zestaw akcesori\u00f3w, kt\u00f3ry zosta\u0142 zaprojektowany specjalnie dla posiadaczy dron\u00f3w DJI Mini 3 Pro. W sk\u0142ad zestawu wchodzi wiele filtr\u00f3w, w tym filtr ND16, filtr ND32, filtr ND64, filtr ND128 i filtr ND256, kt\u00f3re zapewniaj\u0105 u\u017cytkownikom szeroki zakres regulacji ekspozycji i pomagaj\u0105 uzyska\u0107 doskona\u0142\u0105 jako\u015b\u0107 obrazu w r\u00f3\u017cnych warunkach o\u015bwietleniowych.<\/p>\n<p><img decoding=\"async\" src=\"https:\/\/b2b.innpro.pl\/data\/include\/cms\/\/Freewell\/FW-MN3-ANMWAND\/3.jpg\" alt=\"\/Freewell\/FW-MN3-ANMWAND\/1\"><\/p>\n<h3>Kinowe efekty<\/h3>\n<p>Obiektyw anamorficzny zapewnia rozszerzenie pola widzenia i pozwala na zarejestrowanie wi\u0119kszej ilo\u015bci szczeg\u00f3\u0142\u00f3w w kadrze. Dzi\u0119ki temu mo\u017cesz cieszy\u0107 si\u0119 jeszcze lepsz\u0105 jako\u015bci\u0105 obrazu, odkrywaj\u0105c w nim nowe detale, kt\u00f3re zwykle by\u0142yby trudne do zauwa\u017cania. W zestawie znajdziesz te\u017c obiektyw szerokok\u0105tny, kt\u00f3ry pozwala na uj\u0119cie jeszcze szerszego k\u0105ta widzenia, co jest szczeg\u00f3lnie przydatne podczas nagrywania krajobraz\u00f3w, miast czy innych otwartych przestrzeni.<\/p>\n<p><img decoding=\"async\" src=\"https:\/\/b2b.innpro.pl\/data\/include\/cms\/\/Freewell\/FW-MN3-ANMWAND\/5.jpg\" alt=\"\/Freewell\/FW-MN3-ANMWAND\/2\"><\/p>\n<h3>Zachwycaj\u0105ce zdj\u0119cia w r\u00f3\u017cnych warunkach <\/h3>\n<p>Filtr ND16, filtr ND32, filtr ND64, filtr ND128 i filtr ND256 to przydatne filtry, kt\u00f3re pozwalaj\u0105 na regulacj\u0119 \u015bwiat\u0142a wpadaj\u0105cego do obiektywu. Filtry redukuj\u0105 ilo\u015b\u0107 \u015bwiat\u0142a, kt\u00f3re dociera do matrycy, co umo\u017cliwia uzyskanie odpowiedniej ekspozycji nawet w bardzo jasnych warunkach o\u015bwietleniowych. Filtry ND Freewell s\u0105 wyj\u0105tkowe proste w u\u017cyciu, a ich monta\u017c nie b\u0119dzie dla Ciebie wyzwaniem.<\/p>\n<p><img decoding=\"async\" src=\"https:\/\/b2b.innpro.pl\/data\/include\/cms\/\/Freewell\/FW-MN3-ANMWAND\/4.jpg\" alt=\"\/Freewell\/FW-MN3-ANMWAND\/3\"><\/p>\n<h3>W zestawie<\/h3>\n<ul>\n<li>obiektyw anamorficzny<\/li>\n<li>obiektyw szerokok\u0105tny<\/li>\n<li>filtr ND16<\/li>\n<li>filtr ND32<\/li>\n<li>filtr ND64<\/li>\n<li>filtr ND128<\/li>\n<li>filtr ND256<\/li>\n<li>etui<\/li>\n<\/ul>\n<div class=\"table-wrapper\">\n<table>\n<tbody>\n<tr>\n<th>Producent<\/th>\n<td>Freewell<\/td>\n<\/tr>\n<tr>\n<th>Model<\/th>\n<td>FW-MN3-ANMWAND<\/td>\n<\/tr>\n<tr>\n<th>Kompatybilno\u015b\u0107<\/th>\n<td>DJI Mini 3 Pro<\/td>\n<\/tr>\n<\/tbody>\n<\/table>\n<\/div>\n","protected":false},"excerpt":{"rendered":"<p>Filtr ND anamorficzny Freewell z obiektywem szerokok\u0105tnym do DJI Mini 3 Pro Filtr ND anamorficzny Freewell z obiektywem szerokok\u0105tnym to<\/p>\n","protected":false},"featured_media":19920,"comment_status":"closed","ping_status":"open","template":"","meta":{"_acf_changed":false},"product_brand":[],"product_cat":[5599,1090,1091,1088],"product_tag":[],"class_list":{"0":"post-19919","1":"product","2":"type-product","3":"status-publish","4":"has-post-thumbnail","6":"product_cat-mini-3","7":"product_cat-akcesoria","8":"product_cat-dji","9":"product_cat-drony","10":"pa_box-height-1402","11":"pa_box-length-2802","12":"pa_box-width-3041","13":"pa_gross-weight-3916","14":"pa_kompatybilnosc-filtry","15":"pa_net-weight-2394","16":"pa_seria-mini-dji-mini-3-pro-dji-mini-3","18":"first","19":"outofstock","20":"taxable","21":"shipping-taxable","22":"purchasable","23":"product-type-simple"},"acf":[],"yoast_head":"<!-- This site is optimized with the Yoast SEO plugin v27.2 - https:\/\/yoast.com\/product\/yoast-seo-wordpress\/ -->\n<title>Filtr ND anamorficzny Freewell z obiektywem szerokok\u0105tnym do DJI Mini 3 Pro - IRONSKY.PL Sklep z Dronami<\/title>\n<meta name=\"description\" content=\"Filtr ND anamorficzny Freewell z obiektywem szerokok\u0105tnym do DJI Mini 3 Pro - \u2705 sklep z dronami i fachowym doradztwem. \u2705 Tutaj kupisz produkty DJI, Yuneec, Parrot, Syma i wiele innych, a tak\u017ce kursy i licencje na operatora drona.\" \/>\n<meta name=\"robots\" content=\"index, follow, max-snippet:-1, max-image-preview:large, max-video-preview:-1\" \/>\n<link rel=\"canonical\" href=\"https:\/\/ironsky.pl\/sklep\/produkt\/filtr-nd-anamorficzny-freewell-z-obiektywem-szerokokatnym-do-dji-mini-3-pro\/\" \/>\n<meta property=\"og:locale\" content=\"pl_PL\" \/>\n<meta property=\"og:type\" content=\"article\" \/>\n<meta property=\"og:title\" content=\"Filtr ND anamorficzny Freewell z obiektywem szerokok\u0105tnym do DJI Mini 3 Pro - IRONSKY.PL Sklep z Dronami\" \/>\n<meta property=\"og:description\" content=\"Filtr ND anamorficzny Freewell z obiektywem szerokok\u0105tnym do DJI Mini 3 Pro - \u2705 sklep z dronami i fachowym doradztwem. \u2705 Tutaj kupisz produkty DJI, Yuneec, Parrot, Syma i wiele innych, a tak\u017ce kursy i licencje na operatora drona.\" \/>\n<meta property=\"og:url\" content=\"https:\/\/ironsky.pl\/sklep\/produkt\/filtr-nd-anamorficzny-freewell-z-obiektywem-szerokokatnym-do-dji-mini-3-pro\/\" \/>\n<meta property=\"og:site_name\" content=\"IRONSKY.PL Sklep z Dronami\" \/>\n<meta property=\"article:modified_time\" content=\"2026-03-05T14:48:37+00:00\" \/>\n<meta property=\"og:image\" content=\"https:\/\/ironsky.pl\/sklep\/wp-content\/uploads\/2024\/09\/30673_1.jpg\" \/>\n\t<meta property=\"og:image:width\" content=\"800\" \/>\n\t<meta property=\"og:image:height\" content=\"800\" \/>\n\t<meta property=\"og:image:type\" content=\"image\/jpeg\" \/>\n<meta name=\"twitter:card\" content=\"summary_large_image\" \/>\n<meta name=\"twitter:label1\" content=\"Szacowany czas czytania\" \/>\n\t<meta name=\"twitter:data1\" content=\"1 minuta\" \/>\n<script type=\"application\/ld+json\" class=\"yoast-schema-graph\">{\"@context\":\"https:\/\/schema.org\",\"@graph\":[{\"@type\":\"WebPage\",\"@id\":\"https:\/\/ironsky.pl\/sklep\/produkt\/filtr-nd-anamorficzny-freewell-z-obiektywem-szerokokatnym-do-dji-mini-3-pro\/\",\"url\":\"https:\/\/ironsky.pl\/sklep\/produkt\/filtr-nd-anamorficzny-freewell-z-obiektywem-szerokokatnym-do-dji-mini-3-pro\/\",\"name\":\"Filtr ND anamorficzny Freewell z obiektywem szerokok\u0105tnym do DJI Mini 3 Pro - IRONSKY.PL Sklep z Dronami\",\"isPartOf\":{\"@id\":\"https:\/\/ironsky.pl\/sklep\/#website\"},\"primaryImageOfPage\":{\"@id\":\"https:\/\/ironsky.pl\/sklep\/produkt\/filtr-nd-anamorficzny-freewell-z-obiektywem-szerokokatnym-do-dji-mini-3-pro\/#primaryimage\"},\"image\":{\"@id\":\"https:\/\/ironsky.pl\/sklep\/produkt\/filtr-nd-anamorficzny-freewell-z-obiektywem-szerokokatnym-do-dji-mini-3-pro\/#primaryimage\"},\"thumbnailUrl\":\"https:\/\/ironsky.pl\/sklep\/wp-content\/uploads\/2024\/09\/30673_1.jpg\",\"datePublished\":\"2024-09-16T10:17:05+00:00\",\"dateModified\":\"2026-03-05T14:48:37+00:00\",\"description\":\"Filtr ND anamorficzny Freewell z obiektywem szerokok\u0105tnym do DJI Mini 3 Pro - \u2705 sklep z dronami i fachowym doradztwem. \u2705 Tutaj kupisz produkty DJI, Yuneec, Parrot, Syma i wiele innych, a tak\u017ce kursy i licencje na operatora drona.\",\"breadcrumb\":{\"@id\":\"https:\/\/ironsky.pl\/sklep\/produkt\/filtr-nd-anamorficzny-freewell-z-obiektywem-szerokokatnym-do-dji-mini-3-pro\/#breadcrumb\"},\"inLanguage\":\"pl-PL\",\"potentialAction\":[{\"@type\":\"ReadAction\",\"target\":[\"https:\/\/ironsky.pl\/sklep\/produkt\/filtr-nd-anamorficzny-freewell-z-obiektywem-szerokokatnym-do-dji-mini-3-pro\/\"]}]},{\"@type\":\"ImageObject\",\"inLanguage\":\"pl-PL\",\"@id\":\"https:\/\/ironsky.pl\/sklep\/produkt\/filtr-nd-anamorficzny-freewell-z-obiektywem-szerokokatnym-do-dji-mini-3-pro\/#primaryimage\",\"url\":\"https:\/\/ironsky.pl\/sklep\/wp-content\/uploads\/2024\/09\/30673_1.jpg\",\"contentUrl\":\"https:\/\/ironsky.pl\/sklep\/wp-content\/uploads\/2024\/09\/30673_1.jpg\",\"width\":800,\"height\":800},{\"@type\":\"BreadcrumbList\",\"@id\":\"https:\/\/ironsky.pl\/sklep\/produkt\/filtr-nd-anamorficzny-freewell-z-obiektywem-szerokokatnym-do-dji-mini-3-pro\/#breadcrumb\",\"itemListElement\":[{\"@type\":\"ListItem\",\"position\":1,\"name\":\"Strona g\u0142\u00f3wna\",\"item\":\"https:\/\/ironsky.pl\/sklep\/\"},{\"@type\":\"ListItem\",\"position\":2,\"name\":\"Wszystkie produkty\",\"item\":\"https:\/\/ironsky.pl\/sklep\/produkty\/\"},{\"@type\":\"ListItem\",\"position\":3,\"name\":\"Filtr ND anamorficzny Freewell z obiektywem szerokok\u0105tnym do DJI Mini 3 Pro\"}]},{\"@type\":\"WebSite\",\"@id\":\"https:\/\/ironsky.pl\/sklep\/#website\",\"url\":\"https:\/\/ironsky.pl\/sklep\/\",\"name\":\"IRONSKY.PL Sklep z Dronami\",\"description\":\"IRONSKY.PL Sklep z Dronami\",\"potentialAction\":[{\"@type\":\"SearchAction\",\"target\":{\"@type\":\"EntryPoint\",\"urlTemplate\":\"https:\/\/ironsky.pl\/sklep\/?s={search_term_string}\"},\"query-input\":{\"@type\":\"PropertyValueSpecification\",\"valueRequired\":true,\"valueName\":\"search_term_string\"}}],\"inLanguage\":\"pl-PL\"}]}<\/script>\n<!-- \/ Yoast SEO plugin. -->","yoast_head_json":{"title":"Filtr ND anamorficzny Freewell z obiektywem szerokok\u0105tnym do DJI Mini 3 Pro - IRONSKY.PL Sklep z Dronami","description":"Filtr ND anamorficzny Freewell z obiektywem szerokok\u0105tnym do DJI Mini 3 Pro - \u2705 sklep z dronami i fachowym doradztwem. \u2705 Tutaj kupisz produkty DJI, Yuneec, Parrot, Syma i wiele innych, a tak\u017ce kursy i licencje na operatora drona.","robots":{"index":"index","follow":"follow","max-snippet":"max-snippet:-1","max-image-preview":"max-image-preview:large","max-video-preview":"max-video-preview:-1"},"canonical":"https:\/\/ironsky.pl\/sklep\/produkt\/filtr-nd-anamorficzny-freewell-z-obiektywem-szerokokatnym-do-dji-mini-3-pro\/","og_locale":"pl_PL","og_type":"article","og_title":"Filtr ND anamorficzny Freewell z obiektywem szerokok\u0105tnym do DJI Mini 3 Pro - IRONSKY.PL Sklep z Dronami","og_description":"Filtr ND anamorficzny Freewell z obiektywem szerokok\u0105tnym do DJI Mini 3 Pro - \u2705 sklep z dronami i fachowym doradztwem. \u2705 Tutaj kupisz produkty DJI, Yuneec, Parrot, Syma i wiele innych, a tak\u017ce kursy i licencje na operatora drona.","og_url":"https:\/\/ironsky.pl\/sklep\/produkt\/filtr-nd-anamorficzny-freewell-z-obiektywem-szerokokatnym-do-dji-mini-3-pro\/","og_site_name":"IRONSKY.PL Sklep z Dronami","article_modified_time":"2026-03-05T14:48:37+00:00","og_image":[{"width":800,"height":800,"url":"https:\/\/ironsky.pl\/sklep\/wp-content\/uploads\/2024\/09\/30673_1.jpg","type":"image\/jpeg"}],"twitter_card":"summary_large_image","twitter_misc":{"Szacowany czas czytania":"1 minuta"},"schema":{"@context":"https:\/\/schema.org","@graph":[{"@type":"WebPage","@id":"https:\/\/ironsky.pl\/sklep\/produkt\/filtr-nd-anamorficzny-freewell-z-obiektywem-szerokokatnym-do-dji-mini-3-pro\/","url":"https:\/\/ironsky.pl\/sklep\/produkt\/filtr-nd-anamorficzny-freewell-z-obiektywem-szerokokatnym-do-dji-mini-3-pro\/","name":"Filtr ND anamorficzny Freewell z obiektywem szerokok\u0105tnym do DJI Mini 3 Pro - IRONSKY.PL Sklep z Dronami","isPartOf":{"@id":"https:\/\/ironsky.pl\/sklep\/#website"},"primaryImageOfPage":{"@id":"https:\/\/ironsky.pl\/sklep\/produkt\/filtr-nd-anamorficzny-freewell-z-obiektywem-szerokokatnym-do-dji-mini-3-pro\/#primaryimage"},"image":{"@id":"https:\/\/ironsky.pl\/sklep\/produkt\/filtr-nd-anamorficzny-freewell-z-obiektywem-szerokokatnym-do-dji-mini-3-pro\/#primaryimage"},"thumbnailUrl":"https:\/\/ironsky.pl\/sklep\/wp-content\/uploads\/2024\/09\/30673_1.jpg","datePublished":"2024-09-16T10:17:05+00:00","dateModified":"2026-03-05T14:48:37+00:00","description":"Filtr ND anamorficzny Freewell z obiektywem szerokok\u0105tnym do DJI Mini 3 Pro - \u2705 sklep z dronami i fachowym doradztwem. \u2705 Tutaj kupisz produkty DJI, Yuneec, Parrot, Syma i wiele innych, a tak\u017ce kursy i licencje na operatora drona.","breadcrumb":{"@id":"https:\/\/ironsky.pl\/sklep\/produkt\/filtr-nd-anamorficzny-freewell-z-obiektywem-szerokokatnym-do-dji-mini-3-pro\/#breadcrumb"},"inLanguage":"pl-PL","potentialAction":[{"@type":"ReadAction","target":["https:\/\/ironsky.pl\/sklep\/produkt\/filtr-nd-anamorficzny-freewell-z-obiektywem-szerokokatnym-do-dji-mini-3-pro\/"]}]},{"@type":"ImageObject","inLanguage":"pl-PL","@id":"https:\/\/ironsky.pl\/sklep\/produkt\/filtr-nd-anamorficzny-freewell-z-obiektywem-szerokokatnym-do-dji-mini-3-pro\/#primaryimage","url":"https:\/\/ironsky.pl\/sklep\/wp-content\/uploads\/2024\/09\/30673_1.jpg","contentUrl":"https:\/\/ironsky.pl\/sklep\/wp-content\/uploads\/2024\/09\/30673_1.jpg","width":800,"height":800},{"@type":"BreadcrumbList","@id":"https:\/\/ironsky.pl\/sklep\/produkt\/filtr-nd-anamorficzny-freewell-z-obiektywem-szerokokatnym-do-dji-mini-3-pro\/#breadcrumb","itemListElement":[{"@type":"ListItem","position":1,"name":"Strona g\u0142\u00f3wna","item":"https:\/\/ironsky.pl\/sklep\/"},{"@type":"ListItem","position":2,"name":"Wszystkie produkty","item":"https:\/\/ironsky.pl\/sklep\/produkty\/"},{"@type":"ListItem","position":3,"name":"Filtr ND anamorficzny Freewell z obiektywem szerokok\u0105tnym do DJI Mini 3 Pro"}]},{"@type":"WebSite","@id":"https:\/\/ironsky.pl\/sklep\/#website","url":"https:\/\/ironsky.pl\/sklep\/","name":"IRONSKY.PL Sklep z Dronami","description":"IRONSKY.PL Sklep z Dronami","potentialAction":[{"@type":"SearchAction","target":{"@type":"EntryPoint","urlTemplate":"https:\/\/ironsky.pl\/sklep\/?s={search_term_string}"},"query-input":{"@type":"PropertyValueSpecification","valueRequired":true,"valueName":"search_term_string"}}],"inLanguage":"pl-PL"}]}},"_links":{"self":[{"href":"https:\/\/ironsky.pl\/sklep\/wp-json\/wp\/v2\/product\/19919","targetHints":{"allow":["GET"]}}],"collection":[{"href":"https:\/\/ironsky.pl\/sklep\/wp-json\/wp\/v2\/product"}],"about":[{"href":"https:\/\/ironsky.pl\/sklep\/wp-json\/wp\/v2\/types\/product"}],"replies":[{"embeddable":true,"href":"https:\/\/ironsky.pl\/sklep\/wp-json\/wp\/v2\/comments?post=19919"}],"wp:featuredmedia":[{"embeddable":true,"href":"https:\/\/ironsky.pl\/sklep\/wp-json\/wp\/v2\/media\/19920"}],"wp:attachment":[{"href":"https:\/\/ironsky.pl\/sklep\/wp-json\/wp\/v2\/media?parent=19919"}],"wp:term":[{"taxonomy":"product_brand","embeddable":true,"href":"https:\/\/ironsky.pl\/sklep\/wp-json\/wp\/v2\/product_brand?post=19919"},{"taxonomy":"product_cat","embeddable":true,"href":"https:\/\/ironsky.pl\/sklep\/wp-json\/wp\/v2\/product_cat?post=19919"},{"taxonomy":"product_tag","embeddable":true,"href":"https:\/\/ironsky.pl\/sklep\/wp-json\/wp\/v2\/product_tag?post=19919"}],"curies":[{"name":"wp","href":"https:\/\/api.w.org\/{rel}","templated":true}]}}