{"id":19864,"date":"2024-09-16T12:16:00","date_gmt":"2024-09-16T10:16:00","guid":{"rendered":"http:\/\/gvshalph.pro-linuxpl.com\/ironskyprodukty\/produkt\/oslona-przeciwsloneczna-sunnylife-2in1-do-kontrolera-rc-pro-yk558\/"},"modified":"2026-03-05T15:48:34","modified_gmt":"2026-03-05T14:48:34","slug":"oslona-przeciwsloneczna-sunnylife-2in1-do-kontrolera-rc-pro-yk558","status":"publish","type":"product","link":"https:\/\/ironsky.pl\/sklep\/produkt\/oslona-przeciwsloneczna-sunnylife-2in1-do-kontrolera-rc-pro-yk558\/","title":{"rendered":"Os\u0142ona przeciws\u0142oneczna Sunnylife 2in1 do kontrolera RC PRO (YK558)"},"content":{"rendered":"<h3 style=\"text-align: center;\">Os\u0142ona przeciws\u0142oneczna Sunnylife 2in1 do kontrolera RC PRO (YK558)<\/h3>\n<p>Os\u0142ona kontrolera Sunnylife 2w1 u\u0142atwi Ci u\u017cytkowanie aparatury steruj\u0105cej DJI RC Pro. Zapewnia ochron\u0119 przed uderzeniami czy zarysowaniami oraz pe\u0142ni funkcj\u0119 os\u0142ony przeciws\u0142onecznej. Pokrowiec nie utrudnia dost\u0119pu do przycisk\u00f3w kontrolera czy ekranu dotykowego. Postaw na funkcjonalno\u015b\u0107, kt\u00f3ra dodatkowo zabezpieczy Tw\u00f3j sprz\u0119t!<\/p>\n<p><img decoding=\"async\" src=\"https:\/\/b2b.innpro.pl\/data\/include\/cms\/Sunnylife\/YK558\/1.jpg\" border=\"0\" alt=\"\" width=\"1100\" height=\"700\" \/><\/p>\n<p>\u00a0<\/p>\n<h3 style=\"text-align: center;\">Przemy\u015blana konstrukcja<\/h3>\n<p>Os\u0142ona zosta\u0142a zaprojektowana w taki spos\u00f3b, by umo\u017cliwi\u0107 sta\u0142\u0105 ochron\u0119 kontrolera \u2013 bez konieczno\u015bci jej zdejmowania. Dzi\u0119ki temu mo\u017cesz umie\u015bci\u0107 urz\u0105dzenie wraz z os\u0142on\u0105 w etui ochronnym Sunnylife czy torbie na kontroler \u2013 nawet nie musisz demontowa\u0107 dr\u0105\u017ck\u00f3w! Co wi\u0119cej, produkt mo\u017cesz wygodnie zablokowa\u0107 w 2 r\u00f3\u017cnych pozycjach, zapewniaj\u0105c sobie dobr\u0105 widoczno\u015b\u0107 na ekranie przy s\u0142oneczne dni.<\/p>\n<p><img decoding=\"async\" src=\"https:\/\/b2b.innpro.pl\/data\/include\/cms\/Sunnylife\/YK558\/3.jpg\" border=\"0\" alt=\"\" width=\"1100\" height=\"700\" \/><\/p>\n<p>\u00a0<\/p>\n<h3>\u00a0<\/h3>\n<div class=\"table-wrapper\">\n<table>\n<tbody>\n<tr>\n<th>Producent<\/th>\n<td>Sunnylife<\/td>\n<\/tr>\n<tr>\n<th>Model<\/th>\n<td>YK558<\/td>\n<\/tr>\n<tr>\n<th>Kompatybilno\u015b\u0107<\/th>\n<td>Kontroler RC Pro<\/td>\n<\/tr>\n<tr>\n<th>Materia\u0142<\/th>\n<td>Plastik<\/td>\n<\/tr>\n<tr>\n<th>Waga<\/th>\n<td>93 g<\/td>\n<\/tr>\n<\/tbody>\n<\/table>\n<\/div>\n<style type=\"text\/css\"><!--\n.table-wrapper{width:100%;overflow-x:auto}.table-wrapper>table{border-spacing:0}.table-wrapper>table>tbody>tr>td,.table-wrapper>table>tbody>tr>th{padding:10px 35px;text-align:left}.table-wrapper>table>tbody>tr>th{vertical-align:top}.table-wrapper>table>tbody>tr:nth-child(even){background-color:#f7f7f7}\n--><\/style>\n<style type=\"text\/css\"><!--\ntd {border: 1px solid #cccccc;}br {mso-data-placement:same-cell;}\n--><\/style>\n","protected":false},"excerpt":{"rendered":"<p>Os\u0142ona przeciws\u0142oneczna Sunnylife 2in1 do kontrolera RC PRO (YK558) Os\u0142ona kontrolera Sunnylife 2w1 u\u0142atwi Ci u\u017cytkowanie aparatury steruj\u0105cej DJI RC<\/p>\n","protected":false},"featured_media":19865,"comment_status":"closed","ping_status":"open","template":"","meta":{"_acf_changed":false},"product_brand":[],"product_cat":[1090,1091,1088,5586],"product_tag":[],"class_list":{"0":"post-19864","1":"product","2":"type-product","3":"status-publish","4":"has-post-thumbnail","6":"product_cat-akcesoria","7":"product_cat-dji","8":"product_cat-drony","9":"product_cat-kontrolery","10":"pa_box-height-1370","11":"pa_box-length-1772","12":"pa_box-width-1795","13":"pa_gross-weight-2916","14":"pa_hs-code-1775","15":"pa_kolejna-dostawa-18-09-2024","16":"pa_net-weight-2710","18":"first","19":"instock","20":"taxable","21":"shipping-taxable","22":"purchasable","23":"product-type-simple"},"acf":[],"yoast_head":"<!-- This site is optimized with the Yoast SEO plugin v27.2 - https:\/\/yoast.com\/product\/yoast-seo-wordpress\/ -->\n<title>Os\u0142ona przeciws\u0142oneczna Sunnylife 2in1 do kontrolera RC PRO (YK558) - IRONSKY.PL Sklep z Dronami<\/title>\n<meta name=\"description\" content=\"Os\u0142ona przeciws\u0142oneczna Sunnylife 2in1 do kontrolera RC PRO (YK558) - \u2705 sklep z dronami i fachowym doradztwem. \u2705 Tutaj kupisz produkty DJI, Yuneec, Parrot, Syma i wiele innych, a tak\u017ce kursy i licencje na operatora drona.\" \/>\n<meta name=\"robots\" content=\"index, follow, max-snippet:-1, max-image-preview:large, max-video-preview:-1\" \/>\n<link rel=\"canonical\" href=\"https:\/\/ironsky.pl\/sklep\/produkt\/oslona-przeciwsloneczna-sunnylife-2in1-do-kontrolera-rc-pro-yk558\/\" \/>\n<meta property=\"og:locale\" content=\"pl_PL\" \/>\n<meta property=\"og:type\" content=\"article\" \/>\n<meta property=\"og:title\" content=\"Os\u0142ona przeciws\u0142oneczna Sunnylife 2in1 do kontrolera RC PRO (YK558) - IRONSKY.PL Sklep z Dronami\" \/>\n<meta property=\"og:description\" content=\"Os\u0142ona przeciws\u0142oneczna Sunnylife 2in1 do kontrolera RC PRO (YK558) - \u2705 sklep z dronami i fachowym doradztwem. \u2705 Tutaj kupisz produkty DJI, Yuneec, Parrot, Syma i wiele innych, a tak\u017ce kursy i licencje na operatora drona.\" \/>\n<meta property=\"og:url\" content=\"https:\/\/ironsky.pl\/sklep\/produkt\/oslona-przeciwsloneczna-sunnylife-2in1-do-kontrolera-rc-pro-yk558\/\" \/>\n<meta property=\"og:site_name\" content=\"IRONSKY.PL Sklep z Dronami\" \/>\n<meta property=\"article:modified_time\" content=\"2026-03-05T14:48:34+00:00\" \/>\n<meta property=\"og:image\" content=\"https:\/\/ironsky.pl\/sklep\/wp-content\/uploads\/2024\/09\/30098_2.jpg\" \/>\n\t<meta property=\"og:image:width\" content=\"800\" \/>\n\t<meta property=\"og:image:height\" content=\"801\" \/>\n\t<meta property=\"og:image:type\" content=\"image\/jpeg\" \/>\n<meta name=\"twitter:card\" content=\"summary_large_image\" \/>\n<meta name=\"twitter:label1\" content=\"Szacowany czas czytania\" \/>\n\t<meta name=\"twitter:data1\" content=\"1 minuta\" \/>\n<script type=\"application\/ld+json\" class=\"yoast-schema-graph\">{\"@context\":\"https:\/\/schema.org\",\"@graph\":[{\"@type\":\"WebPage\",\"@id\":\"https:\/\/ironsky.pl\/sklep\/produkt\/oslona-przeciwsloneczna-sunnylife-2in1-do-kontrolera-rc-pro-yk558\/\",\"url\":\"https:\/\/ironsky.pl\/sklep\/produkt\/oslona-przeciwsloneczna-sunnylife-2in1-do-kontrolera-rc-pro-yk558\/\",\"name\":\"Os\u0142ona przeciws\u0142oneczna Sunnylife 2in1 do kontrolera RC PRO (YK558) - IRONSKY.PL Sklep z Dronami\",\"isPartOf\":{\"@id\":\"https:\/\/ironsky.pl\/sklep\/#website\"},\"primaryImageOfPage\":{\"@id\":\"https:\/\/ironsky.pl\/sklep\/produkt\/oslona-przeciwsloneczna-sunnylife-2in1-do-kontrolera-rc-pro-yk558\/#primaryimage\"},\"image\":{\"@id\":\"https:\/\/ironsky.pl\/sklep\/produkt\/oslona-przeciwsloneczna-sunnylife-2in1-do-kontrolera-rc-pro-yk558\/#primaryimage\"},\"thumbnailUrl\":\"https:\/\/ironsky.pl\/sklep\/wp-content\/uploads\/2024\/09\/30098_2.jpg\",\"datePublished\":\"2024-09-16T10:16:00+00:00\",\"dateModified\":\"2026-03-05T14:48:34+00:00\",\"description\":\"Os\u0142ona przeciws\u0142oneczna Sunnylife 2in1 do kontrolera RC PRO (YK558) - \u2705 sklep z dronami i fachowym doradztwem. \u2705 Tutaj kupisz produkty DJI, Yuneec, Parrot, Syma i wiele innych, a tak\u017ce kursy i licencje na operatora drona.\",\"breadcrumb\":{\"@id\":\"https:\/\/ironsky.pl\/sklep\/produkt\/oslona-przeciwsloneczna-sunnylife-2in1-do-kontrolera-rc-pro-yk558\/#breadcrumb\"},\"inLanguage\":\"pl-PL\",\"potentialAction\":[{\"@type\":\"ReadAction\",\"target\":[\"https:\/\/ironsky.pl\/sklep\/produkt\/oslona-przeciwsloneczna-sunnylife-2in1-do-kontrolera-rc-pro-yk558\/\"]}]},{\"@type\":\"ImageObject\",\"inLanguage\":\"pl-PL\",\"@id\":\"https:\/\/ironsky.pl\/sklep\/produkt\/oslona-przeciwsloneczna-sunnylife-2in1-do-kontrolera-rc-pro-yk558\/#primaryimage\",\"url\":\"https:\/\/ironsky.pl\/sklep\/wp-content\/uploads\/2024\/09\/30098_2.jpg\",\"contentUrl\":\"https:\/\/ironsky.pl\/sklep\/wp-content\/uploads\/2024\/09\/30098_2.jpg\",\"width\":800,\"height\":801},{\"@type\":\"BreadcrumbList\",\"@id\":\"https:\/\/ironsky.pl\/sklep\/produkt\/oslona-przeciwsloneczna-sunnylife-2in1-do-kontrolera-rc-pro-yk558\/#breadcrumb\",\"itemListElement\":[{\"@type\":\"ListItem\",\"position\":1,\"name\":\"Strona g\u0142\u00f3wna\",\"item\":\"https:\/\/ironsky.pl\/sklep\/\"},{\"@type\":\"ListItem\",\"position\":2,\"name\":\"Wszystkie produkty\",\"item\":\"https:\/\/ironsky.pl\/sklep\/produkty\/\"},{\"@type\":\"ListItem\",\"position\":3,\"name\":\"Os\u0142ona przeciws\u0142oneczna Sunnylife 2in1 do kontrolera RC PRO (YK558)\"}]},{\"@type\":\"WebSite\",\"@id\":\"https:\/\/ironsky.pl\/sklep\/#website\",\"url\":\"https:\/\/ironsky.pl\/sklep\/\",\"name\":\"IRONSKY.PL Sklep z Dronami\",\"description\":\"IRONSKY.PL Sklep z Dronami\",\"potentialAction\":[{\"@type\":\"SearchAction\",\"target\":{\"@type\":\"EntryPoint\",\"urlTemplate\":\"https:\/\/ironsky.pl\/sklep\/?s={search_term_string}\"},\"query-input\":{\"@type\":\"PropertyValueSpecification\",\"valueRequired\":true,\"valueName\":\"search_term_string\"}}],\"inLanguage\":\"pl-PL\"}]}<\/script>\n<!-- \/ Yoast SEO plugin. -->","yoast_head_json":{"title":"Os\u0142ona przeciws\u0142oneczna Sunnylife 2in1 do kontrolera RC PRO (YK558) - IRONSKY.PL Sklep z Dronami","description":"Os\u0142ona przeciws\u0142oneczna Sunnylife 2in1 do kontrolera RC PRO (YK558) - \u2705 sklep z dronami i fachowym doradztwem. \u2705 Tutaj kupisz produkty DJI, Yuneec, Parrot, Syma i wiele innych, a tak\u017ce kursy i licencje na operatora drona.","robots":{"index":"index","follow":"follow","max-snippet":"max-snippet:-1","max-image-preview":"max-image-preview:large","max-video-preview":"max-video-preview:-1"},"canonical":"https:\/\/ironsky.pl\/sklep\/produkt\/oslona-przeciwsloneczna-sunnylife-2in1-do-kontrolera-rc-pro-yk558\/","og_locale":"pl_PL","og_type":"article","og_title":"Os\u0142ona przeciws\u0142oneczna Sunnylife 2in1 do kontrolera RC PRO (YK558) - IRONSKY.PL Sklep z Dronami","og_description":"Os\u0142ona przeciws\u0142oneczna Sunnylife 2in1 do kontrolera RC PRO (YK558) - \u2705 sklep z dronami i fachowym doradztwem. \u2705 Tutaj kupisz produkty DJI, Yuneec, Parrot, Syma i wiele innych, a tak\u017ce kursy i licencje na operatora drona.","og_url":"https:\/\/ironsky.pl\/sklep\/produkt\/oslona-przeciwsloneczna-sunnylife-2in1-do-kontrolera-rc-pro-yk558\/","og_site_name":"IRONSKY.PL Sklep z Dronami","article_modified_time":"2026-03-05T14:48:34+00:00","og_image":[{"width":800,"height":801,"url":"https:\/\/ironsky.pl\/sklep\/wp-content\/uploads\/2024\/09\/30098_2.jpg","type":"image\/jpeg"}],"twitter_card":"summary_large_image","twitter_misc":{"Szacowany czas czytania":"1 minuta"},"schema":{"@context":"https:\/\/schema.org","@graph":[{"@type":"WebPage","@id":"https:\/\/ironsky.pl\/sklep\/produkt\/oslona-przeciwsloneczna-sunnylife-2in1-do-kontrolera-rc-pro-yk558\/","url":"https:\/\/ironsky.pl\/sklep\/produkt\/oslona-przeciwsloneczna-sunnylife-2in1-do-kontrolera-rc-pro-yk558\/","name":"Os\u0142ona przeciws\u0142oneczna Sunnylife 2in1 do kontrolera RC PRO (YK558) - IRONSKY.PL Sklep z Dronami","isPartOf":{"@id":"https:\/\/ironsky.pl\/sklep\/#website"},"primaryImageOfPage":{"@id":"https:\/\/ironsky.pl\/sklep\/produkt\/oslona-przeciwsloneczna-sunnylife-2in1-do-kontrolera-rc-pro-yk558\/#primaryimage"},"image":{"@id":"https:\/\/ironsky.pl\/sklep\/produkt\/oslona-przeciwsloneczna-sunnylife-2in1-do-kontrolera-rc-pro-yk558\/#primaryimage"},"thumbnailUrl":"https:\/\/ironsky.pl\/sklep\/wp-content\/uploads\/2024\/09\/30098_2.jpg","datePublished":"2024-09-16T10:16:00+00:00","dateModified":"2026-03-05T14:48:34+00:00","description":"Os\u0142ona przeciws\u0142oneczna Sunnylife 2in1 do kontrolera RC PRO (YK558) - \u2705 sklep z dronami i fachowym doradztwem. \u2705 Tutaj kupisz produkty DJI, Yuneec, Parrot, Syma i wiele innych, a tak\u017ce kursy i licencje na operatora drona.","breadcrumb":{"@id":"https:\/\/ironsky.pl\/sklep\/produkt\/oslona-przeciwsloneczna-sunnylife-2in1-do-kontrolera-rc-pro-yk558\/#breadcrumb"},"inLanguage":"pl-PL","potentialAction":[{"@type":"ReadAction","target":["https:\/\/ironsky.pl\/sklep\/produkt\/oslona-przeciwsloneczna-sunnylife-2in1-do-kontrolera-rc-pro-yk558\/"]}]},{"@type":"ImageObject","inLanguage":"pl-PL","@id":"https:\/\/ironsky.pl\/sklep\/produkt\/oslona-przeciwsloneczna-sunnylife-2in1-do-kontrolera-rc-pro-yk558\/#primaryimage","url":"https:\/\/ironsky.pl\/sklep\/wp-content\/uploads\/2024\/09\/30098_2.jpg","contentUrl":"https:\/\/ironsky.pl\/sklep\/wp-content\/uploads\/2024\/09\/30098_2.jpg","width":800,"height":801},{"@type":"BreadcrumbList","@id":"https:\/\/ironsky.pl\/sklep\/produkt\/oslona-przeciwsloneczna-sunnylife-2in1-do-kontrolera-rc-pro-yk558\/#breadcrumb","itemListElement":[{"@type":"ListItem","position":1,"name":"Strona g\u0142\u00f3wna","item":"https:\/\/ironsky.pl\/sklep\/"},{"@type":"ListItem","position":2,"name":"Wszystkie produkty","item":"https:\/\/ironsky.pl\/sklep\/produkty\/"},{"@type":"ListItem","position":3,"name":"Os\u0142ona przeciws\u0142oneczna Sunnylife 2in1 do kontrolera RC PRO (YK558)"}]},{"@type":"WebSite","@id":"https:\/\/ironsky.pl\/sklep\/#website","url":"https:\/\/ironsky.pl\/sklep\/","name":"IRONSKY.PL Sklep z Dronami","description":"IRONSKY.PL Sklep z Dronami","potentialAction":[{"@type":"SearchAction","target":{"@type":"EntryPoint","urlTemplate":"https:\/\/ironsky.pl\/sklep\/?s={search_term_string}"},"query-input":{"@type":"PropertyValueSpecification","valueRequired":true,"valueName":"search_term_string"}}],"inLanguage":"pl-PL"}]}},"_links":{"self":[{"href":"https:\/\/ironsky.pl\/sklep\/wp-json\/wp\/v2\/product\/19864","targetHints":{"allow":["GET"]}}],"collection":[{"href":"https:\/\/ironsky.pl\/sklep\/wp-json\/wp\/v2\/product"}],"about":[{"href":"https:\/\/ironsky.pl\/sklep\/wp-json\/wp\/v2\/types\/product"}],"replies":[{"embeddable":true,"href":"https:\/\/ironsky.pl\/sklep\/wp-json\/wp\/v2\/comments?post=19864"}],"wp:featuredmedia":[{"embeddable":true,"href":"https:\/\/ironsky.pl\/sklep\/wp-json\/wp\/v2\/media\/19865"}],"wp:attachment":[{"href":"https:\/\/ironsky.pl\/sklep\/wp-json\/wp\/v2\/media?parent=19864"}],"wp:term":[{"taxonomy":"product_brand","embeddable":true,"href":"https:\/\/ironsky.pl\/sklep\/wp-json\/wp\/v2\/product_brand?post=19864"},{"taxonomy":"product_cat","embeddable":true,"href":"https:\/\/ironsky.pl\/sklep\/wp-json\/wp\/v2\/product_cat?post=19864"},{"taxonomy":"product_tag","embeddable":true,"href":"https:\/\/ironsky.pl\/sklep\/wp-json\/wp\/v2\/product_tag?post=19864"}],"curies":[{"name":"wp","href":"https:\/\/api.w.org\/{rel}","templated":true}]}}