{"id":19860,"date":"2024-09-16T12:16:00","date_gmt":"2024-09-16T10:16:00","guid":{"rendered":"http:\/\/gvshalph.pro-linuxpl.com\/ironskyprodukty\/produkt\/smycz-sunnylife-z-mocowaniem-do-kontrolera-dji-rc-n1-air2-q9294\/"},"modified":"2026-03-05T15:48:34","modified_gmt":"2026-03-05T14:48:34","slug":"smycz-sunnylife-z-mocowaniem-do-kontrolera-dji-rc-n1-air2-q9294","status":"publish","type":"product","link":"https:\/\/ironsky.pl\/sklep\/produkt\/smycz-sunnylife-z-mocowaniem-do-kontrolera-dji-rc-n1-air2-q9294\/","title":{"rendered":"Smycz Sunnylife z mocowaniem do kontrolera DJI RC-N1 (AIR2-Q9294)"},"content":{"rendered":"<h3>Smycz Sunnylife z mocowaniem do kontrolera DJI RC-N1 \/ RC-N2 \/ RC-N3 (AIR2-Q9294)<\/h3>\n<p>Smycz z adapterem Sunnylife u\u0142atwi korzystanie z kontrolera i smartfona podczas nagrywania. Produkt nie wp\u0142ywa na prac\u0119 aparatury steruj\u0105cej i nie blokuje ekranu telefonu. Ponadto smycz pe\u0142ni dodatkow\u0105 ochron\u0119 Twojego sprz\u0119tu \u2013 nie musisz si\u0119 zatem obawia\u0107, \u017ce zostanie uszkodzony. Dodatkowo monta\u017c produktu jest szybki i prosty, wi\u0119c nie sprawi Ci problemu.<\/p>\n<p>\n<img decoding=\"async\" src=\"https:\/\/assets.innpro.pl\/10005\/11707\/2.jpg\" border=\"0\" \/>\n<\/p>\n<h3>Komfort i bezpiecze\u0144stwo u\u017cytkowania<\/h3>\n<p>Wybieraj\u0105c Sunnylife AIR2-Q9294 stawiasz na funkcjonalno\u015b\u0107 i bezpiecze\u0144stwo. Dzi\u0119ki przemy\u015blanej konstrukcji adapter nie zak\u0142\u00f3ca pracy kontrolera i nie zas\u0142ania ekranu telefonu. Natomiast smycz pe\u0142ni dodatkow\u0105 ochron\u0119, kiedy np. kontroler wypadnie Ci z d\u0142oni. Co wi\u0119cej, zosta\u0142a wykonana z przyjaznego dla sk\u00f3ry materia\u0142u. Mo\u017cesz r\u00f3wnie\u017c regulowa\u0107 jej d\u0142ugo\u015b\u0107.<\/p>\n<p>\n<img decoding=\"async\" src=\"https:\/\/assets.innpro.pl\/10005\/11707\/6.jpg\" border=\"0\" \/>\n<\/p>\n<h3>W zestawie<\/h3>\n<ul class=\"list-disc pl-5\">\n<li>adapter<\/li>\n<li>smycz<\/li>\n<\/ul>\n<div class=\"table-wrapper\">\n<p>\u00a0<\/p>\n<h3><\/h3>\n<table>\n<tbody>\n<tr>\n<th>Producent<\/th>\n<td>Sunnylife<\/td>\n<\/tr>\n<tr>\n<th>Model<\/th>\n<td>AIR2-Q9294<\/td>\n<\/tr>\n<tr>\n<th>Kolor<\/th>\n<td>czarny<\/td>\n<\/tr>\n<tr>\n<th>Kompatybilno\u015b\u0107<\/th>\n<td>DJI RC-N1 \/ RC-N2 \/ RC-N3 (DJI Mavic Air 2)<\/td>\n<\/tr>\n<\/tbody>\n<\/table>\n<\/div>\n","protected":false},"excerpt":{"rendered":"<p>Smycz Sunnylife z mocowaniem do kontrolera DJI RC-N1 \/ RC-N2 \/ RC-N3 (AIR2-Q9294) Smycz z adapterem Sunnylife u\u0142atwi korzystanie z<\/p>\n","protected":false},"featured_media":19861,"comment_status":"closed","ping_status":"open","template":"","meta":{"_acf_changed":false},"product_brand":[],"product_cat":[5593,1090,1091,1088,5586],"product_tag":[],"class_list":{"0":"post-19860","1":"product","2":"type-product","3":"status-publish","4":"has-post-thumbnail","6":"product_cat-mavic-3","7":"product_cat-akcesoria","8":"product_cat-dji","9":"product_cat-drony","10":"product_cat-kontrolery","11":"pa_box-height-2542","12":"pa_box-length-2917","13":"pa_box-width-1528","14":"pa_gross-weight-1858","15":"pa_hs-code-1621","16":"pa_kolejna-dostawa-23-10-2024","17":"pa_net-weight-2181","19":"first","20":"instock","21":"taxable","22":"shipping-taxable","23":"purchasable","24":"product-type-simple"},"acf":[],"yoast_head":"<!-- This site is optimized with the Yoast SEO plugin v27.2 - https:\/\/yoast.com\/product\/yoast-seo-wordpress\/ -->\n<title>Smycz Sunnylife z mocowaniem do kontrolera DJI RC-N1 (AIR2-Q9294) - IRONSKY.PL Sklep z Dronami<\/title>\n<meta name=\"description\" content=\"Smycz Sunnylife z mocowaniem do kontrolera DJI RC-N1 (AIR2-Q9294) - \u2705 sklep z dronami i fachowym doradztwem. \u2705 Tutaj kupisz produkty DJI, Yuneec, Parrot, Syma i wiele innych, a tak\u017ce kursy i licencje na operatora drona.\" \/>\n<meta name=\"robots\" content=\"index, follow, max-snippet:-1, max-image-preview:large, max-video-preview:-1\" \/>\n<link rel=\"canonical\" href=\"https:\/\/ironsky.pl\/sklep\/produkt\/smycz-sunnylife-z-mocowaniem-do-kontrolera-dji-rc-n1-air2-q9294\/\" \/>\n<meta property=\"og:locale\" content=\"pl_PL\" \/>\n<meta property=\"og:type\" content=\"article\" \/>\n<meta property=\"og:title\" content=\"Smycz Sunnylife z mocowaniem do kontrolera DJI RC-N1 (AIR2-Q9294) - IRONSKY.PL Sklep z Dronami\" \/>\n<meta property=\"og:description\" content=\"Smycz Sunnylife z mocowaniem do kontrolera DJI RC-N1 (AIR2-Q9294) - \u2705 sklep z dronami i fachowym doradztwem. \u2705 Tutaj kupisz produkty DJI, Yuneec, Parrot, Syma i wiele innych, a tak\u017ce kursy i licencje na operatora drona.\" \/>\n<meta property=\"og:url\" content=\"https:\/\/ironsky.pl\/sklep\/produkt\/smycz-sunnylife-z-mocowaniem-do-kontrolera-dji-rc-n1-air2-q9294\/\" \/>\n<meta property=\"og:site_name\" content=\"IRONSKY.PL Sklep z Dronami\" \/>\n<meta property=\"article:modified_time\" content=\"2026-03-05T14:48:34+00:00\" \/>\n<meta property=\"og:image\" content=\"https:\/\/ironsky.pl\/sklep\/wp-content\/uploads\/2024\/09\/30093_1.jpg\" \/>\n\t<meta property=\"og:image:width\" content=\"800\" \/>\n\t<meta property=\"og:image:height\" content=\"800\" \/>\n\t<meta property=\"og:image:type\" content=\"image\/jpeg\" \/>\n<meta name=\"twitter:card\" content=\"summary_large_image\" \/>\n<meta name=\"twitter:label1\" content=\"Szacowany czas czytania\" \/>\n\t<meta name=\"twitter:data1\" content=\"1 minuta\" \/>\n<script type=\"application\/ld+json\" class=\"yoast-schema-graph\">{\"@context\":\"https:\/\/schema.org\",\"@graph\":[{\"@type\":\"WebPage\",\"@id\":\"https:\/\/ironsky.pl\/sklep\/produkt\/smycz-sunnylife-z-mocowaniem-do-kontrolera-dji-rc-n1-air2-q9294\/\",\"url\":\"https:\/\/ironsky.pl\/sklep\/produkt\/smycz-sunnylife-z-mocowaniem-do-kontrolera-dji-rc-n1-air2-q9294\/\",\"name\":\"Smycz Sunnylife z mocowaniem do kontrolera DJI RC-N1 (AIR2-Q9294) - IRONSKY.PL Sklep z Dronami\",\"isPartOf\":{\"@id\":\"https:\/\/ironsky.pl\/sklep\/#website\"},\"primaryImageOfPage\":{\"@id\":\"https:\/\/ironsky.pl\/sklep\/produkt\/smycz-sunnylife-z-mocowaniem-do-kontrolera-dji-rc-n1-air2-q9294\/#primaryimage\"},\"image\":{\"@id\":\"https:\/\/ironsky.pl\/sklep\/produkt\/smycz-sunnylife-z-mocowaniem-do-kontrolera-dji-rc-n1-air2-q9294\/#primaryimage\"},\"thumbnailUrl\":\"https:\/\/ironsky.pl\/sklep\/wp-content\/uploads\/2024\/09\/30093_1.jpg\",\"datePublished\":\"2024-09-16T10:16:00+00:00\",\"dateModified\":\"2026-03-05T14:48:34+00:00\",\"description\":\"Smycz Sunnylife z mocowaniem do kontrolera DJI RC-N1 (AIR2-Q9294) - \u2705 sklep z dronami i fachowym doradztwem. \u2705 Tutaj kupisz produkty DJI, Yuneec, Parrot, Syma i wiele innych, a tak\u017ce kursy i licencje na operatora drona.\",\"breadcrumb\":{\"@id\":\"https:\/\/ironsky.pl\/sklep\/produkt\/smycz-sunnylife-z-mocowaniem-do-kontrolera-dji-rc-n1-air2-q9294\/#breadcrumb\"},\"inLanguage\":\"pl-PL\",\"potentialAction\":[{\"@type\":\"ReadAction\",\"target\":[\"https:\/\/ironsky.pl\/sklep\/produkt\/smycz-sunnylife-z-mocowaniem-do-kontrolera-dji-rc-n1-air2-q9294\/\"]}]},{\"@type\":\"ImageObject\",\"inLanguage\":\"pl-PL\",\"@id\":\"https:\/\/ironsky.pl\/sklep\/produkt\/smycz-sunnylife-z-mocowaniem-do-kontrolera-dji-rc-n1-air2-q9294\/#primaryimage\",\"url\":\"https:\/\/ironsky.pl\/sklep\/wp-content\/uploads\/2024\/09\/30093_1.jpg\",\"contentUrl\":\"https:\/\/ironsky.pl\/sklep\/wp-content\/uploads\/2024\/09\/30093_1.jpg\",\"width\":800,\"height\":800},{\"@type\":\"BreadcrumbList\",\"@id\":\"https:\/\/ironsky.pl\/sklep\/produkt\/smycz-sunnylife-z-mocowaniem-do-kontrolera-dji-rc-n1-air2-q9294\/#breadcrumb\",\"itemListElement\":[{\"@type\":\"ListItem\",\"position\":1,\"name\":\"Strona g\u0142\u00f3wna\",\"item\":\"https:\/\/ironsky.pl\/sklep\/\"},{\"@type\":\"ListItem\",\"position\":2,\"name\":\"Wszystkie produkty\",\"item\":\"https:\/\/ironsky.pl\/sklep\/produkty\/\"},{\"@type\":\"ListItem\",\"position\":3,\"name\":\"Smycz Sunnylife z mocowaniem do kontrolera DJI RC-N1 (AIR2-Q9294)\"}]},{\"@type\":\"WebSite\",\"@id\":\"https:\/\/ironsky.pl\/sklep\/#website\",\"url\":\"https:\/\/ironsky.pl\/sklep\/\",\"name\":\"IRONSKY.PL Sklep z Dronami\",\"description\":\"IRONSKY.PL Sklep z Dronami\",\"potentialAction\":[{\"@type\":\"SearchAction\",\"target\":{\"@type\":\"EntryPoint\",\"urlTemplate\":\"https:\/\/ironsky.pl\/sklep\/?s={search_term_string}\"},\"query-input\":{\"@type\":\"PropertyValueSpecification\",\"valueRequired\":true,\"valueName\":\"search_term_string\"}}],\"inLanguage\":\"pl-PL\"}]}<\/script>\n<!-- \/ Yoast SEO plugin. -->","yoast_head_json":{"title":"Smycz Sunnylife z mocowaniem do kontrolera DJI RC-N1 (AIR2-Q9294) - IRONSKY.PL Sklep z Dronami","description":"Smycz Sunnylife z mocowaniem do kontrolera DJI RC-N1 (AIR2-Q9294) - \u2705 sklep z dronami i fachowym doradztwem. \u2705 Tutaj kupisz produkty DJI, Yuneec, Parrot, Syma i wiele innych, a tak\u017ce kursy i licencje na operatora drona.","robots":{"index":"index","follow":"follow","max-snippet":"max-snippet:-1","max-image-preview":"max-image-preview:large","max-video-preview":"max-video-preview:-1"},"canonical":"https:\/\/ironsky.pl\/sklep\/produkt\/smycz-sunnylife-z-mocowaniem-do-kontrolera-dji-rc-n1-air2-q9294\/","og_locale":"pl_PL","og_type":"article","og_title":"Smycz Sunnylife z mocowaniem do kontrolera DJI RC-N1 (AIR2-Q9294) - IRONSKY.PL Sklep z Dronami","og_description":"Smycz Sunnylife z mocowaniem do kontrolera DJI RC-N1 (AIR2-Q9294) - \u2705 sklep z dronami i fachowym doradztwem. \u2705 Tutaj kupisz produkty DJI, Yuneec, Parrot, Syma i wiele innych, a tak\u017ce kursy i licencje na operatora drona.","og_url":"https:\/\/ironsky.pl\/sklep\/produkt\/smycz-sunnylife-z-mocowaniem-do-kontrolera-dji-rc-n1-air2-q9294\/","og_site_name":"IRONSKY.PL Sklep z Dronami","article_modified_time":"2026-03-05T14:48:34+00:00","og_image":[{"width":800,"height":800,"url":"https:\/\/ironsky.pl\/sklep\/wp-content\/uploads\/2024\/09\/30093_1.jpg","type":"image\/jpeg"}],"twitter_card":"summary_large_image","twitter_misc":{"Szacowany czas czytania":"1 minuta"},"schema":{"@context":"https:\/\/schema.org","@graph":[{"@type":"WebPage","@id":"https:\/\/ironsky.pl\/sklep\/produkt\/smycz-sunnylife-z-mocowaniem-do-kontrolera-dji-rc-n1-air2-q9294\/","url":"https:\/\/ironsky.pl\/sklep\/produkt\/smycz-sunnylife-z-mocowaniem-do-kontrolera-dji-rc-n1-air2-q9294\/","name":"Smycz Sunnylife z mocowaniem do kontrolera DJI RC-N1 (AIR2-Q9294) - IRONSKY.PL Sklep z Dronami","isPartOf":{"@id":"https:\/\/ironsky.pl\/sklep\/#website"},"primaryImageOfPage":{"@id":"https:\/\/ironsky.pl\/sklep\/produkt\/smycz-sunnylife-z-mocowaniem-do-kontrolera-dji-rc-n1-air2-q9294\/#primaryimage"},"image":{"@id":"https:\/\/ironsky.pl\/sklep\/produkt\/smycz-sunnylife-z-mocowaniem-do-kontrolera-dji-rc-n1-air2-q9294\/#primaryimage"},"thumbnailUrl":"https:\/\/ironsky.pl\/sklep\/wp-content\/uploads\/2024\/09\/30093_1.jpg","datePublished":"2024-09-16T10:16:00+00:00","dateModified":"2026-03-05T14:48:34+00:00","description":"Smycz Sunnylife z mocowaniem do kontrolera DJI RC-N1 (AIR2-Q9294) - \u2705 sklep z dronami i fachowym doradztwem. \u2705 Tutaj kupisz produkty DJI, Yuneec, Parrot, Syma i wiele innych, a tak\u017ce kursy i licencje na operatora drona.","breadcrumb":{"@id":"https:\/\/ironsky.pl\/sklep\/produkt\/smycz-sunnylife-z-mocowaniem-do-kontrolera-dji-rc-n1-air2-q9294\/#breadcrumb"},"inLanguage":"pl-PL","potentialAction":[{"@type":"ReadAction","target":["https:\/\/ironsky.pl\/sklep\/produkt\/smycz-sunnylife-z-mocowaniem-do-kontrolera-dji-rc-n1-air2-q9294\/"]}]},{"@type":"ImageObject","inLanguage":"pl-PL","@id":"https:\/\/ironsky.pl\/sklep\/produkt\/smycz-sunnylife-z-mocowaniem-do-kontrolera-dji-rc-n1-air2-q9294\/#primaryimage","url":"https:\/\/ironsky.pl\/sklep\/wp-content\/uploads\/2024\/09\/30093_1.jpg","contentUrl":"https:\/\/ironsky.pl\/sklep\/wp-content\/uploads\/2024\/09\/30093_1.jpg","width":800,"height":800},{"@type":"BreadcrumbList","@id":"https:\/\/ironsky.pl\/sklep\/produkt\/smycz-sunnylife-z-mocowaniem-do-kontrolera-dji-rc-n1-air2-q9294\/#breadcrumb","itemListElement":[{"@type":"ListItem","position":1,"name":"Strona g\u0142\u00f3wna","item":"https:\/\/ironsky.pl\/sklep\/"},{"@type":"ListItem","position":2,"name":"Wszystkie produkty","item":"https:\/\/ironsky.pl\/sklep\/produkty\/"},{"@type":"ListItem","position":3,"name":"Smycz Sunnylife z mocowaniem do kontrolera DJI RC-N1 (AIR2-Q9294)"}]},{"@type":"WebSite","@id":"https:\/\/ironsky.pl\/sklep\/#website","url":"https:\/\/ironsky.pl\/sklep\/","name":"IRONSKY.PL Sklep z Dronami","description":"IRONSKY.PL Sklep z Dronami","potentialAction":[{"@type":"SearchAction","target":{"@type":"EntryPoint","urlTemplate":"https:\/\/ironsky.pl\/sklep\/?s={search_term_string}"},"query-input":{"@type":"PropertyValueSpecification","valueRequired":true,"valueName":"search_term_string"}}],"inLanguage":"pl-PL"}]}},"_links":{"self":[{"href":"https:\/\/ironsky.pl\/sklep\/wp-json\/wp\/v2\/product\/19860","targetHints":{"allow":["GET"]}}],"collection":[{"href":"https:\/\/ironsky.pl\/sklep\/wp-json\/wp\/v2\/product"}],"about":[{"href":"https:\/\/ironsky.pl\/sklep\/wp-json\/wp\/v2\/types\/product"}],"replies":[{"embeddable":true,"href":"https:\/\/ironsky.pl\/sklep\/wp-json\/wp\/v2\/comments?post=19860"}],"wp:featuredmedia":[{"embeddable":true,"href":"https:\/\/ironsky.pl\/sklep\/wp-json\/wp\/v2\/media\/19861"}],"wp:attachment":[{"href":"https:\/\/ironsky.pl\/sklep\/wp-json\/wp\/v2\/media?parent=19860"}],"wp:term":[{"taxonomy":"product_brand","embeddable":true,"href":"https:\/\/ironsky.pl\/sklep\/wp-json\/wp\/v2\/product_brand?post=19860"},{"taxonomy":"product_cat","embeddable":true,"href":"https:\/\/ironsky.pl\/sklep\/wp-json\/wp\/v2\/product_cat?post=19860"},{"taxonomy":"product_tag","embeddable":true,"href":"https:\/\/ironsky.pl\/sklep\/wp-json\/wp\/v2\/product_tag?post=19860"}],"curies":[{"name":"wp","href":"https:\/\/api.w.org\/{rel}","templated":true}]}}