{"id":19854,"date":"2024-09-16T12:16:00","date_gmt":"2024-09-16T10:16:00","guid":{"rendered":"http:\/\/gvshalph.pro-linuxpl.com\/ironskyprodukty\/produkt\/blokada-smigiel-sunnylife-do-dji-mini-3-czarna-mm3-sj552\/"},"modified":"2026-05-01T15:54:38","modified_gmt":"2026-05-01T13:54:38","slug":"blokada-smigiel-sunnylife-do-dji-mini-3-czarna-mm3-sj552","status":"publish","type":"product","link":"https:\/\/ironsky.pl\/sklep\/produkt\/blokada-smigiel-sunnylife-do-dji-mini-3-czarna-mm3-sj552\/","title":{"rendered":"Blokada \u015bmigie\u0142 Sunnylife do DJI Mini 3 (czarna) MM3-SJ552"},"content":{"rendered":"<h3>Blokada \u015bmigie\u0142 Sunnylife do DJI Mini 3 (czarna) MM3-SJ552<\/h3>\n<\/p>\n<p>Sunnylife MM3-SJ552 chroni \u015bmig\u0142a i doln\u0105 cz\u0119\u015b\u0107 drona przed uszkodzeniem. W rezultacie jego transport i przechowywanie s\u0105 bezpieczne. Mo\u017cesz z niej korzysta\u0107 r\u00f3wnie\u017c w po\u0142\u0105czeniu z os\u0142on\u0105 gimbala. Zastosowanie wysokiej klasy materia\u0142\u00f3w zapobiega zarysowaniom i innego rodzaju uszkodzeniom. Dodatkowo silikonowa blokada jest odporna na zanieczyszczenia i przyjemna w dotyku. Ponadto monta\u017c i demonta\u017c blokady jest prosty i zajmie zaledwie chwil\u0119.<\/p>\n<\/p>\n<p>\n<img decoding=\"async\" src=\"https:\/\/assets.innpro.pl\/4723\/5464\/1.jpg\" border=\"0\" \/>\n<\/p>\n<div class=\"table-wrapper\">\n<p>\u00a0<\/p>\n<h3><\/h3>\n<table>\n<tbody>\n<tr>\n<th>Producent <\/th>\n<td>Sunnylife<\/td>\n<\/tr>\n<tr>\n<th>Model <\/th>\n<td>MM3-SJ552<\/td>\n<\/tr>\n<tr>\n<th>Kolor <\/th>\n<td>czarny<\/td>\n<\/tr>\n<tr>\n<th>Pasuje do <\/th>\n<td>DJI Mini 3<\/td>\n<\/tr>\n<tr>\n<th>Materia\u0142 <\/th>\n<td>plastik, silikon<\/td>\n<\/tr>\n<tr>\n<th>Waga <\/th>\n<td>18 g<\/td>\n<\/tr>\n<\/tbody>\n<\/table>\n<\/div>\n","protected":false},"excerpt":{"rendered":"<p>Blokada \u015bmigie\u0142 Sunnylife do DJI Mini 3 (czarna) MM3-SJ552 Sunnylife MM3-SJ552 chroni \u015bmig\u0142a i doln\u0105 cz\u0119\u015b\u0107 drona przed uszkodzeniem. W<\/p>\n","protected":false},"featured_media":19855,"comment_status":"closed","ping_status":"open","template":"","meta":{"_acf_changed":false},"product_brand":[],"product_cat":[5599,1090,1091,6093,1088],"product_tag":[],"class_list":{"0":"post-19854","1":"product","2":"type-product","3":"status-publish","4":"has-post-thumbnail","6":"product_cat-mini-3","7":"product_cat-akcesoria","8":"product_cat-dji","9":"product_cat-baterie-do-dronow","10":"product_cat-drony","11":"pa_box-height-2588","12":"pa_box-length-3472","13":"pa_box-width-2064","14":"pa_gross-weight-3556","15":"pa_hs-code-1775","16":"pa_kolejna-dostawa-23-10-2024","17":"pa_kompatybilnosc-smigla-i-oslony","18":"pa_net-weight-2655","19":"pa_seria-mini-dji-mini-3","21":"first","22":"instock","23":"taxable","24":"shipping-taxable","25":"purchasable","26":"product-type-simple"},"acf":[],"yoast_head":"<!-- This site is optimized with the Yoast SEO plugin v27.2 - https:\/\/yoast.com\/product\/yoast-seo-wordpress\/ -->\n<title>Blokada \u015bmigie\u0142 Sunnylife do DJI Mini 3 (czarna) MM3-SJ552 - IRONSKY.PL Sklep z Dronami<\/title>\n<meta name=\"description\" content=\"Blokada \u015bmigie\u0142 Sunnylife do DJI Mini 3 (czarna) MM3-SJ552 - \u2705 sklep z dronami i fachowym doradztwem. \u2705 Tutaj kupisz produkty DJI, Yuneec, Parrot, Syma i wiele innych, a tak\u017ce kursy i licencje na operatora drona.\" \/>\n<meta name=\"robots\" content=\"index, follow, max-snippet:-1, max-image-preview:large, max-video-preview:-1\" \/>\n<link rel=\"canonical\" href=\"https:\/\/ironsky.pl\/sklep\/produkt\/blokada-smigiel-sunnylife-do-dji-mini-3-czarna-mm3-sj552\/\" \/>\n<meta property=\"og:locale\" content=\"pl_PL\" \/>\n<meta property=\"og:type\" content=\"article\" \/>\n<meta property=\"og:title\" content=\"Blokada \u015bmigie\u0142 Sunnylife do DJI Mini 3 (czarna) MM3-SJ552 - IRONSKY.PL Sklep z Dronami\" \/>\n<meta property=\"og:description\" content=\"Blokada \u015bmigie\u0142 Sunnylife do DJI Mini 3 (czarna) MM3-SJ552 - \u2705 sklep z dronami i fachowym doradztwem. \u2705 Tutaj kupisz produkty DJI, Yuneec, Parrot, Syma i wiele innych, a tak\u017ce kursy i licencje na operatora drona.\" \/>\n<meta property=\"og:url\" content=\"https:\/\/ironsky.pl\/sklep\/produkt\/blokada-smigiel-sunnylife-do-dji-mini-3-czarna-mm3-sj552\/\" \/>\n<meta property=\"og:site_name\" content=\"IRONSKY.PL Sklep z Dronami\" \/>\n<meta property=\"article:modified_time\" content=\"2026-05-01T13:54:38+00:00\" \/>\n<meta property=\"og:image\" content=\"https:\/\/ironsky.pl\/sklep\/wp-content\/uploads\/2024\/09\/30090_1.jpg\" \/>\n\t<meta property=\"og:image:width\" content=\"800\" \/>\n\t<meta property=\"og:image:height\" content=\"800\" \/>\n\t<meta property=\"og:image:type\" content=\"image\/jpeg\" \/>\n<meta name=\"twitter:card\" content=\"summary_large_image\" \/>\n<script type=\"application\/ld+json\" class=\"yoast-schema-graph\">{\"@context\":\"https:\/\/schema.org\",\"@graph\":[{\"@type\":\"WebPage\",\"@id\":\"https:\/\/ironsky.pl\/sklep\/produkt\/blokada-smigiel-sunnylife-do-dji-mini-3-czarna-mm3-sj552\/\",\"url\":\"https:\/\/ironsky.pl\/sklep\/produkt\/blokada-smigiel-sunnylife-do-dji-mini-3-czarna-mm3-sj552\/\",\"name\":\"Blokada \u015bmigie\u0142 Sunnylife do DJI Mini 3 (czarna) MM3-SJ552 - IRONSKY.PL Sklep z Dronami\",\"isPartOf\":{\"@id\":\"https:\/\/ironsky.pl\/sklep\/#website\"},\"primaryImageOfPage\":{\"@id\":\"https:\/\/ironsky.pl\/sklep\/produkt\/blokada-smigiel-sunnylife-do-dji-mini-3-czarna-mm3-sj552\/#primaryimage\"},\"image\":{\"@id\":\"https:\/\/ironsky.pl\/sklep\/produkt\/blokada-smigiel-sunnylife-do-dji-mini-3-czarna-mm3-sj552\/#primaryimage\"},\"thumbnailUrl\":\"https:\/\/ironsky.pl\/sklep\/wp-content\/uploads\/2024\/09\/30090_1.jpg\",\"datePublished\":\"2024-09-16T10:16:00+00:00\",\"dateModified\":\"2026-05-01T13:54:38+00:00\",\"description\":\"Blokada \u015bmigie\u0142 Sunnylife do DJI Mini 3 (czarna) MM3-SJ552 - \u2705 sklep z dronami i fachowym doradztwem. \u2705 Tutaj kupisz produkty DJI, Yuneec, Parrot, Syma i wiele innych, a tak\u017ce kursy i licencje na operatora drona.\",\"breadcrumb\":{\"@id\":\"https:\/\/ironsky.pl\/sklep\/produkt\/blokada-smigiel-sunnylife-do-dji-mini-3-czarna-mm3-sj552\/#breadcrumb\"},\"inLanguage\":\"pl-PL\",\"potentialAction\":[{\"@type\":\"ReadAction\",\"target\":[\"https:\/\/ironsky.pl\/sklep\/produkt\/blokada-smigiel-sunnylife-do-dji-mini-3-czarna-mm3-sj552\/\"]}]},{\"@type\":\"ImageObject\",\"inLanguage\":\"pl-PL\",\"@id\":\"https:\/\/ironsky.pl\/sklep\/produkt\/blokada-smigiel-sunnylife-do-dji-mini-3-czarna-mm3-sj552\/#primaryimage\",\"url\":\"https:\/\/ironsky.pl\/sklep\/wp-content\/uploads\/2024\/09\/30090_1.jpg\",\"contentUrl\":\"https:\/\/ironsky.pl\/sklep\/wp-content\/uploads\/2024\/09\/30090_1.jpg\",\"width\":800,\"height\":800},{\"@type\":\"BreadcrumbList\",\"@id\":\"https:\/\/ironsky.pl\/sklep\/produkt\/blokada-smigiel-sunnylife-do-dji-mini-3-czarna-mm3-sj552\/#breadcrumb\",\"itemListElement\":[{\"@type\":\"ListItem\",\"position\":1,\"name\":\"Strona g\u0142\u00f3wna\",\"item\":\"https:\/\/ironsky.pl\/sklep\/\"},{\"@type\":\"ListItem\",\"position\":2,\"name\":\"Wszystkie produkty\",\"item\":\"https:\/\/ironsky.pl\/sklep\/produkty\/\"},{\"@type\":\"ListItem\",\"position\":3,\"name\":\"Blokada \u015bmigie\u0142 Sunnylife do DJI Mini 3 (czarna) MM3-SJ552\"}]},{\"@type\":\"WebSite\",\"@id\":\"https:\/\/ironsky.pl\/sklep\/#website\",\"url\":\"https:\/\/ironsky.pl\/sklep\/\",\"name\":\"IRONSKY.PL Sklep z Dronami\",\"description\":\"IRONSKY.PL Sklep z Dronami\",\"potentialAction\":[{\"@type\":\"SearchAction\",\"target\":{\"@type\":\"EntryPoint\",\"urlTemplate\":\"https:\/\/ironsky.pl\/sklep\/?s={search_term_string}\"},\"query-input\":{\"@type\":\"PropertyValueSpecification\",\"valueRequired\":true,\"valueName\":\"search_term_string\"}}],\"inLanguage\":\"pl-PL\"}]}<\/script>\n<!-- \/ Yoast SEO plugin. -->","yoast_head_json":{"title":"Blokada \u015bmigie\u0142 Sunnylife do DJI Mini 3 (czarna) MM3-SJ552 - IRONSKY.PL Sklep z Dronami","description":"Blokada \u015bmigie\u0142 Sunnylife do DJI Mini 3 (czarna) MM3-SJ552 - \u2705 sklep z dronami i fachowym doradztwem. \u2705 Tutaj kupisz produkty DJI, Yuneec, Parrot, Syma i wiele innych, a tak\u017ce kursy i licencje na operatora drona.","robots":{"index":"index","follow":"follow","max-snippet":"max-snippet:-1","max-image-preview":"max-image-preview:large","max-video-preview":"max-video-preview:-1"},"canonical":"https:\/\/ironsky.pl\/sklep\/produkt\/blokada-smigiel-sunnylife-do-dji-mini-3-czarna-mm3-sj552\/","og_locale":"pl_PL","og_type":"article","og_title":"Blokada \u015bmigie\u0142 Sunnylife do DJI Mini 3 (czarna) MM3-SJ552 - IRONSKY.PL Sklep z Dronami","og_description":"Blokada \u015bmigie\u0142 Sunnylife do DJI Mini 3 (czarna) MM3-SJ552 - \u2705 sklep z dronami i fachowym doradztwem. \u2705 Tutaj kupisz produkty DJI, Yuneec, Parrot, Syma i wiele innych, a tak\u017ce kursy i licencje na operatora drona.","og_url":"https:\/\/ironsky.pl\/sklep\/produkt\/blokada-smigiel-sunnylife-do-dji-mini-3-czarna-mm3-sj552\/","og_site_name":"IRONSKY.PL Sklep z Dronami","article_modified_time":"2026-05-01T13:54:38+00:00","og_image":[{"width":800,"height":800,"url":"https:\/\/ironsky.pl\/sklep\/wp-content\/uploads\/2024\/09\/30090_1.jpg","type":"image\/jpeg"}],"twitter_card":"summary_large_image","schema":{"@context":"https:\/\/schema.org","@graph":[{"@type":"WebPage","@id":"https:\/\/ironsky.pl\/sklep\/produkt\/blokada-smigiel-sunnylife-do-dji-mini-3-czarna-mm3-sj552\/","url":"https:\/\/ironsky.pl\/sklep\/produkt\/blokada-smigiel-sunnylife-do-dji-mini-3-czarna-mm3-sj552\/","name":"Blokada \u015bmigie\u0142 Sunnylife do DJI Mini 3 (czarna) MM3-SJ552 - IRONSKY.PL Sklep z Dronami","isPartOf":{"@id":"https:\/\/ironsky.pl\/sklep\/#website"},"primaryImageOfPage":{"@id":"https:\/\/ironsky.pl\/sklep\/produkt\/blokada-smigiel-sunnylife-do-dji-mini-3-czarna-mm3-sj552\/#primaryimage"},"image":{"@id":"https:\/\/ironsky.pl\/sklep\/produkt\/blokada-smigiel-sunnylife-do-dji-mini-3-czarna-mm3-sj552\/#primaryimage"},"thumbnailUrl":"https:\/\/ironsky.pl\/sklep\/wp-content\/uploads\/2024\/09\/30090_1.jpg","datePublished":"2024-09-16T10:16:00+00:00","dateModified":"2026-05-01T13:54:38+00:00","description":"Blokada \u015bmigie\u0142 Sunnylife do DJI Mini 3 (czarna) MM3-SJ552 - \u2705 sklep z dronami i fachowym doradztwem. \u2705 Tutaj kupisz produkty DJI, Yuneec, Parrot, Syma i wiele innych, a tak\u017ce kursy i licencje na operatora drona.","breadcrumb":{"@id":"https:\/\/ironsky.pl\/sklep\/produkt\/blokada-smigiel-sunnylife-do-dji-mini-3-czarna-mm3-sj552\/#breadcrumb"},"inLanguage":"pl-PL","potentialAction":[{"@type":"ReadAction","target":["https:\/\/ironsky.pl\/sklep\/produkt\/blokada-smigiel-sunnylife-do-dji-mini-3-czarna-mm3-sj552\/"]}]},{"@type":"ImageObject","inLanguage":"pl-PL","@id":"https:\/\/ironsky.pl\/sklep\/produkt\/blokada-smigiel-sunnylife-do-dji-mini-3-czarna-mm3-sj552\/#primaryimage","url":"https:\/\/ironsky.pl\/sklep\/wp-content\/uploads\/2024\/09\/30090_1.jpg","contentUrl":"https:\/\/ironsky.pl\/sklep\/wp-content\/uploads\/2024\/09\/30090_1.jpg","width":800,"height":800},{"@type":"BreadcrumbList","@id":"https:\/\/ironsky.pl\/sklep\/produkt\/blokada-smigiel-sunnylife-do-dji-mini-3-czarna-mm3-sj552\/#breadcrumb","itemListElement":[{"@type":"ListItem","position":1,"name":"Strona g\u0142\u00f3wna","item":"https:\/\/ironsky.pl\/sklep\/"},{"@type":"ListItem","position":2,"name":"Wszystkie produkty","item":"https:\/\/ironsky.pl\/sklep\/produkty\/"},{"@type":"ListItem","position":3,"name":"Blokada \u015bmigie\u0142 Sunnylife do DJI Mini 3 (czarna) MM3-SJ552"}]},{"@type":"WebSite","@id":"https:\/\/ironsky.pl\/sklep\/#website","url":"https:\/\/ironsky.pl\/sklep\/","name":"IRONSKY.PL Sklep z Dronami","description":"IRONSKY.PL Sklep z Dronami","potentialAction":[{"@type":"SearchAction","target":{"@type":"EntryPoint","urlTemplate":"https:\/\/ironsky.pl\/sklep\/?s={search_term_string}"},"query-input":{"@type":"PropertyValueSpecification","valueRequired":true,"valueName":"search_term_string"}}],"inLanguage":"pl-PL"}]}},"_links":{"self":[{"href":"https:\/\/ironsky.pl\/sklep\/wp-json\/wp\/v2\/product\/19854","targetHints":{"allow":["GET"]}}],"collection":[{"href":"https:\/\/ironsky.pl\/sklep\/wp-json\/wp\/v2\/product"}],"about":[{"href":"https:\/\/ironsky.pl\/sklep\/wp-json\/wp\/v2\/types\/product"}],"replies":[{"embeddable":true,"href":"https:\/\/ironsky.pl\/sklep\/wp-json\/wp\/v2\/comments?post=19854"}],"wp:featuredmedia":[{"embeddable":true,"href":"https:\/\/ironsky.pl\/sklep\/wp-json\/wp\/v2\/media\/19855"}],"wp:attachment":[{"href":"https:\/\/ironsky.pl\/sklep\/wp-json\/wp\/v2\/media?parent=19854"}],"wp:term":[{"taxonomy":"product_brand","embeddable":true,"href":"https:\/\/ironsky.pl\/sklep\/wp-json\/wp\/v2\/product_brand?post=19854"},{"taxonomy":"product_cat","embeddable":true,"href":"https:\/\/ironsky.pl\/sklep\/wp-json\/wp\/v2\/product_cat?post=19854"},{"taxonomy":"product_tag","embeddable":true,"href":"https:\/\/ironsky.pl\/sklep\/wp-json\/wp\/v2\/product_tag?post=19854"}],"curies":[{"name":"wp","href":"https:\/\/api.w.org\/{rel}","templated":true}]}}