{"id":19823,"date":"2024-09-16T12:14:45","date_gmt":"2024-09-16T10:14:45","guid":{"rendered":"http:\/\/gvshalph.pro-linuxpl.com\/ironskyprodukty\/produkt\/zestaw-filtrow-shutter-polarpro-nd-8-16-32-do-dji-mavic-3-classic\/"},"modified":"2026-03-05T15:48:32","modified_gmt":"2026-03-05T14:48:32","slug":"zestaw-filtrow-shutter-polarpro-nd-8-16-32-do-dji-mavic-3-classic","status":"publish","type":"product","link":"https:\/\/ironsky.pl\/sklep\/produkt\/zestaw-filtrow-shutter-polarpro-nd-8-16-32-do-dji-mavic-3-classic\/","title":{"rendered":"Zestaw filtr\u00f3w Shutter PolarPro ND (8\/16\/32) do DJI Mavic 3 Classic"},"content":{"rendered":"<h3>Zestaw filtr\u00f3w Shutter PolarPro ND (8\/16\/32) do DJI Mavic 3 Classic<\/h3>\n<p>Tw\u00f3rz jeszcze pi\u0119kniejsze uj\u0119cia z lotu ptaka. Zestaw Shutter zawiera 3 filtry ND (ND8, ND16 i ND32) przeznaczone dla drona DJI Mavic 3 Classic. Dzi\u0119ki nim mo\u017cesz skr\u00f3ci\u0107 czas otwarcia migawki i nagrywa\u0107 fantastycznej jako\u015bci filmy niemal w ka\u017cdych warunkach o\u015bwietleniowych. Do wykonania akcesori\u00f3w zastosowano wysokiej klasy szk\u0142o CinemaSeries oraz lekkie, a zarazem wytrzyma\u0142e aluminium. Wszystkie filtry znajduj\u0105 si\u0119 w pude\u0142ku z magnetycznym zamkni\u0119ciem.<\/p>\n<p><img decoding=\"async\" src=\"https:\/\/b2b.innpro.pl\/data\/include\/cms\/02PolarPro\/M3C-SHUTTER\/2.jpg\" border=\"0\" alt=\"\" width=\"1100\" height=\"700\" \/><\/p>\n<p><\/p>\n<h3>Tw\u00f3rz zapieraj\u0105ce dech w piersiach uj\u0119cia<\/h3>\n<p>Wchodz\u0105ce w sk\u0142ad zestawu filtry ND pozwol\u0105 Ci zredukowa\u0107 czas otwarcia migawki, dzi\u0119ki czemu doskonale sprawdz\u0105 si\u0119 nawet w wyj\u0105tkowo wymagaj\u0105cych warunkach o\u015bwietleniowych. W efekcie mo\u017cesz cieszy\u0107 si\u0119 pi\u0119knym, wyrazistym obrazem i \u017cyw\u0105 kolorystyk\u0105! Filtr ND8 (3 stopnie) idealnie nadaje si\u0119 do nagrywania w czasie niebieskiej lub z\u0142otej godziny. Filtr ND16 (4 stopnie) sprawdzi si\u0119 rano i wieczorem. Filtr ND32 (5 stopni) b\u0119dzie odpowiednim wyborem podczas pracy w \u015brodku dnia, gdy na dworze jest najja\u015bniej.<\/p>\n<p><img decoding=\"async\" src=\"https:\/\/b2b.innpro.pl\/data\/include\/cms\/02PolarPro\/M3C-SHUTTER\/3.jpg\" border=\"0\" alt=\"\" width=\"1100\" height=\"700\" \/><\/p>\n<p><\/p>\n<h3>Najwy\u017csza jako\u015b\u0107 wykonania<\/h3>\n<p>Ramki filtr\u00f3w powsta\u0142y z trwa\u0142ego, a zarazem wyj\u0105tkowo lekkiego aluminium lotniczego. Dzi\u0119ki temu nie obci\u0105\u017caj\u0105 one drona i nie wp\u0142ywaj\u0105 negatywnie na jego czas lotu. Co wi\u0119cej, do wykonania akcesori\u00f3w zastosowano wysokiej jako\u015bci szk\u0142o CinemaSeries, kt\u00f3re gwarantuje fantastyczn\u0105 przejrzysto\u015b\u0107 i wyr\u00f3\u017cnia si\u0119 niskim wsp\u00f3\u0142czynnikiem za\u0142amania \u015bwiat\u0142a. Wszystkie filtry umieszczono w praktycznym pude\u0142ku z magnetycznym zamkni\u0119ciem, co znacznie u\u0142atwia ich przechowywanie i transport.<\/p>\n<p><img decoding=\"async\" src=\"https:\/\/b2b.innpro.pl\/data\/include\/cms\/02PolarPro\/M3C-SHUTTER\/1.jpg\" border=\"0\" alt=\"\" width=\"1100\" height=\"700\" \/><\/p>\n<p><\/p>\n<h3>W zestawie<\/h3>\n<ul>\n<li>Filtr ND8<\/li>\n<li>Filtr ND16<\/li>\n<li>Filtr ND32<\/li>\n<li>Pude\u0142ko do przechowywania<\/li>\n<\/ul>\n<div class=\"table-wrapper\">\n<table>\n<tbody>\n<tr>\n<th>Producent<\/th>\n<td>Polarpro<\/td>\n<\/tr>\n<tr>\n<th>Model<\/th>\n<td>M3C-SHUTTER<\/td>\n<\/tr>\n<tr>\n<th>Rodzaj filtr\u00f3w<\/th>\n<td>ND<\/td>\n<\/tr>\n<tr>\n<th>Materia\u0142<\/th>\n<td>Aluminium lotnicze + szk\u0142o CinemaSeries<\/td>\n<\/tr>\n<tr>\n<th>Kompatybilno\u015b\u0107<\/th>\n<td>DJI Mavic 3 Classic<\/td>\n<\/tr>\n<\/tbody>\n<\/table>\n<\/div>\n<style type=\"text\/css\">.table-wrapper{width:100%;overflow-x:auto}.table-wrapper>table{border-spacing:0}.table-wrapper>table>tbody>tr>td,.table-wrapper>table>tbody>tr>th{padding:10px 35px;text-align:left}.table-wrapper>table>tbody>tr>th{vertical-align:top}.table-wrapper>table>tbody>tr:nth-child(even){background-color:#f7f7f7}<\/style>\n","protected":false},"excerpt":{"rendered":"<p>Zestaw filtr\u00f3w Shutter PolarPro ND (8\/16\/32) do DJI Mavic 3 Classic Tw\u00f3rz jeszcze pi\u0119kniejsze uj\u0119cia z lotu ptaka. Zestaw Shutter<\/p>\n","protected":false},"featured_media":19824,"comment_status":"closed","ping_status":"open","template":"","meta":{"_acf_changed":false},"product_brand":[],"product_cat":[5593,1090,1091,1088],"product_tag":[],"class_list":{"0":"post-19823","1":"product","2":"type-product","3":"status-publish","4":"has-post-thumbnail","6":"product_cat-mavic-3","7":"product_cat-akcesoria","8":"product_cat-dji","9":"product_cat-drony","10":"pa_box-height-1383","11":"pa_box-length-1997","12":"pa_box-width-1610","13":"pa_gross-weight-3049","14":"pa_hs-code-1741","15":"pa_kompatybilnosc-filtry","16":"pa_model-mavic","17":"pa_net-weight-1407","19":"first","20":"outofstock","21":"taxable","22":"shipping-taxable","23":"product-type-simple"},"acf":[],"yoast_head":"<!-- This site is optimized with the Yoast SEO plugin v27.2 - https:\/\/yoast.com\/product\/yoast-seo-wordpress\/ -->\n<title>Zestaw filtr\u00f3w Shutter PolarPro ND (8\/16\/32) do DJI Mavic 3 Classic - IRONSKY.PL Sklep z Dronami<\/title>\n<meta name=\"description\" content=\"Zestaw filtr\u00f3w Shutter PolarPro ND (8\/16\/32) do DJI Mavic 3 Classic - \u2705 sklep z dronami i fachowym doradztwem. \u2705 Tutaj kupisz produkty DJI, Yuneec, Parrot, Syma i wiele innych, a tak\u017ce kursy i licencje na operatora drona.\" \/>\n<meta name=\"robots\" content=\"index, follow, max-snippet:-1, max-image-preview:large, max-video-preview:-1\" \/>\n<link rel=\"canonical\" href=\"https:\/\/ironsky.pl\/sklep\/produkt\/zestaw-filtrow-shutter-polarpro-nd-8-16-32-do-dji-mavic-3-classic\/\" \/>\n<meta property=\"og:locale\" content=\"pl_PL\" \/>\n<meta property=\"og:type\" content=\"article\" \/>\n<meta property=\"og:title\" content=\"Zestaw filtr\u00f3w Shutter PolarPro ND (8\/16\/32) do DJI Mavic 3 Classic - IRONSKY.PL Sklep z Dronami\" \/>\n<meta property=\"og:description\" content=\"Zestaw filtr\u00f3w Shutter PolarPro ND (8\/16\/32) do DJI Mavic 3 Classic - \u2705 sklep z dronami i fachowym doradztwem. \u2705 Tutaj kupisz produkty DJI, Yuneec, Parrot, Syma i wiele innych, a tak\u017ce kursy i licencje na operatora drona.\" \/>\n<meta property=\"og:url\" content=\"https:\/\/ironsky.pl\/sklep\/produkt\/zestaw-filtrow-shutter-polarpro-nd-8-16-32-do-dji-mavic-3-classic\/\" \/>\n<meta property=\"og:site_name\" content=\"IRONSKY.PL Sklep z Dronami\" \/>\n<meta property=\"article:modified_time\" content=\"2026-03-05T14:48:32+00:00\" \/>\n<meta property=\"og:image\" content=\"https:\/\/ironsky.pl\/sklep\/wp-content\/uploads\/2024\/09\/28008_1.jpg\" \/>\n\t<meta property=\"og:image:width\" content=\"800\" \/>\n\t<meta property=\"og:image:height\" content=\"800\" \/>\n\t<meta property=\"og:image:type\" content=\"image\/jpeg\" \/>\n<meta name=\"twitter:card\" content=\"summary_large_image\" \/>\n<meta name=\"twitter:label1\" content=\"Szacowany czas czytania\" \/>\n\t<meta name=\"twitter:data1\" content=\"1 minuta\" \/>\n<script type=\"application\/ld+json\" class=\"yoast-schema-graph\">{\"@context\":\"https:\/\/schema.org\",\"@graph\":[{\"@type\":\"WebPage\",\"@id\":\"https:\/\/ironsky.pl\/sklep\/produkt\/zestaw-filtrow-shutter-polarpro-nd-8-16-32-do-dji-mavic-3-classic\/\",\"url\":\"https:\/\/ironsky.pl\/sklep\/produkt\/zestaw-filtrow-shutter-polarpro-nd-8-16-32-do-dji-mavic-3-classic\/\",\"name\":\"Zestaw filtr\u00f3w Shutter PolarPro ND (8\/16\/32) do DJI Mavic 3 Classic - IRONSKY.PL Sklep z Dronami\",\"isPartOf\":{\"@id\":\"https:\/\/ironsky.pl\/sklep\/#website\"},\"primaryImageOfPage\":{\"@id\":\"https:\/\/ironsky.pl\/sklep\/produkt\/zestaw-filtrow-shutter-polarpro-nd-8-16-32-do-dji-mavic-3-classic\/#primaryimage\"},\"image\":{\"@id\":\"https:\/\/ironsky.pl\/sklep\/produkt\/zestaw-filtrow-shutter-polarpro-nd-8-16-32-do-dji-mavic-3-classic\/#primaryimage\"},\"thumbnailUrl\":\"https:\/\/ironsky.pl\/sklep\/wp-content\/uploads\/2024\/09\/28008_1.jpg\",\"datePublished\":\"2024-09-16T10:14:45+00:00\",\"dateModified\":\"2026-03-05T14:48:32+00:00\",\"description\":\"Zestaw filtr\u00f3w Shutter PolarPro ND (8\/16\/32) do DJI Mavic 3 Classic - \u2705 sklep z dronami i fachowym doradztwem. \u2705 Tutaj kupisz produkty DJI, Yuneec, Parrot, Syma i wiele innych, a tak\u017ce kursy i licencje na operatora drona.\",\"breadcrumb\":{\"@id\":\"https:\/\/ironsky.pl\/sklep\/produkt\/zestaw-filtrow-shutter-polarpro-nd-8-16-32-do-dji-mavic-3-classic\/#breadcrumb\"},\"inLanguage\":\"pl-PL\",\"potentialAction\":[{\"@type\":\"ReadAction\",\"target\":[\"https:\/\/ironsky.pl\/sklep\/produkt\/zestaw-filtrow-shutter-polarpro-nd-8-16-32-do-dji-mavic-3-classic\/\"]}]},{\"@type\":\"ImageObject\",\"inLanguage\":\"pl-PL\",\"@id\":\"https:\/\/ironsky.pl\/sklep\/produkt\/zestaw-filtrow-shutter-polarpro-nd-8-16-32-do-dji-mavic-3-classic\/#primaryimage\",\"url\":\"https:\/\/ironsky.pl\/sklep\/wp-content\/uploads\/2024\/09\/28008_1.jpg\",\"contentUrl\":\"https:\/\/ironsky.pl\/sklep\/wp-content\/uploads\/2024\/09\/28008_1.jpg\",\"width\":800,\"height\":800},{\"@type\":\"BreadcrumbList\",\"@id\":\"https:\/\/ironsky.pl\/sklep\/produkt\/zestaw-filtrow-shutter-polarpro-nd-8-16-32-do-dji-mavic-3-classic\/#breadcrumb\",\"itemListElement\":[{\"@type\":\"ListItem\",\"position\":1,\"name\":\"Strona g\u0142\u00f3wna\",\"item\":\"https:\/\/ironsky.pl\/sklep\/\"},{\"@type\":\"ListItem\",\"position\":2,\"name\":\"Wszystkie produkty\",\"item\":\"https:\/\/ironsky.pl\/sklep\/produkty\/\"},{\"@type\":\"ListItem\",\"position\":3,\"name\":\"Zestaw filtr\u00f3w Shutter PolarPro ND (8\/16\/32) do DJI Mavic 3 Classic\"}]},{\"@type\":\"WebSite\",\"@id\":\"https:\/\/ironsky.pl\/sklep\/#website\",\"url\":\"https:\/\/ironsky.pl\/sklep\/\",\"name\":\"IRONSKY.PL Sklep z Dronami\",\"description\":\"IRONSKY.PL Sklep z Dronami\",\"potentialAction\":[{\"@type\":\"SearchAction\",\"target\":{\"@type\":\"EntryPoint\",\"urlTemplate\":\"https:\/\/ironsky.pl\/sklep\/?s={search_term_string}\"},\"query-input\":{\"@type\":\"PropertyValueSpecification\",\"valueRequired\":true,\"valueName\":\"search_term_string\"}}],\"inLanguage\":\"pl-PL\"}]}<\/script>\n<!-- \/ Yoast SEO plugin. -->","yoast_head_json":{"title":"Zestaw filtr\u00f3w Shutter PolarPro ND (8\/16\/32) do DJI Mavic 3 Classic - IRONSKY.PL Sklep z Dronami","description":"Zestaw filtr\u00f3w Shutter PolarPro ND (8\/16\/32) do DJI Mavic 3 Classic - \u2705 sklep z dronami i fachowym doradztwem. \u2705 Tutaj kupisz produkty DJI, Yuneec, Parrot, Syma i wiele innych, a tak\u017ce kursy i licencje na operatora drona.","robots":{"index":"index","follow":"follow","max-snippet":"max-snippet:-1","max-image-preview":"max-image-preview:large","max-video-preview":"max-video-preview:-1"},"canonical":"https:\/\/ironsky.pl\/sklep\/produkt\/zestaw-filtrow-shutter-polarpro-nd-8-16-32-do-dji-mavic-3-classic\/","og_locale":"pl_PL","og_type":"article","og_title":"Zestaw filtr\u00f3w Shutter PolarPro ND (8\/16\/32) do DJI Mavic 3 Classic - IRONSKY.PL Sklep z Dronami","og_description":"Zestaw filtr\u00f3w Shutter PolarPro ND (8\/16\/32) do DJI Mavic 3 Classic - \u2705 sklep z dronami i fachowym doradztwem. \u2705 Tutaj kupisz produkty DJI, Yuneec, Parrot, Syma i wiele innych, a tak\u017ce kursy i licencje na operatora drona.","og_url":"https:\/\/ironsky.pl\/sklep\/produkt\/zestaw-filtrow-shutter-polarpro-nd-8-16-32-do-dji-mavic-3-classic\/","og_site_name":"IRONSKY.PL Sklep z Dronami","article_modified_time":"2026-03-05T14:48:32+00:00","og_image":[{"width":800,"height":800,"url":"https:\/\/ironsky.pl\/sklep\/wp-content\/uploads\/2024\/09\/28008_1.jpg","type":"image\/jpeg"}],"twitter_card":"summary_large_image","twitter_misc":{"Szacowany czas czytania":"1 minuta"},"schema":{"@context":"https:\/\/schema.org","@graph":[{"@type":"WebPage","@id":"https:\/\/ironsky.pl\/sklep\/produkt\/zestaw-filtrow-shutter-polarpro-nd-8-16-32-do-dji-mavic-3-classic\/","url":"https:\/\/ironsky.pl\/sklep\/produkt\/zestaw-filtrow-shutter-polarpro-nd-8-16-32-do-dji-mavic-3-classic\/","name":"Zestaw filtr\u00f3w Shutter PolarPro ND (8\/16\/32) do DJI Mavic 3 Classic - IRONSKY.PL Sklep z Dronami","isPartOf":{"@id":"https:\/\/ironsky.pl\/sklep\/#website"},"primaryImageOfPage":{"@id":"https:\/\/ironsky.pl\/sklep\/produkt\/zestaw-filtrow-shutter-polarpro-nd-8-16-32-do-dji-mavic-3-classic\/#primaryimage"},"image":{"@id":"https:\/\/ironsky.pl\/sklep\/produkt\/zestaw-filtrow-shutter-polarpro-nd-8-16-32-do-dji-mavic-3-classic\/#primaryimage"},"thumbnailUrl":"https:\/\/ironsky.pl\/sklep\/wp-content\/uploads\/2024\/09\/28008_1.jpg","datePublished":"2024-09-16T10:14:45+00:00","dateModified":"2026-03-05T14:48:32+00:00","description":"Zestaw filtr\u00f3w Shutter PolarPro ND (8\/16\/32) do DJI Mavic 3 Classic - \u2705 sklep z dronami i fachowym doradztwem. \u2705 Tutaj kupisz produkty DJI, Yuneec, Parrot, Syma i wiele innych, a tak\u017ce kursy i licencje na operatora drona.","breadcrumb":{"@id":"https:\/\/ironsky.pl\/sklep\/produkt\/zestaw-filtrow-shutter-polarpro-nd-8-16-32-do-dji-mavic-3-classic\/#breadcrumb"},"inLanguage":"pl-PL","potentialAction":[{"@type":"ReadAction","target":["https:\/\/ironsky.pl\/sklep\/produkt\/zestaw-filtrow-shutter-polarpro-nd-8-16-32-do-dji-mavic-3-classic\/"]}]},{"@type":"ImageObject","inLanguage":"pl-PL","@id":"https:\/\/ironsky.pl\/sklep\/produkt\/zestaw-filtrow-shutter-polarpro-nd-8-16-32-do-dji-mavic-3-classic\/#primaryimage","url":"https:\/\/ironsky.pl\/sklep\/wp-content\/uploads\/2024\/09\/28008_1.jpg","contentUrl":"https:\/\/ironsky.pl\/sklep\/wp-content\/uploads\/2024\/09\/28008_1.jpg","width":800,"height":800},{"@type":"BreadcrumbList","@id":"https:\/\/ironsky.pl\/sklep\/produkt\/zestaw-filtrow-shutter-polarpro-nd-8-16-32-do-dji-mavic-3-classic\/#breadcrumb","itemListElement":[{"@type":"ListItem","position":1,"name":"Strona g\u0142\u00f3wna","item":"https:\/\/ironsky.pl\/sklep\/"},{"@type":"ListItem","position":2,"name":"Wszystkie produkty","item":"https:\/\/ironsky.pl\/sklep\/produkty\/"},{"@type":"ListItem","position":3,"name":"Zestaw filtr\u00f3w Shutter PolarPro ND (8\/16\/32) do DJI Mavic 3 Classic"}]},{"@type":"WebSite","@id":"https:\/\/ironsky.pl\/sklep\/#website","url":"https:\/\/ironsky.pl\/sklep\/","name":"IRONSKY.PL Sklep z Dronami","description":"IRONSKY.PL Sklep z Dronami","potentialAction":[{"@type":"SearchAction","target":{"@type":"EntryPoint","urlTemplate":"https:\/\/ironsky.pl\/sklep\/?s={search_term_string}"},"query-input":{"@type":"PropertyValueSpecification","valueRequired":true,"valueName":"search_term_string"}}],"inLanguage":"pl-PL"}]}},"_links":{"self":[{"href":"https:\/\/ironsky.pl\/sklep\/wp-json\/wp\/v2\/product\/19823","targetHints":{"allow":["GET"]}}],"collection":[{"href":"https:\/\/ironsky.pl\/sklep\/wp-json\/wp\/v2\/product"}],"about":[{"href":"https:\/\/ironsky.pl\/sklep\/wp-json\/wp\/v2\/types\/product"}],"replies":[{"embeddable":true,"href":"https:\/\/ironsky.pl\/sklep\/wp-json\/wp\/v2\/comments?post=19823"}],"wp:featuredmedia":[{"embeddable":true,"href":"https:\/\/ironsky.pl\/sklep\/wp-json\/wp\/v2\/media\/19824"}],"wp:attachment":[{"href":"https:\/\/ironsky.pl\/sklep\/wp-json\/wp\/v2\/media?parent=19823"}],"wp:term":[{"taxonomy":"product_brand","embeddable":true,"href":"https:\/\/ironsky.pl\/sklep\/wp-json\/wp\/v2\/product_brand?post=19823"},{"taxonomy":"product_cat","embeddable":true,"href":"https:\/\/ironsky.pl\/sklep\/wp-json\/wp\/v2\/product_cat?post=19823"},{"taxonomy":"product_tag","embeddable":true,"href":"https:\/\/ironsky.pl\/sklep\/wp-json\/wp\/v2\/product_tag?post=19823"}],"curies":[{"name":"wp","href":"https:\/\/api.w.org\/{rel}","templated":true}]}}