{"id":19818,"date":"2024-09-16T12:14:45","date_gmt":"2024-09-16T10:14:45","guid":{"rendered":"http:\/\/gvshalph.pro-linuxpl.com\/ironskyprodukty\/produkt\/filtr-polarpro-cp-circular-polarizer-do-dji-mavic-3-classic\/"},"modified":"2026-03-05T15:48:32","modified_gmt":"2026-03-05T14:48:32","slug":"filtr-polarpro-cp-circular-polarizer-do-dji-mavic-3-classic","status":"publish","type":"product","link":"https:\/\/ironsky.pl\/sklep\/produkt\/filtr-polarpro-cp-circular-polarizer-do-dji-mavic-3-classic\/","title":{"rendered":"Filtr PolarPro CP Circular Polarizer do DJI Mavic 3 Classic"},"content":{"rendered":"<h3>Filtr PolarPro CP Circular Polarizer do DJI Mavic 3 Classic<\/h3>\n<p>Tw\u00f3rz jeszcze wspanialsze uj\u0119cia z lotu ptaka. Filtr CP dedykowany dronowi DJI Mavic 3 Classic to niezwykle przydatne akcesorium dla fotograf\u00f3w krajobrazu. Pozwala uzyska\u0107 lepszy kontrast i nasycenie kolor\u00f3w, dzi\u0119ki czemu bez trudu przygotujesz zachwycaj\u0105ce zdj\u0119cia czy filmy. Do wykonania produktu zastosowano wysokiej jako\u015bci szk\u0142o CinemaSeries oraz lekkie, a zarazem wytrzyma\u0142e aluminium. Co wi\u0119cej, filtr znajduje si\u0119 w pude\u0142ku z magnetycznym zamkni\u0119ciem.<\/p>\n<p><img decoding=\"async\" src=\"https:\/\/b2b.innpro.pl\/data\/include\/cms\/02PolarPro\/M3C-CP\/2.jpg\"><\/p>\n<h3>Tw\u00f3rz spektakularne uj\u0119cia<\/h3>\n<p>Je\u015bli cz\u0119sto fotografujesz lub nagrywasz krajobrazy, filtr CP od Polarpro b\u0119dzie niemal niezb\u0119dnym elementem Twojego wyposa\u017cenia. Akcesorium zapewnia doskona\u0142y kontrast i nasycenie barw, redukuje odblaski i odbicia, pozwala te\u017c nieco przyciemni\u0107 niebo na zdj\u0119ciach. Z powodzeniem wykorzystasz je na przyk\u0142ad w kompozycjach z wod\u0105, \u015bniegiem, lodem czy li\u015b\u0107mi. Przekonaj si\u0119, \u017ce uchwycenie pi\u0119kna pejza\u017cu wcale nie musi wymaga\u0107 du\u017cego wysi\u0142ku!<\/p>\n<p><img decoding=\"async\" src=\"https:\/\/b2b.innpro.pl\/data\/include\/cms\/02PolarPro\/M3C-CP\/3.jpg\"><\/p>\n<h3>Najwy\u017csza jako\u015b\u0107 wykonania<\/h3>\n<p>Ramka filtra powsta\u0142a z trwa\u0142ego, a zarazem wyj\u0105tkowo lekkiego aluminium. Dzi\u0119ki temu produkt nie obci\u0105\u017ca drona i nie wp\u0142ywa negatywnie na jego czas lotu. Co wi\u0119cej, do wykonania akcesorium zastosowano wysokiej jako\u015bci szk\u0142o CinemaSeries, kt\u00f3re gwarantuje fantastyczn\u0105 przejrzysto\u015b\u0107 i wyr\u00f3\u017cnia si\u0119 niskim wsp\u00f3\u0142czynnikiem za\u0142amania \u015bwiat\u0142a. Filtr umieszczono w praktycznym pude\u0142ku z magnetycznym zamkni\u0119ciem, co znacznie u\u0142atwia jego przechowywanie i transport.<\/p>\n<p><img decoding=\"async\" src=\"https:\/\/b2b.innpro.pl\/data\/include\/cms\/02PolarPro\/M3C-CP\/1.jpg\"><\/p>\n<h3>W zestawie<\/h3>\n<ul>\n<li>Filtr CP<\/li>\n<li>Pude\u0142ko do przechowywania<\/li>\n<\/ul>\n<div class=\"table-wrapper\">\n<table>\n<tbody>\n<tr>\n<th>Producent<\/th>\n<td>Polarpro<\/td>\n<\/tr>\n<tr>\n<th>Model<\/th>\n<td>M3C-CP<\/td>\n<\/tr>\n<tr>\n<th>Rodzaj filtra<\/th>\n<td>CP<\/td>\n<\/tr>\n<tr>\n<th>Materia\u0142<\/th>\n<td>Aluminium + szk\u0142o CinemaSeries<\/td>\n<\/tr>\n<tr>\n<th>Kompatybilno\u015b\u0107<\/th>\n<td>DJI Mavic 3 Classic<\/td>\n<\/tr>\n<\/tbody>\n<\/table>\n<\/div>\n","protected":false},"excerpt":{"rendered":"<p>Filtr PolarPro CP Circular Polarizer do DJI Mavic 3 Classic Tw\u00f3rz jeszcze wspanialsze uj\u0119cia z lotu ptaka. Filtr CP dedykowany<\/p>\n","protected":false},"featured_media":19819,"comment_status":"closed","ping_status":"open","template":"","meta":{"_acf_changed":false},"product_brand":[],"product_cat":[5593,1090,1091,1088],"product_tag":[],"class_list":{"0":"post-19818","1":"product","2":"type-product","3":"status-publish","4":"has-post-thumbnail","6":"product_cat-mavic-3","7":"product_cat-akcesoria","8":"product_cat-dji","9":"product_cat-drony","10":"pa_box-height-1383","11":"pa_box-length-1997","12":"pa_box-width-1610","13":"pa_gross-weight-2485","14":"pa_hs-code-1741","15":"pa_kompatybilnosc-filtry","16":"pa_model-mavic","17":"pa_net-weight-1444","19":"first","20":"outofstock","21":"taxable","22":"shipping-taxable","23":"purchasable","24":"product-type-simple"},"acf":[],"yoast_head":"<!-- This site is optimized with the Yoast SEO plugin v27.2 - https:\/\/yoast.com\/product\/yoast-seo-wordpress\/ -->\n<title>Filtr PolarPro CP Circular Polarizer do DJI Mavic 3 Classic - IRONSKY.PL Sklep z Dronami<\/title>\n<meta name=\"description\" content=\"Filtr PolarPro CP Circular Polarizer do DJI Mavic 3 Classic - \u2705 sklep z dronami i fachowym doradztwem. \u2705 Tutaj kupisz produkty DJI, Yuneec, Parrot, Syma i wiele innych, a tak\u017ce kursy i licencje na operatora drona.\" \/>\n<meta name=\"robots\" content=\"index, follow, max-snippet:-1, max-image-preview:large, max-video-preview:-1\" \/>\n<link rel=\"canonical\" href=\"https:\/\/ironsky.pl\/sklep\/produkt\/filtr-polarpro-cp-circular-polarizer-do-dji-mavic-3-classic\/\" \/>\n<meta property=\"og:locale\" content=\"pl_PL\" \/>\n<meta property=\"og:type\" content=\"article\" \/>\n<meta property=\"og:title\" content=\"Filtr PolarPro CP Circular Polarizer do DJI Mavic 3 Classic - IRONSKY.PL Sklep z Dronami\" \/>\n<meta property=\"og:description\" content=\"Filtr PolarPro CP Circular Polarizer do DJI Mavic 3 Classic - \u2705 sklep z dronami i fachowym doradztwem. \u2705 Tutaj kupisz produkty DJI, Yuneec, Parrot, Syma i wiele innych, a tak\u017ce kursy i licencje na operatora drona.\" \/>\n<meta property=\"og:url\" content=\"https:\/\/ironsky.pl\/sklep\/produkt\/filtr-polarpro-cp-circular-polarizer-do-dji-mavic-3-classic\/\" \/>\n<meta property=\"og:site_name\" content=\"IRONSKY.PL Sklep z Dronami\" \/>\n<meta property=\"article:modified_time\" content=\"2026-03-05T14:48:32+00:00\" \/>\n<meta property=\"og:image\" content=\"https:\/\/ironsky.pl\/sklep\/wp-content\/uploads\/2024\/09\/28003_1.jpg\" \/>\n\t<meta property=\"og:image:width\" content=\"800\" \/>\n\t<meta property=\"og:image:height\" content=\"800\" \/>\n\t<meta property=\"og:image:type\" content=\"image\/jpeg\" \/>\n<meta name=\"twitter:card\" content=\"summary_large_image\" \/>\n<meta name=\"twitter:label1\" content=\"Szacowany czas czytania\" \/>\n\t<meta name=\"twitter:data1\" content=\"1 minuta\" \/>\n<script type=\"application\/ld+json\" class=\"yoast-schema-graph\">{\"@context\":\"https:\/\/schema.org\",\"@graph\":[{\"@type\":\"WebPage\",\"@id\":\"https:\/\/ironsky.pl\/sklep\/produkt\/filtr-polarpro-cp-circular-polarizer-do-dji-mavic-3-classic\/\",\"url\":\"https:\/\/ironsky.pl\/sklep\/produkt\/filtr-polarpro-cp-circular-polarizer-do-dji-mavic-3-classic\/\",\"name\":\"Filtr PolarPro CP Circular Polarizer do DJI Mavic 3 Classic - IRONSKY.PL Sklep z Dronami\",\"isPartOf\":{\"@id\":\"https:\/\/ironsky.pl\/sklep\/#website\"},\"primaryImageOfPage\":{\"@id\":\"https:\/\/ironsky.pl\/sklep\/produkt\/filtr-polarpro-cp-circular-polarizer-do-dji-mavic-3-classic\/#primaryimage\"},\"image\":{\"@id\":\"https:\/\/ironsky.pl\/sklep\/produkt\/filtr-polarpro-cp-circular-polarizer-do-dji-mavic-3-classic\/#primaryimage\"},\"thumbnailUrl\":\"https:\/\/ironsky.pl\/sklep\/wp-content\/uploads\/2024\/09\/28003_1.jpg\",\"datePublished\":\"2024-09-16T10:14:45+00:00\",\"dateModified\":\"2026-03-05T14:48:32+00:00\",\"description\":\"Filtr PolarPro CP Circular Polarizer do DJI Mavic 3 Classic - \u2705 sklep z dronami i fachowym doradztwem. \u2705 Tutaj kupisz produkty DJI, Yuneec, Parrot, Syma i wiele innych, a tak\u017ce kursy i licencje na operatora drona.\",\"breadcrumb\":{\"@id\":\"https:\/\/ironsky.pl\/sklep\/produkt\/filtr-polarpro-cp-circular-polarizer-do-dji-mavic-3-classic\/#breadcrumb\"},\"inLanguage\":\"pl-PL\",\"potentialAction\":[{\"@type\":\"ReadAction\",\"target\":[\"https:\/\/ironsky.pl\/sklep\/produkt\/filtr-polarpro-cp-circular-polarizer-do-dji-mavic-3-classic\/\"]}]},{\"@type\":\"ImageObject\",\"inLanguage\":\"pl-PL\",\"@id\":\"https:\/\/ironsky.pl\/sklep\/produkt\/filtr-polarpro-cp-circular-polarizer-do-dji-mavic-3-classic\/#primaryimage\",\"url\":\"https:\/\/ironsky.pl\/sklep\/wp-content\/uploads\/2024\/09\/28003_1.jpg\",\"contentUrl\":\"https:\/\/ironsky.pl\/sklep\/wp-content\/uploads\/2024\/09\/28003_1.jpg\",\"width\":800,\"height\":800},{\"@type\":\"BreadcrumbList\",\"@id\":\"https:\/\/ironsky.pl\/sklep\/produkt\/filtr-polarpro-cp-circular-polarizer-do-dji-mavic-3-classic\/#breadcrumb\",\"itemListElement\":[{\"@type\":\"ListItem\",\"position\":1,\"name\":\"Strona g\u0142\u00f3wna\",\"item\":\"https:\/\/ironsky.pl\/sklep\/\"},{\"@type\":\"ListItem\",\"position\":2,\"name\":\"Wszystkie produkty\",\"item\":\"https:\/\/ironsky.pl\/sklep\/produkty\/\"},{\"@type\":\"ListItem\",\"position\":3,\"name\":\"Filtr PolarPro CP Circular Polarizer do DJI Mavic 3 Classic\"}]},{\"@type\":\"WebSite\",\"@id\":\"https:\/\/ironsky.pl\/sklep\/#website\",\"url\":\"https:\/\/ironsky.pl\/sklep\/\",\"name\":\"IRONSKY.PL Sklep z Dronami\",\"description\":\"IRONSKY.PL Sklep z Dronami\",\"potentialAction\":[{\"@type\":\"SearchAction\",\"target\":{\"@type\":\"EntryPoint\",\"urlTemplate\":\"https:\/\/ironsky.pl\/sklep\/?s={search_term_string}\"},\"query-input\":{\"@type\":\"PropertyValueSpecification\",\"valueRequired\":true,\"valueName\":\"search_term_string\"}}],\"inLanguage\":\"pl-PL\"}]}<\/script>\n<!-- \/ Yoast SEO plugin. -->","yoast_head_json":{"title":"Filtr PolarPro CP Circular Polarizer do DJI Mavic 3 Classic - IRONSKY.PL Sklep z Dronami","description":"Filtr PolarPro CP Circular Polarizer do DJI Mavic 3 Classic - \u2705 sklep z dronami i fachowym doradztwem. \u2705 Tutaj kupisz produkty DJI, Yuneec, Parrot, Syma i wiele innych, a tak\u017ce kursy i licencje na operatora drona.","robots":{"index":"index","follow":"follow","max-snippet":"max-snippet:-1","max-image-preview":"max-image-preview:large","max-video-preview":"max-video-preview:-1"},"canonical":"https:\/\/ironsky.pl\/sklep\/produkt\/filtr-polarpro-cp-circular-polarizer-do-dji-mavic-3-classic\/","og_locale":"pl_PL","og_type":"article","og_title":"Filtr PolarPro CP Circular Polarizer do DJI Mavic 3 Classic - IRONSKY.PL Sklep z Dronami","og_description":"Filtr PolarPro CP Circular Polarizer do DJI Mavic 3 Classic - \u2705 sklep z dronami i fachowym doradztwem. \u2705 Tutaj kupisz produkty DJI, Yuneec, Parrot, Syma i wiele innych, a tak\u017ce kursy i licencje na operatora drona.","og_url":"https:\/\/ironsky.pl\/sklep\/produkt\/filtr-polarpro-cp-circular-polarizer-do-dji-mavic-3-classic\/","og_site_name":"IRONSKY.PL Sklep z Dronami","article_modified_time":"2026-03-05T14:48:32+00:00","og_image":[{"width":800,"height":800,"url":"https:\/\/ironsky.pl\/sklep\/wp-content\/uploads\/2024\/09\/28003_1.jpg","type":"image\/jpeg"}],"twitter_card":"summary_large_image","twitter_misc":{"Szacowany czas czytania":"1 minuta"},"schema":{"@context":"https:\/\/schema.org","@graph":[{"@type":"WebPage","@id":"https:\/\/ironsky.pl\/sklep\/produkt\/filtr-polarpro-cp-circular-polarizer-do-dji-mavic-3-classic\/","url":"https:\/\/ironsky.pl\/sklep\/produkt\/filtr-polarpro-cp-circular-polarizer-do-dji-mavic-3-classic\/","name":"Filtr PolarPro CP Circular Polarizer do DJI Mavic 3 Classic - IRONSKY.PL Sklep z Dronami","isPartOf":{"@id":"https:\/\/ironsky.pl\/sklep\/#website"},"primaryImageOfPage":{"@id":"https:\/\/ironsky.pl\/sklep\/produkt\/filtr-polarpro-cp-circular-polarizer-do-dji-mavic-3-classic\/#primaryimage"},"image":{"@id":"https:\/\/ironsky.pl\/sklep\/produkt\/filtr-polarpro-cp-circular-polarizer-do-dji-mavic-3-classic\/#primaryimage"},"thumbnailUrl":"https:\/\/ironsky.pl\/sklep\/wp-content\/uploads\/2024\/09\/28003_1.jpg","datePublished":"2024-09-16T10:14:45+00:00","dateModified":"2026-03-05T14:48:32+00:00","description":"Filtr PolarPro CP Circular Polarizer do DJI Mavic 3 Classic - \u2705 sklep z dronami i fachowym doradztwem. \u2705 Tutaj kupisz produkty DJI, Yuneec, Parrot, Syma i wiele innych, a tak\u017ce kursy i licencje na operatora drona.","breadcrumb":{"@id":"https:\/\/ironsky.pl\/sklep\/produkt\/filtr-polarpro-cp-circular-polarizer-do-dji-mavic-3-classic\/#breadcrumb"},"inLanguage":"pl-PL","potentialAction":[{"@type":"ReadAction","target":["https:\/\/ironsky.pl\/sklep\/produkt\/filtr-polarpro-cp-circular-polarizer-do-dji-mavic-3-classic\/"]}]},{"@type":"ImageObject","inLanguage":"pl-PL","@id":"https:\/\/ironsky.pl\/sklep\/produkt\/filtr-polarpro-cp-circular-polarizer-do-dji-mavic-3-classic\/#primaryimage","url":"https:\/\/ironsky.pl\/sklep\/wp-content\/uploads\/2024\/09\/28003_1.jpg","contentUrl":"https:\/\/ironsky.pl\/sklep\/wp-content\/uploads\/2024\/09\/28003_1.jpg","width":800,"height":800},{"@type":"BreadcrumbList","@id":"https:\/\/ironsky.pl\/sklep\/produkt\/filtr-polarpro-cp-circular-polarizer-do-dji-mavic-3-classic\/#breadcrumb","itemListElement":[{"@type":"ListItem","position":1,"name":"Strona g\u0142\u00f3wna","item":"https:\/\/ironsky.pl\/sklep\/"},{"@type":"ListItem","position":2,"name":"Wszystkie produkty","item":"https:\/\/ironsky.pl\/sklep\/produkty\/"},{"@type":"ListItem","position":3,"name":"Filtr PolarPro CP Circular Polarizer do DJI Mavic 3 Classic"}]},{"@type":"WebSite","@id":"https:\/\/ironsky.pl\/sklep\/#website","url":"https:\/\/ironsky.pl\/sklep\/","name":"IRONSKY.PL Sklep z Dronami","description":"IRONSKY.PL Sklep z Dronami","potentialAction":[{"@type":"SearchAction","target":{"@type":"EntryPoint","urlTemplate":"https:\/\/ironsky.pl\/sklep\/?s={search_term_string}"},"query-input":{"@type":"PropertyValueSpecification","valueRequired":true,"valueName":"search_term_string"}}],"inLanguage":"pl-PL"}]}},"_links":{"self":[{"href":"https:\/\/ironsky.pl\/sklep\/wp-json\/wp\/v2\/product\/19818","targetHints":{"allow":["GET"]}}],"collection":[{"href":"https:\/\/ironsky.pl\/sklep\/wp-json\/wp\/v2\/product"}],"about":[{"href":"https:\/\/ironsky.pl\/sklep\/wp-json\/wp\/v2\/types\/product"}],"replies":[{"embeddable":true,"href":"https:\/\/ironsky.pl\/sklep\/wp-json\/wp\/v2\/comments?post=19818"}],"wp:featuredmedia":[{"embeddable":true,"href":"https:\/\/ironsky.pl\/sklep\/wp-json\/wp\/v2\/media\/19819"}],"wp:attachment":[{"href":"https:\/\/ironsky.pl\/sklep\/wp-json\/wp\/v2\/media?parent=19818"}],"wp:term":[{"taxonomy":"product_brand","embeddable":true,"href":"https:\/\/ironsky.pl\/sklep\/wp-json\/wp\/v2\/product_brand?post=19818"},{"taxonomy":"product_cat","embeddable":true,"href":"https:\/\/ironsky.pl\/sklep\/wp-json\/wp\/v2\/product_cat?post=19818"},{"taxonomy":"product_tag","embeddable":true,"href":"https:\/\/ironsky.pl\/sklep\/wp-json\/wp\/v2\/product_tag?post=19818"}],"curies":[{"name":"wp","href":"https:\/\/api.w.org\/{rel}","templated":true}]}}