{"id":19781,"date":"2024-09-16T12:14:45","date_gmt":"2024-09-16T10:14:45","guid":{"rendered":"http:\/\/gvshalph.pro-linuxpl.com\/ironskyprodukty\/produkt\/walizka-bw-typ-4000-do-dji-avat-zolta\/"},"modified":"2026-03-05T15:48:29","modified_gmt":"2026-03-05T14:48:29","slug":"walizka-bw-typ-4000-do-dji-avat-zolta","status":"publish","type":"product","link":"https:\/\/ironsky.pl\/sklep\/produkt\/walizka-bw-typ-4000-do-dji-avat-zolta\/","title":{"rendered":"Walizka B&#038;W typ 4000 do DJI Avat, \u017c\u00f3\u0142ta"},"content":{"rendered":"<h3>Walizka B&#038;W typ 4000 do DJI Avata (\u017c\u00f3\u0142ta)<\/h3>\n<p>Zadbaj o bezpiecze\u0144stwo drona, jak i wszystkich element\u00f3w jego wyposa\u017cenia i przechowuj sprz\u0119t w specjalnie zaprojektowanej walizce marki B&#038;W. Produkt wyposa\u017cono w piankow\u0105 wk\u0142adk\u0119, dzi\u0119ki kt\u00f3rej Twoja w\u0142asno\u015b\u0107 nie ulegnie zarysowaniu. Przemy\u015blana konstrukcja umo\u017cliwia wygodne zagospodarowanie przestrzeni. Walizka kompatybilna jest z modelami DJI Avata, DJI Avata Smart Combo i DJI Avata Pro-View. Produkt zapewnia bezpieczny transport, wodoodporno\u015b\u0107 i py\u0142oszczelno\u015b\u0107 na poziomie IP67. Wymiary modelu 4000 wynosz\u0105 420 x 325 x 180 mm.<\/p>\n<p><img decoding=\"async\" src=\"https:\/\/b2b.innpro.pl\/data\/include\/cms\/BW\/4000-Y-AVATA\/5.jpg\"><\/p>\n<h3>Bezpieczny i wygodny transport<\/h3>\n<p>Je\u017celi jeste\u015b u\u017cytkownikiem drona DJI Avata i szukasz odpowiedniej walizki, umo\u017cliwiaj\u0105cej \u0142atwy transport sprz\u0119tu, model 4000 marki B&#038;W z pewno\u015bci\u0105 spe\u0142ni Twoje oczekiwania. Walizka jest odporna na wstrz\u0105sy i niepodatna na uszkodzenia, dlatego mo\u017cesz bez obaw przewozi\u0107 w niej sw\u00f3j cenny sprz\u0119t. Co wi\u0119cej, wodoodporno\u015b\u0107 i py\u0142oszczelno\u015b\u0107 na poziomie IP67, a tak\u017ce odporno\u015b\u0107  na temperatur\u0119 od -30\u00b0C do 80\u00b0C sprawiaj\u0105, \u017ce nawet ekstremalne warunki atmosferyczne nie stanowi\u0105 zagro\u017cenia dla Twojego drona i element\u00f3w jego wyposa\u017cenia. Dzi\u0119ki automatycznemu zaworowi wyr\u00f3wnania ci\u015bnienia mo\u017cesz bez obaw przemieszcza\u0107 sprz\u0119t, korzystaj\u0105c z transportu lotniczego.<\/p>\n<p><img decoding=\"async\" src=\"https:\/\/b2b.innpro.pl\/data\/include\/cms\/BW\/4000-Y-AVATA\/7.jpg\"><\/p>\n<h3>Du\u017ca pojemno\u015b\u0107<\/h3>\n<p>Walizka B&#038;W sprawi, \u017ce zapomnisz o ograniczeniach! Zewn\u0119trzne wymiary produktu wynosz\u0105 420 x 325 x 180 mm, waga 2,68 kg, a obj\u0119to\u015b\u0107 16,6 l. Pojemno\u015b\u0107 walizki pozwala na wygodne przechowywanie nie tylko drona, ale tak\u017ce innych element\u00f3w, takich jak akumulatory. Mo\u017cesz bez obaw przewie\u017a\u0107 zestaw Fly More. A to wci\u0105\u017c nie wszystko! Z \u0142atwo\u015bci\u0105 usytuujesz w walizce szeroki zas\u00f3b akcesori\u00f3w, takich jak 5 dodatkowych akumulator\u00f3w drona i 2 dodatkowe akumulatory gogli. Opracowane ze staranno\u015bci\u0105 zamki zatrzaskowe pozwol\u0105 Ci komfortowo otwiera\u0107 i zamyka\u0107 walizk\u0119.<\/p>\n<p><img decoding=\"async\" src=\"https:\/\/b2b.innpro.pl\/data\/include\/cms\/BW\/4000-Y-AVATA\/1.jpg\"><\/p>\n<h3>Dodatkowe udogodnienia<\/h3>\n<p>Dzi\u0119ki gumowej r\u0105czce, w kt\u00f3r\u0105 wyposa\u017cono walizk\u0119 marki B&#038;W, wygodnie przeniesiesz sw\u00f3j sprz\u0119t. Co wi\u0119cej, dwa oczka na k\u0142\u00f3dki (\u00d87,0 mm) zwi\u0119kszaj\u0105 bezpiecze\u0144stwo Twojej w\u0142asno\u015bci poprzez uniemo\u017cliwienie dost\u0119pu do wn\u0119trza walizki osobom niepo\u017c\u0105danym. Wk\u0142adka piankowa umo\u017cliwia r\u00f3\u017cne konfiguracje przechowywania sprz\u0119tu. Komfort u\u017cytkowania zwi\u0119ksza kiesze\u0144 na dokumenty, kt\u00f3ra znajduje si\u0119 w pokrywie.<\/p>\n<p><img decoding=\"async\" src=\"https:\/\/b2b.innpro.pl\/data\/include\/cms\/BW\/4000-Y-AVATA\/2.jpg\"><\/p>\n<h3>W zestawie:<\/h3>\n<ul>\n<li>Walizka<\/li>\n<li>Identyfikator imienny<\/li>\n<\/ul>\n<div class=\"table-wrapper\">\n<table>\n<tbody>\n<tr>\n<th>Producent<\/th>\n<td>B&amp;W<\/td>\n<\/tr>\n<tr>\n<th>Nazwa<\/th>\n<td>BW Outdoor Cases Type 4000 for DJI Avata<\/td>\n<\/tr>\n<tr>\n<th>Model<\/th>\n<td>4000\/Y\/AVATA<\/td>\n<\/tr>\n<tr>\n<th>Kompatybilno\u015b\u0107<\/th>\n<td>DJI Avata, DJI Avata Smart Combo, DJI Avata Pro-View<\/td>\n<\/tr>\n<tr>\n<th>Normy<\/th>\n<td>MIL-STD-810, STANAG 4280, DEF STAN 81-41, ATA 300<\/td>\n<\/tr>\n<tr>\n<th>Materia\u0142<\/th>\n<td>PP<\/td>\n<\/tr>\n<tr>\n<th>Wodoodporno\u015b\u0107<\/th>\n<td>IP67<\/td>\n<\/tr>\n<tr>\n<th>Wymiary zewn\u0119trzne<\/th>\n<td>420 x 325 x 180 mm<\/td>\n<\/tr>\n<tr>\n<th>Wymiary wewn\u0119trzne<\/th>\n<td>385 x 265 x 165 mm<\/td>\n<\/tr>\n<tr>\n<th>Waga<\/th>\n<td>2,68 kg<\/td>\n<\/tr>\n<tr>\n<th>Obj\u0119to\u015b\u0107<\/th>\n<td>16 l<\/td>\n<\/tr>\n<tr>\n<th>Kolor<\/th>\n<td>\u017b\u00f3\u0142ty<\/td>\n<\/tr>\n<\/tbody>\n<\/table>\n<\/div>\n","protected":false},"excerpt":{"rendered":"<p>Walizka B&#038;W typ 4000 do DJI Avata (\u017c\u00f3\u0142ta) Zadbaj o bezpiecze\u0144stwo drona, jak i wszystkich element\u00f3w jego wyposa\u017cenia i przechowuj<\/p>\n","protected":false},"featured_media":19782,"comment_status":"closed","ping_status":"open","template":"","meta":{"_acf_changed":false},"product_brand":[],"product_cat":[5574,1090,1091,1088,1098],"product_tag":[],"class_list":{"0":"post-19781","1":"product","2":"type-product","3":"status-publish","4":"has-post-thumbnail","6":"product_cat-avata-1","7":"product_cat-akcesoria","8":"product_cat-dji","9":"product_cat-drony","10":"product_cat-torby-i-walizki-na-drony","11":"pa_box-height-2027","12":"pa_box-length-3059","13":"pa_box-width-3861","14":"pa_gross-weight-3060","15":"pa_hs-code-1768","16":"pa_kompatybilnosc-etui-i-pokrowce","17":"pa_model-fpv","18":"pa_net-weight-2680","19":"pa_seria-fpv-dji-avata","21":"first","22":"outofstock","23":"taxable","24":"shipping-taxable","25":"purchasable","26":"product-type-simple"},"acf":[],"yoast_head":"<!-- This site is optimized with the Yoast SEO plugin v27.2 - https:\/\/yoast.com\/product\/yoast-seo-wordpress\/ -->\n<title>Walizka B&amp;W typ 4000 do DJI Avat, \u017c\u00f3\u0142ta - IRONSKY.PL Sklep z Dronami<\/title>\n<meta name=\"description\" content=\"Walizka B&amp;W typ 4000 do DJI Avat, \u017c\u00f3\u0142ta - \u2705 sklep z dronami i fachowym doradztwem. \u2705 Tutaj kupisz produkty DJI, Yuneec, Parrot, Syma i wiele innych, a tak\u017ce kursy i licencje na operatora drona.\" \/>\n<meta name=\"robots\" content=\"index, follow, max-snippet:-1, max-image-preview:large, max-video-preview:-1\" \/>\n<link rel=\"canonical\" href=\"https:\/\/ironsky.pl\/sklep\/produkt\/walizka-bw-typ-4000-do-dji-avat-zolta\/\" \/>\n<meta property=\"og:locale\" content=\"pl_PL\" \/>\n<meta property=\"og:type\" content=\"article\" \/>\n<meta property=\"og:title\" content=\"Walizka B&amp;W typ 4000 do DJI Avat, \u017c\u00f3\u0142ta - IRONSKY.PL Sklep z Dronami\" \/>\n<meta property=\"og:description\" content=\"Walizka B&amp;W typ 4000 do DJI Avat, \u017c\u00f3\u0142ta - \u2705 sklep z dronami i fachowym doradztwem. \u2705 Tutaj kupisz produkty DJI, Yuneec, Parrot, Syma i wiele innych, a tak\u017ce kursy i licencje na operatora drona.\" \/>\n<meta property=\"og:url\" content=\"https:\/\/ironsky.pl\/sklep\/produkt\/walizka-bw-typ-4000-do-dji-avat-zolta\/\" \/>\n<meta property=\"og:site_name\" content=\"IRONSKY.PL Sklep z Dronami\" \/>\n<meta property=\"article:modified_time\" content=\"2026-03-05T14:48:29+00:00\" \/>\n<meta property=\"og:image\" content=\"https:\/\/ironsky.pl\/sklep\/wp-content\/uploads\/2024\/09\/27782_2.jpg\" \/>\n\t<meta property=\"og:image:width\" content=\"800\" \/>\n\t<meta property=\"og:image:height\" content=\"800\" \/>\n\t<meta property=\"og:image:type\" content=\"image\/jpeg\" \/>\n<meta name=\"twitter:card\" content=\"summary_large_image\" \/>\n<meta name=\"twitter:label1\" content=\"Szacowany czas czytania\" \/>\n\t<meta name=\"twitter:data1\" content=\"2 minuty\" \/>\n<script type=\"application\/ld+json\" class=\"yoast-schema-graph\">{\"@context\":\"https:\/\/schema.org\",\"@graph\":[{\"@type\":\"WebPage\",\"@id\":\"https:\/\/ironsky.pl\/sklep\/produkt\/walizka-bw-typ-4000-do-dji-avat-zolta\/\",\"url\":\"https:\/\/ironsky.pl\/sklep\/produkt\/walizka-bw-typ-4000-do-dji-avat-zolta\/\",\"name\":\"Walizka B&W typ 4000 do DJI Avat, \u017c\u00f3\u0142ta - IRONSKY.PL Sklep z Dronami\",\"isPartOf\":{\"@id\":\"https:\/\/ironsky.pl\/sklep\/#website\"},\"primaryImageOfPage\":{\"@id\":\"https:\/\/ironsky.pl\/sklep\/produkt\/walizka-bw-typ-4000-do-dji-avat-zolta\/#primaryimage\"},\"image\":{\"@id\":\"https:\/\/ironsky.pl\/sklep\/produkt\/walizka-bw-typ-4000-do-dji-avat-zolta\/#primaryimage\"},\"thumbnailUrl\":\"https:\/\/ironsky.pl\/sklep\/wp-content\/uploads\/2024\/09\/27782_2.jpg\",\"datePublished\":\"2024-09-16T10:14:45+00:00\",\"dateModified\":\"2026-03-05T14:48:29+00:00\",\"description\":\"Walizka B&W typ 4000 do DJI Avat, \u017c\u00f3\u0142ta - \u2705 sklep z dronami i fachowym doradztwem. \u2705 Tutaj kupisz produkty DJI, Yuneec, Parrot, Syma i wiele innych, a tak\u017ce kursy i licencje na operatora drona.\",\"breadcrumb\":{\"@id\":\"https:\/\/ironsky.pl\/sklep\/produkt\/walizka-bw-typ-4000-do-dji-avat-zolta\/#breadcrumb\"},\"inLanguage\":\"pl-PL\",\"potentialAction\":[{\"@type\":\"ReadAction\",\"target\":[\"https:\/\/ironsky.pl\/sklep\/produkt\/walizka-bw-typ-4000-do-dji-avat-zolta\/\"]}]},{\"@type\":\"ImageObject\",\"inLanguage\":\"pl-PL\",\"@id\":\"https:\/\/ironsky.pl\/sklep\/produkt\/walizka-bw-typ-4000-do-dji-avat-zolta\/#primaryimage\",\"url\":\"https:\/\/ironsky.pl\/sklep\/wp-content\/uploads\/2024\/09\/27782_2.jpg\",\"contentUrl\":\"https:\/\/ironsky.pl\/sklep\/wp-content\/uploads\/2024\/09\/27782_2.jpg\",\"width\":800,\"height\":800},{\"@type\":\"BreadcrumbList\",\"@id\":\"https:\/\/ironsky.pl\/sklep\/produkt\/walizka-bw-typ-4000-do-dji-avat-zolta\/#breadcrumb\",\"itemListElement\":[{\"@type\":\"ListItem\",\"position\":1,\"name\":\"Strona g\u0142\u00f3wna\",\"item\":\"https:\/\/ironsky.pl\/sklep\/\"},{\"@type\":\"ListItem\",\"position\":2,\"name\":\"Wszystkie produkty\",\"item\":\"https:\/\/ironsky.pl\/sklep\/produkty\/\"},{\"@type\":\"ListItem\",\"position\":3,\"name\":\"Walizka B&#038;W typ 4000 do DJI Avat, \u017c\u00f3\u0142ta\"}]},{\"@type\":\"WebSite\",\"@id\":\"https:\/\/ironsky.pl\/sklep\/#website\",\"url\":\"https:\/\/ironsky.pl\/sklep\/\",\"name\":\"IRONSKY.PL Sklep z Dronami\",\"description\":\"IRONSKY.PL Sklep z Dronami\",\"potentialAction\":[{\"@type\":\"SearchAction\",\"target\":{\"@type\":\"EntryPoint\",\"urlTemplate\":\"https:\/\/ironsky.pl\/sklep\/?s={search_term_string}\"},\"query-input\":{\"@type\":\"PropertyValueSpecification\",\"valueRequired\":true,\"valueName\":\"search_term_string\"}}],\"inLanguage\":\"pl-PL\"}]}<\/script>\n<!-- \/ Yoast SEO plugin. -->","yoast_head_json":{"title":"Walizka B&W typ 4000 do DJI Avat, \u017c\u00f3\u0142ta - IRONSKY.PL Sklep z Dronami","description":"Walizka B&W typ 4000 do DJI Avat, \u017c\u00f3\u0142ta - \u2705 sklep z dronami i fachowym doradztwem. \u2705 Tutaj kupisz produkty DJI, Yuneec, Parrot, Syma i wiele innych, a tak\u017ce kursy i licencje na operatora drona.","robots":{"index":"index","follow":"follow","max-snippet":"max-snippet:-1","max-image-preview":"max-image-preview:large","max-video-preview":"max-video-preview:-1"},"canonical":"https:\/\/ironsky.pl\/sklep\/produkt\/walizka-bw-typ-4000-do-dji-avat-zolta\/","og_locale":"pl_PL","og_type":"article","og_title":"Walizka B&W typ 4000 do DJI Avat, \u017c\u00f3\u0142ta - IRONSKY.PL Sklep z Dronami","og_description":"Walizka B&W typ 4000 do DJI Avat, \u017c\u00f3\u0142ta - \u2705 sklep z dronami i fachowym doradztwem. \u2705 Tutaj kupisz produkty DJI, Yuneec, Parrot, Syma i wiele innych, a tak\u017ce kursy i licencje na operatora drona.","og_url":"https:\/\/ironsky.pl\/sklep\/produkt\/walizka-bw-typ-4000-do-dji-avat-zolta\/","og_site_name":"IRONSKY.PL Sklep z Dronami","article_modified_time":"2026-03-05T14:48:29+00:00","og_image":[{"width":800,"height":800,"url":"https:\/\/ironsky.pl\/sklep\/wp-content\/uploads\/2024\/09\/27782_2.jpg","type":"image\/jpeg"}],"twitter_card":"summary_large_image","twitter_misc":{"Szacowany czas czytania":"2 minuty"},"schema":{"@context":"https:\/\/schema.org","@graph":[{"@type":"WebPage","@id":"https:\/\/ironsky.pl\/sklep\/produkt\/walizka-bw-typ-4000-do-dji-avat-zolta\/","url":"https:\/\/ironsky.pl\/sklep\/produkt\/walizka-bw-typ-4000-do-dji-avat-zolta\/","name":"Walizka B&W typ 4000 do DJI Avat, \u017c\u00f3\u0142ta - IRONSKY.PL Sklep z Dronami","isPartOf":{"@id":"https:\/\/ironsky.pl\/sklep\/#website"},"primaryImageOfPage":{"@id":"https:\/\/ironsky.pl\/sklep\/produkt\/walizka-bw-typ-4000-do-dji-avat-zolta\/#primaryimage"},"image":{"@id":"https:\/\/ironsky.pl\/sklep\/produkt\/walizka-bw-typ-4000-do-dji-avat-zolta\/#primaryimage"},"thumbnailUrl":"https:\/\/ironsky.pl\/sklep\/wp-content\/uploads\/2024\/09\/27782_2.jpg","datePublished":"2024-09-16T10:14:45+00:00","dateModified":"2026-03-05T14:48:29+00:00","description":"Walizka B&W typ 4000 do DJI Avat, \u017c\u00f3\u0142ta - \u2705 sklep z dronami i fachowym doradztwem. \u2705 Tutaj kupisz produkty DJI, Yuneec, Parrot, Syma i wiele innych, a tak\u017ce kursy i licencje na operatora drona.","breadcrumb":{"@id":"https:\/\/ironsky.pl\/sklep\/produkt\/walizka-bw-typ-4000-do-dji-avat-zolta\/#breadcrumb"},"inLanguage":"pl-PL","potentialAction":[{"@type":"ReadAction","target":["https:\/\/ironsky.pl\/sklep\/produkt\/walizka-bw-typ-4000-do-dji-avat-zolta\/"]}]},{"@type":"ImageObject","inLanguage":"pl-PL","@id":"https:\/\/ironsky.pl\/sklep\/produkt\/walizka-bw-typ-4000-do-dji-avat-zolta\/#primaryimage","url":"https:\/\/ironsky.pl\/sklep\/wp-content\/uploads\/2024\/09\/27782_2.jpg","contentUrl":"https:\/\/ironsky.pl\/sklep\/wp-content\/uploads\/2024\/09\/27782_2.jpg","width":800,"height":800},{"@type":"BreadcrumbList","@id":"https:\/\/ironsky.pl\/sklep\/produkt\/walizka-bw-typ-4000-do-dji-avat-zolta\/#breadcrumb","itemListElement":[{"@type":"ListItem","position":1,"name":"Strona g\u0142\u00f3wna","item":"https:\/\/ironsky.pl\/sklep\/"},{"@type":"ListItem","position":2,"name":"Wszystkie produkty","item":"https:\/\/ironsky.pl\/sklep\/produkty\/"},{"@type":"ListItem","position":3,"name":"Walizka B&#038;W typ 4000 do DJI Avat, \u017c\u00f3\u0142ta"}]},{"@type":"WebSite","@id":"https:\/\/ironsky.pl\/sklep\/#website","url":"https:\/\/ironsky.pl\/sklep\/","name":"IRONSKY.PL Sklep z Dronami","description":"IRONSKY.PL Sklep z Dronami","potentialAction":[{"@type":"SearchAction","target":{"@type":"EntryPoint","urlTemplate":"https:\/\/ironsky.pl\/sklep\/?s={search_term_string}"},"query-input":{"@type":"PropertyValueSpecification","valueRequired":true,"valueName":"search_term_string"}}],"inLanguage":"pl-PL"}]}},"_links":{"self":[{"href":"https:\/\/ironsky.pl\/sklep\/wp-json\/wp\/v2\/product\/19781","targetHints":{"allow":["GET"]}}],"collection":[{"href":"https:\/\/ironsky.pl\/sklep\/wp-json\/wp\/v2\/product"}],"about":[{"href":"https:\/\/ironsky.pl\/sklep\/wp-json\/wp\/v2\/types\/product"}],"replies":[{"embeddable":true,"href":"https:\/\/ironsky.pl\/sklep\/wp-json\/wp\/v2\/comments?post=19781"}],"wp:featuredmedia":[{"embeddable":true,"href":"https:\/\/ironsky.pl\/sklep\/wp-json\/wp\/v2\/media\/19782"}],"wp:attachment":[{"href":"https:\/\/ironsky.pl\/sklep\/wp-json\/wp\/v2\/media?parent=19781"}],"wp:term":[{"taxonomy":"product_brand","embeddable":true,"href":"https:\/\/ironsky.pl\/sklep\/wp-json\/wp\/v2\/product_brand?post=19781"},{"taxonomy":"product_cat","embeddable":true,"href":"https:\/\/ironsky.pl\/sklep\/wp-json\/wp\/v2\/product_cat?post=19781"},{"taxonomy":"product_tag","embeddable":true,"href":"https:\/\/ironsky.pl\/sklep\/wp-json\/wp\/v2\/product_tag?post=19781"}],"curies":[{"name":"wp","href":"https:\/\/api.w.org\/{rel}","templated":true}]}}