{"id":19614,"date":"2024-09-16T12:11:07","date_gmt":"2024-09-16T10:11:07","guid":{"rendered":"http:\/\/gvshalph.pro-linuxpl.com\/ironskyprodukty\/produkt\/modul-rtk-dji-mavic-3-enterprise\/"},"modified":"2026-05-02T06:53:56","modified_gmt":"2026-05-02T04:53:56","slug":"modul-rtk-dji-mavic-3-enterprise","status":"publish","type":"product","link":"https:\/\/ironsky.pl\/sklep\/produkt\/modul-rtk-dji-mavic-3-enterprise\/","title":{"rendered":"Modu\u0142 RTK DJI Mavic 3 Enterprise"},"content":{"rendered":"<h3>Modu\u0142 RTK DJI Mavic 3 Enterprise<\/h3>\n<p>Modu\u0142 RTK DJI Mavic 3 Enterprise Series jest kompatybilny z dronami DJI Mavic 3 Enterprise oraz Mavc 3 Thermal. Zapewnia centymetrow\u0105 precyzj\u0119 pozycjonowania podczas korzystania z us\u0142ugi Network RTK, Custom Network RTK service lub D-RTK 2 Mobile Station.<\/p>\n<p><img decoding=\"async\" src=\"\/data\/include\/cms\/enterprise\/mavic-3\/m3e-t-glosnik.jpg\" border=\"0\" width=\"1200\" height=\"800\" \/><\/p>\n<h3>\u015arodki ostro\u017cno\u015bci<\/h3>\n<p>Aby zapewni\u0107 dok\u0142adno\u015b\u0107 pozycjonowania, nale\u017cy korzysta\u0107 z urz\u0105dzenia na terenach otwartych, wolnych od budynk\u00f3w i innych przeszk\u00f3d.<\/p>\n<div class=\"table-wrapper\">\n<table>\n<tbody>\n<tr>\n<th>Wymiary<\/th>\n<td>50.2\u00d740.2\u00d766.2 mm<\/td>\n<\/tr>\n<tr>\n<th>Masa<\/th>\n<td>24\u00b12 g<\/td>\n<\/tr>\n<tr>\n<th>Interfejs<\/th>\n<td>USB-C<\/td>\n<\/tr>\n<tr>\n<th>Moc znamionowa<\/th>\n<td>Oko\u0142o 1.2 W<\/td>\n<\/tr>\n<tr>\n<th>Dok\u0142adno\u015b\u0107 pozycjonowania RTK<\/th>\n<td>RTK Fix: Poziomo: 1 cm + 1 ppm; Pionowo: 1,5 cm + 1 ppm<\/td>\n<\/tr>\n<tr>\n<th>System i punkty cz\u0119stotliwo\u015bci <\/th>\n<td>\nGPS: L1C\/A L2C\/L2P<br \/>\nBDS: B1I B2I<br \/>\nGLO: G1 G2<br \/>\nGAL: E1 E5b<br \/>\nQZSS: L1 L2\n<\/td>\n<\/tr>\n<tr>\n<th>Kompatybilno\u015b\u0107<\/th>\n<td>\nDJI Mavic 3 Enterprise, Mavic 3 Thermal\n<\/td>\n<\/tr>\n<\/tbody>\n<\/table>\n<\/div>\n<style type=\"text\/css\"><!--\n.table-wrapper{width:100%;overflow-x:auto}.table-wrapper>table{border-spacing:0}.table-wrapper>table>tbody>tr>td,.table-wrapper>table>tbody>tr>th{padding:10px 35px;text-align:left}.table-wrapper>table>tbody>tr>th{vertical-align:top}.table-wrapper>table>tbody>tr:nth-child(even){background-color:#f7f7f7}\n--><\/style>\n<h3>Zawarto\u015b\u0107 zestawu:<\/h3>\n<ul>\n<li>1x Modu\u0142 RTK DJI Mavic 3 Enterprise<\/li>\n<\/ul>\n","protected":false},"excerpt":{"rendered":"<p>Modu\u0142 RTK DJI Mavic 3 Enterprise Modu\u0142 RTK DJI Mavic 3 Enterprise Series jest kompatybilny z dronami DJI Mavic 3<\/p>\n","protected":false},"featured_media":19615,"comment_status":"closed","ping_status":"open","template":"","meta":{"_acf_changed":false},"product_brand":[],"product_cat":[5662,5593,6094,1093],"product_tag":[],"class_list":{"0":"post-19614","1":"product","2":"type-product","3":"status-publish","4":"has-post-thumbnail","6":"product_cat-matrice-30","7":"product_cat-mavic-3","8":"product_cat-czujniki-do-dronow","9":"product_cat-urzadzenia-i-akcesoria","10":"pa_box-height-3598","11":"pa_box-length-3599","12":"pa_box-width-3597","13":"pa_gross-weight-2000","14":"pa_hs-code-3600","15":"pa_kategoria-akcesoria-rtk","16":"pa_kompatybilnosc-mavic-3-enterprise-mavic-3t-mavic-3-multispectral","17":"pa_net-weight-1502","19":"first","20":"instock","21":"taxable","22":"shipping-taxable","23":"purchasable","24":"product-type-simple"},"acf":[],"yoast_head":"<!-- This site is optimized with the Yoast SEO plugin v27.2 - https:\/\/yoast.com\/product\/yoast-seo-wordpress\/ -->\n<title>Modu\u0142 RTK DJI Mavic 3 Enterprise - IRONSKY.PL Sklep z Dronami<\/title>\n<meta name=\"description\" content=\"Modu\u0142 RTK DJI Mavic 3 Enterprise - \u2705 sklep z dronami i fachowym doradztwem. \u2705 Tutaj kupisz produkty DJI, Yuneec, Parrot, Syma i wiele innych, a tak\u017ce kursy i licencje na operatora drona.\" \/>\n<meta name=\"robots\" content=\"index, follow, max-snippet:-1, max-image-preview:large, max-video-preview:-1\" \/>\n<link rel=\"canonical\" href=\"https:\/\/ironsky.pl\/sklep\/produkt\/modul-rtk-dji-mavic-3-enterprise\/\" \/>\n<meta property=\"og:locale\" content=\"pl_PL\" \/>\n<meta property=\"og:type\" content=\"article\" \/>\n<meta property=\"og:title\" content=\"Modu\u0142 RTK DJI Mavic 3 Enterprise - IRONSKY.PL Sklep z Dronami\" \/>\n<meta property=\"og:description\" content=\"Modu\u0142 RTK DJI Mavic 3 Enterprise - \u2705 sklep z dronami i fachowym doradztwem. \u2705 Tutaj kupisz produkty DJI, Yuneec, Parrot, Syma i wiele innych, a tak\u017ce kursy i licencje na operatora drona.\" \/>\n<meta property=\"og:url\" content=\"https:\/\/ironsky.pl\/sklep\/produkt\/modul-rtk-dji-mavic-3-enterprise\/\" \/>\n<meta property=\"og:site_name\" content=\"IRONSKY.PL Sklep z Dronami\" \/>\n<meta property=\"article:modified_time\" content=\"2026-05-02T04:53:56+00:00\" \/>\n<meta property=\"og:image\" content=\"https:\/\/ironsky.pl\/sklep\/wp-content\/uploads\/2024\/09\/26174_1.jpg\" \/>\n\t<meta property=\"og:image:width\" content=\"800\" \/>\n\t<meta property=\"og:image:height\" content=\"800\" \/>\n\t<meta property=\"og:image:type\" content=\"image\/jpeg\" \/>\n<meta name=\"twitter:card\" content=\"summary_large_image\" \/>\n<meta name=\"twitter:label1\" content=\"Szacowany czas czytania\" \/>\n\t<meta name=\"twitter:data1\" content=\"1 minuta\" \/>\n<script type=\"application\/ld+json\" class=\"yoast-schema-graph\">{\"@context\":\"https:\/\/schema.org\",\"@graph\":[{\"@type\":\"WebPage\",\"@id\":\"https:\/\/ironsky.pl\/sklep\/produkt\/modul-rtk-dji-mavic-3-enterprise\/\",\"url\":\"https:\/\/ironsky.pl\/sklep\/produkt\/modul-rtk-dji-mavic-3-enterprise\/\",\"name\":\"Modu\u0142 RTK DJI Mavic 3 Enterprise - IRONSKY.PL Sklep z Dronami\",\"isPartOf\":{\"@id\":\"https:\/\/ironsky.pl\/sklep\/#website\"},\"primaryImageOfPage\":{\"@id\":\"https:\/\/ironsky.pl\/sklep\/produkt\/modul-rtk-dji-mavic-3-enterprise\/#primaryimage\"},\"image\":{\"@id\":\"https:\/\/ironsky.pl\/sklep\/produkt\/modul-rtk-dji-mavic-3-enterprise\/#primaryimage\"},\"thumbnailUrl\":\"https:\/\/ironsky.pl\/sklep\/wp-content\/uploads\/2024\/09\/26174_1.jpg\",\"datePublished\":\"2024-09-16T10:11:07+00:00\",\"dateModified\":\"2026-05-02T04:53:56+00:00\",\"description\":\"Modu\u0142 RTK DJI Mavic 3 Enterprise - \u2705 sklep z dronami i fachowym doradztwem. \u2705 Tutaj kupisz produkty DJI, Yuneec, Parrot, Syma i wiele innych, a tak\u017ce kursy i licencje na operatora drona.\",\"breadcrumb\":{\"@id\":\"https:\/\/ironsky.pl\/sklep\/produkt\/modul-rtk-dji-mavic-3-enterprise\/#breadcrumb\"},\"inLanguage\":\"pl-PL\",\"potentialAction\":[{\"@type\":\"ReadAction\",\"target\":[\"https:\/\/ironsky.pl\/sklep\/produkt\/modul-rtk-dji-mavic-3-enterprise\/\"]}]},{\"@type\":\"ImageObject\",\"inLanguage\":\"pl-PL\",\"@id\":\"https:\/\/ironsky.pl\/sklep\/produkt\/modul-rtk-dji-mavic-3-enterprise\/#primaryimage\",\"url\":\"https:\/\/ironsky.pl\/sklep\/wp-content\/uploads\/2024\/09\/26174_1.jpg\",\"contentUrl\":\"https:\/\/ironsky.pl\/sklep\/wp-content\/uploads\/2024\/09\/26174_1.jpg\",\"width\":800,\"height\":800},{\"@type\":\"BreadcrumbList\",\"@id\":\"https:\/\/ironsky.pl\/sklep\/produkt\/modul-rtk-dji-mavic-3-enterprise\/#breadcrumb\",\"itemListElement\":[{\"@type\":\"ListItem\",\"position\":1,\"name\":\"Strona g\u0142\u00f3wna\",\"item\":\"https:\/\/ironsky.pl\/sklep\/\"},{\"@type\":\"ListItem\",\"position\":2,\"name\":\"Wszystkie produkty\",\"item\":\"https:\/\/ironsky.pl\/sklep\/produkty\/\"},{\"@type\":\"ListItem\",\"position\":3,\"name\":\"Modu\u0142 RTK DJI Mavic 3 Enterprise\"}]},{\"@type\":\"WebSite\",\"@id\":\"https:\/\/ironsky.pl\/sklep\/#website\",\"url\":\"https:\/\/ironsky.pl\/sklep\/\",\"name\":\"IRONSKY.PL Sklep z Dronami\",\"description\":\"IRONSKY.PL Sklep z Dronami\",\"potentialAction\":[{\"@type\":\"SearchAction\",\"target\":{\"@type\":\"EntryPoint\",\"urlTemplate\":\"https:\/\/ironsky.pl\/sklep\/?s={search_term_string}\"},\"query-input\":{\"@type\":\"PropertyValueSpecification\",\"valueRequired\":true,\"valueName\":\"search_term_string\"}}],\"inLanguage\":\"pl-PL\"}]}<\/script>\n<!-- \/ Yoast SEO plugin. -->","yoast_head_json":{"title":"Modu\u0142 RTK DJI Mavic 3 Enterprise - IRONSKY.PL Sklep z Dronami","description":"Modu\u0142 RTK DJI Mavic 3 Enterprise - \u2705 sklep z dronami i fachowym doradztwem. \u2705 Tutaj kupisz produkty DJI, Yuneec, Parrot, Syma i wiele innych, a tak\u017ce kursy i licencje na operatora drona.","robots":{"index":"index","follow":"follow","max-snippet":"max-snippet:-1","max-image-preview":"max-image-preview:large","max-video-preview":"max-video-preview:-1"},"canonical":"https:\/\/ironsky.pl\/sklep\/produkt\/modul-rtk-dji-mavic-3-enterprise\/","og_locale":"pl_PL","og_type":"article","og_title":"Modu\u0142 RTK DJI Mavic 3 Enterprise - IRONSKY.PL Sklep z Dronami","og_description":"Modu\u0142 RTK DJI Mavic 3 Enterprise - \u2705 sklep z dronami i fachowym doradztwem. \u2705 Tutaj kupisz produkty DJI, Yuneec, Parrot, Syma i wiele innych, a tak\u017ce kursy i licencje na operatora drona.","og_url":"https:\/\/ironsky.pl\/sklep\/produkt\/modul-rtk-dji-mavic-3-enterprise\/","og_site_name":"IRONSKY.PL Sklep z Dronami","article_modified_time":"2026-05-02T04:53:56+00:00","og_image":[{"width":800,"height":800,"url":"https:\/\/ironsky.pl\/sklep\/wp-content\/uploads\/2024\/09\/26174_1.jpg","type":"image\/jpeg"}],"twitter_card":"summary_large_image","twitter_misc":{"Szacowany czas czytania":"1 minuta"},"schema":{"@context":"https:\/\/schema.org","@graph":[{"@type":"WebPage","@id":"https:\/\/ironsky.pl\/sklep\/produkt\/modul-rtk-dji-mavic-3-enterprise\/","url":"https:\/\/ironsky.pl\/sklep\/produkt\/modul-rtk-dji-mavic-3-enterprise\/","name":"Modu\u0142 RTK DJI Mavic 3 Enterprise - IRONSKY.PL Sklep z Dronami","isPartOf":{"@id":"https:\/\/ironsky.pl\/sklep\/#website"},"primaryImageOfPage":{"@id":"https:\/\/ironsky.pl\/sklep\/produkt\/modul-rtk-dji-mavic-3-enterprise\/#primaryimage"},"image":{"@id":"https:\/\/ironsky.pl\/sklep\/produkt\/modul-rtk-dji-mavic-3-enterprise\/#primaryimage"},"thumbnailUrl":"https:\/\/ironsky.pl\/sklep\/wp-content\/uploads\/2024\/09\/26174_1.jpg","datePublished":"2024-09-16T10:11:07+00:00","dateModified":"2026-05-02T04:53:56+00:00","description":"Modu\u0142 RTK DJI Mavic 3 Enterprise - \u2705 sklep z dronami i fachowym doradztwem. \u2705 Tutaj kupisz produkty DJI, Yuneec, Parrot, Syma i wiele innych, a tak\u017ce kursy i licencje na operatora drona.","breadcrumb":{"@id":"https:\/\/ironsky.pl\/sklep\/produkt\/modul-rtk-dji-mavic-3-enterprise\/#breadcrumb"},"inLanguage":"pl-PL","potentialAction":[{"@type":"ReadAction","target":["https:\/\/ironsky.pl\/sklep\/produkt\/modul-rtk-dji-mavic-3-enterprise\/"]}]},{"@type":"ImageObject","inLanguage":"pl-PL","@id":"https:\/\/ironsky.pl\/sklep\/produkt\/modul-rtk-dji-mavic-3-enterprise\/#primaryimage","url":"https:\/\/ironsky.pl\/sklep\/wp-content\/uploads\/2024\/09\/26174_1.jpg","contentUrl":"https:\/\/ironsky.pl\/sklep\/wp-content\/uploads\/2024\/09\/26174_1.jpg","width":800,"height":800},{"@type":"BreadcrumbList","@id":"https:\/\/ironsky.pl\/sklep\/produkt\/modul-rtk-dji-mavic-3-enterprise\/#breadcrumb","itemListElement":[{"@type":"ListItem","position":1,"name":"Strona g\u0142\u00f3wna","item":"https:\/\/ironsky.pl\/sklep\/"},{"@type":"ListItem","position":2,"name":"Wszystkie produkty","item":"https:\/\/ironsky.pl\/sklep\/produkty\/"},{"@type":"ListItem","position":3,"name":"Modu\u0142 RTK DJI Mavic 3 Enterprise"}]},{"@type":"WebSite","@id":"https:\/\/ironsky.pl\/sklep\/#website","url":"https:\/\/ironsky.pl\/sklep\/","name":"IRONSKY.PL Sklep z Dronami","description":"IRONSKY.PL Sklep z Dronami","potentialAction":[{"@type":"SearchAction","target":{"@type":"EntryPoint","urlTemplate":"https:\/\/ironsky.pl\/sklep\/?s={search_term_string}"},"query-input":{"@type":"PropertyValueSpecification","valueRequired":true,"valueName":"search_term_string"}}],"inLanguage":"pl-PL"}]}},"_links":{"self":[{"href":"https:\/\/ironsky.pl\/sklep\/wp-json\/wp\/v2\/product\/19614","targetHints":{"allow":["GET"]}}],"collection":[{"href":"https:\/\/ironsky.pl\/sklep\/wp-json\/wp\/v2\/product"}],"about":[{"href":"https:\/\/ironsky.pl\/sklep\/wp-json\/wp\/v2\/types\/product"}],"replies":[{"embeddable":true,"href":"https:\/\/ironsky.pl\/sklep\/wp-json\/wp\/v2\/comments?post=19614"}],"wp:featuredmedia":[{"embeddable":true,"href":"https:\/\/ironsky.pl\/sklep\/wp-json\/wp\/v2\/media\/19615"}],"wp:attachment":[{"href":"https:\/\/ironsky.pl\/sklep\/wp-json\/wp\/v2\/media?parent=19614"}],"wp:term":[{"taxonomy":"product_brand","embeddable":true,"href":"https:\/\/ironsky.pl\/sklep\/wp-json\/wp\/v2\/product_brand?post=19614"},{"taxonomy":"product_cat","embeddable":true,"href":"https:\/\/ironsky.pl\/sklep\/wp-json\/wp\/v2\/product_cat?post=19614"},{"taxonomy":"product_tag","embeddable":true,"href":"https:\/\/ironsky.pl\/sklep\/wp-json\/wp\/v2\/product_tag?post=19614"}],"curies":[{"name":"wp","href":"https:\/\/api.w.org\/{rel}","templated":true}]}}