{"id":19540,"date":"2024-09-16T12:10:20","date_gmt":"2024-09-16T10:10:20","guid":{"rendered":"http:\/\/gvshalph.pro-linuxpl.com\/ironskyprodukty\/produkt\/pokrowiec-etui-na-1-baterie-akumulator-sunnylife-do-dji-mini-3-pro-mm3-dc384\/"},"modified":"2026-03-05T15:48:19","modified_gmt":"2026-03-05T14:48:19","slug":"pokrowiec-etui-na-1-baterie-akumulator-sunnylife-do-dji-mini-3-pro-mm3-dc384","status":"publish","type":"product","link":"https:\/\/ironsky.pl\/sklep\/produkt\/pokrowiec-etui-na-1-baterie-akumulator-sunnylife-do-dji-mini-3-pro-mm3-dc384\/","title":{"rendered":"Pokrowiec etui na 1 bateri\u0119 akumulator Sunnylife do DJI Mini 3 Pro (MM3-DC384)"},"content":{"rendered":"<h3>Etui na akumulator Sunnylife do DJI Mini 3 Pro <\/h3>\n<p>Chcesz wyd\u0142u\u017cy\u0107 czas pracy swojego drona? Wyposa\u017c si\u0119 w praktyczne etui i zapewnij sobie bezpieczny transport akumulatora do DJI Mini 3 Pro. Etui marki Sunnylife zosta\u0142o wykonane z wysokiej jako\u015bci materia\u0142u i jest odporne na dzia\u0142anie wysokiej temperatury, ponadto posiada praktyczny rzep, dzi\u0119ki kt\u00f3remu otworzysz je w wygodny spos\u00f3b. Etui doskonale nadaje si\u0119 do przechowywania jednego akumulatora.<\/p>\n<p><img decoding=\"async\" src=\"https:\/\/b2b.innpro.pl\/data\/include\/cms\/Sunnylife\/MM3-DC384\/8.jpg\"><\/p>\n<div class=\"table-wrapper\">\n<table>\n<tbody>\n<tr>\n<th>Producent<\/th>\n<td>Sunnylife<\/td>\n<\/tr>\n<tr>\n<th>Model<\/th>\n<td>MM3-DC384<\/td>\n<\/tr>\n<tr>\n<th>Kompatybilno\u015b\u0107<\/th>\n<td>DJI Mini 3 Pro<\/td>\n<\/tr>\n<tr>\n<th>Wymiary<\/th>\n<td>90 x 72 x 38 mm<\/td>\n<\/tr>\n<tr>\n<th>Waga<\/th>\n<td>27 g<\/td>\n<\/tr>\n<\/tbody>\n<\/table>\n<\/div>\n","protected":false},"excerpt":{"rendered":"<p>Etui na akumulator Sunnylife do DJI Mini 3 Pro Chcesz wyd\u0142u\u017cy\u0107 czas pracy swojego drona? Wyposa\u017c si\u0119 w praktyczne etui<\/p>\n","protected":false},"featured_media":19541,"comment_status":"closed","ping_status":"open","template":"","meta":{"_acf_changed":false},"product_brand":[],"product_cat":[5599,1090,1091,6093,1089,1088],"product_tag":[],"class_list":{"0":"post-19540","1":"product","2":"type-product","3":"status-publish","4":"has-post-thumbnail","6":"product_cat-mini-3","7":"product_cat-akcesoria","8":"product_cat-dji","9":"product_cat-baterie-do-dronow","10":"product_cat-czesci-zamienne-do-dronow","11":"product_cat-drony","12":"pa_box-height-2929","13":"pa_box-length-3533","14":"pa_box-width-2719","15":"pa_gross-weight-1712","16":"pa_hs-code-3521","17":"pa_kolejna-dostawa-23-10-2024","18":"pa_net-weight-2549","20":"first","21":"instock","22":"taxable","23":"shipping-taxable","24":"purchasable","25":"product-type-simple"},"acf":[],"yoast_head":"<!-- This site is optimized with the Yoast SEO plugin v27.2 - https:\/\/yoast.com\/product\/yoast-seo-wordpress\/ -->\n<title>Pokrowiec etui na 1 bateri\u0119 akumulator Sunnylife do DJI Mini 3 Pro (MM3-DC384) - IRONSKY.PL Sklep z Dronami<\/title>\n<meta name=\"description\" content=\"Pokrowiec etui na 1 bateri\u0119 akumulator Sunnylife do DJI Mini 3 Pro (MM3-DC384) - \u2705 sklep z dronami i fachowym doradztwem. \u2705 Tutaj kupisz produkty DJI, Yuneec, Parrot, Syma i wiele innych, a tak\u017ce kursy i licencje na operatora drona.\" \/>\n<meta name=\"robots\" content=\"index, follow, max-snippet:-1, max-image-preview:large, max-video-preview:-1\" \/>\n<link rel=\"canonical\" href=\"https:\/\/ironsky.pl\/sklep\/produkt\/pokrowiec-etui-na-1-baterie-akumulator-sunnylife-do-dji-mini-3-pro-mm3-dc384\/\" \/>\n<meta property=\"og:locale\" content=\"pl_PL\" \/>\n<meta property=\"og:type\" content=\"article\" \/>\n<meta property=\"og:title\" content=\"Pokrowiec etui na 1 bateri\u0119 akumulator Sunnylife do DJI Mini 3 Pro (MM3-DC384) - IRONSKY.PL Sklep z Dronami\" \/>\n<meta property=\"og:description\" content=\"Pokrowiec etui na 1 bateri\u0119 akumulator Sunnylife do DJI Mini 3 Pro (MM3-DC384) - \u2705 sklep z dronami i fachowym doradztwem. \u2705 Tutaj kupisz produkty DJI, Yuneec, Parrot, Syma i wiele innych, a tak\u017ce kursy i licencje na operatora drona.\" \/>\n<meta property=\"og:url\" content=\"https:\/\/ironsky.pl\/sklep\/produkt\/pokrowiec-etui-na-1-baterie-akumulator-sunnylife-do-dji-mini-3-pro-mm3-dc384\/\" \/>\n<meta property=\"og:site_name\" content=\"IRONSKY.PL Sklep z Dronami\" \/>\n<meta property=\"article:modified_time\" content=\"2026-03-05T14:48:19+00:00\" \/>\n<meta property=\"og:image\" content=\"https:\/\/ironsky.pl\/sklep\/wp-content\/uploads\/2024\/09\/25858_1.jpg\" \/>\n\t<meta property=\"og:image:width\" content=\"800\" \/>\n\t<meta property=\"og:image:height\" content=\"800\" \/>\n\t<meta property=\"og:image:type\" content=\"image\/jpeg\" \/>\n<meta name=\"twitter:card\" content=\"summary_large_image\" \/>\n<script type=\"application\/ld+json\" class=\"yoast-schema-graph\">{\"@context\":\"https:\/\/schema.org\",\"@graph\":[{\"@type\":\"WebPage\",\"@id\":\"https:\/\/ironsky.pl\/sklep\/produkt\/pokrowiec-etui-na-1-baterie-akumulator-sunnylife-do-dji-mini-3-pro-mm3-dc384\/\",\"url\":\"https:\/\/ironsky.pl\/sklep\/produkt\/pokrowiec-etui-na-1-baterie-akumulator-sunnylife-do-dji-mini-3-pro-mm3-dc384\/\",\"name\":\"Pokrowiec etui na 1 bateri\u0119 akumulator Sunnylife do DJI Mini 3 Pro (MM3-DC384) - IRONSKY.PL Sklep z Dronami\",\"isPartOf\":{\"@id\":\"https:\/\/ironsky.pl\/sklep\/#website\"},\"primaryImageOfPage\":{\"@id\":\"https:\/\/ironsky.pl\/sklep\/produkt\/pokrowiec-etui-na-1-baterie-akumulator-sunnylife-do-dji-mini-3-pro-mm3-dc384\/#primaryimage\"},\"image\":{\"@id\":\"https:\/\/ironsky.pl\/sklep\/produkt\/pokrowiec-etui-na-1-baterie-akumulator-sunnylife-do-dji-mini-3-pro-mm3-dc384\/#primaryimage\"},\"thumbnailUrl\":\"https:\/\/ironsky.pl\/sklep\/wp-content\/uploads\/2024\/09\/25858_1.jpg\",\"datePublished\":\"2024-09-16T10:10:20+00:00\",\"dateModified\":\"2026-03-05T14:48:19+00:00\",\"description\":\"Pokrowiec etui na 1 bateri\u0119 akumulator Sunnylife do DJI Mini 3 Pro (MM3-DC384) - \u2705 sklep z dronami i fachowym doradztwem. \u2705 Tutaj kupisz produkty DJI, Yuneec, Parrot, Syma i wiele innych, a tak\u017ce kursy i licencje na operatora drona.\",\"breadcrumb\":{\"@id\":\"https:\/\/ironsky.pl\/sklep\/produkt\/pokrowiec-etui-na-1-baterie-akumulator-sunnylife-do-dji-mini-3-pro-mm3-dc384\/#breadcrumb\"},\"inLanguage\":\"pl-PL\",\"potentialAction\":[{\"@type\":\"ReadAction\",\"target\":[\"https:\/\/ironsky.pl\/sklep\/produkt\/pokrowiec-etui-na-1-baterie-akumulator-sunnylife-do-dji-mini-3-pro-mm3-dc384\/\"]}]},{\"@type\":\"ImageObject\",\"inLanguage\":\"pl-PL\",\"@id\":\"https:\/\/ironsky.pl\/sklep\/produkt\/pokrowiec-etui-na-1-baterie-akumulator-sunnylife-do-dji-mini-3-pro-mm3-dc384\/#primaryimage\",\"url\":\"https:\/\/ironsky.pl\/sklep\/wp-content\/uploads\/2024\/09\/25858_1.jpg\",\"contentUrl\":\"https:\/\/ironsky.pl\/sklep\/wp-content\/uploads\/2024\/09\/25858_1.jpg\",\"width\":800,\"height\":800},{\"@type\":\"BreadcrumbList\",\"@id\":\"https:\/\/ironsky.pl\/sklep\/produkt\/pokrowiec-etui-na-1-baterie-akumulator-sunnylife-do-dji-mini-3-pro-mm3-dc384\/#breadcrumb\",\"itemListElement\":[{\"@type\":\"ListItem\",\"position\":1,\"name\":\"Strona g\u0142\u00f3wna\",\"item\":\"https:\/\/ironsky.pl\/sklep\/\"},{\"@type\":\"ListItem\",\"position\":2,\"name\":\"Wszystkie produkty\",\"item\":\"https:\/\/ironsky.pl\/sklep\/produkty\/\"},{\"@type\":\"ListItem\",\"position\":3,\"name\":\"Pokrowiec etui na 1 bateri\u0119 akumulator Sunnylife do DJI Mini 3 Pro (MM3-DC384)\"}]},{\"@type\":\"WebSite\",\"@id\":\"https:\/\/ironsky.pl\/sklep\/#website\",\"url\":\"https:\/\/ironsky.pl\/sklep\/\",\"name\":\"IRONSKY.PL Sklep z Dronami\",\"description\":\"IRONSKY.PL Sklep z Dronami\",\"potentialAction\":[{\"@type\":\"SearchAction\",\"target\":{\"@type\":\"EntryPoint\",\"urlTemplate\":\"https:\/\/ironsky.pl\/sklep\/?s={search_term_string}\"},\"query-input\":{\"@type\":\"PropertyValueSpecification\",\"valueRequired\":true,\"valueName\":\"search_term_string\"}}],\"inLanguage\":\"pl-PL\"}]}<\/script>\n<!-- \/ Yoast SEO plugin. -->","yoast_head_json":{"title":"Pokrowiec etui na 1 bateri\u0119 akumulator Sunnylife do DJI Mini 3 Pro (MM3-DC384) - IRONSKY.PL Sklep z Dronami","description":"Pokrowiec etui na 1 bateri\u0119 akumulator Sunnylife do DJI Mini 3 Pro (MM3-DC384) - \u2705 sklep z dronami i fachowym doradztwem. \u2705 Tutaj kupisz produkty DJI, Yuneec, Parrot, Syma i wiele innych, a tak\u017ce kursy i licencje na operatora drona.","robots":{"index":"index","follow":"follow","max-snippet":"max-snippet:-1","max-image-preview":"max-image-preview:large","max-video-preview":"max-video-preview:-1"},"canonical":"https:\/\/ironsky.pl\/sklep\/produkt\/pokrowiec-etui-na-1-baterie-akumulator-sunnylife-do-dji-mini-3-pro-mm3-dc384\/","og_locale":"pl_PL","og_type":"article","og_title":"Pokrowiec etui na 1 bateri\u0119 akumulator Sunnylife do DJI Mini 3 Pro (MM3-DC384) - IRONSKY.PL Sklep z Dronami","og_description":"Pokrowiec etui na 1 bateri\u0119 akumulator Sunnylife do DJI Mini 3 Pro (MM3-DC384) - \u2705 sklep z dronami i fachowym doradztwem. \u2705 Tutaj kupisz produkty DJI, Yuneec, Parrot, Syma i wiele innych, a tak\u017ce kursy i licencje na operatora drona.","og_url":"https:\/\/ironsky.pl\/sklep\/produkt\/pokrowiec-etui-na-1-baterie-akumulator-sunnylife-do-dji-mini-3-pro-mm3-dc384\/","og_site_name":"IRONSKY.PL Sklep z Dronami","article_modified_time":"2026-03-05T14:48:19+00:00","og_image":[{"width":800,"height":800,"url":"https:\/\/ironsky.pl\/sklep\/wp-content\/uploads\/2024\/09\/25858_1.jpg","type":"image\/jpeg"}],"twitter_card":"summary_large_image","schema":{"@context":"https:\/\/schema.org","@graph":[{"@type":"WebPage","@id":"https:\/\/ironsky.pl\/sklep\/produkt\/pokrowiec-etui-na-1-baterie-akumulator-sunnylife-do-dji-mini-3-pro-mm3-dc384\/","url":"https:\/\/ironsky.pl\/sklep\/produkt\/pokrowiec-etui-na-1-baterie-akumulator-sunnylife-do-dji-mini-3-pro-mm3-dc384\/","name":"Pokrowiec etui na 1 bateri\u0119 akumulator Sunnylife do DJI Mini 3 Pro (MM3-DC384) - IRONSKY.PL Sklep z Dronami","isPartOf":{"@id":"https:\/\/ironsky.pl\/sklep\/#website"},"primaryImageOfPage":{"@id":"https:\/\/ironsky.pl\/sklep\/produkt\/pokrowiec-etui-na-1-baterie-akumulator-sunnylife-do-dji-mini-3-pro-mm3-dc384\/#primaryimage"},"image":{"@id":"https:\/\/ironsky.pl\/sklep\/produkt\/pokrowiec-etui-na-1-baterie-akumulator-sunnylife-do-dji-mini-3-pro-mm3-dc384\/#primaryimage"},"thumbnailUrl":"https:\/\/ironsky.pl\/sklep\/wp-content\/uploads\/2024\/09\/25858_1.jpg","datePublished":"2024-09-16T10:10:20+00:00","dateModified":"2026-03-05T14:48:19+00:00","description":"Pokrowiec etui na 1 bateri\u0119 akumulator Sunnylife do DJI Mini 3 Pro (MM3-DC384) - \u2705 sklep z dronami i fachowym doradztwem. \u2705 Tutaj kupisz produkty DJI, Yuneec, Parrot, Syma i wiele innych, a tak\u017ce kursy i licencje na operatora drona.","breadcrumb":{"@id":"https:\/\/ironsky.pl\/sklep\/produkt\/pokrowiec-etui-na-1-baterie-akumulator-sunnylife-do-dji-mini-3-pro-mm3-dc384\/#breadcrumb"},"inLanguage":"pl-PL","potentialAction":[{"@type":"ReadAction","target":["https:\/\/ironsky.pl\/sklep\/produkt\/pokrowiec-etui-na-1-baterie-akumulator-sunnylife-do-dji-mini-3-pro-mm3-dc384\/"]}]},{"@type":"ImageObject","inLanguage":"pl-PL","@id":"https:\/\/ironsky.pl\/sklep\/produkt\/pokrowiec-etui-na-1-baterie-akumulator-sunnylife-do-dji-mini-3-pro-mm3-dc384\/#primaryimage","url":"https:\/\/ironsky.pl\/sklep\/wp-content\/uploads\/2024\/09\/25858_1.jpg","contentUrl":"https:\/\/ironsky.pl\/sklep\/wp-content\/uploads\/2024\/09\/25858_1.jpg","width":800,"height":800},{"@type":"BreadcrumbList","@id":"https:\/\/ironsky.pl\/sklep\/produkt\/pokrowiec-etui-na-1-baterie-akumulator-sunnylife-do-dji-mini-3-pro-mm3-dc384\/#breadcrumb","itemListElement":[{"@type":"ListItem","position":1,"name":"Strona g\u0142\u00f3wna","item":"https:\/\/ironsky.pl\/sklep\/"},{"@type":"ListItem","position":2,"name":"Wszystkie produkty","item":"https:\/\/ironsky.pl\/sklep\/produkty\/"},{"@type":"ListItem","position":3,"name":"Pokrowiec etui na 1 bateri\u0119 akumulator Sunnylife do DJI Mini 3 Pro (MM3-DC384)"}]},{"@type":"WebSite","@id":"https:\/\/ironsky.pl\/sklep\/#website","url":"https:\/\/ironsky.pl\/sklep\/","name":"IRONSKY.PL Sklep z Dronami","description":"IRONSKY.PL Sklep z Dronami","potentialAction":[{"@type":"SearchAction","target":{"@type":"EntryPoint","urlTemplate":"https:\/\/ironsky.pl\/sklep\/?s={search_term_string}"},"query-input":{"@type":"PropertyValueSpecification","valueRequired":true,"valueName":"search_term_string"}}],"inLanguage":"pl-PL"}]}},"_links":{"self":[{"href":"https:\/\/ironsky.pl\/sklep\/wp-json\/wp\/v2\/product\/19540","targetHints":{"allow":["GET"]}}],"collection":[{"href":"https:\/\/ironsky.pl\/sklep\/wp-json\/wp\/v2\/product"}],"about":[{"href":"https:\/\/ironsky.pl\/sklep\/wp-json\/wp\/v2\/types\/product"}],"replies":[{"embeddable":true,"href":"https:\/\/ironsky.pl\/sklep\/wp-json\/wp\/v2\/comments?post=19540"}],"wp:featuredmedia":[{"embeddable":true,"href":"https:\/\/ironsky.pl\/sklep\/wp-json\/wp\/v2\/media\/19541"}],"wp:attachment":[{"href":"https:\/\/ironsky.pl\/sklep\/wp-json\/wp\/v2\/media?parent=19540"}],"wp:term":[{"taxonomy":"product_brand","embeddable":true,"href":"https:\/\/ironsky.pl\/sklep\/wp-json\/wp\/v2\/product_brand?post=19540"},{"taxonomy":"product_cat","embeddable":true,"href":"https:\/\/ironsky.pl\/sklep\/wp-json\/wp\/v2\/product_cat?post=19540"},{"taxonomy":"product_tag","embeddable":true,"href":"https:\/\/ironsky.pl\/sklep\/wp-json\/wp\/v2\/product_tag?post=19540"}],"curies":[{"name":"wp","href":"https:\/\/api.w.org\/{rel}","templated":true}]}}