{"id":19534,"date":"2024-09-16T12:10:20","date_gmt":"2024-09-16T10:10:20","guid":{"rendered":"http:\/\/gvshalph.pro-linuxpl.com\/ironskyprodukty\/produkt\/podwyzszenie-podwozia-sunnylife-do-dji-mini-2-se-mini-2-szare\/"},"modified":"2026-03-05T15:48:19","modified_gmt":"2026-03-05T14:48:19","slug":"podwyzszenie-podwozia-sunnylife-do-dji-mini-2-se-mini-2-szare","status":"publish","type":"product","link":"https:\/\/ironsky.pl\/sklep\/produkt\/podwyzszenie-podwozia-sunnylife-do-dji-mini-2-se-mini-2-szare\/","title":{"rendered":"Podwy\u017cszenie podwozia Sunnylife do DJI Mini 2 SE \/ Mini 2 (szare)"},"content":{"rendered":"<h3>Podwy\u017cszenie podwozia Sunnylife do DJI Mini 2 SE \/ Mini 2 (szare)<\/h3>\n<\/p>\n<p>Podwy\u017cszenie podwozia marki Sunnylife pozwoli Ci podnie\u015b\u0107 Twojego drona o 32 mm, zwi\u0119kszaj\u0105c tym samym odleg\u0142o\u015b\u0107 mi\u0119dzy nim a pod\u0142o\u017cem. Dzi\u0119ki temu lepiej zadbasz o bezpiecze\u0144stwo urz\u0105dzenia i jego czujnika, bez problemu zachowasz je r\u00f3wnie\u017c w czysto\u015bci. Specjalnie zaprojektowane n\u00f3\u017cki gwarantuj\u0105 niezb\u0119dn\u0105 stabilno\u015b\u0107 podczas startu i l\u0105dowania, a sk\u0142adana konstrukcja u\u0142atwia transport akcesorium. Produkt jest przy tym bardzo prosty w monta\u017cu, a zarazem wytrzyma\u0142y. Idealnie pasuje do dron\u00f3w DJI Mini 2 SE \/ Mini 2 \/ Mavic Mini \u2013 nie zas\u0142ania kamery, przycisk\u00f3w ani innych wa\u017cnych element\u00f3w.<\/p>\n<\/p>\n<p>\n<img decoding=\"async\" src=\"https:\/\/assets.innpro.pl\/4750\/5498\/1.jpg\" border=\"0\" \/>\n<\/p>\n<h3>Ochrona na ka\u017cdym etapie<\/h3>\n<\/p>\n<p>Teraz mo\u017cesz \u015bmia\u0142o podbija\u0107 przestworza, maj\u0105c pewno\u015b\u0107, \u017ce Tw\u00f3j dron jest gotowy do dzia\u0142ania nawet w trudnych warunkach terenowych. Zwi\u0119kszenie odleg\u0142o\u015bci o 32 mm mi\u0119dzy Twoim dronem a ziemi\u0105 to klucz do utrzymania doskona\u0142ego stanu zar\u00f3wno urz\u0105dzenia, jak i jego czujnik\u00f3w. Dzi\u0119ki temu, zar\u00f3wno starty, jak i l\u0105dowania b\u0119d\u0105 wyj\u0105tkowo p\u0142ynne i bezproblemowe, bez ryzyka uszkodze\u0144 spowodowanych nier\u00f3wno\u015bciami terenu.\u00a0<\/p>\n<\/p>\n<p>\n<img decoding=\"async\" src=\"https:\/\/assets.innpro.pl\/4750\/5498\/8.jpg\" border=\"0\" \/>\n<\/p>\n<h3>\u0141atwa instalacja<\/h3>\n<\/p>\n<p>Podwy\u017cszenie podwozia zosta\u0142o zaprojektowane tak, aby jego monta\u017c odbywa\u0142 si\u0119 bezproblemowo i nie zak\u0142\u00f3ca\u0142 dzia\u0142ania systemu wizyjnego, czujnik\u00f3w oraz o\u015bwietlenia drona. W rezultacie Tw\u00f3j sprz\u0119t pozostaje w pe\u0142ni funkcjonalny, a Ty mo\u017cesz cieszy\u0107 si\u0119 ka\u017cdym lotem w spokoju.<\/p>\n<\/p>\n<p>\n<img decoding=\"async\" src=\"https:\/\/assets.innpro.pl\/4750\/5498\/4.jpg\" border=\"0\" \/>\n<\/p>\n<h3>Przemy\u015blany design<\/h3>\n<\/p>\n<p>Sk\u0142adana konstrukcja podwozia z precyzyjnym mechanizmem zapadkowym zwi\u0119ksza wygod\u0119 u\u017cytkowania. Proces sk\u0142adania i rozk\u0142adania odbywa si\u0119 b\u0142yskawicznie, bez \u017cadnych trudno\u015bci, co znacznie u\u0142atwia zar\u00f3wno transport, jak i przechowywanie Twojego drona.<\/p>\n<\/p>\n<p>\n<img decoding=\"async\" src=\"https:\/\/assets.innpro.pl\/4750\/5498\/9.jpg\" border=\"0\" \/>\n<\/p>\n<div class=\"table-wrapper\">\n<p>\u00a0<\/p>\n<h3><\/h3>\n<table>\n<tbody>\n<tr>\n<th>Producent <\/th>\n<td>Sunnylife<\/td>\n<\/tr>\n<tr>\n<th>Nazwa <\/th>\n<td>Sunnylife LG380 Spider Landing Gear<\/td>\n<\/tr>\n<tr>\n<th>Model <\/th>\n<td>LG380<\/td>\n<\/tr>\n<tr>\n<th>Kolor <\/th>\n<td>Szary<\/td>\n<\/tr>\n<tr>\n<th>Materia\u0142 <\/th>\n<td>Plastik<\/td>\n<\/tr>\n<tr>\n<th>Waga <\/th>\n<td>14 g<\/td>\n<\/tr>\n<tr>\n<th>Kompatybilno\u015b\u0107<\/th>\n<td>DJI Mini 2 SE \/ DJI Mini 2 \/ Mavic Mini<\/td>\n<\/tr>\n<\/tbody>\n<\/table>\n<\/div>\n","protected":false},"excerpt":{"rendered":"<p>Podwy\u017cszenie podwozia Sunnylife do DJI Mini 2 SE \/ Mini 2 (szare) Podwy\u017cszenie podwozia marki Sunnylife pozwoli Ci podnie\u015b\u0107 Twojego<\/p>\n","protected":false},"featured_media":19535,"comment_status":"closed","ping_status":"open","template":"","meta":{"_acf_changed":false},"product_brand":[],"product_cat":[5599,1090,1091,6093,1089,1088],"product_tag":[],"class_list":{"0":"post-19534","1":"product","2":"type-product","3":"status-publish","4":"has-post-thumbnail","6":"product_cat-mini-3","7":"product_cat-akcesoria","8":"product_cat-dji","9":"product_cat-baterie-do-dronow","10":"product_cat-czesci-zamienne-do-dronow","11":"product_cat-drony","12":"pa_box-height-1446","13":"pa_box-length-3523","14":"pa_box-width-3117","15":"pa_gross-weight-3530","16":"pa_hs-code-1775","17":"pa_net-weight-3018","18":"pa_seria-mini-dji-mini-2-dji-mini-2-se-mini-4k","20":"first","21":"outofstock","22":"taxable","23":"shipping-taxable","24":"purchasable","25":"product-type-simple"},"acf":[],"yoast_head":"<!-- This site is optimized with the Yoast SEO plugin v27.2 - https:\/\/yoast.com\/product\/yoast-seo-wordpress\/ -->\n<title>Podwy\u017cszenie podwozia Sunnylife do DJI Mini 2 SE \/ Mini 2 (szare) - IRONSKY.PL Sklep z Dronami<\/title>\n<meta name=\"description\" content=\"Podwy\u017cszenie podwozia Sunnylife do DJI Mini 2 SE \/ Mini 2 (szare) - \u2705 sklep z dronami i fachowym doradztwem. \u2705 Tutaj kupisz produkty DJI, Yuneec, Parrot, Syma i wiele innych, a tak\u017ce kursy i licencje na operatora drona.\" \/>\n<meta name=\"robots\" content=\"index, follow, max-snippet:-1, max-image-preview:large, max-video-preview:-1\" \/>\n<link rel=\"canonical\" href=\"https:\/\/ironsky.pl\/sklep\/produkt\/podwyzszenie-podwozia-sunnylife-do-dji-mini-2-se-mini-2-szare\/\" \/>\n<meta property=\"og:locale\" content=\"pl_PL\" \/>\n<meta property=\"og:type\" content=\"article\" \/>\n<meta property=\"og:title\" content=\"Podwy\u017cszenie podwozia Sunnylife do DJI Mini 2 SE \/ Mini 2 (szare) - IRONSKY.PL Sklep z Dronami\" \/>\n<meta property=\"og:description\" content=\"Podwy\u017cszenie podwozia Sunnylife do DJI Mini 2 SE \/ Mini 2 (szare) - \u2705 sklep z dronami i fachowym doradztwem. \u2705 Tutaj kupisz produkty DJI, Yuneec, Parrot, Syma i wiele innych, a tak\u017ce kursy i licencje na operatora drona.\" \/>\n<meta property=\"og:url\" content=\"https:\/\/ironsky.pl\/sklep\/produkt\/podwyzszenie-podwozia-sunnylife-do-dji-mini-2-se-mini-2-szare\/\" \/>\n<meta property=\"og:site_name\" content=\"IRONSKY.PL Sklep z Dronami\" \/>\n<meta property=\"article:modified_time\" content=\"2026-03-05T14:48:19+00:00\" \/>\n<meta property=\"og:image\" content=\"https:\/\/ironsky.pl\/sklep\/wp-content\/uploads\/2024\/09\/25852_1.jpg\" \/>\n\t<meta property=\"og:image:width\" content=\"800\" \/>\n\t<meta property=\"og:image:height\" content=\"800\" \/>\n\t<meta property=\"og:image:type\" content=\"image\/jpeg\" \/>\n<meta name=\"twitter:card\" content=\"summary_large_image\" \/>\n<meta name=\"twitter:label1\" content=\"Szacowany czas czytania\" \/>\n\t<meta name=\"twitter:data1\" content=\"2 minuty\" \/>\n<script type=\"application\/ld+json\" class=\"yoast-schema-graph\">{\"@context\":\"https:\/\/schema.org\",\"@graph\":[{\"@type\":\"WebPage\",\"@id\":\"https:\/\/ironsky.pl\/sklep\/produkt\/podwyzszenie-podwozia-sunnylife-do-dji-mini-2-se-mini-2-szare\/\",\"url\":\"https:\/\/ironsky.pl\/sklep\/produkt\/podwyzszenie-podwozia-sunnylife-do-dji-mini-2-se-mini-2-szare\/\",\"name\":\"Podwy\u017cszenie podwozia Sunnylife do DJI Mini 2 SE \/ Mini 2 (szare) - IRONSKY.PL Sklep z Dronami\",\"isPartOf\":{\"@id\":\"https:\/\/ironsky.pl\/sklep\/#website\"},\"primaryImageOfPage\":{\"@id\":\"https:\/\/ironsky.pl\/sklep\/produkt\/podwyzszenie-podwozia-sunnylife-do-dji-mini-2-se-mini-2-szare\/#primaryimage\"},\"image\":{\"@id\":\"https:\/\/ironsky.pl\/sklep\/produkt\/podwyzszenie-podwozia-sunnylife-do-dji-mini-2-se-mini-2-szare\/#primaryimage\"},\"thumbnailUrl\":\"https:\/\/ironsky.pl\/sklep\/wp-content\/uploads\/2024\/09\/25852_1.jpg\",\"datePublished\":\"2024-09-16T10:10:20+00:00\",\"dateModified\":\"2026-03-05T14:48:19+00:00\",\"description\":\"Podwy\u017cszenie podwozia Sunnylife do DJI Mini 2 SE \/ Mini 2 (szare) - \u2705 sklep z dronami i fachowym doradztwem. \u2705 Tutaj kupisz produkty DJI, Yuneec, Parrot, Syma i wiele innych, a tak\u017ce kursy i licencje na operatora drona.\",\"breadcrumb\":{\"@id\":\"https:\/\/ironsky.pl\/sklep\/produkt\/podwyzszenie-podwozia-sunnylife-do-dji-mini-2-se-mini-2-szare\/#breadcrumb\"},\"inLanguage\":\"pl-PL\",\"potentialAction\":[{\"@type\":\"ReadAction\",\"target\":[\"https:\/\/ironsky.pl\/sklep\/produkt\/podwyzszenie-podwozia-sunnylife-do-dji-mini-2-se-mini-2-szare\/\"]}]},{\"@type\":\"ImageObject\",\"inLanguage\":\"pl-PL\",\"@id\":\"https:\/\/ironsky.pl\/sklep\/produkt\/podwyzszenie-podwozia-sunnylife-do-dji-mini-2-se-mini-2-szare\/#primaryimage\",\"url\":\"https:\/\/ironsky.pl\/sklep\/wp-content\/uploads\/2024\/09\/25852_1.jpg\",\"contentUrl\":\"https:\/\/ironsky.pl\/sklep\/wp-content\/uploads\/2024\/09\/25852_1.jpg\",\"width\":800,\"height\":800},{\"@type\":\"BreadcrumbList\",\"@id\":\"https:\/\/ironsky.pl\/sklep\/produkt\/podwyzszenie-podwozia-sunnylife-do-dji-mini-2-se-mini-2-szare\/#breadcrumb\",\"itemListElement\":[{\"@type\":\"ListItem\",\"position\":1,\"name\":\"Strona g\u0142\u00f3wna\",\"item\":\"https:\/\/ironsky.pl\/sklep\/\"},{\"@type\":\"ListItem\",\"position\":2,\"name\":\"Wszystkie produkty\",\"item\":\"https:\/\/ironsky.pl\/sklep\/produkty\/\"},{\"@type\":\"ListItem\",\"position\":3,\"name\":\"Podwy\u017cszenie podwozia Sunnylife do DJI Mini 2 SE \/ Mini 2 (szare)\"}]},{\"@type\":\"WebSite\",\"@id\":\"https:\/\/ironsky.pl\/sklep\/#website\",\"url\":\"https:\/\/ironsky.pl\/sklep\/\",\"name\":\"IRONSKY.PL Sklep z Dronami\",\"description\":\"IRONSKY.PL Sklep z Dronami\",\"potentialAction\":[{\"@type\":\"SearchAction\",\"target\":{\"@type\":\"EntryPoint\",\"urlTemplate\":\"https:\/\/ironsky.pl\/sklep\/?s={search_term_string}\"},\"query-input\":{\"@type\":\"PropertyValueSpecification\",\"valueRequired\":true,\"valueName\":\"search_term_string\"}}],\"inLanguage\":\"pl-PL\"}]}<\/script>\n<!-- \/ Yoast SEO plugin. -->","yoast_head_json":{"title":"Podwy\u017cszenie podwozia Sunnylife do DJI Mini 2 SE \/ Mini 2 (szare) - IRONSKY.PL Sklep z Dronami","description":"Podwy\u017cszenie podwozia Sunnylife do DJI Mini 2 SE \/ Mini 2 (szare) - \u2705 sklep z dronami i fachowym doradztwem. \u2705 Tutaj kupisz produkty DJI, Yuneec, Parrot, Syma i wiele innych, a tak\u017ce kursy i licencje na operatora drona.","robots":{"index":"index","follow":"follow","max-snippet":"max-snippet:-1","max-image-preview":"max-image-preview:large","max-video-preview":"max-video-preview:-1"},"canonical":"https:\/\/ironsky.pl\/sklep\/produkt\/podwyzszenie-podwozia-sunnylife-do-dji-mini-2-se-mini-2-szare\/","og_locale":"pl_PL","og_type":"article","og_title":"Podwy\u017cszenie podwozia Sunnylife do DJI Mini 2 SE \/ Mini 2 (szare) - IRONSKY.PL Sklep z Dronami","og_description":"Podwy\u017cszenie podwozia Sunnylife do DJI Mini 2 SE \/ Mini 2 (szare) - \u2705 sklep z dronami i fachowym doradztwem. \u2705 Tutaj kupisz produkty DJI, Yuneec, Parrot, Syma i wiele innych, a tak\u017ce kursy i licencje na operatora drona.","og_url":"https:\/\/ironsky.pl\/sklep\/produkt\/podwyzszenie-podwozia-sunnylife-do-dji-mini-2-se-mini-2-szare\/","og_site_name":"IRONSKY.PL Sklep z Dronami","article_modified_time":"2026-03-05T14:48:19+00:00","og_image":[{"width":800,"height":800,"url":"https:\/\/ironsky.pl\/sklep\/wp-content\/uploads\/2024\/09\/25852_1.jpg","type":"image\/jpeg"}],"twitter_card":"summary_large_image","twitter_misc":{"Szacowany czas czytania":"2 minuty"},"schema":{"@context":"https:\/\/schema.org","@graph":[{"@type":"WebPage","@id":"https:\/\/ironsky.pl\/sklep\/produkt\/podwyzszenie-podwozia-sunnylife-do-dji-mini-2-se-mini-2-szare\/","url":"https:\/\/ironsky.pl\/sklep\/produkt\/podwyzszenie-podwozia-sunnylife-do-dji-mini-2-se-mini-2-szare\/","name":"Podwy\u017cszenie podwozia Sunnylife do DJI Mini 2 SE \/ Mini 2 (szare) - IRONSKY.PL Sklep z Dronami","isPartOf":{"@id":"https:\/\/ironsky.pl\/sklep\/#website"},"primaryImageOfPage":{"@id":"https:\/\/ironsky.pl\/sklep\/produkt\/podwyzszenie-podwozia-sunnylife-do-dji-mini-2-se-mini-2-szare\/#primaryimage"},"image":{"@id":"https:\/\/ironsky.pl\/sklep\/produkt\/podwyzszenie-podwozia-sunnylife-do-dji-mini-2-se-mini-2-szare\/#primaryimage"},"thumbnailUrl":"https:\/\/ironsky.pl\/sklep\/wp-content\/uploads\/2024\/09\/25852_1.jpg","datePublished":"2024-09-16T10:10:20+00:00","dateModified":"2026-03-05T14:48:19+00:00","description":"Podwy\u017cszenie podwozia Sunnylife do DJI Mini 2 SE \/ Mini 2 (szare) - \u2705 sklep z dronami i fachowym doradztwem. \u2705 Tutaj kupisz produkty DJI, Yuneec, Parrot, Syma i wiele innych, a tak\u017ce kursy i licencje na operatora drona.","breadcrumb":{"@id":"https:\/\/ironsky.pl\/sklep\/produkt\/podwyzszenie-podwozia-sunnylife-do-dji-mini-2-se-mini-2-szare\/#breadcrumb"},"inLanguage":"pl-PL","potentialAction":[{"@type":"ReadAction","target":["https:\/\/ironsky.pl\/sklep\/produkt\/podwyzszenie-podwozia-sunnylife-do-dji-mini-2-se-mini-2-szare\/"]}]},{"@type":"ImageObject","inLanguage":"pl-PL","@id":"https:\/\/ironsky.pl\/sklep\/produkt\/podwyzszenie-podwozia-sunnylife-do-dji-mini-2-se-mini-2-szare\/#primaryimage","url":"https:\/\/ironsky.pl\/sklep\/wp-content\/uploads\/2024\/09\/25852_1.jpg","contentUrl":"https:\/\/ironsky.pl\/sklep\/wp-content\/uploads\/2024\/09\/25852_1.jpg","width":800,"height":800},{"@type":"BreadcrumbList","@id":"https:\/\/ironsky.pl\/sklep\/produkt\/podwyzszenie-podwozia-sunnylife-do-dji-mini-2-se-mini-2-szare\/#breadcrumb","itemListElement":[{"@type":"ListItem","position":1,"name":"Strona g\u0142\u00f3wna","item":"https:\/\/ironsky.pl\/sklep\/"},{"@type":"ListItem","position":2,"name":"Wszystkie produkty","item":"https:\/\/ironsky.pl\/sklep\/produkty\/"},{"@type":"ListItem","position":3,"name":"Podwy\u017cszenie podwozia Sunnylife do DJI Mini 2 SE \/ Mini 2 (szare)"}]},{"@type":"WebSite","@id":"https:\/\/ironsky.pl\/sklep\/#website","url":"https:\/\/ironsky.pl\/sklep\/","name":"IRONSKY.PL Sklep z Dronami","description":"IRONSKY.PL Sklep z Dronami","potentialAction":[{"@type":"SearchAction","target":{"@type":"EntryPoint","urlTemplate":"https:\/\/ironsky.pl\/sklep\/?s={search_term_string}"},"query-input":{"@type":"PropertyValueSpecification","valueRequired":true,"valueName":"search_term_string"}}],"inLanguage":"pl-PL"}]}},"_links":{"self":[{"href":"https:\/\/ironsky.pl\/sklep\/wp-json\/wp\/v2\/product\/19534","targetHints":{"allow":["GET"]}}],"collection":[{"href":"https:\/\/ironsky.pl\/sklep\/wp-json\/wp\/v2\/product"}],"about":[{"href":"https:\/\/ironsky.pl\/sklep\/wp-json\/wp\/v2\/types\/product"}],"replies":[{"embeddable":true,"href":"https:\/\/ironsky.pl\/sklep\/wp-json\/wp\/v2\/comments?post=19534"}],"wp:featuredmedia":[{"embeddable":true,"href":"https:\/\/ironsky.pl\/sklep\/wp-json\/wp\/v2\/media\/19535"}],"wp:attachment":[{"href":"https:\/\/ironsky.pl\/sklep\/wp-json\/wp\/v2\/media?parent=19534"}],"wp:term":[{"taxonomy":"product_brand","embeddable":true,"href":"https:\/\/ironsky.pl\/sklep\/wp-json\/wp\/v2\/product_brand?post=19534"},{"taxonomy":"product_cat","embeddable":true,"href":"https:\/\/ironsky.pl\/sklep\/wp-json\/wp\/v2\/product_cat?post=19534"},{"taxonomy":"product_tag","embeddable":true,"href":"https:\/\/ironsky.pl\/sklep\/wp-json\/wp\/v2\/product_tag?post=19534"}],"curies":[{"name":"wp","href":"https:\/\/api.w.org\/{rel}","templated":true}]}}