{"id":19474,"date":"2024-09-16T12:09:25","date_gmt":"2024-09-16T10:09:25","guid":{"rendered":"http:\/\/gvshalph.pro-linuxpl.com\/ironskyprodukty\/produkt\/zestaw-filtrow-nd-4-8-16-32-sunnylife-do-dji-mini-3-pro-mm3-fi417\/"},"modified":"2026-05-17T01:46:48","modified_gmt":"2026-05-16T23:46:48","slug":"zestaw-filtrow-nd-4-8-16-32-sunnylife-do-dji-mini-3-pro-mm3-fi417","status":"publish","type":"product","link":"https:\/\/ironsky.pl\/sklep\/produkt\/zestaw-filtrow-nd-4-8-16-32-sunnylife-do-dji-mini-3-pro-mm3-fi417\/","title":{"rendered":"Zestaw filtr\u00f3w ND 4\/8\/16\/32 Sunnylife do DJI Mini 3 Pro (MM3-FI417)"},"content":{"rendered":"<h3>Zestaw 4 filtr\u00f3w ND 4\/8\/16\/32 Sunnylife do DJI Mini 3 Pro (MM3-FI417)<\/h3>\n<p>Zestaw zawiera 4 filtry ND, kt\u00f3re doskonale sprawdz\u0105 si\u0119 w przypadku fotografii przyrodniczej. Filtry ND reguluj\u0105 ilo\u015b\u0107 wpadaj\u0105cego \u015bwiat\u0142a, co pozwala kamerze ustawi\u0107 odpowiedni\u0105 ekspozycj\u0119. Dodatkowo poprawia kolor zdj\u0119\u0107, co czynie je bardziej \u017cywymi. Kompatybilne z kamer\u0105 DJI Mini 3 Pro, pozwol\u0105 wykona\u0107 uj\u0119cia o pe\u0142nym przekroju barw i z odpowiedni\u0105 polaryzacj\u0105 \u015bwiat\u0142a. Tw\u00f3rz jeszcze bardziej zjawiskowe uj\u0119cia!<\/p>\n<p><img decoding=\"async\" src=\"https:\/\/b2b.innpro.pl\/data\/include\/cms\/Sunnylife\/MM3-FI417\/6.jpg\"><\/p>\n<h3>Wygodna obs\u0142uga <\/h3>\n<p>Filtry zosta\u0142y zaprojektowane w taki spos\u00f3b, aby zapewni\u0107 szybki i bezproblemowy monta\u017c. Ka\u017cdy z nich jest regulowany, co pozwala na osi\u0105gni\u0119cie po\u017c\u0105danego k\u0105ta polaryzacji. Nie musisz si\u0119 obawia\u0107 o uszkodzenie Twojego sprz\u0119tu. <\/p>\n<p><img decoding=\"async\" src=\"https:\/\/b2b.innpro.pl\/data\/include\/cms\/Sunnylife\/MM3-FI417\/3.jpg\"><\/p>\n<h3>Wyj\u0105tkowa ochrona <\/h3>\n<p>Wytrzyma\u0142a konstrukcja zapewnia bezpieczn\u0105 i wygodn\u0105 prac\u0119 niemal w ka\u017cdych warunkach. Filtry charakteryzuj\u0105 si\u0119 odporno\u015bci\u0105 na zarysowania, olej, czy wod\u0119. Dodatkow\u0105 ochron\u0119 zapewnia im specjalny case. <\/p>\n<p><img decoding=\"async\" src=\"https:\/\/b2b.innpro.pl\/data\/include\/cms\/Sunnylife\/MM3-FI417\/2.jpg \"><\/p>\n<h3>Lekka waga i profesjonale szk\u0142o <\/h3>\n<p>Wykorzystywane w produkcji optyczne szk\u0142a, sprawia, \u017ce jako\u015b\u0107 Twoich zdj\u0119\u0107 b\u0119dzie jeszcze lepsza. \u017bywe, nieprzek\u0142amane kolory &#8211; to wszystko zyskasz z  ND! Filtry charakteryzuj\u0105 si\u0119 r\u00f3wnie\u017c lekk\u0105 wag\u0105, dlatego nie musisz obawia\u0107 si\u0119 o obci\u0105\u017cenie Twojego drona. <\/p>\n<p><img decoding=\"async\" src=\"https:\/\/b2b.innpro.pl\/data\/include\/cms\/Sunnylife\/MM3-FI417\/1.jpg\"><\/p>\n<div class=\"table-wrapper\">\n<table>\n<tbody>\n<tr>\n<th>Producent<\/th>\n<td>Sunnylife<\/td>\n<\/tr>\n<tr>\n<th>Waga<\/th>\n<td>oko\u0142o 0.9 g<\/td>\n<\/tr>\n<tr>\n<th>Kompatybilno\u015b\u0107<\/th>\n<td>Mini 3 Pro<\/td>\n<\/tr>\n<tr>\n<th>Filtry<\/th>\n<td>ND 4\/8\/16\/32<\/td>\n<\/tr>\n<\/tbody>\n<\/table>\n<\/div>\n","protected":false},"excerpt":{"rendered":"<p>Zestaw 4 filtr\u00f3w ND 4\/8\/16\/32 Sunnylife do DJI Mini 3 Pro (MM3-FI417) Zestaw zawiera 4 filtry ND, kt\u00f3re doskonale sprawdz\u0105<\/p>\n","protected":false},"featured_media":19475,"comment_status":"closed","ping_status":"open","template":"","meta":{"_acf_changed":false},"product_brand":[],"product_cat":[5599,1090,1091,1088],"product_tag":[],"class_list":{"0":"post-19474","1":"product","2":"type-product","3":"status-publish","4":"has-post-thumbnail","6":"product_cat-mini-3","7":"product_cat-akcesoria","8":"product_cat-dji","9":"product_cat-drony","10":"pa_box-height-1796","11":"pa_box-length-1878","12":"pa_box-width-2771","13":"pa_gross-weight-1471","14":"pa_kolejna-dostawa-18-09-2024","15":"pa_kompatybilnosc-filtry","16":"pa_net-weight-3490","17":"pa_seria-mini-dji-mini-3-pro-dji-mini-3","19":"first","20":"instock","21":"taxable","22":"shipping-taxable","23":"purchasable","24":"product-type-simple"},"acf":[],"yoast_head":"<!-- This site is optimized with the Yoast SEO plugin v27.2 - https:\/\/yoast.com\/product\/yoast-seo-wordpress\/ -->\n<title>Zestaw filtr\u00f3w ND 4\/8\/16\/32 Sunnylife do DJI Mini 3 Pro (MM3-FI417) - IRONSKY.PL Sklep z Dronami<\/title>\n<meta name=\"description\" content=\"Zestaw filtr\u00f3w ND 4\/8\/16\/32 Sunnylife do DJI Mini 3 Pro (MM3-FI417) - \u2705 sklep z dronami i fachowym doradztwem. \u2705 Tutaj kupisz produkty DJI, Yuneec, Parrot, Syma i wiele innych, a tak\u017ce kursy i licencje na operatora drona.\" \/>\n<meta name=\"robots\" content=\"index, follow, max-snippet:-1, max-image-preview:large, max-video-preview:-1\" \/>\n<link rel=\"canonical\" href=\"https:\/\/ironsky.pl\/sklep\/produkt\/zestaw-filtrow-nd-4-8-16-32-sunnylife-do-dji-mini-3-pro-mm3-fi417\/\" \/>\n<meta property=\"og:locale\" content=\"pl_PL\" \/>\n<meta property=\"og:type\" content=\"article\" \/>\n<meta property=\"og:title\" content=\"Zestaw filtr\u00f3w ND 4\/8\/16\/32 Sunnylife do DJI Mini 3 Pro (MM3-FI417) - IRONSKY.PL Sklep z Dronami\" \/>\n<meta property=\"og:description\" content=\"Zestaw filtr\u00f3w ND 4\/8\/16\/32 Sunnylife do DJI Mini 3 Pro (MM3-FI417) - \u2705 sklep z dronami i fachowym doradztwem. \u2705 Tutaj kupisz produkty DJI, Yuneec, Parrot, Syma i wiele innych, a tak\u017ce kursy i licencje na operatora drona.\" \/>\n<meta property=\"og:url\" content=\"https:\/\/ironsky.pl\/sklep\/produkt\/zestaw-filtrow-nd-4-8-16-32-sunnylife-do-dji-mini-3-pro-mm3-fi417\/\" \/>\n<meta property=\"og:site_name\" content=\"IRONSKY.PL Sklep z Dronami\" \/>\n<meta property=\"article:modified_time\" content=\"2026-05-16T23:46:48+00:00\" \/>\n<meta property=\"og:image\" content=\"https:\/\/ironsky.pl\/sklep\/wp-content\/uploads\/2024\/09\/25810_1.jpg\" \/>\n\t<meta property=\"og:image:width\" content=\"800\" \/>\n\t<meta property=\"og:image:height\" content=\"801\" \/>\n\t<meta property=\"og:image:type\" content=\"image\/jpeg\" \/>\n<meta name=\"twitter:card\" content=\"summary_large_image\" \/>\n<meta name=\"twitter:label1\" content=\"Szacowany czas czytania\" \/>\n\t<meta name=\"twitter:data1\" content=\"1 minuta\" \/>\n<script type=\"application\/ld+json\" class=\"yoast-schema-graph\">{\"@context\":\"https:\/\/schema.org\",\"@graph\":[{\"@type\":\"WebPage\",\"@id\":\"https:\/\/ironsky.pl\/sklep\/produkt\/zestaw-filtrow-nd-4-8-16-32-sunnylife-do-dji-mini-3-pro-mm3-fi417\/\",\"url\":\"https:\/\/ironsky.pl\/sklep\/produkt\/zestaw-filtrow-nd-4-8-16-32-sunnylife-do-dji-mini-3-pro-mm3-fi417\/\",\"name\":\"Zestaw filtr\u00f3w ND 4\/8\/16\/32 Sunnylife do DJI Mini 3 Pro (MM3-FI417) - IRONSKY.PL Sklep z Dronami\",\"isPartOf\":{\"@id\":\"https:\/\/ironsky.pl\/sklep\/#website\"},\"primaryImageOfPage\":{\"@id\":\"https:\/\/ironsky.pl\/sklep\/produkt\/zestaw-filtrow-nd-4-8-16-32-sunnylife-do-dji-mini-3-pro-mm3-fi417\/#primaryimage\"},\"image\":{\"@id\":\"https:\/\/ironsky.pl\/sklep\/produkt\/zestaw-filtrow-nd-4-8-16-32-sunnylife-do-dji-mini-3-pro-mm3-fi417\/#primaryimage\"},\"thumbnailUrl\":\"https:\/\/ironsky.pl\/sklep\/wp-content\/uploads\/2024\/09\/25810_1.jpg\",\"datePublished\":\"2024-09-16T10:09:25+00:00\",\"dateModified\":\"2026-05-16T23:46:48+00:00\",\"description\":\"Zestaw filtr\u00f3w ND 4\/8\/16\/32 Sunnylife do DJI Mini 3 Pro (MM3-FI417) - \u2705 sklep z dronami i fachowym doradztwem. \u2705 Tutaj kupisz produkty DJI, Yuneec, Parrot, Syma i wiele innych, a tak\u017ce kursy i licencje na operatora drona.\",\"breadcrumb\":{\"@id\":\"https:\/\/ironsky.pl\/sklep\/produkt\/zestaw-filtrow-nd-4-8-16-32-sunnylife-do-dji-mini-3-pro-mm3-fi417\/#breadcrumb\"},\"inLanguage\":\"pl-PL\",\"potentialAction\":[{\"@type\":\"ReadAction\",\"target\":[\"https:\/\/ironsky.pl\/sklep\/produkt\/zestaw-filtrow-nd-4-8-16-32-sunnylife-do-dji-mini-3-pro-mm3-fi417\/\"]}]},{\"@type\":\"ImageObject\",\"inLanguage\":\"pl-PL\",\"@id\":\"https:\/\/ironsky.pl\/sklep\/produkt\/zestaw-filtrow-nd-4-8-16-32-sunnylife-do-dji-mini-3-pro-mm3-fi417\/#primaryimage\",\"url\":\"https:\/\/ironsky.pl\/sklep\/wp-content\/uploads\/2024\/09\/25810_1.jpg\",\"contentUrl\":\"https:\/\/ironsky.pl\/sklep\/wp-content\/uploads\/2024\/09\/25810_1.jpg\",\"width\":800,\"height\":801},{\"@type\":\"BreadcrumbList\",\"@id\":\"https:\/\/ironsky.pl\/sklep\/produkt\/zestaw-filtrow-nd-4-8-16-32-sunnylife-do-dji-mini-3-pro-mm3-fi417\/#breadcrumb\",\"itemListElement\":[{\"@type\":\"ListItem\",\"position\":1,\"name\":\"Strona g\u0142\u00f3wna\",\"item\":\"https:\/\/ironsky.pl\/sklep\/\"},{\"@type\":\"ListItem\",\"position\":2,\"name\":\"Wszystkie produkty\",\"item\":\"https:\/\/ironsky.pl\/sklep\/produkty\/\"},{\"@type\":\"ListItem\",\"position\":3,\"name\":\"Zestaw filtr\u00f3w ND 4\/8\/16\/32 Sunnylife do DJI Mini 3 Pro (MM3-FI417)\"}]},{\"@type\":\"WebSite\",\"@id\":\"https:\/\/ironsky.pl\/sklep\/#website\",\"url\":\"https:\/\/ironsky.pl\/sklep\/\",\"name\":\"IRONSKY.PL Sklep z Dronami\",\"description\":\"IRONSKY.PL Sklep z Dronami\",\"potentialAction\":[{\"@type\":\"SearchAction\",\"target\":{\"@type\":\"EntryPoint\",\"urlTemplate\":\"https:\/\/ironsky.pl\/sklep\/?s={search_term_string}\"},\"query-input\":{\"@type\":\"PropertyValueSpecification\",\"valueRequired\":true,\"valueName\":\"search_term_string\"}}],\"inLanguage\":\"pl-PL\"}]}<\/script>\n<!-- \/ Yoast SEO plugin. -->","yoast_head_json":{"title":"Zestaw filtr\u00f3w ND 4\/8\/16\/32 Sunnylife do DJI Mini 3 Pro (MM3-FI417) - IRONSKY.PL Sklep z Dronami","description":"Zestaw filtr\u00f3w ND 4\/8\/16\/32 Sunnylife do DJI Mini 3 Pro (MM3-FI417) - \u2705 sklep z dronami i fachowym doradztwem. \u2705 Tutaj kupisz produkty DJI, Yuneec, Parrot, Syma i wiele innych, a tak\u017ce kursy i licencje na operatora drona.","robots":{"index":"index","follow":"follow","max-snippet":"max-snippet:-1","max-image-preview":"max-image-preview:large","max-video-preview":"max-video-preview:-1"},"canonical":"https:\/\/ironsky.pl\/sklep\/produkt\/zestaw-filtrow-nd-4-8-16-32-sunnylife-do-dji-mini-3-pro-mm3-fi417\/","og_locale":"pl_PL","og_type":"article","og_title":"Zestaw filtr\u00f3w ND 4\/8\/16\/32 Sunnylife do DJI Mini 3 Pro (MM3-FI417) - IRONSKY.PL Sklep z Dronami","og_description":"Zestaw filtr\u00f3w ND 4\/8\/16\/32 Sunnylife do DJI Mini 3 Pro (MM3-FI417) - \u2705 sklep z dronami i fachowym doradztwem. \u2705 Tutaj kupisz produkty DJI, Yuneec, Parrot, Syma i wiele innych, a tak\u017ce kursy i licencje na operatora drona.","og_url":"https:\/\/ironsky.pl\/sklep\/produkt\/zestaw-filtrow-nd-4-8-16-32-sunnylife-do-dji-mini-3-pro-mm3-fi417\/","og_site_name":"IRONSKY.PL Sklep z Dronami","article_modified_time":"2026-05-16T23:46:48+00:00","og_image":[{"width":800,"height":801,"url":"https:\/\/ironsky.pl\/sklep\/wp-content\/uploads\/2024\/09\/25810_1.jpg","type":"image\/jpeg"}],"twitter_card":"summary_large_image","twitter_misc":{"Szacowany czas czytania":"1 minuta"},"schema":{"@context":"https:\/\/schema.org","@graph":[{"@type":"WebPage","@id":"https:\/\/ironsky.pl\/sklep\/produkt\/zestaw-filtrow-nd-4-8-16-32-sunnylife-do-dji-mini-3-pro-mm3-fi417\/","url":"https:\/\/ironsky.pl\/sklep\/produkt\/zestaw-filtrow-nd-4-8-16-32-sunnylife-do-dji-mini-3-pro-mm3-fi417\/","name":"Zestaw filtr\u00f3w ND 4\/8\/16\/32 Sunnylife do DJI Mini 3 Pro (MM3-FI417) - IRONSKY.PL Sklep z Dronami","isPartOf":{"@id":"https:\/\/ironsky.pl\/sklep\/#website"},"primaryImageOfPage":{"@id":"https:\/\/ironsky.pl\/sklep\/produkt\/zestaw-filtrow-nd-4-8-16-32-sunnylife-do-dji-mini-3-pro-mm3-fi417\/#primaryimage"},"image":{"@id":"https:\/\/ironsky.pl\/sklep\/produkt\/zestaw-filtrow-nd-4-8-16-32-sunnylife-do-dji-mini-3-pro-mm3-fi417\/#primaryimage"},"thumbnailUrl":"https:\/\/ironsky.pl\/sklep\/wp-content\/uploads\/2024\/09\/25810_1.jpg","datePublished":"2024-09-16T10:09:25+00:00","dateModified":"2026-05-16T23:46:48+00:00","description":"Zestaw filtr\u00f3w ND 4\/8\/16\/32 Sunnylife do DJI Mini 3 Pro (MM3-FI417) - \u2705 sklep z dronami i fachowym doradztwem. \u2705 Tutaj kupisz produkty DJI, Yuneec, Parrot, Syma i wiele innych, a tak\u017ce kursy i licencje na operatora drona.","breadcrumb":{"@id":"https:\/\/ironsky.pl\/sklep\/produkt\/zestaw-filtrow-nd-4-8-16-32-sunnylife-do-dji-mini-3-pro-mm3-fi417\/#breadcrumb"},"inLanguage":"pl-PL","potentialAction":[{"@type":"ReadAction","target":["https:\/\/ironsky.pl\/sklep\/produkt\/zestaw-filtrow-nd-4-8-16-32-sunnylife-do-dji-mini-3-pro-mm3-fi417\/"]}]},{"@type":"ImageObject","inLanguage":"pl-PL","@id":"https:\/\/ironsky.pl\/sklep\/produkt\/zestaw-filtrow-nd-4-8-16-32-sunnylife-do-dji-mini-3-pro-mm3-fi417\/#primaryimage","url":"https:\/\/ironsky.pl\/sklep\/wp-content\/uploads\/2024\/09\/25810_1.jpg","contentUrl":"https:\/\/ironsky.pl\/sklep\/wp-content\/uploads\/2024\/09\/25810_1.jpg","width":800,"height":801},{"@type":"BreadcrumbList","@id":"https:\/\/ironsky.pl\/sklep\/produkt\/zestaw-filtrow-nd-4-8-16-32-sunnylife-do-dji-mini-3-pro-mm3-fi417\/#breadcrumb","itemListElement":[{"@type":"ListItem","position":1,"name":"Strona g\u0142\u00f3wna","item":"https:\/\/ironsky.pl\/sklep\/"},{"@type":"ListItem","position":2,"name":"Wszystkie produkty","item":"https:\/\/ironsky.pl\/sklep\/produkty\/"},{"@type":"ListItem","position":3,"name":"Zestaw filtr\u00f3w ND 4\/8\/16\/32 Sunnylife do DJI Mini 3 Pro (MM3-FI417)"}]},{"@type":"WebSite","@id":"https:\/\/ironsky.pl\/sklep\/#website","url":"https:\/\/ironsky.pl\/sklep\/","name":"IRONSKY.PL Sklep z Dronami","description":"IRONSKY.PL Sklep z Dronami","potentialAction":[{"@type":"SearchAction","target":{"@type":"EntryPoint","urlTemplate":"https:\/\/ironsky.pl\/sklep\/?s={search_term_string}"},"query-input":{"@type":"PropertyValueSpecification","valueRequired":true,"valueName":"search_term_string"}}],"inLanguage":"pl-PL"}]}},"_links":{"self":[{"href":"https:\/\/ironsky.pl\/sklep\/wp-json\/wp\/v2\/product\/19474","targetHints":{"allow":["GET"]}}],"collection":[{"href":"https:\/\/ironsky.pl\/sklep\/wp-json\/wp\/v2\/product"}],"about":[{"href":"https:\/\/ironsky.pl\/sklep\/wp-json\/wp\/v2\/types\/product"}],"replies":[{"embeddable":true,"href":"https:\/\/ironsky.pl\/sklep\/wp-json\/wp\/v2\/comments?post=19474"}],"wp:featuredmedia":[{"embeddable":true,"href":"https:\/\/ironsky.pl\/sklep\/wp-json\/wp\/v2\/media\/19475"}],"wp:attachment":[{"href":"https:\/\/ironsky.pl\/sklep\/wp-json\/wp\/v2\/media?parent=19474"}],"wp:term":[{"taxonomy":"product_brand","embeddable":true,"href":"https:\/\/ironsky.pl\/sklep\/wp-json\/wp\/v2\/product_brand?post=19474"},{"taxonomy":"product_cat","embeddable":true,"href":"https:\/\/ironsky.pl\/sklep\/wp-json\/wp\/v2\/product_cat?post=19474"},{"taxonomy":"product_tag","embeddable":true,"href":"https:\/\/ironsky.pl\/sklep\/wp-json\/wp\/v2\/product_tag?post=19474"}],"curies":[{"name":"wp","href":"https:\/\/api.w.org\/{rel}","templated":true}]}}