{"id":19466,"date":"2024-09-16T12:09:25","date_gmt":"2024-09-16T10:09:25","guid":{"rendered":"http:\/\/gvshalph.pro-linuxpl.com\/ironskyprodukty\/produkt\/oslona-przeciwodblaskowa-na-smatfona-sunnylife-do-kontrolera-dji-rc-n1-zg73\/"},"modified":"2026-03-05T15:48:15","modified_gmt":"2026-03-05T14:48:15","slug":"oslona-przeciwodblaskowa-na-smatfona-sunnylife-do-kontrolera-dji-rc-n1-zg73","status":"publish","type":"product","link":"https:\/\/ironsky.pl\/sklep\/produkt\/oslona-przeciwodblaskowa-na-smatfona-sunnylife-do-kontrolera-dji-rc-n1-zg73\/","title":{"rendered":"Os\u0142ona przeciwodblaskowa na smatfona Sunnylife do kontrolera DJI RC-N1 (ZG73)"},"content":{"rendered":"<h3>Os\u0142ona przeciws\u0142oneczna na smartfon Sunnylife do kontrolera DJI N1 (ZG73)<\/h3>\n<p>Zadbaj o komfort nagrywania niemal w ka\u017cdych warunkach. Os\u0142ona Sunnylife pozwoli Ci wygodnie korzysta\u0107 ze smartfona i kontrolera, zapewniaj\u0105c ochron\u0119 przed odblaskami promieni s\u0142onecznych. Dzi\u0119ki magnetycznej konstrukcji z \u0142atwo\u015bci\u0105 j\u0105 zamontujesz lub szybko z\u0142o\u017cysz kiedy nie b\u0119dzie Ci potrzebna. Os\u0142ona jest kompatybilna z kontrolerami takich dron\u00f3w jak Mavic 3\/Air 2S\/Mini 2\/Air 2\/EVO Lite\/Nano\/RC-N2\/RC-N3.<\/p>\n<p>\n<img decoding=\"async\" src=\"https:\/\/assets.innpro.pl\/9999\/11701\/6.jpg\" border=\"0\" \/>\n<\/p>\n<h3>Przemy\u015blana konstrukcja<\/h3>\n<p>Os\u0142ona pasuje do wi\u0119kszo\u015bci modeli smartfon\u00f3w dost\u0119pnych na rynku, dzi\u0119ki czemu nie musisz si\u0119 obawia\u0107 problem\u00f3w z kompatybilno\u015bci\u0105. Zosta\u0142a wyposa\u017cona w 16 magnes\u00f3w, dzi\u0119ki czemu szybko i wygodnie j\u0105 zamontujesz\/zdemontujesz. Ponadto g\u00f3rn\u0105 os\u0142on\u0119 mo\u017cesz w ka\u017cdej chwili odsun\u0105\u0107, dla wi\u0119kszej wygody. Dodatkowo wykonanie z tworzywa PU zapewnia wytrzyma\u0142o\u015b\u0107 i trwa\u0142o\u015b\u0107.<\/p>\n<p>\n<img decoding=\"async\" src=\"https:\/\/assets.innpro.pl\/9999\/11701\/2.jpg\" border=\"0\" \/>\n<\/p>\n<div class=\"table-wrapper\">\n<p>\u00a0<\/p>\n<h3><\/h3>\n<table>\n<tbody>\n<tr>\n<th>Producent<\/th>\n<td>Sunnylife<\/td>\n<\/tr>\n<tr>\n<th>Model<\/th>\n<td>ZG73<\/td>\n<\/tr>\n<tr>\n<th>Kolor<\/th>\n<td>czarny<\/td>\n<\/tr>\n<tr>\n<th>Materia\u0142<\/th>\n<td>PU<\/td>\n<\/tr>\n<tr>\n<th>Kompatybilno\u015b\u0107<\/th>\n<td>Mavic 3\/Air 2S\/Mini 2\/Air 2\/EVO Lite\/Nano\/RC-N2\/RC-N3<\/td>\n<\/tr>\n<tr>\n<th>Waga<\/th>\n<td>122 g<\/td>\n<\/tr>\n<tr>\n<th>Wymiary<\/th>\n<td>z\u0142o\u017cony: 200 x 118 x 93 mm, roz\u0142o\u017cony: 198 x 92 x 13 mm<\/td>\n<\/tr>\n<\/tbody>\n<\/table>\n<\/div>\n","protected":false},"excerpt":{"rendered":"<p>Os\u0142ona przeciws\u0142oneczna na smartfon Sunnylife do kontrolera DJI N1 (ZG73) Zadbaj o komfort nagrywania niemal w ka\u017cdych warunkach. Os\u0142ona Sunnylife<\/p>\n","protected":false},"featured_media":19467,"comment_status":"closed","ping_status":"open","template":"","meta":{"_acf_changed":false},"product_brand":[],"product_cat":[1090,1091,1088],"product_tag":[],"class_list":{"0":"post-19466","1":"product","2":"type-product","3":"status-publish","4":"has-post-thumbnail","6":"product_cat-akcesoria","7":"product_cat-dji","8":"product_cat-drony","9":"pa_box-height-1796","10":"pa_box-length-3488","11":"pa_box-width-1994","12":"pa_gross-weight-3448","13":"pa_hs-code-1775","14":"pa_kolejna-dostawa-18-09-2024","15":"pa_net-weight-2419","17":"first","18":"instock","19":"taxable","20":"shipping-taxable","21":"purchasable","22":"product-type-simple"},"acf":[],"yoast_head":"<!-- This site is optimized with the Yoast SEO plugin v27.2 - https:\/\/yoast.com\/product\/yoast-seo-wordpress\/ -->\n<title>Os\u0142ona przeciwodblaskowa na smatfona Sunnylife do kontrolera DJI RC-N1 (ZG73) - IRONSKY.PL Sklep z Dronami<\/title>\n<meta name=\"description\" content=\"Os\u0142ona przeciwodblaskowa na smatfona Sunnylife do kontrolera DJI RC-N1 (ZG73) - \u2705 sklep z dronami i fachowym doradztwem. \u2705 Tutaj kupisz produkty DJI, Yuneec, Parrot, Syma i wiele innych, a tak\u017ce kursy i licencje na operatora drona.\" \/>\n<meta name=\"robots\" content=\"index, follow, max-snippet:-1, max-image-preview:large, max-video-preview:-1\" \/>\n<link rel=\"canonical\" href=\"https:\/\/ironsky.pl\/sklep\/produkt\/oslona-przeciwodblaskowa-na-smatfona-sunnylife-do-kontrolera-dji-rc-n1-zg73\/\" \/>\n<meta property=\"og:locale\" content=\"pl_PL\" \/>\n<meta property=\"og:type\" content=\"article\" \/>\n<meta property=\"og:title\" content=\"Os\u0142ona przeciwodblaskowa na smatfona Sunnylife do kontrolera DJI RC-N1 (ZG73) - IRONSKY.PL Sklep z Dronami\" \/>\n<meta property=\"og:description\" content=\"Os\u0142ona przeciwodblaskowa na smatfona Sunnylife do kontrolera DJI RC-N1 (ZG73) - \u2705 sklep z dronami i fachowym doradztwem. \u2705 Tutaj kupisz produkty DJI, Yuneec, Parrot, Syma i wiele innych, a tak\u017ce kursy i licencje na operatora drona.\" \/>\n<meta property=\"og:url\" content=\"https:\/\/ironsky.pl\/sklep\/produkt\/oslona-przeciwodblaskowa-na-smatfona-sunnylife-do-kontrolera-dji-rc-n1-zg73\/\" \/>\n<meta property=\"og:site_name\" content=\"IRONSKY.PL Sklep z Dronami\" \/>\n<meta property=\"article:modified_time\" content=\"2026-03-05T14:48:15+00:00\" \/>\n<meta property=\"og:image\" content=\"https:\/\/ironsky.pl\/sklep\/wp-content\/uploads\/2024\/09\/25734_1.jpg\" \/>\n\t<meta property=\"og:image:width\" content=\"800\" \/>\n\t<meta property=\"og:image:height\" content=\"800\" \/>\n\t<meta property=\"og:image:type\" content=\"image\/jpeg\" \/>\n<meta name=\"twitter:card\" content=\"summary_large_image\" \/>\n<meta name=\"twitter:label1\" content=\"Szacowany czas czytania\" \/>\n\t<meta name=\"twitter:data1\" content=\"1 minuta\" \/>\n<script type=\"application\/ld+json\" class=\"yoast-schema-graph\">{\"@context\":\"https:\/\/schema.org\",\"@graph\":[{\"@type\":\"WebPage\",\"@id\":\"https:\/\/ironsky.pl\/sklep\/produkt\/oslona-przeciwodblaskowa-na-smatfona-sunnylife-do-kontrolera-dji-rc-n1-zg73\/\",\"url\":\"https:\/\/ironsky.pl\/sklep\/produkt\/oslona-przeciwodblaskowa-na-smatfona-sunnylife-do-kontrolera-dji-rc-n1-zg73\/\",\"name\":\"Os\u0142ona przeciwodblaskowa na smatfona Sunnylife do kontrolera DJI RC-N1 (ZG73) - IRONSKY.PL Sklep z Dronami\",\"isPartOf\":{\"@id\":\"https:\/\/ironsky.pl\/sklep\/#website\"},\"primaryImageOfPage\":{\"@id\":\"https:\/\/ironsky.pl\/sklep\/produkt\/oslona-przeciwodblaskowa-na-smatfona-sunnylife-do-kontrolera-dji-rc-n1-zg73\/#primaryimage\"},\"image\":{\"@id\":\"https:\/\/ironsky.pl\/sklep\/produkt\/oslona-przeciwodblaskowa-na-smatfona-sunnylife-do-kontrolera-dji-rc-n1-zg73\/#primaryimage\"},\"thumbnailUrl\":\"https:\/\/ironsky.pl\/sklep\/wp-content\/uploads\/2024\/09\/25734_1.jpg\",\"datePublished\":\"2024-09-16T10:09:25+00:00\",\"dateModified\":\"2026-03-05T14:48:15+00:00\",\"description\":\"Os\u0142ona przeciwodblaskowa na smatfona Sunnylife do kontrolera DJI RC-N1 (ZG73) - \u2705 sklep z dronami i fachowym doradztwem. \u2705 Tutaj kupisz produkty DJI, Yuneec, Parrot, Syma i wiele innych, a tak\u017ce kursy i licencje na operatora drona.\",\"breadcrumb\":{\"@id\":\"https:\/\/ironsky.pl\/sklep\/produkt\/oslona-przeciwodblaskowa-na-smatfona-sunnylife-do-kontrolera-dji-rc-n1-zg73\/#breadcrumb\"},\"inLanguage\":\"pl-PL\",\"potentialAction\":[{\"@type\":\"ReadAction\",\"target\":[\"https:\/\/ironsky.pl\/sklep\/produkt\/oslona-przeciwodblaskowa-na-smatfona-sunnylife-do-kontrolera-dji-rc-n1-zg73\/\"]}]},{\"@type\":\"ImageObject\",\"inLanguage\":\"pl-PL\",\"@id\":\"https:\/\/ironsky.pl\/sklep\/produkt\/oslona-przeciwodblaskowa-na-smatfona-sunnylife-do-kontrolera-dji-rc-n1-zg73\/#primaryimage\",\"url\":\"https:\/\/ironsky.pl\/sklep\/wp-content\/uploads\/2024\/09\/25734_1.jpg\",\"contentUrl\":\"https:\/\/ironsky.pl\/sklep\/wp-content\/uploads\/2024\/09\/25734_1.jpg\",\"width\":800,\"height\":800},{\"@type\":\"BreadcrumbList\",\"@id\":\"https:\/\/ironsky.pl\/sklep\/produkt\/oslona-przeciwodblaskowa-na-smatfona-sunnylife-do-kontrolera-dji-rc-n1-zg73\/#breadcrumb\",\"itemListElement\":[{\"@type\":\"ListItem\",\"position\":1,\"name\":\"Strona g\u0142\u00f3wna\",\"item\":\"https:\/\/ironsky.pl\/sklep\/\"},{\"@type\":\"ListItem\",\"position\":2,\"name\":\"Wszystkie produkty\",\"item\":\"https:\/\/ironsky.pl\/sklep\/produkty\/\"},{\"@type\":\"ListItem\",\"position\":3,\"name\":\"Os\u0142ona przeciwodblaskowa na smatfona Sunnylife do kontrolera DJI RC-N1 (ZG73)\"}]},{\"@type\":\"WebSite\",\"@id\":\"https:\/\/ironsky.pl\/sklep\/#website\",\"url\":\"https:\/\/ironsky.pl\/sklep\/\",\"name\":\"IRONSKY.PL Sklep z Dronami\",\"description\":\"IRONSKY.PL Sklep z Dronami\",\"potentialAction\":[{\"@type\":\"SearchAction\",\"target\":{\"@type\":\"EntryPoint\",\"urlTemplate\":\"https:\/\/ironsky.pl\/sklep\/?s={search_term_string}\"},\"query-input\":{\"@type\":\"PropertyValueSpecification\",\"valueRequired\":true,\"valueName\":\"search_term_string\"}}],\"inLanguage\":\"pl-PL\"}]}<\/script>\n<!-- \/ Yoast SEO plugin. -->","yoast_head_json":{"title":"Os\u0142ona przeciwodblaskowa na smatfona Sunnylife do kontrolera DJI RC-N1 (ZG73) - IRONSKY.PL Sklep z Dronami","description":"Os\u0142ona przeciwodblaskowa na smatfona Sunnylife do kontrolera DJI RC-N1 (ZG73) - \u2705 sklep z dronami i fachowym doradztwem. \u2705 Tutaj kupisz produkty DJI, Yuneec, Parrot, Syma i wiele innych, a tak\u017ce kursy i licencje na operatora drona.","robots":{"index":"index","follow":"follow","max-snippet":"max-snippet:-1","max-image-preview":"max-image-preview:large","max-video-preview":"max-video-preview:-1"},"canonical":"https:\/\/ironsky.pl\/sklep\/produkt\/oslona-przeciwodblaskowa-na-smatfona-sunnylife-do-kontrolera-dji-rc-n1-zg73\/","og_locale":"pl_PL","og_type":"article","og_title":"Os\u0142ona przeciwodblaskowa na smatfona Sunnylife do kontrolera DJI RC-N1 (ZG73) - IRONSKY.PL Sklep z Dronami","og_description":"Os\u0142ona przeciwodblaskowa na smatfona Sunnylife do kontrolera DJI RC-N1 (ZG73) - \u2705 sklep z dronami i fachowym doradztwem. \u2705 Tutaj kupisz produkty DJI, Yuneec, Parrot, Syma i wiele innych, a tak\u017ce kursy i licencje na operatora drona.","og_url":"https:\/\/ironsky.pl\/sklep\/produkt\/oslona-przeciwodblaskowa-na-smatfona-sunnylife-do-kontrolera-dji-rc-n1-zg73\/","og_site_name":"IRONSKY.PL Sklep z Dronami","article_modified_time":"2026-03-05T14:48:15+00:00","og_image":[{"width":800,"height":800,"url":"https:\/\/ironsky.pl\/sklep\/wp-content\/uploads\/2024\/09\/25734_1.jpg","type":"image\/jpeg"}],"twitter_card":"summary_large_image","twitter_misc":{"Szacowany czas czytania":"1 minuta"},"schema":{"@context":"https:\/\/schema.org","@graph":[{"@type":"WebPage","@id":"https:\/\/ironsky.pl\/sklep\/produkt\/oslona-przeciwodblaskowa-na-smatfona-sunnylife-do-kontrolera-dji-rc-n1-zg73\/","url":"https:\/\/ironsky.pl\/sklep\/produkt\/oslona-przeciwodblaskowa-na-smatfona-sunnylife-do-kontrolera-dji-rc-n1-zg73\/","name":"Os\u0142ona przeciwodblaskowa na smatfona Sunnylife do kontrolera DJI RC-N1 (ZG73) - IRONSKY.PL Sklep z Dronami","isPartOf":{"@id":"https:\/\/ironsky.pl\/sklep\/#website"},"primaryImageOfPage":{"@id":"https:\/\/ironsky.pl\/sklep\/produkt\/oslona-przeciwodblaskowa-na-smatfona-sunnylife-do-kontrolera-dji-rc-n1-zg73\/#primaryimage"},"image":{"@id":"https:\/\/ironsky.pl\/sklep\/produkt\/oslona-przeciwodblaskowa-na-smatfona-sunnylife-do-kontrolera-dji-rc-n1-zg73\/#primaryimage"},"thumbnailUrl":"https:\/\/ironsky.pl\/sklep\/wp-content\/uploads\/2024\/09\/25734_1.jpg","datePublished":"2024-09-16T10:09:25+00:00","dateModified":"2026-03-05T14:48:15+00:00","description":"Os\u0142ona przeciwodblaskowa na smatfona Sunnylife do kontrolera DJI RC-N1 (ZG73) - \u2705 sklep z dronami i fachowym doradztwem. \u2705 Tutaj kupisz produkty DJI, Yuneec, Parrot, Syma i wiele innych, a tak\u017ce kursy i licencje na operatora drona.","breadcrumb":{"@id":"https:\/\/ironsky.pl\/sklep\/produkt\/oslona-przeciwodblaskowa-na-smatfona-sunnylife-do-kontrolera-dji-rc-n1-zg73\/#breadcrumb"},"inLanguage":"pl-PL","potentialAction":[{"@type":"ReadAction","target":["https:\/\/ironsky.pl\/sklep\/produkt\/oslona-przeciwodblaskowa-na-smatfona-sunnylife-do-kontrolera-dji-rc-n1-zg73\/"]}]},{"@type":"ImageObject","inLanguage":"pl-PL","@id":"https:\/\/ironsky.pl\/sklep\/produkt\/oslona-przeciwodblaskowa-na-smatfona-sunnylife-do-kontrolera-dji-rc-n1-zg73\/#primaryimage","url":"https:\/\/ironsky.pl\/sklep\/wp-content\/uploads\/2024\/09\/25734_1.jpg","contentUrl":"https:\/\/ironsky.pl\/sklep\/wp-content\/uploads\/2024\/09\/25734_1.jpg","width":800,"height":800},{"@type":"BreadcrumbList","@id":"https:\/\/ironsky.pl\/sklep\/produkt\/oslona-przeciwodblaskowa-na-smatfona-sunnylife-do-kontrolera-dji-rc-n1-zg73\/#breadcrumb","itemListElement":[{"@type":"ListItem","position":1,"name":"Strona g\u0142\u00f3wna","item":"https:\/\/ironsky.pl\/sklep\/"},{"@type":"ListItem","position":2,"name":"Wszystkie produkty","item":"https:\/\/ironsky.pl\/sklep\/produkty\/"},{"@type":"ListItem","position":3,"name":"Os\u0142ona przeciwodblaskowa na smatfona Sunnylife do kontrolera DJI RC-N1 (ZG73)"}]},{"@type":"WebSite","@id":"https:\/\/ironsky.pl\/sklep\/#website","url":"https:\/\/ironsky.pl\/sklep\/","name":"IRONSKY.PL Sklep z Dronami","description":"IRONSKY.PL Sklep z Dronami","potentialAction":[{"@type":"SearchAction","target":{"@type":"EntryPoint","urlTemplate":"https:\/\/ironsky.pl\/sklep\/?s={search_term_string}"},"query-input":{"@type":"PropertyValueSpecification","valueRequired":true,"valueName":"search_term_string"}}],"inLanguage":"pl-PL"}]}},"_links":{"self":[{"href":"https:\/\/ironsky.pl\/sklep\/wp-json\/wp\/v2\/product\/19466","targetHints":{"allow":["GET"]}}],"collection":[{"href":"https:\/\/ironsky.pl\/sklep\/wp-json\/wp\/v2\/product"}],"about":[{"href":"https:\/\/ironsky.pl\/sklep\/wp-json\/wp\/v2\/types\/product"}],"replies":[{"embeddable":true,"href":"https:\/\/ironsky.pl\/sklep\/wp-json\/wp\/v2\/comments?post=19466"}],"wp:featuredmedia":[{"embeddable":true,"href":"https:\/\/ironsky.pl\/sklep\/wp-json\/wp\/v2\/media\/19467"}],"wp:attachment":[{"href":"https:\/\/ironsky.pl\/sklep\/wp-json\/wp\/v2\/media?parent=19466"}],"wp:term":[{"taxonomy":"product_brand","embeddable":true,"href":"https:\/\/ironsky.pl\/sklep\/wp-json\/wp\/v2\/product_brand?post=19466"},{"taxonomy":"product_cat","embeddable":true,"href":"https:\/\/ironsky.pl\/sklep\/wp-json\/wp\/v2\/product_cat?post=19466"},{"taxonomy":"product_tag","embeddable":true,"href":"https:\/\/ironsky.pl\/sklep\/wp-json\/wp\/v2\/product_tag?post=19466"}],"curies":[{"name":"wp","href":"https:\/\/api.w.org\/{rel}","templated":true}]}}