{"id":19456,"date":"2024-09-16T12:09:25","date_gmt":"2024-09-16T10:09:25","guid":{"rendered":"http:\/\/gvshalph.pro-linuxpl.com\/ironskyprodukty\/produkt\/dron-dji-avata-bez-kontrolera\/"},"modified":"2026-04-23T15:59:55","modified_gmt":"2026-04-23T13:59:55","slug":"dron-dji-avata-bez-kontrolera","status":"publish","type":"product","link":"https:\/\/ironsky.pl\/sklep\/produkt\/dron-dji-avata-bez-kontrolera\/","title":{"rendered":"Dron DJI Avata (bez kontrolera)"},"content":{"rendered":"<p><img decoding=\"async\" src=\"https:\/\/b2b.innpro.pl\/data\/include\/cms\/12DJI\/AVATA-PRoView\/2.png\" alt=\"\" width=\"1100\" height=\"700\" border=\"0\" \/><br \/>\n<img decoding=\"async\" src=\"https:\/\/b2b.innpro.pl\/data\/include\/cms\/12DJI\/AVATA-PRoView\/10.png\" alt=\"\" width=\"1100\" height=\"700\" border=\"0\" \/><\/p>\n<h2>DJI Avata<\/h2>\n<p>Mknij przez przestworza i ciesz si\u0119 jeszcze ciekawszym do\u015bwiadczeniem lotu. Nowy dron wy\u015bcigowy DJI Avata zapewni Ci niezr\u00f3wnan\u0105 immersj\u0119 i pozwoli spojrze\u0107 na \u015bwiat spod chmur. Lekki, zwrotny i wytrzyma\u0142y &#8211; niestraszne mu \u017cadne wyzwania. Nagrywaj filmy 4K z elektroniczn\u0105 stabilizacj\u0105 obrazu (EIS) i korzystaj z transmisji wideo DJI O3+. Czas lotu drona si\u0119ga 18 minut, a dolne wykrywanie przeszk\u00f3d pozwala lata\u0107 bardzo nisko nad ziemi\u0105.<\/p>\n<p><img decoding=\"async\" src=\"https:\/\/b2b.innpro.pl\/data\/include\/cms\/12DJI\/AVATA-PRoView\/1.png\" alt=\"\" width=\"1100\" height=\"700\" border=\"0\" \/><\/p>\n<h2>Immersyjne do\u015bwiadczenie lotu<\/h2>\n<p>Teraz mo\u017cesz spojrze\u0107 na \u015bwiat z lotu ptaka i swobodnie eksplorowa\u0107 przestworza. Je\u015bli marzysz o lataniu, DJI Avata b\u0119dzie dla Ciebie idealny! Za\u0142\u00f3\u017c gogle, chwy\u0107 w d\u0142o\u0144 kontroler ruchu i ruszaj w podniebn\u0105 podr\u00f3\u017c. Ciesz si\u0119 bezpiecze\u0144stwem lotu i ca\u0142kowit\u0105 kontrol\u0105, nie rezygnuj\u0105c przy tym z dreszczyku emocji. Wykonuj brawurowe manewry, odkrywaj swoj\u0105 okolic\u0119 z nowej perspektywy i poczuj si\u0119 tak, jakby\u015b rzeczywi\u015bcie lata\u0142!<\/p>\n<p><img decoding=\"async\" src=\"https:\/\/b2b.innpro.pl\/data\/include\/cms\/12DJI\/AVATA-PRoView\/5.png\" alt=\"\" width=\"1100\" height=\"700\" border=\"0\" \/><\/p>\n<h2>Jeszcze lepsza jako\u015b\u0107 obrazu<\/h2>\n<p>Nadchodzi prawdziwy prze\u0142om w obrazowaniu FPV. Dzi\u0119ki 1\/1,7-calowej matrycy CMOS DJI Avata umo\u017cliwia ultraszerokok\u0105tne nagrywanie 4K z przys\u0142on\u0105 f\/2.8. Co wi\u0119cej, pole widzenia 155\u00b0 zapewnia unikaln\u0105 perspektyw\u0119 blisk\u0105 temu, co widzimy w\u0142asnymi oczami. Tryb D-Cinelike gwarantuje \u017cyw\u0105, interesuj\u0105c\u0105 kolorystyk\u0119, a technologie elektronicznej stabilizacji obrazu RockSteady 2.0 i HorizonSteady pozwalaj\u0105 cieszy\u0107 si\u0119 niesamowit\u0105 p\u0142ynno\u015bci\u0105 uj\u0119\u0107 &#8211; nawet podczas wykonywania wyj\u0105tkowo brawurowych manewr\u00f3w.<\/p>\n<p><img decoding=\"async\" src=\"https:\/\/b2b.innpro.pl\/data\/include\/cms\/12DJI\/AVATA-PRoView\/6.png\" alt=\"\" width=\"1100\" height=\"700\" border=\"0\" \/><\/p>\n<h2>Lekki, zwinny, wytrzyma\u0142y<\/h2>\n<p>DJI Avata jest niesamowicie szybki i zwrotny &#8211; doskonale poradzi sobie nawet wewn\u0105trz budynk\u00f3w i w w\u0105skich przestrzeniach. Lekki, przeno\u015bny i kompaktowy &#8211; mo\u017ce Ci towarzyszy\u0107 niemal wsz\u0119dzie. Wyr\u00f3\u017cnia si\u0119 tak\u017ce solidn\u0105 konstrukcj\u0105 i czasem lotu do 18 minut. Co wi\u0119cej, wbudowana os\u0142ona \u015bmigie\u0142 sprawia, \u017ce nawet je\u015bli dron z czym\u015b si\u0119 zderzy, b\u0119dzie m\u00f3g\u0142 po prostu si\u0119 odbi\u0107 i kontynuowa\u0107 lot. Bez obaw \u015bmigaj mi\u0119dzy ga\u0142\u0119ziami i w korytarzach, docieraj tam, gdzie inni nie mog\u0105, a je\u015bli Tw\u00f3j Avata upadnie do g\u00f3ry nogami, w\u0142\u0105cz tryb Turtle i patrz, jak wraca do dzia\u0142ania!<\/p>\n<p><img decoding=\"async\" src=\"https:\/\/b2b.innpro.pl\/data\/include\/cms\/12DJI\/AVATA-PRoView\/7.png\" alt=\"\" width=\"1100\" height=\"700\" border=\"0\" \/><\/p>\n<h2>Po\u017cegnaj obawy<\/h2>\n<p>Ciesz si\u0119 wi\u0119ksz\u0105 pewno\u015bci\u0105 siebie podczas lotu. DJI Avata zosta\u0142 wyposa\u017cony w dolny system wizyjny i czujnik ToF, dzi\u0119ki czemu skutecznie wykrywa przeszkody od do\u0142u i mo\u017ce lata\u0107 nawet na ma\u0142ych wysoko\u015bciach. Ponadto przycisk hamowania awaryjnego na kontrolerze ruchu umo\u017cliwia b\u0142yskawiczne zatrzymanie drona, a funkcja RTH zapewnia dodatkow\u0105 ochron\u0119, gdy sygna\u0142 b\u0119dzie zbyt s\u0142aby lub gdy poziom na\u0142adowania akumulatora znacznie spadnie. Wi\u0119ksze bezpiecze\u0144stwo lotu pozwoli Ci bez obaw wykonywa\u0107 nawet najbardziej z\u0142o\u017cone manewry!<\/p>\n<p><img decoding=\"async\" src=\"https:\/\/b2b.innpro.pl\/data\/include\/cms\/12DJI\/AVATA-PRoView\/9.png\" alt=\"\" width=\"1100\" height=\"700\" border=\"0\" \/><\/p>\n<h2>Niezawodna transmisja<\/h2>\n<p>Wyra\u017any, p\u0142ynny podgl\u0105d na \u017cywo w goglach, niezawodna stabilno\u015b\u0107 i jeszcze lepsza responsywno\u015b\u0107 podczas lotu &#8211; to tylko niekt\u00f3re zalety flagowej technologii transmisji DJI O3+, kt\u00f3r\u0105 wykorzystuje DJI Avata. Dron zosta\u0142 te\u017c wyposa\u017cony w wielokierunkowe anteny 2T2R. Wszystko to sprawia, \u017ce mo\u017cliwe jest przesy\u0142anie wideo w wysokiej jako\u015bci nawet 1080p\/100FPS na odleg\u0142o\u015b\u0107 do 2 km z ultraniskim op\u00f3\u017anieniem oko\u0142o 30 ms.<\/p>\n<p><img decoding=\"async\" src=\"https:\/\/b2b.innpro.pl\/data\/include\/cms\/12DJI\/AVATA-PRoView\/8.png\" alt=\"\" width=\"1100\" height=\"700\" border=\"0\" \/><\/p>\n<h2>DJI Goggles 2* &#8211; dost\u0119pne w sprzeda\u017cy oddzielnie<\/h2>\n<p>Wchodz\u0105ce w sk\u0142ad zestawu DJI Goggles 2 s\u0105 lekkie, kompaktowe i wyj\u0105tkowo wygodne. Sk\u0142adane anteny u\u0142atwiaj\u0105 ich przechowywanie, a 2 wbudowane ekrany HD micro OLED zapewniaj\u0105 czysty, przejrzysty obraz i cz\u0119stotliwo\u015b\u0107 od\u015bwie\u017cania do 100 Hz. Gogle pozwalaj\u0105 te\u017c na regulacj\u0119 dioptrii w zakresie od +2.0 D do -8.0 D, a ich czas pracy si\u0119ga 2 godzin. Ciesz si\u0119 pe\u0142noekranow\u0105 transmisj\u0105 na \u017cywo i zyskaj jedyn\u0105 w swoim rodzaju mo\u017cliwo\u015b\u0107 spojrzenia na \u015bwiat z lotu ptaka! DJI Avata jest te\u017c kompatybilny z DJI FPV Goggles V2.<\/p>\n<p><img decoding=\"async\" src=\"https:\/\/b2b.innpro.pl\/data\/include\/cms\/12DJI\/AVATA-PRoView\/3.png\" alt=\"\" width=\"1100\" height=\"700\" border=\"0\" \/><\/p>\n<h2>Dodatkowe mo\u017cliwo\u015bci<\/h2>\n<p>Zyskaj jeszcze wi\u0119cej mo\u017cliwo\u015bci. Wchodz\u0105cy w sk\u0142ad zestawu DJI Motion Controller zapewnia niezwykle intuicyjne do\u015bwiadczenie lotu. Teraz mo\u017cesz sterowa\u0107 dronem za pomoc\u0105 prostych gest\u00f3w! Wypr\u00f3buj te\u017c dost\u0119pny w sprzeda\u017cy oddzielnie DJI FPV Remote Controller 2, aby wykonywa\u0107 jeszcze bardziej zaawansowane manewry i tworzy\u0107 oryginalne uj\u0119cia. Ponadto dedykowana aplikacja DJI Virtual Flight oferuje mn\u00f3stwo zr\u00f3\u017cnicowanych scenariuszy &#8211; pozwoli Ci wygodnie szlifowa\u0107 umiej\u0119tno\u015bci pilota\u017cu. Bez problemu zainstalujesz j\u0105 zar\u00f3wno na smartfonie, jak i na komputerze.<\/p>\n<p><img decoding=\"async\" src=\"https:\/\/b2b.innpro.pl\/data\/include\/cms\/12DJI\/AVATA-PRoView\/4.png\" alt=\"\" width=\"1100\" height=\"700\" border=\"0\" \/><\/p>\n<h2>W zestawie<\/h2>\n<ul>\n<li>DJI Avata x1<\/li>\n<li>Inteligentny akumulator x1<\/li>\n<li>\u015amig\u0142a (para) x3<\/li>\n<li>Adapter zasilania x1<\/li>\n<li>Os\u0142ona gimbala x1<\/li>\n<li>Kabel USB-C do USB-C x1<\/li>\n<li>\u015arubokr\u0119t x1<\/li>\n<li>\u015aruby (M2 x 7) x4<\/li>\n<\/ul>\n<div class=\"table-wrapper\">\n<h3>Kamera<\/h3>\n<table>\n<tbody>\n<tr>\n<th>Sensor<\/th>\n<td>1\/1,7 cala CMOS<\/td>\n<\/tr>\n<tr>\n<th>Efektywne Piksele<\/th>\n<td>48 MP<\/td>\n<\/tr>\n<tr>\n<th>Obiektyw<\/th>\n<td>Pole widzenia: 155\u00b0;<br \/>\nR\u00f3wnowa\u017cna d\u0142ugo\u015b\u0107 ogniskowej: 12,6 mm;<br \/>\nOgniskowa: 2,34 mm;<br \/>\nPrzys\u0142ona: f\/2,8; Focus Mode: FF;<br \/>\nFocus Range: 0.6 m to \u221e;<\/td>\n<\/tr>\n<tr>\n<th>Zakres ISO<\/th>\n<td>100-6400 (Automatycznie);<br \/>\n100-25600 (R\u0119cznie);<\/td>\n<\/tr>\n<tr>\n<th>Szybko\u015b\u0107 migawki<\/th>\n<td>Video: 1\/8000-1\/50 s;<br \/>\nPhoto: 1\/8000-1\/50 s;<\/td>\n<\/tr>\n<tr>\n<th>Tryb fotografii<\/th>\n<td>Pojedyncze uj\u0119cie<\/td>\n<\/tr>\n<tr>\n<th>Maksymalny rozmiar obrazu<\/th>\n<td>4000\u00d73000<\/td>\n<\/tr>\n<tr>\n<th>Format zdj\u0119\u0107<\/th>\n<td>JPEG<\/td>\n<\/tr>\n<tr>\n<th>Rozdzielczo\u015b\u0107 wideo<\/th>\n<td>Z DJI Goggles 2: 4K@50\/60fps, 2.7K@50\/60\/100fps, 1080p@50\/60\/100fps;<br \/>\nZ DJI FPV Goggles V2: 4K@50\/60fps, 2.7K@50\/60\/100\/120fps, 1080p@50\/60\/100\/120fps;<\/td>\n<\/tr>\n<tr>\n<th>Format wideo<\/th>\n<td>MP4<\/td>\n<\/tr>\n<tr>\n<th>Maksymalny bitrate wideo<\/th>\n<td>150 Mbps<\/td>\n<\/tr>\n<tr>\n<th>Tryb kolor\u00f3w<\/th>\n<td>Standard, D-Cinelike<\/td>\n<\/tr>\n<tr>\n<th>EIS<\/th>\n<td>Obs\u0142uga RockSteady i HorizonSteady, mo\u017cliwo\u015b\u0107 wy\u0142\u0105czenia<\/td>\n<\/tr>\n<tr>\n<th>Korekcja zniekszta\u0142ce\u0144<\/th>\n<td>Obs\u0142uguje tryb Normal, Wide i Ultra Wide<\/td>\n<\/tr>\n<tr>\n<th>Obs\u0142ugiwany format plik\u00f3w<\/th>\n<td>exFAT (zalecany), FAT32<\/td>\n<\/tr>\n<\/tbody>\n<\/table>\n<p>&nbsp;<\/p>\n<h3>Gimbal<\/h3>\n<table>\n<tbody>\n<tr>\n<th>Zakres mechaniczny<\/th>\n<td>Pochylenie: -95\u00b0 do 75\u00b0<\/td>\n<\/tr>\n<tr>\n<th>Zasi\u0119g kontroli<\/th>\n<td>Pochylenie: -80\u00b0 do +65\u00b0<\/td>\n<\/tr>\n<tr>\n<th>Stabilizacja<\/th>\n<td>Jednoosiowa (pochylenie)<\/td>\n<\/tr>\n<tr>\n<th>Maksymalna pr\u0119dko\u015b\u0107 obrotu<\/th>\n<td>60\u00b0\/s<\/td>\n<\/tr>\n<tr>\n<th>Zakres drga\u0144 k\u0105towych<\/th>\n<td>\u00b10.01\u00b0<\/td>\n<\/tr>\n<tr>\n<th>Elektroniczna o\u015b obrotu<\/th>\n<td>Korekcja ekranu w czasie rzeczywistym jest niedost\u0119pna podczas nagrywania &#8211; mo\u017cna j\u0105 zastosowa\u0107 do materia\u0142u nagranego na dronie.<\/td>\n<\/tr>\n<\/tbody>\n<\/table>\n<p>&nbsp;<\/p>\n<h3>Dron<\/h3>\n<table>\n<tbody>\n<tr>\n<th>Model<\/th>\n<td>QF2W4K<\/td>\n<\/tr>\n<tr>\n<th>Masa startowa<\/th>\n<td>Oko\u0142o 410 g<\/td>\n<\/tr>\n<tr>\n<th>Wymiary (d\u0142.\u00d7szer.\u00d7wys.)<\/th>\n<td>180\u00d7180\u00d780 mm<\/td>\n<\/tr>\n<tr>\n<th>Przek\u0105tna<\/th>\n<td>120 mm<\/td>\n<\/tr>\n<tr>\n<th>Maks. pr\u0119dko\u015b\u0107 wznoszenia<\/th>\n<td>6 m\/s (Tryb Normal, Tryb Sport)<\/td>\n<\/tr>\n<tr>\n<th>Maks. pr\u0119dko\u015b\u0107 opadania<\/th>\n<td>6 m\/s (Tryb Normal, Tryb Sport)<\/td>\n<\/tr>\n<tr>\n<th>Maks. pr\u0119dko\u015b\u0107<\/th>\n<td>8 m\/s (tryb Normal), 14 m\/s (tryb Sport), 27 m\/s (tryb Manual)<\/td>\n<\/tr>\n<tr>\n<th>Maks. wysoko\u015b\u0107 startu<\/th>\n<td>5000 m<\/td>\n<\/tr>\n<tr>\n<th>Maks. czas zawisu<\/th>\n<td>Oko\u0142o 18 minut<\/td>\n<\/tr>\n<tr>\n<th>Maks. zasi\u0119g lotu<\/th>\n<td>11.6 km<\/td>\n<\/tr>\n<tr>\n<th>Maks. odporno\u015b\u0107 na wiatr<\/th>\n<td>10.7 m\/s (Level 5)<\/td>\n<\/tr>\n<tr>\n<th>Zakres temperatury pracy<\/th>\n<td>Od -10\u00b0C do 40\u00b0 C (14\u00b0F do 104\u00b0F)<\/td>\n<\/tr>\n<tr>\n<th>Moc nadawania (EIRP)<\/th>\n<td>FCC:\u00a0<strong><span style=\"font-weight: 400;\">&lt;33 dBm;<br \/>\nCE: &lt;14 dBm;<br \/>\nSRRC: &lt; 30dBm;<\/span><\/strong><\/td>\n<\/tr>\n<tr>\n<th>Anteny<\/th>\n<td>Dual Antennas, 2T2R<\/td>\n<\/tr>\n<tr>\n<th>GNSS<\/th>\n<td>GPS + Galileo + BeiDou<\/td>\n<\/tr>\n<tr>\n<th>Zakres dok\u0142adno\u015bci zawisu<\/th>\n<td>Pionowo: \u00b10,1 m (z Vision Positioning), \u00b10,5 m (z GNSS Positioning);<br \/>\nPoziomo: \u00b10,3 m (z Vision Positioning), \u00b11,5 m (z GNSS Positioning);<\/td>\n<\/tr>\n<tr>\n<th>Obs\u0142ugiwane karty SD<\/th>\n<td>microSD (do 256 GB)<\/td>\n<\/tr>\n<tr>\n<th>Zalecane karty microSD<\/th>\n<td>SanDisk Extreme U3 V30 A1 32GB microSDXC, SanDisk Extreme Pro U3 V30 A1 32GB microSDXC, Kingston Canvas Go!Plus U3 V30 A2 64GB microSDXC, Kingston Canvas React Plus U3 V90 A1 64GB microSDXC, Kingston Canvas React Plus U3 V90 A1 128GB microSDXC, Kingston Canvas React Plus U3 V90 A1 256GB microSDXC, Samsung PRO Plus V30 U3 V30 A2 256GB<\/td>\n<\/tr>\n<tr>\n<th>Pami\u0119\u0107 wewn\u0119trzna<\/th>\n<td>20 GB<\/td>\n<\/tr>\n<\/tbody>\n<\/table>\n<p>&nbsp;<\/p>\n<h3>System czujnik\u00f3w<\/h3>\n<table>\n<tbody>\n<tr>\n<th>System wizyjny<\/th>\n<td>Efektywna wysoko\u015b\u0107 pomiaru ToF: 10 m;<br \/>\nPrecyzyjny zakres zawisu: 0.5-10 m;<br \/>\nZasi\u0119g czujnika wizyjnego: 0.5-20 m;<\/td>\n<\/tr>\n<tr>\n<th>\u015arodowisko pracy<\/th>\n<td>Rozpraszaj\u0105ce powierzchnie odbijaj\u0105ce o wyra\u017anym wzorze &gt; 20% (takie jak \u015bciany, drzewa lub ludzie);<br \/>\nOdpowiednie o\u015bwietlenie (luksy &gt; 15, normalne warunki o\u015bwietlenia wewn\u0119trznego);<\/td>\n<\/tr>\n<\/tbody>\n<\/table>\n<p>&nbsp;<\/p>\n<h3>Inteligentny akumulator<\/h3>\n<table>\n<tbody>\n<tr>\n<th>Pojemno\u015b\u0107 akumulatora<\/th>\n<td>2420 mAh<\/td>\n<\/tr>\n<tr>\n<th>Napi\u0119cie<\/th>\n<td>14.76 V<\/td>\n<\/tr>\n<tr>\n<th>Limit napi\u0119cia \u0142adowania<\/th>\n<td>17 V<\/td>\n<\/tr>\n<tr>\n<th>Typ<\/th>\n<td>Li-ion<\/td>\n<\/tr>\n<tr>\n<th>System chemiczny<\/th>\n<td>LiNiMnCoO2<\/td>\n<\/tr>\n<tr>\n<th>Pojemno\u015b\u0107 (Wh)<\/th>\n<td>35.71 Wh@0.5C<\/td>\n<\/tr>\n<tr>\n<th>Szybko\u015b\u0107 roz\u0142adowania<\/th>\n<td>Typowe: 7C<\/td>\n<\/tr>\n<tr>\n<th>Waga<\/th>\n<td>Oko\u0142o 162 g<\/td>\n<\/tr>\n<tr>\n<th>Zakres temperatury \u0142adowania<\/th>\n<td>5\u00b0C do 40\u00b0C (41\u00b0 do 104\u00b0 F)<\/td>\n<\/tr>\n<\/tbody>\n<\/table>\n<p>&nbsp;<\/p>\n<h3>System transmisji<\/h3>\n<table>\n<tbody>\n<tr>\n<th>Cz\u0119stotliwo\u015b\u0107 komunikacji<\/th>\n<td>2,400-2,4835 GHz (tylko RX); 5,725-5,850 GHz (RX i TX);<\/td>\n<\/tr>\n<tr>\n<th>Pasmo komunikacyjne<\/th>\n<td>Maks. 40 MHz<\/td>\n<\/tr>\n<tr>\n<th>Jako\u015b\u0107 i op\u00f3\u017anienie podgl\u0105du na \u017cywo<\/th>\n<td>Z DJI FPV Goggles V2: 810p\/120fps, jako\u015b\u0107 transmisji wideo: op\u00f3\u017anienie transmisji wideo jest mniejsze ni\u017c 28 ms; 810p\/60fp, jako\u015b\u0107 transmisji wideo: op\u00f3\u017anienie transmisji wideo jest mniejsze ni\u017c 40 ms;<br \/>\nZ DJI Goggles 2: 1080p\/100fps, jako\u015b\u0107 transmisji wideo: op\u00f3\u017anienie transmisji wideo jest mniejsze ni\u017c 30 ms; 1080p\/60fps, jako\u015b\u0107 transmisji wideo: op\u00f3\u017anienie transmisji wideo jest mniejsze ni\u017c 40 ms;<\/td>\n<\/tr>\n<tr>\n<th>Maksymalna szybko\u015b\u0107 transmisji wideo<\/th>\n<td>50 Mbps<\/td>\n<\/tr>\n<tr>\n<th>Maks. zasi\u0119g transmisji wideo<\/th>\n<td>10 km (FCC), 2 km (CE), 6 km (SRRC)<\/td>\n<\/tr>\n<tr>\n<th>Transmisja d\u017awi\u0119ku<\/th>\n<td>Nie dotyczy<\/td>\n<\/tr>\n<\/tbody>\n<\/table>\n<\/div>\n","protected":false},"excerpt":{"rendered":"<p>DJI Avata Mknij przez przestworza i ciesz si\u0119 jeszcze ciekawszym do\u015bwiadczeniem lotu. Nowy dron wy\u015bcigowy DJI Avata zapewni Ci niezr\u00f3wnan\u0105<\/p>\n","protected":false},"featured_media":19457,"comment_status":"closed","ping_status":"closed","template":"","meta":{"_acf_changed":false},"product_brand":[],"product_cat":[5645,6088,6109,5718,5686,5737,5708],"product_tag":[],"class_list":{"0":"post-19456","1":"product","2":"type-product","3":"status-publish","4":"has-post-thumbnail","6":"product_cat-avata","7":"product_cat-drony-dji","8":"product_cat-do-2000zl","9":"product_cat-do-900g","10":"product_cat-fpv-wyscigowe","11":"product_cat-4k","12":"product_cat-c1","13":"pa_box-height-3475","14":"pa_box-length-3476","15":"pa_box-width-2667","16":"pa_czas-lotu-min-30-min","17":"pa_gross-weight-3477","18":"pa_matryca-1-17-cmos","19":"pa_model-fpv","20":"pa_net-weight-2277","21":"pa_rozdzielczosc-wideo-jpeg","22":"pa_waga-250-g","23":"pa_zasieg-km-2-km","25":"first","26":"instock","27":"taxable","28":"shipping-taxable","29":"purchasable","30":"product-type-simple"},"acf":[],"yoast_head":"<!-- This site is optimized with the Yoast SEO plugin v27.2 - https:\/\/yoast.com\/product\/yoast-seo-wordpress\/ -->\n<title>Dron DJI Avata (bez kontrolera) | IRONSKY<\/title>\n<meta name=\"description\" content=\"DJI Avata zapewnia wyj\u0105tkow\u0105 immersj\u0119 lotu \u2705 Nagrywaj filmy 4K z elektroniczn\u0105 stabilizacj\u0105 obrazu \u2705 Intuicyjna kontrola drona \u2b50 IRONSKY\" \/>\n<meta name=\"robots\" content=\"index, follow, max-snippet:-1, max-image-preview:large, max-video-preview:-1\" \/>\n<link rel=\"canonical\" href=\"https:\/\/ironsky.pl\/sklep\/produkt\/dron-dji-avata-bez-kontrolera\/\" \/>\n<meta property=\"og:locale\" content=\"pl_PL\" \/>\n<meta property=\"og:type\" content=\"article\" \/>\n<meta property=\"og:title\" content=\"Dron DJI Avata (bez kontrolera) | IRONSKY\" \/>\n<meta property=\"og:description\" content=\"DJI Avata zapewnia wyj\u0105tkow\u0105 immersj\u0119 lotu \u2705 Nagrywaj filmy 4K z elektroniczn\u0105 stabilizacj\u0105 obrazu \u2705 Intuicyjna kontrola drona \u2b50 IRONSKY\" \/>\n<meta property=\"og:url\" content=\"https:\/\/ironsky.pl\/sklep\/produkt\/dron-dji-avata-bez-kontrolera\/\" \/>\n<meta property=\"og:site_name\" content=\"IRONSKY.PL Sklep z Dronami\" \/>\n<meta property=\"article:modified_time\" content=\"2026-04-23T13:59:55+00:00\" \/>\n<meta property=\"og:image\" content=\"https:\/\/ironsky.pl\/sklep\/wp-content\/uploads\/2024\/09\/25732_1.jpg\" \/>\n\t<meta property=\"og:image:width\" content=\"800\" \/>\n\t<meta property=\"og:image:height\" content=\"800\" \/>\n\t<meta property=\"og:image:type\" content=\"image\/jpeg\" \/>\n<meta name=\"twitter:card\" content=\"summary_large_image\" \/>\n<meta name=\"twitter:label1\" content=\"Szacowany czas czytania\" \/>\n\t<meta name=\"twitter:data1\" content=\"10 minut\" \/>\n<script type=\"application\/ld+json\" class=\"yoast-schema-graph\">{\"@context\":\"https:\/\/schema.org\",\"@graph\":[{\"@type\":\"WebPage\",\"@id\":\"https:\/\/ironsky.pl\/sklep\/produkt\/dron-dji-avata-bez-kontrolera\/\",\"url\":\"https:\/\/ironsky.pl\/sklep\/produkt\/dron-dji-avata-bez-kontrolera\/\",\"name\":\"Dron DJI Avata (bez kontrolera) | IRONSKY\",\"isPartOf\":{\"@id\":\"https:\/\/ironsky.pl\/sklep\/#website\"},\"primaryImageOfPage\":{\"@id\":\"https:\/\/ironsky.pl\/sklep\/produkt\/dron-dji-avata-bez-kontrolera\/#primaryimage\"},\"image\":{\"@id\":\"https:\/\/ironsky.pl\/sklep\/produkt\/dron-dji-avata-bez-kontrolera\/#primaryimage\"},\"thumbnailUrl\":\"https:\/\/ironsky.pl\/sklep\/wp-content\/uploads\/2024\/09\/25732_1.jpg\",\"datePublished\":\"2024-09-16T10:09:25+00:00\",\"dateModified\":\"2026-04-23T13:59:55+00:00\",\"description\":\"DJI Avata zapewnia wyj\u0105tkow\u0105 immersj\u0119 lotu \u2705 Nagrywaj filmy 4K z elektroniczn\u0105 stabilizacj\u0105 obrazu \u2705 Intuicyjna kontrola drona \u2b50 IRONSKY\",\"breadcrumb\":{\"@id\":\"https:\/\/ironsky.pl\/sklep\/produkt\/dron-dji-avata-bez-kontrolera\/#breadcrumb\"},\"inLanguage\":\"pl-PL\",\"potentialAction\":[{\"@type\":\"ReadAction\",\"target\":[\"https:\/\/ironsky.pl\/sklep\/produkt\/dron-dji-avata-bez-kontrolera\/\"]}]},{\"@type\":\"ImageObject\",\"inLanguage\":\"pl-PL\",\"@id\":\"https:\/\/ironsky.pl\/sklep\/produkt\/dron-dji-avata-bez-kontrolera\/#primaryimage\",\"url\":\"https:\/\/ironsky.pl\/sklep\/wp-content\/uploads\/2024\/09\/25732_1.jpg\",\"contentUrl\":\"https:\/\/ironsky.pl\/sklep\/wp-content\/uploads\/2024\/09\/25732_1.jpg\",\"width\":800,\"height\":800},{\"@type\":\"BreadcrumbList\",\"@id\":\"https:\/\/ironsky.pl\/sklep\/produkt\/dron-dji-avata-bez-kontrolera\/#breadcrumb\",\"itemListElement\":[{\"@type\":\"ListItem\",\"position\":1,\"name\":\"Strona g\u0142\u00f3wna\",\"item\":\"https:\/\/ironsky.pl\/sklep\/\"},{\"@type\":\"ListItem\",\"position\":2,\"name\":\"Wszystkie produkty\",\"item\":\"https:\/\/ironsky.pl\/sklep\/produkty\/\"},{\"@type\":\"ListItem\",\"position\":3,\"name\":\"Dron DJI Avata (bez kontrolera)\"}]},{\"@type\":\"WebSite\",\"@id\":\"https:\/\/ironsky.pl\/sklep\/#website\",\"url\":\"https:\/\/ironsky.pl\/sklep\/\",\"name\":\"IRONSKY.PL Sklep z Dronami\",\"description\":\"IRONSKY.PL Sklep z Dronami\",\"potentialAction\":[{\"@type\":\"SearchAction\",\"target\":{\"@type\":\"EntryPoint\",\"urlTemplate\":\"https:\/\/ironsky.pl\/sklep\/?s={search_term_string}\"},\"query-input\":{\"@type\":\"PropertyValueSpecification\",\"valueRequired\":true,\"valueName\":\"search_term_string\"}}],\"inLanguage\":\"pl-PL\"}]}<\/script>\n<!-- \/ Yoast SEO plugin. -->","yoast_head_json":{"title":"Dron DJI Avata (bez kontrolera) | IRONSKY","description":"DJI Avata zapewnia wyj\u0105tkow\u0105 immersj\u0119 lotu \u2705 Nagrywaj filmy 4K z elektroniczn\u0105 stabilizacj\u0105 obrazu \u2705 Intuicyjna kontrola drona \u2b50 IRONSKY","robots":{"index":"index","follow":"follow","max-snippet":"max-snippet:-1","max-image-preview":"max-image-preview:large","max-video-preview":"max-video-preview:-1"},"canonical":"https:\/\/ironsky.pl\/sklep\/produkt\/dron-dji-avata-bez-kontrolera\/","og_locale":"pl_PL","og_type":"article","og_title":"Dron DJI Avata (bez kontrolera) | IRONSKY","og_description":"DJI Avata zapewnia wyj\u0105tkow\u0105 immersj\u0119 lotu \u2705 Nagrywaj filmy 4K z elektroniczn\u0105 stabilizacj\u0105 obrazu \u2705 Intuicyjna kontrola drona \u2b50 IRONSKY","og_url":"https:\/\/ironsky.pl\/sklep\/produkt\/dron-dji-avata-bez-kontrolera\/","og_site_name":"IRONSKY.PL Sklep z Dronami","article_modified_time":"2026-04-23T13:59:55+00:00","og_image":[{"width":800,"height":800,"url":"https:\/\/ironsky.pl\/sklep\/wp-content\/uploads\/2024\/09\/25732_1.jpg","type":"image\/jpeg"}],"twitter_card":"summary_large_image","twitter_misc":{"Szacowany czas czytania":"10 minut"},"schema":{"@context":"https:\/\/schema.org","@graph":[{"@type":"WebPage","@id":"https:\/\/ironsky.pl\/sklep\/produkt\/dron-dji-avata-bez-kontrolera\/","url":"https:\/\/ironsky.pl\/sklep\/produkt\/dron-dji-avata-bez-kontrolera\/","name":"Dron DJI Avata (bez kontrolera) | IRONSKY","isPartOf":{"@id":"https:\/\/ironsky.pl\/sklep\/#website"},"primaryImageOfPage":{"@id":"https:\/\/ironsky.pl\/sklep\/produkt\/dron-dji-avata-bez-kontrolera\/#primaryimage"},"image":{"@id":"https:\/\/ironsky.pl\/sklep\/produkt\/dron-dji-avata-bez-kontrolera\/#primaryimage"},"thumbnailUrl":"https:\/\/ironsky.pl\/sklep\/wp-content\/uploads\/2024\/09\/25732_1.jpg","datePublished":"2024-09-16T10:09:25+00:00","dateModified":"2026-04-23T13:59:55+00:00","description":"DJI Avata zapewnia wyj\u0105tkow\u0105 immersj\u0119 lotu \u2705 Nagrywaj filmy 4K z elektroniczn\u0105 stabilizacj\u0105 obrazu \u2705 Intuicyjna kontrola drona \u2b50 IRONSKY","breadcrumb":{"@id":"https:\/\/ironsky.pl\/sklep\/produkt\/dron-dji-avata-bez-kontrolera\/#breadcrumb"},"inLanguage":"pl-PL","potentialAction":[{"@type":"ReadAction","target":["https:\/\/ironsky.pl\/sklep\/produkt\/dron-dji-avata-bez-kontrolera\/"]}]},{"@type":"ImageObject","inLanguage":"pl-PL","@id":"https:\/\/ironsky.pl\/sklep\/produkt\/dron-dji-avata-bez-kontrolera\/#primaryimage","url":"https:\/\/ironsky.pl\/sklep\/wp-content\/uploads\/2024\/09\/25732_1.jpg","contentUrl":"https:\/\/ironsky.pl\/sklep\/wp-content\/uploads\/2024\/09\/25732_1.jpg","width":800,"height":800},{"@type":"BreadcrumbList","@id":"https:\/\/ironsky.pl\/sklep\/produkt\/dron-dji-avata-bez-kontrolera\/#breadcrumb","itemListElement":[{"@type":"ListItem","position":1,"name":"Strona g\u0142\u00f3wna","item":"https:\/\/ironsky.pl\/sklep\/"},{"@type":"ListItem","position":2,"name":"Wszystkie produkty","item":"https:\/\/ironsky.pl\/sklep\/produkty\/"},{"@type":"ListItem","position":3,"name":"Dron DJI Avata (bez kontrolera)"}]},{"@type":"WebSite","@id":"https:\/\/ironsky.pl\/sklep\/#website","url":"https:\/\/ironsky.pl\/sklep\/","name":"IRONSKY.PL Sklep z Dronami","description":"IRONSKY.PL Sklep z Dronami","potentialAction":[{"@type":"SearchAction","target":{"@type":"EntryPoint","urlTemplate":"https:\/\/ironsky.pl\/sklep\/?s={search_term_string}"},"query-input":{"@type":"PropertyValueSpecification","valueRequired":true,"valueName":"search_term_string"}}],"inLanguage":"pl-PL"}]}},"_links":{"self":[{"href":"https:\/\/ironsky.pl\/sklep\/wp-json\/wp\/v2\/product\/19456","targetHints":{"allow":["GET"]}}],"collection":[{"href":"https:\/\/ironsky.pl\/sklep\/wp-json\/wp\/v2\/product"}],"about":[{"href":"https:\/\/ironsky.pl\/sklep\/wp-json\/wp\/v2\/types\/product"}],"replies":[{"embeddable":true,"href":"https:\/\/ironsky.pl\/sklep\/wp-json\/wp\/v2\/comments?post=19456"}],"wp:featuredmedia":[{"embeddable":true,"href":"https:\/\/ironsky.pl\/sklep\/wp-json\/wp\/v2\/media\/19457"}],"wp:attachment":[{"href":"https:\/\/ironsky.pl\/sklep\/wp-json\/wp\/v2\/media?parent=19456"}],"wp:term":[{"taxonomy":"product_brand","embeddable":true,"href":"https:\/\/ironsky.pl\/sklep\/wp-json\/wp\/v2\/product_brand?post=19456"},{"taxonomy":"product_cat","embeddable":true,"href":"https:\/\/ironsky.pl\/sklep\/wp-json\/wp\/v2\/product_cat?post=19456"},{"taxonomy":"product_tag","embeddable":true,"href":"https:\/\/ironsky.pl\/sklep\/wp-json\/wp\/v2\/product_tag?post=19456"}],"curies":[{"name":"wp","href":"https:\/\/api.w.org\/{rel}","templated":true}]}}