{"id":19445,"date":"2024-09-16T12:09:25","date_gmt":"2024-09-16T10:09:25","guid":{"rendered":"http:\/\/gvshalph.pro-linuxpl.com\/ironskyprodukty\/produkt\/mata-ladowisko-sunnylife-do-dronow-50cm-kierunki-geograficzne-dji-tjp05\/"},"modified":"2026-05-01T10:52:24","modified_gmt":"2026-05-01T08:52:24","slug":"mata-ladowisko-sunnylife-do-dronow-50cm-kierunki-geograficzne-dji-tjp05","status":"publish","type":"product","link":"https:\/\/ironsky.pl\/sklep\/produkt\/mata-ladowisko-sunnylife-do-dronow-50cm-kierunki-geograficzne-dji-tjp05\/","title":{"rendered":"Mata l\u0105dowisko Sunnylife do dron\u00f3w 50cm kierunki geograficzne (DJI-TJP05)"},"content":{"rendered":"<h3>Mata\/l\u0105dowisko Sunnylife do dron\u00f3w 50 cm (DJI-TJP05)<\/h3>\n<p>Mata do l\u0105dowania Sunnylife zosta\u0142a wykonana z odpornego na wod\u0119 materia\u0142u. Dzi\u0119ki \u015brednicy 50 cm sprawdzi si\u0119 w przypadku takich dron\u00f3w jak: DJI Mavic Pro \/ Phantom 3 \/ 4 \/ Pro \/ Pro+, itp.,  a do\u0142\u0105czony do zestawu futera\u0142 u\u0142atwi przechowywanie.<\/p>\n<p><img decoding=\"async\" src=\"https:\/\/b2b.innpro.pl\/data\/include\/cms\/Sunnylife\/DJI-TJP05\/1.jpg\"><\/p>\n<h3>Przemy\u015blany design<\/h3>\n<p>Mata powsta\u0142a z odpornego na wod\u0119 i zarysowania materia\u0142u, dzi\u0119ki czemu mo\u017cesz z niej korzysta\u0107 niezale\u017cnie od warunk\u00f3w. Co wi\u0119cej, antypo\u015blizgowe wyko\u0144czenie zapewnia stabilno\u015b\u0107. Dodatkowo czyszczenie DJI-TJP05 nie sprawi Ci problemu. Mata zosta\u0142a r\u00f3wnie\u017c wyposa\u017cona w symbole oznaczaj\u0105ce kierunki \u015bwiata, dzi\u0119ki czemu szybciej zlokalizujesz po\u0142o\u017cenie drona. <\/p>\n<p><img decoding=\"async\" src=\"https:\/\/b2b.innpro.pl\/data\/include\/cms\/Sunnylife\/DJI-TJP05\/5.jpg\"><\/p>\n<h3>Wygoda u\u017cytkowania<\/h3>\n<p>Opr\u00f3cz l\u0105dowiska do zestawu do\u0142\u0105czono specjalny futera\u0142, w kt\u00f3rym przechowasz mat\u0119 i zapewnisz bezpieczny transport. Ponadto, w opakowaniu znajdziesz 3 plastikowe szpilki mocuj\u0105ce, kt\u00f3re zwi\u0119ksz\u0105 stabilno\u015b\u0107 maty oraz 8 pask\u00f3w odblaskowych, u\u0142atwiaj\u0105cych l\u0105dowanie po zmroku. <\/p>\n<p><img decoding=\"async\" src=\"https:\/\/b2b.innpro.pl\/data\/include\/cms\/Sunnylife\/DJI-TJP05\/6.jpg\"><\/p>\n<h3>W zestawie<\/h3>\n<ul>\n<li>l\u0105dowisko<\/li>\n<li>futera\u0142<\/li>\n<li>plastikowe szpilki mocuj\u0105ce x3<\/li>\n<li>paski odblaskowe x8<\/li>\n<\/ul>\n<div class=\"table-wrapper\">\n<table>\n<tbody>\n<tr>\n<th>Producent<\/th>\n<td>Sunnylife<\/td>\n<\/tr>\n<tr>\n<th>Model<\/th>\n<td>DJI-TJP05<\/td>\n<\/tr>\n<tr>\n<th>Wymiary futera\u0142u<\/th>\n<td>27 x 29 cm<\/td>\n<\/tr>\n<tr>\n<th>\u015arednica maty<\/th>\n<td>50 cm<\/td>\n<\/tr>\n<tr>\n<th>Kompatybilno\u015b\u0107<\/th>\n<td>DJI Avata, Mini 3 Pro, FPV, MAVIC AIR 2, MAVIC MINI, SPARK, MAVIC PRO, Phantom 3, Phantom 4\/PRO\/PRO+, itp. <\/td>\n<\/tr>\n<\/tbody>\n<\/table>\n<\/div>\n","protected":false},"excerpt":{"rendered":"<p>Mata\/l\u0105dowisko Sunnylife do dron\u00f3w 50 cm (DJI-TJP05) Mata do l\u0105dowania Sunnylife zosta\u0142a wykonana z odpornego na wod\u0119 materia\u0142u. Dzi\u0119ki \u015brednicy<\/p>\n","protected":false},"featured_media":19446,"comment_status":"closed","ping_status":"open","template":"","meta":{"_acf_changed":false},"product_brand":[],"product_cat":[1090,1088,1095],"product_tag":[],"class_list":{"0":"post-19445","1":"product","2":"type-product","3":"status-publish","4":"has-post-thumbnail","6":"product_cat-akcesoria","7":"product_cat-drony","8":"product_cat-ladowiska-dla-dronow","9":"pa_box-height-1326","10":"pa_box-length-3461","11":"pa_box-width-3460","12":"pa_gross-weight-2107","13":"pa_hs-code-1775","14":"pa_kolejna-dostawa-23-10-2024","15":"pa_kompatybilnosc-ladowiska","16":"pa_net-weight-3466","17":"pa_seria-air-dji-air-3-dji-air-2s-dji-air-2","18":"pa_seria-fpv-dji-avata-2-dji-avata-dji-fpv","19":"pa_seria-mini-dji-mini-4-pro-dji-mini-3-pro-dji-mini-3-dji-mini-2-se-mini-4k-dji-mini-2","21":"first","22":"instock","23":"taxable","24":"shipping-taxable","25":"purchasable","26":"product-type-simple"},"acf":[],"yoast_head":"<!-- This site is optimized with the Yoast SEO plugin v27.2 - https:\/\/yoast.com\/product\/yoast-seo-wordpress\/ -->\n<title>Mata l\u0105dowisko Sunnylife do dron\u00f3w 50cm kierunki geograficzne (DJI-TJP05) - IRONSKY.PL Sklep z Dronami<\/title>\n<meta name=\"description\" content=\"Mata l\u0105dowisko Sunnylife do dron\u00f3w 50cm kierunki geograficzne (DJI-TJP05) - \u2705 sklep z dronami i fachowym doradztwem. \u2705 Tutaj kupisz produkty DJI, Yuneec, Parrot, Syma i wiele innych, a tak\u017ce kursy i licencje na operatora drona.\" \/>\n<meta name=\"robots\" content=\"index, follow, max-snippet:-1, max-image-preview:large, max-video-preview:-1\" \/>\n<link rel=\"canonical\" href=\"https:\/\/ironsky.pl\/sklep\/produkt\/mata-ladowisko-sunnylife-do-dronow-50cm-kierunki-geograficzne-dji-tjp05\/\" \/>\n<meta property=\"og:locale\" content=\"pl_PL\" \/>\n<meta property=\"og:type\" content=\"article\" \/>\n<meta property=\"og:title\" content=\"Mata l\u0105dowisko Sunnylife do dron\u00f3w 50cm kierunki geograficzne (DJI-TJP05) - IRONSKY.PL Sklep z Dronami\" \/>\n<meta property=\"og:description\" content=\"Mata l\u0105dowisko Sunnylife do dron\u00f3w 50cm kierunki geograficzne (DJI-TJP05) - \u2705 sklep z dronami i fachowym doradztwem. \u2705 Tutaj kupisz produkty DJI, Yuneec, Parrot, Syma i wiele innych, a tak\u017ce kursy i licencje na operatora drona.\" \/>\n<meta property=\"og:url\" content=\"https:\/\/ironsky.pl\/sklep\/produkt\/mata-ladowisko-sunnylife-do-dronow-50cm-kierunki-geograficzne-dji-tjp05\/\" \/>\n<meta property=\"og:site_name\" content=\"IRONSKY.PL Sklep z Dronami\" \/>\n<meta property=\"article:modified_time\" content=\"2026-05-01T08:52:24+00:00\" \/>\n<meta property=\"og:image\" content=\"https:\/\/ironsky.pl\/sklep\/wp-content\/uploads\/2024\/09\/25694_4.jpg\" \/>\n\t<meta property=\"og:image:width\" content=\"800\" \/>\n\t<meta property=\"og:image:height\" content=\"800\" \/>\n\t<meta property=\"og:image:type\" content=\"image\/jpeg\" \/>\n<meta name=\"twitter:card\" content=\"summary_large_image\" \/>\n<meta name=\"twitter:label1\" content=\"Szacowany czas czytania\" \/>\n\t<meta name=\"twitter:data1\" content=\"1 minuta\" \/>\n<script type=\"application\/ld+json\" class=\"yoast-schema-graph\">{\"@context\":\"https:\/\/schema.org\",\"@graph\":[{\"@type\":\"WebPage\",\"@id\":\"https:\/\/ironsky.pl\/sklep\/produkt\/mata-ladowisko-sunnylife-do-dronow-50cm-kierunki-geograficzne-dji-tjp05\/\",\"url\":\"https:\/\/ironsky.pl\/sklep\/produkt\/mata-ladowisko-sunnylife-do-dronow-50cm-kierunki-geograficzne-dji-tjp05\/\",\"name\":\"Mata l\u0105dowisko Sunnylife do dron\u00f3w 50cm kierunki geograficzne (DJI-TJP05) - IRONSKY.PL Sklep z Dronami\",\"isPartOf\":{\"@id\":\"https:\/\/ironsky.pl\/sklep\/#website\"},\"primaryImageOfPage\":{\"@id\":\"https:\/\/ironsky.pl\/sklep\/produkt\/mata-ladowisko-sunnylife-do-dronow-50cm-kierunki-geograficzne-dji-tjp05\/#primaryimage\"},\"image\":{\"@id\":\"https:\/\/ironsky.pl\/sklep\/produkt\/mata-ladowisko-sunnylife-do-dronow-50cm-kierunki-geograficzne-dji-tjp05\/#primaryimage\"},\"thumbnailUrl\":\"https:\/\/ironsky.pl\/sklep\/wp-content\/uploads\/2024\/09\/25694_4.jpg\",\"datePublished\":\"2024-09-16T10:09:25+00:00\",\"dateModified\":\"2026-05-01T08:52:24+00:00\",\"description\":\"Mata l\u0105dowisko Sunnylife do dron\u00f3w 50cm kierunki geograficzne (DJI-TJP05) - \u2705 sklep z dronami i fachowym doradztwem. \u2705 Tutaj kupisz produkty DJI, Yuneec, Parrot, Syma i wiele innych, a tak\u017ce kursy i licencje na operatora drona.\",\"breadcrumb\":{\"@id\":\"https:\/\/ironsky.pl\/sklep\/produkt\/mata-ladowisko-sunnylife-do-dronow-50cm-kierunki-geograficzne-dji-tjp05\/#breadcrumb\"},\"inLanguage\":\"pl-PL\",\"potentialAction\":[{\"@type\":\"ReadAction\",\"target\":[\"https:\/\/ironsky.pl\/sklep\/produkt\/mata-ladowisko-sunnylife-do-dronow-50cm-kierunki-geograficzne-dji-tjp05\/\"]}]},{\"@type\":\"ImageObject\",\"inLanguage\":\"pl-PL\",\"@id\":\"https:\/\/ironsky.pl\/sklep\/produkt\/mata-ladowisko-sunnylife-do-dronow-50cm-kierunki-geograficzne-dji-tjp05\/#primaryimage\",\"url\":\"https:\/\/ironsky.pl\/sklep\/wp-content\/uploads\/2024\/09\/25694_4.jpg\",\"contentUrl\":\"https:\/\/ironsky.pl\/sklep\/wp-content\/uploads\/2024\/09\/25694_4.jpg\",\"width\":800,\"height\":800},{\"@type\":\"BreadcrumbList\",\"@id\":\"https:\/\/ironsky.pl\/sklep\/produkt\/mata-ladowisko-sunnylife-do-dronow-50cm-kierunki-geograficzne-dji-tjp05\/#breadcrumb\",\"itemListElement\":[{\"@type\":\"ListItem\",\"position\":1,\"name\":\"Strona g\u0142\u00f3wna\",\"item\":\"https:\/\/ironsky.pl\/sklep\/\"},{\"@type\":\"ListItem\",\"position\":2,\"name\":\"Wszystkie produkty\",\"item\":\"https:\/\/ironsky.pl\/sklep\/produkty\/\"},{\"@type\":\"ListItem\",\"position\":3,\"name\":\"Mata l\u0105dowisko Sunnylife do dron\u00f3w 50cm kierunki geograficzne (DJI-TJP05)\"}]},{\"@type\":\"WebSite\",\"@id\":\"https:\/\/ironsky.pl\/sklep\/#website\",\"url\":\"https:\/\/ironsky.pl\/sklep\/\",\"name\":\"IRONSKY.PL Sklep z Dronami\",\"description\":\"IRONSKY.PL Sklep z Dronami\",\"potentialAction\":[{\"@type\":\"SearchAction\",\"target\":{\"@type\":\"EntryPoint\",\"urlTemplate\":\"https:\/\/ironsky.pl\/sklep\/?s={search_term_string}\"},\"query-input\":{\"@type\":\"PropertyValueSpecification\",\"valueRequired\":true,\"valueName\":\"search_term_string\"}}],\"inLanguage\":\"pl-PL\"}]}<\/script>\n<!-- \/ Yoast SEO plugin. -->","yoast_head_json":{"title":"Mata l\u0105dowisko Sunnylife do dron\u00f3w 50cm kierunki geograficzne (DJI-TJP05) - IRONSKY.PL Sklep z Dronami","description":"Mata l\u0105dowisko Sunnylife do dron\u00f3w 50cm kierunki geograficzne (DJI-TJP05) - \u2705 sklep z dronami i fachowym doradztwem. \u2705 Tutaj kupisz produkty DJI, Yuneec, Parrot, Syma i wiele innych, a tak\u017ce kursy i licencje na operatora drona.","robots":{"index":"index","follow":"follow","max-snippet":"max-snippet:-1","max-image-preview":"max-image-preview:large","max-video-preview":"max-video-preview:-1"},"canonical":"https:\/\/ironsky.pl\/sklep\/produkt\/mata-ladowisko-sunnylife-do-dronow-50cm-kierunki-geograficzne-dji-tjp05\/","og_locale":"pl_PL","og_type":"article","og_title":"Mata l\u0105dowisko Sunnylife do dron\u00f3w 50cm kierunki geograficzne (DJI-TJP05) - IRONSKY.PL Sklep z Dronami","og_description":"Mata l\u0105dowisko Sunnylife do dron\u00f3w 50cm kierunki geograficzne (DJI-TJP05) - \u2705 sklep z dronami i fachowym doradztwem. \u2705 Tutaj kupisz produkty DJI, Yuneec, Parrot, Syma i wiele innych, a tak\u017ce kursy i licencje na operatora drona.","og_url":"https:\/\/ironsky.pl\/sklep\/produkt\/mata-ladowisko-sunnylife-do-dronow-50cm-kierunki-geograficzne-dji-tjp05\/","og_site_name":"IRONSKY.PL Sklep z Dronami","article_modified_time":"2026-05-01T08:52:24+00:00","og_image":[{"width":800,"height":800,"url":"https:\/\/ironsky.pl\/sklep\/wp-content\/uploads\/2024\/09\/25694_4.jpg","type":"image\/jpeg"}],"twitter_card":"summary_large_image","twitter_misc":{"Szacowany czas czytania":"1 minuta"},"schema":{"@context":"https:\/\/schema.org","@graph":[{"@type":"WebPage","@id":"https:\/\/ironsky.pl\/sklep\/produkt\/mata-ladowisko-sunnylife-do-dronow-50cm-kierunki-geograficzne-dji-tjp05\/","url":"https:\/\/ironsky.pl\/sklep\/produkt\/mata-ladowisko-sunnylife-do-dronow-50cm-kierunki-geograficzne-dji-tjp05\/","name":"Mata l\u0105dowisko Sunnylife do dron\u00f3w 50cm kierunki geograficzne (DJI-TJP05) - IRONSKY.PL Sklep z Dronami","isPartOf":{"@id":"https:\/\/ironsky.pl\/sklep\/#website"},"primaryImageOfPage":{"@id":"https:\/\/ironsky.pl\/sklep\/produkt\/mata-ladowisko-sunnylife-do-dronow-50cm-kierunki-geograficzne-dji-tjp05\/#primaryimage"},"image":{"@id":"https:\/\/ironsky.pl\/sklep\/produkt\/mata-ladowisko-sunnylife-do-dronow-50cm-kierunki-geograficzne-dji-tjp05\/#primaryimage"},"thumbnailUrl":"https:\/\/ironsky.pl\/sklep\/wp-content\/uploads\/2024\/09\/25694_4.jpg","datePublished":"2024-09-16T10:09:25+00:00","dateModified":"2026-05-01T08:52:24+00:00","description":"Mata l\u0105dowisko Sunnylife do dron\u00f3w 50cm kierunki geograficzne (DJI-TJP05) - \u2705 sklep z dronami i fachowym doradztwem. \u2705 Tutaj kupisz produkty DJI, Yuneec, Parrot, Syma i wiele innych, a tak\u017ce kursy i licencje na operatora drona.","breadcrumb":{"@id":"https:\/\/ironsky.pl\/sklep\/produkt\/mata-ladowisko-sunnylife-do-dronow-50cm-kierunki-geograficzne-dji-tjp05\/#breadcrumb"},"inLanguage":"pl-PL","potentialAction":[{"@type":"ReadAction","target":["https:\/\/ironsky.pl\/sklep\/produkt\/mata-ladowisko-sunnylife-do-dronow-50cm-kierunki-geograficzne-dji-tjp05\/"]}]},{"@type":"ImageObject","inLanguage":"pl-PL","@id":"https:\/\/ironsky.pl\/sklep\/produkt\/mata-ladowisko-sunnylife-do-dronow-50cm-kierunki-geograficzne-dji-tjp05\/#primaryimage","url":"https:\/\/ironsky.pl\/sklep\/wp-content\/uploads\/2024\/09\/25694_4.jpg","contentUrl":"https:\/\/ironsky.pl\/sklep\/wp-content\/uploads\/2024\/09\/25694_4.jpg","width":800,"height":800},{"@type":"BreadcrumbList","@id":"https:\/\/ironsky.pl\/sklep\/produkt\/mata-ladowisko-sunnylife-do-dronow-50cm-kierunki-geograficzne-dji-tjp05\/#breadcrumb","itemListElement":[{"@type":"ListItem","position":1,"name":"Strona g\u0142\u00f3wna","item":"https:\/\/ironsky.pl\/sklep\/"},{"@type":"ListItem","position":2,"name":"Wszystkie produkty","item":"https:\/\/ironsky.pl\/sklep\/produkty\/"},{"@type":"ListItem","position":3,"name":"Mata l\u0105dowisko Sunnylife do dron\u00f3w 50cm kierunki geograficzne (DJI-TJP05)"}]},{"@type":"WebSite","@id":"https:\/\/ironsky.pl\/sklep\/#website","url":"https:\/\/ironsky.pl\/sklep\/","name":"IRONSKY.PL Sklep z Dronami","description":"IRONSKY.PL Sklep z Dronami","potentialAction":[{"@type":"SearchAction","target":{"@type":"EntryPoint","urlTemplate":"https:\/\/ironsky.pl\/sklep\/?s={search_term_string}"},"query-input":{"@type":"PropertyValueSpecification","valueRequired":true,"valueName":"search_term_string"}}],"inLanguage":"pl-PL"}]}},"_links":{"self":[{"href":"https:\/\/ironsky.pl\/sklep\/wp-json\/wp\/v2\/product\/19445","targetHints":{"allow":["GET"]}}],"collection":[{"href":"https:\/\/ironsky.pl\/sklep\/wp-json\/wp\/v2\/product"}],"about":[{"href":"https:\/\/ironsky.pl\/sklep\/wp-json\/wp\/v2\/types\/product"}],"replies":[{"embeddable":true,"href":"https:\/\/ironsky.pl\/sklep\/wp-json\/wp\/v2\/comments?post=19445"}],"wp:featuredmedia":[{"embeddable":true,"href":"https:\/\/ironsky.pl\/sklep\/wp-json\/wp\/v2\/media\/19446"}],"wp:attachment":[{"href":"https:\/\/ironsky.pl\/sklep\/wp-json\/wp\/v2\/media?parent=19445"}],"wp:term":[{"taxonomy":"product_brand","embeddable":true,"href":"https:\/\/ironsky.pl\/sklep\/wp-json\/wp\/v2\/product_brand?post=19445"},{"taxonomy":"product_cat","embeddable":true,"href":"https:\/\/ironsky.pl\/sklep\/wp-json\/wp\/v2\/product_cat?post=19445"},{"taxonomy":"product_tag","embeddable":true,"href":"https:\/\/ironsky.pl\/sklep\/wp-json\/wp\/v2\/product_tag?post=19445"}],"curies":[{"name":"wp","href":"https:\/\/api.w.org\/{rel}","templated":true}]}}