{"id":19398,"date":"2024-09-16T12:08:18","date_gmt":"2024-09-16T10:08:18","guid":{"rendered":"http:\/\/gvshalph.pro-linuxpl.com\/ironskyprodukty\/produkt\/smigla-dji-avata\/"},"modified":"2026-03-05T15:48:13","modified_gmt":"2026-03-05T14:48:13","slug":"smigla-dji-avata","status":"publish","type":"product","link":"https:\/\/ironsky.pl\/sklep\/produkt\/smigla-dji-avata\/","title":{"rendered":"\u015amig\u0142a DJI Avata"},"content":{"rendered":"<div id=\"Opisproduktu\" class=\"long-description\">\n<div class=\"long-description__description-wrapper\">\n<div class=\"description-item\">\n<div class=\"description-item__wrapper --reverse\">\n<div class=\"description-item__body\">\n<div class=\"description-item__body-wrapper\">\n<div class=\"description-item__title\">\u015amig\u0142a DJI Avata<\/div>\n<div class=\"description-item__content\">\n<p>Oryginalne \u015bmig\u0142a, kt\u00f3re zosta\u0142y zaprojektowane do drona&nbsp;<span style=\"color: rgb(45, 45, 45);\">DJI Avata<\/span>. Pot\u0119\u017cne, proste w monta\u017cu, bezpieczne, wytrzyma\u0142e i doskonale zbalansowane \u015bmig\u0142a. W zestawie 2 pary \u015bmigie\u0142 i 8 \u015brubek niezb\u0119dnych do instalacji.<\/p>\n<\/div>\n<\/div>\n<\/div>\n<div class=\"description-item__img\"><img decoding=\"async\" src=\"https:\/\/assets.innpro.pl\/107\/96\/Smigla-DJI-Avata-25564_3.png\" alt=\"\" \/><\/div>\n<\/div>\n<\/div>\n<\/div>\n<div class=\"long-description__description-wrapper\" data-anchor-menu-name=\"W zestawie\">\n<div id=\"Wzestawie\" class=\"long-description__title\">W zestawie<\/div>\n<div class=\"included-items\">\n<div class=\"included-items__item\">\n<div class=\"included-items__img\"><img decoding=\"async\" src=\"https:\/\/assets.innpro.pl\/107\/96\/DJI_smigla_Avata_smigla_mala.png\" alt=\"\"><\/div>\n<div class=\"included-items__name\">Pary \u015bmigie\u0142<\/div>\n<div class=\"included-items__count\">x2<\/div>\n<\/div>\n<div class=\"included-items__item\">\n<div class=\"included-items__img\"><img decoding=\"async\" src=\"https:\/\/assets.innpro.pl\/107\/96\/DJI_smigla_Avata_sruby.png\" alt=\"\"><\/div>\n<div class=\"included-items__name\">\u015arubki<\/div>\n<div class=\"included-items__count\">x8<\/div>\n<\/div>\n<\/div>\n<\/div>\n<div class=\"long-description__specification-wrapper\">\n<div id=\"Specyfikacja\" class=\"big_label --ops\" data-anchor-menu-name=\"Specyfikacja\">Specyfikacja<\/div>\n<div class=\"long-description__specification-menu\"><\/div>\n<div class=\"specification-boxes\" data-spec-name=\"\u015amig\u0142a\">\n<div class=\"specification-box\">\n<div class=\"table_container\">\n<div class=\"table1\">\n<table>\n<tbody>\n<tr>\n<th>Producent<\/th>\n<td>DJI<\/td>\n<\/tr>\n<tr>\n<th>Kompatybilno\u015b\u0107<\/th>\n<td>DJI Avata<\/td>\n<\/tr>\n<tr>\n<th>Materia\u0142<\/th>\n<td>30% w\u0142\u00f3kno w\u0119glowe, 30% w\u0142\u00f3kno szklane, 40% tworzywo sztuczne<\/td>\n<\/tr>\n<\/tbody>\n<\/table>\n<\/div>\n<div class=\"table2\">\n<table>\n<tbody>\n<tr>\n<th>Kolor<\/th>\n<td>Czarno-bia\u0142y<\/td>\n<\/tr>\n<tr>\n<th>Wymiary<\/th>\n<td>73.7 mm<\/td>\n<\/tr>\n<tr>\n<th>Waga<\/th>\n<td>2.1 g<\/td>\n<\/tr>\n<\/tbody>\n<\/table>\n<\/div>\n<\/div>\n<\/div>\n<\/div>\n<\/div>\n<\/div>\n","protected":false},"excerpt":{"rendered":"<p>\u015amig\u0142a DJI Avata Oryginalne \u015bmig\u0142a, kt\u00f3re zosta\u0142y zaprojektowane do drona&nbsp;DJI Avata. Pot\u0119\u017cne, proste w monta\u017cu, bezpieczne, wytrzyma\u0142e i doskonale zbalansowane<\/p>\n","protected":false},"featured_media":19399,"comment_status":"closed","ping_status":"open","template":"","meta":{"_acf_changed":false},"product_brand":[],"product_cat":[5574,1090,1091,1089,1088],"product_tag":[],"class_list":{"0":"post-19398","1":"product","2":"type-product","3":"status-publish","4":"has-post-thumbnail","6":"product_cat-avata-1","7":"product_cat-akcesoria","8":"product_cat-dji","9":"product_cat-czesci-zamienne-do-dronow","10":"product_cat-drony","11":"pa_box-height-1493","12":"pa_box-length-1606","13":"pa_box-width-1994","14":"pa_gross-weight-1530","15":"pa_hs-code-2937","16":"pa_kompatybilnosc-smigla-i-oslony","17":"pa_model-fpv","18":"pa_net-weight-1491","19":"pa_seria-fpv-dji-avata","21":"first","22":"outofstock","23":"taxable","24":"shipping-taxable","25":"purchasable","26":"product-type-simple"},"acf":[],"yoast_head":"<!-- This site is optimized with the Yoast SEO plugin v27.2 - https:\/\/yoast.com\/product\/yoast-seo-wordpress\/ -->\n<title>\u015amig\u0142a DJI Avata - IRONSKY.PL Sklep z Dronami<\/title>\n<meta name=\"description\" content=\"\u015amig\u0142a DJI Avata - \u2705 sklep z dronami i fachowym doradztwem. \u2705 Tutaj kupisz produkty DJI, Yuneec, Parrot, Syma i wiele innych, a tak\u017ce kursy i licencje na operatora drona.\" \/>\n<meta name=\"robots\" content=\"index, follow, max-snippet:-1, max-image-preview:large, max-video-preview:-1\" \/>\n<link rel=\"canonical\" href=\"https:\/\/ironsky.pl\/sklep\/produkt\/smigla-dji-avata\/\" \/>\n<meta property=\"og:locale\" content=\"pl_PL\" \/>\n<meta property=\"og:type\" content=\"article\" \/>\n<meta property=\"og:title\" content=\"\u015amig\u0142a DJI Avata - IRONSKY.PL Sklep z Dronami\" \/>\n<meta property=\"og:description\" content=\"\u015amig\u0142a DJI Avata - \u2705 sklep z dronami i fachowym doradztwem. \u2705 Tutaj kupisz produkty DJI, Yuneec, Parrot, Syma i wiele innych, a tak\u017ce kursy i licencje na operatora drona.\" \/>\n<meta property=\"og:url\" content=\"https:\/\/ironsky.pl\/sklep\/produkt\/smigla-dji-avata\/\" \/>\n<meta property=\"og:site_name\" content=\"IRONSKY.PL Sklep z Dronami\" \/>\n<meta property=\"article:modified_time\" content=\"2026-03-05T14:48:13+00:00\" \/>\n<meta property=\"og:image\" content=\"https:\/\/ironsky.pl\/sklep\/wp-content\/uploads\/2024\/09\/25564_6.png\" \/>\n\t<meta property=\"og:image:width\" content=\"728\" \/>\n\t<meta property=\"og:image:height\" content=\"728\" \/>\n\t<meta property=\"og:image:type\" content=\"image\/png\" \/>\n<meta name=\"twitter:card\" content=\"summary_large_image\" \/>\n<script type=\"application\/ld+json\" class=\"yoast-schema-graph\">{\"@context\":\"https:\/\/schema.org\",\"@graph\":[{\"@type\":\"WebPage\",\"@id\":\"https:\/\/ironsky.pl\/sklep\/produkt\/smigla-dji-avata\/\",\"url\":\"https:\/\/ironsky.pl\/sklep\/produkt\/smigla-dji-avata\/\",\"name\":\"\u015amig\u0142a DJI Avata - IRONSKY.PL Sklep z Dronami\",\"isPartOf\":{\"@id\":\"https:\/\/ironsky.pl\/sklep\/#website\"},\"primaryImageOfPage\":{\"@id\":\"https:\/\/ironsky.pl\/sklep\/produkt\/smigla-dji-avata\/#primaryimage\"},\"image\":{\"@id\":\"https:\/\/ironsky.pl\/sklep\/produkt\/smigla-dji-avata\/#primaryimage\"},\"thumbnailUrl\":\"https:\/\/ironsky.pl\/sklep\/wp-content\/uploads\/2024\/09\/25564_6.png\",\"datePublished\":\"2024-09-16T10:08:18+00:00\",\"dateModified\":\"2026-03-05T14:48:13+00:00\",\"description\":\"\u015amig\u0142a DJI Avata - \u2705 sklep z dronami i fachowym doradztwem. \u2705 Tutaj kupisz produkty DJI, Yuneec, Parrot, Syma i wiele innych, a tak\u017ce kursy i licencje na operatora drona.\",\"breadcrumb\":{\"@id\":\"https:\/\/ironsky.pl\/sklep\/produkt\/smigla-dji-avata\/#breadcrumb\"},\"inLanguage\":\"pl-PL\",\"potentialAction\":[{\"@type\":\"ReadAction\",\"target\":[\"https:\/\/ironsky.pl\/sklep\/produkt\/smigla-dji-avata\/\"]}]},{\"@type\":\"ImageObject\",\"inLanguage\":\"pl-PL\",\"@id\":\"https:\/\/ironsky.pl\/sklep\/produkt\/smigla-dji-avata\/#primaryimage\",\"url\":\"https:\/\/ironsky.pl\/sklep\/wp-content\/uploads\/2024\/09\/25564_6.png\",\"contentUrl\":\"https:\/\/ironsky.pl\/sklep\/wp-content\/uploads\/2024\/09\/25564_6.png\",\"width\":728,\"height\":728},{\"@type\":\"BreadcrumbList\",\"@id\":\"https:\/\/ironsky.pl\/sklep\/produkt\/smigla-dji-avata\/#breadcrumb\",\"itemListElement\":[{\"@type\":\"ListItem\",\"position\":1,\"name\":\"Strona g\u0142\u00f3wna\",\"item\":\"https:\/\/ironsky.pl\/sklep\/\"},{\"@type\":\"ListItem\",\"position\":2,\"name\":\"Wszystkie produkty\",\"item\":\"https:\/\/ironsky.pl\/sklep\/produkty\/\"},{\"@type\":\"ListItem\",\"position\":3,\"name\":\"\u015amig\u0142a DJI Avata\"}]},{\"@type\":\"WebSite\",\"@id\":\"https:\/\/ironsky.pl\/sklep\/#website\",\"url\":\"https:\/\/ironsky.pl\/sklep\/\",\"name\":\"IRONSKY.PL Sklep z Dronami\",\"description\":\"IRONSKY.PL Sklep z Dronami\",\"potentialAction\":[{\"@type\":\"SearchAction\",\"target\":{\"@type\":\"EntryPoint\",\"urlTemplate\":\"https:\/\/ironsky.pl\/sklep\/?s={search_term_string}\"},\"query-input\":{\"@type\":\"PropertyValueSpecification\",\"valueRequired\":true,\"valueName\":\"search_term_string\"}}],\"inLanguage\":\"pl-PL\"}]}<\/script>\n<!-- \/ Yoast SEO plugin. -->","yoast_head_json":{"title":"\u015amig\u0142a DJI Avata - IRONSKY.PL Sklep z Dronami","description":"\u015amig\u0142a DJI Avata - \u2705 sklep z dronami i fachowym doradztwem. \u2705 Tutaj kupisz produkty DJI, Yuneec, Parrot, Syma i wiele innych, a tak\u017ce kursy i licencje na operatora drona.","robots":{"index":"index","follow":"follow","max-snippet":"max-snippet:-1","max-image-preview":"max-image-preview:large","max-video-preview":"max-video-preview:-1"},"canonical":"https:\/\/ironsky.pl\/sklep\/produkt\/smigla-dji-avata\/","og_locale":"pl_PL","og_type":"article","og_title":"\u015amig\u0142a DJI Avata - IRONSKY.PL Sklep z Dronami","og_description":"\u015amig\u0142a DJI Avata - \u2705 sklep z dronami i fachowym doradztwem. \u2705 Tutaj kupisz produkty DJI, Yuneec, Parrot, Syma i wiele innych, a tak\u017ce kursy i licencje na operatora drona.","og_url":"https:\/\/ironsky.pl\/sklep\/produkt\/smigla-dji-avata\/","og_site_name":"IRONSKY.PL Sklep z Dronami","article_modified_time":"2026-03-05T14:48:13+00:00","og_image":[{"width":728,"height":728,"url":"https:\/\/ironsky.pl\/sklep\/wp-content\/uploads\/2024\/09\/25564_6.png","type":"image\/png"}],"twitter_card":"summary_large_image","schema":{"@context":"https:\/\/schema.org","@graph":[{"@type":"WebPage","@id":"https:\/\/ironsky.pl\/sklep\/produkt\/smigla-dji-avata\/","url":"https:\/\/ironsky.pl\/sklep\/produkt\/smigla-dji-avata\/","name":"\u015amig\u0142a DJI Avata - IRONSKY.PL Sklep z Dronami","isPartOf":{"@id":"https:\/\/ironsky.pl\/sklep\/#website"},"primaryImageOfPage":{"@id":"https:\/\/ironsky.pl\/sklep\/produkt\/smigla-dji-avata\/#primaryimage"},"image":{"@id":"https:\/\/ironsky.pl\/sklep\/produkt\/smigla-dji-avata\/#primaryimage"},"thumbnailUrl":"https:\/\/ironsky.pl\/sklep\/wp-content\/uploads\/2024\/09\/25564_6.png","datePublished":"2024-09-16T10:08:18+00:00","dateModified":"2026-03-05T14:48:13+00:00","description":"\u015amig\u0142a DJI Avata - \u2705 sklep z dronami i fachowym doradztwem. \u2705 Tutaj kupisz produkty DJI, Yuneec, Parrot, Syma i wiele innych, a tak\u017ce kursy i licencje na operatora drona.","breadcrumb":{"@id":"https:\/\/ironsky.pl\/sklep\/produkt\/smigla-dji-avata\/#breadcrumb"},"inLanguage":"pl-PL","potentialAction":[{"@type":"ReadAction","target":["https:\/\/ironsky.pl\/sklep\/produkt\/smigla-dji-avata\/"]}]},{"@type":"ImageObject","inLanguage":"pl-PL","@id":"https:\/\/ironsky.pl\/sklep\/produkt\/smigla-dji-avata\/#primaryimage","url":"https:\/\/ironsky.pl\/sklep\/wp-content\/uploads\/2024\/09\/25564_6.png","contentUrl":"https:\/\/ironsky.pl\/sklep\/wp-content\/uploads\/2024\/09\/25564_6.png","width":728,"height":728},{"@type":"BreadcrumbList","@id":"https:\/\/ironsky.pl\/sklep\/produkt\/smigla-dji-avata\/#breadcrumb","itemListElement":[{"@type":"ListItem","position":1,"name":"Strona g\u0142\u00f3wna","item":"https:\/\/ironsky.pl\/sklep\/"},{"@type":"ListItem","position":2,"name":"Wszystkie produkty","item":"https:\/\/ironsky.pl\/sklep\/produkty\/"},{"@type":"ListItem","position":3,"name":"\u015amig\u0142a DJI Avata"}]},{"@type":"WebSite","@id":"https:\/\/ironsky.pl\/sklep\/#website","url":"https:\/\/ironsky.pl\/sklep\/","name":"IRONSKY.PL Sklep z Dronami","description":"IRONSKY.PL Sklep z Dronami","potentialAction":[{"@type":"SearchAction","target":{"@type":"EntryPoint","urlTemplate":"https:\/\/ironsky.pl\/sklep\/?s={search_term_string}"},"query-input":{"@type":"PropertyValueSpecification","valueRequired":true,"valueName":"search_term_string"}}],"inLanguage":"pl-PL"}]}},"_links":{"self":[{"href":"https:\/\/ironsky.pl\/sklep\/wp-json\/wp\/v2\/product\/19398","targetHints":{"allow":["GET"]}}],"collection":[{"href":"https:\/\/ironsky.pl\/sklep\/wp-json\/wp\/v2\/product"}],"about":[{"href":"https:\/\/ironsky.pl\/sklep\/wp-json\/wp\/v2\/types\/product"}],"replies":[{"embeddable":true,"href":"https:\/\/ironsky.pl\/sklep\/wp-json\/wp\/v2\/comments?post=19398"}],"wp:featuredmedia":[{"embeddable":true,"href":"https:\/\/ironsky.pl\/sklep\/wp-json\/wp\/v2\/media\/19399"}],"wp:attachment":[{"href":"https:\/\/ironsky.pl\/sklep\/wp-json\/wp\/v2\/media?parent=19398"}],"wp:term":[{"taxonomy":"product_brand","embeddable":true,"href":"https:\/\/ironsky.pl\/sklep\/wp-json\/wp\/v2\/product_brand?post=19398"},{"taxonomy":"product_cat","embeddable":true,"href":"https:\/\/ironsky.pl\/sklep\/wp-json\/wp\/v2\/product_cat?post=19398"},{"taxonomy":"product_tag","embeddable":true,"href":"https:\/\/ironsky.pl\/sklep\/wp-json\/wp\/v2\/product_tag?post=19398"}],"curies":[{"name":"wp","href":"https:\/\/api.w.org\/{rel}","templated":true}]}}