{"id":19384,"date":"2024-09-16T12:08:18","date_gmt":"2024-09-16T10:08:18","guid":{"rendered":"http:\/\/gvshalph.pro-linuxpl.com\/ironskyprodukty\/produkt\/oswietlenie-ostrzegawcze-jz-s2-dji-matrice-30\/"},"modified":"2026-03-05T15:48:11","modified_gmt":"2026-03-05T14:48:11","slug":"oswietlenie-ostrzegawcze-jz-s2-dji-matrice-30","status":"publish","type":"product","link":"https:\/\/ironsky.pl\/sklep\/produkt\/oswietlenie-ostrzegawcze-jz-s2-dji-matrice-30\/","title":{"rendered":"O\u015bwietlenie ostrzegawcze JZ-S2 DJI Matrice 30"},"content":{"rendered":"<style><!--\ntable {\n    border-collapse: collapse;\n    width: 100%;\n}\n\nth, td {\n    padding: 8px;\n    text-align: left;\n    border-bottom: 1px solid #ddd;\n}\n\ntr:hover{background-color:none}\n--><\/style>\n<p style=\"text-align: center;\"><img decoding=\"async\" src=\"\/data\/include\/cms\/enterprise\/JZ-S2\/oswietlenie-ostrzegawcze-jz-s2-v2.png\" border=\"0\" width=\"80%\" height=\"NaN\" \/><\/p>\n<div class=\"iai_bottom\"><span style=\"font-size: 12pt;\"><\/span><\/div>\n<div class=\"iai_bottom\"><\/div>\n<div class=\"iai_bottom\">\n<hr \/>\n<h1 style=\"text-align: center;\"><strong><span style=\"font-size: 14pt;\">O\u015bwietlenie ostrzegawcze JZ-S2<\/span><\/strong><\/h1>\n<p><span style=\"font-size: 12pt;\"><span>JZ-S2 to matrycowe o\u015bwietlenie ostrzegawcze, zaprojektowane specjalnie dla s\u0142u\u017cb mundurowych. Dzi\u0119ki swojej aerodynamicznej konstrukcji, skutecznie zmniejsza wsp\u00f3\u0142czynnik oporu wiatru i nie wp\u0142ywa negatywnie na czasu lotu drona Matrice 30 \/ 30T. Urz\u0105dzenie pomimo niewielkiego rozmiaru, emituje \u015bwiat\u0142o, kt\u00f3re jest doskonale widoczne, nawet z wi\u0119kszych odleg\u0142o\u015bci. O\u015bwietlenie instaluje si\u0119 na ramionach drona bez narz\u0119dziowo, na zatrzaski. Kompatybilno\u015b\u0107 z OSDK i innymi interfejsami u\u0142atwia dostosowanie urz\u0105dzenia do indywidualnych scenariuszy wykorzystania. Do wyboru s\u0105 3 wersje kolorystyczne (czerwony, \u017c\u00f3\u0142ty, niebieski) kt\u00f3re mo\u017cna dowolnie \u0142\u0105czy\u0107.<\/span><\/span><\/p>\n<p>\u00a0<\/p>\n<p>\u00a0<\/p>\n<p><span style=\"font-size: 14pt;\"><strong>Najwa\u017cniejsze cechy:<\/strong><\/span><\/p>\n<hr \/>\n<ul>\n<li><strong><span style=\"font-size: 12pt;\">Regulacja mocy<\/span><\/strong><br \/><span style=\"font-size: 12pt;\">Regulacja b\u0142ysku \u015bwiat\u0142a zgodnie z ustawionym trybem.<\/span><\/li>\n<\/ul>\n<p>\u00a0<\/p>\n<ul>\n<li><strong><span style=\"font-size: 12pt;\">Regulacja \u015bwiat\u0142a<\/span><\/strong><br \/><span style=\"font-size: 12pt;\">Regulacja jasno\u015bci \u015bwiat\u0142a.<\/span><\/li>\n<\/ul>\n<p>\u00a0<\/p>\n<ul>\n<li><strong><span style=\"font-size: 12pt;\">Ustawienia niestandardowe<\/span><\/strong><br \/><span style=\"font-size: 12pt;\">Mo\u017cliwo\u015b\u0107 zapisania indywidualnych ustawie\u0144.<\/span><\/li>\n<\/ul>\n<p>\u00a0<\/p>\n<ul>\n<li><strong><span style=\"font-size: 12pt;\">Aktualizacje<\/span><\/strong><br \/><span style=\"font-size: 12pt;\">Mo\u017cliwo\u015b\u0107 aktualizacji oprogramowania.<\/span><\/li>\n<\/ul>\n<p>\u00a0<\/p>\n<p>\u00a0<\/p>\n<p><span style=\"font-size: 14pt;\"><strong>Zastosowania:<\/strong><\/span><\/p>\n<hr \/>\n<p><span style=\"font-size: 12pt;\">O\u015bwietlenie ostrzegawcze JZ-S2 mo\u017ce by\u0107 z powodzeniem wykorzystywane przez s\u0142u\u017cby mundurowe w wszelkiego rodzaju patrolach, dzia\u0142aniach koordynacyjnych, misjach poszukiwawczo ratowniczych, wsz\u0119dzie tam gdzie zachodzi potrzeba wysy\u0142ania sygna\u0142\u00f3w \u015bwietlnych o okre\u015blonej kolorystyce.<\/span><\/p>\n<p>\u00a0<\/p>\n<p>\u00a0<\/p>\n<div class=\"iai_bottom\">\n<p><span style=\"color: #808080; font-size: 14pt;\"><strong>Specyfikacja<\/strong><\/span><\/p>\n<div class=\"iai_bottom\">\n<hr \/>\n<p><span><span><span><\/span><\/span><\/span><\/div>\n<table class=\"table-specs\">\n<tbody>\n<tr style=\"background-color: #f7f7f7;\">\n<th style=\"width: 35%; text-align: left; vertical-align: middle;\"><span style=\"font-size: 12pt;\">Model produktu<\/span><\/th>\n<td><span style=\"font-size: 12pt;\">JZ_S2<\/span><\/td>\n<\/tr>\n<tr>\n<th style=\"width: 35%; text-align: left; vertical-align: middle;\"><span style=\"font-size: 12pt;\">Interfejs<\/span><\/th>\n<td><span style=\"font-size: 12pt;\">DJI SDK<\/span><\/td>\n<\/tr>\n<tr style=\"background-color: #f7f7f7;\">\n<th style=\"width: 35%; text-align: left; vertical-align: middle;\"><span style=\"font-size: 12pt;\">Wymiary<\/span><\/th>\n<td><span style=\"font-size: 12pt;\"><span>108 x 29 x 13.6 mm<\/span><\/span><\/td>\n<\/tr>\n<tr>\n<th style=\"width: 35%; text-align: left; vertical-align: middle;\"><span style=\"font-size: 12pt;\">Masa<\/span><\/th>\n<td><span style=\"font-size: 12pt;\">50\u00a0g<\/span><\/td>\n<\/tr>\n<tr style=\"background-color: #f7f7f7;\">\n<th style=\"width: 35%; text-align: left; vertical-align: middle;\"><span style=\"font-size: 12pt;\">Cz\u0119stotliwo\u015b\u0107 b\u0142ysku<\/span><\/th>\n<td><span style=\"font-size: 12pt;\">2-4x \/s<\/span><\/td>\n<\/tr>\n<tr>\n<th style=\"width: 35%; text-align: left; vertical-align: middle;\"><span style=\"font-size: 12pt;\">Kompatybilne modele dron\u00f3w<\/span><\/th>\n<td><span style=\"font-size: 12pt;\">Matrice 30, Matrice 30T<\/span><\/td>\n<\/tr>\n<tr style=\"background-color: #f7f7f7;\">\n<th style=\"width: 35%; text-align: left; vertical-align: middle;\"><span style=\"font-size: 12pt;\"><span>Moc<\/span><\/span><\/th>\n<td><span style=\"font-size: 12pt;\">48W na jeden modu\u0142<\/span><\/td>\n<\/tr>\n<tr>\n<th style=\"width: 35%; text-align: left; vertical-align: middle;\"><span style=\"font-size: 12pt;\"><span>K\u0105t \u015bwiecenia<\/span><\/span><\/th>\n<td><span style=\"font-size: 12pt;\"><span>60\u00b0<\/span><\/span><\/td>\n<\/tr>\n<tr style=\"background-color: #f7f7f7;\">\n<th style=\"width: 35%; text-align: left; vertical-align: middle;\"><span style=\"font-size: 12pt;\"><span>Kolory \u015bwiecenia<\/span><\/span><\/th>\n<td><span style=\"font-size: 12pt;\"><span>3\u00a0wersje kolorystyczne do wyboru (czerwony, \u017c\u00f3\u0142ty, niebieski) kt\u00f3re mo\u017cna dowolnie \u0142\u0105czy\u0107<\/span><\/span><\/td>\n<\/tr>\n<tr>\n<th style=\"width: 35%; text-align: left; vertical-align: middle;\"><span style=\"font-size: 12pt;\">Metoda monta\u017cu<\/span><\/th>\n<td><span style=\"font-size: 12pt;\"><span>Uchwyt na zatrzaski<\/span><\/span><\/td>\n<\/tr>\n<tr style=\"background-color: #f7f7f7;\">\n<th style=\"width: 35%; text-align: left; vertical-align: middle;\"><span style=\"font-size: 12pt;\"><span>Metoda monta\u017cu<\/span><\/span><\/th>\n<td><span style=\"font-size: 12pt;\"><span>Szyna monta\u017cowa na dronie<\/span><\/span><\/td>\n<\/tr>\n<tr>\n<th style=\"width: 35%; text-align: left; vertical-align: middle;\"><span style=\"font-size: 12pt;\"><span>Temperatura pracy<\/span><\/span><\/th>\n<td><span style=\"font-size: 12pt;\"><span>-20\u00b0C ~ 50\u00b0C<\/span><\/span><\/td>\n<\/tr>\n<tr style=\"background-color: #f7f7f7;\">\n<th style=\"width: 35%; text-align: left; vertical-align: middle;\"><span style=\"font-size: 12pt;\"><span>Temperatura przechowywania<\/span><\/span><\/th>\n<td><span style=\"font-size: 12pt;\"><span>-20\u00b0C ~ 60\u00b0C<\/span><\/span><\/td>\n<\/tr>\n<tr>\n<th style=\"width: 35%; text-align: left; vertical-align: middle;\"><span style=\"font-size: 12pt;\"><span>Kompatybilne aplikacje<\/span><\/span><\/th>\n<td><span style=\"font-size: 12pt;\"><span>DJI Pilot 2<\/span><\/span><\/td>\n<\/tr>\n<\/tbody>\n<\/table>\n<p>\u00a0<\/p>\n<p>\u00a0<\/p>\n<p><span style=\"font-size: 14pt; color: #808080;\"><strong>Zawarto\u015b\u0107 zestawu<\/strong><\/span><\/p>\n<div class=\"iai_bottom\">\n<hr \/>\n<p><span><span><span><\/span><\/span><\/span><\/div>\n<table class=\"table-specs\">\n<tbody>\n<tr style=\"background-color: #f7f7f7;\">\n<td><span style=\"font-size: 12pt;\">O\u015bwietlenie ostrzegawcze JZ-S2<\/span><\/td>\n<\/tr>\n<\/tbody>\n<\/table>\n<p>\u00a0<\/p>\n<\/div>\n<\/div>\n","protected":false},"excerpt":{"rendered":"<p>O\u015bwietlenie ostrzegawcze JZ-S2 JZ-S2 to matrycowe o\u015bwietlenie ostrzegawcze, zaprojektowane specjalnie dla s\u0142u\u017cb mundurowych. Dzi\u0119ki swojej aerodynamicznej konstrukcji, skutecznie zmniejsza wsp\u00f3\u0142czynnik<\/p>\n","protected":false},"featured_media":19385,"comment_status":"closed","ping_status":"open","template":"","meta":{"_acf_changed":false},"product_brand":[],"product_cat":[5662,1093],"product_tag":[],"class_list":{"0":"post-19384","1":"product","2":"type-product","3":"status-publish","4":"has-post-thumbnail","6":"product_cat-matrice-30","7":"product_cat-urzadzenia-i-akcesoria","8":"pa_box-height-3387","9":"pa_box-length-1716","10":"pa_box-width-2414","11":"pa_gross-weight-2000","12":"pa_kategoria-akcesoria","13":"pa_kompatybilnosc-matrice","14":"pa_net-weight-1678","16":"first","17":"outofstock","18":"taxable","19":"shipping-taxable","20":"product-type-simple"},"acf":[],"yoast_head":"<!-- This site is optimized with the Yoast SEO plugin v27.2 - https:\/\/yoast.com\/product\/yoast-seo-wordpress\/ -->\n<title>O\u015bwietlenie ostrzegawcze JZ-S2 DJI Matrice 30 - IRONSKY.PL Sklep z Dronami<\/title>\n<meta name=\"description\" content=\"O\u015bwietlenie ostrzegawcze JZ-S2 DJI Matrice 30 - \u2705 sklep z dronami i fachowym doradztwem. \u2705 Tutaj kupisz produkty DJI, Yuneec, Parrot, Syma i wiele innych, a tak\u017ce kursy i licencje na operatora drona.\" \/>\n<meta name=\"robots\" content=\"index, follow, max-snippet:-1, max-image-preview:large, max-video-preview:-1\" \/>\n<link rel=\"canonical\" href=\"https:\/\/ironsky.pl\/sklep\/produkt\/oswietlenie-ostrzegawcze-jz-s2-dji-matrice-30\/\" \/>\n<meta property=\"og:locale\" content=\"pl_PL\" \/>\n<meta property=\"og:type\" content=\"article\" \/>\n<meta property=\"og:title\" content=\"O\u015bwietlenie ostrzegawcze JZ-S2 DJI Matrice 30 - IRONSKY.PL Sklep z Dronami\" \/>\n<meta property=\"og:description\" content=\"O\u015bwietlenie ostrzegawcze JZ-S2 DJI Matrice 30 - \u2705 sklep z dronami i fachowym doradztwem. \u2705 Tutaj kupisz produkty DJI, Yuneec, Parrot, Syma i wiele innych, a tak\u017ce kursy i licencje na operatora drona.\" \/>\n<meta property=\"og:url\" content=\"https:\/\/ironsky.pl\/sklep\/produkt\/oswietlenie-ostrzegawcze-jz-s2-dji-matrice-30\/\" \/>\n<meta property=\"og:site_name\" content=\"IRONSKY.PL Sklep z Dronami\" \/>\n<meta property=\"article:modified_time\" content=\"2026-03-05T14:48:11+00:00\" \/>\n<meta property=\"og:image\" content=\"https:\/\/ironsky.pl\/sklep\/wp-content\/uploads\/2024\/09\/25482_1.jpg\" \/>\n\t<meta property=\"og:image:width\" content=\"800\" \/>\n\t<meta property=\"og:image:height\" content=\"800\" \/>\n\t<meta property=\"og:image:type\" content=\"image\/jpeg\" \/>\n<meta name=\"twitter:card\" content=\"summary_large_image\" \/>\n<meta name=\"twitter:label1\" content=\"Szacowany czas czytania\" \/>\n\t<meta name=\"twitter:data1\" content=\"1 minuta\" \/>\n<script type=\"application\/ld+json\" class=\"yoast-schema-graph\">{\"@context\":\"https:\/\/schema.org\",\"@graph\":[{\"@type\":\"WebPage\",\"@id\":\"https:\/\/ironsky.pl\/sklep\/produkt\/oswietlenie-ostrzegawcze-jz-s2-dji-matrice-30\/\",\"url\":\"https:\/\/ironsky.pl\/sklep\/produkt\/oswietlenie-ostrzegawcze-jz-s2-dji-matrice-30\/\",\"name\":\"O\u015bwietlenie ostrzegawcze JZ-S2 DJI Matrice 30 - IRONSKY.PL Sklep z Dronami\",\"isPartOf\":{\"@id\":\"https:\/\/ironsky.pl\/sklep\/#website\"},\"primaryImageOfPage\":{\"@id\":\"https:\/\/ironsky.pl\/sklep\/produkt\/oswietlenie-ostrzegawcze-jz-s2-dji-matrice-30\/#primaryimage\"},\"image\":{\"@id\":\"https:\/\/ironsky.pl\/sklep\/produkt\/oswietlenie-ostrzegawcze-jz-s2-dji-matrice-30\/#primaryimage\"},\"thumbnailUrl\":\"https:\/\/ironsky.pl\/sklep\/wp-content\/uploads\/2024\/09\/25482_1.jpg\",\"datePublished\":\"2024-09-16T10:08:18+00:00\",\"dateModified\":\"2026-03-05T14:48:11+00:00\",\"description\":\"O\u015bwietlenie ostrzegawcze JZ-S2 DJI Matrice 30 - \u2705 sklep z dronami i fachowym doradztwem. \u2705 Tutaj kupisz produkty DJI, Yuneec, Parrot, Syma i wiele innych, a tak\u017ce kursy i licencje na operatora drona.\",\"breadcrumb\":{\"@id\":\"https:\/\/ironsky.pl\/sklep\/produkt\/oswietlenie-ostrzegawcze-jz-s2-dji-matrice-30\/#breadcrumb\"},\"inLanguage\":\"pl-PL\",\"potentialAction\":[{\"@type\":\"ReadAction\",\"target\":[\"https:\/\/ironsky.pl\/sklep\/produkt\/oswietlenie-ostrzegawcze-jz-s2-dji-matrice-30\/\"]}]},{\"@type\":\"ImageObject\",\"inLanguage\":\"pl-PL\",\"@id\":\"https:\/\/ironsky.pl\/sklep\/produkt\/oswietlenie-ostrzegawcze-jz-s2-dji-matrice-30\/#primaryimage\",\"url\":\"https:\/\/ironsky.pl\/sklep\/wp-content\/uploads\/2024\/09\/25482_1.jpg\",\"contentUrl\":\"https:\/\/ironsky.pl\/sklep\/wp-content\/uploads\/2024\/09\/25482_1.jpg\",\"width\":800,\"height\":800},{\"@type\":\"BreadcrumbList\",\"@id\":\"https:\/\/ironsky.pl\/sklep\/produkt\/oswietlenie-ostrzegawcze-jz-s2-dji-matrice-30\/#breadcrumb\",\"itemListElement\":[{\"@type\":\"ListItem\",\"position\":1,\"name\":\"Strona g\u0142\u00f3wna\",\"item\":\"https:\/\/ironsky.pl\/sklep\/\"},{\"@type\":\"ListItem\",\"position\":2,\"name\":\"Wszystkie produkty\",\"item\":\"https:\/\/ironsky.pl\/sklep\/produkty\/\"},{\"@type\":\"ListItem\",\"position\":3,\"name\":\"O\u015bwietlenie ostrzegawcze JZ-S2 DJI Matrice 30\"}]},{\"@type\":\"WebSite\",\"@id\":\"https:\/\/ironsky.pl\/sklep\/#website\",\"url\":\"https:\/\/ironsky.pl\/sklep\/\",\"name\":\"IRONSKY.PL Sklep z Dronami\",\"description\":\"IRONSKY.PL Sklep z Dronami\",\"potentialAction\":[{\"@type\":\"SearchAction\",\"target\":{\"@type\":\"EntryPoint\",\"urlTemplate\":\"https:\/\/ironsky.pl\/sklep\/?s={search_term_string}\"},\"query-input\":{\"@type\":\"PropertyValueSpecification\",\"valueRequired\":true,\"valueName\":\"search_term_string\"}}],\"inLanguage\":\"pl-PL\"}]}<\/script>\n<!-- \/ Yoast SEO plugin. -->","yoast_head_json":{"title":"O\u015bwietlenie ostrzegawcze JZ-S2 DJI Matrice 30 - IRONSKY.PL Sklep z Dronami","description":"O\u015bwietlenie ostrzegawcze JZ-S2 DJI Matrice 30 - \u2705 sklep z dronami i fachowym doradztwem. \u2705 Tutaj kupisz produkty DJI, Yuneec, Parrot, Syma i wiele innych, a tak\u017ce kursy i licencje na operatora drona.","robots":{"index":"index","follow":"follow","max-snippet":"max-snippet:-1","max-image-preview":"max-image-preview:large","max-video-preview":"max-video-preview:-1"},"canonical":"https:\/\/ironsky.pl\/sklep\/produkt\/oswietlenie-ostrzegawcze-jz-s2-dji-matrice-30\/","og_locale":"pl_PL","og_type":"article","og_title":"O\u015bwietlenie ostrzegawcze JZ-S2 DJI Matrice 30 - IRONSKY.PL Sklep z Dronami","og_description":"O\u015bwietlenie ostrzegawcze JZ-S2 DJI Matrice 30 - \u2705 sklep z dronami i fachowym doradztwem. \u2705 Tutaj kupisz produkty DJI, Yuneec, Parrot, Syma i wiele innych, a tak\u017ce kursy i licencje na operatora drona.","og_url":"https:\/\/ironsky.pl\/sklep\/produkt\/oswietlenie-ostrzegawcze-jz-s2-dji-matrice-30\/","og_site_name":"IRONSKY.PL Sklep z Dronami","article_modified_time":"2026-03-05T14:48:11+00:00","og_image":[{"width":800,"height":800,"url":"https:\/\/ironsky.pl\/sklep\/wp-content\/uploads\/2024\/09\/25482_1.jpg","type":"image\/jpeg"}],"twitter_card":"summary_large_image","twitter_misc":{"Szacowany czas czytania":"1 minuta"},"schema":{"@context":"https:\/\/schema.org","@graph":[{"@type":"WebPage","@id":"https:\/\/ironsky.pl\/sklep\/produkt\/oswietlenie-ostrzegawcze-jz-s2-dji-matrice-30\/","url":"https:\/\/ironsky.pl\/sklep\/produkt\/oswietlenie-ostrzegawcze-jz-s2-dji-matrice-30\/","name":"O\u015bwietlenie ostrzegawcze JZ-S2 DJI Matrice 30 - IRONSKY.PL Sklep z Dronami","isPartOf":{"@id":"https:\/\/ironsky.pl\/sklep\/#website"},"primaryImageOfPage":{"@id":"https:\/\/ironsky.pl\/sklep\/produkt\/oswietlenie-ostrzegawcze-jz-s2-dji-matrice-30\/#primaryimage"},"image":{"@id":"https:\/\/ironsky.pl\/sklep\/produkt\/oswietlenie-ostrzegawcze-jz-s2-dji-matrice-30\/#primaryimage"},"thumbnailUrl":"https:\/\/ironsky.pl\/sklep\/wp-content\/uploads\/2024\/09\/25482_1.jpg","datePublished":"2024-09-16T10:08:18+00:00","dateModified":"2026-03-05T14:48:11+00:00","description":"O\u015bwietlenie ostrzegawcze JZ-S2 DJI Matrice 30 - \u2705 sklep z dronami i fachowym doradztwem. \u2705 Tutaj kupisz produkty DJI, Yuneec, Parrot, Syma i wiele innych, a tak\u017ce kursy i licencje na operatora drona.","breadcrumb":{"@id":"https:\/\/ironsky.pl\/sklep\/produkt\/oswietlenie-ostrzegawcze-jz-s2-dji-matrice-30\/#breadcrumb"},"inLanguage":"pl-PL","potentialAction":[{"@type":"ReadAction","target":["https:\/\/ironsky.pl\/sklep\/produkt\/oswietlenie-ostrzegawcze-jz-s2-dji-matrice-30\/"]}]},{"@type":"ImageObject","inLanguage":"pl-PL","@id":"https:\/\/ironsky.pl\/sklep\/produkt\/oswietlenie-ostrzegawcze-jz-s2-dji-matrice-30\/#primaryimage","url":"https:\/\/ironsky.pl\/sklep\/wp-content\/uploads\/2024\/09\/25482_1.jpg","contentUrl":"https:\/\/ironsky.pl\/sklep\/wp-content\/uploads\/2024\/09\/25482_1.jpg","width":800,"height":800},{"@type":"BreadcrumbList","@id":"https:\/\/ironsky.pl\/sklep\/produkt\/oswietlenie-ostrzegawcze-jz-s2-dji-matrice-30\/#breadcrumb","itemListElement":[{"@type":"ListItem","position":1,"name":"Strona g\u0142\u00f3wna","item":"https:\/\/ironsky.pl\/sklep\/"},{"@type":"ListItem","position":2,"name":"Wszystkie produkty","item":"https:\/\/ironsky.pl\/sklep\/produkty\/"},{"@type":"ListItem","position":3,"name":"O\u015bwietlenie ostrzegawcze JZ-S2 DJI Matrice 30"}]},{"@type":"WebSite","@id":"https:\/\/ironsky.pl\/sklep\/#website","url":"https:\/\/ironsky.pl\/sklep\/","name":"IRONSKY.PL Sklep z Dronami","description":"IRONSKY.PL Sklep z Dronami","potentialAction":[{"@type":"SearchAction","target":{"@type":"EntryPoint","urlTemplate":"https:\/\/ironsky.pl\/sklep\/?s={search_term_string}"},"query-input":{"@type":"PropertyValueSpecification","valueRequired":true,"valueName":"search_term_string"}}],"inLanguage":"pl-PL"}]}},"_links":{"self":[{"href":"https:\/\/ironsky.pl\/sklep\/wp-json\/wp\/v2\/product\/19384","targetHints":{"allow":["GET"]}}],"collection":[{"href":"https:\/\/ironsky.pl\/sklep\/wp-json\/wp\/v2\/product"}],"about":[{"href":"https:\/\/ironsky.pl\/sklep\/wp-json\/wp\/v2\/types\/product"}],"replies":[{"embeddable":true,"href":"https:\/\/ironsky.pl\/sklep\/wp-json\/wp\/v2\/comments?post=19384"}],"wp:featuredmedia":[{"embeddable":true,"href":"https:\/\/ironsky.pl\/sklep\/wp-json\/wp\/v2\/media\/19385"}],"wp:attachment":[{"href":"https:\/\/ironsky.pl\/sklep\/wp-json\/wp\/v2\/media?parent=19384"}],"wp:term":[{"taxonomy":"product_brand","embeddable":true,"href":"https:\/\/ironsky.pl\/sklep\/wp-json\/wp\/v2\/product_brand?post=19384"},{"taxonomy":"product_cat","embeddable":true,"href":"https:\/\/ironsky.pl\/sklep\/wp-json\/wp\/v2\/product_cat?post=19384"},{"taxonomy":"product_tag","embeddable":true,"href":"https:\/\/ironsky.pl\/sklep\/wp-json\/wp\/v2\/product_tag?post=19384"}],"curies":[{"name":"wp","href":"https:\/\/api.w.org\/{rel}","templated":true}]}}