{"id":19317,"date":"2024-09-16T12:07:01","date_gmt":"2024-09-16T10:07:01","guid":{"rendered":"http:\/\/gvshalph.pro-linuxpl.com\/ironskyprodukty\/produkt\/zestaw-akcesoriow-dji-mini-3-pro-fly-more-kit\/"},"modified":"2026-03-05T15:48:09","modified_gmt":"2026-03-05T14:48:09","slug":"zestaw-akcesoriow-dji-mini-3-pro-fly-more-kit","status":"publish","type":"product","link":"https:\/\/ironsky.pl\/sklep\/produkt\/zestaw-akcesoriow-dji-mini-3-pro-fly-more-kit\/","title":{"rendered":"Zestaw akcesori\u00f3w DJI Mini 3 Pro Fly More Kit"},"content":{"rendered":"<div id=\"Opisproduktu\" class=\"long-description\">\n<div class=\"long-description__description-wrapper\">\n<div class=\"description-item\">\n<div class=\"description-item__wrapper --reverse\">\n<div class=\"description-item__body\">\n<div class=\"description-item__body-wrapper\">\n<div class=\"description-item__title\">DJI Mini 3 Pro Fly More<\/div>\n<div class=\"description-item__content\">\n<p>Zestaw DJI Mini 3 Pro Fly More zawiera dwie inteligentne akumulatory do lotu, dwukierunkowy hub \u0142adowania, kabel do transmisji danych, torb\u0119 na rami\u0119, zapasowe \u015bmig\u0142a i \u015bruby, zapewniaj\u0105c kompleksowe wsparcie podczas fotografowania z lotu ptaka w lepszej cenie ni\u017c kupowanie osobno.<\/p>\n<\/div>\n<\/div>\n<\/div>\n<div class=\"description-item__img\"><img decoding=\"async\" src=\"https:\/\/assets.innpro.pl\/1434\/1531\/1.jpg\" border=\"0\" alt=\"\" \/><\/div>\n<\/div>\n<\/div>\n<div class=\"description-item\">\n<div class=\"description-item__wrapper\">\n<div class=\"description-item__body\">\n<div class=\"description-item__body-wrapper\">\n<div class=\"description-item__title\">Maksymalna wydajno\u015b\u0107 przy minimalnym d\u017awi\u0119ku<\/div>\n<div class=\"description-item__content\">\n<p>\u015amig\u0142a dedykowane dronom DJI Mini 3 wyr\u00f3\u017cniaj\u0105 si\u0119 niskim poziomem ha\u0142asu oraz przesz\u0142y rygorystyczne testy wywa\u017cenia dynamicznego, co przyczyni\u0142o si\u0119 do poprawy ich osi\u0105g\u00f3w aerodynamicznych. Ich monta\u017c jest niezwykle prosty i mo\u017cna to zrobi\u0107 w kilka sekund.<\/p>\n<\/div>\n<\/div>\n<\/div>\n<div class=\"description-item__img\"><img decoding=\"async\" src=\"https:\/\/assets.innpro.pl\/1434\/1531\/3.jpg\" border=\"0\" alt=\"\" \/><\/div>\n<\/div>\n<\/div>\n<div class=\"description-item\">\n<div class=\"description-item__wrapper --reverse\">\n<div class=\"description-item__body\">\n<div class=\"description-item__body-wrapper\">\n<div class=\"description-item__title\">Wsparcie w ka\u017cdym momencie<\/div>\n<div class=\"description-item__content\">\n<p>Jeden inteligentny akumulator zapewnia 34-minutowy* maksymalny czas lotu, zapewniaj\u0105c wi\u0119cej spokoju podczas lotu.<\/p>\n<p>\u00a0<\/p>\n<p>Dwukierunkowy hub \u0142aduj\u0105cy mo\u017ce \u0142adowa\u0107 pilota i trzy akumulatory po kolei. Mo\u017ce by\u0107 r\u00f3wnie\u017c u\u017cywany jako mobilne \u017ar\u00f3d\u0142o zasilania.<\/p>\n<\/div>\n<\/div>\n<\/div>\n<div class=\"description-item__img\"><img decoding=\"async\" src=\"https:\/\/assets.innpro.pl\/1434\/1531\/2.jpg\" border=\"0\" alt=\"\" \/><\/div>\n<\/div>\n<\/div>\n<div class=\"description-item\">\n<div class=\"description-item__wrapper\">\n<div class=\"description-item__body\">\n<div class=\"description-item__body-wrapper\">\n<div class=\"description-item__title\">Wydajno\u015b\u0107<\/div>\n<div class=\"description-item__content\">\n<p>Dzi\u0119ki \u0142adowarce DJI 30W USB-C (sprzedawanej osobno), trzy inteligentne akumulatory DJI Mini 3 Pro mog\u0105 by\u0107 w pe\u0142ni na\u0142adowane w zaledwie trzy godziny, co znacznie poprawia wydajno\u015b\u0107 \u0142adowania.<\/p>\n<\/div>\n<\/div>\n<\/div>\n<div class=\"description-item__img\"><img decoding=\"async\" src=\"https:\/\/assets.innpro.pl\/1434\/1531\/4.jpg\" border=\"0\" alt=\"\" \/><\/div>\n<\/div>\n<\/div>\n<\/div>\n<\/div>\n","protected":false},"excerpt":{"rendered":"<p>DJI Mini 3 Pro Fly More Zestaw DJI Mini 3 Pro Fly More zawiera dwie inteligentne akumulatory do lotu, dwukierunkowy<\/p>\n","protected":false},"featured_media":19318,"comment_status":"closed","ping_status":"open","template":"","meta":{"_acf_changed":false},"product_brand":[],"product_cat":[5599,1090,1091,6093,1089,1088],"product_tag":[],"class_list":{"0":"post-19317","1":"product","2":"type-product","3":"status-publish","4":"has-post-thumbnail","6":"product_cat-mini-3","7":"product_cat-akcesoria","8":"product_cat-dji","9":"product_cat-baterie-do-dronow","10":"product_cat-czesci-zamienne-do-dronow","11":"product_cat-drony","12":"pa_box-height-3211","13":"pa_box-length-2360","14":"pa_box-width-3210","15":"pa_gross-weight-3212","16":"pa_hs-code-1427","17":"pa_kompatybilnosc-zestaw-dji","18":"pa_model-mini","19":"pa_net-weight-3209","21":"first","22":"outofstock","23":"taxable","24":"shipping-taxable","25":"product-type-simple"},"acf":[],"yoast_head":"<!-- This site is optimized with the Yoast SEO plugin v27.2 - https:\/\/yoast.com\/product\/yoast-seo-wordpress\/ -->\n<title>Zestaw akcesori\u00f3w DJI Mini 3 Pro Fly More Kit - IRONSKY.PL Sklep z Dronami<\/title>\n<meta name=\"description\" content=\"Zestaw akcesori\u00f3w DJI Mini 3 Pro Fly More Kit - \u2705 sklep z dronami i fachowym doradztwem. \u2705 Tutaj kupisz produkty DJI, Yuneec, Parrot, Syma i wiele innych, a tak\u017ce kursy i licencje na operatora drona.\" \/>\n<meta name=\"robots\" content=\"index, follow, max-snippet:-1, max-image-preview:large, max-video-preview:-1\" \/>\n<link rel=\"canonical\" href=\"https:\/\/ironsky.pl\/sklep\/produkt\/zestaw-akcesoriow-dji-mini-3-pro-fly-more-kit\/\" \/>\n<meta property=\"og:locale\" content=\"pl_PL\" \/>\n<meta property=\"og:type\" content=\"article\" \/>\n<meta property=\"og:title\" content=\"Zestaw akcesori\u00f3w DJI Mini 3 Pro Fly More Kit - IRONSKY.PL Sklep z Dronami\" \/>\n<meta property=\"og:description\" content=\"Zestaw akcesori\u00f3w DJI Mini 3 Pro Fly More Kit - \u2705 sklep z dronami i fachowym doradztwem. \u2705 Tutaj kupisz produkty DJI, Yuneec, Parrot, Syma i wiele innych, a tak\u017ce kursy i licencje na operatora drona.\" \/>\n<meta property=\"og:url\" content=\"https:\/\/ironsky.pl\/sklep\/produkt\/zestaw-akcesoriow-dji-mini-3-pro-fly-more-kit\/\" \/>\n<meta property=\"og:site_name\" content=\"IRONSKY.PL Sklep z Dronami\" \/>\n<meta property=\"article:modified_time\" content=\"2026-03-05T14:48:09+00:00\" \/>\n<meta property=\"og:image\" content=\"https:\/\/ironsky.pl\/sklep\/wp-content\/uploads\/2024\/09\/24495_1.jpg\" \/>\n\t<meta property=\"og:image:width\" content=\"800\" \/>\n\t<meta property=\"og:image:height\" content=\"800\" \/>\n\t<meta property=\"og:image:type\" content=\"image\/jpeg\" \/>\n<meta name=\"twitter:card\" content=\"summary_large_image\" \/>\n<meta name=\"twitter:label1\" content=\"Szacowany czas czytania\" \/>\n\t<meta name=\"twitter:data1\" content=\"1 minuta\" \/>\n<script type=\"application\/ld+json\" class=\"yoast-schema-graph\">{\"@context\":\"https:\/\/schema.org\",\"@graph\":[{\"@type\":\"WebPage\",\"@id\":\"https:\/\/ironsky.pl\/sklep\/produkt\/zestaw-akcesoriow-dji-mini-3-pro-fly-more-kit\/\",\"url\":\"https:\/\/ironsky.pl\/sklep\/produkt\/zestaw-akcesoriow-dji-mini-3-pro-fly-more-kit\/\",\"name\":\"Zestaw akcesori\u00f3w DJI Mini 3 Pro Fly More Kit - IRONSKY.PL Sklep z Dronami\",\"isPartOf\":{\"@id\":\"https:\/\/ironsky.pl\/sklep\/#website\"},\"primaryImageOfPage\":{\"@id\":\"https:\/\/ironsky.pl\/sklep\/produkt\/zestaw-akcesoriow-dji-mini-3-pro-fly-more-kit\/#primaryimage\"},\"image\":{\"@id\":\"https:\/\/ironsky.pl\/sklep\/produkt\/zestaw-akcesoriow-dji-mini-3-pro-fly-more-kit\/#primaryimage\"},\"thumbnailUrl\":\"https:\/\/ironsky.pl\/sklep\/wp-content\/uploads\/2024\/09\/24495_1.jpg\",\"datePublished\":\"2024-09-16T10:07:01+00:00\",\"dateModified\":\"2026-03-05T14:48:09+00:00\",\"description\":\"Zestaw akcesori\u00f3w DJI Mini 3 Pro Fly More Kit - \u2705 sklep z dronami i fachowym doradztwem. \u2705 Tutaj kupisz produkty DJI, Yuneec, Parrot, Syma i wiele innych, a tak\u017ce kursy i licencje na operatora drona.\",\"breadcrumb\":{\"@id\":\"https:\/\/ironsky.pl\/sklep\/produkt\/zestaw-akcesoriow-dji-mini-3-pro-fly-more-kit\/#breadcrumb\"},\"inLanguage\":\"pl-PL\",\"potentialAction\":[{\"@type\":\"ReadAction\",\"target\":[\"https:\/\/ironsky.pl\/sklep\/produkt\/zestaw-akcesoriow-dji-mini-3-pro-fly-more-kit\/\"]}]},{\"@type\":\"ImageObject\",\"inLanguage\":\"pl-PL\",\"@id\":\"https:\/\/ironsky.pl\/sklep\/produkt\/zestaw-akcesoriow-dji-mini-3-pro-fly-more-kit\/#primaryimage\",\"url\":\"https:\/\/ironsky.pl\/sklep\/wp-content\/uploads\/2024\/09\/24495_1.jpg\",\"contentUrl\":\"https:\/\/ironsky.pl\/sklep\/wp-content\/uploads\/2024\/09\/24495_1.jpg\",\"width\":800,\"height\":800},{\"@type\":\"BreadcrumbList\",\"@id\":\"https:\/\/ironsky.pl\/sklep\/produkt\/zestaw-akcesoriow-dji-mini-3-pro-fly-more-kit\/#breadcrumb\",\"itemListElement\":[{\"@type\":\"ListItem\",\"position\":1,\"name\":\"Strona g\u0142\u00f3wna\",\"item\":\"https:\/\/ironsky.pl\/sklep\/\"},{\"@type\":\"ListItem\",\"position\":2,\"name\":\"Wszystkie produkty\",\"item\":\"https:\/\/ironsky.pl\/sklep\/produkty\/\"},{\"@type\":\"ListItem\",\"position\":3,\"name\":\"Zestaw akcesori\u00f3w DJI Mini 3 Pro Fly More Kit\"}]},{\"@type\":\"WebSite\",\"@id\":\"https:\/\/ironsky.pl\/sklep\/#website\",\"url\":\"https:\/\/ironsky.pl\/sklep\/\",\"name\":\"IRONSKY.PL Sklep z Dronami\",\"description\":\"IRONSKY.PL Sklep z Dronami\",\"potentialAction\":[{\"@type\":\"SearchAction\",\"target\":{\"@type\":\"EntryPoint\",\"urlTemplate\":\"https:\/\/ironsky.pl\/sklep\/?s={search_term_string}\"},\"query-input\":{\"@type\":\"PropertyValueSpecification\",\"valueRequired\":true,\"valueName\":\"search_term_string\"}}],\"inLanguage\":\"pl-PL\"}]}<\/script>\n<!-- \/ Yoast SEO plugin. -->","yoast_head_json":{"title":"Zestaw akcesori\u00f3w DJI Mini 3 Pro Fly More Kit - IRONSKY.PL Sklep z Dronami","description":"Zestaw akcesori\u00f3w DJI Mini 3 Pro Fly More Kit - \u2705 sklep z dronami i fachowym doradztwem. \u2705 Tutaj kupisz produkty DJI, Yuneec, Parrot, Syma i wiele innych, a tak\u017ce kursy i licencje na operatora drona.","robots":{"index":"index","follow":"follow","max-snippet":"max-snippet:-1","max-image-preview":"max-image-preview:large","max-video-preview":"max-video-preview:-1"},"canonical":"https:\/\/ironsky.pl\/sklep\/produkt\/zestaw-akcesoriow-dji-mini-3-pro-fly-more-kit\/","og_locale":"pl_PL","og_type":"article","og_title":"Zestaw akcesori\u00f3w DJI Mini 3 Pro Fly More Kit - IRONSKY.PL Sklep z Dronami","og_description":"Zestaw akcesori\u00f3w DJI Mini 3 Pro Fly More Kit - \u2705 sklep z dronami i fachowym doradztwem. \u2705 Tutaj kupisz produkty DJI, Yuneec, Parrot, Syma i wiele innych, a tak\u017ce kursy i licencje na operatora drona.","og_url":"https:\/\/ironsky.pl\/sklep\/produkt\/zestaw-akcesoriow-dji-mini-3-pro-fly-more-kit\/","og_site_name":"IRONSKY.PL Sklep z Dronami","article_modified_time":"2026-03-05T14:48:09+00:00","og_image":[{"width":800,"height":800,"url":"https:\/\/ironsky.pl\/sklep\/wp-content\/uploads\/2024\/09\/24495_1.jpg","type":"image\/jpeg"}],"twitter_card":"summary_large_image","twitter_misc":{"Szacowany czas czytania":"1 minuta"},"schema":{"@context":"https:\/\/schema.org","@graph":[{"@type":"WebPage","@id":"https:\/\/ironsky.pl\/sklep\/produkt\/zestaw-akcesoriow-dji-mini-3-pro-fly-more-kit\/","url":"https:\/\/ironsky.pl\/sklep\/produkt\/zestaw-akcesoriow-dji-mini-3-pro-fly-more-kit\/","name":"Zestaw akcesori\u00f3w DJI Mini 3 Pro Fly More Kit - IRONSKY.PL Sklep z Dronami","isPartOf":{"@id":"https:\/\/ironsky.pl\/sklep\/#website"},"primaryImageOfPage":{"@id":"https:\/\/ironsky.pl\/sklep\/produkt\/zestaw-akcesoriow-dji-mini-3-pro-fly-more-kit\/#primaryimage"},"image":{"@id":"https:\/\/ironsky.pl\/sklep\/produkt\/zestaw-akcesoriow-dji-mini-3-pro-fly-more-kit\/#primaryimage"},"thumbnailUrl":"https:\/\/ironsky.pl\/sklep\/wp-content\/uploads\/2024\/09\/24495_1.jpg","datePublished":"2024-09-16T10:07:01+00:00","dateModified":"2026-03-05T14:48:09+00:00","description":"Zestaw akcesori\u00f3w DJI Mini 3 Pro Fly More Kit - \u2705 sklep z dronami i fachowym doradztwem. \u2705 Tutaj kupisz produkty DJI, Yuneec, Parrot, Syma i wiele innych, a tak\u017ce kursy i licencje na operatora drona.","breadcrumb":{"@id":"https:\/\/ironsky.pl\/sklep\/produkt\/zestaw-akcesoriow-dji-mini-3-pro-fly-more-kit\/#breadcrumb"},"inLanguage":"pl-PL","potentialAction":[{"@type":"ReadAction","target":["https:\/\/ironsky.pl\/sklep\/produkt\/zestaw-akcesoriow-dji-mini-3-pro-fly-more-kit\/"]}]},{"@type":"ImageObject","inLanguage":"pl-PL","@id":"https:\/\/ironsky.pl\/sklep\/produkt\/zestaw-akcesoriow-dji-mini-3-pro-fly-more-kit\/#primaryimage","url":"https:\/\/ironsky.pl\/sklep\/wp-content\/uploads\/2024\/09\/24495_1.jpg","contentUrl":"https:\/\/ironsky.pl\/sklep\/wp-content\/uploads\/2024\/09\/24495_1.jpg","width":800,"height":800},{"@type":"BreadcrumbList","@id":"https:\/\/ironsky.pl\/sklep\/produkt\/zestaw-akcesoriow-dji-mini-3-pro-fly-more-kit\/#breadcrumb","itemListElement":[{"@type":"ListItem","position":1,"name":"Strona g\u0142\u00f3wna","item":"https:\/\/ironsky.pl\/sklep\/"},{"@type":"ListItem","position":2,"name":"Wszystkie produkty","item":"https:\/\/ironsky.pl\/sklep\/produkty\/"},{"@type":"ListItem","position":3,"name":"Zestaw akcesori\u00f3w DJI Mini 3 Pro Fly More Kit"}]},{"@type":"WebSite","@id":"https:\/\/ironsky.pl\/sklep\/#website","url":"https:\/\/ironsky.pl\/sklep\/","name":"IRONSKY.PL Sklep z Dronami","description":"IRONSKY.PL Sklep z Dronami","potentialAction":[{"@type":"SearchAction","target":{"@type":"EntryPoint","urlTemplate":"https:\/\/ironsky.pl\/sklep\/?s={search_term_string}"},"query-input":{"@type":"PropertyValueSpecification","valueRequired":true,"valueName":"search_term_string"}}],"inLanguage":"pl-PL"}]}},"_links":{"self":[{"href":"https:\/\/ironsky.pl\/sklep\/wp-json\/wp\/v2\/product\/19317","targetHints":{"allow":["GET"]}}],"collection":[{"href":"https:\/\/ironsky.pl\/sklep\/wp-json\/wp\/v2\/product"}],"about":[{"href":"https:\/\/ironsky.pl\/sklep\/wp-json\/wp\/v2\/types\/product"}],"replies":[{"embeddable":true,"href":"https:\/\/ironsky.pl\/sklep\/wp-json\/wp\/v2\/comments?post=19317"}],"wp:featuredmedia":[{"embeddable":true,"href":"https:\/\/ironsky.pl\/sklep\/wp-json\/wp\/v2\/media\/19318"}],"wp:attachment":[{"href":"https:\/\/ironsky.pl\/sklep\/wp-json\/wp\/v2\/media?parent=19317"}],"wp:term":[{"taxonomy":"product_brand","embeddable":true,"href":"https:\/\/ironsky.pl\/sklep\/wp-json\/wp\/v2\/product_brand?post=19317"},{"taxonomy":"product_cat","embeddable":true,"href":"https:\/\/ironsky.pl\/sklep\/wp-json\/wp\/v2\/product_cat?post=19317"},{"taxonomy":"product_tag","embeddable":true,"href":"https:\/\/ironsky.pl\/sklep\/wp-json\/wp\/v2\/product_tag?post=19317"}],"curies":[{"name":"wp","href":"https:\/\/api.w.org\/{rel}","templated":true}]}}