{"id":19156,"date":"2024-09-16T12:03:29","date_gmt":"2024-09-16T10:03:29","guid":{"rendered":"http:\/\/gvshalph.pro-linuxpl.com\/ironskyprodukty\/produkt\/system-zrzutu-pts4-dji-skyport\/"},"modified":"2026-03-05T15:48:02","modified_gmt":"2026-03-05T14:48:02","slug":"system-zrzutu-pts4-dji-skyport","status":"publish","type":"product","link":"https:\/\/ironsky.pl\/sklep\/produkt\/system-zrzutu-pts4-dji-skyport\/","title":{"rendered":"System zrzutu PTS4 DJI SkyPort"},"content":{"rendered":"<h3>System zrzutu PTS4 SkyPort<\/h3>\n<p>PTS4 Drop Kit to wielofunkcyjne urz\u0105dzenie do zrzutu zaprojektowane w oparciu o technologi\u0119 DJI Payload SDK. System o masie zaledwie 135 gram\u00f3w z wbudowan\u0105 kamer\u0105 1080P HD FPV jest w stanie ud\u017awign\u0105\u0107 i zrzuci\u0107 cztery indywidualne \u0142adunki o \u0142\u0105cznej masie 2.7 kg. Aktualny status ka\u017cdego z czterech \u0142adunk\u00f3w jest wy\u015bwietlany na ekranie za pomoc\u0105 aplikacji DJI Pilot App. System zrzutu PTS4 stanowi idealne rozwi\u0105zanie dla s\u0142u\u017cb ratowniczych podczas wszelkiego rodzaju misji poszukiwawczych i ratunkowych, pozwalaj\u0105c dostarczy\u0107 przedmioty takie jak \u015brodki wyporno\u015bciowe, liny bezpiecze\u0144stwa, ma\u0142e skrzynie z racjami \u017cywno\u015bciowymi lub radia do komunikacji.<\/p>\n<p><img decoding=\"async\" src=\"https:\/\/b2b.innpro.pl\/data\/include\/cms\/enterprise\/System-zrzutu-PTS4\/dji-enterprise-m300rtk-pts4.jpg\" border=\"0\" alt=\"enterprise\/System-zrzutu-PTS4\/dji-enterprise-m300rtk-pts4\" \/><\/p>\n<h3>Zwalniaj \u0142adunki kiedy chcesz i jak chcesz<\/h3>\n<p>Dzi\u0119ki aplikacji DJI Pilot mo\u017cesz zwalnia\u0107 \u0142adunki w dowolnej kolejno\u015bci lub zrzuci\u0107 wszystkie 4 za jednym razem przy u\u017cyciu tylko jednego przycisku. Aktualny stan podwieszonych \u0142adunk\u00f3w zobaczysz na ekranie w aplikacji DJI Pilot.<\/p>\n<p><img decoding=\"async\" src=\"https:\/\/b2b.innpro.pl\/data\/include\/cms\/enterprise\/System-zrzutu-PTS4\/dji-enterprise-pts4-kamera-full-hd.png\" border=\"0\" alt=\"enterprise\/System-zrzutu-PTS4\/dji-enterprise-pts4-kamera-full-hd\" \/><\/p>\n<h3>Wbudowana kamera 1080p FullHD\u200b<\/h3>\n<p>Zintegrowana kamera FPV o wysokiej rozdzielczo\u015bci 1080P, pozwala na transmisj\u0119 obrazu w czasie rzeczywistym u\u0142atwia precyzyjne zwolnienie \u0142adunku nad wyznaczonym celem.<\/p>\n<p><img decoding=\"async\" src=\"https:\/\/b2b.innpro.pl\/data\/include\/cms\/enterprise\/System-zrzutu-PTS4\/dji-enterprise-pts4.png\" border=\"0\" alt=\"enterprise\/System-zrzutu-PTS4\/dji-enterprise-pts4\" \/><\/p>\n<h3>Zastosowanie w po\u017carnictwie\u200b<\/h3>\n<p>Podczas po\u017caru, drony s\u0105 bardziej wszechstronne ni\u017c stra\u017cacy i ich wozy. System zrzutu PTS4 mo\u017ce by\u0107 u\u017cyty do zamontowania do 4 bomb ga\u015bniczych jednocze\u015bnie i dotrze\u0107 do miejsca po\u017caru w najkr\u00f3tszym mo\u017cliwym czasie. Zrzut z podzia\u0142em na segmenty, pozwala na bardziej precyzyjne i efektywne gaszenie po\u017caru.\u200b<\/p>\n<p><img decoding=\"async\" src=\"https:\/\/enterprise.dji-ars.pl\/wp-content\/uploads\/2020\/12\/17e99ec66150a0f16c3e00ac30c7605a.jpg\" border=\"0\" alt=\"enterprise\/System-zrzutu-PTS4\/1 \" \/><\/p>\n<h3>Poszukiwania i ratownictwo\u200b<\/h3>\n<p>W akcji ratunkowej liczy si\u0119 ka\u017cda minuta. Dlatego w\u0142a\u015bnie dron Matrice 300 RTK wyposa\u017cony w system zrzutu PTS4 jest w stanie szybko przetransportowa\u0107 i zrzuci\u0107 niezb\u0119dny ekwipunek w trudnodost\u0119pne miejsca, w rekordowo kr\u00f3tkim czasie.\u200b<\/p>\n<p><img decoding=\"async\" src=\"https:\/\/enterprise.dji-ars.pl\/wp-content\/uploads\/2020\/12\/e4a510e2f857fa7f4f1f3150e3162abe.jpg\" border=\"0\" alt=\"enterprise\/System-zrzutu-PTS4\/2\" \/><\/p>\n<h3>Zawarto\u015b\u0107 zestawu<\/h3>\n<ul>\n<li>1x system zrzutu PTS4 SkyPort<\/li>\n<li>4x karabi\u0144czyk<\/li>\n<li>4x linka zabezpieczaj\u0105ca<\/li>\n<\/ul>\n<div class=\"table-wrapper\">\n<table>\n<tbody>\n<tr>\n<th>Kompatybilne drony<\/th>\n<td>DJI Matrice 350 RTK, <br \/>DJI Matrice 300 RTK<br \/>DJI Matrice 200 V2<\/td>\n<\/tr>\n<tr>\n<th>Interfejs<\/th>\n<td>DJI SkyPort V2<\/td>\n<\/tr>\n<tr>\n<th>Wymiary<\/th>\n<td>57.4 x 57.4 x 54 mm<\/td>\n<\/tr>\n<tr>\n<th>Masa<\/th>\n<td>135 g<\/td>\n<\/tr>\n<tr>\n<th>Moc<\/th>\n<td>10 W<\/td>\n<\/tr>\n<tr>\n<th>Ilo\u015b\u0107 zaczep\u00f3w zrzutowych<\/th>\n<td>4<\/td>\n<\/tr>\n<tr>\n<th>Ud\u017awig<\/th>\n<td>2.7 kg na zaczep (max. 20 kg zale\u017cy od obci\u0105\u017cenia Matrice 300 RTK)<\/td>\n<\/tr>\n<tr>\n<th>Spos\u00f3b zwalniania \u0142adunku<\/th>\n<td>Zrzut pojedynczego \u0142adunku \/ zrzut wszystkich 4 \u0142adunk\u00f3w jednocze\u015bnie<\/td>\n<\/tr>\n<tr>\n<th>Rozdzielczo\u015b\u0107 kamery FPV<\/th>\n<td>1920 x 1080<\/td>\n<\/tr>\n<tr>\n<th>Zasi\u0119g transmisji wideo<\/th>\n<td>Taki sam jak w specyfikacji drona<\/td>\n<\/tr>\n<tr>\n<th>Temperatura pracy<\/th>\n<td>Od -20 do 50\u00b0C<\/td>\n<\/tr>\n<tr>\n<th>Temperatura przechowywania<\/th>\n<td>Od -20 do 50\u00b0C<\/td>\n<\/tr>\n<\/tbody>\n<\/table>\n<\/div>\n","protected":false},"excerpt":{"rendered":"<p>System zrzutu PTS4 SkyPort PTS4 Drop Kit to wielofunkcyjne urz\u0105dzenie do zrzutu zaprojektowane w oparciu o technologi\u0119 DJI Payload SDK.<\/p>\n","protected":false},"featured_media":19157,"comment_status":"closed","ping_status":"open","template":"","meta":{"_acf_changed":false},"product_brand":[],"product_cat":[1093],"product_tag":[],"class_list":{"0":"post-19156","1":"product","2":"type-product","3":"status-publish","4":"has-post-thumbnail","6":"product_cat-urzadzenia-i-akcesoria","7":"pa_box-height-2441","8":"pa_box-length-2837","9":"pa_box-width-2836","10":"pa_gross-weight-1581","11":"pa_hs-code-1700","12":"pa_net-weight-2467","14":"first","15":"instock","16":"taxable","17":"shipping-taxable","18":"purchasable","19":"product-type-simple"},"acf":[],"yoast_head":"<!-- This site is optimized with the Yoast SEO plugin v27.2 - https:\/\/yoast.com\/product\/yoast-seo-wordpress\/ -->\n<title>System zrzutu PTS4 DJI SkyPort - IRONSKY.PL Sklep z Dronami<\/title>\n<meta name=\"description\" content=\"System zrzutu PTS4 DJI SkyPort - \u2705 sklep z dronami i fachowym doradztwem. \u2705 Tutaj kupisz produkty DJI, Yuneec, Parrot, Syma i wiele innych, a tak\u017ce kursy i licencje na operatora drona.\" \/>\n<meta name=\"robots\" content=\"index, follow, max-snippet:-1, max-image-preview:large, max-video-preview:-1\" \/>\n<link rel=\"canonical\" href=\"https:\/\/ironsky.pl\/sklep\/produkt\/system-zrzutu-pts4-dji-skyport\/\" \/>\n<meta property=\"og:locale\" content=\"pl_PL\" \/>\n<meta property=\"og:type\" content=\"article\" \/>\n<meta property=\"og:title\" content=\"System zrzutu PTS4 DJI SkyPort - IRONSKY.PL Sklep z Dronami\" \/>\n<meta property=\"og:description\" content=\"System zrzutu PTS4 DJI SkyPort - \u2705 sklep z dronami i fachowym doradztwem. \u2705 Tutaj kupisz produkty DJI, Yuneec, Parrot, Syma i wiele innych, a tak\u017ce kursy i licencje na operatora drona.\" \/>\n<meta property=\"og:url\" content=\"https:\/\/ironsky.pl\/sklep\/produkt\/system-zrzutu-pts4-dji-skyport\/\" \/>\n<meta property=\"og:site_name\" content=\"IRONSKY.PL Sklep z Dronami\" \/>\n<meta property=\"article:modified_time\" content=\"2026-03-05T14:48:02+00:00\" \/>\n<meta property=\"og:image\" content=\"https:\/\/ironsky.pl\/sklep\/wp-content\/uploads\/2024\/09\/21902_3.png\" \/>\n\t<meta property=\"og:image:width\" content=\"600\" \/>\n\t<meta property=\"og:image:height\" content=\"600\" \/>\n\t<meta property=\"og:image:type\" content=\"image\/png\" \/>\n<meta name=\"twitter:card\" content=\"summary_large_image\" \/>\n<meta name=\"twitter:label1\" content=\"Szacowany czas czytania\" \/>\n\t<meta name=\"twitter:data1\" content=\"2 minuty\" \/>\n<script type=\"application\/ld+json\" class=\"yoast-schema-graph\">{\"@context\":\"https:\/\/schema.org\",\"@graph\":[{\"@type\":\"WebPage\",\"@id\":\"https:\/\/ironsky.pl\/sklep\/produkt\/system-zrzutu-pts4-dji-skyport\/\",\"url\":\"https:\/\/ironsky.pl\/sklep\/produkt\/system-zrzutu-pts4-dji-skyport\/\",\"name\":\"System zrzutu PTS4 DJI SkyPort - IRONSKY.PL Sklep z Dronami\",\"isPartOf\":{\"@id\":\"https:\/\/ironsky.pl\/sklep\/#website\"},\"primaryImageOfPage\":{\"@id\":\"https:\/\/ironsky.pl\/sklep\/produkt\/system-zrzutu-pts4-dji-skyport\/#primaryimage\"},\"image\":{\"@id\":\"https:\/\/ironsky.pl\/sklep\/produkt\/system-zrzutu-pts4-dji-skyport\/#primaryimage\"},\"thumbnailUrl\":\"https:\/\/ironsky.pl\/sklep\/wp-content\/uploads\/2024\/09\/21902_3.png\",\"datePublished\":\"2024-09-16T10:03:29+00:00\",\"dateModified\":\"2026-03-05T14:48:02+00:00\",\"description\":\"System zrzutu PTS4 DJI SkyPort - \u2705 sklep z dronami i fachowym doradztwem. \u2705 Tutaj kupisz produkty DJI, Yuneec, Parrot, Syma i wiele innych, a tak\u017ce kursy i licencje na operatora drona.\",\"breadcrumb\":{\"@id\":\"https:\/\/ironsky.pl\/sklep\/produkt\/system-zrzutu-pts4-dji-skyport\/#breadcrumb\"},\"inLanguage\":\"pl-PL\",\"potentialAction\":[{\"@type\":\"ReadAction\",\"target\":[\"https:\/\/ironsky.pl\/sklep\/produkt\/system-zrzutu-pts4-dji-skyport\/\"]}]},{\"@type\":\"ImageObject\",\"inLanguage\":\"pl-PL\",\"@id\":\"https:\/\/ironsky.pl\/sklep\/produkt\/system-zrzutu-pts4-dji-skyport\/#primaryimage\",\"url\":\"https:\/\/ironsky.pl\/sklep\/wp-content\/uploads\/2024\/09\/21902_3.png\",\"contentUrl\":\"https:\/\/ironsky.pl\/sklep\/wp-content\/uploads\/2024\/09\/21902_3.png\",\"width\":600,\"height\":600},{\"@type\":\"BreadcrumbList\",\"@id\":\"https:\/\/ironsky.pl\/sklep\/produkt\/system-zrzutu-pts4-dji-skyport\/#breadcrumb\",\"itemListElement\":[{\"@type\":\"ListItem\",\"position\":1,\"name\":\"Strona g\u0142\u00f3wna\",\"item\":\"https:\/\/ironsky.pl\/sklep\/\"},{\"@type\":\"ListItem\",\"position\":2,\"name\":\"Wszystkie produkty\",\"item\":\"https:\/\/ironsky.pl\/sklep\/produkty\/\"},{\"@type\":\"ListItem\",\"position\":3,\"name\":\"System zrzutu PTS4 DJI SkyPort\"}]},{\"@type\":\"WebSite\",\"@id\":\"https:\/\/ironsky.pl\/sklep\/#website\",\"url\":\"https:\/\/ironsky.pl\/sklep\/\",\"name\":\"IRONSKY.PL Sklep z Dronami\",\"description\":\"IRONSKY.PL Sklep z Dronami\",\"potentialAction\":[{\"@type\":\"SearchAction\",\"target\":{\"@type\":\"EntryPoint\",\"urlTemplate\":\"https:\/\/ironsky.pl\/sklep\/?s={search_term_string}\"},\"query-input\":{\"@type\":\"PropertyValueSpecification\",\"valueRequired\":true,\"valueName\":\"search_term_string\"}}],\"inLanguage\":\"pl-PL\"}]}<\/script>\n<!-- \/ Yoast SEO plugin. -->","yoast_head_json":{"title":"System zrzutu PTS4 DJI SkyPort - IRONSKY.PL Sklep z Dronami","description":"System zrzutu PTS4 DJI SkyPort - \u2705 sklep z dronami i fachowym doradztwem. \u2705 Tutaj kupisz produkty DJI, Yuneec, Parrot, Syma i wiele innych, a tak\u017ce kursy i licencje na operatora drona.","robots":{"index":"index","follow":"follow","max-snippet":"max-snippet:-1","max-image-preview":"max-image-preview:large","max-video-preview":"max-video-preview:-1"},"canonical":"https:\/\/ironsky.pl\/sklep\/produkt\/system-zrzutu-pts4-dji-skyport\/","og_locale":"pl_PL","og_type":"article","og_title":"System zrzutu PTS4 DJI SkyPort - IRONSKY.PL Sklep z Dronami","og_description":"System zrzutu PTS4 DJI SkyPort - \u2705 sklep z dronami i fachowym doradztwem. \u2705 Tutaj kupisz produkty DJI, Yuneec, Parrot, Syma i wiele innych, a tak\u017ce kursy i licencje na operatora drona.","og_url":"https:\/\/ironsky.pl\/sklep\/produkt\/system-zrzutu-pts4-dji-skyport\/","og_site_name":"IRONSKY.PL Sklep z Dronami","article_modified_time":"2026-03-05T14:48:02+00:00","og_image":[{"width":600,"height":600,"url":"https:\/\/ironsky.pl\/sklep\/wp-content\/uploads\/2024\/09\/21902_3.png","type":"image\/png"}],"twitter_card":"summary_large_image","twitter_misc":{"Szacowany czas czytania":"2 minuty"},"schema":{"@context":"https:\/\/schema.org","@graph":[{"@type":"WebPage","@id":"https:\/\/ironsky.pl\/sklep\/produkt\/system-zrzutu-pts4-dji-skyport\/","url":"https:\/\/ironsky.pl\/sklep\/produkt\/system-zrzutu-pts4-dji-skyport\/","name":"System zrzutu PTS4 DJI SkyPort - IRONSKY.PL Sklep z Dronami","isPartOf":{"@id":"https:\/\/ironsky.pl\/sklep\/#website"},"primaryImageOfPage":{"@id":"https:\/\/ironsky.pl\/sklep\/produkt\/system-zrzutu-pts4-dji-skyport\/#primaryimage"},"image":{"@id":"https:\/\/ironsky.pl\/sklep\/produkt\/system-zrzutu-pts4-dji-skyport\/#primaryimage"},"thumbnailUrl":"https:\/\/ironsky.pl\/sklep\/wp-content\/uploads\/2024\/09\/21902_3.png","datePublished":"2024-09-16T10:03:29+00:00","dateModified":"2026-03-05T14:48:02+00:00","description":"System zrzutu PTS4 DJI SkyPort - \u2705 sklep z dronami i fachowym doradztwem. \u2705 Tutaj kupisz produkty DJI, Yuneec, Parrot, Syma i wiele innych, a tak\u017ce kursy i licencje na operatora drona.","breadcrumb":{"@id":"https:\/\/ironsky.pl\/sklep\/produkt\/system-zrzutu-pts4-dji-skyport\/#breadcrumb"},"inLanguage":"pl-PL","potentialAction":[{"@type":"ReadAction","target":["https:\/\/ironsky.pl\/sklep\/produkt\/system-zrzutu-pts4-dji-skyport\/"]}]},{"@type":"ImageObject","inLanguage":"pl-PL","@id":"https:\/\/ironsky.pl\/sklep\/produkt\/system-zrzutu-pts4-dji-skyport\/#primaryimage","url":"https:\/\/ironsky.pl\/sklep\/wp-content\/uploads\/2024\/09\/21902_3.png","contentUrl":"https:\/\/ironsky.pl\/sklep\/wp-content\/uploads\/2024\/09\/21902_3.png","width":600,"height":600},{"@type":"BreadcrumbList","@id":"https:\/\/ironsky.pl\/sklep\/produkt\/system-zrzutu-pts4-dji-skyport\/#breadcrumb","itemListElement":[{"@type":"ListItem","position":1,"name":"Strona g\u0142\u00f3wna","item":"https:\/\/ironsky.pl\/sklep\/"},{"@type":"ListItem","position":2,"name":"Wszystkie produkty","item":"https:\/\/ironsky.pl\/sklep\/produkty\/"},{"@type":"ListItem","position":3,"name":"System zrzutu PTS4 DJI SkyPort"}]},{"@type":"WebSite","@id":"https:\/\/ironsky.pl\/sklep\/#website","url":"https:\/\/ironsky.pl\/sklep\/","name":"IRONSKY.PL Sklep z Dronami","description":"IRONSKY.PL Sklep z Dronami","potentialAction":[{"@type":"SearchAction","target":{"@type":"EntryPoint","urlTemplate":"https:\/\/ironsky.pl\/sklep\/?s={search_term_string}"},"query-input":{"@type":"PropertyValueSpecification","valueRequired":true,"valueName":"search_term_string"}}],"inLanguage":"pl-PL"}]}},"_links":{"self":[{"href":"https:\/\/ironsky.pl\/sklep\/wp-json\/wp\/v2\/product\/19156","targetHints":{"allow":["GET"]}}],"collection":[{"href":"https:\/\/ironsky.pl\/sklep\/wp-json\/wp\/v2\/product"}],"about":[{"href":"https:\/\/ironsky.pl\/sklep\/wp-json\/wp\/v2\/types\/product"}],"replies":[{"embeddable":true,"href":"https:\/\/ironsky.pl\/sklep\/wp-json\/wp\/v2\/comments?post=19156"}],"wp:featuredmedia":[{"embeddable":true,"href":"https:\/\/ironsky.pl\/sklep\/wp-json\/wp\/v2\/media\/19157"}],"wp:attachment":[{"href":"https:\/\/ironsky.pl\/sklep\/wp-json\/wp\/v2\/media?parent=19156"}],"wp:term":[{"taxonomy":"product_brand","embeddable":true,"href":"https:\/\/ironsky.pl\/sklep\/wp-json\/wp\/v2\/product_brand?post=19156"},{"taxonomy":"product_cat","embeddable":true,"href":"https:\/\/ironsky.pl\/sklep\/wp-json\/wp\/v2\/product_cat?post=19156"},{"taxonomy":"product_tag","embeddable":true,"href":"https:\/\/ironsky.pl\/sklep\/wp-json\/wp\/v2\/product_tag?post=19156"}],"curies":[{"name":"wp","href":"https:\/\/api.w.org\/{rel}","templated":true}]}}