{"id":19130,"date":"2024-09-16T12:03:29","date_gmt":"2024-09-16T10:03:29","guid":{"rendered":"http:\/\/gvshalph.pro-linuxpl.com\/ironskyprodukty\/produkt\/zestaw-4-filtrow-nd-8-16-32-64-pgytech-do-dji-air-2s-p-16b-062\/"},"modified":"2026-03-05T15:48:00","modified_gmt":"2026-03-05T14:48:00","slug":"zestaw-4-filtrow-nd-8-16-32-64-pgytech-do-dji-air-2s-p-16b-062","status":"publish","type":"product","link":"https:\/\/ironsky.pl\/sklep\/produkt\/zestaw-4-filtrow-nd-8-16-32-64-pgytech-do-dji-air-2s-p-16b-062\/","title":{"rendered":"Zestaw 4 filtr\u00f3w ND 8\/16\/32\/64 PGYTECH do DJI Air 2S (P-16B-062)"},"content":{"rendered":"<h3>Zestaw filtr\u00f3w ND 8\/16\/32\/64 do DJI Air 2S PGYTECH P-16B-062<\/h3>\n<p>Szukasz sposobu na uzyskanie jeszcze lepszej jako\u015bci obraz\u00f3w wykonywanych za pomoc\u0105 DJI Air 2S? Wypr\u00f3buj filtry ND marki PGYTECH, kt\u00f3re zapobiegaj\u0105 nadmiernej ekspozycji i zapewniaj\u0105 wspania\u0142e nasycenie kolor\u00f3w. Umo\u017cliwiaj\u0105 te\u017c tworzenie zachwycaj\u0105cych, p\u0142ynnych film\u00f3w z lotu ptaka. Zosta\u0142y wykonane z wysokiej klasy, niemieckiego szk\u0142a SCHOTT oraz lotniczego aluminium, s\u0105 wi\u0119c niesamowicie lekkie, a jednocze\u015bnie wytrzyma\u0142e. Specjalne pow\u0142oki ochronne zabezpieczaj\u0105 je przed brudem i uszkodzeniem. Filtry s\u0105 te\u017c proste w monta\u017cu i wyr\u00f3\u017cniaj\u0105 si\u0119 idealnym dopasowaniem do DJI Air 2S.<\/p>\n<p><img decoding=\"async\" src=\"https:\/\/b2b.innpro.pl\/data\/include\/cms\/PGYTECH\/P-16B-062\/4.jpg\" border=\"0\" \/><\/p>\n<h3>Najwy\u017csza jako\u015b\u0107 obrazu<\/h3>\n<p>Tworzenie wspania\u0142ych film\u00f3w i fotografii powietrznych mo\u017ce by\u0107 prostsze, ni\u017c my\u015blisz. Wykonane z wielokrotnie szlifowanego i polerowanego szk\u0142a SCHOTT filtry ND doskonale nadadz\u0105 si\u0119 na przyk\u0142ad do uchwycenia mg\u0142y wodnej lub nocnych smug \u015bwietlnych. Zapobiegaj\u0105 nadmiernej ekspozycji i odpowiadaj\u0105 za zachwycaj\u0105ce nasycenie kolor\u00f3w. \u015awietnie sprawdz\u0105 si\u0119 r\u00f3wnie\u017c podczas nagrywania film\u00f3w. Pozwalaj\u0105 skr\u00f3ci\u0107 czas otwarcia migawki, dzi\u0119ki czemu mo\u017cesz uzyska\u0107 p\u0142ynne, kinowe uj\u0119cia.<\/p>\n<p><img decoding=\"async\" src=\"https:\/\/b2b.innpro.pl\/data\/include\/cms\/PGYTECH\/P-16B-062\/2.jpg\" border=\"0\" \/><\/p>\n<h3>Zapomnij o problemach z czyszczeniem<\/h3>\n<p>Akcesoria s\u0105 zaskakuj\u0105co wytrzyma\u0142e i \u0142atwe w utrzymaniu. Zosta\u0142y pokryte 2-stronn\u0105, wielowarstwow\u0105 nanopow\u0142ok\u0105, kt\u00f3ra odpycha wod\u0119 i t\u0142uszcz, dzi\u0119ki czemu bez problemu zachowasz je w czysto\u015bci. Filtry s\u0105 te\u017c odporne na zarysowania. B\u0119d\u0105 wi\u0119c doskonale Ci s\u0142u\u017cy\u0107 przez d\u0142ugi czas.<\/p>\n<p><img decoding=\"async\" src=\"https:\/\/b2b.innpro.pl\/data\/include\/cms\/PGYTECH\/P-16B-062\/3.jpg\" border=\"0\" \/><\/p>\n<h3>Stworzone dla DJI Air 2S<\/h3>\n<p>Obawiasz si\u0119, \u017ce akcesoria nadmiernie obci\u0105\u017c\u0105 drona i wp\u0142yn\u0105 na jako\u015b\u0107 lotu? Niepotrzebnie! Waga ka\u017cdego filtra wynosi zaledwie 1,8 g. Ramka wykonana z aluminium lotniczego CNC zapewnia im niesamowit\u0105 lekko\u015b\u0107, a zarazem wytrzyma\u0142o\u015b\u0107. Wyr\u00f3\u017cnia si\u0119 te\u017c odporno\u015bci\u0105 na korozj\u0119. Produkty s\u0105 przy tym idealnie dopasowane do DJI Air 2S. Nie zaburz\u0105 jego balansu i pozwol\u0105 Ci cieszy\u0107 si\u0119 p\u0142ynnym, ekscytuj\u0105cym lotem.<\/p>\n<p><img decoding=\"async\" src=\"https:\/\/b2b.innpro.pl\/data\/include\/cms\/PGYTECH\/P-16B-062\/1.jpg\" border=\"0\" \/><\/p>\n<div class=\"table-wrapper\">\n<table>\n<tbody>\n<tr>\n<th>Producent<\/th>\n<td>PGYTECH<\/td>\n<\/tr>\n<tr>\n<th>Nazwa<\/th>\n<td>DJI Air 2S Filter (Professional)<\/td>\n<\/tr>\n<tr>\n<th>Model<\/th>\n<td>P-16B-062<\/td>\n<\/tr>\n<tr>\n<th>Materia\u0142<\/th>\n<td>Aluminium, szk\u0142o optyczne<\/td>\n<\/tr>\n<tr>\n<th>Waga netto<\/th>\n<td>1,8 g x4<\/td>\n<\/tr>\n<tr>\n<th>Wymiary<\/th>\n<td>29&#215;23,5&#215;4,1 mm<\/td>\n<\/tr>\n<tr>\n<th>Efekt filtra<\/th>\n<td>Skr\u00f3cenie czasu otwarcia migawki, film &#8211; efekt rozmycia ruchu, fotografia &#8211; d\u0142u\u017cszy czas ekspozycji<\/td>\n<\/tr>\n<tr>\n<th>Wp\u0142yw na kolory<\/th>\n<td>Zapobieganie nadmiernej ekspozycji, zwi\u0119kszone nasycenie\/kontrast, zwi\u0119kszona przejrzysto\u015b\u0107<\/td>\n<\/tr>\n<tr>\n<th>Przeznaczenie<\/th>\n<td>DJI Air 2S<\/td>\n<\/tr>\n<tr>\n<th>Liczba filtr\u00f3w ND w zestawie<\/th>\n<td>4<\/td>\n<\/tr>\n<\/tbody>\n<\/table>\n<\/div>\n","protected":false},"excerpt":{"rendered":"<p>Zestaw filtr\u00f3w ND 8\/16\/32\/64 do DJI Air 2S PGYTECH P-16B-062 Szukasz sposobu na uzyskanie jeszcze lepszej jako\u015bci obraz\u00f3w wykonywanych za<\/p>\n","protected":false},"featured_media":19131,"comment_status":"closed","ping_status":"open","template":"","meta":{"_acf_changed":false},"product_brand":[],"product_cat":[1090,1088],"product_tag":[],"class_list":{"0":"post-19130","1":"product","2":"type-product","3":"status-publish","4":"has-post-thumbnail","6":"product_cat-akcesoria","7":"product_cat-drony","8":"pa_box-height-1691","9":"pa_box-length-1787","10":"pa_box-width-1994","11":"pa_gross-weight-2652","12":"pa_hs-code-1741","13":"pa_kompatybilnosc-filtry","14":"pa_net-weight-1438","15":"pa_seria-air-dji-air-2s","17":"first","18":"outofstock","19":"taxable","20":"shipping-taxable","21":"purchasable","22":"product-type-simple"},"acf":[],"yoast_head":"<!-- This site is optimized with the Yoast SEO plugin v27.2 - https:\/\/yoast.com\/product\/yoast-seo-wordpress\/ -->\n<title>Zestaw 4 filtr\u00f3w ND 8\/16\/32\/64 PGYTECH do DJI Air 2S (P-16B-062) - IRONSKY.PL Sklep z Dronami<\/title>\n<meta name=\"description\" content=\"Zestaw 4 filtr\u00f3w ND 8\/16\/32\/64 PGYTECH do DJI Air 2S (P-16B-062) - \u2705 sklep z dronami i fachowym doradztwem. \u2705 Tutaj kupisz produkty DJI, Yuneec, Parrot, Syma i wiele innych, a tak\u017ce kursy i licencje na operatora drona.\" \/>\n<meta name=\"robots\" content=\"index, follow, max-snippet:-1, max-image-preview:large, max-video-preview:-1\" \/>\n<link rel=\"canonical\" href=\"https:\/\/ironsky.pl\/sklep\/produkt\/zestaw-4-filtrow-nd-8-16-32-64-pgytech-do-dji-air-2s-p-16b-062\/\" \/>\n<meta property=\"og:locale\" content=\"pl_PL\" \/>\n<meta property=\"og:type\" content=\"article\" \/>\n<meta property=\"og:title\" content=\"Zestaw 4 filtr\u00f3w ND 8\/16\/32\/64 PGYTECH do DJI Air 2S (P-16B-062) - IRONSKY.PL Sklep z Dronami\" \/>\n<meta property=\"og:description\" content=\"Zestaw 4 filtr\u00f3w ND 8\/16\/32\/64 PGYTECH do DJI Air 2S (P-16B-062) - \u2705 sklep z dronami i fachowym doradztwem. \u2705 Tutaj kupisz produkty DJI, Yuneec, Parrot, Syma i wiele innych, a tak\u017ce kursy i licencje na operatora drona.\" \/>\n<meta property=\"og:url\" content=\"https:\/\/ironsky.pl\/sklep\/produkt\/zestaw-4-filtrow-nd-8-16-32-64-pgytech-do-dji-air-2s-p-16b-062\/\" \/>\n<meta property=\"og:site_name\" content=\"IRONSKY.PL Sklep z Dronami\" \/>\n<meta property=\"article:modified_time\" content=\"2026-03-05T14:48:00+00:00\" \/>\n<meta property=\"og:image\" content=\"https:\/\/ironsky.pl\/sklep\/wp-content\/uploads\/2024\/09\/20916_1.png\" \/>\n\t<meta property=\"og:image:width\" content=\"800\" \/>\n\t<meta property=\"og:image:height\" content=\"800\" \/>\n\t<meta property=\"og:image:type\" content=\"image\/png\" \/>\n<meta name=\"twitter:card\" content=\"summary_large_image\" \/>\n<meta name=\"twitter:label1\" content=\"Szacowany czas czytania\" \/>\n\t<meta name=\"twitter:data1\" content=\"2 minuty\" \/>\n<script type=\"application\/ld+json\" class=\"yoast-schema-graph\">{\"@context\":\"https:\/\/schema.org\",\"@graph\":[{\"@type\":\"WebPage\",\"@id\":\"https:\/\/ironsky.pl\/sklep\/produkt\/zestaw-4-filtrow-nd-8-16-32-64-pgytech-do-dji-air-2s-p-16b-062\/\",\"url\":\"https:\/\/ironsky.pl\/sklep\/produkt\/zestaw-4-filtrow-nd-8-16-32-64-pgytech-do-dji-air-2s-p-16b-062\/\",\"name\":\"Zestaw 4 filtr\u00f3w ND 8\/16\/32\/64 PGYTECH do DJI Air 2S (P-16B-062) - IRONSKY.PL Sklep z Dronami\",\"isPartOf\":{\"@id\":\"https:\/\/ironsky.pl\/sklep\/#website\"},\"primaryImageOfPage\":{\"@id\":\"https:\/\/ironsky.pl\/sklep\/produkt\/zestaw-4-filtrow-nd-8-16-32-64-pgytech-do-dji-air-2s-p-16b-062\/#primaryimage\"},\"image\":{\"@id\":\"https:\/\/ironsky.pl\/sklep\/produkt\/zestaw-4-filtrow-nd-8-16-32-64-pgytech-do-dji-air-2s-p-16b-062\/#primaryimage\"},\"thumbnailUrl\":\"https:\/\/ironsky.pl\/sklep\/wp-content\/uploads\/2024\/09\/20916_1.png\",\"datePublished\":\"2024-09-16T10:03:29+00:00\",\"dateModified\":\"2026-03-05T14:48:00+00:00\",\"description\":\"Zestaw 4 filtr\u00f3w ND 8\/16\/32\/64 PGYTECH do DJI Air 2S (P-16B-062) - \u2705 sklep z dronami i fachowym doradztwem. \u2705 Tutaj kupisz produkty DJI, Yuneec, Parrot, Syma i wiele innych, a tak\u017ce kursy i licencje na operatora drona.\",\"breadcrumb\":{\"@id\":\"https:\/\/ironsky.pl\/sklep\/produkt\/zestaw-4-filtrow-nd-8-16-32-64-pgytech-do-dji-air-2s-p-16b-062\/#breadcrumb\"},\"inLanguage\":\"pl-PL\",\"potentialAction\":[{\"@type\":\"ReadAction\",\"target\":[\"https:\/\/ironsky.pl\/sklep\/produkt\/zestaw-4-filtrow-nd-8-16-32-64-pgytech-do-dji-air-2s-p-16b-062\/\"]}]},{\"@type\":\"ImageObject\",\"inLanguage\":\"pl-PL\",\"@id\":\"https:\/\/ironsky.pl\/sklep\/produkt\/zestaw-4-filtrow-nd-8-16-32-64-pgytech-do-dji-air-2s-p-16b-062\/#primaryimage\",\"url\":\"https:\/\/ironsky.pl\/sklep\/wp-content\/uploads\/2024\/09\/20916_1.png\",\"contentUrl\":\"https:\/\/ironsky.pl\/sklep\/wp-content\/uploads\/2024\/09\/20916_1.png\",\"width\":800,\"height\":800},{\"@type\":\"BreadcrumbList\",\"@id\":\"https:\/\/ironsky.pl\/sklep\/produkt\/zestaw-4-filtrow-nd-8-16-32-64-pgytech-do-dji-air-2s-p-16b-062\/#breadcrumb\",\"itemListElement\":[{\"@type\":\"ListItem\",\"position\":1,\"name\":\"Strona g\u0142\u00f3wna\",\"item\":\"https:\/\/ironsky.pl\/sklep\/\"},{\"@type\":\"ListItem\",\"position\":2,\"name\":\"Wszystkie produkty\",\"item\":\"https:\/\/ironsky.pl\/sklep\/produkty\/\"},{\"@type\":\"ListItem\",\"position\":3,\"name\":\"Zestaw 4 filtr\u00f3w ND 8\/16\/32\/64 PGYTECH do DJI Air 2S (P-16B-062)\"}]},{\"@type\":\"WebSite\",\"@id\":\"https:\/\/ironsky.pl\/sklep\/#website\",\"url\":\"https:\/\/ironsky.pl\/sklep\/\",\"name\":\"IRONSKY.PL Sklep z Dronami\",\"description\":\"IRONSKY.PL Sklep z Dronami\",\"potentialAction\":[{\"@type\":\"SearchAction\",\"target\":{\"@type\":\"EntryPoint\",\"urlTemplate\":\"https:\/\/ironsky.pl\/sklep\/?s={search_term_string}\"},\"query-input\":{\"@type\":\"PropertyValueSpecification\",\"valueRequired\":true,\"valueName\":\"search_term_string\"}}],\"inLanguage\":\"pl-PL\"}]}<\/script>\n<!-- \/ Yoast SEO plugin. -->","yoast_head_json":{"title":"Zestaw 4 filtr\u00f3w ND 8\/16\/32\/64 PGYTECH do DJI Air 2S (P-16B-062) - IRONSKY.PL Sklep z Dronami","description":"Zestaw 4 filtr\u00f3w ND 8\/16\/32\/64 PGYTECH do DJI Air 2S (P-16B-062) - \u2705 sklep z dronami i fachowym doradztwem. \u2705 Tutaj kupisz produkty DJI, Yuneec, Parrot, Syma i wiele innych, a tak\u017ce kursy i licencje na operatora drona.","robots":{"index":"index","follow":"follow","max-snippet":"max-snippet:-1","max-image-preview":"max-image-preview:large","max-video-preview":"max-video-preview:-1"},"canonical":"https:\/\/ironsky.pl\/sklep\/produkt\/zestaw-4-filtrow-nd-8-16-32-64-pgytech-do-dji-air-2s-p-16b-062\/","og_locale":"pl_PL","og_type":"article","og_title":"Zestaw 4 filtr\u00f3w ND 8\/16\/32\/64 PGYTECH do DJI Air 2S (P-16B-062) - IRONSKY.PL Sklep z Dronami","og_description":"Zestaw 4 filtr\u00f3w ND 8\/16\/32\/64 PGYTECH do DJI Air 2S (P-16B-062) - \u2705 sklep z dronami i fachowym doradztwem. \u2705 Tutaj kupisz produkty DJI, Yuneec, Parrot, Syma i wiele innych, a tak\u017ce kursy i licencje na operatora drona.","og_url":"https:\/\/ironsky.pl\/sklep\/produkt\/zestaw-4-filtrow-nd-8-16-32-64-pgytech-do-dji-air-2s-p-16b-062\/","og_site_name":"IRONSKY.PL Sklep z Dronami","article_modified_time":"2026-03-05T14:48:00+00:00","og_image":[{"width":800,"height":800,"url":"https:\/\/ironsky.pl\/sklep\/wp-content\/uploads\/2024\/09\/20916_1.png","type":"image\/png"}],"twitter_card":"summary_large_image","twitter_misc":{"Szacowany czas czytania":"2 minuty"},"schema":{"@context":"https:\/\/schema.org","@graph":[{"@type":"WebPage","@id":"https:\/\/ironsky.pl\/sklep\/produkt\/zestaw-4-filtrow-nd-8-16-32-64-pgytech-do-dji-air-2s-p-16b-062\/","url":"https:\/\/ironsky.pl\/sklep\/produkt\/zestaw-4-filtrow-nd-8-16-32-64-pgytech-do-dji-air-2s-p-16b-062\/","name":"Zestaw 4 filtr\u00f3w ND 8\/16\/32\/64 PGYTECH do DJI Air 2S (P-16B-062) - IRONSKY.PL Sklep z Dronami","isPartOf":{"@id":"https:\/\/ironsky.pl\/sklep\/#website"},"primaryImageOfPage":{"@id":"https:\/\/ironsky.pl\/sklep\/produkt\/zestaw-4-filtrow-nd-8-16-32-64-pgytech-do-dji-air-2s-p-16b-062\/#primaryimage"},"image":{"@id":"https:\/\/ironsky.pl\/sklep\/produkt\/zestaw-4-filtrow-nd-8-16-32-64-pgytech-do-dji-air-2s-p-16b-062\/#primaryimage"},"thumbnailUrl":"https:\/\/ironsky.pl\/sklep\/wp-content\/uploads\/2024\/09\/20916_1.png","datePublished":"2024-09-16T10:03:29+00:00","dateModified":"2026-03-05T14:48:00+00:00","description":"Zestaw 4 filtr\u00f3w ND 8\/16\/32\/64 PGYTECH do DJI Air 2S (P-16B-062) - \u2705 sklep z dronami i fachowym doradztwem. \u2705 Tutaj kupisz produkty DJI, Yuneec, Parrot, Syma i wiele innych, a tak\u017ce kursy i licencje na operatora drona.","breadcrumb":{"@id":"https:\/\/ironsky.pl\/sklep\/produkt\/zestaw-4-filtrow-nd-8-16-32-64-pgytech-do-dji-air-2s-p-16b-062\/#breadcrumb"},"inLanguage":"pl-PL","potentialAction":[{"@type":"ReadAction","target":["https:\/\/ironsky.pl\/sklep\/produkt\/zestaw-4-filtrow-nd-8-16-32-64-pgytech-do-dji-air-2s-p-16b-062\/"]}]},{"@type":"ImageObject","inLanguage":"pl-PL","@id":"https:\/\/ironsky.pl\/sklep\/produkt\/zestaw-4-filtrow-nd-8-16-32-64-pgytech-do-dji-air-2s-p-16b-062\/#primaryimage","url":"https:\/\/ironsky.pl\/sklep\/wp-content\/uploads\/2024\/09\/20916_1.png","contentUrl":"https:\/\/ironsky.pl\/sklep\/wp-content\/uploads\/2024\/09\/20916_1.png","width":800,"height":800},{"@type":"BreadcrumbList","@id":"https:\/\/ironsky.pl\/sklep\/produkt\/zestaw-4-filtrow-nd-8-16-32-64-pgytech-do-dji-air-2s-p-16b-062\/#breadcrumb","itemListElement":[{"@type":"ListItem","position":1,"name":"Strona g\u0142\u00f3wna","item":"https:\/\/ironsky.pl\/sklep\/"},{"@type":"ListItem","position":2,"name":"Wszystkie produkty","item":"https:\/\/ironsky.pl\/sklep\/produkty\/"},{"@type":"ListItem","position":3,"name":"Zestaw 4 filtr\u00f3w ND 8\/16\/32\/64 PGYTECH do DJI Air 2S (P-16B-062)"}]},{"@type":"WebSite","@id":"https:\/\/ironsky.pl\/sklep\/#website","url":"https:\/\/ironsky.pl\/sklep\/","name":"IRONSKY.PL Sklep z Dronami","description":"IRONSKY.PL Sklep z Dronami","potentialAction":[{"@type":"SearchAction","target":{"@type":"EntryPoint","urlTemplate":"https:\/\/ironsky.pl\/sklep\/?s={search_term_string}"},"query-input":{"@type":"PropertyValueSpecification","valueRequired":true,"valueName":"search_term_string"}}],"inLanguage":"pl-PL"}]}},"_links":{"self":[{"href":"https:\/\/ironsky.pl\/sklep\/wp-json\/wp\/v2\/product\/19130","targetHints":{"allow":["GET"]}}],"collection":[{"href":"https:\/\/ironsky.pl\/sklep\/wp-json\/wp\/v2\/product"}],"about":[{"href":"https:\/\/ironsky.pl\/sklep\/wp-json\/wp\/v2\/types\/product"}],"replies":[{"embeddable":true,"href":"https:\/\/ironsky.pl\/sklep\/wp-json\/wp\/v2\/comments?post=19130"}],"wp:featuredmedia":[{"embeddable":true,"href":"https:\/\/ironsky.pl\/sklep\/wp-json\/wp\/v2\/media\/19131"}],"wp:attachment":[{"href":"https:\/\/ironsky.pl\/sklep\/wp-json\/wp\/v2\/media?parent=19130"}],"wp:term":[{"taxonomy":"product_brand","embeddable":true,"href":"https:\/\/ironsky.pl\/sklep\/wp-json\/wp\/v2\/product_brand?post=19130"},{"taxonomy":"product_cat","embeddable":true,"href":"https:\/\/ironsky.pl\/sklep\/wp-json\/wp\/v2\/product_cat?post=19130"},{"taxonomy":"product_tag","embeddable":true,"href":"https:\/\/ironsky.pl\/sklep\/wp-json\/wp\/v2\/product_tag?post=19130"}],"curies":[{"name":"wp","href":"https:\/\/api.w.org\/{rel}","templated":true}]}}