{"id":19062,"date":"2024-09-16T12:02:18","date_gmt":"2024-09-16T10:02:18","guid":{"rendered":"http:\/\/gvshalph.pro-linuxpl.com\/ironskyprodukty\/produkt\/ladowarka-samochodowa-dji-fpv\/"},"modified":"2026-03-05T15:47:58","modified_gmt":"2026-03-05T14:47:58","slug":"ladowarka-samochodowa-dji-fpv","status":"publish","type":"product","link":"https:\/\/ironsky.pl\/sklep\/produkt\/ladowarka-samochodowa-dji-fpv\/","title":{"rendered":"\u0141adowarka samochodowa DJI FPV"},"content":{"rendered":"<h3>\u0141adowarka samochodowa DJI FPV<\/h3>\n<p>\u0141adowarka samochodowa DJI FPV mo\u017ce by\u0107 stosowana do \u0142adowania Inteligentnych Akumulator\u00f3w DJI FPV za pomoc\u0105 gniazda zapalniczki. System ochrony przed przegrzaniem automatycznie przerwie \u0142adowanie, je\u015bli temperatura portu akcesorium b\u0119dzie za wysoka.<\/p>\n<div class=\"table-wrapper\">\n<table>\n<tbody>\n<tr>\n<th>Zakres temperatury \u0142adowania<\/th>\n<td>5\u00b0C do 40\u00b0C<\/td>\n<\/tr>\n<tr>\n<th>Napi\u0119cie wej\u015bciowe<\/th>\n<td>14.0 V<\/td>\n<\/tr>\n<tr>\n<th>Wyj\u015bcie DC<\/th>\n<td>25,2 V 3,4 A lub 25,2 V 0,8 A<\/td>\n<\/tr>\n<tr>\n<th>Czas \u0142adowania (pojedynczego akumulatora)<\/th>\n<td>Oko\u0142o 50 minut<\/td>\n<\/tr>\n<\/tbody>\n<\/table>\n<\/div>\n","protected":false},"excerpt":{"rendered":"<p>\u0141adowarka samochodowa DJI FPV \u0141adowarka samochodowa DJI FPV mo\u017ce by\u0107 stosowana do \u0142adowania Inteligentnych Akumulator\u00f3w DJI FPV za pomoc\u0105 gniazda<\/p>\n","protected":false},"featured_media":19063,"comment_status":"closed","ping_status":"open","template":"","meta":{"_acf_changed":false},"product_brand":[],"product_cat":[5578,1090,1091,1088,1173],"product_tag":[],"class_list":{"0":"post-19062","1":"product","2":"type-product","3":"status-publish","4":"has-post-thumbnail","6":"product_cat-fpv-akcesoria","7":"product_cat-akcesoria","8":"product_cat-dji","9":"product_cat-drony","10":"product_cat-ladowanie","11":"pa_box-height-2516","12":"pa_box-length-1627","13":"pa_box-width-2244","14":"pa_gross-weight-1731","15":"pa_hs-code-1348","16":"pa_net-weight-1633","18":"first","19":"instock","20":"taxable","21":"shipping-taxable","22":"purchasable","23":"product-type-simple"},"acf":[],"yoast_head":"<!-- This site is optimized with the Yoast SEO plugin v27.2 - https:\/\/yoast.com\/product\/yoast-seo-wordpress\/ -->\n<title>\u0141adowarka samochodowa DJI FPV - IRONSKY.PL Sklep z Dronami<\/title>\n<meta name=\"description\" content=\"\u0141adowarka samochodowa DJI FPV - \u2705 sklep z dronami i fachowym doradztwem. \u2705 Tutaj kupisz produkty DJI, Yuneec, Parrot, Syma i wiele innych, a tak\u017ce kursy i licencje na operatora drona.\" \/>\n<meta name=\"robots\" content=\"index, follow, max-snippet:-1, max-image-preview:large, max-video-preview:-1\" \/>\n<link rel=\"canonical\" href=\"https:\/\/ironsky.pl\/sklep\/produkt\/ladowarka-samochodowa-dji-fpv\/\" \/>\n<meta property=\"og:locale\" content=\"pl_PL\" \/>\n<meta property=\"og:type\" content=\"article\" \/>\n<meta property=\"og:title\" content=\"\u0141adowarka samochodowa DJI FPV - IRONSKY.PL Sklep z Dronami\" \/>\n<meta property=\"og:description\" content=\"\u0141adowarka samochodowa DJI FPV - \u2705 sklep z dronami i fachowym doradztwem. \u2705 Tutaj kupisz produkty DJI, Yuneec, Parrot, Syma i wiele innych, a tak\u017ce kursy i licencje na operatora drona.\" \/>\n<meta property=\"og:url\" content=\"https:\/\/ironsky.pl\/sklep\/produkt\/ladowarka-samochodowa-dji-fpv\/\" \/>\n<meta property=\"og:site_name\" content=\"IRONSKY.PL Sklep z Dronami\" \/>\n<meta property=\"article:modified_time\" content=\"2026-03-05T14:47:58+00:00\" \/>\n<meta property=\"og:image\" content=\"https:\/\/ironsky.pl\/sklep\/wp-content\/uploads\/2024\/09\/20074_2.png\" \/>\n\t<meta property=\"og:image:width\" content=\"800\" \/>\n\t<meta property=\"og:image:height\" content=\"800\" \/>\n\t<meta property=\"og:image:type\" content=\"image\/png\" \/>\n<meta name=\"twitter:card\" content=\"summary_large_image\" \/>\n<script type=\"application\/ld+json\" class=\"yoast-schema-graph\">{\"@context\":\"https:\/\/schema.org\",\"@graph\":[{\"@type\":\"WebPage\",\"@id\":\"https:\/\/ironsky.pl\/sklep\/produkt\/ladowarka-samochodowa-dji-fpv\/\",\"url\":\"https:\/\/ironsky.pl\/sklep\/produkt\/ladowarka-samochodowa-dji-fpv\/\",\"name\":\"\u0141adowarka samochodowa DJI FPV - IRONSKY.PL Sklep z Dronami\",\"isPartOf\":{\"@id\":\"https:\/\/ironsky.pl\/sklep\/#website\"},\"primaryImageOfPage\":{\"@id\":\"https:\/\/ironsky.pl\/sklep\/produkt\/ladowarka-samochodowa-dji-fpv\/#primaryimage\"},\"image\":{\"@id\":\"https:\/\/ironsky.pl\/sklep\/produkt\/ladowarka-samochodowa-dji-fpv\/#primaryimage\"},\"thumbnailUrl\":\"https:\/\/ironsky.pl\/sklep\/wp-content\/uploads\/2024\/09\/20074_2.png\",\"datePublished\":\"2024-09-16T10:02:18+00:00\",\"dateModified\":\"2026-03-05T14:47:58+00:00\",\"description\":\"\u0141adowarka samochodowa DJI FPV - \u2705 sklep z dronami i fachowym doradztwem. \u2705 Tutaj kupisz produkty DJI, Yuneec, Parrot, Syma i wiele innych, a tak\u017ce kursy i licencje na operatora drona.\",\"breadcrumb\":{\"@id\":\"https:\/\/ironsky.pl\/sklep\/produkt\/ladowarka-samochodowa-dji-fpv\/#breadcrumb\"},\"inLanguage\":\"pl-PL\",\"potentialAction\":[{\"@type\":\"ReadAction\",\"target\":[\"https:\/\/ironsky.pl\/sklep\/produkt\/ladowarka-samochodowa-dji-fpv\/\"]}]},{\"@type\":\"ImageObject\",\"inLanguage\":\"pl-PL\",\"@id\":\"https:\/\/ironsky.pl\/sklep\/produkt\/ladowarka-samochodowa-dji-fpv\/#primaryimage\",\"url\":\"https:\/\/ironsky.pl\/sklep\/wp-content\/uploads\/2024\/09\/20074_2.png\",\"contentUrl\":\"https:\/\/ironsky.pl\/sklep\/wp-content\/uploads\/2024\/09\/20074_2.png\",\"width\":800,\"height\":800},{\"@type\":\"BreadcrumbList\",\"@id\":\"https:\/\/ironsky.pl\/sklep\/produkt\/ladowarka-samochodowa-dji-fpv\/#breadcrumb\",\"itemListElement\":[{\"@type\":\"ListItem\",\"position\":1,\"name\":\"Strona g\u0142\u00f3wna\",\"item\":\"https:\/\/ironsky.pl\/sklep\/\"},{\"@type\":\"ListItem\",\"position\":2,\"name\":\"Wszystkie produkty\",\"item\":\"https:\/\/ironsky.pl\/sklep\/produkty\/\"},{\"@type\":\"ListItem\",\"position\":3,\"name\":\"\u0141adowarka samochodowa DJI FPV\"}]},{\"@type\":\"WebSite\",\"@id\":\"https:\/\/ironsky.pl\/sklep\/#website\",\"url\":\"https:\/\/ironsky.pl\/sklep\/\",\"name\":\"IRONSKY.PL Sklep z Dronami\",\"description\":\"IRONSKY.PL Sklep z Dronami\",\"potentialAction\":[{\"@type\":\"SearchAction\",\"target\":{\"@type\":\"EntryPoint\",\"urlTemplate\":\"https:\/\/ironsky.pl\/sklep\/?s={search_term_string}\"},\"query-input\":{\"@type\":\"PropertyValueSpecification\",\"valueRequired\":true,\"valueName\":\"search_term_string\"}}],\"inLanguage\":\"pl-PL\"}]}<\/script>\n<!-- \/ Yoast SEO plugin. -->","yoast_head_json":{"title":"\u0141adowarka samochodowa DJI FPV - IRONSKY.PL Sklep z Dronami","description":"\u0141adowarka samochodowa DJI FPV - \u2705 sklep z dronami i fachowym doradztwem. \u2705 Tutaj kupisz produkty DJI, Yuneec, Parrot, Syma i wiele innych, a tak\u017ce kursy i licencje na operatora drona.","robots":{"index":"index","follow":"follow","max-snippet":"max-snippet:-1","max-image-preview":"max-image-preview:large","max-video-preview":"max-video-preview:-1"},"canonical":"https:\/\/ironsky.pl\/sklep\/produkt\/ladowarka-samochodowa-dji-fpv\/","og_locale":"pl_PL","og_type":"article","og_title":"\u0141adowarka samochodowa DJI FPV - IRONSKY.PL Sklep z Dronami","og_description":"\u0141adowarka samochodowa DJI FPV - \u2705 sklep z dronami i fachowym doradztwem. \u2705 Tutaj kupisz produkty DJI, Yuneec, Parrot, Syma i wiele innych, a tak\u017ce kursy i licencje na operatora drona.","og_url":"https:\/\/ironsky.pl\/sklep\/produkt\/ladowarka-samochodowa-dji-fpv\/","og_site_name":"IRONSKY.PL Sklep z Dronami","article_modified_time":"2026-03-05T14:47:58+00:00","og_image":[{"width":800,"height":800,"url":"https:\/\/ironsky.pl\/sklep\/wp-content\/uploads\/2024\/09\/20074_2.png","type":"image\/png"}],"twitter_card":"summary_large_image","schema":{"@context":"https:\/\/schema.org","@graph":[{"@type":"WebPage","@id":"https:\/\/ironsky.pl\/sklep\/produkt\/ladowarka-samochodowa-dji-fpv\/","url":"https:\/\/ironsky.pl\/sklep\/produkt\/ladowarka-samochodowa-dji-fpv\/","name":"\u0141adowarka samochodowa DJI FPV - IRONSKY.PL Sklep z Dronami","isPartOf":{"@id":"https:\/\/ironsky.pl\/sklep\/#website"},"primaryImageOfPage":{"@id":"https:\/\/ironsky.pl\/sklep\/produkt\/ladowarka-samochodowa-dji-fpv\/#primaryimage"},"image":{"@id":"https:\/\/ironsky.pl\/sklep\/produkt\/ladowarka-samochodowa-dji-fpv\/#primaryimage"},"thumbnailUrl":"https:\/\/ironsky.pl\/sklep\/wp-content\/uploads\/2024\/09\/20074_2.png","datePublished":"2024-09-16T10:02:18+00:00","dateModified":"2026-03-05T14:47:58+00:00","description":"\u0141adowarka samochodowa DJI FPV - \u2705 sklep z dronami i fachowym doradztwem. \u2705 Tutaj kupisz produkty DJI, Yuneec, Parrot, Syma i wiele innych, a tak\u017ce kursy i licencje na operatora drona.","breadcrumb":{"@id":"https:\/\/ironsky.pl\/sklep\/produkt\/ladowarka-samochodowa-dji-fpv\/#breadcrumb"},"inLanguage":"pl-PL","potentialAction":[{"@type":"ReadAction","target":["https:\/\/ironsky.pl\/sklep\/produkt\/ladowarka-samochodowa-dji-fpv\/"]}]},{"@type":"ImageObject","inLanguage":"pl-PL","@id":"https:\/\/ironsky.pl\/sklep\/produkt\/ladowarka-samochodowa-dji-fpv\/#primaryimage","url":"https:\/\/ironsky.pl\/sklep\/wp-content\/uploads\/2024\/09\/20074_2.png","contentUrl":"https:\/\/ironsky.pl\/sklep\/wp-content\/uploads\/2024\/09\/20074_2.png","width":800,"height":800},{"@type":"BreadcrumbList","@id":"https:\/\/ironsky.pl\/sklep\/produkt\/ladowarka-samochodowa-dji-fpv\/#breadcrumb","itemListElement":[{"@type":"ListItem","position":1,"name":"Strona g\u0142\u00f3wna","item":"https:\/\/ironsky.pl\/sklep\/"},{"@type":"ListItem","position":2,"name":"Wszystkie produkty","item":"https:\/\/ironsky.pl\/sklep\/produkty\/"},{"@type":"ListItem","position":3,"name":"\u0141adowarka samochodowa DJI FPV"}]},{"@type":"WebSite","@id":"https:\/\/ironsky.pl\/sklep\/#website","url":"https:\/\/ironsky.pl\/sklep\/","name":"IRONSKY.PL Sklep z Dronami","description":"IRONSKY.PL Sklep z Dronami","potentialAction":[{"@type":"SearchAction","target":{"@type":"EntryPoint","urlTemplate":"https:\/\/ironsky.pl\/sklep\/?s={search_term_string}"},"query-input":{"@type":"PropertyValueSpecification","valueRequired":true,"valueName":"search_term_string"}}],"inLanguage":"pl-PL"}]}},"_links":{"self":[{"href":"https:\/\/ironsky.pl\/sklep\/wp-json\/wp\/v2\/product\/19062","targetHints":{"allow":["GET"]}}],"collection":[{"href":"https:\/\/ironsky.pl\/sklep\/wp-json\/wp\/v2\/product"}],"about":[{"href":"https:\/\/ironsky.pl\/sklep\/wp-json\/wp\/v2\/types\/product"}],"replies":[{"embeddable":true,"href":"https:\/\/ironsky.pl\/sklep\/wp-json\/wp\/v2\/comments?post=19062"}],"wp:featuredmedia":[{"embeddable":true,"href":"https:\/\/ironsky.pl\/sklep\/wp-json\/wp\/v2\/media\/19063"}],"wp:attachment":[{"href":"https:\/\/ironsky.pl\/sklep\/wp-json\/wp\/v2\/media?parent=19062"}],"wp:term":[{"taxonomy":"product_brand","embeddable":true,"href":"https:\/\/ironsky.pl\/sklep\/wp-json\/wp\/v2\/product_brand?post=19062"},{"taxonomy":"product_cat","embeddable":true,"href":"https:\/\/ironsky.pl\/sklep\/wp-json\/wp\/v2\/product_cat?post=19062"},{"taxonomy":"product_tag","embeddable":true,"href":"https:\/\/ironsky.pl\/sklep\/wp-json\/wp\/v2\/product_tag?post=19062"}],"curies":[{"name":"wp","href":"https:\/\/api.w.org\/{rel}","templated":true}]}}