{"id":18988,"date":"2024-09-16T12:01:05","date_gmt":"2024-09-16T10:01:05","guid":{"rendered":"http:\/\/gvshalph.pro-linuxpl.com\/ironskyprodukty\/produkt\/dostep-do-sieci-rtk-i-rtn-smartnet-1-miesiac\/"},"modified":"2026-03-05T15:47:54","modified_gmt":"2026-03-05T14:47:54","slug":"dostep-do-sieci-rtk-i-rtn-smartnet-1-miesiac","status":"publish","type":"product","link":"https:\/\/ironsky.pl\/sklep\/produkt\/dostep-do-sieci-rtk-i-rtn-smartnet-1-miesiac\/","title":{"rendered":"Dost\u0119p do sieci RTK i RTN SMARTNET \u2013 1 miesi\u0105c"},"content":{"rendered":"<h3>Dost\u0119p do sieci RTK i RTN SMARTNET<\/h3>\n<p>Subskrypcja umo\u017cliwia miesi\u0119czny dost\u0119p do us\u0142ug HxGN SmartNet NRTK w postaci korekt RTK i RTN na terenie ca\u0142ej Polski, bez limit\u00f3w danych oraz niezale\u017cnie od modelu i producenta sprz\u0119tu GNSS posiadanego przez u\u017cytkownika.<\/p>\n<p>R\u00f3wnocze\u015bnie w ramach subskrypcji u\u017cytkownik ma mo\u017cliwo\u015b\u0107 pobierania satelitarnych obserwacji stacji referencyjnych w postaci plik\u00f3w RINEX, a tak\u017ce uzyskuje dost\u0119p do us\u0142ugi automatycznego opracowania danych obserwacyjnych GNSS.<\/p>\n<p>W ramach subskrypcji u\u017cytkownik otrzymuje r\u00f3wnie\u017c dost\u0119p do \u201cpanelu klienta\u201d oraz aplikacji mobilnej (Android\/IOS) HxGN SmartNet, zyskuj\u0105c mi\u0119dzy innymi mo\u017cliwo\u015b\u0107:<\/p>\n<ul>\n<li>Przegl\u0105dania informacji o subskrypcji i stanie jej aktywno\u015bci\/wa\u017cno\u015bci<\/li>\n<li>Wy\u015bwietlania na mapie w czasie rzeczywistym statusu wszystkich stacji referencyjnych sieci<\/li>\n<li>Wy\u015bwietlania w czasie rzeczywistym statusu po\u0142\u0105czenia swojego odbiornika ruchomego z sieci\u0105<\/li>\n<li>Testowania po\u0142\u0105czenia z tabel\u0105 \u017ar\u00f3de\u0142 Ntrip<\/li>\n<li>Sprawdzania komunikat\u00f3w o b\u0142\u0119dach dotycz\u0105cych po\u0142\u0105czenia swojego odbiornika<\/li>\n<li>Tworzenia spraw suportowych, dla jak najszybszego rozwi\u0105zania ewentualnych problem\u00f3w<\/li>\n<li>Wizualizacji aktywno\u015bci jonosferycznej w czasie rzeczywistym<\/li>\n<\/ul>\n<p>Okres subskrypcji: <strong>1 miesi\u0105c<\/strong><\/p>\n<p>Limit danych: <strong>brak<\/strong><\/p>\n","protected":false},"excerpt":{"rendered":"<p>Dost\u0119p do sieci RTK i RTN SMARTNET Subskrypcja umo\u017cliwia miesi\u0119czny dost\u0119p do us\u0142ug HxGN SmartNet NRTK w postaci korekt RTK<\/p>\n","protected":false},"featured_media":18989,"comment_status":"closed","ping_status":"closed","template":"","meta":{"_acf_changed":false},"product_brand":[],"product_cat":[1101,5685,1093],"product_tag":[],"class_list":{"0":"post-18988","1":"product","2":"type-product","3":"status-publish","4":"has-post-thumbnail","6":"product_cat-oprogramowanie-do-dronow","7":"product_cat-rtk-rtn-smartnet","8":"product_cat-urzadzenia-i-akcesoria","9":"pa_gross-weight-1706","11":"first","12":"outofstock","13":"taxable","14":"shipping-taxable","15":"purchasable","16":"product-type-simple"},"acf":[],"yoast_head":"<!-- This site is optimized with the Yoast SEO plugin v27.2 - https:\/\/yoast.com\/product\/yoast-seo-wordpress\/ -->\n<title>Dost\u0119p do sieci RTK i RTN SMARTNET \u2013 1 miesi\u0105c - IRONSKY.PL Sklep z Dronami<\/title>\n<meta name=\"description\" content=\"Dost\u0119p do sieci RTK i RTN SMARTNET \u2013 1 miesi\u0105c - \u2705 sklep z dronami i fachowym doradztwem. \u2705 Tutaj kupisz produkty DJI, Yuneec, Parrot, Syma i wiele innych, a tak\u017ce kursy i licencje na operatora drona.\" \/>\n<meta name=\"robots\" content=\"index, follow, max-snippet:-1, max-image-preview:large, max-video-preview:-1\" \/>\n<link rel=\"canonical\" href=\"https:\/\/ironsky.pl\/sklep\/produkt\/dostep-do-sieci-rtk-i-rtn-smartnet-1-miesiac\/\" \/>\n<meta property=\"og:locale\" content=\"pl_PL\" \/>\n<meta property=\"og:type\" content=\"article\" \/>\n<meta property=\"og:title\" content=\"Dost\u0119p do sieci RTK i RTN SMARTNET \u2013 1 miesi\u0105c - IRONSKY.PL Sklep z Dronami\" \/>\n<meta property=\"og:description\" content=\"Dost\u0119p do sieci RTK i RTN SMARTNET \u2013 1 miesi\u0105c - \u2705 sklep z dronami i fachowym doradztwem. \u2705 Tutaj kupisz produkty DJI, Yuneec, Parrot, Syma i wiele innych, a tak\u017ce kursy i licencje na operatora drona.\" \/>\n<meta property=\"og:url\" content=\"https:\/\/ironsky.pl\/sklep\/produkt\/dostep-do-sieci-rtk-i-rtn-smartnet-1-miesiac\/\" \/>\n<meta property=\"og:site_name\" content=\"IRONSKY.PL Sklep z Dronami\" \/>\n<meta property=\"article:modified_time\" content=\"2026-03-05T14:47:54+00:00\" \/>\n<meta property=\"og:image\" content=\"https:\/\/ironsky.pl\/sklep\/wp-content\/uploads\/2024\/09\/19496_1.jpg\" \/>\n\t<meta property=\"og:image:width\" content=\"800\" \/>\n\t<meta property=\"og:image:height\" content=\"800\" \/>\n\t<meta property=\"og:image:type\" content=\"image\/jpeg\" \/>\n<meta name=\"twitter:card\" content=\"summary_large_image\" \/>\n<meta name=\"twitter:label1\" content=\"Szacowany czas czytania\" \/>\n\t<meta name=\"twitter:data1\" content=\"2 minuty\" \/>\n<script type=\"application\/ld+json\" class=\"yoast-schema-graph\">{\"@context\":\"https:\/\/schema.org\",\"@graph\":[{\"@type\":\"WebPage\",\"@id\":\"https:\/\/ironsky.pl\/sklep\/produkt\/dostep-do-sieci-rtk-i-rtn-smartnet-1-miesiac\/\",\"url\":\"https:\/\/ironsky.pl\/sklep\/produkt\/dostep-do-sieci-rtk-i-rtn-smartnet-1-miesiac\/\",\"name\":\"Dost\u0119p do sieci RTK i RTN SMARTNET \u2013 1 miesi\u0105c - IRONSKY.PL Sklep z Dronami\",\"isPartOf\":{\"@id\":\"https:\/\/ironsky.pl\/sklep\/#website\"},\"primaryImageOfPage\":{\"@id\":\"https:\/\/ironsky.pl\/sklep\/produkt\/dostep-do-sieci-rtk-i-rtn-smartnet-1-miesiac\/#primaryimage\"},\"image\":{\"@id\":\"https:\/\/ironsky.pl\/sklep\/produkt\/dostep-do-sieci-rtk-i-rtn-smartnet-1-miesiac\/#primaryimage\"},\"thumbnailUrl\":\"https:\/\/ironsky.pl\/sklep\/wp-content\/uploads\/2024\/09\/19496_1.jpg\",\"datePublished\":\"2024-09-16T10:01:05+00:00\",\"dateModified\":\"2026-03-05T14:47:54+00:00\",\"description\":\"Dost\u0119p do sieci RTK i RTN SMARTNET \u2013 1 miesi\u0105c - \u2705 sklep z dronami i fachowym doradztwem. \u2705 Tutaj kupisz produkty DJI, Yuneec, Parrot, Syma i wiele innych, a tak\u017ce kursy i licencje na operatora drona.\",\"breadcrumb\":{\"@id\":\"https:\/\/ironsky.pl\/sklep\/produkt\/dostep-do-sieci-rtk-i-rtn-smartnet-1-miesiac\/#breadcrumb\"},\"inLanguage\":\"pl-PL\",\"potentialAction\":[{\"@type\":\"ReadAction\",\"target\":[\"https:\/\/ironsky.pl\/sklep\/produkt\/dostep-do-sieci-rtk-i-rtn-smartnet-1-miesiac\/\"]}]},{\"@type\":\"ImageObject\",\"inLanguage\":\"pl-PL\",\"@id\":\"https:\/\/ironsky.pl\/sklep\/produkt\/dostep-do-sieci-rtk-i-rtn-smartnet-1-miesiac\/#primaryimage\",\"url\":\"https:\/\/ironsky.pl\/sklep\/wp-content\/uploads\/2024\/09\/19496_1.jpg\",\"contentUrl\":\"https:\/\/ironsky.pl\/sklep\/wp-content\/uploads\/2024\/09\/19496_1.jpg\",\"width\":800,\"height\":800},{\"@type\":\"BreadcrumbList\",\"@id\":\"https:\/\/ironsky.pl\/sklep\/produkt\/dostep-do-sieci-rtk-i-rtn-smartnet-1-miesiac\/#breadcrumb\",\"itemListElement\":[{\"@type\":\"ListItem\",\"position\":1,\"name\":\"Strona g\u0142\u00f3wna\",\"item\":\"https:\/\/ironsky.pl\/sklep\/\"},{\"@type\":\"ListItem\",\"position\":2,\"name\":\"Wszystkie produkty\",\"item\":\"https:\/\/ironsky.pl\/sklep\/produkty\/\"},{\"@type\":\"ListItem\",\"position\":3,\"name\":\"Dost\u0119p do sieci RTK i RTN SMARTNET \u2013 1 miesi\u0105c\"}]},{\"@type\":\"WebSite\",\"@id\":\"https:\/\/ironsky.pl\/sklep\/#website\",\"url\":\"https:\/\/ironsky.pl\/sklep\/\",\"name\":\"IRONSKY.PL Sklep z Dronami\",\"description\":\"IRONSKY.PL Sklep z Dronami\",\"potentialAction\":[{\"@type\":\"SearchAction\",\"target\":{\"@type\":\"EntryPoint\",\"urlTemplate\":\"https:\/\/ironsky.pl\/sklep\/?s={search_term_string}\"},\"query-input\":{\"@type\":\"PropertyValueSpecification\",\"valueRequired\":true,\"valueName\":\"search_term_string\"}}],\"inLanguage\":\"pl-PL\"}]}<\/script>\n<!-- \/ Yoast SEO plugin. -->","yoast_head_json":{"title":"Dost\u0119p do sieci RTK i RTN SMARTNET \u2013 1 miesi\u0105c - IRONSKY.PL Sklep z Dronami","description":"Dost\u0119p do sieci RTK i RTN SMARTNET \u2013 1 miesi\u0105c - \u2705 sklep z dronami i fachowym doradztwem. \u2705 Tutaj kupisz produkty DJI, Yuneec, Parrot, Syma i wiele innych, a tak\u017ce kursy i licencje na operatora drona.","robots":{"index":"index","follow":"follow","max-snippet":"max-snippet:-1","max-image-preview":"max-image-preview:large","max-video-preview":"max-video-preview:-1"},"canonical":"https:\/\/ironsky.pl\/sklep\/produkt\/dostep-do-sieci-rtk-i-rtn-smartnet-1-miesiac\/","og_locale":"pl_PL","og_type":"article","og_title":"Dost\u0119p do sieci RTK i RTN SMARTNET \u2013 1 miesi\u0105c - IRONSKY.PL Sklep z Dronami","og_description":"Dost\u0119p do sieci RTK i RTN SMARTNET \u2013 1 miesi\u0105c - \u2705 sklep z dronami i fachowym doradztwem. \u2705 Tutaj kupisz produkty DJI, Yuneec, Parrot, Syma i wiele innych, a tak\u017ce kursy i licencje na operatora drona.","og_url":"https:\/\/ironsky.pl\/sklep\/produkt\/dostep-do-sieci-rtk-i-rtn-smartnet-1-miesiac\/","og_site_name":"IRONSKY.PL Sklep z Dronami","article_modified_time":"2026-03-05T14:47:54+00:00","og_image":[{"width":800,"height":800,"url":"https:\/\/ironsky.pl\/sklep\/wp-content\/uploads\/2024\/09\/19496_1.jpg","type":"image\/jpeg"}],"twitter_card":"summary_large_image","twitter_misc":{"Szacowany czas czytania":"2 minuty"},"schema":{"@context":"https:\/\/schema.org","@graph":[{"@type":"WebPage","@id":"https:\/\/ironsky.pl\/sklep\/produkt\/dostep-do-sieci-rtk-i-rtn-smartnet-1-miesiac\/","url":"https:\/\/ironsky.pl\/sklep\/produkt\/dostep-do-sieci-rtk-i-rtn-smartnet-1-miesiac\/","name":"Dost\u0119p do sieci RTK i RTN SMARTNET \u2013 1 miesi\u0105c - IRONSKY.PL Sklep z Dronami","isPartOf":{"@id":"https:\/\/ironsky.pl\/sklep\/#website"},"primaryImageOfPage":{"@id":"https:\/\/ironsky.pl\/sklep\/produkt\/dostep-do-sieci-rtk-i-rtn-smartnet-1-miesiac\/#primaryimage"},"image":{"@id":"https:\/\/ironsky.pl\/sklep\/produkt\/dostep-do-sieci-rtk-i-rtn-smartnet-1-miesiac\/#primaryimage"},"thumbnailUrl":"https:\/\/ironsky.pl\/sklep\/wp-content\/uploads\/2024\/09\/19496_1.jpg","datePublished":"2024-09-16T10:01:05+00:00","dateModified":"2026-03-05T14:47:54+00:00","description":"Dost\u0119p do sieci RTK i RTN SMARTNET \u2013 1 miesi\u0105c - \u2705 sklep z dronami i fachowym doradztwem. \u2705 Tutaj kupisz produkty DJI, Yuneec, Parrot, Syma i wiele innych, a tak\u017ce kursy i licencje na operatora drona.","breadcrumb":{"@id":"https:\/\/ironsky.pl\/sklep\/produkt\/dostep-do-sieci-rtk-i-rtn-smartnet-1-miesiac\/#breadcrumb"},"inLanguage":"pl-PL","potentialAction":[{"@type":"ReadAction","target":["https:\/\/ironsky.pl\/sklep\/produkt\/dostep-do-sieci-rtk-i-rtn-smartnet-1-miesiac\/"]}]},{"@type":"ImageObject","inLanguage":"pl-PL","@id":"https:\/\/ironsky.pl\/sklep\/produkt\/dostep-do-sieci-rtk-i-rtn-smartnet-1-miesiac\/#primaryimage","url":"https:\/\/ironsky.pl\/sklep\/wp-content\/uploads\/2024\/09\/19496_1.jpg","contentUrl":"https:\/\/ironsky.pl\/sklep\/wp-content\/uploads\/2024\/09\/19496_1.jpg","width":800,"height":800},{"@type":"BreadcrumbList","@id":"https:\/\/ironsky.pl\/sklep\/produkt\/dostep-do-sieci-rtk-i-rtn-smartnet-1-miesiac\/#breadcrumb","itemListElement":[{"@type":"ListItem","position":1,"name":"Strona g\u0142\u00f3wna","item":"https:\/\/ironsky.pl\/sklep\/"},{"@type":"ListItem","position":2,"name":"Wszystkie produkty","item":"https:\/\/ironsky.pl\/sklep\/produkty\/"},{"@type":"ListItem","position":3,"name":"Dost\u0119p do sieci RTK i RTN SMARTNET \u2013 1 miesi\u0105c"}]},{"@type":"WebSite","@id":"https:\/\/ironsky.pl\/sklep\/#website","url":"https:\/\/ironsky.pl\/sklep\/","name":"IRONSKY.PL Sklep z Dronami","description":"IRONSKY.PL Sklep z Dronami","potentialAction":[{"@type":"SearchAction","target":{"@type":"EntryPoint","urlTemplate":"https:\/\/ironsky.pl\/sklep\/?s={search_term_string}"},"query-input":{"@type":"PropertyValueSpecification","valueRequired":true,"valueName":"search_term_string"}}],"inLanguage":"pl-PL"}]}},"_links":{"self":[{"href":"https:\/\/ironsky.pl\/sklep\/wp-json\/wp\/v2\/product\/18988","targetHints":{"allow":["GET"]}}],"collection":[{"href":"https:\/\/ironsky.pl\/sklep\/wp-json\/wp\/v2\/product"}],"about":[{"href":"https:\/\/ironsky.pl\/sklep\/wp-json\/wp\/v2\/types\/product"}],"replies":[{"embeddable":true,"href":"https:\/\/ironsky.pl\/sklep\/wp-json\/wp\/v2\/comments?post=18988"}],"wp:featuredmedia":[{"embeddable":true,"href":"https:\/\/ironsky.pl\/sklep\/wp-json\/wp\/v2\/media\/18989"}],"wp:attachment":[{"href":"https:\/\/ironsky.pl\/sklep\/wp-json\/wp\/v2\/media?parent=18988"}],"wp:term":[{"taxonomy":"product_brand","embeddable":true,"href":"https:\/\/ironsky.pl\/sklep\/wp-json\/wp\/v2\/product_brand?post=18988"},{"taxonomy":"product_cat","embeddable":true,"href":"https:\/\/ironsky.pl\/sklep\/wp-json\/wp\/v2\/product_cat?post=18988"},{"taxonomy":"product_tag","embeddable":true,"href":"https:\/\/ironsky.pl\/sklep\/wp-json\/wp\/v2\/product_tag?post=18988"}],"curies":[{"name":"wp","href":"https:\/\/api.w.org\/{rel}","templated":true}]}}