{"id":18962,"date":"2024-09-16T12:01:05","date_gmt":"2024-09-16T10:01:05","guid":{"rendered":"http:\/\/gvshalph.pro-linuxpl.com\/ironskyprodukty\/produkt\/oslony-smigiel-360-dji-mini-2-mini-2-se\/"},"modified":"2026-03-05T15:47:52","modified_gmt":"2026-03-05T14:47:52","slug":"oslony-smigiel-360-dji-mini-2-mini-2-se","status":"publish","type":"product","link":"https:\/\/ironsky.pl\/sklep\/produkt\/oslony-smigiel-360-dji-mini-2-mini-2-se\/","title":{"rendered":"Os\u0142ony \u015bmigie\u0142 360 &#8211; DJI Mini 2 \/ Mini 2 SE"},"content":{"rendered":"<h3>Os\u0142ony \u015bmigie\u0142 DJI Mini 2 (Mavic Mini 2)<\/h3>\n<p>Lekkie, a zarazem wytrzyma\u0142e os\u0142ony mog\u0105 ca\u0142kowicie okry\u0107 \u015bmig\u0142a DJI Mini 2, co pozwala zwi\u0119kszy\u0107 bezpiecze\u0144stwo lotu. Szczeg\u00f3lnie dobrze sprawdzaj\u0105 si\u0119 podczas nagrywania scen w pomieszczeniach oraz wsz\u0119dzie tam, gdzie wyst\u0119puje wiele przeszk\u00f3d. Produkt zapewnia wi\u0119ksz\u0105 gwarancj\u0119 bezpiecze\u0144stwa, dzi\u0119ki czemu idealnie nadaje si\u0119 zw\u0142aszcza dla pocz\u0105tkuj\u0105cych. Po zamontowaniu os\u0142on maksymalny czas lotu drona wynosi do 18 minut. S\u0105 kompatybilne z DJI Mini 2, Mini 2 SE oraz Mini SE.<\/p>\n<h3>W zestawie<\/h3>\n<ul>\n<li>Os\u0142ona \u015bmigie\u0142 x1<\/li>\n<\/ul>\n<div class=\"table-wrapper\">\n<table>\n<tbody>\n<tr>\n<th>Producent<\/th>\n<td>DJI<\/td>\n<\/tr>\n<tr>\n<th>Waga pojedynczej sztuki<\/th>\n<td>23,5 gram\u00f3w<\/td>\n<\/tr>\n<tr>\n<th>Maksymalne wymiary po zamontowaniu\t<\/th>\n<td>318 \u00d7 267 \u00d7 76 mm<\/td>\n<\/tr>\n<\/tbody>\n<\/table>\n<\/div>\n","protected":false},"excerpt":{"rendered":"<p>Os\u0142ony \u015bmigie\u0142 DJI Mini 2 (Mavic Mini 2) Lekkie, a zarazem wytrzyma\u0142e os\u0142ony mog\u0105 ca\u0142kowicie okry\u0107 \u015bmig\u0142a DJI Mini 2,<\/p>\n","protected":false},"featured_media":0,"comment_status":"closed","ping_status":"open","template":"","meta":{"_acf_changed":false},"product_brand":[],"product_cat":[1090,1091,6093,1089,1088],"product_tag":[],"class_list":{"0":"post-18962","1":"product","2":"type-product","3":"status-publish","5":"product_cat-akcesoria","6":"product_cat-dji","7":"product_cat-baterie-do-dronow","8":"product_cat-czesci-zamienne-do-dronow","9":"product_cat-drony","10":"pa_box-height-2378","11":"pa_box-length-2379","12":"pa_box-width-2377","13":"pa_gross-weight-2380","14":"pa_hs-code-1700","15":"pa_kompatybilnosc-smigla-i-oslony","16":"pa_model-mini","17":"pa_net-weight-1497","18":"pa_seria-mini-dji-mini-2-dji-mini-2-se-mini-4k","20":"first","21":"outofstock","22":"taxable","23":"shipping-taxable","24":"product-type-simple"},"acf":[],"yoast_head":"<!-- This site is optimized with the Yoast SEO plugin v27.2 - https:\/\/yoast.com\/product\/yoast-seo-wordpress\/ -->\n<title>Os\u0142ony \u015bmigie\u0142 360 - DJI Mini 2 \/ Mini 2 SE - IRONSKY.PL Sklep z Dronami<\/title>\n<meta name=\"description\" content=\"Os\u0142ony \u015bmigie\u0142 360 - DJI Mini 2 \/ Mini 2 SE - \u2705 sklep z dronami i fachowym doradztwem. \u2705 Tutaj kupisz produkty DJI, Yuneec, Parrot, Syma i wiele innych, a tak\u017ce kursy i licencje na operatora drona.\" \/>\n<meta name=\"robots\" content=\"index, follow, max-snippet:-1, max-image-preview:large, max-video-preview:-1\" \/>\n<link rel=\"canonical\" href=\"https:\/\/ironsky.pl\/sklep\/produkt\/oslony-smigiel-360-dji-mini-2-mini-2-se\/\" \/>\n<meta property=\"og:locale\" content=\"pl_PL\" \/>\n<meta property=\"og:type\" content=\"article\" \/>\n<meta property=\"og:title\" content=\"Os\u0142ony \u015bmigie\u0142 360 - DJI Mini 2 \/ Mini 2 SE - IRONSKY.PL Sklep z Dronami\" \/>\n<meta property=\"og:description\" content=\"Os\u0142ony \u015bmigie\u0142 360 - DJI Mini 2 \/ Mini 2 SE - \u2705 sklep z dronami i fachowym doradztwem. \u2705 Tutaj kupisz produkty DJI, Yuneec, Parrot, Syma i wiele innych, a tak\u017ce kursy i licencje na operatora drona.\" \/>\n<meta property=\"og:url\" content=\"https:\/\/ironsky.pl\/sklep\/produkt\/oslony-smigiel-360-dji-mini-2-mini-2-se\/\" \/>\n<meta property=\"og:site_name\" content=\"IRONSKY.PL Sklep z Dronami\" \/>\n<meta property=\"article:modified_time\" content=\"2026-03-05T14:47:52+00:00\" \/>\n<meta name=\"twitter:card\" content=\"summary_large_image\" \/>\n<meta name=\"twitter:label1\" content=\"Szacowany czas czytania\" \/>\n\t<meta name=\"twitter:data1\" content=\"1 minuta\" \/>\n<script type=\"application\/ld+json\" class=\"yoast-schema-graph\">{\"@context\":\"https:\/\/schema.org\",\"@graph\":[{\"@type\":\"WebPage\",\"@id\":\"https:\/\/ironsky.pl\/sklep\/produkt\/oslony-smigiel-360-dji-mini-2-mini-2-se\/\",\"url\":\"https:\/\/ironsky.pl\/sklep\/produkt\/oslony-smigiel-360-dji-mini-2-mini-2-se\/\",\"name\":\"Os\u0142ony \u015bmigie\u0142 360 - DJI Mini 2 \/ Mini 2 SE - IRONSKY.PL Sklep z Dronami\",\"isPartOf\":{\"@id\":\"https:\/\/ironsky.pl\/sklep\/#website\"},\"datePublished\":\"2024-09-16T10:01:05+00:00\",\"dateModified\":\"2026-03-05T14:47:52+00:00\",\"description\":\"Os\u0142ony \u015bmigie\u0142 360 - DJI Mini 2 \/ Mini 2 SE - \u2705 sklep z dronami i fachowym doradztwem. \u2705 Tutaj kupisz produkty DJI, Yuneec, Parrot, Syma i wiele innych, a tak\u017ce kursy i licencje na operatora drona.\",\"breadcrumb\":{\"@id\":\"https:\/\/ironsky.pl\/sklep\/produkt\/oslony-smigiel-360-dji-mini-2-mini-2-se\/#breadcrumb\"},\"inLanguage\":\"pl-PL\",\"potentialAction\":[{\"@type\":\"ReadAction\",\"target\":[\"https:\/\/ironsky.pl\/sklep\/produkt\/oslony-smigiel-360-dji-mini-2-mini-2-se\/\"]}]},{\"@type\":\"BreadcrumbList\",\"@id\":\"https:\/\/ironsky.pl\/sklep\/produkt\/oslony-smigiel-360-dji-mini-2-mini-2-se\/#breadcrumb\",\"itemListElement\":[{\"@type\":\"ListItem\",\"position\":1,\"name\":\"Strona g\u0142\u00f3wna\",\"item\":\"https:\/\/ironsky.pl\/sklep\/\"},{\"@type\":\"ListItem\",\"position\":2,\"name\":\"Wszystkie produkty\",\"item\":\"https:\/\/ironsky.pl\/sklep\/produkty\/\"},{\"@type\":\"ListItem\",\"position\":3,\"name\":\"Os\u0142ony \u015bmigie\u0142 360 &#8211; DJI Mini 2 \/ Mini 2 SE\"}]},{\"@type\":\"WebSite\",\"@id\":\"https:\/\/ironsky.pl\/sklep\/#website\",\"url\":\"https:\/\/ironsky.pl\/sklep\/\",\"name\":\"IRONSKY.PL Sklep z Dronami\",\"description\":\"IRONSKY.PL Sklep z Dronami\",\"potentialAction\":[{\"@type\":\"SearchAction\",\"target\":{\"@type\":\"EntryPoint\",\"urlTemplate\":\"https:\/\/ironsky.pl\/sklep\/?s={search_term_string}\"},\"query-input\":{\"@type\":\"PropertyValueSpecification\",\"valueRequired\":true,\"valueName\":\"search_term_string\"}}],\"inLanguage\":\"pl-PL\"}]}<\/script>\n<!-- \/ Yoast SEO plugin. -->","yoast_head_json":{"title":"Os\u0142ony \u015bmigie\u0142 360 - DJI Mini 2 \/ Mini 2 SE - IRONSKY.PL Sklep z Dronami","description":"Os\u0142ony \u015bmigie\u0142 360 - DJI Mini 2 \/ Mini 2 SE - \u2705 sklep z dronami i fachowym doradztwem. \u2705 Tutaj kupisz produkty DJI, Yuneec, Parrot, Syma i wiele innych, a tak\u017ce kursy i licencje na operatora drona.","robots":{"index":"index","follow":"follow","max-snippet":"max-snippet:-1","max-image-preview":"max-image-preview:large","max-video-preview":"max-video-preview:-1"},"canonical":"https:\/\/ironsky.pl\/sklep\/produkt\/oslony-smigiel-360-dji-mini-2-mini-2-se\/","og_locale":"pl_PL","og_type":"article","og_title":"Os\u0142ony \u015bmigie\u0142 360 - DJI Mini 2 \/ Mini 2 SE - IRONSKY.PL Sklep z Dronami","og_description":"Os\u0142ony \u015bmigie\u0142 360 - DJI Mini 2 \/ Mini 2 SE - \u2705 sklep z dronami i fachowym doradztwem. \u2705 Tutaj kupisz produkty DJI, Yuneec, Parrot, Syma i wiele innych, a tak\u017ce kursy i licencje na operatora drona.","og_url":"https:\/\/ironsky.pl\/sklep\/produkt\/oslony-smigiel-360-dji-mini-2-mini-2-se\/","og_site_name":"IRONSKY.PL Sklep z Dronami","article_modified_time":"2026-03-05T14:47:52+00:00","twitter_card":"summary_large_image","twitter_misc":{"Szacowany czas czytania":"1 minuta"},"schema":{"@context":"https:\/\/schema.org","@graph":[{"@type":"WebPage","@id":"https:\/\/ironsky.pl\/sklep\/produkt\/oslony-smigiel-360-dji-mini-2-mini-2-se\/","url":"https:\/\/ironsky.pl\/sklep\/produkt\/oslony-smigiel-360-dji-mini-2-mini-2-se\/","name":"Os\u0142ony \u015bmigie\u0142 360 - DJI Mini 2 \/ Mini 2 SE - IRONSKY.PL Sklep z Dronami","isPartOf":{"@id":"https:\/\/ironsky.pl\/sklep\/#website"},"datePublished":"2024-09-16T10:01:05+00:00","dateModified":"2026-03-05T14:47:52+00:00","description":"Os\u0142ony \u015bmigie\u0142 360 - DJI Mini 2 \/ Mini 2 SE - \u2705 sklep z dronami i fachowym doradztwem. \u2705 Tutaj kupisz produkty DJI, Yuneec, Parrot, Syma i wiele innych, a tak\u017ce kursy i licencje na operatora drona.","breadcrumb":{"@id":"https:\/\/ironsky.pl\/sklep\/produkt\/oslony-smigiel-360-dji-mini-2-mini-2-se\/#breadcrumb"},"inLanguage":"pl-PL","potentialAction":[{"@type":"ReadAction","target":["https:\/\/ironsky.pl\/sklep\/produkt\/oslony-smigiel-360-dji-mini-2-mini-2-se\/"]}]},{"@type":"BreadcrumbList","@id":"https:\/\/ironsky.pl\/sklep\/produkt\/oslony-smigiel-360-dji-mini-2-mini-2-se\/#breadcrumb","itemListElement":[{"@type":"ListItem","position":1,"name":"Strona g\u0142\u00f3wna","item":"https:\/\/ironsky.pl\/sklep\/"},{"@type":"ListItem","position":2,"name":"Wszystkie produkty","item":"https:\/\/ironsky.pl\/sklep\/produkty\/"},{"@type":"ListItem","position":3,"name":"Os\u0142ony \u015bmigie\u0142 360 &#8211; DJI Mini 2 \/ Mini 2 SE"}]},{"@type":"WebSite","@id":"https:\/\/ironsky.pl\/sklep\/#website","url":"https:\/\/ironsky.pl\/sklep\/","name":"IRONSKY.PL Sklep z Dronami","description":"IRONSKY.PL Sklep z Dronami","potentialAction":[{"@type":"SearchAction","target":{"@type":"EntryPoint","urlTemplate":"https:\/\/ironsky.pl\/sklep\/?s={search_term_string}"},"query-input":{"@type":"PropertyValueSpecification","valueRequired":true,"valueName":"search_term_string"}}],"inLanguage":"pl-PL"}]}},"_links":{"self":[{"href":"https:\/\/ironsky.pl\/sklep\/wp-json\/wp\/v2\/product\/18962","targetHints":{"allow":["GET"]}}],"collection":[{"href":"https:\/\/ironsky.pl\/sklep\/wp-json\/wp\/v2\/product"}],"about":[{"href":"https:\/\/ironsky.pl\/sklep\/wp-json\/wp\/v2\/types\/product"}],"replies":[{"embeddable":true,"href":"https:\/\/ironsky.pl\/sklep\/wp-json\/wp\/v2\/comments?post=18962"}],"wp:attachment":[{"href":"https:\/\/ironsky.pl\/sklep\/wp-json\/wp\/v2\/media?parent=18962"}],"wp:term":[{"taxonomy":"product_brand","embeddable":true,"href":"https:\/\/ironsky.pl\/sklep\/wp-json\/wp\/v2\/product_brand?post=18962"},{"taxonomy":"product_cat","embeddable":true,"href":"https:\/\/ironsky.pl\/sklep\/wp-json\/wp\/v2\/product_cat?post=18962"},{"taxonomy":"product_tag","embeddable":true,"href":"https:\/\/ironsky.pl\/sklep\/wp-json\/wp\/v2\/product_tag?post=18962"}],"curies":[{"name":"wp","href":"https:\/\/api.w.org\/{rel}","templated":true}]}}