{"id":18938,"date":"2024-09-16T12:00:00","date_gmt":"2024-09-16T10:00:00","guid":{"rendered":"http:\/\/gvshalph.pro-linuxpl.com\/ironskyprodukty\/produkt\/filtr-vnd-6-9-stopni-pgytech-do-dji-mavic-air-2-p-16a-041\/"},"modified":"2026-03-05T15:47:51","modified_gmt":"2026-03-05T14:47:51","slug":"filtr-vnd-6-9-stopni-pgytech-do-dji-mavic-air-2-p-16a-041","status":"publish","type":"product","link":"https:\/\/ironsky.pl\/sklep\/produkt\/filtr-vnd-6-9-stopni-pgytech-do-dji-mavic-air-2-p-16a-041\/","title":{"rendered":"Filtr VND 6-9 stopni PGYTECH do DJI Mavic Air 2 (P-16A-041)"},"content":{"rendered":"<h3>Perfekcyjne o\u015bwietlenie w ka\u017cdej sytuacji<\/h3>\n<p>Dzi\u0119ki filtrowi VND 6-9 stopni mo\u017cna zdecydowanie szybciej dostosowa\u0107 ilo\u015b\u0107 \u015bwiat\u0142a docieraj\u0105cego do aparatu. Zamiarem producenta by\u0142o stworzenie akcesorium, kt\u00f3re wyr\u00f3\u017cnia si\u0119 lepszym dostosowaniem do dynamicznej pracy ni\u017c standardowe filtry ND. Zakres filtra VND 6-9 stopni znajduje si\u0119 pomi\u0119dzy ND64-ND512.<\/p>\n<p><img decoding=\"async\" src=\"https:\/\/b2b.innpro.pl\/data\/include\/cms\/01.21\/P-16A-041\/Mavic_Air_2_VND_filter_not_affect_balance_performance_2.jpg\"><\/p>\n<h3>Dost\u0119pny w dw\u00f3ch wersjach<\/h3>\n<p>Dla jeszcze bardziej precyzyjnej kontroli ilo\u015bci \u015bwiat\u0142a docieraj\u0105cego do aparatu PGYTECH stworzy\u0142o dwa filtry: 2-5 oraz 6-9 stopni. Dzi\u0119ki temu u\u017cytkownik zyskuje 4 filtry ND w jednym, co zapewnia zdecydowanie wi\u0119kszy komfort u\u017cytkowania.<\/p>\n<ul>\n<li>VND (2-5 stopni): mo\u017cna wybra\u0107 spo\u015br\u00f3d 4 odpowiednik\u00f3w tj. ND4, ND8, ND16 i ND32<\/li>\n<li>VND (6-9 stopni): mo\u017cna wybra\u0107 spo\u015br\u00f3d 4 odpowiednik\u00f3w tj. ND64, ND128, ND256 i ND512<\/li>\n<\/ul>\n<p><img decoding=\"async\" src=\"https:\/\/b2b.innpro.pl\/data\/include\/cms\/01.21\/P-16A-041\/Available_in_2-5_or_6-9_Stops_for_accurate_light_control.gif\"><\/p>\n<h3>Idealny do wymagaj\u0105cej pracy<\/h3>\n<p>Z filtrem VND 6-9 stopni, nie trzeba si\u0119 wi\u0119cej martwi\u0107 o zmian\u0119 pomi\u0119dzy ND64, czy ND512. Wystarczy przekr\u0119ci\u0107 tarcz\u0119 i uzyska\u0107 oczekiwany efekt. Dzi\u0119ki zastosowanym perforacjom palce nie b\u0119d\u0105 \u015blizga\u0107 si\u0119 po jej powierzchni, a demonta\u017c akcesorium nie stanowi \u017cadnego problemu.<\/p>\n<p><img decoding=\"async\" src=\"https:\/\/b2b.innpro.pl\/data\/include\/cms\/01.21\/P-16A-041\/Mavic_Air_2_VND_FILTER_adjust_exposure_effect.gif\"><\/p>\n<h3>Zaawansowane pow\u0142oki ochronne<\/h3>\n<p>Dzi\u0119ki dwustronnej, wielowarstwowej, odpychaj\u0105cej wod\u0119 i olej pow\u0142oce filtra utrzymanie go w czysto\u015bci jest zdecydowanie u\u0142atwione. Producent wyposa\u017cy\u0142 go r\u00f3wnie\u017c w tward\u0105 pow\u0142ok\u0119, aby zapewni\u0107 mu odporno\u015b\u0107 na zarysowania. Filtr wykorzystuje tak\u017ce szk\u0142o SCHOTT jako materia\u0142 bazowy. Dzi\u0119ki wielokrotnemu szlifowaniu i polerowaniu w celu uzyskania niskiego wsp\u00f3\u0142czynnika za\u0142amania \u015bwiat\u0142a umo\u017cliwia ono profesjonalistom tworzenie szczeg\u00f3\u0142owych zdj\u0119\u0107 o pi\u0119knych, nasyconych barwach.<\/p>\n<p><img decoding=\"async\" src=\"https:\/\/b2b.innpro.pl\/data\/include\/cms\/01.21\/P-16A-041\/VND_filter_set_up_on_Mavic_Air_2_anti-slip_quick_release_design.jpg\"><\/p>\n<h3>Instrukcja obs\u0142ugi<\/h3>\n<p>Najpierw usu\u0144 zamontowan\u0105 os\u0142on\u0119 obiektywu, a nast\u0119pnie przymocuj do niego filtr PGYTECH poprzez odpowiednie doci\u015bni\u0119cie go i obr\u00f3t w celu zablokowania. Nast\u0119pnie kr\u0119\u0107 tarcz\u0105 akcesorium, aby dostosowa\u0107 odpowiedni\u0105 warto\u015b\u0107 przyciemnienia.<\/p>\n<p><img decoding=\"async\" src=\"https:\/\/b2b.innpro.pl\/data\/include\/cms\/01.21\/P-16A-041\/Instrukcja_obsugi_filtra.jpg\"><\/p>\n<div class=\"table-wrapper\">\n<table class=\"table-specs\" style=\"height: 64px;\" width=\"861\">\n<tbody>\n<tr>\n<th><span>Kod producenta<\/span><\/th>\n<td><span>P-16A-041<\/span><\/td>\n<\/tr>\n<tr>\n<th><span>Filtr<\/span><\/th>\n<td><span>VND 6-9 stopni<\/span><\/td>\n<\/tr>\n<tr>\n<th><span>Tworzywo<\/span><\/th>\n<td><span>Szk\u0142o + aluminium<\/span><\/td>\n<\/tr>\n<tr>\n<th><span>Waga<\/span><\/th>\n<td><span>1,5 g<\/span><\/td>\n<\/tr>\n<\/tbody>\n<\/table>\n<\/div>\n","protected":false},"excerpt":{"rendered":"<p>Perfekcyjne o\u015bwietlenie w ka\u017cdej sytuacji Dzi\u0119ki filtrowi VND 6-9 stopni mo\u017cna zdecydowanie szybciej dostosowa\u0107 ilo\u015b\u0107 \u015bwiat\u0142a docieraj\u0105cego do aparatu. Zamiarem<\/p>\n","protected":false},"featured_media":18939,"comment_status":"closed","ping_status":"open","template":"","meta":{"_acf_changed":false},"product_brand":[],"product_cat":[1090,1088],"product_tag":[],"class_list":{"0":"post-18938","1":"product","2":"type-product","3":"status-publish","4":"has-post-thumbnail","6":"product_cat-akcesoria","7":"product_cat-drony","8":"pa_box-height-1691","9":"pa_box-length-1787","10":"pa_box-width-1994","11":"pa_gross-weight-2282","12":"pa_hs-code-1741","13":"pa_kompatybilnosc-filtry","14":"pa_net-weight-2281","15":"pa_seria-air-dji-air-2","17":"first","18":"outofstock","19":"taxable","20":"shipping-taxable","21":"purchasable","22":"product-type-simple"},"acf":[],"yoast_head":"<!-- This site is optimized with the Yoast SEO plugin v27.2 - https:\/\/yoast.com\/product\/yoast-seo-wordpress\/ -->\n<title>Filtr VND 6-9 stopni PGYTECH do DJI Mavic Air 2 (P-16A-041) - IRONSKY.PL Sklep z Dronami<\/title>\n<meta name=\"description\" content=\"Filtr VND 6-9 stopni PGYTECH do DJI Mavic Air 2 (P-16A-041) - \u2705 sklep z dronami i fachowym doradztwem. \u2705 Tutaj kupisz produkty DJI, Yuneec, Parrot, Syma i wiele innych, a tak\u017ce kursy i licencje na operatora drona.\" \/>\n<meta name=\"robots\" content=\"index, follow, max-snippet:-1, max-image-preview:large, max-video-preview:-1\" \/>\n<link rel=\"canonical\" href=\"https:\/\/ironsky.pl\/sklep\/produkt\/filtr-vnd-6-9-stopni-pgytech-do-dji-mavic-air-2-p-16a-041\/\" \/>\n<meta property=\"og:locale\" content=\"pl_PL\" \/>\n<meta property=\"og:type\" content=\"article\" \/>\n<meta property=\"og:title\" content=\"Filtr VND 6-9 stopni PGYTECH do DJI Mavic Air 2 (P-16A-041) - IRONSKY.PL Sklep z Dronami\" \/>\n<meta property=\"og:description\" content=\"Filtr VND 6-9 stopni PGYTECH do DJI Mavic Air 2 (P-16A-041) - \u2705 sklep z dronami i fachowym doradztwem. \u2705 Tutaj kupisz produkty DJI, Yuneec, Parrot, Syma i wiele innych, a tak\u017ce kursy i licencje na operatora drona.\" \/>\n<meta property=\"og:url\" content=\"https:\/\/ironsky.pl\/sklep\/produkt\/filtr-vnd-6-9-stopni-pgytech-do-dji-mavic-air-2-p-16a-041\/\" \/>\n<meta property=\"og:site_name\" content=\"IRONSKY.PL Sklep z Dronami\" \/>\n<meta property=\"article:modified_time\" content=\"2026-03-05T14:47:51+00:00\" \/>\n<meta property=\"og:image\" content=\"https:\/\/ironsky.pl\/sklep\/wp-content\/uploads\/2024\/09\/18932_3.jpg\" \/>\n\t<meta property=\"og:image:width\" content=\"728\" \/>\n\t<meta property=\"og:image:height\" content=\"709\" \/>\n\t<meta property=\"og:image:type\" content=\"image\/jpeg\" \/>\n<meta name=\"twitter:card\" content=\"summary_large_image\" \/>\n<meta name=\"twitter:label1\" content=\"Szacowany czas czytania\" \/>\n\t<meta name=\"twitter:data1\" content=\"2 minuty\" \/>\n<script type=\"application\/ld+json\" class=\"yoast-schema-graph\">{\"@context\":\"https:\/\/schema.org\",\"@graph\":[{\"@type\":\"WebPage\",\"@id\":\"https:\/\/ironsky.pl\/sklep\/produkt\/filtr-vnd-6-9-stopni-pgytech-do-dji-mavic-air-2-p-16a-041\/\",\"url\":\"https:\/\/ironsky.pl\/sklep\/produkt\/filtr-vnd-6-9-stopni-pgytech-do-dji-mavic-air-2-p-16a-041\/\",\"name\":\"Filtr VND 6-9 stopni PGYTECH do DJI Mavic Air 2 (P-16A-041) - IRONSKY.PL Sklep z Dronami\",\"isPartOf\":{\"@id\":\"https:\/\/ironsky.pl\/sklep\/#website\"},\"primaryImageOfPage\":{\"@id\":\"https:\/\/ironsky.pl\/sklep\/produkt\/filtr-vnd-6-9-stopni-pgytech-do-dji-mavic-air-2-p-16a-041\/#primaryimage\"},\"image\":{\"@id\":\"https:\/\/ironsky.pl\/sklep\/produkt\/filtr-vnd-6-9-stopni-pgytech-do-dji-mavic-air-2-p-16a-041\/#primaryimage\"},\"thumbnailUrl\":\"https:\/\/ironsky.pl\/sklep\/wp-content\/uploads\/2024\/09\/18932_3.jpg\",\"datePublished\":\"2024-09-16T10:00:00+00:00\",\"dateModified\":\"2026-03-05T14:47:51+00:00\",\"description\":\"Filtr VND 6-9 stopni PGYTECH do DJI Mavic Air 2 (P-16A-041) - \u2705 sklep z dronami i fachowym doradztwem. \u2705 Tutaj kupisz produkty DJI, Yuneec, Parrot, Syma i wiele innych, a tak\u017ce kursy i licencje na operatora drona.\",\"breadcrumb\":{\"@id\":\"https:\/\/ironsky.pl\/sklep\/produkt\/filtr-vnd-6-9-stopni-pgytech-do-dji-mavic-air-2-p-16a-041\/#breadcrumb\"},\"inLanguage\":\"pl-PL\",\"potentialAction\":[{\"@type\":\"ReadAction\",\"target\":[\"https:\/\/ironsky.pl\/sklep\/produkt\/filtr-vnd-6-9-stopni-pgytech-do-dji-mavic-air-2-p-16a-041\/\"]}]},{\"@type\":\"ImageObject\",\"inLanguage\":\"pl-PL\",\"@id\":\"https:\/\/ironsky.pl\/sklep\/produkt\/filtr-vnd-6-9-stopni-pgytech-do-dji-mavic-air-2-p-16a-041\/#primaryimage\",\"url\":\"https:\/\/ironsky.pl\/sklep\/wp-content\/uploads\/2024\/09\/18932_3.jpg\",\"contentUrl\":\"https:\/\/ironsky.pl\/sklep\/wp-content\/uploads\/2024\/09\/18932_3.jpg\",\"width\":728,\"height\":709},{\"@type\":\"BreadcrumbList\",\"@id\":\"https:\/\/ironsky.pl\/sklep\/produkt\/filtr-vnd-6-9-stopni-pgytech-do-dji-mavic-air-2-p-16a-041\/#breadcrumb\",\"itemListElement\":[{\"@type\":\"ListItem\",\"position\":1,\"name\":\"Strona g\u0142\u00f3wna\",\"item\":\"https:\/\/ironsky.pl\/sklep\/\"},{\"@type\":\"ListItem\",\"position\":2,\"name\":\"Wszystkie produkty\",\"item\":\"https:\/\/ironsky.pl\/sklep\/produkty\/\"},{\"@type\":\"ListItem\",\"position\":3,\"name\":\"Filtr VND 6-9 stopni PGYTECH do DJI Mavic Air 2 (P-16A-041)\"}]},{\"@type\":\"WebSite\",\"@id\":\"https:\/\/ironsky.pl\/sklep\/#website\",\"url\":\"https:\/\/ironsky.pl\/sklep\/\",\"name\":\"IRONSKY.PL Sklep z Dronami\",\"description\":\"IRONSKY.PL Sklep z Dronami\",\"potentialAction\":[{\"@type\":\"SearchAction\",\"target\":{\"@type\":\"EntryPoint\",\"urlTemplate\":\"https:\/\/ironsky.pl\/sklep\/?s={search_term_string}\"},\"query-input\":{\"@type\":\"PropertyValueSpecification\",\"valueRequired\":true,\"valueName\":\"search_term_string\"}}],\"inLanguage\":\"pl-PL\"}]}<\/script>\n<!-- \/ Yoast SEO plugin. -->","yoast_head_json":{"title":"Filtr VND 6-9 stopni PGYTECH do DJI Mavic Air 2 (P-16A-041) - IRONSKY.PL Sklep z Dronami","description":"Filtr VND 6-9 stopni PGYTECH do DJI Mavic Air 2 (P-16A-041) - \u2705 sklep z dronami i fachowym doradztwem. \u2705 Tutaj kupisz produkty DJI, Yuneec, Parrot, Syma i wiele innych, a tak\u017ce kursy i licencje na operatora drona.","robots":{"index":"index","follow":"follow","max-snippet":"max-snippet:-1","max-image-preview":"max-image-preview:large","max-video-preview":"max-video-preview:-1"},"canonical":"https:\/\/ironsky.pl\/sklep\/produkt\/filtr-vnd-6-9-stopni-pgytech-do-dji-mavic-air-2-p-16a-041\/","og_locale":"pl_PL","og_type":"article","og_title":"Filtr VND 6-9 stopni PGYTECH do DJI Mavic Air 2 (P-16A-041) - IRONSKY.PL Sklep z Dronami","og_description":"Filtr VND 6-9 stopni PGYTECH do DJI Mavic Air 2 (P-16A-041) - \u2705 sklep z dronami i fachowym doradztwem. \u2705 Tutaj kupisz produkty DJI, Yuneec, Parrot, Syma i wiele innych, a tak\u017ce kursy i licencje na operatora drona.","og_url":"https:\/\/ironsky.pl\/sklep\/produkt\/filtr-vnd-6-9-stopni-pgytech-do-dji-mavic-air-2-p-16a-041\/","og_site_name":"IRONSKY.PL Sklep z Dronami","article_modified_time":"2026-03-05T14:47:51+00:00","og_image":[{"width":728,"height":709,"url":"https:\/\/ironsky.pl\/sklep\/wp-content\/uploads\/2024\/09\/18932_3.jpg","type":"image\/jpeg"}],"twitter_card":"summary_large_image","twitter_misc":{"Szacowany czas czytania":"2 minuty"},"schema":{"@context":"https:\/\/schema.org","@graph":[{"@type":"WebPage","@id":"https:\/\/ironsky.pl\/sklep\/produkt\/filtr-vnd-6-9-stopni-pgytech-do-dji-mavic-air-2-p-16a-041\/","url":"https:\/\/ironsky.pl\/sklep\/produkt\/filtr-vnd-6-9-stopni-pgytech-do-dji-mavic-air-2-p-16a-041\/","name":"Filtr VND 6-9 stopni PGYTECH do DJI Mavic Air 2 (P-16A-041) - IRONSKY.PL Sklep z Dronami","isPartOf":{"@id":"https:\/\/ironsky.pl\/sklep\/#website"},"primaryImageOfPage":{"@id":"https:\/\/ironsky.pl\/sklep\/produkt\/filtr-vnd-6-9-stopni-pgytech-do-dji-mavic-air-2-p-16a-041\/#primaryimage"},"image":{"@id":"https:\/\/ironsky.pl\/sklep\/produkt\/filtr-vnd-6-9-stopni-pgytech-do-dji-mavic-air-2-p-16a-041\/#primaryimage"},"thumbnailUrl":"https:\/\/ironsky.pl\/sklep\/wp-content\/uploads\/2024\/09\/18932_3.jpg","datePublished":"2024-09-16T10:00:00+00:00","dateModified":"2026-03-05T14:47:51+00:00","description":"Filtr VND 6-9 stopni PGYTECH do DJI Mavic Air 2 (P-16A-041) - \u2705 sklep z dronami i fachowym doradztwem. \u2705 Tutaj kupisz produkty DJI, Yuneec, Parrot, Syma i wiele innych, a tak\u017ce kursy i licencje na operatora drona.","breadcrumb":{"@id":"https:\/\/ironsky.pl\/sklep\/produkt\/filtr-vnd-6-9-stopni-pgytech-do-dji-mavic-air-2-p-16a-041\/#breadcrumb"},"inLanguage":"pl-PL","potentialAction":[{"@type":"ReadAction","target":["https:\/\/ironsky.pl\/sklep\/produkt\/filtr-vnd-6-9-stopni-pgytech-do-dji-mavic-air-2-p-16a-041\/"]}]},{"@type":"ImageObject","inLanguage":"pl-PL","@id":"https:\/\/ironsky.pl\/sklep\/produkt\/filtr-vnd-6-9-stopni-pgytech-do-dji-mavic-air-2-p-16a-041\/#primaryimage","url":"https:\/\/ironsky.pl\/sklep\/wp-content\/uploads\/2024\/09\/18932_3.jpg","contentUrl":"https:\/\/ironsky.pl\/sklep\/wp-content\/uploads\/2024\/09\/18932_3.jpg","width":728,"height":709},{"@type":"BreadcrumbList","@id":"https:\/\/ironsky.pl\/sklep\/produkt\/filtr-vnd-6-9-stopni-pgytech-do-dji-mavic-air-2-p-16a-041\/#breadcrumb","itemListElement":[{"@type":"ListItem","position":1,"name":"Strona g\u0142\u00f3wna","item":"https:\/\/ironsky.pl\/sklep\/"},{"@type":"ListItem","position":2,"name":"Wszystkie produkty","item":"https:\/\/ironsky.pl\/sklep\/produkty\/"},{"@type":"ListItem","position":3,"name":"Filtr VND 6-9 stopni PGYTECH do DJI Mavic Air 2 (P-16A-041)"}]},{"@type":"WebSite","@id":"https:\/\/ironsky.pl\/sklep\/#website","url":"https:\/\/ironsky.pl\/sklep\/","name":"IRONSKY.PL Sklep z Dronami","description":"IRONSKY.PL Sklep z Dronami","potentialAction":[{"@type":"SearchAction","target":{"@type":"EntryPoint","urlTemplate":"https:\/\/ironsky.pl\/sklep\/?s={search_term_string}"},"query-input":{"@type":"PropertyValueSpecification","valueRequired":true,"valueName":"search_term_string"}}],"inLanguage":"pl-PL"}]}},"_links":{"self":[{"href":"https:\/\/ironsky.pl\/sklep\/wp-json\/wp\/v2\/product\/18938","targetHints":{"allow":["GET"]}}],"collection":[{"href":"https:\/\/ironsky.pl\/sklep\/wp-json\/wp\/v2\/product"}],"about":[{"href":"https:\/\/ironsky.pl\/sklep\/wp-json\/wp\/v2\/types\/product"}],"replies":[{"embeddable":true,"href":"https:\/\/ironsky.pl\/sklep\/wp-json\/wp\/v2\/comments?post=18938"}],"wp:featuredmedia":[{"embeddable":true,"href":"https:\/\/ironsky.pl\/sklep\/wp-json\/wp\/v2\/media\/18939"}],"wp:attachment":[{"href":"https:\/\/ironsky.pl\/sklep\/wp-json\/wp\/v2\/media?parent=18938"}],"wp:term":[{"taxonomy":"product_brand","embeddable":true,"href":"https:\/\/ironsky.pl\/sklep\/wp-json\/wp\/v2\/product_brand?post=18938"},{"taxonomy":"product_cat","embeddable":true,"href":"https:\/\/ironsky.pl\/sklep\/wp-json\/wp\/v2\/product_cat?post=18938"},{"taxonomy":"product_tag","embeddable":true,"href":"https:\/\/ironsky.pl\/sklep\/wp-json\/wp\/v2\/product_tag?post=18938"}],"curies":[{"name":"wp","href":"https:\/\/api.w.org\/{rel}","templated":true}]}}