{"id":18921,"date":"2024-09-16T12:00:00","date_gmt":"2024-09-16T10:00:00","guid":{"rendered":"http:\/\/gvshalph.pro-linuxpl.com\/ironskyprodukty\/produkt\/podwyzszenie-podwozia-pgytech-do-dji-mavic-air-2-air-2s-p-16a-036\/"},"modified":"2026-03-05T15:47:50","modified_gmt":"2026-03-05T14:47:50","slug":"podwyzszenie-podwozia-pgytech-do-dji-mavic-air-2-air-2s-p-16a-036","status":"publish","type":"product","link":"https:\/\/ironsky.pl\/sklep\/produkt\/podwyzszenie-podwozia-pgytech-do-dji-mavic-air-2-air-2s-p-16a-036\/","title":{"rendered":"Podwy\u017cszenie podwozia PGYTECH do DJI Mavic Air 2 \/ Air 2s (P-16A-036)"},"content":{"rendered":"<h3>Podwy\u017cszenia do Mavic Air 2 \/ Air 2s<\/h3>\n<p>Podwy\u017cszenia umo\u017cliwiaj\u0105 bardziej stabilne i bezpieczne l\u0105dowanie. Wyd\u0142u\u017caj\u0105 n\u00f3\u017cki drona o 35 mm. S\u0105 lekkie, dzi\u0119ki czemu nie maj\u0105 negatywnego wp\u0142ywu na jednostk\u0119, a ich monta\u017c jest niezwykle prosty.<\/p>\n<p><img decoding=\"async\" src=\"https:\/\/b2b.innpro.pl\/data\/include\/cms\/01.21\/P-16A-036\/06_DJI_Drone_accessories_Mavic_Air_2_Landing_Gear_Extensions.jpg\" alt=\"01.21\/P-16A-036\/06_DJI_Drone_accessories_Mavic_Air_2_Landing_Gear_Extensions\"><\/p>\n<h3>Szybki demonta\u017c<\/h3>\n<p>Podwy\u017cszenia podwozia dzi\u0119ki instalacji zatrzaskowej s\u0105 proste w monta\u017cu i demonta\u017cu. Klamra zapobiegaj\u0105ca zwolnieniu oraz mi\u0119kka guma TPU zapobiegaj\u0105 zsuwaniu si\u0119 z drona.<\/p>\n<p><img decoding=\"async\" src=\"https:\/\/b2b.innpro.pl\/data\/include\/cms\/01.21\/P-16A-036\/05_DJI_Drone_accessories_Mavic_Air_2_Landing_Gear_Extensions.jpg\" alt=\"01.21\/P-16A-036\/05_DJI_Drone_accessories_Mavic_Air_2_Landing_Gear_Extensions\"><\/p>\n<h3>Lekkie i stabilne<\/h3>\n<p>Urz\u0105dzenia wykonane zosta\u0142y z aluminium lotniczego, dzi\u0119ki czemu s\u0105 wytrzyma\u0142e oraz lekkie. To sprawia, \u017ce nie wp\u0142ywaj\u0105 negatywnie na drona. Podwy\u017cszenia s\u0105 solidne, odporne na zu\u017cycie i zarysowania, a dzi\u0119ki silikonowym elementom zapewniaj\u0105 amortyzacj\u0119 przy starcie i l\u0105dowaniu.<\/p>\n<p><img decoding=\"async\" src=\"https:\/\/b2b.innpro.pl\/data\/include\/cms\/01.21\/P-16A-036\/07_DJI_Drone_accessories_Mavic_Air_2_Landing_Gear_Extensions.jpg\" alt=\"01.21\/P-16A-036\/07_DJI_Drone_accessories_Mavic_Air_2_Landing_Gear_Extensions\"><\/p>\n<h3>W zestawie:<\/h3>\n<ul>\n<li>Podwy\u017cszenie tylnego podwozia    x 1                                <\/li>\n<li>Podwy\u017cszenie n\u00f3\u017cek  x 1<\/li>\n<li>Instrukcja obs\u0142ugi x 1<\/li>\n<\/ul>\n<div class=\"table-wrapper\">\n<table>\n<tbody>\n<tr>\n<th>Producent<\/th>\n<td>PGYTECH<\/td>\n<\/tr>\n<tr>\n<th>Kod produktu<\/th>\n<td>P-16A-036<\/td>\n<\/tr>\n<tr>\n<th>Nazwa<\/th>\n<td>MAVIC AIR 2 \/ AIR 2s Landing Gear Extensions<\/td>\n<\/tr>\n<tr>\n<th>Materia\u0142<\/th>\n<td>PC + ABS<\/td>\n<\/tr>\n<tr>\n<th>Waga<\/th>\n<td>21g<\/td>\n<\/tr>\n<tr>\n<th>Wymiary podwy\u017cszenia tylnego podwozia<\/th>\n<td>69 x 41,5 x 25,4 mm<\/td>\n<\/tr>\n<tr>\n<th>Wymiary podwy\u017cszenia n\u00f3\u017cek <\/th>\n<td>50,6 mm x 14,4 mm x 14,4 mm<\/td>\n<\/tr>\n<\/tbody>\n<\/table>\n<\/div>\n","protected":false},"excerpt":{"rendered":"<p>Podwy\u017cszenia do Mavic Air 2 \/ Air 2s Podwy\u017cszenia umo\u017cliwiaj\u0105 bardziej stabilne i bezpieczne l\u0105dowanie. Wyd\u0142u\u017caj\u0105 n\u00f3\u017cki drona o 35<\/p>\n","protected":false},"featured_media":18922,"comment_status":"closed","ping_status":"open","template":"","meta":{"_acf_changed":false},"product_brand":[],"product_cat":[5593,1090,1091,6093,1088],"product_tag":[],"class_list":{"0":"post-18921","1":"product","2":"type-product","3":"status-publish","4":"has-post-thumbnail","6":"product_cat-mavic-3","7":"product_cat-akcesoria","8":"product_cat-dji","9":"product_cat-baterie-do-dronow","10":"product_cat-drony","11":"pa_box-height-1691","12":"pa_box-length-2223","13":"pa_box-width-2222","14":"pa_gross-weight-1680","15":"pa_hs-code-1775","16":"pa_net-weight-2007","17":"pa_seria-air-dji-air-2-dji-air-2s","19":"first","20":"instock","21":"taxable","22":"shipping-taxable","23":"purchasable","24":"product-type-simple"},"acf":[],"yoast_head":"<!-- This site is optimized with the Yoast SEO plugin v27.2 - https:\/\/yoast.com\/product\/yoast-seo-wordpress\/ -->\n<title>Podwy\u017cszenie podwozia PGYTECH do DJI Mavic Air 2 \/ Air 2s (P-16A-036) - IRONSKY.PL Sklep z Dronami<\/title>\n<meta name=\"description\" content=\"Podwy\u017cszenie podwozia PGYTECH do DJI Mavic Air 2 \/ Air 2s (P-16A-036) - \u2705 sklep z dronami i fachowym doradztwem. \u2705 Tutaj kupisz produkty DJI, Yuneec, Parrot, Syma i wiele innych, a tak\u017ce kursy i licencje na operatora drona.\" \/>\n<meta name=\"robots\" content=\"index, follow, max-snippet:-1, max-image-preview:large, max-video-preview:-1\" \/>\n<link rel=\"canonical\" href=\"https:\/\/ironsky.pl\/sklep\/produkt\/podwyzszenie-podwozia-pgytech-do-dji-mavic-air-2-air-2s-p-16a-036\/\" \/>\n<meta property=\"og:locale\" content=\"pl_PL\" \/>\n<meta property=\"og:type\" content=\"article\" \/>\n<meta property=\"og:title\" content=\"Podwy\u017cszenie podwozia PGYTECH do DJI Mavic Air 2 \/ Air 2s (P-16A-036) - IRONSKY.PL Sklep z Dronami\" \/>\n<meta property=\"og:description\" content=\"Podwy\u017cszenie podwozia PGYTECH do DJI Mavic Air 2 \/ Air 2s (P-16A-036) - \u2705 sklep z dronami i fachowym doradztwem. \u2705 Tutaj kupisz produkty DJI, Yuneec, Parrot, Syma i wiele innych, a tak\u017ce kursy i licencje na operatora drona.\" \/>\n<meta property=\"og:url\" content=\"https:\/\/ironsky.pl\/sklep\/produkt\/podwyzszenie-podwozia-pgytech-do-dji-mavic-air-2-air-2s-p-16a-036\/\" \/>\n<meta property=\"og:site_name\" content=\"IRONSKY.PL Sklep z Dronami\" \/>\n<meta property=\"article:modified_time\" content=\"2026-03-05T14:47:50+00:00\" \/>\n<meta property=\"og:image\" content=\"https:\/\/ironsky.pl\/sklep\/wp-content\/uploads\/2024\/09\/18334_1.jpg\" \/>\n\t<meta property=\"og:image:width\" content=\"800\" \/>\n\t<meta property=\"og:image:height\" content=\"800\" \/>\n\t<meta property=\"og:image:type\" content=\"image\/jpeg\" \/>\n<meta name=\"twitter:card\" content=\"summary_large_image\" \/>\n<meta name=\"twitter:label1\" content=\"Szacowany czas czytania\" \/>\n\t<meta name=\"twitter:data1\" content=\"1 minuta\" \/>\n<script type=\"application\/ld+json\" class=\"yoast-schema-graph\">{\"@context\":\"https:\/\/schema.org\",\"@graph\":[{\"@type\":\"WebPage\",\"@id\":\"https:\/\/ironsky.pl\/sklep\/produkt\/podwyzszenie-podwozia-pgytech-do-dji-mavic-air-2-air-2s-p-16a-036\/\",\"url\":\"https:\/\/ironsky.pl\/sklep\/produkt\/podwyzszenie-podwozia-pgytech-do-dji-mavic-air-2-air-2s-p-16a-036\/\",\"name\":\"Podwy\u017cszenie podwozia PGYTECH do DJI Mavic Air 2 \/ Air 2s (P-16A-036) - IRONSKY.PL Sklep z Dronami\",\"isPartOf\":{\"@id\":\"https:\/\/ironsky.pl\/sklep\/#website\"},\"primaryImageOfPage\":{\"@id\":\"https:\/\/ironsky.pl\/sklep\/produkt\/podwyzszenie-podwozia-pgytech-do-dji-mavic-air-2-air-2s-p-16a-036\/#primaryimage\"},\"image\":{\"@id\":\"https:\/\/ironsky.pl\/sklep\/produkt\/podwyzszenie-podwozia-pgytech-do-dji-mavic-air-2-air-2s-p-16a-036\/#primaryimage\"},\"thumbnailUrl\":\"https:\/\/ironsky.pl\/sklep\/wp-content\/uploads\/2024\/09\/18334_1.jpg\",\"datePublished\":\"2024-09-16T10:00:00+00:00\",\"dateModified\":\"2026-03-05T14:47:50+00:00\",\"description\":\"Podwy\u017cszenie podwozia PGYTECH do DJI Mavic Air 2 \/ Air 2s (P-16A-036) - \u2705 sklep z dronami i fachowym doradztwem. \u2705 Tutaj kupisz produkty DJI, Yuneec, Parrot, Syma i wiele innych, a tak\u017ce kursy i licencje na operatora drona.\",\"breadcrumb\":{\"@id\":\"https:\/\/ironsky.pl\/sklep\/produkt\/podwyzszenie-podwozia-pgytech-do-dji-mavic-air-2-air-2s-p-16a-036\/#breadcrumb\"},\"inLanguage\":\"pl-PL\",\"potentialAction\":[{\"@type\":\"ReadAction\",\"target\":[\"https:\/\/ironsky.pl\/sklep\/produkt\/podwyzszenie-podwozia-pgytech-do-dji-mavic-air-2-air-2s-p-16a-036\/\"]}]},{\"@type\":\"ImageObject\",\"inLanguage\":\"pl-PL\",\"@id\":\"https:\/\/ironsky.pl\/sklep\/produkt\/podwyzszenie-podwozia-pgytech-do-dji-mavic-air-2-air-2s-p-16a-036\/#primaryimage\",\"url\":\"https:\/\/ironsky.pl\/sklep\/wp-content\/uploads\/2024\/09\/18334_1.jpg\",\"contentUrl\":\"https:\/\/ironsky.pl\/sklep\/wp-content\/uploads\/2024\/09\/18334_1.jpg\",\"width\":800,\"height\":800},{\"@type\":\"BreadcrumbList\",\"@id\":\"https:\/\/ironsky.pl\/sklep\/produkt\/podwyzszenie-podwozia-pgytech-do-dji-mavic-air-2-air-2s-p-16a-036\/#breadcrumb\",\"itemListElement\":[{\"@type\":\"ListItem\",\"position\":1,\"name\":\"Strona g\u0142\u00f3wna\",\"item\":\"https:\/\/ironsky.pl\/sklep\/\"},{\"@type\":\"ListItem\",\"position\":2,\"name\":\"Wszystkie produkty\",\"item\":\"https:\/\/ironsky.pl\/sklep\/produkty\/\"},{\"@type\":\"ListItem\",\"position\":3,\"name\":\"Podwy\u017cszenie podwozia PGYTECH do DJI Mavic Air 2 \/ Air 2s (P-16A-036)\"}]},{\"@type\":\"WebSite\",\"@id\":\"https:\/\/ironsky.pl\/sklep\/#website\",\"url\":\"https:\/\/ironsky.pl\/sklep\/\",\"name\":\"IRONSKY.PL Sklep z Dronami\",\"description\":\"IRONSKY.PL Sklep z Dronami\",\"potentialAction\":[{\"@type\":\"SearchAction\",\"target\":{\"@type\":\"EntryPoint\",\"urlTemplate\":\"https:\/\/ironsky.pl\/sklep\/?s={search_term_string}\"},\"query-input\":{\"@type\":\"PropertyValueSpecification\",\"valueRequired\":true,\"valueName\":\"search_term_string\"}}],\"inLanguage\":\"pl-PL\"}]}<\/script>\n<!-- \/ Yoast SEO plugin. -->","yoast_head_json":{"title":"Podwy\u017cszenie podwozia PGYTECH do DJI Mavic Air 2 \/ Air 2s (P-16A-036) - IRONSKY.PL Sklep z Dronami","description":"Podwy\u017cszenie podwozia PGYTECH do DJI Mavic Air 2 \/ Air 2s (P-16A-036) - \u2705 sklep z dronami i fachowym doradztwem. \u2705 Tutaj kupisz produkty DJI, Yuneec, Parrot, Syma i wiele innych, a tak\u017ce kursy i licencje na operatora drona.","robots":{"index":"index","follow":"follow","max-snippet":"max-snippet:-1","max-image-preview":"max-image-preview:large","max-video-preview":"max-video-preview:-1"},"canonical":"https:\/\/ironsky.pl\/sklep\/produkt\/podwyzszenie-podwozia-pgytech-do-dji-mavic-air-2-air-2s-p-16a-036\/","og_locale":"pl_PL","og_type":"article","og_title":"Podwy\u017cszenie podwozia PGYTECH do DJI Mavic Air 2 \/ Air 2s (P-16A-036) - IRONSKY.PL Sklep z Dronami","og_description":"Podwy\u017cszenie podwozia PGYTECH do DJI Mavic Air 2 \/ Air 2s (P-16A-036) - \u2705 sklep z dronami i fachowym doradztwem. \u2705 Tutaj kupisz produkty DJI, Yuneec, Parrot, Syma i wiele innych, a tak\u017ce kursy i licencje na operatora drona.","og_url":"https:\/\/ironsky.pl\/sklep\/produkt\/podwyzszenie-podwozia-pgytech-do-dji-mavic-air-2-air-2s-p-16a-036\/","og_site_name":"IRONSKY.PL Sklep z Dronami","article_modified_time":"2026-03-05T14:47:50+00:00","og_image":[{"width":800,"height":800,"url":"https:\/\/ironsky.pl\/sklep\/wp-content\/uploads\/2024\/09\/18334_1.jpg","type":"image\/jpeg"}],"twitter_card":"summary_large_image","twitter_misc":{"Szacowany czas czytania":"1 minuta"},"schema":{"@context":"https:\/\/schema.org","@graph":[{"@type":"WebPage","@id":"https:\/\/ironsky.pl\/sklep\/produkt\/podwyzszenie-podwozia-pgytech-do-dji-mavic-air-2-air-2s-p-16a-036\/","url":"https:\/\/ironsky.pl\/sklep\/produkt\/podwyzszenie-podwozia-pgytech-do-dji-mavic-air-2-air-2s-p-16a-036\/","name":"Podwy\u017cszenie podwozia PGYTECH do DJI Mavic Air 2 \/ Air 2s (P-16A-036) - IRONSKY.PL Sklep z Dronami","isPartOf":{"@id":"https:\/\/ironsky.pl\/sklep\/#website"},"primaryImageOfPage":{"@id":"https:\/\/ironsky.pl\/sklep\/produkt\/podwyzszenie-podwozia-pgytech-do-dji-mavic-air-2-air-2s-p-16a-036\/#primaryimage"},"image":{"@id":"https:\/\/ironsky.pl\/sklep\/produkt\/podwyzszenie-podwozia-pgytech-do-dji-mavic-air-2-air-2s-p-16a-036\/#primaryimage"},"thumbnailUrl":"https:\/\/ironsky.pl\/sklep\/wp-content\/uploads\/2024\/09\/18334_1.jpg","datePublished":"2024-09-16T10:00:00+00:00","dateModified":"2026-03-05T14:47:50+00:00","description":"Podwy\u017cszenie podwozia PGYTECH do DJI Mavic Air 2 \/ Air 2s (P-16A-036) - \u2705 sklep z dronami i fachowym doradztwem. \u2705 Tutaj kupisz produkty DJI, Yuneec, Parrot, Syma i wiele innych, a tak\u017ce kursy i licencje na operatora drona.","breadcrumb":{"@id":"https:\/\/ironsky.pl\/sklep\/produkt\/podwyzszenie-podwozia-pgytech-do-dji-mavic-air-2-air-2s-p-16a-036\/#breadcrumb"},"inLanguage":"pl-PL","potentialAction":[{"@type":"ReadAction","target":["https:\/\/ironsky.pl\/sklep\/produkt\/podwyzszenie-podwozia-pgytech-do-dji-mavic-air-2-air-2s-p-16a-036\/"]}]},{"@type":"ImageObject","inLanguage":"pl-PL","@id":"https:\/\/ironsky.pl\/sklep\/produkt\/podwyzszenie-podwozia-pgytech-do-dji-mavic-air-2-air-2s-p-16a-036\/#primaryimage","url":"https:\/\/ironsky.pl\/sklep\/wp-content\/uploads\/2024\/09\/18334_1.jpg","contentUrl":"https:\/\/ironsky.pl\/sklep\/wp-content\/uploads\/2024\/09\/18334_1.jpg","width":800,"height":800},{"@type":"BreadcrumbList","@id":"https:\/\/ironsky.pl\/sklep\/produkt\/podwyzszenie-podwozia-pgytech-do-dji-mavic-air-2-air-2s-p-16a-036\/#breadcrumb","itemListElement":[{"@type":"ListItem","position":1,"name":"Strona g\u0142\u00f3wna","item":"https:\/\/ironsky.pl\/sklep\/"},{"@type":"ListItem","position":2,"name":"Wszystkie produkty","item":"https:\/\/ironsky.pl\/sklep\/produkty\/"},{"@type":"ListItem","position":3,"name":"Podwy\u017cszenie podwozia PGYTECH do DJI Mavic Air 2 \/ Air 2s (P-16A-036)"}]},{"@type":"WebSite","@id":"https:\/\/ironsky.pl\/sklep\/#website","url":"https:\/\/ironsky.pl\/sklep\/","name":"IRONSKY.PL Sklep z Dronami","description":"IRONSKY.PL Sklep z Dronami","potentialAction":[{"@type":"SearchAction","target":{"@type":"EntryPoint","urlTemplate":"https:\/\/ironsky.pl\/sklep\/?s={search_term_string}"},"query-input":{"@type":"PropertyValueSpecification","valueRequired":true,"valueName":"search_term_string"}}],"inLanguage":"pl-PL"}]}},"_links":{"self":[{"href":"https:\/\/ironsky.pl\/sklep\/wp-json\/wp\/v2\/product\/18921","targetHints":{"allow":["GET"]}}],"collection":[{"href":"https:\/\/ironsky.pl\/sklep\/wp-json\/wp\/v2\/product"}],"about":[{"href":"https:\/\/ironsky.pl\/sklep\/wp-json\/wp\/v2\/types\/product"}],"replies":[{"embeddable":true,"href":"https:\/\/ironsky.pl\/sklep\/wp-json\/wp\/v2\/comments?post=18921"}],"wp:featuredmedia":[{"embeddable":true,"href":"https:\/\/ironsky.pl\/sklep\/wp-json\/wp\/v2\/media\/18922"}],"wp:attachment":[{"href":"https:\/\/ironsky.pl\/sklep\/wp-json\/wp\/v2\/media?parent=18921"}],"wp:term":[{"taxonomy":"product_brand","embeddable":true,"href":"https:\/\/ironsky.pl\/sklep\/wp-json\/wp\/v2\/product_brand?post=18921"},{"taxonomy":"product_cat","embeddable":true,"href":"https:\/\/ironsky.pl\/sklep\/wp-json\/wp\/v2\/product_cat?post=18921"},{"taxonomy":"product_tag","embeddable":true,"href":"https:\/\/ironsky.pl\/sklep\/wp-json\/wp\/v2\/product_tag?post=18921"}],"curies":[{"name":"wp","href":"https:\/\/api.w.org\/{rel}","templated":true}]}}