{"id":18890,"date":"2024-09-16T12:00:00","date_gmt":"2024-09-16T10:00:00","guid":{"rendered":"http:\/\/gvshalph.pro-linuxpl.com\/ironskyprodukty\/produkt\/kamera-dji-zenmuse-h20-dji-care-enterprise-basic\/"},"modified":"2026-03-05T15:47:49","modified_gmt":"2026-03-05T14:47:49","slug":"kamera-dji-zenmuse-h20-dji-care-enterprise-basic","status":"publish","type":"product","link":"https:\/\/ironsky.pl\/sklep\/produkt\/kamera-dji-zenmuse-h20-dji-care-enterprise-basic\/","title":{"rendered":"Kamera DJI Zenmuse H20 + DJI Care Enterprise Basic"},"content":{"rendered":"<h3>Hybrydowa budowa<\/h3>\n<p>Szerokok\u0105tna kamera wyposa\u017cona w 20-megapikselowy sensor pozwalaj\u0105cy uzyska\u0107 23-korotny zoom optyczny i 200-krotny, maksymalny zoom sprawi, \u017ce nie pominiesz ju\u017c \u017cadnych szczeg\u00f3\u0142\u00f3w. Dodatkowe funkcje w postaci dalmierza laserowego, aktywnej stabilizacji obrazu EIS oraz trybu pracy nocnej, w po\u0142\u0105czeniu z ochron\u0105 na poziome IP44, wnios\u0105 jako\u015b\u0107 wykonywanych us\u0142ug na zupe\u0142nie nowy poziom. Bezkompromisowe wyniki w przechwytywaniu obrazu z drona s\u0105 od teraz dost\u0119pne na wyci\u0105gni\u0119cie r\u0119ki.<\/p>\n<p><img decoding=\"async\" src=\"\/data\/include\/cms\/enterprise\/Matrice-300\/OS_Shell_4.jpg\" border=\"0\" width=\"1328\" height=\"576\" \/><\/p>\n<h3>Wiele sensor\u00f3w w jednej g\u0142owicy<\/h3>\n<p>Dzi\u0119ki 20 MP zoomowi optycznemu, oraz szerokok\u0105tnej 12 MP kamerze o przek\u0105tnej pola widzenia wynosz\u0105cej 82.9\u00b0, niezale\u017cnie czy z daleka czy bliska, w \u017cywych kolorach, czy w obrazie termowizyjnym (<a href=\"https:\/\/b2b.innpro.pl\/product-pol-17999-Kamera-termowizyjna-DJI-Zenmuse-H20T-DJI-Care-Enterprise-Basic.html\" target=\"_blank\" rel=\"noopener\">Zenmuse H20T<\/a>) &#8211; ju\u017c nigdy niczego nie przegapisz. Zintegrowany dalmierz laserowy (LRF) mierzy odleg\u0142o\u015b\u0107 do obiektu oddalonego nawet o 1200 m. Pozyskaj pot\u0119\u017cne narz\u0119dzie, wyposa\u017cone w inteligentne funkcje dla zwi\u0119kszenia mo\u017cliwo\u015bci platform przemys\u0142owych DJI.<\/p>\n<p><img decoding=\"async\" src=\"\/data\/include\/cms\/enterprise\/Matrice-300\/OS_SZ_1.jpg\" border=\"0\" width=\"1600\" height=\"1200\" \/><\/p>\n<h3>Intuicyjny Interfejs U\u017cytkownika<\/h3>\n<p>Nowy interfejs umo\u017cliwia b\u0142yskawiczn\u0105 zmian\u0119 mi\u0119dzy podgl\u0105dem z kamery o szerokim k\u0105cie widzenia i z zoomem optycznym. Zobacz pe\u0142en obraz bez przeoczenia najdrobniejszych detali niezale\u017cnie od tego gdzie i kiedy ma miejsce Twoje misja.<\/p>\n<p><img decoding=\"async\" src=\"\/data\/include\/cms\/enterprise\/Matrice-300\/OS_SMFR_4.jpg\" border=\"0\" width=\"1614\" height=\"489\" \/><\/p>\n<h3>Inteligentny spos\u00f3b na zbieranie danych<\/h3>\n<p>Kamera pozwala na zastosowanie inteligentnych tryb\u00f3w, kt\u00f3re w wygodny spos\u00f3b umo\u017cliwiaj\u0105 szczeg\u00f3\u0142owe zbieranie danych. Wbudowany system AI rozpoznaje zaznaczony przez u\u017cytkownika obiekt, dzi\u0119ki czemu mo\u017cliwie jest przeprowadzenie rutynowych kontroli, a monitorowany obiekt zawsze znajdzie si\u0119 w \u015brodku kadru. W trybie kamery szerokok\u0105tnej mo\u017cliwe jest zaznaczenie obszaru i automatyczne wykonanie wielu 20-megapikselowych zdj\u0119\u0107, kt\u00f3re zostan\u0105 odpowiednio skatalogowane i zmontowane w podgl\u0105d ca\u0142o\u015bci o wysokiej rozdzielczo\u015bci.<\/p>\n<p><img decoding=\"async\" src=\"\/data\/include\/cms\/enterprise\/Matrice-300\/OS_SMFR_2.jpg\" border=\"0\" width=\"1509\" height=\"573\" \/><\/p>\n<h3>Inteligentne \u015bledzenie<\/h3>\n<p>Dzi\u0119ki funkcji auto zoom identyfikuj i \u015bled\u017a uzyskuj\u0105c w czasie rzeczywistym dok\u0142adn\u0105 lokalizacj\u0119 poruszaj\u0105cych si\u0119 obiekt\u00f3w takich jak pojazdy, ludzie czy \u0142odzie. Je\u015bli zale\u017cy Ci na uzyskaniu wsp\u00f3\u0142rz\u0119dnych geograficznych danego obiektu, wystarczy klikn\u0105\u0107 go na ekranie, a zaawansowany algorytm zajmie si\u0119 reszt\u0105.<\/p>\n<p><img decoding=\"async\" src=\"\/data\/include\/cms\/enterprise\/Matrice-300\/OS_Pearland_1.jpg\" border=\"0\" width=\"1209\" height=\"563\" \/><\/p>\n<div class=\"table-wrapper\">\n<table>\n<tbody>\n<tr>\n<th>INFORMACJE OG\u00d3LNE<\/th>\n<td> <\/td>\n<\/tr>\n<tr>\n<th>Wymiary<\/th>\n<td>150\u00d7114\u00d7151 mm<\/td>\n<\/tr>\n<tr>\n<th>Masa<\/th>\n<td>678 \u00b1 5 g<\/td>\n<\/tr>\n<tr>\n<th>Stopie\u0144 ochrony<\/th>\n<td>IP44<\/td>\n<\/tr>\n<tr>\n<th>Certyfikat bezpiecze\u0144stwa lasera<\/th>\n<td>Class 1M (IEC 60825-1:2014)<\/td>\n<\/tr>\n<tr>\n<th>Kompatybilno\u015b\u0107<\/th>\n<td><a href=\"https:\/\/b2b.innpro.pl\/product-pol-17997-DJI-Matrice-300-RTK-DJI-Care-Enterprise-Basic.html\" target=\"_blank\" rel=\"noopener\">Matrice 300 RTK<\/a><\/td>\n<\/tr>\n<tr>\n<th>Temperatura pracy<\/th>\n<td>-20\u00b0 do 50\u00b0 C<\/td>\n<\/tr>\n<tr>\n<th>Temperatura przechowywania<\/th>\n<td>-20\u00b0 do 60\u00b0 C<\/td>\n<\/tr>\n<tr>\n<th>GIMBAL<\/th>\n<td> <\/td>\n<\/tr>\n<tr>\n<th>Zakres wibracji k\u0105towych<\/th>\n<td>\u00b10.01\u00b0<\/td>\n<\/tr>\n<tr>\n<th>Spos\u00f3b mocowania<\/th>\n<td>Demontowany<\/td>\n<\/tr>\n<tr>\n<th>Kontrolowany zakres wychyle\u0144<\/th>\n<td>o\u015b Pitch: -120\u00b0 do +30\u00b0<br \/>o\u015b Yaw: \u00b1320\u00b0<\/td>\n<\/tr>\n<tr>\n<th>Zakres wychyle\u0144 podczas lotu<\/th>\n<td>o\u015b Pitch: -132.5\u00b0 do +42.5\u00b0<br \/>o\u015b Yaw: \u00b1330\u00b0<br \/>o\u015b Roll: -90\u00b0 do +60\u00b0<\/td>\n<\/tr>\n<tr>\n<th>KAMERA Z ZOOMEM<\/th>\n<td> <\/td>\n<\/tr>\n<tr>\n<th>Sensor<\/th>\n<td>1\/1.7&#8243; CMOS, 20 MP<\/td>\n<\/tr>\n<tr>\n<th>Obiektyw<\/th>\n<td>DFOV: 66,6\u00b0-4\u00b0<br \/>Ogniskowa: 6,83-119,94 mm (odpowiednik: 31,7-556,2 mm)<br \/>Przys\u0142ona: f\/2,8-f\/11 (normalna), f\/1,6-f\/11 (scena nocna)<br \/>Ostro\u015b\u0107: od 1 m do \u221e (szeroki), od 8 m do \u221e (teleobiektyw)<\/td>\n<\/tr>\n<tr>\n<th>Tryb ostrzenia<\/th>\n<td>MF\/AF-C\/AF-S<\/td>\n<\/tr>\n<tr>\n<th>Kompensacja ekspozycji<\/th>\n<td>\u00b13.0 (co 1\/3)<\/td>\n<\/tr>\n<tr>\n<th>Tryb pomiaru<\/th>\n<td>Pomiar punktowy, pomiar centralnie wa\u017cony<\/td>\n<\/tr>\n<tr>\n<th>Blokada AE<\/th>\n<td>Obs\u0142ugiwana<\/td>\n<\/tr>\n<tr>\n<th>Czas otwarcia elektronicznej migawki<\/th>\n<td>1 ~ 1\/8000 s<\/td>\n<\/tr>\n<tr>\n<th>Zakres ISO<\/th>\n<td>Wideo: 100 &#8211; 25600<br \/>Zdj\u0119cie: 100 &#8211; 25600<\/td>\n<\/tr>\n<tr>\n<th>Rozdzielczo\u015b\u0107 wideo<\/th>\n<td>3840&#215;2160@30fps, 1920&#215;1080@30fps<\/td>\n<\/tr>\n<tr>\n<th>Napisy wideo<\/th>\n<td>Obs\u0142ugiwane<\/td>\n<\/tr>\n<tr>\n<th>Rozmiar zdj\u0119cia<\/th>\n<td>5184 \u00d7 3888<\/td>\n<\/tr>\n<tr>\n<th>Format zdj\u0119cia<\/th>\n<td>JPEG<\/td>\n<\/tr>\n<tr>\n<th>KAMERA Z SZEROKIM OBIEKTYWEM<\/th>\n<td> <\/td>\n<\/tr>\n<tr>\n<th>Sensor<\/th>\n<td>1\/2.3&#8243; CMOS, 12 MP<\/td>\n<\/tr>\n<tr>\n<th>Obiektyw<\/th>\n<td>DFOV: 82,9\u00b0<br \/>Ogniskowa: 4,5 mm (odpowiednik: 24 mm)<br \/>Przys\u0142ona: f\/2,8<br \/>Ostro\u015b\u0107: od 1 m do \u221e<\/td>\n<\/tr>\n<tr>\n<th>Tryb ekspozycji<\/th>\n<td>Auto<\/td>\n<\/tr>\n<tr>\n<th>Kompensacja ekspozycji<\/th>\n<td>\u00b13.0 (co 1\/3)<\/td>\n<\/tr>\n<tr>\n<th>Tryb pomiaru<\/th>\n<td>Pomiar punktowy, pomiar centralnie wa\u017cony<\/td>\n<\/tr>\n<tr>\n<th>Blokada AE<\/th>\n<td>Obs\u0142ugiwana<\/td>\n<\/tr>\n<tr>\n<th>Czas otwarcia migawki<\/th>\n<td>1 ~ 1\/8000<\/td>\n<\/tr>\n<tr>\n<th>Zakres ISO<\/th>\n<td>Wideo: 100 &#8211; 25600<br \/>Zdj\u0119cie: 100 &#8211; 25600<\/td>\n<\/tr>\n<tr>\n<th>Rozdzielczo\u015b\u0107 wideo<\/th>\n<td>1920\u00d71080@30fps<\/td>\n<\/tr>\n<tr>\n<th>Format wideo<\/th>\n<td>MP4<\/td>\n<\/tr>\n<tr>\n<th>Napisy wideo<\/th>\n<td>Obs\u0142ugiwane<\/td>\n<\/tr>\n<tr>\n<th>Rozmiar zdj\u0119cia<\/th>\n<td>4056 x 3040<\/td>\n<\/tr>\n<tr>\n<th>Format zdj\u0119cia<\/th>\n<td>JPEG<\/td>\n<\/tr>\n<tr>\n<th>DALMIERZ LASEROWY<\/th>\n<td> <\/td>\n<\/tr>\n<tr>\n<th>D\u0142ugo\u015b\u0107 fali<\/th>\n<td>905 nm<\/td>\n<\/tr>\n<tr>\n<th>Zakres pomiarowy<\/th>\n<td>3-1200 m (do powierzchni pionowej o \u015brednicy \u226512 m i wsp\u00f3\u0142czynniku odbicia 20%)<\/td>\n<\/tr>\n<tr>\n<th>Dok\u0142adno\u015b\u0107 pomiaru<\/th>\n<td>\u00b1 (0,2 m + D\u00d70,15%)<br \/>D jest odleg\u0142o\u015bci\u0105 do powierzchni pionowej<\/td>\n<\/tr>\n<tr>\n<th>FUNKCJE<\/th>\n<td> <\/td>\n<\/tr>\n<tr>\n<th>Hybrydowy zoom optyczny<\/th>\n<td>23\u00d7\uff08DFOV\uff1a4\u00b0\uff0cEQV\uff1a556.2mm\uff09<\/td>\n<\/tr>\n<tr>\n<th>Maksymalny zoom<\/th>\n<td>200\u00d7\uff08DFOV\uff1a0.5\u00b0\uff0cEQV\uff1a4800mm\uff09<\/td>\n<\/tr>\n<tr>\n<th>Funkcja One Click Capture<\/th>\n<td>Jedno klikni\u0119cie, aby zapisa\u0107 wideo lub obraz z 3 kamer (zoom, szerokok\u0105tna i kamera termowizyjna) jednocze\u015bnie<\/td>\n<\/tr>\n<tr>\n<th>Funkcja Point to Aim<\/th>\n<td>Kliknij dwukrotnie na podgl\u0105d szerokok\u0105tnej \/ termowizyjnej kamery, nast\u0119pnie system automatycznie przesunie gimbal, aby ustawi\u0107 ostro\u015b\u0107 na wybranym punkcie<\/td>\n<\/tr>\n<tr>\n<th>Funkcja High-Res Grid Photo<\/th>\n<td>Wykadruj interesuj\u0105cy Ci\u0119 obszar w trybie kamery szerokok\u0105tnej, a kamera z zoomem automatycznie wykona zestaw zdj\u0119\u0107 tego obszaru o rozdzielczo\u015bci 20 MP. Obrazy te s\u0105 zapisywane wraz z obrazem pogl\u0105dowym, kt\u00f3ry mo\u017cna ogl\u0105da\u0107 w spos\u00f3b bardziej szczeg\u00f3\u0142owy.<\/td>\n<\/tr>\n<tr>\n<th>Tryb Nght Scene<\/th>\n<td>Obs\u0142ugiwany (kamera z zoomem)<\/td>\n<\/tr>\n<tr>\n<th>Funkcja Timestamp<\/th>\n<td>Zawiera dane GPS, dat\u0119 i godzin\u0119<\/td>\n<\/tr>\n<tr>\n<th>MAGAZYN PAMI\u0118CI<\/th>\n<td> <\/td>\n<\/tr>\n<tr>\n<th>Obs\u0142ugiwane karty pami\u0119ci<\/th>\n<td>Karta MicroSD (maks. pojemno\u015b\u0107: 128 GB, wymagany UHS-1 Speed Grade 3)<\/td>\n<\/tr>\n<tr>\n<th>Obs\u0142ugiwany system plik\u00f3w<\/th>\n<td>FAT32 (\u2264 32 GB), exFAT (&gt; 32 GB)<\/td>\n<\/tr>\n<tr>\n<th>Zalecane karty pami\u0119ci<\/th>\n<td>TOSHIBA EXCERIA PRO 32GB micro SD HC II<br \/>SanDisk_Extreme PRO_32GB_3_A1_micro SD V30 HC I<br \/>TOSHIBA EXCERIA PRO 64GB micro SD XC II<br \/>SanDisk_Extreme PRO_64GB_3_A2_micro SD V30 XC I<br \/>SAMSUNG_EVO_128GB_micro SD 3 XC I<br \/>TOSHIBA EXCERIA M303E 32GB micro SD HC I<br \/>TOSHIBA EXCERIA M303E 64GB micro SD XC I<br \/>TOSHIBA EXCERIA M303E 64GB micro SD XC I<br \/>TOSHIBA EXCERIA M303 128GB micro SD XC I<br \/>SAMSUNG_EVO_64GB_micro SD 3 XC I<\/td>\n<\/tr>\n<\/tbody>\n<\/table><\/div>\n<style type=\"text\/css\"><!-- .table-wrapper{width:100%;overflow-x:auto}.table-wrapper>table{border-spacing:0}.table-wrapper>table>tbody>tr>td,.table-wrapper>table>tbody>tr>th{padding:10px 35px;text-align:left}.table-wrapper>table>tbody>tr>th{vertical-align:top}.table-wrapper>table>tbody>tr:nth-child(even){background-color:#f7f7f7} --><\/style>\n<h3>Zawarto\u015b\u0107 zestawu:<\/h3>\n<ul>\n<li>kamera Zenmuse H20<\/li>\n<li>kod aktywuj\u0105cy roczn\u0105 us\u0142ug\u0119 Care Enterprise<\/li>\n<li>walizka transportowa<\/li>\n<\/ul>\n","protected":false},"excerpt":{"rendered":"<p>Hybrydowa budowa Szerokok\u0105tna kamera wyposa\u017cona w 20-megapikselowy sensor pozwalaj\u0105cy uzyska\u0107 23-korotny zoom optyczny i 200-krotny, maksymalny zoom sprawi, \u017ce nie<\/p>\n","protected":false},"featured_media":18891,"comment_status":"closed","ping_status":"open","template":"","meta":{"_acf_changed":false},"product_brand":[],"product_cat":[1103,6140,1093],"product_tag":[],"class_list":{"0":"post-18890","1":"product","2":"type-product","3":"status-publish","4":"has-post-thumbnail","6":"product_cat-kamery-do-dronow","7":"product_cat-termowizyjne","8":"product_cat-urzadzenia-i-akcesoria","9":"pa_box-height-2041","10":"pa_box-length-2189","11":"pa_box-width-2188","12":"pa_gross-weight-2190","13":"pa_kategoria-kamery","14":"pa_net-weight-2187","16":"first","17":"outofstock","18":"taxable","19":"shipping-taxable","20":"product-type-simple"},"acf":[],"yoast_head":"<!-- This site is optimized with the Yoast SEO plugin v27.2 - https:\/\/yoast.com\/product\/yoast-seo-wordpress\/ -->\n<title>Kamera DJI Zenmuse H20 + DJI Care Enterprise Basic - IRONSKY.PL Sklep z Dronami<\/title>\n<meta name=\"description\" content=\"Kamera DJI Zenmuse H20 + DJI Care Enterprise Basic - \u2705 sklep z dronami i fachowym doradztwem. \u2705 Tutaj kupisz produkty DJI, Yuneec, Parrot, Syma i wiele innych, a tak\u017ce kursy i licencje na operatora drona.\" \/>\n<meta name=\"robots\" content=\"index, follow, max-snippet:-1, max-image-preview:large, max-video-preview:-1\" \/>\n<link rel=\"canonical\" href=\"https:\/\/ironsky.pl\/sklep\/produkt\/kamera-dji-zenmuse-h20-dji-care-enterprise-basic\/\" \/>\n<meta property=\"og:locale\" content=\"pl_PL\" \/>\n<meta property=\"og:type\" content=\"article\" \/>\n<meta property=\"og:title\" content=\"Kamera DJI Zenmuse H20 + DJI Care Enterprise Basic - IRONSKY.PL Sklep z Dronami\" \/>\n<meta property=\"og:description\" content=\"Kamera DJI Zenmuse H20 + DJI Care Enterprise Basic - \u2705 sklep z dronami i fachowym doradztwem. \u2705 Tutaj kupisz produkty DJI, Yuneec, Parrot, Syma i wiele innych, a tak\u017ce kursy i licencje na operatora drona.\" \/>\n<meta property=\"og:url\" content=\"https:\/\/ironsky.pl\/sklep\/produkt\/kamera-dji-zenmuse-h20-dji-care-enterprise-basic\/\" \/>\n<meta property=\"og:site_name\" content=\"IRONSKY.PL Sklep z Dronami\" \/>\n<meta property=\"article:modified_time\" content=\"2026-03-05T14:47:49+00:00\" \/>\n<meta property=\"og:image\" content=\"https:\/\/ironsky.pl\/sklep\/wp-content\/uploads\/2024\/09\/17998_2.jpg\" \/>\n\t<meta property=\"og:image:width\" content=\"600\" \/>\n\t<meta property=\"og:image:height\" content=\"600\" \/>\n\t<meta property=\"og:image:type\" content=\"image\/jpeg\" \/>\n<meta name=\"twitter:card\" content=\"summary_large_image\" \/>\n<meta name=\"twitter:label1\" content=\"Szacowany czas czytania\" \/>\n\t<meta name=\"twitter:data1\" content=\"4 minuty\" \/>\n<script type=\"application\/ld+json\" class=\"yoast-schema-graph\">{\"@context\":\"https:\/\/schema.org\",\"@graph\":[{\"@type\":\"WebPage\",\"@id\":\"https:\/\/ironsky.pl\/sklep\/produkt\/kamera-dji-zenmuse-h20-dji-care-enterprise-basic\/\",\"url\":\"https:\/\/ironsky.pl\/sklep\/produkt\/kamera-dji-zenmuse-h20-dji-care-enterprise-basic\/\",\"name\":\"Kamera DJI Zenmuse H20 + DJI Care Enterprise Basic - IRONSKY.PL Sklep z Dronami\",\"isPartOf\":{\"@id\":\"https:\/\/ironsky.pl\/sklep\/#website\"},\"primaryImageOfPage\":{\"@id\":\"https:\/\/ironsky.pl\/sklep\/produkt\/kamera-dji-zenmuse-h20-dji-care-enterprise-basic\/#primaryimage\"},\"image\":{\"@id\":\"https:\/\/ironsky.pl\/sklep\/produkt\/kamera-dji-zenmuse-h20-dji-care-enterprise-basic\/#primaryimage\"},\"thumbnailUrl\":\"https:\/\/ironsky.pl\/sklep\/wp-content\/uploads\/2024\/09\/17998_2.jpg\",\"datePublished\":\"2024-09-16T10:00:00+00:00\",\"dateModified\":\"2026-03-05T14:47:49+00:00\",\"description\":\"Kamera DJI Zenmuse H20 + DJI Care Enterprise Basic - \u2705 sklep z dronami i fachowym doradztwem. \u2705 Tutaj kupisz produkty DJI, Yuneec, Parrot, Syma i wiele innych, a tak\u017ce kursy i licencje na operatora drona.\",\"breadcrumb\":{\"@id\":\"https:\/\/ironsky.pl\/sklep\/produkt\/kamera-dji-zenmuse-h20-dji-care-enterprise-basic\/#breadcrumb\"},\"inLanguage\":\"pl-PL\",\"potentialAction\":[{\"@type\":\"ReadAction\",\"target\":[\"https:\/\/ironsky.pl\/sklep\/produkt\/kamera-dji-zenmuse-h20-dji-care-enterprise-basic\/\"]}]},{\"@type\":\"ImageObject\",\"inLanguage\":\"pl-PL\",\"@id\":\"https:\/\/ironsky.pl\/sklep\/produkt\/kamera-dji-zenmuse-h20-dji-care-enterprise-basic\/#primaryimage\",\"url\":\"https:\/\/ironsky.pl\/sklep\/wp-content\/uploads\/2024\/09\/17998_2.jpg\",\"contentUrl\":\"https:\/\/ironsky.pl\/sklep\/wp-content\/uploads\/2024\/09\/17998_2.jpg\",\"width\":600,\"height\":600},{\"@type\":\"BreadcrumbList\",\"@id\":\"https:\/\/ironsky.pl\/sklep\/produkt\/kamera-dji-zenmuse-h20-dji-care-enterprise-basic\/#breadcrumb\",\"itemListElement\":[{\"@type\":\"ListItem\",\"position\":1,\"name\":\"Strona g\u0142\u00f3wna\",\"item\":\"https:\/\/ironsky.pl\/sklep\/\"},{\"@type\":\"ListItem\",\"position\":2,\"name\":\"Wszystkie produkty\",\"item\":\"https:\/\/ironsky.pl\/sklep\/produkty\/\"},{\"@type\":\"ListItem\",\"position\":3,\"name\":\"Kamera DJI Zenmuse H20 + DJI Care Enterprise Basic\"}]},{\"@type\":\"WebSite\",\"@id\":\"https:\/\/ironsky.pl\/sklep\/#website\",\"url\":\"https:\/\/ironsky.pl\/sklep\/\",\"name\":\"IRONSKY.PL Sklep z Dronami\",\"description\":\"IRONSKY.PL Sklep z Dronami\",\"potentialAction\":[{\"@type\":\"SearchAction\",\"target\":{\"@type\":\"EntryPoint\",\"urlTemplate\":\"https:\/\/ironsky.pl\/sklep\/?s={search_term_string}\"},\"query-input\":{\"@type\":\"PropertyValueSpecification\",\"valueRequired\":true,\"valueName\":\"search_term_string\"}}],\"inLanguage\":\"pl-PL\"}]}<\/script>\n<!-- \/ Yoast SEO plugin. -->","yoast_head_json":{"title":"Kamera DJI Zenmuse H20 + DJI Care Enterprise Basic - IRONSKY.PL Sklep z Dronami","description":"Kamera DJI Zenmuse H20 + DJI Care Enterprise Basic - \u2705 sklep z dronami i fachowym doradztwem. \u2705 Tutaj kupisz produkty DJI, Yuneec, Parrot, Syma i wiele innych, a tak\u017ce kursy i licencje na operatora drona.","robots":{"index":"index","follow":"follow","max-snippet":"max-snippet:-1","max-image-preview":"max-image-preview:large","max-video-preview":"max-video-preview:-1"},"canonical":"https:\/\/ironsky.pl\/sklep\/produkt\/kamera-dji-zenmuse-h20-dji-care-enterprise-basic\/","og_locale":"pl_PL","og_type":"article","og_title":"Kamera DJI Zenmuse H20 + DJI Care Enterprise Basic - IRONSKY.PL Sklep z Dronami","og_description":"Kamera DJI Zenmuse H20 + DJI Care Enterprise Basic - \u2705 sklep z dronami i fachowym doradztwem. \u2705 Tutaj kupisz produkty DJI, Yuneec, Parrot, Syma i wiele innych, a tak\u017ce kursy i licencje na operatora drona.","og_url":"https:\/\/ironsky.pl\/sklep\/produkt\/kamera-dji-zenmuse-h20-dji-care-enterprise-basic\/","og_site_name":"IRONSKY.PL Sklep z Dronami","article_modified_time":"2026-03-05T14:47:49+00:00","og_image":[{"width":600,"height":600,"url":"https:\/\/ironsky.pl\/sklep\/wp-content\/uploads\/2024\/09\/17998_2.jpg","type":"image\/jpeg"}],"twitter_card":"summary_large_image","twitter_misc":{"Szacowany czas czytania":"4 minuty"},"schema":{"@context":"https:\/\/schema.org","@graph":[{"@type":"WebPage","@id":"https:\/\/ironsky.pl\/sklep\/produkt\/kamera-dji-zenmuse-h20-dji-care-enterprise-basic\/","url":"https:\/\/ironsky.pl\/sklep\/produkt\/kamera-dji-zenmuse-h20-dji-care-enterprise-basic\/","name":"Kamera DJI Zenmuse H20 + DJI Care Enterprise Basic - IRONSKY.PL Sklep z Dronami","isPartOf":{"@id":"https:\/\/ironsky.pl\/sklep\/#website"},"primaryImageOfPage":{"@id":"https:\/\/ironsky.pl\/sklep\/produkt\/kamera-dji-zenmuse-h20-dji-care-enterprise-basic\/#primaryimage"},"image":{"@id":"https:\/\/ironsky.pl\/sklep\/produkt\/kamera-dji-zenmuse-h20-dji-care-enterprise-basic\/#primaryimage"},"thumbnailUrl":"https:\/\/ironsky.pl\/sklep\/wp-content\/uploads\/2024\/09\/17998_2.jpg","datePublished":"2024-09-16T10:00:00+00:00","dateModified":"2026-03-05T14:47:49+00:00","description":"Kamera DJI Zenmuse H20 + DJI Care Enterprise Basic - \u2705 sklep z dronami i fachowym doradztwem. \u2705 Tutaj kupisz produkty DJI, Yuneec, Parrot, Syma i wiele innych, a tak\u017ce kursy i licencje na operatora drona.","breadcrumb":{"@id":"https:\/\/ironsky.pl\/sklep\/produkt\/kamera-dji-zenmuse-h20-dji-care-enterprise-basic\/#breadcrumb"},"inLanguage":"pl-PL","potentialAction":[{"@type":"ReadAction","target":["https:\/\/ironsky.pl\/sklep\/produkt\/kamera-dji-zenmuse-h20-dji-care-enterprise-basic\/"]}]},{"@type":"ImageObject","inLanguage":"pl-PL","@id":"https:\/\/ironsky.pl\/sklep\/produkt\/kamera-dji-zenmuse-h20-dji-care-enterprise-basic\/#primaryimage","url":"https:\/\/ironsky.pl\/sklep\/wp-content\/uploads\/2024\/09\/17998_2.jpg","contentUrl":"https:\/\/ironsky.pl\/sklep\/wp-content\/uploads\/2024\/09\/17998_2.jpg","width":600,"height":600},{"@type":"BreadcrumbList","@id":"https:\/\/ironsky.pl\/sklep\/produkt\/kamera-dji-zenmuse-h20-dji-care-enterprise-basic\/#breadcrumb","itemListElement":[{"@type":"ListItem","position":1,"name":"Strona g\u0142\u00f3wna","item":"https:\/\/ironsky.pl\/sklep\/"},{"@type":"ListItem","position":2,"name":"Wszystkie produkty","item":"https:\/\/ironsky.pl\/sklep\/produkty\/"},{"@type":"ListItem","position":3,"name":"Kamera DJI Zenmuse H20 + DJI Care Enterprise Basic"}]},{"@type":"WebSite","@id":"https:\/\/ironsky.pl\/sklep\/#website","url":"https:\/\/ironsky.pl\/sklep\/","name":"IRONSKY.PL Sklep z Dronami","description":"IRONSKY.PL Sklep z Dronami","potentialAction":[{"@type":"SearchAction","target":{"@type":"EntryPoint","urlTemplate":"https:\/\/ironsky.pl\/sklep\/?s={search_term_string}"},"query-input":{"@type":"PropertyValueSpecification","valueRequired":true,"valueName":"search_term_string"}}],"inLanguage":"pl-PL"}]}},"_links":{"self":[{"href":"https:\/\/ironsky.pl\/sklep\/wp-json\/wp\/v2\/product\/18890","targetHints":{"allow":["GET"]}}],"collection":[{"href":"https:\/\/ironsky.pl\/sklep\/wp-json\/wp\/v2\/product"}],"about":[{"href":"https:\/\/ironsky.pl\/sklep\/wp-json\/wp\/v2\/types\/product"}],"replies":[{"embeddable":true,"href":"https:\/\/ironsky.pl\/sklep\/wp-json\/wp\/v2\/comments?post=18890"}],"wp:featuredmedia":[{"embeddable":true,"href":"https:\/\/ironsky.pl\/sklep\/wp-json\/wp\/v2\/media\/18891"}],"wp:attachment":[{"href":"https:\/\/ironsky.pl\/sklep\/wp-json\/wp\/v2\/media?parent=18890"}],"wp:term":[{"taxonomy":"product_brand","embeddable":true,"href":"https:\/\/ironsky.pl\/sklep\/wp-json\/wp\/v2\/product_brand?post=18890"},{"taxonomy":"product_cat","embeddable":true,"href":"https:\/\/ironsky.pl\/sklep\/wp-json\/wp\/v2\/product_cat?post=18890"},{"taxonomy":"product_tag","embeddable":true,"href":"https:\/\/ironsky.pl\/sklep\/wp-json\/wp\/v2\/product_tag?post=18890"}],"curies":[{"name":"wp","href":"https:\/\/api.w.org\/{rel}","templated":true}]}}