{"id":18694,"date":"2024-09-16T11:57:24","date_gmt":"2024-09-16T09:57:24","guid":{"rendered":"http:\/\/gvshalph.pro-linuxpl.com\/ironskyprodukty\/produkt\/ksiazka-dji-above-the-world-earth-through-a-drones-eye-j-angielski\/"},"modified":"2026-03-05T15:47:42","modified_gmt":"2026-03-05T14:47:42","slug":"ksiazka-dji-above-the-world-earth-through-a-drones-eye-j-angielski","status":"publish","type":"product","link":"https:\/\/ironsky.pl\/sklep\/produkt\/ksiazka-dji-above-the-world-earth-through-a-drones-eye-j-angielski\/","title":{"rendered":"Ksi\u0105\u017cka DJI Above the world: earth through a drone&#8217;s eye ( j. angielski)"},"content":{"rendered":"<p>Czasem jedyne czego potrzeba to zmiana perspektywy. Drony, uwolnione od grawitacji, redefiniuj\u0105 jak patrzymy na \u015bwiat i pokazuj\u0105 pi\u0119kno, kt\u00f3rego jeszcze nie mieli\u015bmy okazji zobaczy\u0107. Rzadko kiedy nowa technologia gra tak du\u017c\u0105 rol\u0119 w sztuce, pozwalaj\u0105c nieznanym talentom l\u015bni\u0107 na r\u00f3wni uznanym artystom. Specjalne wydanie ksi\u0105\u017cki zawieraj\u0105ce ponad dwie\u015bcie stron pe\u0142nych nie tylko niesamowitych zdj\u0119\u0107 z widoku drona, ale r\u00f3wnie\u017c wnikliwych wywiad\u00f3w.<\/p>\n<p>Dzi\u0119ki tej ksi\u0105\u017cce rzucamy \u015bwiat\u0142o na jedne z najlepszych podniebnych fotografii. Przedstawiamy prace nie tylko znanych artyst\u00f3w takich jak Trey Ratcliff, Michael Poliza czy Elia Locardi, ale tak\u017ce fenomenalne uj\u0119cia zrobione przez amator\u00f3w.<\/p>\n<p>Temat tych prac rozci\u0105ga si\u0119 od wybuch\u00f3w wulkan\u00f3w, przez abstrakcyjne wzory, w kt\u00f3re uk\u0142adaj\u0105 si\u0119 ryby w morzu, a\u017c do nigdy wcze\u015bniej niewidzianych krajobraz\u00f3w Patagonii. \u201eAbove the World\u201d to oda do pi\u0119kna fotografii dronowej, kt\u00f3ra mo\u017ce by\u0107 uwieczniona przez ka\u017cdego z nas.Pozw\u00f3l si\u0119 zainspirowa\u0107.<\/p>\n<ul>\n<li>Ksi\u0105\u017cka w j\u0119zyku angielskim<\/li>\n<li>200 stron wype\u0142nionych zdj\u0119ciami i wywiadami<\/li>\n<li>Solidna, twarda oprawa<\/li>\n<li>Idealny pomys\u0142 na prezent<\/li>\n<\/ul>\n","protected":false},"excerpt":{"rendered":"<p>Czasem jedyne czego potrzeba to zmiana perspektywy. Drony, uwolnione od grawitacji, redefiniuj\u0105 jak patrzymy na \u015bwiat i pokazuj\u0105 pi\u0119kno, kt\u00f3rego<\/p>\n","protected":false},"featured_media":18695,"comment_status":"closed","ping_status":"closed","template":"","meta":{"_acf_changed":false},"product_brand":[],"product_cat":[1088],"product_tag":[],"class_list":{"0":"post-18694","1":"product","2":"type-product","3":"status-publish","4":"has-post-thumbnail","6":"product_cat-drony","8":"first","9":"outofstock","10":"taxable","11":"shipping-taxable","12":"purchasable","13":"product-type-simple"},"acf":[],"yoast_head":"<!-- This site is optimized with the Yoast SEO plugin v27.2 - https:\/\/yoast.com\/product\/yoast-seo-wordpress\/ -->\n<title>Ksi\u0105\u017cka DJI Above the world: earth through a drone&#039;s eye ( j. angielski) - IRONSKY.PL Sklep z Dronami<\/title>\n<meta name=\"description\" content=\"Ksi\u0105\u017cka DJI Above the world: earth through a drone&#039;s eye ( j. angielski) - \u2705 sklep z dronami i fachowym doradztwem. \u2705 Tutaj kupisz produkty DJI, Yuneec, Parrot, Syma i wiele innych, a tak\u017ce kursy i licencje na operatora drona.\" \/>\n<meta name=\"robots\" content=\"index, follow, max-snippet:-1, max-image-preview:large, max-video-preview:-1\" \/>\n<link rel=\"canonical\" href=\"https:\/\/ironsky.pl\/sklep\/produkt\/ksiazka-dji-above-the-world-earth-through-a-drones-eye-j-angielski\/\" \/>\n<meta property=\"og:locale\" content=\"pl_PL\" \/>\n<meta property=\"og:type\" content=\"article\" \/>\n<meta property=\"og:title\" content=\"Ksi\u0105\u017cka DJI Above the world: earth through a drone&#039;s eye ( j. angielski) - IRONSKY.PL Sklep z Dronami\" \/>\n<meta property=\"og:description\" content=\"Ksi\u0105\u017cka DJI Above the world: earth through a drone&#039;s eye ( j. angielski) - \u2705 sklep z dronami i fachowym doradztwem. \u2705 Tutaj kupisz produkty DJI, Yuneec, Parrot, Syma i wiele innych, a tak\u017ce kursy i licencje na operatora drona.\" \/>\n<meta property=\"og:url\" content=\"https:\/\/ironsky.pl\/sklep\/produkt\/ksiazka-dji-above-the-world-earth-through-a-drones-eye-j-angielski\/\" \/>\n<meta property=\"og:site_name\" content=\"IRONSKY.PL Sklep z Dronami\" \/>\n<meta property=\"article:modified_time\" content=\"2026-03-05T14:47:42+00:00\" \/>\n<meta property=\"og:image\" content=\"https:\/\/ironsky.pl\/sklep\/wp-content\/uploads\/2024\/09\/9030_1.jpg\" \/>\n\t<meta property=\"og:image:width\" content=\"521\" \/>\n\t<meta property=\"og:image:height\" content=\"600\" \/>\n\t<meta property=\"og:image:type\" content=\"image\/jpeg\" \/>\n<meta name=\"twitter:card\" content=\"summary_large_image\" \/>\n<meta name=\"twitter:label1\" content=\"Szacowany czas czytania\" \/>\n\t<meta name=\"twitter:data1\" content=\"2 minuty\" \/>\n<script type=\"application\/ld+json\" class=\"yoast-schema-graph\">{\"@context\":\"https:\/\/schema.org\",\"@graph\":[{\"@type\":\"WebPage\",\"@id\":\"https:\/\/ironsky.pl\/sklep\/produkt\/ksiazka-dji-above-the-world-earth-through-a-drones-eye-j-angielski\/\",\"url\":\"https:\/\/ironsky.pl\/sklep\/produkt\/ksiazka-dji-above-the-world-earth-through-a-drones-eye-j-angielski\/\",\"name\":\"Ksi\u0105\u017cka DJI Above the world: earth through a drone's eye ( j. angielski) - IRONSKY.PL Sklep z Dronami\",\"isPartOf\":{\"@id\":\"https:\/\/ironsky.pl\/sklep\/#website\"},\"primaryImageOfPage\":{\"@id\":\"https:\/\/ironsky.pl\/sklep\/produkt\/ksiazka-dji-above-the-world-earth-through-a-drones-eye-j-angielski\/#primaryimage\"},\"image\":{\"@id\":\"https:\/\/ironsky.pl\/sklep\/produkt\/ksiazka-dji-above-the-world-earth-through-a-drones-eye-j-angielski\/#primaryimage\"},\"thumbnailUrl\":\"https:\/\/ironsky.pl\/sklep\/wp-content\/uploads\/2024\/09\/9030_1.jpg\",\"datePublished\":\"2024-09-16T09:57:24+00:00\",\"dateModified\":\"2026-03-05T14:47:42+00:00\",\"description\":\"Ksi\u0105\u017cka DJI Above the world: earth through a drone's eye ( j. angielski) - \u2705 sklep z dronami i fachowym doradztwem. \u2705 Tutaj kupisz produkty DJI, Yuneec, Parrot, Syma i wiele innych, a tak\u017ce kursy i licencje na operatora drona.\",\"breadcrumb\":{\"@id\":\"https:\/\/ironsky.pl\/sklep\/produkt\/ksiazka-dji-above-the-world-earth-through-a-drones-eye-j-angielski\/#breadcrumb\"},\"inLanguage\":\"pl-PL\",\"potentialAction\":[{\"@type\":\"ReadAction\",\"target\":[\"https:\/\/ironsky.pl\/sklep\/produkt\/ksiazka-dji-above-the-world-earth-through-a-drones-eye-j-angielski\/\"]}]},{\"@type\":\"ImageObject\",\"inLanguage\":\"pl-PL\",\"@id\":\"https:\/\/ironsky.pl\/sklep\/produkt\/ksiazka-dji-above-the-world-earth-through-a-drones-eye-j-angielski\/#primaryimage\",\"url\":\"https:\/\/ironsky.pl\/sklep\/wp-content\/uploads\/2024\/09\/9030_1.jpg\",\"contentUrl\":\"https:\/\/ironsky.pl\/sklep\/wp-content\/uploads\/2024\/09\/9030_1.jpg\",\"width\":521,\"height\":600},{\"@type\":\"BreadcrumbList\",\"@id\":\"https:\/\/ironsky.pl\/sklep\/produkt\/ksiazka-dji-above-the-world-earth-through-a-drones-eye-j-angielski\/#breadcrumb\",\"itemListElement\":[{\"@type\":\"ListItem\",\"position\":1,\"name\":\"Strona g\u0142\u00f3wna\",\"item\":\"https:\/\/ironsky.pl\/sklep\/\"},{\"@type\":\"ListItem\",\"position\":2,\"name\":\"Wszystkie produkty\",\"item\":\"https:\/\/ironsky.pl\/sklep\/produkty\/\"},{\"@type\":\"ListItem\",\"position\":3,\"name\":\"Ksi\u0105\u017cka DJI Above the world: earth through a drone&#8217;s eye ( j. angielski)\"}]},{\"@type\":\"WebSite\",\"@id\":\"https:\/\/ironsky.pl\/sklep\/#website\",\"url\":\"https:\/\/ironsky.pl\/sklep\/\",\"name\":\"IRONSKY.PL Sklep z Dronami\",\"description\":\"IRONSKY.PL Sklep z Dronami\",\"potentialAction\":[{\"@type\":\"SearchAction\",\"target\":{\"@type\":\"EntryPoint\",\"urlTemplate\":\"https:\/\/ironsky.pl\/sklep\/?s={search_term_string}\"},\"query-input\":{\"@type\":\"PropertyValueSpecification\",\"valueRequired\":true,\"valueName\":\"search_term_string\"}}],\"inLanguage\":\"pl-PL\"}]}<\/script>\n<!-- \/ Yoast SEO plugin. -->","yoast_head_json":{"title":"Ksi\u0105\u017cka DJI Above the world: earth through a drone's eye ( j. angielski) - IRONSKY.PL Sklep z Dronami","description":"Ksi\u0105\u017cka DJI Above the world: earth through a drone's eye ( j. angielski) - \u2705 sklep z dronami i fachowym doradztwem. \u2705 Tutaj kupisz produkty DJI, Yuneec, Parrot, Syma i wiele innych, a tak\u017ce kursy i licencje na operatora drona.","robots":{"index":"index","follow":"follow","max-snippet":"max-snippet:-1","max-image-preview":"max-image-preview:large","max-video-preview":"max-video-preview:-1"},"canonical":"https:\/\/ironsky.pl\/sklep\/produkt\/ksiazka-dji-above-the-world-earth-through-a-drones-eye-j-angielski\/","og_locale":"pl_PL","og_type":"article","og_title":"Ksi\u0105\u017cka DJI Above the world: earth through a drone's eye ( j. angielski) - IRONSKY.PL Sklep z Dronami","og_description":"Ksi\u0105\u017cka DJI Above the world: earth through a drone's eye ( j. angielski) - \u2705 sklep z dronami i fachowym doradztwem. \u2705 Tutaj kupisz produkty DJI, Yuneec, Parrot, Syma i wiele innych, a tak\u017ce kursy i licencje na operatora drona.","og_url":"https:\/\/ironsky.pl\/sklep\/produkt\/ksiazka-dji-above-the-world-earth-through-a-drones-eye-j-angielski\/","og_site_name":"IRONSKY.PL Sklep z Dronami","article_modified_time":"2026-03-05T14:47:42+00:00","og_image":[{"width":521,"height":600,"url":"https:\/\/ironsky.pl\/sklep\/wp-content\/uploads\/2024\/09\/9030_1.jpg","type":"image\/jpeg"}],"twitter_card":"summary_large_image","twitter_misc":{"Szacowany czas czytania":"2 minuty"},"schema":{"@context":"https:\/\/schema.org","@graph":[{"@type":"WebPage","@id":"https:\/\/ironsky.pl\/sklep\/produkt\/ksiazka-dji-above-the-world-earth-through-a-drones-eye-j-angielski\/","url":"https:\/\/ironsky.pl\/sklep\/produkt\/ksiazka-dji-above-the-world-earth-through-a-drones-eye-j-angielski\/","name":"Ksi\u0105\u017cka DJI Above the world: earth through a drone's eye ( j. angielski) - IRONSKY.PL Sklep z Dronami","isPartOf":{"@id":"https:\/\/ironsky.pl\/sklep\/#website"},"primaryImageOfPage":{"@id":"https:\/\/ironsky.pl\/sklep\/produkt\/ksiazka-dji-above-the-world-earth-through-a-drones-eye-j-angielski\/#primaryimage"},"image":{"@id":"https:\/\/ironsky.pl\/sklep\/produkt\/ksiazka-dji-above-the-world-earth-through-a-drones-eye-j-angielski\/#primaryimage"},"thumbnailUrl":"https:\/\/ironsky.pl\/sklep\/wp-content\/uploads\/2024\/09\/9030_1.jpg","datePublished":"2024-09-16T09:57:24+00:00","dateModified":"2026-03-05T14:47:42+00:00","description":"Ksi\u0105\u017cka DJI Above the world: earth through a drone's eye ( j. angielski) - \u2705 sklep z dronami i fachowym doradztwem. \u2705 Tutaj kupisz produkty DJI, Yuneec, Parrot, Syma i wiele innych, a tak\u017ce kursy i licencje na operatora drona.","breadcrumb":{"@id":"https:\/\/ironsky.pl\/sklep\/produkt\/ksiazka-dji-above-the-world-earth-through-a-drones-eye-j-angielski\/#breadcrumb"},"inLanguage":"pl-PL","potentialAction":[{"@type":"ReadAction","target":["https:\/\/ironsky.pl\/sklep\/produkt\/ksiazka-dji-above-the-world-earth-through-a-drones-eye-j-angielski\/"]}]},{"@type":"ImageObject","inLanguage":"pl-PL","@id":"https:\/\/ironsky.pl\/sklep\/produkt\/ksiazka-dji-above-the-world-earth-through-a-drones-eye-j-angielski\/#primaryimage","url":"https:\/\/ironsky.pl\/sklep\/wp-content\/uploads\/2024\/09\/9030_1.jpg","contentUrl":"https:\/\/ironsky.pl\/sklep\/wp-content\/uploads\/2024\/09\/9030_1.jpg","width":521,"height":600},{"@type":"BreadcrumbList","@id":"https:\/\/ironsky.pl\/sklep\/produkt\/ksiazka-dji-above-the-world-earth-through-a-drones-eye-j-angielski\/#breadcrumb","itemListElement":[{"@type":"ListItem","position":1,"name":"Strona g\u0142\u00f3wna","item":"https:\/\/ironsky.pl\/sklep\/"},{"@type":"ListItem","position":2,"name":"Wszystkie produkty","item":"https:\/\/ironsky.pl\/sklep\/produkty\/"},{"@type":"ListItem","position":3,"name":"Ksi\u0105\u017cka DJI Above the world: earth through a drone&#8217;s eye ( j. angielski)"}]},{"@type":"WebSite","@id":"https:\/\/ironsky.pl\/sklep\/#website","url":"https:\/\/ironsky.pl\/sklep\/","name":"IRONSKY.PL Sklep z Dronami","description":"IRONSKY.PL Sklep z Dronami","potentialAction":[{"@type":"SearchAction","target":{"@type":"EntryPoint","urlTemplate":"https:\/\/ironsky.pl\/sklep\/?s={search_term_string}"},"query-input":{"@type":"PropertyValueSpecification","valueRequired":true,"valueName":"search_term_string"}}],"inLanguage":"pl-PL"}]}},"_links":{"self":[{"href":"https:\/\/ironsky.pl\/sklep\/wp-json\/wp\/v2\/product\/18694","targetHints":{"allow":["GET"]}}],"collection":[{"href":"https:\/\/ironsky.pl\/sklep\/wp-json\/wp\/v2\/product"}],"about":[{"href":"https:\/\/ironsky.pl\/sklep\/wp-json\/wp\/v2\/types\/product"}],"replies":[{"embeddable":true,"href":"https:\/\/ironsky.pl\/sklep\/wp-json\/wp\/v2\/comments?post=18694"}],"wp:featuredmedia":[{"embeddable":true,"href":"https:\/\/ironsky.pl\/sklep\/wp-json\/wp\/v2\/media\/18695"}],"wp:attachment":[{"href":"https:\/\/ironsky.pl\/sklep\/wp-json\/wp\/v2\/media?parent=18694"}],"wp:term":[{"taxonomy":"product_brand","embeddable":true,"href":"https:\/\/ironsky.pl\/sklep\/wp-json\/wp\/v2\/product_brand?post=18694"},{"taxonomy":"product_cat","embeddable":true,"href":"https:\/\/ironsky.pl\/sklep\/wp-json\/wp\/v2\/product_cat?post=18694"},{"taxonomy":"product_tag","embeddable":true,"href":"https:\/\/ironsky.pl\/sklep\/wp-json\/wp\/v2\/product_tag?post=18694"}],"curies":[{"name":"wp","href":"https:\/\/api.w.org\/{rel}","templated":true}]}}