{"id":62,"date":"2024-07-29T16:36:44","date_gmt":"2024-07-29T14:36:44","guid":{"rendered":"http:\/\/gvshalph.pro-linuxpl.com\/ironskyprodukty\/?page_id=62"},"modified":"2025-08-11T10:46:15","modified_gmt":"2025-08-11T08:46:15","slug":"odstapienie-od-umowy","status":"publish","type":"page","link":"https:\/\/ironsky.pl\/sklep\/odstapienie-od-umowy\/","title":{"rendered":"Odst\u0105pienie od umowy"},"content":{"rendered":"<div class=\"wpb-content-wrapper\"><p>[vc_row][vc_column]\t\t<div id=\"wd-66a7a9192e60c\" class=\"wd-text-block wd-wpb reset-last-child wd-rs-66a7a9192e60c text-left vc_custom_1722263854851\">\n\t\t\t<p>Maj\u0105 Pa\u0144stwo prawo odst\u0105pi\u0107 od niniejszej umowy w terminie 14 dni bez podania jakiejkolwiek przyczyny.<\/p>\n<p>Termin do odst\u0105pienia od umowy wygasa po up\u0142ywie 14 dni od dnia: 1. w kt\u00f3rym weszli Pa\u0144stwo w posiadanie rzeczy lub w kt\u00f3rym osoba trzecia inna ni\u017c przewo\u017anik i wskazana przez Pa\u0144stwa wesz\u0142a w posiadanie rzeczy, 2. w kt\u00f3rym weszli Pa\u0144stwo w posiadanie ostatniej z rzeczy lub w kt\u00f3rym osoba trzecia inna ni\u017c przewo\u017anik i wskazana przez Pa\u0144stwa wesz\u0142a w posiadanie ostatniej z rzeczy, 3. w kt\u00f3rym weszli Pa\u0144stwo w posiadanie ostatniej partii lub cz\u0119\u015bci lub w kt\u00f3rym osoba trzecia inna ni\u017c przewo\u017anik i wskazana przez Pa\u0144stwa wesz\u0142a w posiadanie ostatniej partii lub cz\u0119\u015bci, 4. w kt\u00f3rym weszli Pa\u0144stwo w posiadanie pierwszej z rzeczy lub w kt\u00f3rym osoba trzecia inna ni\u017c przewo\u017anik i wskazana przez Pa\u0144stwa wesz\u0142a w posiadanie pierwszej z rzeczy.<\/p>\n<p>Prawo odst\u0105pienia od umowy zawartej na odleg\u0142o\u015b\u0107 nie przys\u0142uguje Klientowi b\u0119d\u0105cemu Konsumentem w odniesieniu do um\u00f3w: <br \/>a) o \u015bwiadczenie us\u0142ug, je\u017celi Sprzedawca wykona\u0142 w pe\u0142ni us\u0142ug\u0119 za wyra\u017an\u0105 zgod\u0105 konsumenta, kt\u00f3ry zosta\u0142 poinformowany przed rozpocz\u0119ciem \u015bwiadczenia, \u017ce po spe\u0142nieniu \u015bwiadczenia przez Sprzedawc\u0119 utraci prawo odst\u0105pienia od umowy, <br \/>b) w kt\u00f3rej cena lub wynagrodzenie zale\u017cy od waha\u0144 na rynku finansowym, nad kt\u00f3rymi Sprzedawca nie sprawuje kontroli, i kt\u00f3re mog\u0105 wyst\u0105pi\u0107 przed up\u0142ywem terminu do odst\u0105pienia od umowy, <br \/>c) w kt\u00f3rej przedmiotem \u015bwiadczenia jest Produkt nieprefabrykowany, wyprodukowany wed\u0142ug specyfikacji konsumenta lub s\u0142u\u017c\u0105cy zaspokojeniu jego zindywidualizowanych potrzeb, <br \/>d) w kt\u00f3rej przedmiotem \u015bwiadczenia jest Produkt ulegaj\u0105cy szybkiemu zepsuciu lub maj\u0105ca kr\u00f3tki termin przydatno\u015bci do u\u017cycia, <br \/>e) w kt\u00f3rej przedmiotem \u015bwiadczenia jest Produkt dostarczany w zapiecz\u0119towanym opakowaniu, kt\u00f3rego po otwarciu opakowania nie mo\u017cna zwr\u00f3ci\u0107 ze wzgl\u0119du na ochron\u0119 zdrowia lub ze wzgl\u0119d\u00f3w higienicznych, je\u017celi opakowanie zosta\u0142o otwarte po dostarczeniu, <br \/>f) w kt\u00f3rej przedmiotem \u015bwiadczenia s\u0105 Produkty, kt\u00f3re po dostarczeniu, ze wzgl\u0119du na sw\u00f3j charakter, zostaj\u0105 nieroz\u0142\u0105cznie po\u0142\u0105czone z innymi rzeczami, <br \/>g) w kt\u00f3rej konsument wyra\u017anie \u017c\u0105da\u0142, aby Sprzedawca do niego przyjecha\u0142 w celu dokonania pilnej naprawy lub konserwacji; je\u017celi Sprzedawca \u015bwiadczy dodatkowo inne us\u0142ugi ni\u017c te, kt\u00f3rych wykonania konsument \u017c\u0105da\u0142, lub dostarcza Produkty inne ni\u017c cz\u0119\u015bci zamienne niezb\u0119dne do wykonania naprawy lub konserwacji, prawo odst\u0105pienia od umowy przys\u0142uguje konsumentowi w odniesieniu do dodatkowych us\u0142ug lub Produkt\u00f3w, <br \/>h) w kt\u00f3rej przedmiotem \u015bwiadczenia s\u0105 nagrania d\u017awi\u0119kowe lub wizualne albo programy komputerowe dostarczane w zapiecz\u0119towanym opakowaniu, je\u017celi opakowanie zosta\u0142o otwarte po dostarczeniu, <br \/>i) zawartej w drodze aukcji publicznej, <br \/>j) dostarczanie tre\u015bci cyfrowych, kt\u00f3re nie s\u0105 zapisane na no\u015bniku materialnym, je\u017celi spe\u0142nianie \u015bwiadczenia rozpocz\u0119\u0142o si\u0119 za wyra\u017an\u0105 zgod\u0105 konsumenta przed up\u0142ywem terminu do odst\u0105pienia od umowy i po poinformowaniu go przez Sprzedawc\u0119 o utracie prawa odst\u0105pienia od umowy.<\/p>\n<p>Aby skorzysta\u0107 z prawa odst\u0105pienia od umowy, musz\u0105 Pa\u0144stwo poinformowa\u0107 nas (IRONSKY SP\u00d3\u0141KA Z OGRANICZON\u0104 ODPOWIEDZIALNO\u015aCI\u0104 SP. K., ul. S\u0142oneczna 1B, 64-320 Buk. tel: 503 503 517, REGON: 383557898, NIP: 7773350390, e-mail: sklep@ironsky.pl) o swojej decyzji o odst\u0105pieniu od niniejszej umowy w drodze jednoznacznego o\u015bwiadczenia (na przyk\u0142ad: pismo wys\u0142ane poczt\u0105 lub poczt\u0105 elektroniczn\u0105).<\/p>\n<p>Mog\u0105 Pa\u0144stwo skorzysta\u0107 z wzoru formularza odst\u0105pienia od umowy, jednak nie jest to obowi\u0105zkowe.<\/p>\n<p>Mog\u0105 Pa\u0144stwo r\u00f3wnie\u017c wype\u0142ni\u0107 i przes\u0142a\u0107 formularz odst\u0105pienia od umowy lub jakiekolwiek inne jednoznaczne o\u015bwiadczenie drog\u0105 elektroniczn\u0105 na naszej stronie internetowej (www.ironsky.pl). Je\u017celi skorzystaj\u0105 Pa\u0144stwo z tej mo\u017cliwo\u015bci, prze\u015blemy Pa\u0144stwu niezw\u0142ocznie potwierdzenie otrzymania informacji o odst\u0105pieniu od umowy na trwa\u0142ym no\u015bniku (np. poczt\u0105 elektroniczn\u0105).<\/p>\n<p>Aby zachowa\u0107 termin do odst\u0105pienia od umowy, wystarczy, aby wys\u0142ali Pa\u0144stwo informacj\u0119 dotycz\u0105c\u0105 wykonania przys\u0142uguj\u0105cego Pa\u0144stwu prawa odst\u0105pienia od umowy przed up\u0142ywem terminu do odst\u0105pienia od umowy.<\/p>\n<p>Skutki odst\u0105pienia od umowy<\/p>\n<p>W przypadku odst\u0105pienia od niniejszej umowy zwracamy Pa\u0144stwu wszystkie otrzymane od Pa\u0144stwa p\u0142atno\u015bci, w tym koszty dostarczenia rzeczy (z wyj\u0105tkiem dodatkowych koszt\u00f3w wynikaj\u0105cych z wybranego przez Pa\u0144stwa sposobu dostarczenia innego ni\u017c najta\u0144szy zwyk\u0142y spos\u00f3b dostarczenia oferowany przez nas), niezw\u0142ocznie, a w ka\u017cdym przypadku nie p\u00f3\u017aniej ni\u017c 14 dni od dnia, w kt\u00f3rym zostali\u015bmy poinformowani o Pa\u0144stwa decyzji o wykonaniu prawa odst\u0105pienia od umowy. Zwrotu p\u0142atno\u015bci dokonamy przy u\u017cyciu takich samych sposob\u00f3w p\u0142atno\u015bci, jakie zosta\u0142y przez Pa\u0144stwa u\u017cyte w pierwotnej transakcji, chyba \u017ce wyra\u017anie zgodzili\u015bcie si\u0119 Pa\u0144stwo na inne rozwi\u0105zanie; w ka\u017cdym przypadku nie ponios\u0105 Pa\u0144stwo \u017cadnych op\u0142at w zwi\u0105zku z tym zwrotem.<\/p>\n<p>Mo\u017cemy wstrzyma\u0107 si\u0119 ze zwrotem p\u0142atno\u015bci do czasu otrzymania rzeczy lub do czasu dostarczenia nam dowodu jej odes\u0142ania, w zale\u017cno\u015bci od tego, kt\u00f3re zdarzenie nast\u0105pi wcze\u015bniej.<\/p>\n<p>Prosz\u0119 odes\u0142a\u0107 lub przekaza\u0107 nam rzecz niezw\u0142ocznie, a w ka\u017cdym razie nie p\u00f3\u017aniej ni\u017c 14 dni kalendarzowych od dnia, w kt\u00f3rym poinformowali nas Pa\u0144stwo o odst\u0105pieniu od niniejszej umowy. Termin jest zachowany, je\u017celi ode\u015bl\u0105 Pa\u0144stwo rzecz przed up\u0142ywem terminu 14 dni kalendarzowych.<\/p>\n<p>B\u0119d\u0105 Pa\u0144stwo musieli ponie\u015b\u0107 bezpo\u015brednie koszty zwrotu rzeczy.<br \/><strong>W przypadku zwrotu zam\u00f3wienia o warto\u015bci do 200 z\u0142 (w\u0142\u0105cznie), koszt przesy\u0142ki zwrotnej ponosi sprzedawca. W przypadku zwrotu zam\u00f3wienia o warto\u015bci powy\u017cej 200 z\u0142, koszt przesy\u0142ki zwrotnej pokrywa klient.<\/strong><\/p>\n<p>\u00a0 <\/p>\n\t\t<\/div>\n\t\t[\/vc_column][\/vc_row]<\/p><\/div>","protected":false},"excerpt":{"rendered":"<p>[vc_row][vc_column][\/vc_column][\/vc_row]<\/p>\n","protected":false},"author":1,"featured_media":0,"parent":0,"menu_order":0,"comment_status":"closed","ping_status":"open","template":"","meta":{"_acf_changed":false,"footnotes":""},"class_list":["post-62","page","type-page","status-publish","hentry"],"acf":[],"yoast_head":"<!-- This site is optimized with the Yoast SEO plugin v27.2 - https:\/\/yoast.com\/product\/yoast-seo-wordpress\/ -->\n<title>Odst\u0105pienie od umowy - IRONSKY.PL Sklep z Dronami<\/title>\n<meta name=\"description\" content=\"Odst\u0105pienie od umowy - \u2705 sklep z dronami i fachowym doradztwem. \u2705 Tutaj kupisz produkty DJI, Yuneec, Parrot, Syma i wiele innych, a tak\u017ce kursy i licencje na operatora drona.\" \/>\n<meta name=\"robots\" content=\"index, follow, max-snippet:-1, max-image-preview:large, max-video-preview:-1\" \/>\n<link rel=\"canonical\" href=\"https:\/\/ironsky.pl\/sklep\/odstapienie-od-umowy\/\" \/>\n<meta property=\"og:locale\" content=\"pl_PL\" \/>\n<meta property=\"og:type\" content=\"article\" \/>\n<meta property=\"og:title\" content=\"Odst\u0105pienie od umowy - IRONSKY.PL Sklep z Dronami\" \/>\n<meta property=\"og:description\" content=\"Odst\u0105pienie od umowy - \u2705 sklep z dronami i fachowym doradztwem. \u2705 Tutaj kupisz produkty DJI, Yuneec, Parrot, Syma i wiele innych, a tak\u017ce kursy i licencje na operatora drona.\" \/>\n<meta property=\"og:url\" content=\"https:\/\/ironsky.pl\/sklep\/odstapienie-od-umowy\/\" \/>\n<meta property=\"og:site_name\" content=\"IRONSKY.PL Sklep z Dronami\" \/>\n<meta property=\"article:modified_time\" content=\"2025-08-11T08:46:15+00:00\" \/>\n<meta name=\"twitter:card\" content=\"summary_large_image\" \/>\n<meta name=\"twitter:label1\" content=\"Szacowany czas czytania\" \/>\n\t<meta name=\"twitter:data1\" content=\"5 minut\" \/>\n<script type=\"application\/ld+json\" class=\"yoast-schema-graph\">{\"@context\":\"https:\/\/schema.org\",\"@graph\":[{\"@type\":\"WebPage\",\"@id\":\"https:\/\/ironsky.pl\/sklep\/odstapienie-od-umowy\/\",\"url\":\"https:\/\/ironsky.pl\/sklep\/odstapienie-od-umowy\/\",\"name\":\"Odst\u0105pienie od umowy - IRONSKY.PL Sklep z Dronami\",\"isPartOf\":{\"@id\":\"https:\/\/ironsky.pl\/sklep\/#website\"},\"datePublished\":\"2024-07-29T14:36:44+00:00\",\"dateModified\":\"2025-08-11T08:46:15+00:00\",\"description\":\"Odst\u0105pienie od umowy - \u2705 sklep z dronami i fachowym doradztwem. \u2705 Tutaj kupisz produkty DJI, Yuneec, Parrot, Syma i wiele innych, a tak\u017ce kursy i licencje na operatora drona.\",\"breadcrumb\":{\"@id\":\"https:\/\/ironsky.pl\/sklep\/odstapienie-od-umowy\/#breadcrumb\"},\"inLanguage\":\"pl-PL\",\"potentialAction\":[{\"@type\":\"ReadAction\",\"target\":[\"https:\/\/ironsky.pl\/sklep\/odstapienie-od-umowy\/\"]}]},{\"@type\":\"BreadcrumbList\",\"@id\":\"https:\/\/ironsky.pl\/sklep\/odstapienie-od-umowy\/#breadcrumb\",\"itemListElement\":[{\"@type\":\"ListItem\",\"position\":1,\"name\":\"Strona g\u0142\u00f3wna\",\"item\":\"https:\/\/ironsky.pl\/sklep\/\"},{\"@type\":\"ListItem\",\"position\":2,\"name\":\"Odst\u0105pienie od umowy\"}]},{\"@type\":\"WebSite\",\"@id\":\"https:\/\/ironsky.pl\/sklep\/#website\",\"url\":\"https:\/\/ironsky.pl\/sklep\/\",\"name\":\"IRONSKY.PL Sklep z Dronami\",\"description\":\"IRONSKY.PL Sklep z Dronami\",\"potentialAction\":[{\"@type\":\"SearchAction\",\"target\":{\"@type\":\"EntryPoint\",\"urlTemplate\":\"https:\/\/ironsky.pl\/sklep\/?s={search_term_string}\"},\"query-input\":{\"@type\":\"PropertyValueSpecification\",\"valueRequired\":true,\"valueName\":\"search_term_string\"}}],\"inLanguage\":\"pl-PL\"}]}<\/script>\n<!-- \/ Yoast SEO plugin. -->","yoast_head_json":{"title":"Odst\u0105pienie od umowy - IRONSKY.PL Sklep z Dronami","description":"Odst\u0105pienie od umowy - \u2705 sklep z dronami i fachowym doradztwem. \u2705 Tutaj kupisz produkty DJI, Yuneec, Parrot, Syma i wiele innych, a tak\u017ce kursy i licencje na operatora drona.","robots":{"index":"index","follow":"follow","max-snippet":"max-snippet:-1","max-image-preview":"max-image-preview:large","max-video-preview":"max-video-preview:-1"},"canonical":"https:\/\/ironsky.pl\/sklep\/odstapienie-od-umowy\/","og_locale":"pl_PL","og_type":"article","og_title":"Odst\u0105pienie od umowy - IRONSKY.PL Sklep z Dronami","og_description":"Odst\u0105pienie od umowy - \u2705 sklep z dronami i fachowym doradztwem. \u2705 Tutaj kupisz produkty DJI, Yuneec, Parrot, Syma i wiele innych, a tak\u017ce kursy i licencje na operatora drona.","og_url":"https:\/\/ironsky.pl\/sklep\/odstapienie-od-umowy\/","og_site_name":"IRONSKY.PL Sklep z Dronami","article_modified_time":"2025-08-11T08:46:15+00:00","twitter_card":"summary_large_image","twitter_misc":{"Szacowany czas czytania":"5 minut"},"schema":{"@context":"https:\/\/schema.org","@graph":[{"@type":"WebPage","@id":"https:\/\/ironsky.pl\/sklep\/odstapienie-od-umowy\/","url":"https:\/\/ironsky.pl\/sklep\/odstapienie-od-umowy\/","name":"Odst\u0105pienie od umowy - IRONSKY.PL Sklep z Dronami","isPartOf":{"@id":"https:\/\/ironsky.pl\/sklep\/#website"},"datePublished":"2024-07-29T14:36:44+00:00","dateModified":"2025-08-11T08:46:15+00:00","description":"Odst\u0105pienie od umowy - \u2705 sklep z dronami i fachowym doradztwem. \u2705 Tutaj kupisz produkty DJI, Yuneec, Parrot, Syma i wiele innych, a tak\u017ce kursy i licencje na operatora drona.","breadcrumb":{"@id":"https:\/\/ironsky.pl\/sklep\/odstapienie-od-umowy\/#breadcrumb"},"inLanguage":"pl-PL","potentialAction":[{"@type":"ReadAction","target":["https:\/\/ironsky.pl\/sklep\/odstapienie-od-umowy\/"]}]},{"@type":"BreadcrumbList","@id":"https:\/\/ironsky.pl\/sklep\/odstapienie-od-umowy\/#breadcrumb","itemListElement":[{"@type":"ListItem","position":1,"name":"Strona g\u0142\u00f3wna","item":"https:\/\/ironsky.pl\/sklep\/"},{"@type":"ListItem","position":2,"name":"Odst\u0105pienie od umowy"}]},{"@type":"WebSite","@id":"https:\/\/ironsky.pl\/sklep\/#website","url":"https:\/\/ironsky.pl\/sklep\/","name":"IRONSKY.PL Sklep z Dronami","description":"IRONSKY.PL Sklep z Dronami","potentialAction":[{"@type":"SearchAction","target":{"@type":"EntryPoint","urlTemplate":"https:\/\/ironsky.pl\/sklep\/?s={search_term_string}"},"query-input":{"@type":"PropertyValueSpecification","valueRequired":true,"valueName":"search_term_string"}}],"inLanguage":"pl-PL"}]}},"_links":{"self":[{"href":"https:\/\/ironsky.pl\/sklep\/wp-json\/wp\/v2\/pages\/62","targetHints":{"allow":["GET"]}}],"collection":[{"href":"https:\/\/ironsky.pl\/sklep\/wp-json\/wp\/v2\/pages"}],"about":[{"href":"https:\/\/ironsky.pl\/sklep\/wp-json\/wp\/v2\/types\/page"}],"author":[{"embeddable":true,"href":"https:\/\/ironsky.pl\/sklep\/wp-json\/wp\/v2\/users\/1"}],"replies":[{"embeddable":true,"href":"https:\/\/ironsky.pl\/sklep\/wp-json\/wp\/v2\/comments?post=62"}],"version-history":[{"count":5,"href":"https:\/\/ironsky.pl\/sklep\/wp-json\/wp\/v2\/pages\/62\/revisions"}],"predecessor-version":[{"id":48387,"href":"https:\/\/ironsky.pl\/sklep\/wp-json\/wp\/v2\/pages\/62\/revisions\/48387"}],"wp:attachment":[{"href":"https:\/\/ironsky.pl\/sklep\/wp-json\/wp\/v2\/media?parent=62"}],"curies":[{"name":"wp","href":"https:\/\/api.w.org\/{rel}","templated":true}]}}