{"id":44,"date":"2024-07-29T16:13:26","date_gmt":"2024-07-29T14:13:26","guid":{"rendered":"http:\/\/gvshalph.pro-linuxpl.com\/ironskyprodukty\/?page_id=44"},"modified":"2024-07-29T16:13:26","modified_gmt":"2024-07-29T14:13:26","slug":"informacja-o-plikach-cookie","status":"publish","type":"page","link":"https:\/\/ironsky.pl\/sklep\/informacja-o-plikach-cookie\/","title":{"rendered":"Informacja o plikach cookie"},"content":{"rendered":"\r\n<p>Serwis nie zbiera w&nbsp;spos\u00f3b automatyczny \u017cadnych informacji, z&nbsp;wyj\u0105tkiem informacji zawartych w&nbsp;plikach cookies.<\/p>\r\n\r\n\r\n\r\n<p>Pliki cookies (tzw. \u201eciasteczka\u201d) stanowi\u0105 dane informatyczne, w&nbsp;szczeg\u00f3lno\u015bci pliki tekstowe, kt\u00f3re przechowywane s\u0105 w&nbsp;urz\u0105dzeniu ko\u0144cowym U\u017cytkownika Serwisu i&nbsp;przeznaczone s\u0105 do korzystania ze stron internetowych Serwisu. Cookies zazwyczaj zawieraj\u0105 nazw\u0119 strony internetowej, z&nbsp;kt\u00f3rej pochodz\u0105, czas przechowywania ich na urz\u0105dzeniu ko\u0144cowym oraz unikalny numer.<\/p>\r\n\r\n\r\n\r\n<p>Podmiotem zamieszczaj\u0105cym na urz\u0105dzeniu ko\u0144cowym U\u017cytkownika Serwisu pliki cookies oraz uzyskuj\u0105cym do nich dost\u0119p jest operator Serwisu:<\/p>\r\n\r\n\r\n\r\n<p>IRONSKY SP\u00d3\u0141KA Z OGRANICZON\u0104 ODPOWIEDZIALNO\u015aCI\u0104 SP. K.<\/p>\r\n\r\n\r\n\r\n<p>ul. Bohater\u00f3w Bukowskich 4, 64-320 Buk<\/p>\r\n\r\n\r\n\r\n<p>www.ironsky.pl<\/p>\r\n\r\n\r\n\r\n<p>tel: 519 410 610, tel: 663 944 151<\/p>\r\n\r\n\r\n\r\n<p>REGON: 383557898, NIP: 7773350390<\/p>\r\n\r\n\r\n\r\n<p>Pliki cookies wykorzystywane s\u0105 w&nbsp;celu:<br>a) dostosowania zawarto\u015bci stron internetowych Serwisu do preferencji U\u017cytkownika oraz optymalizacji korzystania ze stron internetowych; w&nbsp;szczeg\u00f3lno\u015bci pliki te pozwalaj\u0105 rozpozna\u0107 urz\u0105dzenie U\u017cytkownika Serwisu i&nbsp;odpowiednio wy\u015bwietli\u0107 stron\u0119 internetow\u0105, dostosowan\u0105 do jego indywidualnych potrzeb;<\/p>\r\n\r\n\r\n\r\n<p>b) tworzenia statystyk, kt\u00f3re pomagaj\u0105 zrozumie\u0107, w&nbsp;jaki spos\u00f3b U\u017cytkownicy Serwisu korzystaj\u0105 ze stron internetowych, co umo\u017cliwia ulepszanie ich struktury i&nbsp;zawarto\u015bci;<\/p>\r\n\r\n\r\n\r\n<p>c) utrzymanie sesji U\u017cytkownika Serwisu (po zalogowaniu), dzi\u0119ki kt\u00f3rej U\u017cytkownik nie musi na ka\u017cdej podstronie Serwisu ponownie wpisywa\u0107 loginu i&nbsp;has\u0142a;<\/p>\r\n\r\n\r\n\r\n<p>W ramach Serwisu stosowane s\u0105 dwa zasadnicze rodzaje plik\u00f3w cookies: \u201esesyjne\u201d (session cookies) oraz \u201esta\u0142e\u201d (persistent cookies). Cookies \u201esesyjne\u201d s\u0105 plikami tymczasowymi, kt\u00f3re przechowywane s\u0105 w&nbsp;urz\u0105dzeniu ko\u0144cowym U\u017cytkownika do czasu wylogowania, opuszczenia strony internetowej lub wy\u0142\u0105czenia oprogramowania (przegl\u0105darki internetowej). \u201eSta\u0142e\u201d pliki cookies przechowywane s\u0105 w&nbsp;urz\u0105dzeniu ko\u0144cowym U\u017cytkownika przez czas okre\u015blony w&nbsp;parametrach plik\u00f3w cookies lub do czasu ich usuni\u0119cia przez U\u017cytkownika.<\/p>\r\n\r\n\r\n\r\n<p>W ramach Serwisu stosowane s\u0105 lub mog\u0105 by\u0107 stosowane nast\u0119puj\u0105ce rodzaje plik\u00f3w cookies:<br>a) \u201eniezb\u0119dne\u201d pliki cookies, umo\u017cliwiaj\u0105ce korzystanie z&nbsp;us\u0142ug dost\u0119pnych w&nbsp;ramach Serwisu, np. uwierzytelniaj\u0105ce pliki cookies wykorzystywane do us\u0142ug wymagaj\u0105cych uwierzytelniania w&nbsp;ramach Serwisu;<\/p>\r\n\r\n\r\n\r\n<p>b) pliki cookies s\u0142u\u017c\u0105ce do zapewnienia bezpiecze\u0144stwa, np. wykorzystywane do wykrywania nadu\u017cy\u0107 w&nbsp;zakresie uwierzytelniania w&nbsp;ramach Serwisu;<\/p>\r\n\r\n\r\n\r\n<p>c) \u201ewydajno\u015bciowe\u201d pliki cookies, umo\u017cliwiaj\u0105ce zbieranie informacji o&nbsp;sposobie korzystania ze stron internetowych Serwisu;<\/p>\r\n\r\n\r\n\r\n<p>d) \u201efunkcjonalne\u201d pliki cookies, umo\u017cliwiaj\u0105ce \u201ezapami\u0119tanie\u201d wybranych przez U\u017cytkownika ustawie\u0144 i&nbsp;personalizacj\u0119 interfejsu U\u017cytkownika, np. w&nbsp;zakresie wybranego j\u0119zyka lub regionu, z&nbsp;kt\u00f3rego pochodzi U\u017cytkownik, rozmiaru czcionki, wygl\u0105du strony internetowej itp.;<\/p>\r\n\r\n\r\n\r\n<p>e) \u201ereklamowe\u201d pliki cookies, umo\u017cliwiaj\u0105ce dostarczanie U\u017cytkownikom tre\u015bci reklamowych bardziej dostosowanych do ich zainteresowa\u0144.<\/p>\r\n\r\n\r\n\r\n<p>W wielu przypadkach oprogramowanie s\u0142u\u017c\u0105ce do przegl\u0105dania stron internetowych (przegl\u0105darka internetowa) domy\u015blnie dopuszcza przechowywanie plik\u00f3w cookies w&nbsp;urz\u0105dzeniu ko\u0144cowym U\u017cytkownika. U\u017cytkownicy Serwisu mog\u0105 dokona\u0107 w&nbsp;ka\u017cdym czasie zmiany ustawie\u0144 dotycz\u0105cych plik\u00f3w cookies. Ustawienia te mog\u0105 zosta\u0107 zmienione w&nbsp;szczeg\u00f3lno\u015bci w&nbsp;taki spos\u00f3b, aby blokowa\u0107 automatyczn\u0105 obs\u0142ug\u0119 plik\u00f3w cookies w&nbsp;ustawieniach przegl\u0105darki internetowej b\u0105d\u017a informowa\u0107 o&nbsp;ich ka\u017cdorazowym zamieszczeniu w&nbsp;urz\u0105dzeniu U\u017cytkownika Serwisu. Szczeg\u00f3\u0142owe informacje o&nbsp;mo\u017cliwo\u015bci i&nbsp;sposobach obs\u0142ugi plik\u00f3w cookies dost\u0119pne s\u0105 w&nbsp;ustawieniach oprogramowania (przegl\u0105darki internetowej).<\/p>\r\n\r\n\r\n\r\n<p>Operator Serwisu informuje, \u017ce ograniczenia stosowania plik\u00f3w cookies mog\u0105 wp\u0142yn\u0105\u0107 na niekt\u00f3re funkcjonalno\u015bci dost\u0119pne na stronach internetowych Serwisu.<\/p>\r\n\r\n\r\n\r\n<p>Pliki cookies zamieszczane w&nbsp;urz\u0105dzeniu ko\u0144cowym U\u017cytkownika Serwisu i&nbsp;wykorzystywane mog\u0105 by\u0107 r\u00f3wnie\u017c przez wsp\u00f3\u0142pracuj\u0105cych z&nbsp;operatorem Serwisu reklamodawc\u00f3w oraz partner\u00f3w (Google, Facebook)<\/p>\r\n\r\n\r\n\r\n<p>Wi\u0119cej informacji na temat plik\u00f3w cookies dost\u0119pnych jest w&nbsp;sekcji \u201ePomoc\u201d w&nbsp;menu przegl\u0105darki internetowej.<\/p>\r\n\r\n\r\n\r\n<p><strong>Informacja dotycz\u0105ca us\u0142ugi Google Analytics<\/strong><\/p>\r\n\r\n\r\n\r\n<p>Niniejsza witryna internetowa korzysta z&nbsp;Google Analytics, us\u0142ugi analizy ogl\u0105dalno\u015bci stron internetowych udost\u0119pnianej przez Google, Inc. (\u201cGoogle\u201d). Google Analytics u\u017cywa \u201ccookies\u201d, czyli plik\u00f3w tekstowych umieszczanych na komputerze u\u017cytkownika w&nbsp;celu umo\u017cliwienia witrynie przeanalizowania sposobu, w&nbsp;jaki u\u017cytkownicy z&nbsp;niej korzystaj\u0105. Informacje generowane przez cookie na temat korzystania z&nbsp;witryny przez u\u017cytkownika (w\u0142\u0105cznie z&nbsp;jego adresem IP) b\u0119d\u0105 przekazywane sp\u00f3\u0142ce Google i&nbsp;przechowywane przez ni\u0105 na serwerach w&nbsp;Stanach Zjednoczonych. Google b\u0119dzie korzysta\u0142a z&nbsp;tych informacji w&nbsp;celu oceny korzystania z&nbsp;witryny przez u\u017cytkownika, tworzenia raport\u00f3w dotycz\u0105cych ruchu na stronach dla operator\u00f3w witryn oraz \u015bwiadczenia innych us\u0142ug zwi\u0105zanych z&nbsp;ruchem na witrynach internetowych i&nbsp;korzystaniem z&nbsp;internetu. Google mo\u017ce r\u00f3wnie\u017c przekazywa\u0107 te informacje osobom trzecim, je\u017celi b\u0119dzie zobowi\u0105zana to uczyni\u0107 na podstawie przepis\u00f3w prawa lub w&nbsp;przypadku, gdy osoby te przetwarzaj\u0105 takie informacje w&nbsp;imieniu Google. Google nie b\u0119dzie \u0142\u0105czy\u0142a adresu IP u\u017cytkownika z&nbsp;\u017cadnymi innymi danymi b\u0119d\u0105cymi w&nbsp;jej posiadaniu. U\u017cytkownik mo\u017ce zrezygnowa\u0107 z&nbsp;cookies wybieraj\u0105c odpowiednie ustawienia na przegl\u0105darce, jednak nale\u017cy pami\u0119ta\u0107, \u017ce w&nbsp;takim przypadku korzystanie z&nbsp;wszystkich funkcji witryny mo\u017ce okaza\u0107 si\u0119 niemo\u017cliwe Korzystaj\u0105c z&nbsp;niniejszej witryny internetowej u\u017cytkownik wyra\u017ca zgod\u0119 na przetwarzanie przez Google dotycz\u0105cych go danych w&nbsp;spos\u00f3b i&nbsp;w celach okre\u015blonych powy\u017cej.<\/p>\r\n\r\n\r\n\r\n<p>Us\u0142uga Google Analytics mo\u017ce by\u0107 tak\u017ce wykorzystywana przez Serwis do wy\u015bwietlania w&nbsp;sieci Internet reklam Serwisu z&nbsp;wykorzystaniem remarketingu. U\u017cytkownicy Serwisu mog\u0105 by\u0107 wtedy odbiorcami specjalnie przygotowanych dla nich kampanii informacyjnych i&nbsp;reklamowych w&nbsp;sieci reklamowej firmy Google.<br>W&nbsp;tym celu mog\u0105 zosta\u0107 wykorzystywane pliki cookie firm: Google, DoubleClick do informowania o&nbsp;reklamach, ich optymalizacji i&nbsp;wy\u015bwietlania na podstawie historii odwiedzin u\u017cytkownik\u00f3w Serwisu.<\/p>\r\n\r\n\r\n\r\n<p>W ka\u017cdy momencie mo\u017cna U\u017cytkownik mo\u017ce zablokowa\u0107 us\u0142ug\u0119 Analytics dla reklam oraz dostosowa\u0107 reklamy w\u00a0sieci reklamowej Google w\u00a0<a href=\"https:\/\/www.google.com\/settings\/ads\/onweb\/?hl=pl\">Mened\u017cerze preferencji reklam<\/a>.<\/p>\r\n","protected":false},"excerpt":{"rendered":"<p>Serwis nie zbiera w&nbsp;spos\u00f3b automatyczny \u017cadnych informacji, z&nbsp;wyj\u0105tkiem informacji zawartych w&nbsp;plikach cookies. Pliki cookies (tzw. \u201eciasteczka\u201d) stanowi\u0105 dane informatyczne, w&nbsp;szczeg\u00f3lno\u015bci<\/p>\n","protected":false},"author":1,"featured_media":0,"parent":0,"menu_order":0,"comment_status":"closed","ping_status":"open","template":"","meta":{"_acf_changed":false,"footnotes":""},"class_list":["post-44","page","type-page","status-publish","hentry"],"acf":[],"yoast_head":"<!-- This site is optimized with the Yoast SEO plugin v27.2 - https:\/\/yoast.com\/product\/yoast-seo-wordpress\/ -->\n<title>Informacja o plikach cookie - IRONSKY.PL Sklep z Dronami<\/title>\n<meta name=\"description\" content=\"Informacja o plikach cookie - \u2705 sklep z dronami i fachowym doradztwem. \u2705 Tutaj kupisz produkty DJI, Yuneec, Parrot, Syma i wiele innych, a tak\u017ce kursy i licencje na operatora drona.\" \/>\n<meta name=\"robots\" content=\"index, follow, max-snippet:-1, max-image-preview:large, max-video-preview:-1\" \/>\n<link rel=\"canonical\" href=\"https:\/\/ironsky.pl\/sklep\/informacja-o-plikach-cookie\/\" \/>\n<meta property=\"og:locale\" content=\"pl_PL\" \/>\n<meta property=\"og:type\" content=\"article\" \/>\n<meta property=\"og:title\" content=\"Informacja o plikach cookie - IRONSKY.PL Sklep z Dronami\" \/>\n<meta property=\"og:description\" content=\"Informacja o plikach cookie - \u2705 sklep z dronami i fachowym doradztwem. \u2705 Tutaj kupisz produkty DJI, Yuneec, Parrot, Syma i wiele innych, a tak\u017ce kursy i licencje na operatora drona.\" \/>\n<meta property=\"og:url\" content=\"https:\/\/ironsky.pl\/sklep\/informacja-o-plikach-cookie\/\" \/>\n<meta property=\"og:site_name\" content=\"IRONSKY.PL Sklep z Dronami\" \/>\n<meta name=\"twitter:card\" content=\"summary_large_image\" \/>\n<meta name=\"twitter:label1\" content=\"Szacowany czas czytania\" \/>\n\t<meta name=\"twitter:data1\" content=\"5 minut\" \/>\n<script type=\"application\/ld+json\" class=\"yoast-schema-graph\">{\"@context\":\"https:\/\/schema.org\",\"@graph\":[{\"@type\":\"WebPage\",\"@id\":\"https:\/\/ironsky.pl\/sklep\/informacja-o-plikach-cookie\/\",\"url\":\"https:\/\/ironsky.pl\/sklep\/informacja-o-plikach-cookie\/\",\"name\":\"Informacja o plikach cookie - IRONSKY.PL Sklep z Dronami\",\"isPartOf\":{\"@id\":\"https:\/\/ironsky.pl\/sklep\/#website\"},\"datePublished\":\"2024-07-29T14:13:26+00:00\",\"description\":\"Informacja o plikach cookie - \u2705 sklep z dronami i fachowym doradztwem. \u2705 Tutaj kupisz produkty DJI, Yuneec, Parrot, Syma i wiele innych, a tak\u017ce kursy i licencje na operatora drona.\",\"breadcrumb\":{\"@id\":\"https:\/\/ironsky.pl\/sklep\/informacja-o-plikach-cookie\/#breadcrumb\"},\"inLanguage\":\"pl-PL\",\"potentialAction\":[{\"@type\":\"ReadAction\",\"target\":[\"https:\/\/ironsky.pl\/sklep\/informacja-o-plikach-cookie\/\"]}]},{\"@type\":\"BreadcrumbList\",\"@id\":\"https:\/\/ironsky.pl\/sklep\/informacja-o-plikach-cookie\/#breadcrumb\",\"itemListElement\":[{\"@type\":\"ListItem\",\"position\":1,\"name\":\"Strona g\u0142\u00f3wna\",\"item\":\"https:\/\/ironsky.pl\/sklep\/\"},{\"@type\":\"ListItem\",\"position\":2,\"name\":\"Informacja o plikach cookie\"}]},{\"@type\":\"WebSite\",\"@id\":\"https:\/\/ironsky.pl\/sklep\/#website\",\"url\":\"https:\/\/ironsky.pl\/sklep\/\",\"name\":\"IRONSKY.PL Sklep z Dronami\",\"description\":\"IRONSKY.PL Sklep z Dronami\",\"potentialAction\":[{\"@type\":\"SearchAction\",\"target\":{\"@type\":\"EntryPoint\",\"urlTemplate\":\"https:\/\/ironsky.pl\/sklep\/?s={search_term_string}\"},\"query-input\":{\"@type\":\"PropertyValueSpecification\",\"valueRequired\":true,\"valueName\":\"search_term_string\"}}],\"inLanguage\":\"pl-PL\"}]}<\/script>\n<!-- \/ Yoast SEO plugin. -->","yoast_head_json":{"title":"Informacja o plikach cookie - IRONSKY.PL Sklep z Dronami","description":"Informacja o plikach cookie - \u2705 sklep z dronami i fachowym doradztwem. \u2705 Tutaj kupisz produkty DJI, Yuneec, Parrot, Syma i wiele innych, a tak\u017ce kursy i licencje na operatora drona.","robots":{"index":"index","follow":"follow","max-snippet":"max-snippet:-1","max-image-preview":"max-image-preview:large","max-video-preview":"max-video-preview:-1"},"canonical":"https:\/\/ironsky.pl\/sklep\/informacja-o-plikach-cookie\/","og_locale":"pl_PL","og_type":"article","og_title":"Informacja o plikach cookie - IRONSKY.PL Sklep z Dronami","og_description":"Informacja o plikach cookie - \u2705 sklep z dronami i fachowym doradztwem. \u2705 Tutaj kupisz produkty DJI, Yuneec, Parrot, Syma i wiele innych, a tak\u017ce kursy i licencje na operatora drona.","og_url":"https:\/\/ironsky.pl\/sklep\/informacja-o-plikach-cookie\/","og_site_name":"IRONSKY.PL Sklep z Dronami","twitter_card":"summary_large_image","twitter_misc":{"Szacowany czas czytania":"5 minut"},"schema":{"@context":"https:\/\/schema.org","@graph":[{"@type":"WebPage","@id":"https:\/\/ironsky.pl\/sklep\/informacja-o-plikach-cookie\/","url":"https:\/\/ironsky.pl\/sklep\/informacja-o-plikach-cookie\/","name":"Informacja o plikach cookie - IRONSKY.PL Sklep z Dronami","isPartOf":{"@id":"https:\/\/ironsky.pl\/sklep\/#website"},"datePublished":"2024-07-29T14:13:26+00:00","description":"Informacja o plikach cookie - \u2705 sklep z dronami i fachowym doradztwem. \u2705 Tutaj kupisz produkty DJI, Yuneec, Parrot, Syma i wiele innych, a tak\u017ce kursy i licencje na operatora drona.","breadcrumb":{"@id":"https:\/\/ironsky.pl\/sklep\/informacja-o-plikach-cookie\/#breadcrumb"},"inLanguage":"pl-PL","potentialAction":[{"@type":"ReadAction","target":["https:\/\/ironsky.pl\/sklep\/informacja-o-plikach-cookie\/"]}]},{"@type":"BreadcrumbList","@id":"https:\/\/ironsky.pl\/sklep\/informacja-o-plikach-cookie\/#breadcrumb","itemListElement":[{"@type":"ListItem","position":1,"name":"Strona g\u0142\u00f3wna","item":"https:\/\/ironsky.pl\/sklep\/"},{"@type":"ListItem","position":2,"name":"Informacja o plikach cookie"}]},{"@type":"WebSite","@id":"https:\/\/ironsky.pl\/sklep\/#website","url":"https:\/\/ironsky.pl\/sklep\/","name":"IRONSKY.PL Sklep z Dronami","description":"IRONSKY.PL Sklep z Dronami","potentialAction":[{"@type":"SearchAction","target":{"@type":"EntryPoint","urlTemplate":"https:\/\/ironsky.pl\/sklep\/?s={search_term_string}"},"query-input":{"@type":"PropertyValueSpecification","valueRequired":true,"valueName":"search_term_string"}}],"inLanguage":"pl-PL"}]}},"_links":{"self":[{"href":"https:\/\/ironsky.pl\/sklep\/wp-json\/wp\/v2\/pages\/44","targetHints":{"allow":["GET"]}}],"collection":[{"href":"https:\/\/ironsky.pl\/sklep\/wp-json\/wp\/v2\/pages"}],"about":[{"href":"https:\/\/ironsky.pl\/sklep\/wp-json\/wp\/v2\/types\/page"}],"author":[{"embeddable":true,"href":"https:\/\/ironsky.pl\/sklep\/wp-json\/wp\/v2\/users\/1"}],"replies":[{"embeddable":true,"href":"https:\/\/ironsky.pl\/sklep\/wp-json\/wp\/v2\/comments?post=44"}],"version-history":[{"count":1,"href":"https:\/\/ironsky.pl\/sklep\/wp-json\/wp\/v2\/pages\/44\/revisions"}],"predecessor-version":[{"id":45,"href":"https:\/\/ironsky.pl\/sklep\/wp-json\/wp\/v2\/pages\/44\/revisions\/45"}],"wp:attachment":[{"href":"https:\/\/ironsky.pl\/sklep\/wp-json\/wp\/v2\/media?parent=44"}],"curies":[{"name":"wp","href":"https:\/\/api.w.org\/{rel}","templated":true}]}}